{"id":96684,"date":"2026-02-27T08:29:22","date_gmt":"2026-02-27T07:29:22","guid":{"rendered":"https:\/\/www.ohis.be\/produit\/kabelschijf-dmr10-270-13-set\/"},"modified":"2026-03-03T09:44:28","modified_gmt":"2026-03-03T08:44:28","slug":"kabelschijf-dmr10-270-13-set","status":"publish","type":"product","link":"https:\/\/www.ohis.be\/nl\/produit\/kabelschijf-dmr10-270-13-set\/","title":{"rendered":"kabelschijf DMR10 270 13 set"},"content":{"rendered":"<style>\na {\n    text-decoration: none;\n    color: #464feb;\n}\ntr th, tr td {\n    border: 1px solid #e6e6e6;\n}\ntr th {\n    background-color: #f5f5f5;\n}\n<\/style>\n<div>\n<h3><strong>Technische details<\/strong><\/h3>\n<ul>\n<li><strong>Diameter katrol :<\/strong> 311 mm<\/li>\n<li><strong>Steekdiameter :<\/strong> 284 mm<\/li>\n<li><strong>Diameter kabel :<\/strong> 13 mm<\/li>\n<li>Lager inbegrepen: Ja<\/li>\n<\/ul>\n<\/div>\n","protected":false},"excerpt":{"rendered":"<style>\na {\n    text-decoration: none;\n    color: #464feb;\n}\ntr th, tr td {\n    border: 1px solid #e6e6e6;\n}\ntr th {\n    background-color: #f5f5f5;\n}\n<\/style>\n<div>\n<h3><strong>Caract\u00e9ristiques techniques<\/strong><\/h3>\n<ul>\n<li><strong>Diameter katrol :<\/strong> 311 mm<\/li>\n<li><strong>Steekdiameter :<\/strong> 284 mm<\/li>\n<li><strong>Diameter kabel :<\/strong> 13 mm<\/li>\n<li>Lager inbegrepen: Ja<\/li>\n<\/ul>\n<\/div>\n","protected":false},"featured_media":96461,"template":"","meta":{"_acf_changed":false,"inline_featured_image":false},"product_brand":[],"product_cat":[366],"product_tag":[3634,764],"class_list":{"0":"post-96684","1":"product","2":"type-product","3":"status-publish","4":"has-post-thumbnail","6":"product_cat-demag-dmr-nl","7":"product_tag-dmr10-nl","8":"product_tag-ekdmr10-nl","9":"yith_product_brand-demag-nl","11":"first","12":"onbackorder","13":"taxable","14":"shipping-taxable","15":"purchasable","16":"product-type-simple"},"acf":[],"yoast_head":"<!-- This site is optimized with the Yoast SEO plugin v27.4 - https:\/\/yoast.com\/product\/yoast-seo-wordpress\/ -->\n<title>kabelschijf DMR10 270 13 set - Ohis<\/title>\n<meta name=\"robots\" content=\"index, follow, max-snippet:-1, max-image-preview:large, max-video-preview:-1\" \/>\n<link rel=\"canonical\" href=\"https:\/\/www.ohis.be\/nl\/produit\/kabelschijf-dmr10-270-13-set\/\" \/>\n<meta property=\"og:locale\" content=\"nl_NL\" \/>\n<meta property=\"og:type\" content=\"article\" \/>\n<meta property=\"og:title\" content=\"kabelschijf DMR10 270 13 set - Ohis\" \/>\n<meta property=\"og:description\" content=\"Caract\u00e9ristiques techniques  Diameter katrol : 311 mm  Steekdiameter : 284 mm  Diameter kabel : 13 mm  Lager inbegrepen: Ja\" \/>\n<meta property=\"og:url\" content=\"https:\/\/www.ohis.be\/nl\/produit\/kabelschijf-dmr10-270-13-set\/\" \/>\n<meta property=\"og:site_name\" content=\"Ohis\" \/>\n<meta property=\"article:modified_time\" content=\"2026-03-03T08:44:28+00:00\" \/>\n<meta property=\"og:image\" content=\"https:\/\/www.ohis.be\/wp-content\/uploads\/2026\/02\/g_91270133-scaled.jpg\" \/>\n\t<meta property=\"og:image:width\" content=\"2560\" \/>\n\t<meta property=\"og:image:height\" content=\"1920\" \/>\n\t<meta property=\"og:image:type\" content=\"image\/jpeg\" \/>\n<meta name=\"twitter:card\" content=\"summary_large_image\" \/>\n<script type=\"application\/ld+json\" class=\"yoast-schema-graph\">{\"@context\":\"https:\\\/\\\/schema.org\",\"@graph\":[{\"@type\":\"WebPage\",\"@id\":\"https:\\\/\\\/www.ohis.be\\\/nl\\\/produit\\\/kabelschijf-dmr10-270-13-set\\\/\",\"url\":\"https:\\\/\\\/www.ohis.be\\\/nl\\\/produit\\\/kabelschijf-dmr10-270-13-set\\\/\",\"name\":\"kabelschijf DMR10 270 13 set - Ohis\",\"isPartOf\":{\"@id\":\"https:\\\/\\\/www.ohis.be\\\/#website\"},\"primaryImageOfPage\":{\"@id\":\"https:\\\/\\\/www.ohis.be\\\/nl\\\/produit\\\/kabelschijf-dmr10-270-13-set\\\/#primaryimage\"},\"image\":{\"@id\":\"https:\\\/\\\/www.ohis.be\\\/nl\\\/produit\\\/kabelschijf-dmr10-270-13-set\\\/#primaryimage\"},\"thumbnailUrl\":\"https:\\\/\\\/www.ohis.be\\\/wp-content\\\/uploads\\\/2026\\\/02\\\/g_91270133-scaled.jpg\",\"datePublished\":\"2026-02-27T07:29:22+00:00\",\"dateModified\":\"2026-03-03T08:44:28+00:00\",\"breadcrumb\":{\"@id\":\"https:\\\/\\\/www.ohis.be\\\/nl\\\/produit\\\/kabelschijf-dmr10-270-13-set\\\/#breadcrumb\"},\"inLanguage\":\"nl-NL\",\"potentialAction\":[{\"@type\":\"ReadAction\",\"target\":[\"https:\\\/\\\/www.ohis.be\\\/nl\\\/produit\\\/kabelschijf-dmr10-270-13-set\\\/\"]}]},{\"@type\":\"ImageObject\",\"inLanguage\":\"nl-NL\",\"@id\":\"https:\\\/\\\/www.ohis.be\\\/nl\\\/produit\\\/kabelschijf-dmr10-270-13-set\\\/#primaryimage\",\"url\":\"https:\\\/\\\/www.ohis.be\\\/wp-content\\\/uploads\\\/2026\\\/02\\\/g_91270133-scaled.jpg\",\"contentUrl\":\"https:\\\/\\\/www.ohis.be\\\/wp-content\\\/uploads\\\/2026\\\/02\\\/g_91270133-scaled.jpg\",\"width\":2560,\"height\":1920,\"caption\":\"Caract\u00e9ristiques techniques Diam\u00e8tre de la poulie : 311 mm Diam\u00e8tre primitif : 284 mm Diam\u00e8tre du c\u00e2ble compatible : 13 mm Roulement inclus : Oui\"},{\"@type\":\"BreadcrumbList\",\"@id\":\"https:\\\/\\\/www.ohis.be\\\/nl\\\/produit\\\/kabelschijf-dmr10-270-13-set\\\/#breadcrumb\",\"itemListElement\":[{\"@type\":\"ListItem\",\"position\":1,\"name\":\"Accueil\",\"item\":\"https:\\\/\\\/www.ohis.be\\\/nl\\\/\"},{\"@type\":\"ListItem\",\"position\":2,\"name\":\"Producten\",\"item\":\"https:\\\/\\\/www.ohis.be\\\/nl\\\/producten\\\/\"},{\"@type\":\"ListItem\",\"position\":3,\"name\":\"kabelschijf DMR10 270 13 set\"}]},{\"@type\":\"WebSite\",\"@id\":\"https:\\\/\\\/www.ohis.be\\\/#website\",\"url\":\"https:\\\/\\\/www.ohis.be\\\/\",\"name\":\"Ohis\",\"description\":\"Outils de levage\",\"publisher\":{\"@id\":\"https:\\\/\\\/www.ohis.be\\\/#organization\"},\"potentialAction\":[{\"@type\":\"SearchAction\",\"target\":{\"@type\":\"EntryPoint\",\"urlTemplate\":\"https:\\\/\\\/www.ohis.be\\\/?s={search_term_string}\"},\"query-input\":{\"@type\":\"PropertyValueSpecification\",\"valueRequired\":true,\"valueName\":\"search_term_string\"}}],\"inLanguage\":\"nl-NL\"},{\"@type\":\"Organization\",\"@id\":\"https:\\\/\\\/www.ohis.be\\\/#organization\",\"name\":\"Ohis\",\"url\":\"https:\\\/\\\/www.ohis.be\\\/\",\"logo\":{\"@type\":\"ImageObject\",\"inLanguage\":\"nl-NL\",\"@id\":\"https:\\\/\\\/www.ohis.be\\\/#\\\/schema\\\/logo\\\/image\\\/\",\"url\":\"https:\\\/\\\/www.ohis.be\\\/wp-content\\\/uploads\\\/2021\\\/02\\\/logo-ohis-wit.svg\",\"contentUrl\":\"https:\\\/\\\/www.ohis.be\\\/wp-content\\\/uploads\\\/2021\\\/02\\\/logo-ohis-wit.svg\",\"caption\":\"Ohis\"},\"image\":{\"@id\":\"https:\\\/\\\/www.ohis.be\\\/#\\\/schema\\\/logo\\\/image\\\/\"}}]}<\/script>\n<!-- \/ Yoast SEO plugin. -->","yoast_head_json":{"title":"kabelschijf DMR10 270 13 set - Ohis","robots":{"index":"index","follow":"follow","max-snippet":"max-snippet:-1","max-image-preview":"max-image-preview:large","max-video-preview":"max-video-preview:-1"},"canonical":"https:\/\/www.ohis.be\/nl\/produit\/kabelschijf-dmr10-270-13-set\/","og_locale":"nl_NL","og_type":"article","og_title":"kabelschijf DMR10 270 13 set - Ohis","og_description":"Caract\u00e9ristiques techniques  Diameter katrol : 311 mm  Steekdiameter : 284 mm  Diameter kabel : 13 mm  Lager inbegrepen: Ja","og_url":"https:\/\/www.ohis.be\/nl\/produit\/kabelschijf-dmr10-270-13-set\/","og_site_name":"Ohis","article_modified_time":"2026-03-03T08:44:28+00:00","og_image":[{"width":2560,"height":1920,"url":"https:\/\/www.ohis.be\/wp-content\/uploads\/2026\/02\/g_91270133-scaled.jpg","type":"image\/jpeg"}],"twitter_card":"summary_large_image","schema":{"@context":"https:\/\/schema.org","@graph":[{"@type":"WebPage","@id":"https:\/\/www.ohis.be\/nl\/produit\/kabelschijf-dmr10-270-13-set\/","url":"https:\/\/www.ohis.be\/nl\/produit\/kabelschijf-dmr10-270-13-set\/","name":"kabelschijf DMR10 270 13 set - Ohis","isPartOf":{"@id":"https:\/\/www.ohis.be\/#website"},"primaryImageOfPage":{"@id":"https:\/\/www.ohis.be\/nl\/produit\/kabelschijf-dmr10-270-13-set\/#primaryimage"},"image":{"@id":"https:\/\/www.ohis.be\/nl\/produit\/kabelschijf-dmr10-270-13-set\/#primaryimage"},"thumbnailUrl":"https:\/\/www.ohis.be\/wp-content\/uploads\/2026\/02\/g_91270133-scaled.jpg","datePublished":"2026-02-27T07:29:22+00:00","dateModified":"2026-03-03T08:44:28+00:00","breadcrumb":{"@id":"https:\/\/www.ohis.be\/nl\/produit\/kabelschijf-dmr10-270-13-set\/#breadcrumb"},"inLanguage":"nl-NL","potentialAction":[{"@type":"ReadAction","target":["https:\/\/www.ohis.be\/nl\/produit\/kabelschijf-dmr10-270-13-set\/"]}]},{"@type":"ImageObject","inLanguage":"nl-NL","@id":"https:\/\/www.ohis.be\/nl\/produit\/kabelschijf-dmr10-270-13-set\/#primaryimage","url":"https:\/\/www.ohis.be\/wp-content\/uploads\/2026\/02\/g_91270133-scaled.jpg","contentUrl":"https:\/\/www.ohis.be\/wp-content\/uploads\/2026\/02\/g_91270133-scaled.jpg","width":2560,"height":1920,"caption":"Caract\u00e9ristiques techniques Diam\u00e8tre de la poulie : 311 mm Diam\u00e8tre primitif : 284 mm Diam\u00e8tre du c\u00e2ble compatible : 13 mm Roulement inclus : Oui"},{"@type":"BreadcrumbList","@id":"https:\/\/www.ohis.be\/nl\/produit\/kabelschijf-dmr10-270-13-set\/#breadcrumb","itemListElement":[{"@type":"ListItem","position":1,"name":"Accueil","item":"https:\/\/www.ohis.be\/nl\/"},{"@type":"ListItem","position":2,"name":"Producten","item":"https:\/\/www.ohis.be\/nl\/producten\/"},{"@type":"ListItem","position":3,"name":"kabelschijf DMR10 270 13 set"}]},{"@type":"WebSite","@id":"https:\/\/www.ohis.be\/#website","url":"https:\/\/www.ohis.be\/","name":"Ohis","description":"Outils de levage","publisher":{"@id":"https:\/\/www.ohis.be\/#organization"},"potentialAction":[{"@type":"SearchAction","target":{"@type":"EntryPoint","urlTemplate":"https:\/\/www.ohis.be\/?s={search_term_string}"},"query-input":{"@type":"PropertyValueSpecification","valueRequired":true,"valueName":"search_term_string"}}],"inLanguage":"nl-NL"},{"@type":"Organization","@id":"https:\/\/www.ohis.be\/#organization","name":"Ohis","url":"https:\/\/www.ohis.be\/","logo":{"@type":"ImageObject","inLanguage":"nl-NL","@id":"https:\/\/www.ohis.be\/#\/schema\/logo\/image\/","url":"https:\/\/www.ohis.be\/wp-content\/uploads\/2021\/02\/logo-ohis-wit.svg","contentUrl":"https:\/\/www.ohis.be\/wp-content\/uploads\/2021\/02\/logo-ohis-wit.svg","caption":"Ohis"},"image":{"@id":"https:\/\/www.ohis.be\/#\/schema\/logo\/image\/"}}]}},"_links":{"self":[{"href":"https:\/\/www.ohis.be\/nl\/wp-json\/wp\/v2\/product\/96684","targetHints":{"allow":["GET"]}}],"collection":[{"href":"https:\/\/www.ohis.be\/nl\/wp-json\/wp\/v2\/product"}],"about":[{"href":"https:\/\/www.ohis.be\/nl\/wp-json\/wp\/v2\/types\/product"}],"wp:featuredmedia":[{"embeddable":true,"href":"https:\/\/www.ohis.be\/nl\/wp-json\/wp\/v2\/media\/96461"}],"wp:attachment":[{"href":"https:\/\/www.ohis.be\/nl\/wp-json\/wp\/v2\/media?parent=96684"}],"wp:term":[{"taxonomy":"product_brand","embeddable":true,"href":"https:\/\/www.ohis.be\/nl\/wp-json\/wp\/v2\/product_brand?post=96684"},{"taxonomy":"product_cat","embeddable":true,"href":"https:\/\/www.ohis.be\/nl\/wp-json\/wp\/v2\/product_cat?post=96684"},{"taxonomy":"product_tag","embeddable":true,"href":"https:\/\/www.ohis.be\/nl\/wp-json\/wp\/v2\/product_tag?post=96684"}],"curies":[{"name":"wp","href":"https:\/\/api.w.org\/{rel}","templated":true}]}}