{"id":61178,"date":"2024-10-14T16:35:19","date_gmt":"2024-10-14T14:35:19","guid":{"rendered":"https:\/\/www.ohis.be\/produit\/yale-batterystar-kit-de-base\/"},"modified":"2024-10-14T16:35:19","modified_gmt":"2024-10-14T14:35:19","slug":"yale-batterystar-kit-de-base","status":"publish","type":"product","link":"https:\/\/www.ohis.be\/nl\/produit\/yale-batterystar-kit-de-base\/","title":{"rendered":"Yale BatteryStar &#8211; Kit de base"},"content":{"rendered":"<p>De Yale BatteryStar stelt nieuwe normen door een ongekende combinatie van kracht, flexibiliteit en mobiliteit te bieden. Het is de eerste batterij-aangedreven kettingtakel in zijn soort, die in staat is zware lasten te hijsen terwijl hij compact en robuust blijft.<\/p>\n<p>Of het nu gaat om bouwwerven, montagewerkzaamheden of buitenevenementen, de Yale BatteryStar, met een draagvermogen tot 1.000 kg, voldoet aan de behoeften van een breed scala aan toepassingen.<\/p>\n<p>&nbsp;<\/p>\n<p><strong>Tijdbesparend en veilig :<\/strong><\/p>\n<ul>\n<li>Klaar voor onmiddellijk gebruik dankzij de oplaadbare batterij.<\/li>\n<li>Geen bedrading of elektrische aansluiting nodig.<\/li>\n<li>Met afstandsbediening voor eenvoudige besturing.<\/li>\n<li>\u00a0Ge\u00efntegreerde veiligheidsvoorzieningen beschermen tegen overbelasting, oververhitting en slecht weer.<\/li>\n<li>Veelzijdig gebruik in verschillende posities (standaard, omgekeerd of horizontaal).<\/li>\n<\/ul>\n<p>&nbsp;<\/p>\n<p><strong><em>Inclusief:<\/em><\/strong><\/p>\n<p>1x Yale BatteryStar (6m kettingloop)<\/p>\n<p>1x kettingopvangzak<\/p>\n<p>1x afstandsbediening<\/p>\n","protected":false},"excerpt":{"rendered":"<p>De Yale BatteryStar stelt nieuwe normen door een ongekende combinatie van kracht, flexibiliteit en mobiliteit te bieden. Het is de eerste batterij-aangedreven kettingtakel in zijn soort, die in staat is zware lasten te hijsen terwijl hij compact en robuust blijft.<\/p>\n<p>Of het nu gaat om bouwwerven, montagewerkzaamheden of buitenevenementen, de Yale BatteryStar, met een draagvermogen tot 1.000 kg, voldoet aan de behoeften van een breed scala aan toepassingen.<\/p>\n<p>&nbsp;<\/p>\n<p><strong>Tijdbesparend en veilig :<\/strong><\/p>\n<ul>\n<li>Klaar voor onmiddellijk gebruik dankzij de oplaadbare batterij.<\/li>\n<li>Geen bedrading of elektrische aansluiting nodig.<\/li>\n<li>Met afstandsbediening voor eenvoudige besturing.<\/li>\n<li>\u00a0Ge\u00efntegreerde veiligheidsvoorzieningen beschermen tegen overbelasting, oververhitting en slecht weer.<\/li>\n<li>Veelzijdig gebruik in verschillende posities (standaard, omgekeerd of horizontaal).<\/li>\n<\/ul>\n<p>&nbsp;<\/p>\n<p><strong><em>Inclusief:<\/em><\/strong><\/p>\n<p>1x Yale BatteryStar (6m kettingloop)<\/p>\n<p>1x kettingopvangzak<\/p>\n<p>1x afstandsbediening<\/p>\n","protected":false},"featured_media":60869,"template":"","meta":{"_acf_changed":false,"inline_featured_image":false},"product_brand":[],"product_cat":[4251],"product_tag":[],"class_list":{"0":"post-61178","1":"product","2":"type-product","3":"status-publish","4":"has-post-thumbnail","6":"product_cat-elektrische-kettingtakel-op-batterij","7":"yith_product_brand-yale-nl","9":"first","10":"onbackorder","11":"taxable","12":"shipping-taxable","13":"purchasable","14":"product-type-simple"},"acf":[],"yoast_head":"<!-- This site is optimized with the Yoast SEO plugin v27.5 - https:\/\/yoast.com\/product\/yoast-seo-wordpress\/ -->\n<title>Yale BatteryStar - Kit de base - Ohis<\/title>\n<meta name=\"robots\" content=\"index, follow, max-snippet:-1, max-image-preview:large, max-video-preview:-1\" \/>\n<link rel=\"canonical\" href=\"https:\/\/www.ohis.be\/nl\/produit\/yale-batterystar-kit-de-base\/\" \/>\n<meta property=\"og:locale\" content=\"nl_NL\" \/>\n<meta property=\"og:type\" content=\"article\" \/>\n<meta property=\"og:title\" content=\"Yale BatteryStar - Kit de base - Ohis\" \/>\n<meta property=\"og:description\" content=\"De Yale BatteryStar stelt nieuwe normen door een ongekende combinatie van kracht, flexibiliteit en mobiliteit te bieden. Het is de eerste batterij-aangedreven kettingtakel in zijn soort, die in staat is zware lasten te hijsen terwijl hij compact en robuust blijft.  Of het nu gaat om bouwwerven, montagewerkzaamheden of buitenevenementen, de Yale BatteryStar, met een draagvermogen tot 1.000 kg, voldoet aan de behoeften van een breed scala aan toepassingen.  &nbsp;  Tijdbesparend en veilig :   Klaar voor onmiddellijk gebruik dankzij de oplaadbare batterij.  Geen bedrading of elektrische aansluiting nodig.  Met afstandsbediening voor eenvoudige besturing.  \u00a0Ge\u00efntegreerde veiligheidsvoorzieningen beschermen tegen overbelasting, oververhitting en slecht weer.  Veelzijdig gebruik in verschillende posities (standaard, omgekeerd of horizontaal).  &nbsp;  Inclusief:  1x Yale BatteryStar (6m kettingloop)  1x kettingopvangzak  1x afstandsbediening\" \/>\n<meta property=\"og:url\" content=\"https:\/\/www.ohis.be\/nl\/produit\/yale-batterystar-kit-de-base\/\" \/>\n<meta property=\"og:site_name\" content=\"Ohis\" \/>\n<meta property=\"og:image\" content=\"https:\/\/www.ohis.be\/wp-content\/uploads\/2024\/10\/akku-kettenzug-yale-batterystar-basic-kit.jpg\" \/>\n\t<meta property=\"og:image:width\" content=\"800\" \/>\n\t<meta property=\"og:image:height\" content=\"533\" \/>\n\t<meta property=\"og:image:type\" content=\"image\/jpeg\" \/>\n<meta name=\"twitter:card\" content=\"summary_large_image\" \/>\n<meta name=\"twitter:label1\" content=\"Geschatte leestijd\" \/>\n\t<meta name=\"twitter:data1\" content=\"1 minuut\" \/>\n<script type=\"application\/ld+json\" class=\"yoast-schema-graph\">{\"@context\":\"https:\\\/\\\/schema.org\",\"@graph\":[{\"@type\":\"WebPage\",\"@id\":\"https:\\\/\\\/www.ohis.be\\\/nl\\\/produit\\\/yale-batterystar-kit-de-base\\\/\",\"url\":\"https:\\\/\\\/www.ohis.be\\\/nl\\\/produit\\\/yale-batterystar-kit-de-base\\\/\",\"name\":\"Yale BatteryStar - Kit de base - Ohis\",\"isPartOf\":{\"@id\":\"https:\\\/\\\/www.ohis.be\\\/nl\\\/#website\"},\"primaryImageOfPage\":{\"@id\":\"https:\\\/\\\/www.ohis.be\\\/nl\\\/produit\\\/yale-batterystar-kit-de-base\\\/#primaryimage\"},\"image\":{\"@id\":\"https:\\\/\\\/www.ohis.be\\\/nl\\\/produit\\\/yale-batterystar-kit-de-base\\\/#primaryimage\"},\"thumbnailUrl\":\"https:\\\/\\\/www.ohis.be\\\/wp-content\\\/uploads\\\/2024\\\/10\\\/akku-kettenzug-yale-batterystar-basic-kit.jpg\",\"datePublished\":\"2024-10-14T14:35:19+00:00\",\"breadcrumb\":{\"@id\":\"https:\\\/\\\/www.ohis.be\\\/nl\\\/produit\\\/yale-batterystar-kit-de-base\\\/#breadcrumb\"},\"inLanguage\":\"nl-NL\",\"potentialAction\":[{\"@type\":\"ReadAction\",\"target\":[\"https:\\\/\\\/www.ohis.be\\\/nl\\\/produit\\\/yale-batterystar-kit-de-base\\\/\"]}]},{\"@type\":\"ImageObject\",\"inLanguage\":\"nl-NL\",\"@id\":\"https:\\\/\\\/www.ohis.be\\\/nl\\\/produit\\\/yale-batterystar-kit-de-base\\\/#primaryimage\",\"url\":\"https:\\\/\\\/www.ohis.be\\\/wp-content\\\/uploads\\\/2024\\\/10\\\/akku-kettenzug-yale-batterystar-basic-kit.jpg\",\"contentUrl\":\"https:\\\/\\\/www.ohis.be\\\/wp-content\\\/uploads\\\/2024\\\/10\\\/akku-kettenzug-yale-batterystar-basic-kit.jpg\",\"width\":800,\"height\":533,\"caption\":\"Le Yale BatteryStar \u00e9tablit de nouvelles normes en offrant une combinaison in\u00e9dite de puissance, flexibilit\u00e9 et mobilit\u00e9. C'est le premier palan \u00e0 cha\u00eene \u00e0 batterie de ce type, capable de soulever des charges importantes tout en restant compact et robuste.Que ce soit sur les chantiers, lors de montages ou pendant des \u00e9v\u00e9nements en plein air, le Yale BatteryStar, avec une capacit\u00e9 de charge allant jusqu'\u00e0 1 000 kg, r\u00e9pond aux besoins d'un large \u00e9ventail d'applications.Gains de temps et s\u00e9curit\u00e9 : \u2022 Pr\u00eat \u00e0 l'emploi imm\u00e9diatement gr\u00e2ce \u00e0 sa batterie rechargeable. \u2022 Aucun c\u00e2blage ou connexion \u00e9lectrique n\u00e9cessaire. \u2022 Utilisation \u00e0 distance facilit\u00e9e par la radiocommande. \u2022 Des dispositifs de s\u00e9curit\u00e9 int\u00e9gr\u00e9s prot\u00e8gent contre les surcharges, la surchauffe et les intemp\u00e9ries. \u2022 Utilisation polyvalente dans diff\u00e9rentes positions (standard, invers\u00e9e ou horizontale).&nbsp;La fourniture comprend:1x Yale BatteryStar1x sac collecteur \u00e0 cha\u00eene1x t\u00e9l\u00e9commande\"},{\"@type\":\"BreadcrumbList\",\"@id\":\"https:\\\/\\\/www.ohis.be\\\/nl\\\/produit\\\/yale-batterystar-kit-de-base\\\/#breadcrumb\",\"itemListElement\":[{\"@type\":\"ListItem\",\"position\":1,\"name\":\"Accueil\",\"item\":\"https:\\\/\\\/www.ohis.be\\\/nl\\\/\"},{\"@type\":\"ListItem\",\"position\":2,\"name\":\"Producten\",\"item\":\"https:\\\/\\\/www.ohis.be\\\/nl\\\/producten\\\/\"},{\"@type\":\"ListItem\",\"position\":3,\"name\":\"Yale BatteryStar &#8211; Kit de base\"}]},{\"@type\":\"WebSite\",\"@id\":\"https:\\\/\\\/www.ohis.be\\\/nl\\\/#website\",\"url\":\"https:\\\/\\\/www.ohis.be\\\/nl\\\/\",\"name\":\"Ohis\",\"description\":\"Outils de levage\",\"publisher\":{\"@id\":\"https:\\\/\\\/www.ohis.be\\\/nl\\\/#organization\"},\"potentialAction\":[{\"@type\":\"SearchAction\",\"target\":{\"@type\":\"EntryPoint\",\"urlTemplate\":\"https:\\\/\\\/www.ohis.be\\\/nl\\\/?s={search_term_string}\"},\"query-input\":{\"@type\":\"PropertyValueSpecification\",\"valueRequired\":true,\"valueName\":\"search_term_string\"}}],\"inLanguage\":\"nl-NL\"},{\"@type\":\"Organization\",\"@id\":\"https:\\\/\\\/www.ohis.be\\\/nl\\\/#organization\",\"name\":\"Ohis\",\"url\":\"https:\\\/\\\/www.ohis.be\\\/nl\\\/\",\"logo\":{\"@type\":\"ImageObject\",\"inLanguage\":\"nl-NL\",\"@id\":\"https:\\\/\\\/www.ohis.be\\\/nl\\\/#\\\/schema\\\/logo\\\/image\\\/\",\"url\":\"https:\\\/\\\/www.ohis.be\\\/wp-content\\\/uploads\\\/2021\\\/02\\\/logo-ohis-wit.svg\",\"contentUrl\":\"https:\\\/\\\/www.ohis.be\\\/wp-content\\\/uploads\\\/2021\\\/02\\\/logo-ohis-wit.svg\",\"caption\":\"Ohis\"},\"image\":{\"@id\":\"https:\\\/\\\/www.ohis.be\\\/nl\\\/#\\\/schema\\\/logo\\\/image\\\/\"}}]}<\/script>\n<!-- \/ Yoast SEO plugin. -->","yoast_head_json":{"title":"Yale BatteryStar - Kit de base - Ohis","robots":{"index":"index","follow":"follow","max-snippet":"max-snippet:-1","max-image-preview":"max-image-preview:large","max-video-preview":"max-video-preview:-1"},"canonical":"https:\/\/www.ohis.be\/nl\/produit\/yale-batterystar-kit-de-base\/","og_locale":"nl_NL","og_type":"article","og_title":"Yale BatteryStar - Kit de base - Ohis","og_description":"De Yale BatteryStar stelt nieuwe normen door een ongekende combinatie van kracht, flexibiliteit en mobiliteit te bieden. Het is de eerste batterij-aangedreven kettingtakel in zijn soort, die in staat is zware lasten te hijsen terwijl hij compact en robuust blijft.  Of het nu gaat om bouwwerven, montagewerkzaamheden of buitenevenementen, de Yale BatteryStar, met een draagvermogen tot 1.000 kg, voldoet aan de behoeften van een breed scala aan toepassingen.  &nbsp;  Tijdbesparend en veilig :   Klaar voor onmiddellijk gebruik dankzij de oplaadbare batterij.  Geen bedrading of elektrische aansluiting nodig.  Met afstandsbediening voor eenvoudige besturing.  \u00a0Ge\u00efntegreerde veiligheidsvoorzieningen beschermen tegen overbelasting, oververhitting en slecht weer.  Veelzijdig gebruik in verschillende posities (standaard, omgekeerd of horizontaal).  &nbsp;  Inclusief:  1x Yale BatteryStar (6m kettingloop)  1x kettingopvangzak  1x afstandsbediening","og_url":"https:\/\/www.ohis.be\/nl\/produit\/yale-batterystar-kit-de-base\/","og_site_name":"Ohis","og_image":[{"width":800,"height":533,"url":"https:\/\/www.ohis.be\/wp-content\/uploads\/2024\/10\/akku-kettenzug-yale-batterystar-basic-kit.jpg","type":"image\/jpeg"}],"twitter_card":"summary_large_image","twitter_misc":{"Geschatte leestijd":"1 minuut"},"schema":{"@context":"https:\/\/schema.org","@graph":[{"@type":"WebPage","@id":"https:\/\/www.ohis.be\/nl\/produit\/yale-batterystar-kit-de-base\/","url":"https:\/\/www.ohis.be\/nl\/produit\/yale-batterystar-kit-de-base\/","name":"Yale BatteryStar - Kit de base - Ohis","isPartOf":{"@id":"https:\/\/www.ohis.be\/nl\/#website"},"primaryImageOfPage":{"@id":"https:\/\/www.ohis.be\/nl\/produit\/yale-batterystar-kit-de-base\/#primaryimage"},"image":{"@id":"https:\/\/www.ohis.be\/nl\/produit\/yale-batterystar-kit-de-base\/#primaryimage"},"thumbnailUrl":"https:\/\/www.ohis.be\/wp-content\/uploads\/2024\/10\/akku-kettenzug-yale-batterystar-basic-kit.jpg","datePublished":"2024-10-14T14:35:19+00:00","breadcrumb":{"@id":"https:\/\/www.ohis.be\/nl\/produit\/yale-batterystar-kit-de-base\/#breadcrumb"},"inLanguage":"nl-NL","potentialAction":[{"@type":"ReadAction","target":["https:\/\/www.ohis.be\/nl\/produit\/yale-batterystar-kit-de-base\/"]}]},{"@type":"ImageObject","inLanguage":"nl-NL","@id":"https:\/\/www.ohis.be\/nl\/produit\/yale-batterystar-kit-de-base\/#primaryimage","url":"https:\/\/www.ohis.be\/wp-content\/uploads\/2024\/10\/akku-kettenzug-yale-batterystar-basic-kit.jpg","contentUrl":"https:\/\/www.ohis.be\/wp-content\/uploads\/2024\/10\/akku-kettenzug-yale-batterystar-basic-kit.jpg","width":800,"height":533,"caption":"Le Yale BatteryStar \u00e9tablit de nouvelles normes en offrant une combinaison in\u00e9dite de puissance, flexibilit\u00e9 et mobilit\u00e9. C'est le premier palan \u00e0 cha\u00eene \u00e0 batterie de ce type, capable de soulever des charges importantes tout en restant compact et robuste.Que ce soit sur les chantiers, lors de montages ou pendant des \u00e9v\u00e9nements en plein air, le Yale BatteryStar, avec une capacit\u00e9 de charge allant jusqu'\u00e0 1 000 kg, r\u00e9pond aux besoins d'un large \u00e9ventail d'applications.Gains de temps et s\u00e9curit\u00e9 : \u2022 Pr\u00eat \u00e0 l'emploi imm\u00e9diatement gr\u00e2ce \u00e0 sa batterie rechargeable. \u2022 Aucun c\u00e2blage ou connexion \u00e9lectrique n\u00e9cessaire. \u2022 Utilisation \u00e0 distance facilit\u00e9e par la radiocommande. \u2022 Des dispositifs de s\u00e9curit\u00e9 int\u00e9gr\u00e9s prot\u00e8gent contre les surcharges, la surchauffe et les intemp\u00e9ries. \u2022 Utilisation polyvalente dans diff\u00e9rentes positions (standard, invers\u00e9e ou horizontale).&nbsp;La fourniture comprend:1x Yale BatteryStar1x sac collecteur \u00e0 cha\u00eene1x t\u00e9l\u00e9commande"},{"@type":"BreadcrumbList","@id":"https:\/\/www.ohis.be\/nl\/produit\/yale-batterystar-kit-de-base\/#breadcrumb","itemListElement":[{"@type":"ListItem","position":1,"name":"Accueil","item":"https:\/\/www.ohis.be\/nl\/"},{"@type":"ListItem","position":2,"name":"Producten","item":"https:\/\/www.ohis.be\/nl\/producten\/"},{"@type":"ListItem","position":3,"name":"Yale BatteryStar &#8211; Kit de base"}]},{"@type":"WebSite","@id":"https:\/\/www.ohis.be\/nl\/#website","url":"https:\/\/www.ohis.be\/nl\/","name":"Ohis","description":"Outils de levage","publisher":{"@id":"https:\/\/www.ohis.be\/nl\/#organization"},"potentialAction":[{"@type":"SearchAction","target":{"@type":"EntryPoint","urlTemplate":"https:\/\/www.ohis.be\/nl\/?s={search_term_string}"},"query-input":{"@type":"PropertyValueSpecification","valueRequired":true,"valueName":"search_term_string"}}],"inLanguage":"nl-NL"},{"@type":"Organization","@id":"https:\/\/www.ohis.be\/nl\/#organization","name":"Ohis","url":"https:\/\/www.ohis.be\/nl\/","logo":{"@type":"ImageObject","inLanguage":"nl-NL","@id":"https:\/\/www.ohis.be\/nl\/#\/schema\/logo\/image\/","url":"https:\/\/www.ohis.be\/wp-content\/uploads\/2021\/02\/logo-ohis-wit.svg","contentUrl":"https:\/\/www.ohis.be\/wp-content\/uploads\/2021\/02\/logo-ohis-wit.svg","caption":"Ohis"},"image":{"@id":"https:\/\/www.ohis.be\/nl\/#\/schema\/logo\/image\/"}}]}},"_links":{"self":[{"href":"https:\/\/www.ohis.be\/nl\/wp-json\/wp\/v2\/product\/61178","targetHints":{"allow":["GET"]}}],"collection":[{"href":"https:\/\/www.ohis.be\/nl\/wp-json\/wp\/v2\/product"}],"about":[{"href":"https:\/\/www.ohis.be\/nl\/wp-json\/wp\/v2\/types\/product"}],"wp:featuredmedia":[{"embeddable":true,"href":"https:\/\/www.ohis.be\/nl\/wp-json\/wp\/v2\/media\/60869"}],"wp:attachment":[{"href":"https:\/\/www.ohis.be\/nl\/wp-json\/wp\/v2\/media?parent=61178"}],"wp:term":[{"taxonomy":"product_brand","embeddable":true,"href":"https:\/\/www.ohis.be\/nl\/wp-json\/wp\/v2\/product_brand?post=61178"},{"taxonomy":"product_cat","embeddable":true,"href":"https:\/\/www.ohis.be\/nl\/wp-json\/wp\/v2\/product_cat?post=61178"},{"taxonomy":"product_tag","embeddable":true,"href":"https:\/\/www.ohis.be\/nl\/wp-json\/wp\/v2\/product_tag?post=61178"}],"curies":[{"name":"wp","href":"https:\/\/api.w.org\/{rel}","templated":true}]}}