{"id":60921,"date":"2024-10-14T16:39:08","date_gmt":"2024-10-14T14:39:08","guid":{"rendered":"https:\/\/www.ohis.be\/produit\/yale-batterystar-kit-mega\/"},"modified":"2025-11-21T16:42:33","modified_gmt":"2025-11-21T15:42:33","slug":"yale-batterystar-kit-mega","status":"publish","type":"product","link":"https:\/\/www.ohis.be\/nl\/produit\/yale-batterystar-kit-mega\/","title":{"rendered":"Yale BatteryStar &#8211; Kit Mega"},"content":{"rendered":"<p>Hijsvermogen: 1000 kg<br \/>\nHaakweg: 6m<br \/>\nType ophanghaak: Draaibaar<\/p>\n<p>Inhoud van de levering:<br \/>\n1x Yale BatteryStar<br \/>\n1x kettingtas<br \/>\n1x afstandsbediening<br \/>\n1x batterij 18V 12Ah<br \/>\n1x lader<br \/>\n1x trolley<\/p>\n","protected":false},"excerpt":{"rendered":"<p>Hijsvermogen: 1000 kg<br \/>\nHaakweg: 6m<br \/>\nType ophanghaak: Draaibaar<\/p>\n<p>Inhoud van de levering:<br \/>\n1x Yale BatteryStar<br \/>\n1x kettingtas<br \/>\n1x afstandsbediening<br \/>\n1x batterij 18V 12Ah<br \/>\n1x lader<br \/>\n1x trolley<\/p>\n","protected":false},"featured_media":60892,"template":"","meta":{"_acf_changed":false,"inline_featured_image":false},"product_brand":[],"product_cat":[4251,4554],"product_tag":[],"class_list":{"0":"post-60921","1":"product","2":"type-product","3":"status-publish","4":"has-post-thumbnail","6":"product_cat-elektrische-kettingtakel-op-batterij","7":"product_cat-speciale-aanbiedingen","8":"product_shipping_class-3-nl","9":"yith_product_brand-yale-nl","11":"first","12":"instock","13":"sale","14":"taxable","15":"shipping-taxable","16":"purchasable","17":"product-type-simple"},"acf":[],"yoast_head":"<!-- This site is optimized with the Yoast SEO plugin v27.5 - https:\/\/yoast.com\/product\/yoast-seo-wordpress\/ -->\n<title>Yale BatteryStar - Kit Mega - Ohis<\/title>\n<meta name=\"robots\" content=\"index, follow, max-snippet:-1, max-image-preview:large, max-video-preview:-1\" \/>\n<link rel=\"canonical\" href=\"https:\/\/www.ohis.be\/nl\/produit\/yale-batterystar-kit-mega\/\" \/>\n<meta property=\"og:locale\" content=\"nl_NL\" \/>\n<meta property=\"og:type\" content=\"article\" \/>\n<meta property=\"og:title\" content=\"Yale BatteryStar - Kit Mega - Ohis\" \/>\n<meta property=\"og:description\" content=\"Hijsvermogen: 1000 kg Haakweg: 6m Type ophanghaak: Draaibaar  Inhoud van de levering: 1x Yale BatteryStar 1x kettingtas 1x afstandsbediening 1x batterij 18V 12Ah 1x lader 1x trolley\" \/>\n<meta property=\"og:url\" content=\"https:\/\/www.ohis.be\/nl\/produit\/yale-batterystar-kit-mega\/\" \/>\n<meta property=\"og:site_name\" content=\"Ohis\" \/>\n<meta property=\"article:modified_time\" content=\"2025-11-21T15:42:33+00:00\" \/>\n<meta property=\"og:image\" content=\"https:\/\/www.ohis.be\/wp-content\/uploads\/2024\/10\/akku-kettenzug-yale-batterystar-mega-kit.jpg\" \/>\n\t<meta property=\"og:image:width\" content=\"800\" \/>\n\t<meta property=\"og:image:height\" content=\"533\" \/>\n\t<meta property=\"og:image:type\" content=\"image\/jpeg\" \/>\n<meta name=\"twitter:card\" content=\"summary_large_image\" \/>\n<script type=\"application\/ld+json\" class=\"yoast-schema-graph\">{\"@context\":\"https:\\\/\\\/schema.org\",\"@graph\":[{\"@type\":\"WebPage\",\"@id\":\"https:\\\/\\\/www.ohis.be\\\/nl\\\/produit\\\/yale-batterystar-kit-mega\\\/\",\"url\":\"https:\\\/\\\/www.ohis.be\\\/nl\\\/produit\\\/yale-batterystar-kit-mega\\\/\",\"name\":\"Yale BatteryStar - Kit Mega - Ohis\",\"isPartOf\":{\"@id\":\"https:\\\/\\\/www.ohis.be\\\/nl\\\/#website\"},\"primaryImageOfPage\":{\"@id\":\"https:\\\/\\\/www.ohis.be\\\/nl\\\/produit\\\/yale-batterystar-kit-mega\\\/#primaryimage\"},\"image\":{\"@id\":\"https:\\\/\\\/www.ohis.be\\\/nl\\\/produit\\\/yale-batterystar-kit-mega\\\/#primaryimage\"},\"thumbnailUrl\":\"https:\\\/\\\/www.ohis.be\\\/wp-content\\\/uploads\\\/2024\\\/10\\\/akku-kettenzug-yale-batterystar-mega-kit.jpg\",\"datePublished\":\"2024-10-14T14:39:08+00:00\",\"dateModified\":\"2025-11-21T15:42:33+00:00\",\"breadcrumb\":{\"@id\":\"https:\\\/\\\/www.ohis.be\\\/nl\\\/produit\\\/yale-batterystar-kit-mega\\\/#breadcrumb\"},\"inLanguage\":\"nl-NL\",\"potentialAction\":[{\"@type\":\"ReadAction\",\"target\":[\"https:\\\/\\\/www.ohis.be\\\/nl\\\/produit\\\/yale-batterystar-kit-mega\\\/\"]}]},{\"@type\":\"ImageObject\",\"inLanguage\":\"nl-NL\",\"@id\":\"https:\\\/\\\/www.ohis.be\\\/nl\\\/produit\\\/yale-batterystar-kit-mega\\\/#primaryimage\",\"url\":\"https:\\\/\\\/www.ohis.be\\\/wp-content\\\/uploads\\\/2024\\\/10\\\/akku-kettenzug-yale-batterystar-mega-kit.jpg\",\"contentUrl\":\"https:\\\/\\\/www.ohis.be\\\/wp-content\\\/uploads\\\/2024\\\/10\\\/akku-kettenzug-yale-batterystar-mega-kit.jpg\",\"width\":800,\"height\":533,\"caption\":\"Le Yale BatteryStar \u00e9tablit de nouvelles normes en offrant une combinaison in\u00e9dite de puissance, flexibilit\u00e9 et mobilit\u00e9. C'est le premier palan \u00e0 cha\u00eene \u00e0 batterie de ce type, capable de soulever des charges importantes tout en restant compact et robuste.Que ce soit sur les chantiers, lors de montages ou pendant des \u00e9v\u00e9nements en plein air, le Yale BatteryStar, avec une capacit\u00e9 de charge allant jusqu'\u00e0 1 000 kg, r\u00e9pond aux besoins d'un large \u00e9ventail d'applications.Gains de temps et s\u00e9curit\u00e9 : \u2022 Pr\u00eat \u00e0 l'emploi imm\u00e9diatement gr\u00e2ce \u00e0 sa batterie rechargeable. \u2022 Aucun c\u00e2blage ou connexion \u00e9lectrique n\u00e9cessaire. \u2022 Utilisation \u00e0 distance facilit\u00e9e par la radiocommande. \u2022 Des dispositifs de s\u00e9curit\u00e9 int\u00e9gr\u00e9s prot\u00e8gent contre les surcharges, la surchauffe et les intemp\u00e9ries. \u2022 Utilisation polyvalente dans diff\u00e9rentes positions (standard, invers\u00e9e ou horizontale).&nbsp;La fourniture comprend:1x Yale BatteryStar (6m de course de cha\u00eene)1x sac collecteur \u00e0 cha\u00eene1x t\u00e9l\u00e9commande1x batterie1x chargeur rapide1x trolley\"},{\"@type\":\"BreadcrumbList\",\"@id\":\"https:\\\/\\\/www.ohis.be\\\/nl\\\/produit\\\/yale-batterystar-kit-mega\\\/#breadcrumb\",\"itemListElement\":[{\"@type\":\"ListItem\",\"position\":1,\"name\":\"Accueil\",\"item\":\"https:\\\/\\\/www.ohis.be\\\/nl\\\/\"},{\"@type\":\"ListItem\",\"position\":2,\"name\":\"Producten\",\"item\":\"https:\\\/\\\/www.ohis.be\\\/nl\\\/producten\\\/\"},{\"@type\":\"ListItem\",\"position\":3,\"name\":\"Yale BatteryStar &#8211; Kit Mega\"}]},{\"@type\":\"WebSite\",\"@id\":\"https:\\\/\\\/www.ohis.be\\\/nl\\\/#website\",\"url\":\"https:\\\/\\\/www.ohis.be\\\/nl\\\/\",\"name\":\"Ohis\",\"description\":\"Outils de levage\",\"publisher\":{\"@id\":\"https:\\\/\\\/www.ohis.be\\\/nl\\\/#organization\"},\"potentialAction\":[{\"@type\":\"SearchAction\",\"target\":{\"@type\":\"EntryPoint\",\"urlTemplate\":\"https:\\\/\\\/www.ohis.be\\\/nl\\\/?s={search_term_string}\"},\"query-input\":{\"@type\":\"PropertyValueSpecification\",\"valueRequired\":true,\"valueName\":\"search_term_string\"}}],\"inLanguage\":\"nl-NL\"},{\"@type\":\"Organization\",\"@id\":\"https:\\\/\\\/www.ohis.be\\\/nl\\\/#organization\",\"name\":\"Ohis\",\"url\":\"https:\\\/\\\/www.ohis.be\\\/nl\\\/\",\"logo\":{\"@type\":\"ImageObject\",\"inLanguage\":\"nl-NL\",\"@id\":\"https:\\\/\\\/www.ohis.be\\\/nl\\\/#\\\/schema\\\/logo\\\/image\\\/\",\"url\":\"https:\\\/\\\/www.ohis.be\\\/wp-content\\\/uploads\\\/2021\\\/02\\\/logo-ohis-wit.svg\",\"contentUrl\":\"https:\\\/\\\/www.ohis.be\\\/wp-content\\\/uploads\\\/2021\\\/02\\\/logo-ohis-wit.svg\",\"caption\":\"Ohis\"},\"image\":{\"@id\":\"https:\\\/\\\/www.ohis.be\\\/nl\\\/#\\\/schema\\\/logo\\\/image\\\/\"}}]}<\/script>\n<!-- \/ Yoast SEO plugin. -->","yoast_head_json":{"title":"Yale BatteryStar - Kit Mega - Ohis","robots":{"index":"index","follow":"follow","max-snippet":"max-snippet:-1","max-image-preview":"max-image-preview:large","max-video-preview":"max-video-preview:-1"},"canonical":"https:\/\/www.ohis.be\/nl\/produit\/yale-batterystar-kit-mega\/","og_locale":"nl_NL","og_type":"article","og_title":"Yale BatteryStar - Kit Mega - Ohis","og_description":"Hijsvermogen: 1000 kg Haakweg: 6m Type ophanghaak: Draaibaar  Inhoud van de levering: 1x Yale BatteryStar 1x kettingtas 1x afstandsbediening 1x batterij 18V 12Ah 1x lader 1x trolley","og_url":"https:\/\/www.ohis.be\/nl\/produit\/yale-batterystar-kit-mega\/","og_site_name":"Ohis","article_modified_time":"2025-11-21T15:42:33+00:00","og_image":[{"width":800,"height":533,"url":"https:\/\/www.ohis.be\/wp-content\/uploads\/2024\/10\/akku-kettenzug-yale-batterystar-mega-kit.jpg","type":"image\/jpeg"}],"twitter_card":"summary_large_image","schema":{"@context":"https:\/\/schema.org","@graph":[{"@type":"WebPage","@id":"https:\/\/www.ohis.be\/nl\/produit\/yale-batterystar-kit-mega\/","url":"https:\/\/www.ohis.be\/nl\/produit\/yale-batterystar-kit-mega\/","name":"Yale BatteryStar - Kit Mega - Ohis","isPartOf":{"@id":"https:\/\/www.ohis.be\/nl\/#website"},"primaryImageOfPage":{"@id":"https:\/\/www.ohis.be\/nl\/produit\/yale-batterystar-kit-mega\/#primaryimage"},"image":{"@id":"https:\/\/www.ohis.be\/nl\/produit\/yale-batterystar-kit-mega\/#primaryimage"},"thumbnailUrl":"https:\/\/www.ohis.be\/wp-content\/uploads\/2024\/10\/akku-kettenzug-yale-batterystar-mega-kit.jpg","datePublished":"2024-10-14T14:39:08+00:00","dateModified":"2025-11-21T15:42:33+00:00","breadcrumb":{"@id":"https:\/\/www.ohis.be\/nl\/produit\/yale-batterystar-kit-mega\/#breadcrumb"},"inLanguage":"nl-NL","potentialAction":[{"@type":"ReadAction","target":["https:\/\/www.ohis.be\/nl\/produit\/yale-batterystar-kit-mega\/"]}]},{"@type":"ImageObject","inLanguage":"nl-NL","@id":"https:\/\/www.ohis.be\/nl\/produit\/yale-batterystar-kit-mega\/#primaryimage","url":"https:\/\/www.ohis.be\/wp-content\/uploads\/2024\/10\/akku-kettenzug-yale-batterystar-mega-kit.jpg","contentUrl":"https:\/\/www.ohis.be\/wp-content\/uploads\/2024\/10\/akku-kettenzug-yale-batterystar-mega-kit.jpg","width":800,"height":533,"caption":"Le Yale BatteryStar \u00e9tablit de nouvelles normes en offrant une combinaison in\u00e9dite de puissance, flexibilit\u00e9 et mobilit\u00e9. C'est le premier palan \u00e0 cha\u00eene \u00e0 batterie de ce type, capable de soulever des charges importantes tout en restant compact et robuste.Que ce soit sur les chantiers, lors de montages ou pendant des \u00e9v\u00e9nements en plein air, le Yale BatteryStar, avec une capacit\u00e9 de charge allant jusqu'\u00e0 1 000 kg, r\u00e9pond aux besoins d'un large \u00e9ventail d'applications.Gains de temps et s\u00e9curit\u00e9 : \u2022 Pr\u00eat \u00e0 l'emploi imm\u00e9diatement gr\u00e2ce \u00e0 sa batterie rechargeable. \u2022 Aucun c\u00e2blage ou connexion \u00e9lectrique n\u00e9cessaire. \u2022 Utilisation \u00e0 distance facilit\u00e9e par la radiocommande. \u2022 Des dispositifs de s\u00e9curit\u00e9 int\u00e9gr\u00e9s prot\u00e8gent contre les surcharges, la surchauffe et les intemp\u00e9ries. \u2022 Utilisation polyvalente dans diff\u00e9rentes positions (standard, invers\u00e9e ou horizontale).&nbsp;La fourniture comprend:1x Yale BatteryStar (6m de course de cha\u00eene)1x sac collecteur \u00e0 cha\u00eene1x t\u00e9l\u00e9commande1x batterie1x chargeur rapide1x trolley"},{"@type":"BreadcrumbList","@id":"https:\/\/www.ohis.be\/nl\/produit\/yale-batterystar-kit-mega\/#breadcrumb","itemListElement":[{"@type":"ListItem","position":1,"name":"Accueil","item":"https:\/\/www.ohis.be\/nl\/"},{"@type":"ListItem","position":2,"name":"Producten","item":"https:\/\/www.ohis.be\/nl\/producten\/"},{"@type":"ListItem","position":3,"name":"Yale BatteryStar &#8211; Kit Mega"}]},{"@type":"WebSite","@id":"https:\/\/www.ohis.be\/nl\/#website","url":"https:\/\/www.ohis.be\/nl\/","name":"Ohis","description":"Outils de levage","publisher":{"@id":"https:\/\/www.ohis.be\/nl\/#organization"},"potentialAction":[{"@type":"SearchAction","target":{"@type":"EntryPoint","urlTemplate":"https:\/\/www.ohis.be\/nl\/?s={search_term_string}"},"query-input":{"@type":"PropertyValueSpecification","valueRequired":true,"valueName":"search_term_string"}}],"inLanguage":"nl-NL"},{"@type":"Organization","@id":"https:\/\/www.ohis.be\/nl\/#organization","name":"Ohis","url":"https:\/\/www.ohis.be\/nl\/","logo":{"@type":"ImageObject","inLanguage":"nl-NL","@id":"https:\/\/www.ohis.be\/nl\/#\/schema\/logo\/image\/","url":"https:\/\/www.ohis.be\/wp-content\/uploads\/2021\/02\/logo-ohis-wit.svg","contentUrl":"https:\/\/www.ohis.be\/wp-content\/uploads\/2021\/02\/logo-ohis-wit.svg","caption":"Ohis"},"image":{"@id":"https:\/\/www.ohis.be\/nl\/#\/schema\/logo\/image\/"}}]}},"_links":{"self":[{"href":"https:\/\/www.ohis.be\/nl\/wp-json\/wp\/v2\/product\/60921","targetHints":{"allow":["GET"]}}],"collection":[{"href":"https:\/\/www.ohis.be\/nl\/wp-json\/wp\/v2\/product"}],"about":[{"href":"https:\/\/www.ohis.be\/nl\/wp-json\/wp\/v2\/types\/product"}],"wp:featuredmedia":[{"embeddable":true,"href":"https:\/\/www.ohis.be\/nl\/wp-json\/wp\/v2\/media\/60892"}],"wp:attachment":[{"href":"https:\/\/www.ohis.be\/nl\/wp-json\/wp\/v2\/media?parent=60921"}],"wp:term":[{"taxonomy":"product_brand","embeddable":true,"href":"https:\/\/www.ohis.be\/nl\/wp-json\/wp\/v2\/product_brand?post=60921"},{"taxonomy":"product_cat","embeddable":true,"href":"https:\/\/www.ohis.be\/nl\/wp-json\/wp\/v2\/product_cat?post=60921"},{"taxonomy":"product_tag","embeddable":true,"href":"https:\/\/www.ohis.be\/nl\/wp-json\/wp\/v2\/product_tag?post=60921"}],"curies":[{"name":"wp","href":"https:\/\/api.w.org\/{rel}","templated":true}]}}