{"id":57295,"date":"2024-08-29T11:23:53","date_gmt":"2024-08-29T09:23:53","guid":{"rendered":"https:\/\/www.ohis.be\/produit\/hefbuis-sl\/"},"modified":"2024-08-29T11:23:53","modified_gmt":"2024-08-29T09:23:53","slug":"hefbuis-sl","status":"publish","type":"product","link":"https:\/\/www.ohis.be\/nl\/produit\/hefbuis-sl\/","title":{"rendered":"Hefbuis SL"},"content":{"rendered":"<p>Met de TDL-SL hefbuis kun je ergonomisch diverse goederen verplaatsen, zoals zakken, dozen, kratten of panelen, op hoogtes van meer dan 1600 mm en met een gewicht tot 50 kg.<\/p>\n<p>Onze TDL-SL versie is zeer eenvoudig met \u00e9\u00e9n hand te hanteren, dankzij een handgreep met een trekker die met \u00e9\u00e9n vinger kan worden bediend. De handgreep is volledig in lengte verstelbaar om aan uw specifieke behoeften te voldoen. Het deel onder de buis kan bijvoorbeeld 500 mm zijn, terwijl het deel met de bedieningshendel 400 mm kan zijn.<\/p>\n<p>Het unieke voordeel van deze verlengde handgreep is dat hij zowel door rechts- als linkshandigen kan worden gebruikt.<\/p>\n","protected":false},"excerpt":{"rendered":"<p>Met de TDL-SL hefbuis kun je ergonomisch diverse goederen verplaatsen, zoals zakken, dozen, kratten of panelen, op hoogtes van meer dan 1600 mm en met een gewicht tot 50 kg.<\/p>\n<p>Onze TDL-SL versie is zeer eenvoudig met \u00e9\u00e9n hand te hanteren, dankzij een handgreep met een trekker die met \u00e9\u00e9n vinger kan worden bediend. De handgreep is volledig in lengte verstelbaar om aan uw specifieke behoeften te voldoen. Het deel onder de buis kan bijvoorbeeld 500 mm zijn, terwijl het deel met de bedieningshendel 400 mm kan zijn.<\/p>\n<p>Het unieke voordeel van deze verlengde handgreep is dat hij zowel door rechts- als linkshandigen kan worden gebruikt.<\/p>\n","protected":false},"featured_media":56970,"template":"","meta":{"_acf_changed":false,"inline_featured_image":false},"product_brand":[],"product_cat":[4162],"product_tag":[],"class_list":{"0":"post-57295","1":"product","2":"type-product","3":"status-publish","4":"has-post-thumbnail","6":"product_cat-vacuum-hijssystemen","7":"yith_product_brand-reglift-nl","9":"first","10":"instock","11":"taxable","12":"shipping-taxable","13":"product-type-simple"},"acf":[],"yoast_head":"<!-- This site is optimized with the Yoast SEO plugin v27.5 - https:\/\/yoast.com\/product\/yoast-seo-wordpress\/ -->\n<title>Hefbuis SL - Ohis<\/title>\n<meta name=\"robots\" content=\"index, follow, max-snippet:-1, max-image-preview:large, max-video-preview:-1\" \/>\n<link rel=\"canonical\" href=\"https:\/\/www.ohis.be\/nl\/produit\/hefbuis-sl\/\" \/>\n<meta property=\"og:locale\" content=\"nl_NL\" \/>\n<meta property=\"og:type\" content=\"article\" \/>\n<meta property=\"og:title\" content=\"Hefbuis SL - Ohis\" \/>\n<meta property=\"og:description\" content=\"Met de TDL-SL hefbuis kun je ergonomisch diverse goederen verplaatsen, zoals zakken, dozen, kratten of panelen, op hoogtes van meer dan 1600 mm en met een gewicht tot 50 kg.  Onze TDL-SL versie is zeer eenvoudig met \u00e9\u00e9n hand te hanteren, dankzij een handgreep met een trekker die met \u00e9\u00e9n vinger kan worden bediend. De handgreep is volledig in lengte verstelbaar om aan uw specifieke behoeften te voldoen. Het deel onder de buis kan bijvoorbeeld 500 mm zijn, terwijl het deel met de bedieningshendel 400 mm kan zijn.  Het unieke voordeel van deze verlengde handgreep is dat hij zowel door rechts- als linkshandigen kan worden gebruikt.\" \/>\n<meta property=\"og:url\" content=\"https:\/\/www.ohis.be\/nl\/produit\/hefbuis-sl\/\" \/>\n<meta property=\"og:site_name\" content=\"Ohis\" \/>\n<meta property=\"og:image\" content=\"https:\/\/www.ohis.be\/wp-content\/uploads\/2024\/08\/Tube-de-levage-SL.jpg\" \/>\n\t<meta property=\"og:image:width\" content=\"692\" \/>\n\t<meta property=\"og:image:height\" content=\"1139\" \/>\n\t<meta property=\"og:image:type\" content=\"image\/jpeg\" \/>\n<meta name=\"twitter:card\" content=\"summary_large_image\" \/>\n<meta name=\"twitter:label1\" content=\"Geschatte leestijd\" \/>\n\t<meta name=\"twitter:data1\" content=\"1 minuut\" \/>\n<script type=\"application\/ld+json\" class=\"yoast-schema-graph\">{\"@context\":\"https:\\\/\\\/schema.org\",\"@graph\":[{\"@type\":\"WebPage\",\"@id\":\"https:\\\/\\\/www.ohis.be\\\/nl\\\/produit\\\/hefbuis-sl\\\/\",\"url\":\"https:\\\/\\\/www.ohis.be\\\/nl\\\/produit\\\/hefbuis-sl\\\/\",\"name\":\"Hefbuis SL - Ohis\",\"isPartOf\":{\"@id\":\"https:\\\/\\\/www.ohis.be\\\/#website\"},\"primaryImageOfPage\":{\"@id\":\"https:\\\/\\\/www.ohis.be\\\/nl\\\/produit\\\/hefbuis-sl\\\/#primaryimage\"},\"image\":{\"@id\":\"https:\\\/\\\/www.ohis.be\\\/nl\\\/produit\\\/hefbuis-sl\\\/#primaryimage\"},\"thumbnailUrl\":\"https:\\\/\\\/www.ohis.be\\\/wp-content\\\/uploads\\\/2024\\\/08\\\/Tube-de-levage-SL.jpg\",\"datePublished\":\"2024-08-29T09:23:53+00:00\",\"breadcrumb\":{\"@id\":\"https:\\\/\\\/www.ohis.be\\\/nl\\\/produit\\\/hefbuis-sl\\\/#breadcrumb\"},\"inLanguage\":\"nl-NL\",\"potentialAction\":[{\"@type\":\"ReadAction\",\"target\":[\"https:\\\/\\\/www.ohis.be\\\/nl\\\/produit\\\/hefbuis-sl\\\/\"]}]},{\"@type\":\"ImageObject\",\"inLanguage\":\"nl-NL\",\"@id\":\"https:\\\/\\\/www.ohis.be\\\/nl\\\/produit\\\/hefbuis-sl\\\/#primaryimage\",\"url\":\"https:\\\/\\\/www.ohis.be\\\/wp-content\\\/uploads\\\/2024\\\/08\\\/Tube-de-levage-SL.jpg\",\"contentUrl\":\"https:\\\/\\\/www.ohis.be\\\/wp-content\\\/uploads\\\/2024\\\/08\\\/Tube-de-levage-SL.jpg\",\"width\":692,\"height\":1139,\"caption\":\"Tube de levage SL\"},{\"@type\":\"BreadcrumbList\",\"@id\":\"https:\\\/\\\/www.ohis.be\\\/nl\\\/produit\\\/hefbuis-sl\\\/#breadcrumb\",\"itemListElement\":[{\"@type\":\"ListItem\",\"position\":1,\"name\":\"Accueil\",\"item\":\"https:\\\/\\\/www.ohis.be\\\/nl\\\/\"},{\"@type\":\"ListItem\",\"position\":2,\"name\":\"Producten\",\"item\":\"https:\\\/\\\/www.ohis.be\\\/nl\\\/producten\\\/\"},{\"@type\":\"ListItem\",\"position\":3,\"name\":\"Hefbuis SL\"}]},{\"@type\":\"WebSite\",\"@id\":\"https:\\\/\\\/www.ohis.be\\\/#website\",\"url\":\"https:\\\/\\\/www.ohis.be\\\/\",\"name\":\"Ohis\",\"description\":\"Outils de levage\",\"publisher\":{\"@id\":\"https:\\\/\\\/www.ohis.be\\\/#organization\"},\"potentialAction\":[{\"@type\":\"SearchAction\",\"target\":{\"@type\":\"EntryPoint\",\"urlTemplate\":\"https:\\\/\\\/www.ohis.be\\\/?s={search_term_string}\"},\"query-input\":{\"@type\":\"PropertyValueSpecification\",\"valueRequired\":true,\"valueName\":\"search_term_string\"}}],\"inLanguage\":\"nl-NL\"},{\"@type\":\"Organization\",\"@id\":\"https:\\\/\\\/www.ohis.be\\\/#organization\",\"name\":\"Ohis\",\"url\":\"https:\\\/\\\/www.ohis.be\\\/\",\"logo\":{\"@type\":\"ImageObject\",\"inLanguage\":\"nl-NL\",\"@id\":\"https:\\\/\\\/www.ohis.be\\\/#\\\/schema\\\/logo\\\/image\\\/\",\"url\":\"https:\\\/\\\/www.ohis.be\\\/wp-content\\\/uploads\\\/2021\\\/02\\\/logo-ohis-wit.svg\",\"contentUrl\":\"https:\\\/\\\/www.ohis.be\\\/wp-content\\\/uploads\\\/2021\\\/02\\\/logo-ohis-wit.svg\",\"caption\":\"Ohis\"},\"image\":{\"@id\":\"https:\\\/\\\/www.ohis.be\\\/#\\\/schema\\\/logo\\\/image\\\/\"}}]}<\/script>\n<!-- \/ Yoast SEO plugin. -->","yoast_head_json":{"title":"Hefbuis SL - Ohis","robots":{"index":"index","follow":"follow","max-snippet":"max-snippet:-1","max-image-preview":"max-image-preview:large","max-video-preview":"max-video-preview:-1"},"canonical":"https:\/\/www.ohis.be\/nl\/produit\/hefbuis-sl\/","og_locale":"nl_NL","og_type":"article","og_title":"Hefbuis SL - Ohis","og_description":"Met de TDL-SL hefbuis kun je ergonomisch diverse goederen verplaatsen, zoals zakken, dozen, kratten of panelen, op hoogtes van meer dan 1600 mm en met een gewicht tot 50 kg.  Onze TDL-SL versie is zeer eenvoudig met \u00e9\u00e9n hand te hanteren, dankzij een handgreep met een trekker die met \u00e9\u00e9n vinger kan worden bediend. De handgreep is volledig in lengte verstelbaar om aan uw specifieke behoeften te voldoen. Het deel onder de buis kan bijvoorbeeld 500 mm zijn, terwijl het deel met de bedieningshendel 400 mm kan zijn.  Het unieke voordeel van deze verlengde handgreep is dat hij zowel door rechts- als linkshandigen kan worden gebruikt.","og_url":"https:\/\/www.ohis.be\/nl\/produit\/hefbuis-sl\/","og_site_name":"Ohis","og_image":[{"width":692,"height":1139,"url":"https:\/\/www.ohis.be\/wp-content\/uploads\/2024\/08\/Tube-de-levage-SL.jpg","type":"image\/jpeg"}],"twitter_card":"summary_large_image","twitter_misc":{"Geschatte leestijd":"1 minuut"},"schema":{"@context":"https:\/\/schema.org","@graph":[{"@type":"WebPage","@id":"https:\/\/www.ohis.be\/nl\/produit\/hefbuis-sl\/","url":"https:\/\/www.ohis.be\/nl\/produit\/hefbuis-sl\/","name":"Hefbuis SL - Ohis","isPartOf":{"@id":"https:\/\/www.ohis.be\/#website"},"primaryImageOfPage":{"@id":"https:\/\/www.ohis.be\/nl\/produit\/hefbuis-sl\/#primaryimage"},"image":{"@id":"https:\/\/www.ohis.be\/nl\/produit\/hefbuis-sl\/#primaryimage"},"thumbnailUrl":"https:\/\/www.ohis.be\/wp-content\/uploads\/2024\/08\/Tube-de-levage-SL.jpg","datePublished":"2024-08-29T09:23:53+00:00","breadcrumb":{"@id":"https:\/\/www.ohis.be\/nl\/produit\/hefbuis-sl\/#breadcrumb"},"inLanguage":"nl-NL","potentialAction":[{"@type":"ReadAction","target":["https:\/\/www.ohis.be\/nl\/produit\/hefbuis-sl\/"]}]},{"@type":"ImageObject","inLanguage":"nl-NL","@id":"https:\/\/www.ohis.be\/nl\/produit\/hefbuis-sl\/#primaryimage","url":"https:\/\/www.ohis.be\/wp-content\/uploads\/2024\/08\/Tube-de-levage-SL.jpg","contentUrl":"https:\/\/www.ohis.be\/wp-content\/uploads\/2024\/08\/Tube-de-levage-SL.jpg","width":692,"height":1139,"caption":"Tube de levage SL"},{"@type":"BreadcrumbList","@id":"https:\/\/www.ohis.be\/nl\/produit\/hefbuis-sl\/#breadcrumb","itemListElement":[{"@type":"ListItem","position":1,"name":"Accueil","item":"https:\/\/www.ohis.be\/nl\/"},{"@type":"ListItem","position":2,"name":"Producten","item":"https:\/\/www.ohis.be\/nl\/producten\/"},{"@type":"ListItem","position":3,"name":"Hefbuis SL"}]},{"@type":"WebSite","@id":"https:\/\/www.ohis.be\/#website","url":"https:\/\/www.ohis.be\/","name":"Ohis","description":"Outils de levage","publisher":{"@id":"https:\/\/www.ohis.be\/#organization"},"potentialAction":[{"@type":"SearchAction","target":{"@type":"EntryPoint","urlTemplate":"https:\/\/www.ohis.be\/?s={search_term_string}"},"query-input":{"@type":"PropertyValueSpecification","valueRequired":true,"valueName":"search_term_string"}}],"inLanguage":"nl-NL"},{"@type":"Organization","@id":"https:\/\/www.ohis.be\/#organization","name":"Ohis","url":"https:\/\/www.ohis.be\/","logo":{"@type":"ImageObject","inLanguage":"nl-NL","@id":"https:\/\/www.ohis.be\/#\/schema\/logo\/image\/","url":"https:\/\/www.ohis.be\/wp-content\/uploads\/2021\/02\/logo-ohis-wit.svg","contentUrl":"https:\/\/www.ohis.be\/wp-content\/uploads\/2021\/02\/logo-ohis-wit.svg","caption":"Ohis"},"image":{"@id":"https:\/\/www.ohis.be\/#\/schema\/logo\/image\/"}}]}},"_links":{"self":[{"href":"https:\/\/www.ohis.be\/nl\/wp-json\/wp\/v2\/product\/57295","targetHints":{"allow":["GET"]}}],"collection":[{"href":"https:\/\/www.ohis.be\/nl\/wp-json\/wp\/v2\/product"}],"about":[{"href":"https:\/\/www.ohis.be\/nl\/wp-json\/wp\/v2\/types\/product"}],"wp:featuredmedia":[{"embeddable":true,"href":"https:\/\/www.ohis.be\/nl\/wp-json\/wp\/v2\/media\/56970"}],"wp:attachment":[{"href":"https:\/\/www.ohis.be\/nl\/wp-json\/wp\/v2\/media?parent=57295"}],"wp:term":[{"taxonomy":"product_brand","embeddable":true,"href":"https:\/\/www.ohis.be\/nl\/wp-json\/wp\/v2\/product_brand?post=57295"},{"taxonomy":"product_cat","embeddable":true,"href":"https:\/\/www.ohis.be\/nl\/wp-json\/wp\/v2\/product_cat?post=57295"},{"taxonomy":"product_tag","embeddable":true,"href":"https:\/\/www.ohis.be\/nl\/wp-json\/wp\/v2\/product_tag?post=57295"}],"curies":[{"name":"wp","href":"https:\/\/api.w.org\/{rel}","templated":true}]}}