{"id":57292,"date":"2024-08-29T11:20:33","date_gmt":"2024-08-29T09:20:33","guid":{"rendered":"https:\/\/www.ohis.be\/produit\/hefbuis-ql\/"},"modified":"2024-08-29T11:20:33","modified_gmt":"2024-08-29T09:20:33","slug":"hefbuis-ql","status":"publish","type":"product","link":"https:\/\/www.ohis.be\/nl\/produit\/hefbuis-ql\/","title":{"rendered":"Hefbuis QL"},"content":{"rendered":"<p>Met de QL Tube Lifter kun je ergonomisch verschillende goederen verplaatsen, zoals zakken, dozen, kratten of panelen met een gewicht tot 65 kg.<\/p>\n<p>Onze QL-versie is heel gemakkelijk met \u00e9\u00e9n hand te bedienen. Deze versie is ontworpen voor bediening met \u00e9\u00e9n hand en biedt een snelle en comfortabele hantering, waardoor hoge cyclussnelheden gegarandeerd zijn. De ergonomische handgreep maakt het hanteren van ladingen intu\u00eftief.<\/p>\n<p>Er zijn verschillende buisdiameters en verstelbare pompen beschikbaar voor verschillende lastcapaciteiten. Er is een reeks standaard en op maat gemaakte gereedschappen beschikbaar om zo goed mogelijk aan uw behoeften te voldoen.<\/p>\n","protected":false},"excerpt":{"rendered":"<p>Met de QL Tube Lifter kun je ergonomisch verschillende goederen verplaatsen, zoals zakken, dozen, kratten of panelen met een gewicht tot 65 kg.<\/p>\n<p>Onze QL-versie is heel gemakkelijk met \u00e9\u00e9n hand te bedienen. Deze versie is ontworpen voor bediening met \u00e9\u00e9n hand en biedt een snelle en comfortabele hantering, waardoor hoge cyclussnelheden gegarandeerd zijn. De ergonomische handgreep maakt het hanteren van ladingen intu\u00eftief.<\/p>\n<p>Er zijn verschillende buisdiameters en verstelbare pompen beschikbaar voor verschillende lastcapaciteiten. Er is een reeks standaard en op maat gemaakte gereedschappen beschikbaar om zo goed mogelijk aan uw behoeften te voldoen.<\/p>\n","protected":false},"featured_media":56961,"template":"","meta":{"_acf_changed":false,"inline_featured_image":false},"product_brand":[],"product_cat":[4162],"product_tag":[],"class_list":{"0":"post-57292","1":"product","2":"type-product","3":"status-publish","4":"has-post-thumbnail","6":"product_cat-vacuum-hijssystemen","7":"yith_product_brand-reglift-nl","9":"first","10":"instock","11":"taxable","12":"shipping-taxable","13":"product-type-simple"},"acf":[],"yoast_head":"<!-- This site is optimized with the Yoast SEO plugin v27.5 - https:\/\/yoast.com\/product\/yoast-seo-wordpress\/ -->\n<title>Hefbuis QL - Ohis<\/title>\n<meta name=\"robots\" content=\"index, follow, max-snippet:-1, max-image-preview:large, max-video-preview:-1\" \/>\n<link rel=\"canonical\" href=\"https:\/\/www.ohis.be\/nl\/produit\/hefbuis-ql\/\" \/>\n<meta property=\"og:locale\" content=\"nl_NL\" \/>\n<meta property=\"og:type\" content=\"article\" \/>\n<meta property=\"og:title\" content=\"Hefbuis QL - Ohis\" \/>\n<meta property=\"og:description\" content=\"Met de QL Tube Lifter kun je ergonomisch verschillende goederen verplaatsen, zoals zakken, dozen, kratten of panelen met een gewicht tot 65 kg.  Onze QL-versie is heel gemakkelijk met \u00e9\u00e9n hand te bedienen. Deze versie is ontworpen voor bediening met \u00e9\u00e9n hand en biedt een snelle en comfortabele hantering, waardoor hoge cyclussnelheden gegarandeerd zijn. De ergonomische handgreep maakt het hanteren van ladingen intu\u00eftief.  Er zijn verschillende buisdiameters en verstelbare pompen beschikbaar voor verschillende lastcapaciteiten. Er is een reeks standaard en op maat gemaakte gereedschappen beschikbaar om zo goed mogelijk aan uw behoeften te voldoen.\" \/>\n<meta property=\"og:url\" content=\"https:\/\/www.ohis.be\/nl\/produit\/hefbuis-ql\/\" \/>\n<meta property=\"og:site_name\" content=\"Ohis\" \/>\n<meta property=\"og:image\" content=\"https:\/\/www.ohis.be\/wp-content\/uploads\/2024\/08\/Tube-de-levage-QL.jpg\" \/>\n\t<meta property=\"og:image:width\" content=\"781\" \/>\n\t<meta property=\"og:image:height\" content=\"840\" \/>\n\t<meta property=\"og:image:type\" content=\"image\/jpeg\" \/>\n<meta name=\"twitter:card\" content=\"summary_large_image\" \/>\n<script type=\"application\/ld+json\" class=\"yoast-schema-graph\">{\"@context\":\"https:\\\/\\\/schema.org\",\"@graph\":[{\"@type\":\"WebPage\",\"@id\":\"https:\\\/\\\/www.ohis.be\\\/nl\\\/produit\\\/hefbuis-ql\\\/\",\"url\":\"https:\\\/\\\/www.ohis.be\\\/nl\\\/produit\\\/hefbuis-ql\\\/\",\"name\":\"Hefbuis QL - Ohis\",\"isPartOf\":{\"@id\":\"https:\\\/\\\/www.ohis.be\\\/#website\"},\"primaryImageOfPage\":{\"@id\":\"https:\\\/\\\/www.ohis.be\\\/nl\\\/produit\\\/hefbuis-ql\\\/#primaryimage\"},\"image\":{\"@id\":\"https:\\\/\\\/www.ohis.be\\\/nl\\\/produit\\\/hefbuis-ql\\\/#primaryimage\"},\"thumbnailUrl\":\"https:\\\/\\\/www.ohis.be\\\/wp-content\\\/uploads\\\/2024\\\/08\\\/Tube-de-levage-QL.jpg\",\"datePublished\":\"2024-08-29T09:20:33+00:00\",\"breadcrumb\":{\"@id\":\"https:\\\/\\\/www.ohis.be\\\/nl\\\/produit\\\/hefbuis-ql\\\/#breadcrumb\"},\"inLanguage\":\"nl-NL\",\"potentialAction\":[{\"@type\":\"ReadAction\",\"target\":[\"https:\\\/\\\/www.ohis.be\\\/nl\\\/produit\\\/hefbuis-ql\\\/\"]}]},{\"@type\":\"ImageObject\",\"inLanguage\":\"nl-NL\",\"@id\":\"https:\\\/\\\/www.ohis.be\\\/nl\\\/produit\\\/hefbuis-ql\\\/#primaryimage\",\"url\":\"https:\\\/\\\/www.ohis.be\\\/wp-content\\\/uploads\\\/2024\\\/08\\\/Tube-de-levage-QL.jpg\",\"contentUrl\":\"https:\\\/\\\/www.ohis.be\\\/wp-content\\\/uploads\\\/2024\\\/08\\\/Tube-de-levage-QL.jpg\",\"width\":781,\"height\":840,\"caption\":\"Tube de levage QL\"},{\"@type\":\"BreadcrumbList\",\"@id\":\"https:\\\/\\\/www.ohis.be\\\/nl\\\/produit\\\/hefbuis-ql\\\/#breadcrumb\",\"itemListElement\":[{\"@type\":\"ListItem\",\"position\":1,\"name\":\"Accueil\",\"item\":\"https:\\\/\\\/www.ohis.be\\\/nl\\\/\"},{\"@type\":\"ListItem\",\"position\":2,\"name\":\"Producten\",\"item\":\"https:\\\/\\\/www.ohis.be\\\/nl\\\/producten\\\/\"},{\"@type\":\"ListItem\",\"position\":3,\"name\":\"Hefbuis QL\"}]},{\"@type\":\"WebSite\",\"@id\":\"https:\\\/\\\/www.ohis.be\\\/#website\",\"url\":\"https:\\\/\\\/www.ohis.be\\\/\",\"name\":\"Ohis\",\"description\":\"Outils de levage\",\"publisher\":{\"@id\":\"https:\\\/\\\/www.ohis.be\\\/#organization\"},\"potentialAction\":[{\"@type\":\"SearchAction\",\"target\":{\"@type\":\"EntryPoint\",\"urlTemplate\":\"https:\\\/\\\/www.ohis.be\\\/?s={search_term_string}\"},\"query-input\":{\"@type\":\"PropertyValueSpecification\",\"valueRequired\":true,\"valueName\":\"search_term_string\"}}],\"inLanguage\":\"nl-NL\"},{\"@type\":\"Organization\",\"@id\":\"https:\\\/\\\/www.ohis.be\\\/#organization\",\"name\":\"Ohis\",\"url\":\"https:\\\/\\\/www.ohis.be\\\/\",\"logo\":{\"@type\":\"ImageObject\",\"inLanguage\":\"nl-NL\",\"@id\":\"https:\\\/\\\/www.ohis.be\\\/#\\\/schema\\\/logo\\\/image\\\/\",\"url\":\"https:\\\/\\\/www.ohis.be\\\/wp-content\\\/uploads\\\/2021\\\/02\\\/logo-ohis-wit.svg\",\"contentUrl\":\"https:\\\/\\\/www.ohis.be\\\/wp-content\\\/uploads\\\/2021\\\/02\\\/logo-ohis-wit.svg\",\"caption\":\"Ohis\"},\"image\":{\"@id\":\"https:\\\/\\\/www.ohis.be\\\/#\\\/schema\\\/logo\\\/image\\\/\"}}]}<\/script>\n<!-- \/ Yoast SEO plugin. -->","yoast_head_json":{"title":"Hefbuis QL - Ohis","robots":{"index":"index","follow":"follow","max-snippet":"max-snippet:-1","max-image-preview":"max-image-preview:large","max-video-preview":"max-video-preview:-1"},"canonical":"https:\/\/www.ohis.be\/nl\/produit\/hefbuis-ql\/","og_locale":"nl_NL","og_type":"article","og_title":"Hefbuis QL - Ohis","og_description":"Met de QL Tube Lifter kun je ergonomisch verschillende goederen verplaatsen, zoals zakken, dozen, kratten of panelen met een gewicht tot 65 kg.  Onze QL-versie is heel gemakkelijk met \u00e9\u00e9n hand te bedienen. Deze versie is ontworpen voor bediening met \u00e9\u00e9n hand en biedt een snelle en comfortabele hantering, waardoor hoge cyclussnelheden gegarandeerd zijn. De ergonomische handgreep maakt het hanteren van ladingen intu\u00eftief.  Er zijn verschillende buisdiameters en verstelbare pompen beschikbaar voor verschillende lastcapaciteiten. Er is een reeks standaard en op maat gemaakte gereedschappen beschikbaar om zo goed mogelijk aan uw behoeften te voldoen.","og_url":"https:\/\/www.ohis.be\/nl\/produit\/hefbuis-ql\/","og_site_name":"Ohis","og_image":[{"width":781,"height":840,"url":"https:\/\/www.ohis.be\/wp-content\/uploads\/2024\/08\/Tube-de-levage-QL.jpg","type":"image\/jpeg"}],"twitter_card":"summary_large_image","schema":{"@context":"https:\/\/schema.org","@graph":[{"@type":"WebPage","@id":"https:\/\/www.ohis.be\/nl\/produit\/hefbuis-ql\/","url":"https:\/\/www.ohis.be\/nl\/produit\/hefbuis-ql\/","name":"Hefbuis QL - Ohis","isPartOf":{"@id":"https:\/\/www.ohis.be\/#website"},"primaryImageOfPage":{"@id":"https:\/\/www.ohis.be\/nl\/produit\/hefbuis-ql\/#primaryimage"},"image":{"@id":"https:\/\/www.ohis.be\/nl\/produit\/hefbuis-ql\/#primaryimage"},"thumbnailUrl":"https:\/\/www.ohis.be\/wp-content\/uploads\/2024\/08\/Tube-de-levage-QL.jpg","datePublished":"2024-08-29T09:20:33+00:00","breadcrumb":{"@id":"https:\/\/www.ohis.be\/nl\/produit\/hefbuis-ql\/#breadcrumb"},"inLanguage":"nl-NL","potentialAction":[{"@type":"ReadAction","target":["https:\/\/www.ohis.be\/nl\/produit\/hefbuis-ql\/"]}]},{"@type":"ImageObject","inLanguage":"nl-NL","@id":"https:\/\/www.ohis.be\/nl\/produit\/hefbuis-ql\/#primaryimage","url":"https:\/\/www.ohis.be\/wp-content\/uploads\/2024\/08\/Tube-de-levage-QL.jpg","contentUrl":"https:\/\/www.ohis.be\/wp-content\/uploads\/2024\/08\/Tube-de-levage-QL.jpg","width":781,"height":840,"caption":"Tube de levage QL"},{"@type":"BreadcrumbList","@id":"https:\/\/www.ohis.be\/nl\/produit\/hefbuis-ql\/#breadcrumb","itemListElement":[{"@type":"ListItem","position":1,"name":"Accueil","item":"https:\/\/www.ohis.be\/nl\/"},{"@type":"ListItem","position":2,"name":"Producten","item":"https:\/\/www.ohis.be\/nl\/producten\/"},{"@type":"ListItem","position":3,"name":"Hefbuis QL"}]},{"@type":"WebSite","@id":"https:\/\/www.ohis.be\/#website","url":"https:\/\/www.ohis.be\/","name":"Ohis","description":"Outils de levage","publisher":{"@id":"https:\/\/www.ohis.be\/#organization"},"potentialAction":[{"@type":"SearchAction","target":{"@type":"EntryPoint","urlTemplate":"https:\/\/www.ohis.be\/?s={search_term_string}"},"query-input":{"@type":"PropertyValueSpecification","valueRequired":true,"valueName":"search_term_string"}}],"inLanguage":"nl-NL"},{"@type":"Organization","@id":"https:\/\/www.ohis.be\/#organization","name":"Ohis","url":"https:\/\/www.ohis.be\/","logo":{"@type":"ImageObject","inLanguage":"nl-NL","@id":"https:\/\/www.ohis.be\/#\/schema\/logo\/image\/","url":"https:\/\/www.ohis.be\/wp-content\/uploads\/2021\/02\/logo-ohis-wit.svg","contentUrl":"https:\/\/www.ohis.be\/wp-content\/uploads\/2021\/02\/logo-ohis-wit.svg","caption":"Ohis"},"image":{"@id":"https:\/\/www.ohis.be\/#\/schema\/logo\/image\/"}}]}},"_links":{"self":[{"href":"https:\/\/www.ohis.be\/nl\/wp-json\/wp\/v2\/product\/57292","targetHints":{"allow":["GET"]}}],"collection":[{"href":"https:\/\/www.ohis.be\/nl\/wp-json\/wp\/v2\/product"}],"about":[{"href":"https:\/\/www.ohis.be\/nl\/wp-json\/wp\/v2\/types\/product"}],"wp:featuredmedia":[{"embeddable":true,"href":"https:\/\/www.ohis.be\/nl\/wp-json\/wp\/v2\/media\/56961"}],"wp:attachment":[{"href":"https:\/\/www.ohis.be\/nl\/wp-json\/wp\/v2\/media?parent=57292"}],"wp:term":[{"taxonomy":"product_brand","embeddable":true,"href":"https:\/\/www.ohis.be\/nl\/wp-json\/wp\/v2\/product_brand?post=57292"},{"taxonomy":"product_cat","embeddable":true,"href":"https:\/\/www.ohis.be\/nl\/wp-json\/wp\/v2\/product_cat?post=57292"},{"taxonomy":"product_tag","embeddable":true,"href":"https:\/\/www.ohis.be\/nl\/wp-json\/wp\/v2\/product_tag?post=57292"}],"curies":[{"name":"wp","href":"https:\/\/api.w.org\/{rel}","templated":true}]}}