{"id":39791,"date":"2023-10-12T20:18:49","date_gmt":"2023-10-12T18:18:49","guid":{"rendered":"https:\/\/www.ohis.be\/produit\/s1-4-wielige-elektrische-transporttractor\/"},"modified":"2023-10-12T20:18:49","modified_gmt":"2023-10-12T18:18:49","slug":"s1-4-wielige-elektrische-transporttractor","status":"publish","type":"product","link":"https:\/\/www.ohis.be\/nl\/produit\/s1-4-wielige-elektrische-transporttractor\/","title":{"rendered":"S1 &#8211; 4-wielige elektrische transporttractor"},"content":{"rendered":"<div class=\"descrizione text-lg mb-5\">\n<p>De Zallys S1 elektrische transporttractor voor industri\u00eble logistiek is de ideale oplossing voor het elimineren van handmatige handling van lasten en het versnellen van verplaatsingen.<\/p>\n<ul>\n<li>voor ladingen tot 500 kg<\/li>\n<li>trekkracht tot 1500 kg<\/li>\n<li>Atex- en IECEx-certificering beschikbaar voor gebruik in potentieel gevaarlijke en explosieve omgevingen<\/li>\n<li>veelzijdig en compact<\/li>\n<li>kleine draaicirkel<\/li>\n<li>met luchtbanden voor gebruik binnen en buiten<\/li>\n<li>optionele knop voor aanpassing aan 2 snelheden<\/li>\n<li>breed scala aan standaardaccessoires of aanpasbaar op aanvraag<\/li>\n<\/ul>\n<p><strong>Toebehoren:<\/strong><\/p>\n<ul>\n<li>Veersysteem voor de instelling van de hardheid van de zitting<\/li>\n<li>Paar kantelbare armleuningen<\/li>\n<li>Veiligheidsgordels<\/li>\n<li>Korf 730 x 500 x 220 mm<\/li>\n<li>Montageplaat voor haken<\/li>\n<li>Kogelkoppeling\/pin \u00d820-25<\/li>\n<li>Pin koppeling \u00d816 mm<\/li>\n<li>Koppelpen \u00d820 mm<\/li>\n<li>Koppelpen \u00d835 mm<\/li>\n<li>Trekhaak \u00d840 mm<\/li>\n<li>Trekhaak voor aanhangwagens<\/li>\n<li>Telescopische paal met zwaailicht<\/li>\n<li>Mand met aan\/uit-toetsenbord<\/li>\n<li>Mand voor stuur<\/li>\n<\/ul>\n<p>Neem contact met ons op voor een demo van deze machine bij u op locatie.<\/p>\n<\/div>\n","protected":false},"excerpt":{"rendered":"<div class=\"descrizione text-lg mb-5\">\n<p>De Zallys S1 elektrische transporttractor voor industri\u00eble logistiek is de ideale oplossing voor het elimineren van handmatige handling van lasten en het versnellen van verplaatsingen.<\/p>\n<ul>\n<li>voor ladingen tot 500 kg<\/li>\n<li>trekkracht tot 1500 kg<\/li>\n<li>Atex- en IECEx-certificering beschikbaar voor gebruik in potentieel gevaarlijke en explosieve omgevingen<\/li>\n<li>veelzijdig en compact<\/li>\n<li>kleine draaicirkel<\/li>\n<li>met luchtbanden voor gebruik binnen en buiten<\/li>\n<li>optionele knop voor aanpassing aan 2 snelheden<\/li>\n<li>breed scala aan standaardaccessoires of aanpasbaar op aanvraag<\/li>\n<\/ul>\n<p><strong>Toebehoren:<\/strong><\/p>\n<ul>\n<li>Veersysteem voor de instelling van de hardheid van de zitting<\/li>\n<li>Paar kantelbare armleuningen<\/li>\n<li>Veiligheidsgordels<\/li>\n<li>Korf 730 x 500 x 220 mm<\/li>\n<li>Montageplaat voor haken<\/li>\n<li>Kogelkoppeling\/pin \u00d820-25<\/li>\n<li>Pin koppeling \u00d816 mm<\/li>\n<li>Koppelpen \u00d820 mm<\/li>\n<li>Koppelpen \u00d835 mm<\/li>\n<li>Trekhaak \u00d840 mm<\/li>\n<li>Trekhaak voor aanhangwagens<\/li>\n<li>Telescopische paal met zwaailicht<\/li>\n<li>Mand met aan\/uit-toetsenbord<\/li>\n<li>Mand voor stuur<\/li>\n<\/ul>\n<p>Neem contact met ons op voor een demo van deze machine bij u op locatie.<\/p>\n<\/div>\n","protected":false},"featured_media":39399,"template":"","meta":{"_acf_changed":false,"inline_featured_image":false},"product_brand":[],"product_cat":[3844],"product_tag":[],"class_list":{"0":"post-39791","1":"product","2":"type-product","3":"status-publish","4":"has-post-thumbnail","6":"product_cat-personen-transporters","7":"yith_product_brand-zallys-nl","9":"first","10":"instock","11":"taxable","12":"shipping-taxable","13":"product-type-simple"},"acf":[],"yoast_head":"<!-- This site is optimized with the Yoast SEO plugin v27.4 - https:\/\/yoast.com\/product\/yoast-seo-wordpress\/ -->\n<title>S1 - 4-wielige elektrische transporttractor - Ohis<\/title>\n<meta name=\"robots\" content=\"index, follow, max-snippet:-1, max-image-preview:large, max-video-preview:-1\" \/>\n<link rel=\"canonical\" href=\"https:\/\/www.ohis.be\/nl\/produit\/s1-4-wielige-elektrische-transporttractor\/\" \/>\n<meta property=\"og:locale\" content=\"nl_NL\" \/>\n<meta property=\"og:type\" content=\"article\" \/>\n<meta property=\"og:title\" content=\"S1 - 4-wielige elektrische transporttractor - Ohis\" \/>\n<meta property=\"og:description\" content=\"De Zallys S1 elektrische transporttractor voor industri\u00eble logistiek is de ideale oplossing voor het elimineren van handmatige handling van lasten en het versnellen van verplaatsingen.   voor ladingen tot 500 kg  trekkracht tot 1500 kg  Atex- en IECEx-certificering beschikbaar voor gebruik in potentieel gevaarlijke en explosieve omgevingen  veelzijdig en compact  kleine draaicirkel  met luchtbanden voor gebruik binnen en buiten  optionele knop voor aanpassing aan 2 snelheden  breed scala aan standaardaccessoires of aanpasbaar op aanvraag  Toebehoren:   Veersysteem voor de instelling van de hardheid van de zitting  Paar kantelbare armleuningen  Veiligheidsgordels  Korf 730 x 500 x 220 mm  Montageplaat voor haken  Kogelkoppeling\/pin \u00d820-25  Pin koppeling \u00d816 mm  Koppelpen \u00d820 mm  Koppelpen \u00d835 mm  Trekhaak \u00d840 mm  Trekhaak voor aanhangwagens  Telescopische paal met zwaailicht  Mand met aan\/uit-toetsenbord  Mand voor stuur  Neem contact met ons op voor een demo van deze machine bij u op locatie.\" \/>\n<meta property=\"og:url\" content=\"https:\/\/www.ohis.be\/nl\/produit\/s1-4-wielige-elektrische-transporttractor\/\" \/>\n<meta property=\"og:site_name\" content=\"Ohis\" \/>\n<meta property=\"og:image\" content=\"https:\/\/www.ohis.be\/wp-content\/uploads\/2023\/10\/S1-tracteur-transporteur-electrique-a-4-roues.png\" \/>\n\t<meta property=\"og:image:width\" content=\"600\" \/>\n\t<meta property=\"og:image:height\" content=\"523\" \/>\n\t<meta property=\"og:image:type\" content=\"image\/png\" \/>\n<meta name=\"twitter:card\" content=\"summary_large_image\" \/>\n<meta name=\"twitter:label1\" content=\"Geschatte leestijd\" \/>\n\t<meta name=\"twitter:data1\" content=\"1 minuut\" \/>\n<script type=\"application\/ld+json\" class=\"yoast-schema-graph\">{\"@context\":\"https:\\\/\\\/schema.org\",\"@graph\":[{\"@type\":\"WebPage\",\"@id\":\"https:\\\/\\\/www.ohis.be\\\/nl\\\/produit\\\/s1-4-wielige-elektrische-transporttractor\\\/\",\"url\":\"https:\\\/\\\/www.ohis.be\\\/nl\\\/produit\\\/s1-4-wielige-elektrische-transporttractor\\\/\",\"name\":\"S1 - 4-wielige elektrische transporttractor - Ohis\",\"isPartOf\":{\"@id\":\"https:\\\/\\\/www.ohis.be\\\/#website\"},\"primaryImageOfPage\":{\"@id\":\"https:\\\/\\\/www.ohis.be\\\/nl\\\/produit\\\/s1-4-wielige-elektrische-transporttractor\\\/#primaryimage\"},\"image\":{\"@id\":\"https:\\\/\\\/www.ohis.be\\\/nl\\\/produit\\\/s1-4-wielige-elektrische-transporttractor\\\/#primaryimage\"},\"thumbnailUrl\":\"https:\\\/\\\/www.ohis.be\\\/wp-content\\\/uploads\\\/2023\\\/10\\\/S1-tracteur-transporteur-electrique-a-4-roues.png\",\"datePublished\":\"2023-10-12T18:18:49+00:00\",\"breadcrumb\":{\"@id\":\"https:\\\/\\\/www.ohis.be\\\/nl\\\/produit\\\/s1-4-wielige-elektrische-transporttractor\\\/#breadcrumb\"},\"inLanguage\":\"nl-NL\",\"potentialAction\":[{\"@type\":\"ReadAction\",\"target\":[\"https:\\\/\\\/www.ohis.be\\\/nl\\\/produit\\\/s1-4-wielige-elektrische-transporttractor\\\/\"]}]},{\"@type\":\"ImageObject\",\"inLanguage\":\"nl-NL\",\"@id\":\"https:\\\/\\\/www.ohis.be\\\/nl\\\/produit\\\/s1-4-wielige-elektrische-transporttractor\\\/#primaryimage\",\"url\":\"https:\\\/\\\/www.ohis.be\\\/wp-content\\\/uploads\\\/2023\\\/10\\\/S1-tracteur-transporteur-electrique-a-4-roues.png\",\"contentUrl\":\"https:\\\/\\\/www.ohis.be\\\/wp-content\\\/uploads\\\/2023\\\/10\\\/S1-tracteur-transporteur-electrique-a-4-roues.png\",\"width\":600,\"height\":523},{\"@type\":\"BreadcrumbList\",\"@id\":\"https:\\\/\\\/www.ohis.be\\\/nl\\\/produit\\\/s1-4-wielige-elektrische-transporttractor\\\/#breadcrumb\",\"itemListElement\":[{\"@type\":\"ListItem\",\"position\":1,\"name\":\"Accueil\",\"item\":\"https:\\\/\\\/www.ohis.be\\\/nl\\\/\"},{\"@type\":\"ListItem\",\"position\":2,\"name\":\"Producten\",\"item\":\"https:\\\/\\\/www.ohis.be\\\/nl\\\/producten\\\/\"},{\"@type\":\"ListItem\",\"position\":3,\"name\":\"S1 &#8211; 4-wielige elektrische transporttractor\"}]},{\"@type\":\"WebSite\",\"@id\":\"https:\\\/\\\/www.ohis.be\\\/#website\",\"url\":\"https:\\\/\\\/www.ohis.be\\\/\",\"name\":\"Ohis\",\"description\":\"Outils de levage\",\"publisher\":{\"@id\":\"https:\\\/\\\/www.ohis.be\\\/#organization\"},\"potentialAction\":[{\"@type\":\"SearchAction\",\"target\":{\"@type\":\"EntryPoint\",\"urlTemplate\":\"https:\\\/\\\/www.ohis.be\\\/?s={search_term_string}\"},\"query-input\":{\"@type\":\"PropertyValueSpecification\",\"valueRequired\":true,\"valueName\":\"search_term_string\"}}],\"inLanguage\":\"nl-NL\"},{\"@type\":\"Organization\",\"@id\":\"https:\\\/\\\/www.ohis.be\\\/#organization\",\"name\":\"Ohis\",\"url\":\"https:\\\/\\\/www.ohis.be\\\/\",\"logo\":{\"@type\":\"ImageObject\",\"inLanguage\":\"nl-NL\",\"@id\":\"https:\\\/\\\/www.ohis.be\\\/#\\\/schema\\\/logo\\\/image\\\/\",\"url\":\"https:\\\/\\\/www.ohis.be\\\/wp-content\\\/uploads\\\/2021\\\/02\\\/logo-ohis-wit.svg\",\"contentUrl\":\"https:\\\/\\\/www.ohis.be\\\/wp-content\\\/uploads\\\/2021\\\/02\\\/logo-ohis-wit.svg\",\"caption\":\"Ohis\"},\"image\":{\"@id\":\"https:\\\/\\\/www.ohis.be\\\/#\\\/schema\\\/logo\\\/image\\\/\"}}]}<\/script>\n<!-- \/ Yoast SEO plugin. -->","yoast_head_json":{"title":"S1 - 4-wielige elektrische transporttractor - Ohis","robots":{"index":"index","follow":"follow","max-snippet":"max-snippet:-1","max-image-preview":"max-image-preview:large","max-video-preview":"max-video-preview:-1"},"canonical":"https:\/\/www.ohis.be\/nl\/produit\/s1-4-wielige-elektrische-transporttractor\/","og_locale":"nl_NL","og_type":"article","og_title":"S1 - 4-wielige elektrische transporttractor - Ohis","og_description":"De Zallys S1 elektrische transporttractor voor industri\u00eble logistiek is de ideale oplossing voor het elimineren van handmatige handling van lasten en het versnellen van verplaatsingen.   voor ladingen tot 500 kg  trekkracht tot 1500 kg  Atex- en IECEx-certificering beschikbaar voor gebruik in potentieel gevaarlijke en explosieve omgevingen  veelzijdig en compact  kleine draaicirkel  met luchtbanden voor gebruik binnen en buiten  optionele knop voor aanpassing aan 2 snelheden  breed scala aan standaardaccessoires of aanpasbaar op aanvraag  Toebehoren:   Veersysteem voor de instelling van de hardheid van de zitting  Paar kantelbare armleuningen  Veiligheidsgordels  Korf 730 x 500 x 220 mm  Montageplaat voor haken  Kogelkoppeling\/pin \u00d820-25  Pin koppeling \u00d816 mm  Koppelpen \u00d820 mm  Koppelpen \u00d835 mm  Trekhaak \u00d840 mm  Trekhaak voor aanhangwagens  Telescopische paal met zwaailicht  Mand met aan\/uit-toetsenbord  Mand voor stuur  Neem contact met ons op voor een demo van deze machine bij u op locatie.","og_url":"https:\/\/www.ohis.be\/nl\/produit\/s1-4-wielige-elektrische-transporttractor\/","og_site_name":"Ohis","og_image":[{"width":600,"height":523,"url":"https:\/\/www.ohis.be\/wp-content\/uploads\/2023\/10\/S1-tracteur-transporteur-electrique-a-4-roues.png","type":"image\/png"}],"twitter_card":"summary_large_image","twitter_misc":{"Geschatte leestijd":"1 minuut"},"schema":{"@context":"https:\/\/schema.org","@graph":[{"@type":"WebPage","@id":"https:\/\/www.ohis.be\/nl\/produit\/s1-4-wielige-elektrische-transporttractor\/","url":"https:\/\/www.ohis.be\/nl\/produit\/s1-4-wielige-elektrische-transporttractor\/","name":"S1 - 4-wielige elektrische transporttractor - Ohis","isPartOf":{"@id":"https:\/\/www.ohis.be\/#website"},"primaryImageOfPage":{"@id":"https:\/\/www.ohis.be\/nl\/produit\/s1-4-wielige-elektrische-transporttractor\/#primaryimage"},"image":{"@id":"https:\/\/www.ohis.be\/nl\/produit\/s1-4-wielige-elektrische-transporttractor\/#primaryimage"},"thumbnailUrl":"https:\/\/www.ohis.be\/wp-content\/uploads\/2023\/10\/S1-tracteur-transporteur-electrique-a-4-roues.png","datePublished":"2023-10-12T18:18:49+00:00","breadcrumb":{"@id":"https:\/\/www.ohis.be\/nl\/produit\/s1-4-wielige-elektrische-transporttractor\/#breadcrumb"},"inLanguage":"nl-NL","potentialAction":[{"@type":"ReadAction","target":["https:\/\/www.ohis.be\/nl\/produit\/s1-4-wielige-elektrische-transporttractor\/"]}]},{"@type":"ImageObject","inLanguage":"nl-NL","@id":"https:\/\/www.ohis.be\/nl\/produit\/s1-4-wielige-elektrische-transporttractor\/#primaryimage","url":"https:\/\/www.ohis.be\/wp-content\/uploads\/2023\/10\/S1-tracteur-transporteur-electrique-a-4-roues.png","contentUrl":"https:\/\/www.ohis.be\/wp-content\/uploads\/2023\/10\/S1-tracteur-transporteur-electrique-a-4-roues.png","width":600,"height":523},{"@type":"BreadcrumbList","@id":"https:\/\/www.ohis.be\/nl\/produit\/s1-4-wielige-elektrische-transporttractor\/#breadcrumb","itemListElement":[{"@type":"ListItem","position":1,"name":"Accueil","item":"https:\/\/www.ohis.be\/nl\/"},{"@type":"ListItem","position":2,"name":"Producten","item":"https:\/\/www.ohis.be\/nl\/producten\/"},{"@type":"ListItem","position":3,"name":"S1 &#8211; 4-wielige elektrische transporttractor"}]},{"@type":"WebSite","@id":"https:\/\/www.ohis.be\/#website","url":"https:\/\/www.ohis.be\/","name":"Ohis","description":"Outils de levage","publisher":{"@id":"https:\/\/www.ohis.be\/#organization"},"potentialAction":[{"@type":"SearchAction","target":{"@type":"EntryPoint","urlTemplate":"https:\/\/www.ohis.be\/?s={search_term_string}"},"query-input":{"@type":"PropertyValueSpecification","valueRequired":true,"valueName":"search_term_string"}}],"inLanguage":"nl-NL"},{"@type":"Organization","@id":"https:\/\/www.ohis.be\/#organization","name":"Ohis","url":"https:\/\/www.ohis.be\/","logo":{"@type":"ImageObject","inLanguage":"nl-NL","@id":"https:\/\/www.ohis.be\/#\/schema\/logo\/image\/","url":"https:\/\/www.ohis.be\/wp-content\/uploads\/2021\/02\/logo-ohis-wit.svg","contentUrl":"https:\/\/www.ohis.be\/wp-content\/uploads\/2021\/02\/logo-ohis-wit.svg","caption":"Ohis"},"image":{"@id":"https:\/\/www.ohis.be\/#\/schema\/logo\/image\/"}}]}},"_links":{"self":[{"href":"https:\/\/www.ohis.be\/nl\/wp-json\/wp\/v2\/product\/39791","targetHints":{"allow":["GET"]}}],"collection":[{"href":"https:\/\/www.ohis.be\/nl\/wp-json\/wp\/v2\/product"}],"about":[{"href":"https:\/\/www.ohis.be\/nl\/wp-json\/wp\/v2\/types\/product"}],"wp:featuredmedia":[{"embeddable":true,"href":"https:\/\/www.ohis.be\/nl\/wp-json\/wp\/v2\/media\/39399"}],"wp:attachment":[{"href":"https:\/\/www.ohis.be\/nl\/wp-json\/wp\/v2\/media?parent=39791"}],"wp:term":[{"taxonomy":"product_brand","embeddable":true,"href":"https:\/\/www.ohis.be\/nl\/wp-json\/wp\/v2\/product_brand?post=39791"},{"taxonomy":"product_cat","embeddable":true,"href":"https:\/\/www.ohis.be\/nl\/wp-json\/wp\/v2\/product_cat?post=39791"},{"taxonomy":"product_tag","embeddable":true,"href":"https:\/\/www.ohis.be\/nl\/wp-json\/wp\/v2\/product_tag?post=39791"}],"curies":[{"name":"wp","href":"https:\/\/api.w.org\/{rel}","templated":true}]}}