{"id":39727,"date":"2023-10-12T20:20:04","date_gmt":"2023-10-12T18:20:04","guid":{"rendered":"https:\/\/www.ohis.be\/produit\/jack-l-man-aan-boord-van-tractorwagen\/"},"modified":"2023-10-24T14:45:26","modified_gmt":"2023-10-24T12:45:26","slug":"jack-l-man-aan-boord-van-tractorwagen","status":"publish","type":"product","link":"https:\/\/www.ohis.be\/nl\/produit\/jack-l-man-aan-boord-van-tractorwagen\/","title":{"rendered":"JACK L &#8211; Man aan boord van tractorwagen"},"content":{"rendered":"<div class=\"descrizione text-lg mb-5\">\n<p>De Zallys Jack 1200W 1\/22 elektrische platformtrekker is de ideale oplossing om het manueel verplaatsen van lasten te elimineren en bewegingen te versnellen.<\/p>\n<ul>\n<li>voor lasten tot 500 kg<\/li>\n<li>trekkracht tot 1500 kg<\/li>\n<li>veelzijdig en compact<\/li>\n<li>met luchtbanden voor gebruik binnen en buiten<\/li>\n<li>optionele knop voor aanpassing aan 2 snelheden<\/li>\n<li>breed scala aan standaardaccessoires of aanpasbaar op aanvraag<\/li>\n<\/ul>\n<p><strong>Toebehoren:<\/strong><\/p>\n<\/div>\n<ul>\n<li>MAX 6 st. &#8211; Ballast 3,5 kg<\/li>\n<li>Montageplaat voor haken<\/li>\n<li>Stiftkoppeling \u00d816 mm<\/li>\n<li>Kogel\/pinkoppeling \u00d820-25<\/li>\n<li>Penkoppeling \u00d820 mm<\/li>\n<li>Penkoppeling \u00d835 mm<\/li>\n<li>Penkoppeling \u00d840 mm<\/li>\n<li>Kogelkoppeling voor aanhangwagens<\/li>\n<li>Platform 830 x 1250 x 185 mm<\/li>\n<li>Aansluitset voor platformen<\/li>\n<li>Telescopische paal met zwaailicht<\/li>\n<li>StuurkorfMand met aan\/uit-toetsenbord<\/li>\n<li>Set voorbumper<\/li>\n<\/ul>\n<p>Neem contact met ons op voor een demo van deze machine bij u op locatie.<\/p>\n","protected":false},"excerpt":{"rendered":"<div class=\"descrizione text-lg mb-5\">\n<p>De Zallys Jack 1200W 1\/22 elektrische platformtrekker is de ideale oplossing om het manueel verplaatsen van lasten te elimineren en bewegingen te versnellen.<\/p>\n<ul>\n<li>voor lasten tot 500 kg<\/li>\n<li>trekkracht tot 1500 kg<\/li>\n<li>veelzijdig en compact<\/li>\n<li>met luchtbanden voor gebruik binnen en buiten<\/li>\n<li>optionele knop voor aanpassing aan 2 snelheden<\/li>\n<li>breed scala aan standaardaccessoires of aanpasbaar op aanvraag<\/li>\n<\/ul>\n<p><strong>Toebehoren:<\/strong><\/p>\n<\/div>\n<ul>\n<li>MAX 6 st. &#8211; Ballast 3,5 kg<\/li>\n<li>Montageplaat voor haken<\/li>\n<li>Stiftkoppeling \u00d816 mm<\/li>\n<li>Kogel\/pinkoppeling \u00d820-25<\/li>\n<li>Penkoppeling \u00d820 mm<\/li>\n<li>Penkoppeling \u00d835 mm<\/li>\n<li>Penkoppeling \u00d840 mm<\/li>\n<li>Kogelkoppeling voor aanhangwagens<\/li>\n<li>Platform 830 x 1250 x 185 mm<\/li>\n<li>Aansluitset voor platformen<\/li>\n<li>Telescopische paal met zwaailicht<\/li>\n<li>StuurkorfMand met aan\/uit-toetsenbord<\/li>\n<li>Set voorbumper<\/li>\n<\/ul>\n<p>Neem contact met ons op voor een demo van deze machine bij u op locatie.<\/p>\n","protected":false},"featured_media":39262,"template":"","meta":{"_acf_changed":false,"inline_featured_image":false},"product_brand":[],"product_cat":[3844],"product_tag":[],"class_list":{"0":"post-39727","1":"product","2":"type-product","3":"status-publish","4":"has-post-thumbnail","6":"product_cat-personen-transporters","7":"yith_product_brand-zallys-nl","9":"first","10":"instock","11":"taxable","12":"shipping-taxable","13":"product-type-simple"},"acf":[],"yoast_head":"<!-- This site is optimized with the Yoast SEO plugin v27.4 - https:\/\/yoast.com\/product\/yoast-seo-wordpress\/ -->\n<title>JACK L - Man aan boord van tractorwagen - Ohis<\/title>\n<meta name=\"robots\" content=\"index, follow, max-snippet:-1, max-image-preview:large, max-video-preview:-1\" \/>\n<link rel=\"canonical\" href=\"https:\/\/www.ohis.be\/nl\/produit\/jack-l-man-aan-boord-van-tractorwagen\/\" \/>\n<meta property=\"og:locale\" content=\"nl_NL\" \/>\n<meta property=\"og:type\" content=\"article\" \/>\n<meta property=\"og:title\" content=\"JACK L - Man aan boord van tractorwagen - Ohis\" \/>\n<meta property=\"og:description\" content=\"De Zallys Jack 1200W 1\/22 elektrische platformtrekker is de ideale oplossing om het manueel verplaatsen van lasten te elimineren en bewegingen te versnellen.   voor lasten tot 500 kg  trekkracht tot 1500 kg  veelzijdig en compact  met luchtbanden voor gebruik binnen en buiten  optionele knop voor aanpassing aan 2 snelheden  breed scala aan standaardaccessoires of aanpasbaar op aanvraag  Toebehoren:     MAX 6 st. - Ballast 3,5 kg  Montageplaat voor haken  Stiftkoppeling \u00d816 mm  Kogel\/pinkoppeling \u00d820-25  Penkoppeling \u00d820 mm  Penkoppeling \u00d835 mm  Penkoppeling \u00d840 mm  Kogelkoppeling voor aanhangwagens  Platform 830 x 1250 x 185 mm  Aansluitset voor platformen  Telescopische paal met zwaailicht  StuurkorfMand met aan\/uit-toetsenbord  Set voorbumper  Neem contact met ons op voor een demo van deze machine bij u op locatie.\" \/>\n<meta property=\"og:url\" content=\"https:\/\/www.ohis.be\/nl\/produit\/jack-l-man-aan-boord-van-tractorwagen\/\" \/>\n<meta property=\"og:site_name\" content=\"Ohis\" \/>\n<meta property=\"article:modified_time\" content=\"2023-10-24T12:45:26+00:00\" \/>\n<meta property=\"og:image\" content=\"https:\/\/www.ohis.be\/wp-content\/uploads\/2023\/10\/JACK-L-chariot-tracteur-homme-a-bord.jpg\" \/>\n\t<meta property=\"og:image:width\" content=\"600\" \/>\n\t<meta property=\"og:image:height\" content=\"428\" \/>\n\t<meta property=\"og:image:type\" content=\"image\/jpeg\" \/>\n<meta name=\"twitter:card\" content=\"summary_large_image\" \/>\n<meta name=\"twitter:label1\" content=\"Geschatte leestijd\" \/>\n\t<meta name=\"twitter:data1\" content=\"1 minuut\" \/>\n<script type=\"application\/ld+json\" class=\"yoast-schema-graph\">{\"@context\":\"https:\\\/\\\/schema.org\",\"@graph\":[{\"@type\":\"WebPage\",\"@id\":\"https:\\\/\\\/www.ohis.be\\\/nl\\\/produit\\\/jack-l-man-aan-boord-van-tractorwagen\\\/\",\"url\":\"https:\\\/\\\/www.ohis.be\\\/nl\\\/produit\\\/jack-l-man-aan-boord-van-tractorwagen\\\/\",\"name\":\"JACK L - Man aan boord van tractorwagen - Ohis\",\"isPartOf\":{\"@id\":\"https:\\\/\\\/www.ohis.be\\\/#website\"},\"primaryImageOfPage\":{\"@id\":\"https:\\\/\\\/www.ohis.be\\\/nl\\\/produit\\\/jack-l-man-aan-boord-van-tractorwagen\\\/#primaryimage\"},\"image\":{\"@id\":\"https:\\\/\\\/www.ohis.be\\\/nl\\\/produit\\\/jack-l-man-aan-boord-van-tractorwagen\\\/#primaryimage\"},\"thumbnailUrl\":\"https:\\\/\\\/www.ohis.be\\\/wp-content\\\/uploads\\\/2023\\\/10\\\/JACK-L-chariot-tracteur-homme-a-bord.jpg\",\"datePublished\":\"2023-10-12T18:20:04+00:00\",\"dateModified\":\"2023-10-24T12:45:26+00:00\",\"breadcrumb\":{\"@id\":\"https:\\\/\\\/www.ohis.be\\\/nl\\\/produit\\\/jack-l-man-aan-boord-van-tractorwagen\\\/#breadcrumb\"},\"inLanguage\":\"nl-NL\",\"potentialAction\":[{\"@type\":\"ReadAction\",\"target\":[\"https:\\\/\\\/www.ohis.be\\\/nl\\\/produit\\\/jack-l-man-aan-boord-van-tractorwagen\\\/\"]}]},{\"@type\":\"ImageObject\",\"inLanguage\":\"nl-NL\",\"@id\":\"https:\\\/\\\/www.ohis.be\\\/nl\\\/produit\\\/jack-l-man-aan-boord-van-tractorwagen\\\/#primaryimage\",\"url\":\"https:\\\/\\\/www.ohis.be\\\/wp-content\\\/uploads\\\/2023\\\/10\\\/JACK-L-chariot-tracteur-homme-a-bord.jpg\",\"contentUrl\":\"https:\\\/\\\/www.ohis.be\\\/wp-content\\\/uploads\\\/2023\\\/10\\\/JACK-L-chariot-tracteur-homme-a-bord.jpg\",\"width\":600,\"height\":428},{\"@type\":\"BreadcrumbList\",\"@id\":\"https:\\\/\\\/www.ohis.be\\\/nl\\\/produit\\\/jack-l-man-aan-boord-van-tractorwagen\\\/#breadcrumb\",\"itemListElement\":[{\"@type\":\"ListItem\",\"position\":1,\"name\":\"Accueil\",\"item\":\"https:\\\/\\\/www.ohis.be\\\/nl\\\/\"},{\"@type\":\"ListItem\",\"position\":2,\"name\":\"Producten\",\"item\":\"https:\\\/\\\/www.ohis.be\\\/nl\\\/producten\\\/\"},{\"@type\":\"ListItem\",\"position\":3,\"name\":\"JACK L &#8211; Man aan boord van tractorwagen\"}]},{\"@type\":\"WebSite\",\"@id\":\"https:\\\/\\\/www.ohis.be\\\/#website\",\"url\":\"https:\\\/\\\/www.ohis.be\\\/\",\"name\":\"Ohis\",\"description\":\"Outils de levage\",\"publisher\":{\"@id\":\"https:\\\/\\\/www.ohis.be\\\/#organization\"},\"potentialAction\":[{\"@type\":\"SearchAction\",\"target\":{\"@type\":\"EntryPoint\",\"urlTemplate\":\"https:\\\/\\\/www.ohis.be\\\/?s={search_term_string}\"},\"query-input\":{\"@type\":\"PropertyValueSpecification\",\"valueRequired\":true,\"valueName\":\"search_term_string\"}}],\"inLanguage\":\"nl-NL\"},{\"@type\":\"Organization\",\"@id\":\"https:\\\/\\\/www.ohis.be\\\/#organization\",\"name\":\"Ohis\",\"url\":\"https:\\\/\\\/www.ohis.be\\\/\",\"logo\":{\"@type\":\"ImageObject\",\"inLanguage\":\"nl-NL\",\"@id\":\"https:\\\/\\\/www.ohis.be\\\/#\\\/schema\\\/logo\\\/image\\\/\",\"url\":\"https:\\\/\\\/www.ohis.be\\\/wp-content\\\/uploads\\\/2021\\\/02\\\/logo-ohis-wit.svg\",\"contentUrl\":\"https:\\\/\\\/www.ohis.be\\\/wp-content\\\/uploads\\\/2021\\\/02\\\/logo-ohis-wit.svg\",\"caption\":\"Ohis\"},\"image\":{\"@id\":\"https:\\\/\\\/www.ohis.be\\\/#\\\/schema\\\/logo\\\/image\\\/\"}}]}<\/script>\n<!-- \/ Yoast SEO plugin. -->","yoast_head_json":{"title":"JACK L - Man aan boord van tractorwagen - Ohis","robots":{"index":"index","follow":"follow","max-snippet":"max-snippet:-1","max-image-preview":"max-image-preview:large","max-video-preview":"max-video-preview:-1"},"canonical":"https:\/\/www.ohis.be\/nl\/produit\/jack-l-man-aan-boord-van-tractorwagen\/","og_locale":"nl_NL","og_type":"article","og_title":"JACK L - Man aan boord van tractorwagen - Ohis","og_description":"De Zallys Jack 1200W 1\/22 elektrische platformtrekker is de ideale oplossing om het manueel verplaatsen van lasten te elimineren en bewegingen te versnellen.   voor lasten tot 500 kg  trekkracht tot 1500 kg  veelzijdig en compact  met luchtbanden voor gebruik binnen en buiten  optionele knop voor aanpassing aan 2 snelheden  breed scala aan standaardaccessoires of aanpasbaar op aanvraag  Toebehoren:     MAX 6 st. - Ballast 3,5 kg  Montageplaat voor haken  Stiftkoppeling \u00d816 mm  Kogel\/pinkoppeling \u00d820-25  Penkoppeling \u00d820 mm  Penkoppeling \u00d835 mm  Penkoppeling \u00d840 mm  Kogelkoppeling voor aanhangwagens  Platform 830 x 1250 x 185 mm  Aansluitset voor platformen  Telescopische paal met zwaailicht  StuurkorfMand met aan\/uit-toetsenbord  Set voorbumper  Neem contact met ons op voor een demo van deze machine bij u op locatie.","og_url":"https:\/\/www.ohis.be\/nl\/produit\/jack-l-man-aan-boord-van-tractorwagen\/","og_site_name":"Ohis","article_modified_time":"2023-10-24T12:45:26+00:00","og_image":[{"width":600,"height":428,"url":"https:\/\/www.ohis.be\/wp-content\/uploads\/2023\/10\/JACK-L-chariot-tracteur-homme-a-bord.jpg","type":"image\/jpeg"}],"twitter_card":"summary_large_image","twitter_misc":{"Geschatte leestijd":"1 minuut"},"schema":{"@context":"https:\/\/schema.org","@graph":[{"@type":"WebPage","@id":"https:\/\/www.ohis.be\/nl\/produit\/jack-l-man-aan-boord-van-tractorwagen\/","url":"https:\/\/www.ohis.be\/nl\/produit\/jack-l-man-aan-boord-van-tractorwagen\/","name":"JACK L - Man aan boord van tractorwagen - Ohis","isPartOf":{"@id":"https:\/\/www.ohis.be\/#website"},"primaryImageOfPage":{"@id":"https:\/\/www.ohis.be\/nl\/produit\/jack-l-man-aan-boord-van-tractorwagen\/#primaryimage"},"image":{"@id":"https:\/\/www.ohis.be\/nl\/produit\/jack-l-man-aan-boord-van-tractorwagen\/#primaryimage"},"thumbnailUrl":"https:\/\/www.ohis.be\/wp-content\/uploads\/2023\/10\/JACK-L-chariot-tracteur-homme-a-bord.jpg","datePublished":"2023-10-12T18:20:04+00:00","dateModified":"2023-10-24T12:45:26+00:00","breadcrumb":{"@id":"https:\/\/www.ohis.be\/nl\/produit\/jack-l-man-aan-boord-van-tractorwagen\/#breadcrumb"},"inLanguage":"nl-NL","potentialAction":[{"@type":"ReadAction","target":["https:\/\/www.ohis.be\/nl\/produit\/jack-l-man-aan-boord-van-tractorwagen\/"]}]},{"@type":"ImageObject","inLanguage":"nl-NL","@id":"https:\/\/www.ohis.be\/nl\/produit\/jack-l-man-aan-boord-van-tractorwagen\/#primaryimage","url":"https:\/\/www.ohis.be\/wp-content\/uploads\/2023\/10\/JACK-L-chariot-tracteur-homme-a-bord.jpg","contentUrl":"https:\/\/www.ohis.be\/wp-content\/uploads\/2023\/10\/JACK-L-chariot-tracteur-homme-a-bord.jpg","width":600,"height":428},{"@type":"BreadcrumbList","@id":"https:\/\/www.ohis.be\/nl\/produit\/jack-l-man-aan-boord-van-tractorwagen\/#breadcrumb","itemListElement":[{"@type":"ListItem","position":1,"name":"Accueil","item":"https:\/\/www.ohis.be\/nl\/"},{"@type":"ListItem","position":2,"name":"Producten","item":"https:\/\/www.ohis.be\/nl\/producten\/"},{"@type":"ListItem","position":3,"name":"JACK L &#8211; Man aan boord van tractorwagen"}]},{"@type":"WebSite","@id":"https:\/\/www.ohis.be\/#website","url":"https:\/\/www.ohis.be\/","name":"Ohis","description":"Outils de levage","publisher":{"@id":"https:\/\/www.ohis.be\/#organization"},"potentialAction":[{"@type":"SearchAction","target":{"@type":"EntryPoint","urlTemplate":"https:\/\/www.ohis.be\/?s={search_term_string}"},"query-input":{"@type":"PropertyValueSpecification","valueRequired":true,"valueName":"search_term_string"}}],"inLanguage":"nl-NL"},{"@type":"Organization","@id":"https:\/\/www.ohis.be\/#organization","name":"Ohis","url":"https:\/\/www.ohis.be\/","logo":{"@type":"ImageObject","inLanguage":"nl-NL","@id":"https:\/\/www.ohis.be\/#\/schema\/logo\/image\/","url":"https:\/\/www.ohis.be\/wp-content\/uploads\/2021\/02\/logo-ohis-wit.svg","contentUrl":"https:\/\/www.ohis.be\/wp-content\/uploads\/2021\/02\/logo-ohis-wit.svg","caption":"Ohis"},"image":{"@id":"https:\/\/www.ohis.be\/#\/schema\/logo\/image\/"}}]}},"_links":{"self":[{"href":"https:\/\/www.ohis.be\/nl\/wp-json\/wp\/v2\/product\/39727","targetHints":{"allow":["GET"]}}],"collection":[{"href":"https:\/\/www.ohis.be\/nl\/wp-json\/wp\/v2\/product"}],"about":[{"href":"https:\/\/www.ohis.be\/nl\/wp-json\/wp\/v2\/types\/product"}],"wp:featuredmedia":[{"embeddable":true,"href":"https:\/\/www.ohis.be\/nl\/wp-json\/wp\/v2\/media\/39262"}],"wp:attachment":[{"href":"https:\/\/www.ohis.be\/nl\/wp-json\/wp\/v2\/media?parent=39727"}],"wp:term":[{"taxonomy":"product_brand","embeddable":true,"href":"https:\/\/www.ohis.be\/nl\/wp-json\/wp\/v2\/product_brand?post=39727"},{"taxonomy":"product_cat","embeddable":true,"href":"https:\/\/www.ohis.be\/nl\/wp-json\/wp\/v2\/product_cat?post=39727"},{"taxonomy":"product_tag","embeddable":true,"href":"https:\/\/www.ohis.be\/nl\/wp-json\/wp\/v2\/product_tag?post=39727"}],"curies":[{"name":"wp","href":"https:\/\/api.w.org\/{rel}","templated":true}]}}