{"id":39724,"date":"2023-10-12T20:22:02","date_gmt":"2023-10-12T18:22:02","guid":{"rendered":"https:\/\/www.ohis.be\/produit\/jack-elektrische-tractor-met-bestuurder\/"},"modified":"2023-10-12T20:22:02","modified_gmt":"2023-10-12T18:22:02","slug":"jack-elektrische-tractor-met-bestuurder","status":"publish","type":"product","link":"https:\/\/www.ohis.be\/nl\/produit\/jack-elektrische-tractor-met-bestuurder\/","title":{"rendered":"JACK &#8211; Elektrische tractor met bestuurder"},"content":{"rendered":"<div class=\"descrizione text-lg mb-5\">\n<p>De Zallys JACK zit-tractor voor industri\u00eble logistiek is de ideale oplossing voor het elimineren van handmatige werkzaamheden en het versnellen van verplaatsingen.<\/p>\n<ul>\n<li>voor het slepen van lasten tot 1500 kg en het transporteren van lasten tot 500 kg<\/li>\n<li>Atex- en IECEx-certificering beschikbaar voor gebruik in potentieel gevaarlijke en explosieve omgevingen<\/li>\n<li>veelzijdig en compact<\/li>\n<li>kleine draaicirkel<\/li>\n<li>met luchtbanden voor gebruik binnen en buiten<\/li>\n<li>snelheidsregelknop<\/li>\n<li>breed scala aan standaardaccessoires of maatwerk op aanvraag<\/li>\n<\/ul>\n<p><strong>Toebehoren:<\/strong><\/p>\n<\/div>\n<ul>\n<li>Korf 730 x 730 x 220 mm<\/li>\n<li>Bak 750x1020xh230 mm<\/li>\n<li>Bevestigingsplaat voor haken<\/li>\n<li>Kogelkoppeling\/pen \u00d820-25<\/li>\n<li>Pin koppeling \u00d816 mm<\/li>\n<li>Pin koppeling \u00d820 mm<\/li>\n<li>Pin koppeling \u00d835 mm<\/li>\n<li>Pin koppeling \u00d840 mm<\/li>\n<li>Telescopische stang met zwaailicht<\/li>\n<li>Afstandsset voor zwaailicht<\/li>\n<li>Kogelkoppeling voor aanhangwagens<\/li>\n<li>Stuurkorf<\/li>\n<li>Mand met aan\/uit-toetsenbord<\/li>\n<\/ul>\n<p>Neem contact met ons op voor een demo van deze machine bij u op locatie.<\/p>\n","protected":false},"excerpt":{"rendered":"<div class=\"descrizione text-lg mb-5\">\n<p>De Zallys JACK zit-tractor voor industri\u00eble logistiek is de ideale oplossing voor het elimineren van handmatige werkzaamheden en het versnellen van verplaatsingen.<\/p>\n<ul>\n<li>voor het slepen van lasten tot 1500 kg en het transporteren van lasten tot 500 kg<\/li>\n<li>Atex- en IECEx-certificering beschikbaar voor gebruik in potentieel gevaarlijke en explosieve omgevingen<\/li>\n<li>veelzijdig en compact<\/li>\n<li>kleine draaicirkel<\/li>\n<li>met luchtbanden voor gebruik binnen en buiten<\/li>\n<li>snelheidsregelknop<\/li>\n<li>breed scala aan standaardaccessoires of maatwerk op aanvraag<\/li>\n<\/ul>\n<p><strong>Toebehoren:<\/strong><\/p>\n<\/div>\n<ul>\n<li>Korf 730 x 730 x 220 mm<\/li>\n<li>Bak 750x1020xh230 mm<\/li>\n<li>Bevestigingsplaat voor haken<\/li>\n<li>Kogelkoppeling\/pen \u00d820-25<\/li>\n<li>Pin koppeling \u00d816 mm<\/li>\n<li>Pin koppeling \u00d820 mm<\/li>\n<li>Pin koppeling \u00d835 mm<\/li>\n<li>Pin koppeling \u00d840 mm<\/li>\n<li>Telescopische stang met zwaailicht<\/li>\n<li>Afstandsset voor zwaailicht<\/li>\n<li>Kogelkoppeling voor aanhangwagens<\/li>\n<li>Stuurkorf<\/li>\n<li>Mand met aan\/uit-toetsenbord<\/li>\n<\/ul>\n<p>Neem contact met ons op voor een demo van deze machine bij u op locatie.<\/p>\n","protected":false},"featured_media":39204,"template":"","meta":{"_acf_changed":false,"inline_featured_image":false},"product_brand":[],"product_cat":[3844],"product_tag":[],"class_list":{"0":"post-39724","1":"product","2":"type-product","3":"status-publish","4":"has-post-thumbnail","6":"product_cat-personen-transporters","7":"yith_product_brand-zallys-nl","9":"first","10":"instock","11":"taxable","12":"shipping-taxable","13":"product-type-simple"},"acf":[],"yoast_head":"<!-- This site is optimized with the Yoast SEO plugin v27.4 - https:\/\/yoast.com\/product\/yoast-seo-wordpress\/ -->\n<title>JACK - Elektrische tractor met bestuurder - Ohis<\/title>\n<meta name=\"robots\" content=\"index, follow, max-snippet:-1, max-image-preview:large, max-video-preview:-1\" \/>\n<link rel=\"canonical\" href=\"https:\/\/www.ohis.be\/nl\/produit\/jack-elektrische-tractor-met-bestuurder\/\" \/>\n<meta property=\"og:locale\" content=\"nl_NL\" \/>\n<meta property=\"og:type\" content=\"article\" \/>\n<meta property=\"og:title\" content=\"JACK - Elektrische tractor met bestuurder - Ohis\" \/>\n<meta property=\"og:description\" content=\"De Zallys JACK zit-tractor voor industri\u00eble logistiek is de ideale oplossing voor het elimineren van handmatige werkzaamheden en het versnellen van verplaatsingen.   voor het slepen van lasten tot 1500 kg en het transporteren van lasten tot 500 kg  Atex- en IECEx-certificering beschikbaar voor gebruik in potentieel gevaarlijke en explosieve omgevingen  veelzijdig en compact  kleine draaicirkel  met luchtbanden voor gebruik binnen en buiten  snelheidsregelknop  breed scala aan standaardaccessoires of maatwerk op aanvraag  Toebehoren:     Korf 730 x 730 x 220 mm  Bak 750x1020xh230 mm  Bevestigingsplaat voor haken  Kogelkoppeling\/pen \u00d820-25  Pin koppeling \u00d816 mm  Pin koppeling \u00d820 mm  Pin koppeling \u00d835 mm  Pin koppeling \u00d840 mm  Telescopische stang met zwaailicht  Afstandsset voor zwaailicht  Kogelkoppeling voor aanhangwagens  Stuurkorf  Mand met aan\/uit-toetsenbord  Neem contact met ons op voor een demo van deze machine bij u op locatie.\" \/>\n<meta property=\"og:url\" content=\"https:\/\/www.ohis.be\/nl\/produit\/jack-elektrische-tractor-met-bestuurder\/\" \/>\n<meta property=\"og:site_name\" content=\"Ohis\" \/>\n<meta property=\"og:image\" content=\"https:\/\/www.ohis.be\/wp-content\/uploads\/2023\/10\/JACK-tracteur-electrique-avec-conducteur.png\" \/>\n\t<meta property=\"og:image:width\" content=\"600\" \/>\n\t<meta property=\"og:image:height\" content=\"523\" \/>\n\t<meta property=\"og:image:type\" content=\"image\/png\" \/>\n<meta name=\"twitter:card\" content=\"summary_large_image\" \/>\n<meta name=\"twitter:label1\" content=\"Geschatte leestijd\" \/>\n\t<meta name=\"twitter:data1\" content=\"1 minuut\" \/>\n<script type=\"application\/ld+json\" class=\"yoast-schema-graph\">{\"@context\":\"https:\\\/\\\/schema.org\",\"@graph\":[{\"@type\":\"WebPage\",\"@id\":\"https:\\\/\\\/www.ohis.be\\\/nl\\\/produit\\\/jack-elektrische-tractor-met-bestuurder\\\/\",\"url\":\"https:\\\/\\\/www.ohis.be\\\/nl\\\/produit\\\/jack-elektrische-tractor-met-bestuurder\\\/\",\"name\":\"JACK - Elektrische tractor met bestuurder - Ohis\",\"isPartOf\":{\"@id\":\"https:\\\/\\\/www.ohis.be\\\/#website\"},\"primaryImageOfPage\":{\"@id\":\"https:\\\/\\\/www.ohis.be\\\/nl\\\/produit\\\/jack-elektrische-tractor-met-bestuurder\\\/#primaryimage\"},\"image\":{\"@id\":\"https:\\\/\\\/www.ohis.be\\\/nl\\\/produit\\\/jack-elektrische-tractor-met-bestuurder\\\/#primaryimage\"},\"thumbnailUrl\":\"https:\\\/\\\/www.ohis.be\\\/wp-content\\\/uploads\\\/2023\\\/10\\\/JACK-tracteur-electrique-avec-conducteur.png\",\"datePublished\":\"2023-10-12T18:22:02+00:00\",\"breadcrumb\":{\"@id\":\"https:\\\/\\\/www.ohis.be\\\/nl\\\/produit\\\/jack-elektrische-tractor-met-bestuurder\\\/#breadcrumb\"},\"inLanguage\":\"nl-NL\",\"potentialAction\":[{\"@type\":\"ReadAction\",\"target\":[\"https:\\\/\\\/www.ohis.be\\\/nl\\\/produit\\\/jack-elektrische-tractor-met-bestuurder\\\/\"]}]},{\"@type\":\"ImageObject\",\"inLanguage\":\"nl-NL\",\"@id\":\"https:\\\/\\\/www.ohis.be\\\/nl\\\/produit\\\/jack-elektrische-tractor-met-bestuurder\\\/#primaryimage\",\"url\":\"https:\\\/\\\/www.ohis.be\\\/wp-content\\\/uploads\\\/2023\\\/10\\\/JACK-tracteur-electrique-avec-conducteur.png\",\"contentUrl\":\"https:\\\/\\\/www.ohis.be\\\/wp-content\\\/uploads\\\/2023\\\/10\\\/JACK-tracteur-electrique-avec-conducteur.png\",\"width\":600,\"height\":523},{\"@type\":\"BreadcrumbList\",\"@id\":\"https:\\\/\\\/www.ohis.be\\\/nl\\\/produit\\\/jack-elektrische-tractor-met-bestuurder\\\/#breadcrumb\",\"itemListElement\":[{\"@type\":\"ListItem\",\"position\":1,\"name\":\"Accueil\",\"item\":\"https:\\\/\\\/www.ohis.be\\\/nl\\\/\"},{\"@type\":\"ListItem\",\"position\":2,\"name\":\"Producten\",\"item\":\"https:\\\/\\\/www.ohis.be\\\/nl\\\/producten\\\/\"},{\"@type\":\"ListItem\",\"position\":3,\"name\":\"JACK &#8211; Elektrische tractor met bestuurder\"}]},{\"@type\":\"WebSite\",\"@id\":\"https:\\\/\\\/www.ohis.be\\\/#website\",\"url\":\"https:\\\/\\\/www.ohis.be\\\/\",\"name\":\"Ohis\",\"description\":\"Outils de levage\",\"publisher\":{\"@id\":\"https:\\\/\\\/www.ohis.be\\\/#organization\"},\"potentialAction\":[{\"@type\":\"SearchAction\",\"target\":{\"@type\":\"EntryPoint\",\"urlTemplate\":\"https:\\\/\\\/www.ohis.be\\\/?s={search_term_string}\"},\"query-input\":{\"@type\":\"PropertyValueSpecification\",\"valueRequired\":true,\"valueName\":\"search_term_string\"}}],\"inLanguage\":\"nl-NL\"},{\"@type\":\"Organization\",\"@id\":\"https:\\\/\\\/www.ohis.be\\\/#organization\",\"name\":\"Ohis\",\"url\":\"https:\\\/\\\/www.ohis.be\\\/\",\"logo\":{\"@type\":\"ImageObject\",\"inLanguage\":\"nl-NL\",\"@id\":\"https:\\\/\\\/www.ohis.be\\\/#\\\/schema\\\/logo\\\/image\\\/\",\"url\":\"https:\\\/\\\/www.ohis.be\\\/wp-content\\\/uploads\\\/2021\\\/02\\\/logo-ohis-wit.svg\",\"contentUrl\":\"https:\\\/\\\/www.ohis.be\\\/wp-content\\\/uploads\\\/2021\\\/02\\\/logo-ohis-wit.svg\",\"caption\":\"Ohis\"},\"image\":{\"@id\":\"https:\\\/\\\/www.ohis.be\\\/#\\\/schema\\\/logo\\\/image\\\/\"}}]}<\/script>\n<!-- \/ Yoast SEO plugin. -->","yoast_head_json":{"title":"JACK - Elektrische tractor met bestuurder - Ohis","robots":{"index":"index","follow":"follow","max-snippet":"max-snippet:-1","max-image-preview":"max-image-preview:large","max-video-preview":"max-video-preview:-1"},"canonical":"https:\/\/www.ohis.be\/nl\/produit\/jack-elektrische-tractor-met-bestuurder\/","og_locale":"nl_NL","og_type":"article","og_title":"JACK - Elektrische tractor met bestuurder - Ohis","og_description":"De Zallys JACK zit-tractor voor industri\u00eble logistiek is de ideale oplossing voor het elimineren van handmatige werkzaamheden en het versnellen van verplaatsingen.   voor het slepen van lasten tot 1500 kg en het transporteren van lasten tot 500 kg  Atex- en IECEx-certificering beschikbaar voor gebruik in potentieel gevaarlijke en explosieve omgevingen  veelzijdig en compact  kleine draaicirkel  met luchtbanden voor gebruik binnen en buiten  snelheidsregelknop  breed scala aan standaardaccessoires of maatwerk op aanvraag  Toebehoren:     Korf 730 x 730 x 220 mm  Bak 750x1020xh230 mm  Bevestigingsplaat voor haken  Kogelkoppeling\/pen \u00d820-25  Pin koppeling \u00d816 mm  Pin koppeling \u00d820 mm  Pin koppeling \u00d835 mm  Pin koppeling \u00d840 mm  Telescopische stang met zwaailicht  Afstandsset voor zwaailicht  Kogelkoppeling voor aanhangwagens  Stuurkorf  Mand met aan\/uit-toetsenbord  Neem contact met ons op voor een demo van deze machine bij u op locatie.","og_url":"https:\/\/www.ohis.be\/nl\/produit\/jack-elektrische-tractor-met-bestuurder\/","og_site_name":"Ohis","og_image":[{"width":600,"height":523,"url":"https:\/\/www.ohis.be\/wp-content\/uploads\/2023\/10\/JACK-tracteur-electrique-avec-conducteur.png","type":"image\/png"}],"twitter_card":"summary_large_image","twitter_misc":{"Geschatte leestijd":"1 minuut"},"schema":{"@context":"https:\/\/schema.org","@graph":[{"@type":"WebPage","@id":"https:\/\/www.ohis.be\/nl\/produit\/jack-elektrische-tractor-met-bestuurder\/","url":"https:\/\/www.ohis.be\/nl\/produit\/jack-elektrische-tractor-met-bestuurder\/","name":"JACK - Elektrische tractor met bestuurder - Ohis","isPartOf":{"@id":"https:\/\/www.ohis.be\/#website"},"primaryImageOfPage":{"@id":"https:\/\/www.ohis.be\/nl\/produit\/jack-elektrische-tractor-met-bestuurder\/#primaryimage"},"image":{"@id":"https:\/\/www.ohis.be\/nl\/produit\/jack-elektrische-tractor-met-bestuurder\/#primaryimage"},"thumbnailUrl":"https:\/\/www.ohis.be\/wp-content\/uploads\/2023\/10\/JACK-tracteur-electrique-avec-conducteur.png","datePublished":"2023-10-12T18:22:02+00:00","breadcrumb":{"@id":"https:\/\/www.ohis.be\/nl\/produit\/jack-elektrische-tractor-met-bestuurder\/#breadcrumb"},"inLanguage":"nl-NL","potentialAction":[{"@type":"ReadAction","target":["https:\/\/www.ohis.be\/nl\/produit\/jack-elektrische-tractor-met-bestuurder\/"]}]},{"@type":"ImageObject","inLanguage":"nl-NL","@id":"https:\/\/www.ohis.be\/nl\/produit\/jack-elektrische-tractor-met-bestuurder\/#primaryimage","url":"https:\/\/www.ohis.be\/wp-content\/uploads\/2023\/10\/JACK-tracteur-electrique-avec-conducteur.png","contentUrl":"https:\/\/www.ohis.be\/wp-content\/uploads\/2023\/10\/JACK-tracteur-electrique-avec-conducteur.png","width":600,"height":523},{"@type":"BreadcrumbList","@id":"https:\/\/www.ohis.be\/nl\/produit\/jack-elektrische-tractor-met-bestuurder\/#breadcrumb","itemListElement":[{"@type":"ListItem","position":1,"name":"Accueil","item":"https:\/\/www.ohis.be\/nl\/"},{"@type":"ListItem","position":2,"name":"Producten","item":"https:\/\/www.ohis.be\/nl\/producten\/"},{"@type":"ListItem","position":3,"name":"JACK &#8211; Elektrische tractor met bestuurder"}]},{"@type":"WebSite","@id":"https:\/\/www.ohis.be\/#website","url":"https:\/\/www.ohis.be\/","name":"Ohis","description":"Outils de levage","publisher":{"@id":"https:\/\/www.ohis.be\/#organization"},"potentialAction":[{"@type":"SearchAction","target":{"@type":"EntryPoint","urlTemplate":"https:\/\/www.ohis.be\/?s={search_term_string}"},"query-input":{"@type":"PropertyValueSpecification","valueRequired":true,"valueName":"search_term_string"}}],"inLanguage":"nl-NL"},{"@type":"Organization","@id":"https:\/\/www.ohis.be\/#organization","name":"Ohis","url":"https:\/\/www.ohis.be\/","logo":{"@type":"ImageObject","inLanguage":"nl-NL","@id":"https:\/\/www.ohis.be\/#\/schema\/logo\/image\/","url":"https:\/\/www.ohis.be\/wp-content\/uploads\/2021\/02\/logo-ohis-wit.svg","contentUrl":"https:\/\/www.ohis.be\/wp-content\/uploads\/2021\/02\/logo-ohis-wit.svg","caption":"Ohis"},"image":{"@id":"https:\/\/www.ohis.be\/#\/schema\/logo\/image\/"}}]}},"_links":{"self":[{"href":"https:\/\/www.ohis.be\/nl\/wp-json\/wp\/v2\/product\/39724","targetHints":{"allow":["GET"]}}],"collection":[{"href":"https:\/\/www.ohis.be\/nl\/wp-json\/wp\/v2\/product"}],"about":[{"href":"https:\/\/www.ohis.be\/nl\/wp-json\/wp\/v2\/types\/product"}],"wp:featuredmedia":[{"embeddable":true,"href":"https:\/\/www.ohis.be\/nl\/wp-json\/wp\/v2\/media\/39204"}],"wp:attachment":[{"href":"https:\/\/www.ohis.be\/nl\/wp-json\/wp\/v2\/media?parent=39724"}],"wp:term":[{"taxonomy":"product_brand","embeddable":true,"href":"https:\/\/www.ohis.be\/nl\/wp-json\/wp\/v2\/product_brand?post=39724"},{"taxonomy":"product_cat","embeddable":true,"href":"https:\/\/www.ohis.be\/nl\/wp-json\/wp\/v2\/product_cat?post=39724"},{"taxonomy":"product_tag","embeddable":true,"href":"https:\/\/www.ohis.be\/nl\/wp-json\/wp\/v2\/product_tag?post=39724"}],"curies":[{"name":"wp","href":"https:\/\/api.w.org\/{rel}","templated":true}]}}