{"id":39718,"date":"2023-10-12T20:22:41","date_gmt":"2023-10-12T18:22:41","guid":{"rendered":"https:\/\/www.ohis.be\/produit\/k2-logistieke-treintractor\/"},"modified":"2023-10-24T09:55:20","modified_gmt":"2023-10-24T07:55:20","slug":"k2-logistieke-treintractor","status":"publish","type":"product","link":"https:\/\/www.ohis.be\/nl\/produit\/k2-logistieke-treintractor\/","title":{"rendered":"K2 &#8211; Logistieke treintractor"},"content":{"rendered":"<div class=\"descrizione text-lg mb-5\">\n<p><span class=\"HwtZe\" lang=\"nl\"><span class=\"jCAhz ChMk0b\"><span class=\"ryNqvb\">De Zallys K2 logistieke treintractor is de ideale oplossing om het handmatig hanteren van lasten te elimineren en de bewegingen te versnellen.<\/span><\/span><\/span><\/p>\n<ul>\n<li>voor lasten tot 850 kg<\/li>\n<li>veelzijdig en compact<\/li>\n<li>met non-marking wielen voor binnengebruik<\/li>\n<li>met optionele stuurvertrager<\/li>\n<li>bedieningsknop met 5 snelheden<\/li>\n<li>breed scala aan standaard of aangepaste haken op aanvraag<\/li>\n<\/ul>\n<p><strong>Toebehoren:<\/strong><\/p>\n<ul>\n<li>Pak batterijen AGM &#8211; 37\/45Ah<\/li>\n<li>Bevestigingsset voor pak 30Ah, 45Ah en Lithium batterijen<\/li>\n<li>Elektrische schuifbeugel voor haken<\/li>\n<li>Zwenkbare steunarm voor haken 35&#215;35 mm<\/li>\n<li>Verstelbare haak voor rolcontainer<\/li>\n<li>Elektrische klemhaak<\/li>\n<li>Montageplaat voor haken<\/li>\n<li>Kogel\/stanghaak \u00d820-25<\/li>\n<li>Pin koppeling \u00d816 mm<\/li>\n<li>Pin koppeling \u00d820 mm<\/li>\n<li>Bevestiging voor vuilbakken<\/li>\n<li>Set tegengewicht 58 kg<\/li>\n<li>Set tegengewicht 80 kg<\/li>\n<li>Set tegengewicht 122 kg<\/li>\n<li>Tegengewicht vooraan 3 kg<\/li>\n<li>Voorbumper<\/li>\n<li>Wielkuip<\/li>\n<li>Voorwerpenhouder onder rugleuning<\/li>\n<li>Mand<\/li>\n<li>Noodstopknop<\/li>\n<li>Digitaal aan\/uit-toetsenbord<\/li>\n<li>Digitale klok<\/li>\n<li>Set voor- en achterlichten<\/li>\n<li>Blauwe LED-koplampset vooraan<\/li>\n<li>Telescopische stang met zwaailamp<\/li>\n<li>Blauwe LED-koplampset achteraan<\/li>\n<li>Reductieset stuursnelheid<\/li>\n<\/ul>\n<p>Neem contact met ons op voor een demo van deze machine bij u op locatie.<\/p>\n<\/div>\n","protected":false},"excerpt":{"rendered":"<div class=\"descrizione text-lg mb-5\">\n<p><span class=\"HwtZe\" lang=\"nl\"><span class=\"jCAhz ChMk0b\"><span class=\"ryNqvb\">De Zallys K2 logistieke treintractor is de ideale oplossing om het handmatig hanteren van lasten te elimineren en de bewegingen te versnellen.<\/span><\/span><\/span><\/p>\n<ul>\n<li>voor lasten tot 850 kg<\/li>\n<li>veelzijdig en compact<\/li>\n<li>met non-marking wielen voor binnengebruik<\/li>\n<li>met optionele stuurvertrager<\/li>\n<li>bedieningsknop met 5 snelheden<\/li>\n<li>breed scala aan standaard of aangepaste haken op aanvraag<\/li>\n<\/ul>\n<p><strong>Toebehoren:<\/strong><\/p>\n<ul>\n<li>Pak batterijen AGM &#8211; 37\/45Ah<\/li>\n<li>Bevestigingsset voor pak 30Ah, 45Ah en Lithium batterijen<\/li>\n<li>Elektrische schuifbeugel voor haken<\/li>\n<li>Zwenkbare steunarm voor haken 35&#215;35 mm<\/li>\n<li>Verstelbare haak voor rolcontainer<\/li>\n<li>Elektrische klemhaak<\/li>\n<li>Montageplaat voor haken<\/li>\n<li>Kogel\/stanghaak \u00d820-25<\/li>\n<li>Pin koppeling \u00d816 mm<\/li>\n<li>Pin koppeling \u00d820 mm<\/li>\n<li>Bevestiging voor vuilbakken<\/li>\n<li>Set tegengewicht 58 kg<\/li>\n<li>Set tegengewicht 80 kg<\/li>\n<li>Set tegengewicht 122 kg<\/li>\n<li>Tegengewicht vooraan 3 kg<\/li>\n<li>Voorbumper<\/li>\n<li>Wielkuip<\/li>\n<li>Voorwerpenhouder onder rugleuning<\/li>\n<li>Mand<\/li>\n<li>Noodstopknop<\/li>\n<li>Digitaal aan\/uit-toetsenbord<\/li>\n<li>Digitale klok<\/li>\n<li>Set voor- en achterlichten<\/li>\n<li>Blauwe LED-koplampset vooraan<\/li>\n<li>Telescopische stang met zwaailamp<\/li>\n<li>Blauwe LED-koplampset achteraan<\/li>\n<li>Reductieset stuursnelheid<\/li>\n<\/ul>\n<p>Neem contact met ons op voor een demo van deze machine bij u op locatie.<\/p>\n<\/div>\n","protected":false},"featured_media":39081,"template":"","meta":{"_acf_changed":false,"inline_featured_image":false},"product_brand":[],"product_cat":[3844],"product_tag":[],"class_list":{"0":"post-39718","1":"product","2":"type-product","3":"status-publish","4":"has-post-thumbnail","6":"product_cat-personen-transporters","7":"yith_product_brand-zallys-nl","9":"first","10":"instock","11":"taxable","12":"shipping-taxable","13":"product-type-simple"},"acf":[],"yoast_head":"<!-- This site is optimized with the Yoast SEO plugin v27.4 - https:\/\/yoast.com\/product\/yoast-seo-wordpress\/ -->\n<title>K2 - Logistieke treintractor - Ohis<\/title>\n<meta name=\"robots\" content=\"index, follow, max-snippet:-1, max-image-preview:large, max-video-preview:-1\" \/>\n<link rel=\"canonical\" href=\"https:\/\/www.ohis.be\/nl\/produit\/k2-logistieke-treintractor\/\" \/>\n<meta property=\"og:locale\" content=\"nl_NL\" \/>\n<meta property=\"og:type\" content=\"article\" \/>\n<meta property=\"og:title\" content=\"K2 - Logistieke treintractor - Ohis\" \/>\n<meta property=\"og:description\" content=\"De Zallys K2 logistieke treintractor is de ideale oplossing om het handmatig hanteren van lasten te elimineren en de bewegingen te versnellen.   voor lasten tot 850 kg  veelzijdig en compact  met non-marking wielen voor binnengebruik  met optionele stuurvertrager  bedieningsknop met 5 snelheden  breed scala aan standaard of aangepaste haken op aanvraag  Toebehoren:   Pak batterijen AGM - 37\/45Ah  Bevestigingsset voor pak 30Ah, 45Ah en Lithium batterijen  Elektrische schuifbeugel voor haken  Zwenkbare steunarm voor haken 35x35 mm  Verstelbare haak voor rolcontainer  Elektrische klemhaak  Montageplaat voor haken  Kogel\/stanghaak \u00d820-25  Pin koppeling \u00d816 mm  Pin koppeling \u00d820 mm  Bevestiging voor vuilbakken  Set tegengewicht 58 kg  Set tegengewicht 80 kg  Set tegengewicht 122 kg  Tegengewicht vooraan 3 kg  Voorbumper  Wielkuip  Voorwerpenhouder onder rugleuning  Mand  Noodstopknop  Digitaal aan\/uit-toetsenbord  Digitale klok  Set voor- en achterlichten  Blauwe LED-koplampset vooraan  Telescopische stang met zwaailamp  Blauwe LED-koplampset achteraan  Reductieset stuursnelheid  Neem contact met ons op voor een demo van deze machine bij u op locatie.\" \/>\n<meta property=\"og:url\" content=\"https:\/\/www.ohis.be\/nl\/produit\/k2-logistieke-treintractor\/\" \/>\n<meta property=\"og:site_name\" content=\"Ohis\" \/>\n<meta property=\"article:modified_time\" content=\"2023-10-24T07:55:20+00:00\" \/>\n<meta property=\"og:image\" content=\"https:\/\/www.ohis.be\/wp-content\/uploads\/2023\/10\/K2-tracteur-train-logistique.jpg\" \/>\n\t<meta property=\"og:image:width\" content=\"800\" \/>\n\t<meta property=\"og:image:height\" content=\"698\" \/>\n\t<meta property=\"og:image:type\" content=\"image\/jpeg\" \/>\n<meta name=\"twitter:card\" content=\"summary_large_image\" \/>\n<meta name=\"twitter:label1\" content=\"Geschatte leestijd\" \/>\n\t<meta name=\"twitter:data1\" content=\"1 minuut\" \/>\n<script type=\"application\/ld+json\" class=\"yoast-schema-graph\">{\"@context\":\"https:\\\/\\\/schema.org\",\"@graph\":[{\"@type\":\"WebPage\",\"@id\":\"https:\\\/\\\/www.ohis.be\\\/nl\\\/produit\\\/k2-logistieke-treintractor\\\/\",\"url\":\"https:\\\/\\\/www.ohis.be\\\/nl\\\/produit\\\/k2-logistieke-treintractor\\\/\",\"name\":\"K2 - Logistieke treintractor - Ohis\",\"isPartOf\":{\"@id\":\"https:\\\/\\\/www.ohis.be\\\/#website\"},\"primaryImageOfPage\":{\"@id\":\"https:\\\/\\\/www.ohis.be\\\/nl\\\/produit\\\/k2-logistieke-treintractor\\\/#primaryimage\"},\"image\":{\"@id\":\"https:\\\/\\\/www.ohis.be\\\/nl\\\/produit\\\/k2-logistieke-treintractor\\\/#primaryimage\"},\"thumbnailUrl\":\"https:\\\/\\\/www.ohis.be\\\/wp-content\\\/uploads\\\/2023\\\/10\\\/K2-tracteur-train-logistique.jpg\",\"datePublished\":\"2023-10-12T18:22:41+00:00\",\"dateModified\":\"2023-10-24T07:55:20+00:00\",\"breadcrumb\":{\"@id\":\"https:\\\/\\\/www.ohis.be\\\/nl\\\/produit\\\/k2-logistieke-treintractor\\\/#breadcrumb\"},\"inLanguage\":\"nl-NL\",\"potentialAction\":[{\"@type\":\"ReadAction\",\"target\":[\"https:\\\/\\\/www.ohis.be\\\/nl\\\/produit\\\/k2-logistieke-treintractor\\\/\"]}]},{\"@type\":\"ImageObject\",\"inLanguage\":\"nl-NL\",\"@id\":\"https:\\\/\\\/www.ohis.be\\\/nl\\\/produit\\\/k2-logistieke-treintractor\\\/#primaryimage\",\"url\":\"https:\\\/\\\/www.ohis.be\\\/wp-content\\\/uploads\\\/2023\\\/10\\\/K2-tracteur-train-logistique.jpg\",\"contentUrl\":\"https:\\\/\\\/www.ohis.be\\\/wp-content\\\/uploads\\\/2023\\\/10\\\/K2-tracteur-train-logistique.jpg\",\"width\":800,\"height\":698},{\"@type\":\"BreadcrumbList\",\"@id\":\"https:\\\/\\\/www.ohis.be\\\/nl\\\/produit\\\/k2-logistieke-treintractor\\\/#breadcrumb\",\"itemListElement\":[{\"@type\":\"ListItem\",\"position\":1,\"name\":\"Accueil\",\"item\":\"https:\\\/\\\/www.ohis.be\\\/nl\\\/\"},{\"@type\":\"ListItem\",\"position\":2,\"name\":\"Producten\",\"item\":\"https:\\\/\\\/www.ohis.be\\\/nl\\\/producten\\\/\"},{\"@type\":\"ListItem\",\"position\":3,\"name\":\"K2 &#8211; Logistieke treintractor\"}]},{\"@type\":\"WebSite\",\"@id\":\"https:\\\/\\\/www.ohis.be\\\/#website\",\"url\":\"https:\\\/\\\/www.ohis.be\\\/\",\"name\":\"Ohis\",\"description\":\"Outils de levage\",\"publisher\":{\"@id\":\"https:\\\/\\\/www.ohis.be\\\/#organization\"},\"potentialAction\":[{\"@type\":\"SearchAction\",\"target\":{\"@type\":\"EntryPoint\",\"urlTemplate\":\"https:\\\/\\\/www.ohis.be\\\/?s={search_term_string}\"},\"query-input\":{\"@type\":\"PropertyValueSpecification\",\"valueRequired\":true,\"valueName\":\"search_term_string\"}}],\"inLanguage\":\"nl-NL\"},{\"@type\":\"Organization\",\"@id\":\"https:\\\/\\\/www.ohis.be\\\/#organization\",\"name\":\"Ohis\",\"url\":\"https:\\\/\\\/www.ohis.be\\\/\",\"logo\":{\"@type\":\"ImageObject\",\"inLanguage\":\"nl-NL\",\"@id\":\"https:\\\/\\\/www.ohis.be\\\/#\\\/schema\\\/logo\\\/image\\\/\",\"url\":\"https:\\\/\\\/www.ohis.be\\\/wp-content\\\/uploads\\\/2021\\\/02\\\/logo-ohis-wit.svg\",\"contentUrl\":\"https:\\\/\\\/www.ohis.be\\\/wp-content\\\/uploads\\\/2021\\\/02\\\/logo-ohis-wit.svg\",\"caption\":\"Ohis\"},\"image\":{\"@id\":\"https:\\\/\\\/www.ohis.be\\\/#\\\/schema\\\/logo\\\/image\\\/\"}}]}<\/script>\n<!-- \/ Yoast SEO plugin. -->","yoast_head_json":{"title":"K2 - Logistieke treintractor - Ohis","robots":{"index":"index","follow":"follow","max-snippet":"max-snippet:-1","max-image-preview":"max-image-preview:large","max-video-preview":"max-video-preview:-1"},"canonical":"https:\/\/www.ohis.be\/nl\/produit\/k2-logistieke-treintractor\/","og_locale":"nl_NL","og_type":"article","og_title":"K2 - Logistieke treintractor - Ohis","og_description":"De Zallys K2 logistieke treintractor is de ideale oplossing om het handmatig hanteren van lasten te elimineren en de bewegingen te versnellen.   voor lasten tot 850 kg  veelzijdig en compact  met non-marking wielen voor binnengebruik  met optionele stuurvertrager  bedieningsknop met 5 snelheden  breed scala aan standaard of aangepaste haken op aanvraag  Toebehoren:   Pak batterijen AGM - 37\/45Ah  Bevestigingsset voor pak 30Ah, 45Ah en Lithium batterijen  Elektrische schuifbeugel voor haken  Zwenkbare steunarm voor haken 35x35 mm  Verstelbare haak voor rolcontainer  Elektrische klemhaak  Montageplaat voor haken  Kogel\/stanghaak \u00d820-25  Pin koppeling \u00d816 mm  Pin koppeling \u00d820 mm  Bevestiging voor vuilbakken  Set tegengewicht 58 kg  Set tegengewicht 80 kg  Set tegengewicht 122 kg  Tegengewicht vooraan 3 kg  Voorbumper  Wielkuip  Voorwerpenhouder onder rugleuning  Mand  Noodstopknop  Digitaal aan\/uit-toetsenbord  Digitale klok  Set voor- en achterlichten  Blauwe LED-koplampset vooraan  Telescopische stang met zwaailamp  Blauwe LED-koplampset achteraan  Reductieset stuursnelheid  Neem contact met ons op voor een demo van deze machine bij u op locatie.","og_url":"https:\/\/www.ohis.be\/nl\/produit\/k2-logistieke-treintractor\/","og_site_name":"Ohis","article_modified_time":"2023-10-24T07:55:20+00:00","og_image":[{"width":800,"height":698,"url":"https:\/\/www.ohis.be\/wp-content\/uploads\/2023\/10\/K2-tracteur-train-logistique.jpg","type":"image\/jpeg"}],"twitter_card":"summary_large_image","twitter_misc":{"Geschatte leestijd":"1 minuut"},"schema":{"@context":"https:\/\/schema.org","@graph":[{"@type":"WebPage","@id":"https:\/\/www.ohis.be\/nl\/produit\/k2-logistieke-treintractor\/","url":"https:\/\/www.ohis.be\/nl\/produit\/k2-logistieke-treintractor\/","name":"K2 - Logistieke treintractor - Ohis","isPartOf":{"@id":"https:\/\/www.ohis.be\/#website"},"primaryImageOfPage":{"@id":"https:\/\/www.ohis.be\/nl\/produit\/k2-logistieke-treintractor\/#primaryimage"},"image":{"@id":"https:\/\/www.ohis.be\/nl\/produit\/k2-logistieke-treintractor\/#primaryimage"},"thumbnailUrl":"https:\/\/www.ohis.be\/wp-content\/uploads\/2023\/10\/K2-tracteur-train-logistique.jpg","datePublished":"2023-10-12T18:22:41+00:00","dateModified":"2023-10-24T07:55:20+00:00","breadcrumb":{"@id":"https:\/\/www.ohis.be\/nl\/produit\/k2-logistieke-treintractor\/#breadcrumb"},"inLanguage":"nl-NL","potentialAction":[{"@type":"ReadAction","target":["https:\/\/www.ohis.be\/nl\/produit\/k2-logistieke-treintractor\/"]}]},{"@type":"ImageObject","inLanguage":"nl-NL","@id":"https:\/\/www.ohis.be\/nl\/produit\/k2-logistieke-treintractor\/#primaryimage","url":"https:\/\/www.ohis.be\/wp-content\/uploads\/2023\/10\/K2-tracteur-train-logistique.jpg","contentUrl":"https:\/\/www.ohis.be\/wp-content\/uploads\/2023\/10\/K2-tracteur-train-logistique.jpg","width":800,"height":698},{"@type":"BreadcrumbList","@id":"https:\/\/www.ohis.be\/nl\/produit\/k2-logistieke-treintractor\/#breadcrumb","itemListElement":[{"@type":"ListItem","position":1,"name":"Accueil","item":"https:\/\/www.ohis.be\/nl\/"},{"@type":"ListItem","position":2,"name":"Producten","item":"https:\/\/www.ohis.be\/nl\/producten\/"},{"@type":"ListItem","position":3,"name":"K2 &#8211; Logistieke treintractor"}]},{"@type":"WebSite","@id":"https:\/\/www.ohis.be\/#website","url":"https:\/\/www.ohis.be\/","name":"Ohis","description":"Outils de levage","publisher":{"@id":"https:\/\/www.ohis.be\/#organization"},"potentialAction":[{"@type":"SearchAction","target":{"@type":"EntryPoint","urlTemplate":"https:\/\/www.ohis.be\/?s={search_term_string}"},"query-input":{"@type":"PropertyValueSpecification","valueRequired":true,"valueName":"search_term_string"}}],"inLanguage":"nl-NL"},{"@type":"Organization","@id":"https:\/\/www.ohis.be\/#organization","name":"Ohis","url":"https:\/\/www.ohis.be\/","logo":{"@type":"ImageObject","inLanguage":"nl-NL","@id":"https:\/\/www.ohis.be\/#\/schema\/logo\/image\/","url":"https:\/\/www.ohis.be\/wp-content\/uploads\/2021\/02\/logo-ohis-wit.svg","contentUrl":"https:\/\/www.ohis.be\/wp-content\/uploads\/2021\/02\/logo-ohis-wit.svg","caption":"Ohis"},"image":{"@id":"https:\/\/www.ohis.be\/#\/schema\/logo\/image\/"}}]}},"_links":{"self":[{"href":"https:\/\/www.ohis.be\/nl\/wp-json\/wp\/v2\/product\/39718","targetHints":{"allow":["GET"]}}],"collection":[{"href":"https:\/\/www.ohis.be\/nl\/wp-json\/wp\/v2\/product"}],"about":[{"href":"https:\/\/www.ohis.be\/nl\/wp-json\/wp\/v2\/types\/product"}],"wp:featuredmedia":[{"embeddable":true,"href":"https:\/\/www.ohis.be\/nl\/wp-json\/wp\/v2\/media\/39081"}],"wp:attachment":[{"href":"https:\/\/www.ohis.be\/nl\/wp-json\/wp\/v2\/media?parent=39718"}],"wp:term":[{"taxonomy":"product_brand","embeddable":true,"href":"https:\/\/www.ohis.be\/nl\/wp-json\/wp\/v2\/product_brand?post=39718"},{"taxonomy":"product_cat","embeddable":true,"href":"https:\/\/www.ohis.be\/nl\/wp-json\/wp\/v2\/product_cat?post=39718"},{"taxonomy":"product_tag","embeddable":true,"href":"https:\/\/www.ohis.be\/nl\/wp-json\/wp\/v2\/product_tag?post=39718"}],"curies":[{"name":"wp","href":"https:\/\/api.w.org\/{rel}","templated":true}]}}