{"id":39705,"date":"2023-10-12T20:24:06","date_gmt":"2023-10-12T18:24:06","guid":{"rendered":"https:\/\/www.ohis.be\/produit\/r6-4-wielaangedreven-elektrische-transporter\/"},"modified":"2023-10-12T20:24:06","modified_gmt":"2023-10-12T18:24:06","slug":"r6-4-wielaangedreven-elektrische-transporter","status":"publish","type":"product","link":"https:\/\/www.ohis.be\/nl\/produit\/r6-4-wielaangedreven-elektrische-transporter\/","title":{"rendered":"R6 &#8211; 4-wielaangedreven elektrische transporter"},"content":{"rendered":"<div class=\"descrizione text-lg mb-5\">\n<p>De Zallys R6 elektrische 4-wielaangedreven transporter is de ideale oplossing voor het elimineren van het handmatig verplaatsen van ladingen.<\/p>\n<ul>\n<li>voor transport tot 800 kg<\/li>\n<li>voor het slepen van lasten tot 6000 kg<\/li>\n<li>met luchtbanden voor gebruik binnen en buiten<\/li>\n<li>bedieningsknop met 5 snelheden<\/li>\n<li>breed scala aan standaard platforms of maatwerk op aanvraag<\/li>\n<\/ul>\n<p>Toebehoren:<\/p><\/div>\n<ul>\n<li>Platform 830 x 1750 x 185 mm<\/li>\n<li>Platform 830 x 1750 x 385 mm<\/li>\n<li>Complete aansluitset voor platforms<\/li>\n<li>Montageplaat voor haken<\/li>\n<li>Trekhaak \u00d820 mm<\/li>\n<li>Trekhaak \u00d835 mm<\/li>\n<li>Trekhaak \u00d840 mm<\/li>\n<li>Koppeling kogel\/pen \u00d820-25<\/li>\n<li>Noodstopknop<\/li>\n<li>Digitale uurmeter<\/li>\n<li>Digitaal aan\/uit toetsenbord<\/li>\n<\/ul>\n<p>Neem contact met ons op voor een demo van deze machine bij u op locatie.<\/p>\n","protected":false},"excerpt":{"rendered":"<div class=\"descrizione text-lg mb-5\">\n<p>De Zallys R6 elektrische 4-wielaangedreven transporter is de ideale oplossing voor het elimineren van het handmatig verplaatsen van ladingen.<\/p>\n<ul>\n<li>voor transport tot 800 kg<\/li>\n<li>voor het slepen van lasten tot 6000 kg<\/li>\n<li>met luchtbanden voor gebruik binnen en buiten<\/li>\n<li>bedieningsknop met 5 snelheden<\/li>\n<li>breed scala aan standaard platforms of maatwerk op aanvraag<\/li>\n<\/ul>\n<p>Toebehoren:<\/p><\/div>\n<ul>\n<li>Platform 830 x 1750 x 185 mm<\/li>\n<li>Platform 830 x 1750 x 385 mm<\/li>\n<li>Complete aansluitset voor platforms<\/li>\n<li>Montageplaat voor haken<\/li>\n<li>Trekhaak \u00d820 mm<\/li>\n<li>Trekhaak \u00d835 mm<\/li>\n<li>Trekhaak \u00d840 mm<\/li>\n<li>Koppeling kogel\/pen \u00d820-25<\/li>\n<li>Noodstopknop<\/li>\n<li>Digitale uurmeter<\/li>\n<li>Digitaal aan\/uit toetsenbord<\/li>\n<\/ul>\n<p>Neem contact met ons op voor een demo van deze machine bij u op locatie.<\/p>\n","protected":false},"featured_media":38949,"template":"","meta":{"_acf_changed":false,"inline_featured_image":false},"product_brand":[],"product_cat":[3856],"product_tag":[],"class_list":{"0":"post-39705","1":"product","2":"type-product","3":"status-publish","4":"has-post-thumbnail","6":"product_cat-transporters-en-dumpers","7":"yith_product_brand-zallys-nl","9":"first","10":"instock","11":"taxable","12":"shipping-taxable","13":"product-type-simple"},"acf":[],"yoast_head":"<!-- This site is optimized with the Yoast SEO plugin v27.4 - https:\/\/yoast.com\/product\/yoast-seo-wordpress\/ -->\n<title>R6 - 4-wielaangedreven elektrische transporter - Ohis<\/title>\n<meta name=\"robots\" content=\"index, follow, max-snippet:-1, max-image-preview:large, max-video-preview:-1\" \/>\n<link rel=\"canonical\" href=\"https:\/\/www.ohis.be\/nl\/produit\/r6-4-wielaangedreven-elektrische-transporter\/\" \/>\n<meta property=\"og:locale\" content=\"nl_NL\" \/>\n<meta property=\"og:type\" content=\"article\" \/>\n<meta property=\"og:title\" content=\"R6 - 4-wielaangedreven elektrische transporter - Ohis\" \/>\n<meta property=\"og:description\" content=\"De Zallys R6 elektrische 4-wielaangedreven transporter is de ideale oplossing voor het elimineren van het handmatig verplaatsen van ladingen.   voor transport tot 800 kg  voor het slepen van lasten tot 6000 kg  met luchtbanden voor gebruik binnen en buiten  bedieningsknop met 5 snelheden  breed scala aan standaard platforms of maatwerk op aanvraag  Toebehoren:   Platform 830 x 1750 x 185 mm  Platform 830 x 1750 x 385 mm  Complete aansluitset voor platforms  Montageplaat voor haken  Trekhaak \u00d820 mm  Trekhaak \u00d835 mm  Trekhaak \u00d840 mm  Koppeling kogel\/pen \u00d820-25  Noodstopknop  Digitale uurmeter  Digitaal aan\/uit toetsenbord  Neem contact met ons op voor een demo van deze machine bij u op locatie.\" \/>\n<meta property=\"og:url\" content=\"https:\/\/www.ohis.be\/nl\/produit\/r6-4-wielaangedreven-elektrische-transporter\/\" \/>\n<meta property=\"og:site_name\" content=\"Ohis\" \/>\n<meta property=\"og:image\" content=\"https:\/\/www.ohis.be\/wp-content\/uploads\/2023\/10\/R6-transporteur-electrique-4-roues-motrices.png\" \/>\n\t<meta property=\"og:image:width\" content=\"600\" \/>\n\t<meta property=\"og:image:height\" content=\"523\" \/>\n\t<meta property=\"og:image:type\" content=\"image\/png\" \/>\n<meta name=\"twitter:card\" content=\"summary_large_image\" \/>\n<script type=\"application\/ld+json\" class=\"yoast-schema-graph\">{\"@context\":\"https:\\\/\\\/schema.org\",\"@graph\":[{\"@type\":\"WebPage\",\"@id\":\"https:\\\/\\\/www.ohis.be\\\/nl\\\/produit\\\/r6-4-wielaangedreven-elektrische-transporter\\\/\",\"url\":\"https:\\\/\\\/www.ohis.be\\\/nl\\\/produit\\\/r6-4-wielaangedreven-elektrische-transporter\\\/\",\"name\":\"R6 - 4-wielaangedreven elektrische transporter - Ohis\",\"isPartOf\":{\"@id\":\"https:\\\/\\\/www.ohis.be\\\/#website\"},\"primaryImageOfPage\":{\"@id\":\"https:\\\/\\\/www.ohis.be\\\/nl\\\/produit\\\/r6-4-wielaangedreven-elektrische-transporter\\\/#primaryimage\"},\"image\":{\"@id\":\"https:\\\/\\\/www.ohis.be\\\/nl\\\/produit\\\/r6-4-wielaangedreven-elektrische-transporter\\\/#primaryimage\"},\"thumbnailUrl\":\"https:\\\/\\\/www.ohis.be\\\/wp-content\\\/uploads\\\/2023\\\/10\\\/R6-transporteur-electrique-4-roues-motrices.png\",\"datePublished\":\"2023-10-12T18:24:06+00:00\",\"breadcrumb\":{\"@id\":\"https:\\\/\\\/www.ohis.be\\\/nl\\\/produit\\\/r6-4-wielaangedreven-elektrische-transporter\\\/#breadcrumb\"},\"inLanguage\":\"nl-NL\",\"potentialAction\":[{\"@type\":\"ReadAction\",\"target\":[\"https:\\\/\\\/www.ohis.be\\\/nl\\\/produit\\\/r6-4-wielaangedreven-elektrische-transporter\\\/\"]}]},{\"@type\":\"ImageObject\",\"inLanguage\":\"nl-NL\",\"@id\":\"https:\\\/\\\/www.ohis.be\\\/nl\\\/produit\\\/r6-4-wielaangedreven-elektrische-transporter\\\/#primaryimage\",\"url\":\"https:\\\/\\\/www.ohis.be\\\/wp-content\\\/uploads\\\/2023\\\/10\\\/R6-transporteur-electrique-4-roues-motrices.png\",\"contentUrl\":\"https:\\\/\\\/www.ohis.be\\\/wp-content\\\/uploads\\\/2023\\\/10\\\/R6-transporteur-electrique-4-roues-motrices.png\",\"width\":600,\"height\":523},{\"@type\":\"BreadcrumbList\",\"@id\":\"https:\\\/\\\/www.ohis.be\\\/nl\\\/produit\\\/r6-4-wielaangedreven-elektrische-transporter\\\/#breadcrumb\",\"itemListElement\":[{\"@type\":\"ListItem\",\"position\":1,\"name\":\"Accueil\",\"item\":\"https:\\\/\\\/www.ohis.be\\\/nl\\\/\"},{\"@type\":\"ListItem\",\"position\":2,\"name\":\"Producten\",\"item\":\"https:\\\/\\\/www.ohis.be\\\/nl\\\/producten\\\/\"},{\"@type\":\"ListItem\",\"position\":3,\"name\":\"R6 &#8211; 4-wielaangedreven elektrische transporter\"}]},{\"@type\":\"WebSite\",\"@id\":\"https:\\\/\\\/www.ohis.be\\\/#website\",\"url\":\"https:\\\/\\\/www.ohis.be\\\/\",\"name\":\"Ohis\",\"description\":\"Outils de levage\",\"publisher\":{\"@id\":\"https:\\\/\\\/www.ohis.be\\\/#organization\"},\"potentialAction\":[{\"@type\":\"SearchAction\",\"target\":{\"@type\":\"EntryPoint\",\"urlTemplate\":\"https:\\\/\\\/www.ohis.be\\\/?s={search_term_string}\"},\"query-input\":{\"@type\":\"PropertyValueSpecification\",\"valueRequired\":true,\"valueName\":\"search_term_string\"}}],\"inLanguage\":\"nl-NL\"},{\"@type\":\"Organization\",\"@id\":\"https:\\\/\\\/www.ohis.be\\\/#organization\",\"name\":\"Ohis\",\"url\":\"https:\\\/\\\/www.ohis.be\\\/\",\"logo\":{\"@type\":\"ImageObject\",\"inLanguage\":\"nl-NL\",\"@id\":\"https:\\\/\\\/www.ohis.be\\\/#\\\/schema\\\/logo\\\/image\\\/\",\"url\":\"https:\\\/\\\/www.ohis.be\\\/wp-content\\\/uploads\\\/2021\\\/02\\\/logo-ohis-wit.svg\",\"contentUrl\":\"https:\\\/\\\/www.ohis.be\\\/wp-content\\\/uploads\\\/2021\\\/02\\\/logo-ohis-wit.svg\",\"caption\":\"Ohis\"},\"image\":{\"@id\":\"https:\\\/\\\/www.ohis.be\\\/#\\\/schema\\\/logo\\\/image\\\/\"}}]}<\/script>\n<!-- \/ Yoast SEO plugin. -->","yoast_head_json":{"title":"R6 - 4-wielaangedreven elektrische transporter - Ohis","robots":{"index":"index","follow":"follow","max-snippet":"max-snippet:-1","max-image-preview":"max-image-preview:large","max-video-preview":"max-video-preview:-1"},"canonical":"https:\/\/www.ohis.be\/nl\/produit\/r6-4-wielaangedreven-elektrische-transporter\/","og_locale":"nl_NL","og_type":"article","og_title":"R6 - 4-wielaangedreven elektrische transporter - Ohis","og_description":"De Zallys R6 elektrische 4-wielaangedreven transporter is de ideale oplossing voor het elimineren van het handmatig verplaatsen van ladingen.   voor transport tot 800 kg  voor het slepen van lasten tot 6000 kg  met luchtbanden voor gebruik binnen en buiten  bedieningsknop met 5 snelheden  breed scala aan standaard platforms of maatwerk op aanvraag  Toebehoren:   Platform 830 x 1750 x 185 mm  Platform 830 x 1750 x 385 mm  Complete aansluitset voor platforms  Montageplaat voor haken  Trekhaak \u00d820 mm  Trekhaak \u00d835 mm  Trekhaak \u00d840 mm  Koppeling kogel\/pen \u00d820-25  Noodstopknop  Digitale uurmeter  Digitaal aan\/uit toetsenbord  Neem contact met ons op voor een demo van deze machine bij u op locatie.","og_url":"https:\/\/www.ohis.be\/nl\/produit\/r6-4-wielaangedreven-elektrische-transporter\/","og_site_name":"Ohis","og_image":[{"width":600,"height":523,"url":"https:\/\/www.ohis.be\/wp-content\/uploads\/2023\/10\/R6-transporteur-electrique-4-roues-motrices.png","type":"image\/png"}],"twitter_card":"summary_large_image","schema":{"@context":"https:\/\/schema.org","@graph":[{"@type":"WebPage","@id":"https:\/\/www.ohis.be\/nl\/produit\/r6-4-wielaangedreven-elektrische-transporter\/","url":"https:\/\/www.ohis.be\/nl\/produit\/r6-4-wielaangedreven-elektrische-transporter\/","name":"R6 - 4-wielaangedreven elektrische transporter - Ohis","isPartOf":{"@id":"https:\/\/www.ohis.be\/#website"},"primaryImageOfPage":{"@id":"https:\/\/www.ohis.be\/nl\/produit\/r6-4-wielaangedreven-elektrische-transporter\/#primaryimage"},"image":{"@id":"https:\/\/www.ohis.be\/nl\/produit\/r6-4-wielaangedreven-elektrische-transporter\/#primaryimage"},"thumbnailUrl":"https:\/\/www.ohis.be\/wp-content\/uploads\/2023\/10\/R6-transporteur-electrique-4-roues-motrices.png","datePublished":"2023-10-12T18:24:06+00:00","breadcrumb":{"@id":"https:\/\/www.ohis.be\/nl\/produit\/r6-4-wielaangedreven-elektrische-transporter\/#breadcrumb"},"inLanguage":"nl-NL","potentialAction":[{"@type":"ReadAction","target":["https:\/\/www.ohis.be\/nl\/produit\/r6-4-wielaangedreven-elektrische-transporter\/"]}]},{"@type":"ImageObject","inLanguage":"nl-NL","@id":"https:\/\/www.ohis.be\/nl\/produit\/r6-4-wielaangedreven-elektrische-transporter\/#primaryimage","url":"https:\/\/www.ohis.be\/wp-content\/uploads\/2023\/10\/R6-transporteur-electrique-4-roues-motrices.png","contentUrl":"https:\/\/www.ohis.be\/wp-content\/uploads\/2023\/10\/R6-transporteur-electrique-4-roues-motrices.png","width":600,"height":523},{"@type":"BreadcrumbList","@id":"https:\/\/www.ohis.be\/nl\/produit\/r6-4-wielaangedreven-elektrische-transporter\/#breadcrumb","itemListElement":[{"@type":"ListItem","position":1,"name":"Accueil","item":"https:\/\/www.ohis.be\/nl\/"},{"@type":"ListItem","position":2,"name":"Producten","item":"https:\/\/www.ohis.be\/nl\/producten\/"},{"@type":"ListItem","position":3,"name":"R6 &#8211; 4-wielaangedreven elektrische transporter"}]},{"@type":"WebSite","@id":"https:\/\/www.ohis.be\/#website","url":"https:\/\/www.ohis.be\/","name":"Ohis","description":"Outils de levage","publisher":{"@id":"https:\/\/www.ohis.be\/#organization"},"potentialAction":[{"@type":"SearchAction","target":{"@type":"EntryPoint","urlTemplate":"https:\/\/www.ohis.be\/?s={search_term_string}"},"query-input":{"@type":"PropertyValueSpecification","valueRequired":true,"valueName":"search_term_string"}}],"inLanguage":"nl-NL"},{"@type":"Organization","@id":"https:\/\/www.ohis.be\/#organization","name":"Ohis","url":"https:\/\/www.ohis.be\/","logo":{"@type":"ImageObject","inLanguage":"nl-NL","@id":"https:\/\/www.ohis.be\/#\/schema\/logo\/image\/","url":"https:\/\/www.ohis.be\/wp-content\/uploads\/2021\/02\/logo-ohis-wit.svg","contentUrl":"https:\/\/www.ohis.be\/wp-content\/uploads\/2021\/02\/logo-ohis-wit.svg","caption":"Ohis"},"image":{"@id":"https:\/\/www.ohis.be\/#\/schema\/logo\/image\/"}}]}},"_links":{"self":[{"href":"https:\/\/www.ohis.be\/nl\/wp-json\/wp\/v2\/product\/39705","targetHints":{"allow":["GET"]}}],"collection":[{"href":"https:\/\/www.ohis.be\/nl\/wp-json\/wp\/v2\/product"}],"about":[{"href":"https:\/\/www.ohis.be\/nl\/wp-json\/wp\/v2\/types\/product"}],"wp:featuredmedia":[{"embeddable":true,"href":"https:\/\/www.ohis.be\/nl\/wp-json\/wp\/v2\/media\/38949"}],"wp:attachment":[{"href":"https:\/\/www.ohis.be\/nl\/wp-json\/wp\/v2\/media?parent=39705"}],"wp:term":[{"taxonomy":"product_brand","embeddable":true,"href":"https:\/\/www.ohis.be\/nl\/wp-json\/wp\/v2\/product_brand?post=39705"},{"taxonomy":"product_cat","embeddable":true,"href":"https:\/\/www.ohis.be\/nl\/wp-json\/wp\/v2\/product_cat?post=39705"},{"taxonomy":"product_tag","embeddable":true,"href":"https:\/\/www.ohis.be\/nl\/wp-json\/wp\/v2\/product_tag?post=39705"}],"curies":[{"name":"wp","href":"https:\/\/api.w.org\/{rel}","templated":true}]}}