{"id":39679,"date":"2023-10-10T15:26:29","date_gmt":"2023-10-10T13:26:29","guid":{"rendered":"https:\/\/www.ohis.be\/produit\/m10-elektrische-duwmachine\/"},"modified":"2023-10-16T12:43:06","modified_gmt":"2023-10-16T10:43:06","slug":"m10-elektrische-trekker","status":"publish","type":"product","link":"https:\/\/www.ohis.be\/nl\/produit\/m10-elektrische-trekker\/","title":{"rendered":"M10 &#8211; Elektrische trekker"},"content":{"rendered":"<div class=\"descrizione text-lg mb-5\">\n<p>De Zallys M10 elektrische trekker is de ideale oplossing voor het niet meer handmatig verplaatsen van zware lasten.<\/p>\n<ul>\n<li>voor lasten tot 10.000 kg (15.000 kg met upgrade)<\/li>\n<li>Atex- en IECEx-certificering beschikbaar voor gebruik in potentieel gevaarlijke en explosieve omgevingen<\/li>\n<li>veelzijdig en compact<\/li>\n<li>met luchtbanden voor gebruik binnen en buiten<\/li>\n<li>Snelheidsregelknop met 5 snelheidsniveaus<\/li>\n<li>snelheidsreductiekit voor gebruik in bochten (optioneel)<\/li>\n<li>breed assortiment standaardkoppelingen, inclusief hydraulische of aangepaste koppelingen op aanvraag<\/li>\n<\/ul>\n<p>Toebehoren:<\/p>\n<ul>\n<li>MAX 16 st. &#8211; 17 kg contragewicht aan de achterkant<\/li>\n<li>Aansluitkit voor contragewichten achteraan<\/li>\n<li>MAX 20 st. &#8211; Zijdelings contragewicht 22 kg<\/li>\n<li>Aansluitkit voor contragewicht<\/li>\n<li>Montageplaat voor haken<\/li>\n<li>Kogelkoppeling\/pin \u00d820-25<\/li>\n<li>Koppelingspen \u00d835 mm<\/li>\n<li>Koppelingspen \u00d840 mm<\/li>\n<li>Koppelingspen \u00d850 mm<\/li>\n<li>Trekhaak<\/li>\n<li>Haak met hydraulisch hefsysteem<\/li>\n<li>Configuratieset voor hydraulische haak<\/li>\n<li>Handpomp met reservoir van 1,2 lt.<\/li>\n<li>Montagekit voor hydraulische pomp op M-serie<\/li>\n<li>Hydraulisch bediende slingerhaak<\/li>\n<li>Versterkte hydraulische grijphaak<\/li>\n<li>Telescopische stang met zwaailicht<\/li>\n<li>Set zijknoppen vooruit\/achteruit<\/li>\n<li>Noodstopknop<\/li>\n<li>Digitale uurteller<\/li>\n<li>Aan\/uit-toetsenbord<\/li>\n<li>Bescherming aandrijfwiel<\/li>\n<li>Bescherming stuurwiel<\/li>\n<\/ul>\n<p>&nbsp;<\/p>\n<\/div>\n<p>Neem contact met ons op voor een demo van deze machine bij u op locatie.<\/p>\n","protected":false},"excerpt":{"rendered":"<p>De Zallys M10 elektrische trekker is de ideale oplossing voor het niet meer handmatig verplaatsen van zware lasten.<\/p>\n<p>voor lasten tot 10.000 kg (15.000 kg met upgrade)<br \/>\nAtex- en IECEx-certificering beschikbaar voor gebruik in potentieel gevaarlijke en explosieve omgevingen<br \/>\nveelzijdig en compact<br \/>\nmet luchtbanden voor gebruik binnen en buiten<br \/>\nSnelheidsregelknop met 5 snelheidsniveaus<br \/>\nsnelheidsreductiekit voor gebruik in bochten (optioneel)<br \/>\nbreed assortiment standaardkoppelingen, inclusief hydraulische of aangepaste koppelingen op aanvraag<\/p>\n<p>Toebehoren:<\/p>\n<p>MAX 16 st. &#8211; 17 kg contragewicht aan de achterkant<br \/>\nAansluitkit voor contragewichten achteraan<br \/>\nMAX 20 st. &#8211; Zijdelings contragewicht 22 kg<br \/>\nAansluitkit voor contragewicht<br \/>\nMontageplaat voor haken<br \/>\nKogelkoppeling\/pin \u00d820-25<br \/>\nKoppelingspen \u00d835 mm<br \/>\nKoppelingspen \u00d840 mm<br \/>\nKoppelingspen \u00d850 mm<br \/>\nTrekhaak<br \/>\nHaak met hydraulisch hefsysteem<br \/>\nConfiguratieset voor hydraulische haak<br \/>\nHandpomp met reservoir van 1,2 lt.<br \/>\nMontagekit voor hydraulische pomp op M-serie<br \/>\nHydraulisch bediende slingerhaak<br \/>\nVersterkte hydraulische grijphaak<br \/>\nTelescopische stang met zwaailicht<br \/>\nSet zijknoppen vooruit\/achteruit<br \/>\nNoodstopknop<br \/>\nDigitale uurteller<\/p>\n<p>Aan\/uit-toetsenbord<br \/>\nBescherming aandrijfwiel<br \/>\nBescherming stuurwiel<\/p>\n<p>Neem contact met ons op voor een demo van deze machine bij u op locatie.<\/p>\n","protected":false},"featured_media":38282,"template":"","meta":{"_acf_changed":false,"inline_featured_image":false},"product_brand":[],"product_cat":[3853],"product_tag":[],"class_list":{"0":"post-39679","1":"product","2":"type-product","3":"status-publish","4":"has-post-thumbnail","6":"product_cat-trekkers","7":"yith_product_brand-zallys-nl","9":"first","10":"instock","11":"taxable","12":"shipping-taxable","13":"product-type-simple"},"acf":[],"yoast_head":"<!-- This site is optimized with the Yoast SEO plugin v27.5 - https:\/\/yoast.com\/product\/yoast-seo-wordpress\/ -->\n<title>M10 - Elektrische trekker - Ohis<\/title>\n<meta name=\"robots\" content=\"index, follow, max-snippet:-1, max-image-preview:large, max-video-preview:-1\" \/>\n<link rel=\"canonical\" href=\"https:\/\/www.ohis.be\/nl\/produit\/m10-elektrische-trekker\/\" \/>\n<meta property=\"og:locale\" content=\"nl_NL\" \/>\n<meta property=\"og:type\" content=\"article\" \/>\n<meta property=\"og:title\" content=\"M10 - Elektrische trekker - Ohis\" \/>\n<meta property=\"og:description\" content=\"De Zallys M10 elektrische trekker is de ideale oplossing voor het niet meer handmatig verplaatsen van zware lasten.  voor lasten tot 10.000 kg (15.000 kg met upgrade) Atex- en IECEx-certificering beschikbaar voor gebruik in potentieel gevaarlijke en explosieve omgevingen veelzijdig en compact met luchtbanden voor gebruik binnen en buiten Snelheidsregelknop met 5 snelheidsniveaus snelheidsreductiekit voor gebruik in bochten (optioneel) breed assortiment standaardkoppelingen, inclusief hydraulische of aangepaste koppelingen op aanvraag  Toebehoren:  MAX 16 st. - 17 kg contragewicht aan de achterkant Aansluitkit voor contragewichten achteraan MAX 20 st. - Zijdelings contragewicht 22 kg Aansluitkit voor contragewicht Montageplaat voor haken Kogelkoppeling\/pin \u00d820-25 Koppelingspen \u00d835 mm Koppelingspen \u00d840 mm Koppelingspen \u00d850 mm Trekhaak Haak met hydraulisch hefsysteem Configuratieset voor hydraulische haak Handpomp met reservoir van 1,2 lt. Montagekit voor hydraulische pomp op M-serie Hydraulisch bediende slingerhaak Versterkte hydraulische grijphaak Telescopische stang met zwaailicht Set zijknoppen vooruit\/achteruit Noodstopknop Digitale uurteller  Aan\/uit-toetsenbord Bescherming aandrijfwiel Bescherming stuurwiel  Neem contact met ons op voor een demo van deze machine bij u op locatie.\" \/>\n<meta property=\"og:url\" content=\"https:\/\/www.ohis.be\/nl\/produit\/m10-elektrische-trekker\/\" \/>\n<meta property=\"og:site_name\" content=\"Ohis\" \/>\n<meta property=\"article:modified_time\" content=\"2023-10-16T10:43:06+00:00\" \/>\n<meta property=\"og:image\" content=\"https:\/\/www.ohis.be\/wp-content\/uploads\/2023\/10\/M10-Tireur-pousseur-electrique.jpg\" \/>\n\t<meta property=\"og:image:width\" content=\"600\" \/>\n\t<meta property=\"og:image:height\" content=\"600\" \/>\n\t<meta property=\"og:image:type\" content=\"image\/jpeg\" \/>\n<meta name=\"twitter:card\" content=\"summary_large_image\" \/>\n<meta name=\"twitter:label1\" content=\"Geschatte leestijd\" \/>\n\t<meta name=\"twitter:data1\" content=\"1 minuut\" \/>\n<script type=\"application\/ld+json\" class=\"yoast-schema-graph\">{\"@context\":\"https:\\\/\\\/schema.org\",\"@graph\":[{\"@type\":\"WebPage\",\"@id\":\"https:\\\/\\\/www.ohis.be\\\/nl\\\/produit\\\/m10-elektrische-trekker\\\/\",\"url\":\"https:\\\/\\\/www.ohis.be\\\/nl\\\/produit\\\/m10-elektrische-trekker\\\/\",\"name\":\"M10 - Elektrische trekker - Ohis\",\"isPartOf\":{\"@id\":\"https:\\\/\\\/www.ohis.be\\\/#website\"},\"primaryImageOfPage\":{\"@id\":\"https:\\\/\\\/www.ohis.be\\\/nl\\\/produit\\\/m10-elektrische-trekker\\\/#primaryimage\"},\"image\":{\"@id\":\"https:\\\/\\\/www.ohis.be\\\/nl\\\/produit\\\/m10-elektrische-trekker\\\/#primaryimage\"},\"thumbnailUrl\":\"https:\\\/\\\/www.ohis.be\\\/wp-content\\\/uploads\\\/2023\\\/10\\\/M10-Tireur-pousseur-electrique.jpg\",\"datePublished\":\"2023-10-10T13:26:29+00:00\",\"dateModified\":\"2023-10-16T10:43:06+00:00\",\"breadcrumb\":{\"@id\":\"https:\\\/\\\/www.ohis.be\\\/nl\\\/produit\\\/m10-elektrische-trekker\\\/#breadcrumb\"},\"inLanguage\":\"nl-NL\",\"potentialAction\":[{\"@type\":\"ReadAction\",\"target\":[\"https:\\\/\\\/www.ohis.be\\\/nl\\\/produit\\\/m10-elektrische-trekker\\\/\"]}]},{\"@type\":\"ImageObject\",\"inLanguage\":\"nl-NL\",\"@id\":\"https:\\\/\\\/www.ohis.be\\\/nl\\\/produit\\\/m10-elektrische-trekker\\\/#primaryimage\",\"url\":\"https:\\\/\\\/www.ohis.be\\\/wp-content\\\/uploads\\\/2023\\\/10\\\/M10-Tireur-pousseur-electrique.jpg\",\"contentUrl\":\"https:\\\/\\\/www.ohis.be\\\/wp-content\\\/uploads\\\/2023\\\/10\\\/M10-Tireur-pousseur-electrique.jpg\",\"width\":600,\"height\":600,\"caption\":\"M10 - Elektrische trekker\"},{\"@type\":\"BreadcrumbList\",\"@id\":\"https:\\\/\\\/www.ohis.be\\\/nl\\\/produit\\\/m10-elektrische-trekker\\\/#breadcrumb\",\"itemListElement\":[{\"@type\":\"ListItem\",\"position\":1,\"name\":\"Accueil\",\"item\":\"https:\\\/\\\/www.ohis.be\\\/nl\\\/\"},{\"@type\":\"ListItem\",\"position\":2,\"name\":\"Producten\",\"item\":\"https:\\\/\\\/www.ohis.be\\\/nl\\\/producten\\\/\"},{\"@type\":\"ListItem\",\"position\":3,\"name\":\"M10 &#8211; Elektrische trekker\"}]},{\"@type\":\"WebSite\",\"@id\":\"https:\\\/\\\/www.ohis.be\\\/#website\",\"url\":\"https:\\\/\\\/www.ohis.be\\\/\",\"name\":\"Ohis\",\"description\":\"Outils de levage\",\"publisher\":{\"@id\":\"https:\\\/\\\/www.ohis.be\\\/#organization\"},\"potentialAction\":[{\"@type\":\"SearchAction\",\"target\":{\"@type\":\"EntryPoint\",\"urlTemplate\":\"https:\\\/\\\/www.ohis.be\\\/?s={search_term_string}\"},\"query-input\":{\"@type\":\"PropertyValueSpecification\",\"valueRequired\":true,\"valueName\":\"search_term_string\"}}],\"inLanguage\":\"nl-NL\"},{\"@type\":\"Organization\",\"@id\":\"https:\\\/\\\/www.ohis.be\\\/#organization\",\"name\":\"Ohis\",\"url\":\"https:\\\/\\\/www.ohis.be\\\/\",\"logo\":{\"@type\":\"ImageObject\",\"inLanguage\":\"nl-NL\",\"@id\":\"https:\\\/\\\/www.ohis.be\\\/#\\\/schema\\\/logo\\\/image\\\/\",\"url\":\"https:\\\/\\\/www.ohis.be\\\/wp-content\\\/uploads\\\/2021\\\/02\\\/logo-ohis-wit.svg\",\"contentUrl\":\"https:\\\/\\\/www.ohis.be\\\/wp-content\\\/uploads\\\/2021\\\/02\\\/logo-ohis-wit.svg\",\"caption\":\"Ohis\"},\"image\":{\"@id\":\"https:\\\/\\\/www.ohis.be\\\/#\\\/schema\\\/logo\\\/image\\\/\"}}]}<\/script>\n<!-- \/ Yoast SEO plugin. -->","yoast_head_json":{"title":"M10 - Elektrische trekker - Ohis","robots":{"index":"index","follow":"follow","max-snippet":"max-snippet:-1","max-image-preview":"max-image-preview:large","max-video-preview":"max-video-preview:-1"},"canonical":"https:\/\/www.ohis.be\/nl\/produit\/m10-elektrische-trekker\/","og_locale":"nl_NL","og_type":"article","og_title":"M10 - Elektrische trekker - Ohis","og_description":"De Zallys M10 elektrische trekker is de ideale oplossing voor het niet meer handmatig verplaatsen van zware lasten.  voor lasten tot 10.000 kg (15.000 kg met upgrade) Atex- en IECEx-certificering beschikbaar voor gebruik in potentieel gevaarlijke en explosieve omgevingen veelzijdig en compact met luchtbanden voor gebruik binnen en buiten Snelheidsregelknop met 5 snelheidsniveaus snelheidsreductiekit voor gebruik in bochten (optioneel) breed assortiment standaardkoppelingen, inclusief hydraulische of aangepaste koppelingen op aanvraag  Toebehoren:  MAX 16 st. - 17 kg contragewicht aan de achterkant Aansluitkit voor contragewichten achteraan MAX 20 st. - Zijdelings contragewicht 22 kg Aansluitkit voor contragewicht Montageplaat voor haken Kogelkoppeling\/pin \u00d820-25 Koppelingspen \u00d835 mm Koppelingspen \u00d840 mm Koppelingspen \u00d850 mm Trekhaak Haak met hydraulisch hefsysteem Configuratieset voor hydraulische haak Handpomp met reservoir van 1,2 lt. Montagekit voor hydraulische pomp op M-serie Hydraulisch bediende slingerhaak Versterkte hydraulische grijphaak Telescopische stang met zwaailicht Set zijknoppen vooruit\/achteruit Noodstopknop Digitale uurteller  Aan\/uit-toetsenbord Bescherming aandrijfwiel Bescherming stuurwiel  Neem contact met ons op voor een demo van deze machine bij u op locatie.","og_url":"https:\/\/www.ohis.be\/nl\/produit\/m10-elektrische-trekker\/","og_site_name":"Ohis","article_modified_time":"2023-10-16T10:43:06+00:00","og_image":[{"width":600,"height":600,"url":"https:\/\/www.ohis.be\/wp-content\/uploads\/2023\/10\/M10-Tireur-pousseur-electrique.jpg","type":"image\/jpeg"}],"twitter_card":"summary_large_image","twitter_misc":{"Geschatte leestijd":"1 minuut"},"schema":{"@context":"https:\/\/schema.org","@graph":[{"@type":"WebPage","@id":"https:\/\/www.ohis.be\/nl\/produit\/m10-elektrische-trekker\/","url":"https:\/\/www.ohis.be\/nl\/produit\/m10-elektrische-trekker\/","name":"M10 - Elektrische trekker - Ohis","isPartOf":{"@id":"https:\/\/www.ohis.be\/#website"},"primaryImageOfPage":{"@id":"https:\/\/www.ohis.be\/nl\/produit\/m10-elektrische-trekker\/#primaryimage"},"image":{"@id":"https:\/\/www.ohis.be\/nl\/produit\/m10-elektrische-trekker\/#primaryimage"},"thumbnailUrl":"https:\/\/www.ohis.be\/wp-content\/uploads\/2023\/10\/M10-Tireur-pousseur-electrique.jpg","datePublished":"2023-10-10T13:26:29+00:00","dateModified":"2023-10-16T10:43:06+00:00","breadcrumb":{"@id":"https:\/\/www.ohis.be\/nl\/produit\/m10-elektrische-trekker\/#breadcrumb"},"inLanguage":"nl-NL","potentialAction":[{"@type":"ReadAction","target":["https:\/\/www.ohis.be\/nl\/produit\/m10-elektrische-trekker\/"]}]},{"@type":"ImageObject","inLanguage":"nl-NL","@id":"https:\/\/www.ohis.be\/nl\/produit\/m10-elektrische-trekker\/#primaryimage","url":"https:\/\/www.ohis.be\/wp-content\/uploads\/2023\/10\/M10-Tireur-pousseur-electrique.jpg","contentUrl":"https:\/\/www.ohis.be\/wp-content\/uploads\/2023\/10\/M10-Tireur-pousseur-electrique.jpg","width":600,"height":600,"caption":"M10 - Elektrische trekker"},{"@type":"BreadcrumbList","@id":"https:\/\/www.ohis.be\/nl\/produit\/m10-elektrische-trekker\/#breadcrumb","itemListElement":[{"@type":"ListItem","position":1,"name":"Accueil","item":"https:\/\/www.ohis.be\/nl\/"},{"@type":"ListItem","position":2,"name":"Producten","item":"https:\/\/www.ohis.be\/nl\/producten\/"},{"@type":"ListItem","position":3,"name":"M10 &#8211; Elektrische trekker"}]},{"@type":"WebSite","@id":"https:\/\/www.ohis.be\/#website","url":"https:\/\/www.ohis.be\/","name":"Ohis","description":"Outils de levage","publisher":{"@id":"https:\/\/www.ohis.be\/#organization"},"potentialAction":[{"@type":"SearchAction","target":{"@type":"EntryPoint","urlTemplate":"https:\/\/www.ohis.be\/?s={search_term_string}"},"query-input":{"@type":"PropertyValueSpecification","valueRequired":true,"valueName":"search_term_string"}}],"inLanguage":"nl-NL"},{"@type":"Organization","@id":"https:\/\/www.ohis.be\/#organization","name":"Ohis","url":"https:\/\/www.ohis.be\/","logo":{"@type":"ImageObject","inLanguage":"nl-NL","@id":"https:\/\/www.ohis.be\/#\/schema\/logo\/image\/","url":"https:\/\/www.ohis.be\/wp-content\/uploads\/2021\/02\/logo-ohis-wit.svg","contentUrl":"https:\/\/www.ohis.be\/wp-content\/uploads\/2021\/02\/logo-ohis-wit.svg","caption":"Ohis"},"image":{"@id":"https:\/\/www.ohis.be\/#\/schema\/logo\/image\/"}}]}},"_links":{"self":[{"href":"https:\/\/www.ohis.be\/nl\/wp-json\/wp\/v2\/product\/39679","targetHints":{"allow":["GET"]}}],"collection":[{"href":"https:\/\/www.ohis.be\/nl\/wp-json\/wp\/v2\/product"}],"about":[{"href":"https:\/\/www.ohis.be\/nl\/wp-json\/wp\/v2\/types\/product"}],"wp:featuredmedia":[{"embeddable":true,"href":"https:\/\/www.ohis.be\/nl\/wp-json\/wp\/v2\/media\/38282"}],"wp:attachment":[{"href":"https:\/\/www.ohis.be\/nl\/wp-json\/wp\/v2\/media?parent=39679"}],"wp:term":[{"taxonomy":"product_brand","embeddable":true,"href":"https:\/\/www.ohis.be\/nl\/wp-json\/wp\/v2\/product_brand?post=39679"},{"taxonomy":"product_cat","embeddable":true,"href":"https:\/\/www.ohis.be\/nl\/wp-json\/wp\/v2\/product_cat?post=39679"},{"taxonomy":"product_tag","embeddable":true,"href":"https:\/\/www.ohis.be\/nl\/wp-json\/wp\/v2\/product_tag?post=39679"}],"curies":[{"name":"wp","href":"https:\/\/api.w.org\/{rel}","templated":true}]}}