{"id":28628,"date":"2023-02-21T10:42:39","date_gmt":"2023-02-21T09:42:39","guid":{"rendered":"https:\/\/www.ohis.be\/?post_type=product&#038;p=28628"},"modified":"2023-05-25T13:56:34","modified_gmt":"2023-05-25T11:56:34","slug":"geisoleerde-kogellagerwartel-type-skli-26-8","status":"publish","type":"product","link":"https:\/\/www.ohis.be\/nl\/produit\/geisoleerde-kogellagerwartel-type-skli-26-8\/","title":{"rendered":"Ge\u00efsoleerde kogellagerwartel, type SKLI-26-8"},"content":{"rendered":"<p>Ge\u00efsoleerde kogellagerwartel, type SKLI<\/p>\n<p>Volledig ingesloten kogellager, draaibaar onder max. belasting. Ge\u00efsoleerd tegen<br \/>\nzwerfstromen die kunnen optreden.<br \/>\nDoorslag spanning min. 1000V. Vermijdt het optreden van zwerfstromen door<br \/>\nstaaldraden en kabels.<\/p>\n","protected":false},"excerpt":{"rendered":"<p>Ge\u00efsoleerde kogellagerwartel, type SKLI<\/p>\n<p>Volledig ingesloten kogellager, draaibaar onder max. belasting. Ge\u00efsoleerd tegen<br \/>\nzwerfstromen die kunnen optreden.<br \/>\nDoorslag spanning min. 1000V. Vermijdt het optreden van zwerfstromen door<br \/>\nstaaldraden en kabels.<\/p>\n","protected":false},"featured_media":26808,"template":"","meta":{"_acf_changed":false,"inline_featured_image":false},"product_brand":[],"product_cat":[2297],"product_tag":[2294],"class_list":{"0":"post-28628","1":"product","2":"type-product","3":"status-publish","4":"has-post-thumbnail","6":"product_cat-koppelschalmen","7":"product_tag-gunnebo","9":"first","10":"onbackorder","11":"taxable","12":"shipping-taxable","13":"purchasable","14":"product-type-simple"},"acf":[],"yoast_head":"<!-- This site is optimized with the Yoast SEO plugin v27.2 - https:\/\/yoast.com\/product\/yoast-seo-wordpress\/ -->\n<title>Ge\u00efsoleerde kogellagerwartel, type SKLI-26-8 - Ohis<\/title>\n<meta name=\"robots\" content=\"index, follow, max-snippet:-1, max-image-preview:large, max-video-preview:-1\" \/>\n<link rel=\"canonical\" href=\"https:\/\/www.ohis.be\/nl\/produit\/geisoleerde-kogellagerwartel-type-skli-26-8\/\" \/>\n<meta property=\"og:locale\" content=\"nl_NL\" \/>\n<meta property=\"og:type\" content=\"article\" \/>\n<meta property=\"og:title\" content=\"Ge\u00efsoleerde kogellagerwartel, type SKLI-26-8 - Ohis\" \/>\n<meta property=\"og:description\" content=\"Ge\u00efsoleerde kogellagerwartel, type SKLI  Volledig ingesloten kogellager, draaibaar onder max. belasting. Ge\u00efsoleerd tegen zwerfstromen die kunnen optreden. Doorslag spanning min. 1000V. Vermijdt het optreden van zwerfstromen door staaldraden en kabels.\" \/>\n<meta property=\"og:url\" content=\"https:\/\/www.ohis.be\/nl\/produit\/geisoleerde-kogellagerwartel-type-skli-26-8\/\" \/>\n<meta property=\"og:site_name\" content=\"Ohis\" \/>\n<meta property=\"article:modified_time\" content=\"2023-05-25T11:56:34+00:00\" \/>\n<meta property=\"og:image\" content=\"https:\/\/www.ohis.be\/wp-content\/uploads\/2023\/02\/Gunnebo-Koppelstuk-SKLI-1.png\" \/>\n\t<meta property=\"og:image:width\" content=\"200\" \/>\n\t<meta property=\"og:image:height\" content=\"300\" \/>\n\t<meta property=\"og:image:type\" content=\"image\/png\" \/>\n<meta name=\"twitter:card\" content=\"summary_large_image\" \/>\n<meta name=\"twitter:label1\" content=\"Geschatte leestijd\" \/>\n\t<meta name=\"twitter:data1\" content=\"1 minuut\" \/>\n<script type=\"application\/ld+json\" class=\"yoast-schema-graph\">{\"@context\":\"https:\/\/schema.org\",\"@graph\":[{\"@type\":\"WebPage\",\"@id\":\"https:\/\/www.ohis.be\/nl\/produit\/geisoleerde-kogellagerwartel-type-skli-26-8\/\",\"url\":\"https:\/\/www.ohis.be\/nl\/produit\/geisoleerde-kogellagerwartel-type-skli-26-8\/\",\"name\":\"Ge\u00efsoleerde kogellagerwartel, type SKLI-26-8 - Ohis\",\"isPartOf\":{\"@id\":\"https:\/\/www.ohis.be\/#website\"},\"primaryImageOfPage\":{\"@id\":\"https:\/\/www.ohis.be\/nl\/produit\/geisoleerde-kogellagerwartel-type-skli-26-8\/#primaryimage\"},\"image\":{\"@id\":\"https:\/\/www.ohis.be\/nl\/produit\/geisoleerde-kogellagerwartel-type-skli-26-8\/#primaryimage\"},\"thumbnailUrl\":\"https:\/\/www.ohis.be\/wp-content\/uploads\/2023\/02\/Gunnebo-Koppelstuk-SKLI-1.png\",\"datePublished\":\"2023-02-21T09:42:39+00:00\",\"dateModified\":\"2023-05-25T11:56:34+00:00\",\"breadcrumb\":{\"@id\":\"https:\/\/www.ohis.be\/nl\/produit\/geisoleerde-kogellagerwartel-type-skli-26-8\/#breadcrumb\"},\"inLanguage\":\"nl-NL\",\"potentialAction\":[{\"@type\":\"ReadAction\",\"target\":[\"https:\/\/www.ohis.be\/nl\/produit\/geisoleerde-kogellagerwartel-type-skli-26-8\/\"]}]},{\"@type\":\"ImageObject\",\"inLanguage\":\"nl-NL\",\"@id\":\"https:\/\/www.ohis.be\/nl\/produit\/geisoleerde-kogellagerwartel-type-skli-26-8\/#primaryimage\",\"url\":\"https:\/\/www.ohis.be\/wp-content\/uploads\/2023\/02\/Gunnebo-Koppelstuk-SKLI-1.png\",\"contentUrl\":\"https:\/\/www.ohis.be\/wp-content\/uploads\/2023\/02\/Gunnebo-Koppelstuk-SKLI-1.png\",\"width\":200,\"height\":300},{\"@type\":\"BreadcrumbList\",\"@id\":\"https:\/\/www.ohis.be\/nl\/produit\/geisoleerde-kogellagerwartel-type-skli-26-8\/#breadcrumb\",\"itemListElement\":[{\"@type\":\"ListItem\",\"position\":1,\"name\":\"Accueil\",\"item\":\"https:\/\/www.ohis.be\/nl\/\"},{\"@type\":\"ListItem\",\"position\":2,\"name\":\"Producten\",\"item\":\"https:\/\/www.ohis.be\/nl\/producten\/\"},{\"@type\":\"ListItem\",\"position\":3,\"name\":\"Ge\u00efsoleerde kogellagerwartel, type SKLI-26-8\"}]},{\"@type\":\"WebSite\",\"@id\":\"https:\/\/www.ohis.be\/#website\",\"url\":\"https:\/\/www.ohis.be\/\",\"name\":\"Ohis\",\"description\":\"Outils de levage\",\"publisher\":{\"@id\":\"https:\/\/www.ohis.be\/#organization\"},\"potentialAction\":[{\"@type\":\"SearchAction\",\"target\":{\"@type\":\"EntryPoint\",\"urlTemplate\":\"https:\/\/www.ohis.be\/?s={search_term_string}\"},\"query-input\":{\"@type\":\"PropertyValueSpecification\",\"valueRequired\":true,\"valueName\":\"search_term_string\"}}],\"inLanguage\":\"nl-NL\"},{\"@type\":\"Organization\",\"@id\":\"https:\/\/www.ohis.be\/#organization\",\"name\":\"Ohis\",\"url\":\"https:\/\/www.ohis.be\/\",\"logo\":{\"@type\":\"ImageObject\",\"inLanguage\":\"nl-NL\",\"@id\":\"https:\/\/www.ohis.be\/#\/schema\/logo\/image\/\",\"url\":\"https:\/\/www.ohis.be\/wp-content\/uploads\/2021\/02\/logo-ohis-wit.svg\",\"contentUrl\":\"https:\/\/www.ohis.be\/wp-content\/uploads\/2021\/02\/logo-ohis-wit.svg\",\"width\":169,\"height\":39,\"caption\":\"Ohis\"},\"image\":{\"@id\":\"https:\/\/www.ohis.be\/#\/schema\/logo\/image\/\"}}]}<\/script>\n<!-- \/ Yoast SEO plugin. -->","yoast_head_json":{"title":"Ge\u00efsoleerde kogellagerwartel, type SKLI-26-8 - Ohis","robots":{"index":"index","follow":"follow","max-snippet":"max-snippet:-1","max-image-preview":"max-image-preview:large","max-video-preview":"max-video-preview:-1"},"canonical":"https:\/\/www.ohis.be\/nl\/produit\/geisoleerde-kogellagerwartel-type-skli-26-8\/","og_locale":"nl_NL","og_type":"article","og_title":"Ge\u00efsoleerde kogellagerwartel, type SKLI-26-8 - Ohis","og_description":"Ge\u00efsoleerde kogellagerwartel, type SKLI  Volledig ingesloten kogellager, draaibaar onder max. belasting. Ge\u00efsoleerd tegen zwerfstromen die kunnen optreden. Doorslag spanning min. 1000V. Vermijdt het optreden van zwerfstromen door staaldraden en kabels.","og_url":"https:\/\/www.ohis.be\/nl\/produit\/geisoleerde-kogellagerwartel-type-skli-26-8\/","og_site_name":"Ohis","article_modified_time":"2023-05-25T11:56:34+00:00","og_image":[{"width":200,"height":300,"url":"https:\/\/www.ohis.be\/wp-content\/uploads\/2023\/02\/Gunnebo-Koppelstuk-SKLI-1.png","type":"image\/png"}],"twitter_card":"summary_large_image","twitter_misc":{"Geschatte leestijd":"1 minuut"},"schema":{"@context":"https:\/\/schema.org","@graph":[{"@type":"WebPage","@id":"https:\/\/www.ohis.be\/nl\/produit\/geisoleerde-kogellagerwartel-type-skli-26-8\/","url":"https:\/\/www.ohis.be\/nl\/produit\/geisoleerde-kogellagerwartel-type-skli-26-8\/","name":"Ge\u00efsoleerde kogellagerwartel, type SKLI-26-8 - Ohis","isPartOf":{"@id":"https:\/\/www.ohis.be\/#website"},"primaryImageOfPage":{"@id":"https:\/\/www.ohis.be\/nl\/produit\/geisoleerde-kogellagerwartel-type-skli-26-8\/#primaryimage"},"image":{"@id":"https:\/\/www.ohis.be\/nl\/produit\/geisoleerde-kogellagerwartel-type-skli-26-8\/#primaryimage"},"thumbnailUrl":"https:\/\/www.ohis.be\/wp-content\/uploads\/2023\/02\/Gunnebo-Koppelstuk-SKLI-1.png","datePublished":"2023-02-21T09:42:39+00:00","dateModified":"2023-05-25T11:56:34+00:00","breadcrumb":{"@id":"https:\/\/www.ohis.be\/nl\/produit\/geisoleerde-kogellagerwartel-type-skli-26-8\/#breadcrumb"},"inLanguage":"nl-NL","potentialAction":[{"@type":"ReadAction","target":["https:\/\/www.ohis.be\/nl\/produit\/geisoleerde-kogellagerwartel-type-skli-26-8\/"]}]},{"@type":"ImageObject","inLanguage":"nl-NL","@id":"https:\/\/www.ohis.be\/nl\/produit\/geisoleerde-kogellagerwartel-type-skli-26-8\/#primaryimage","url":"https:\/\/www.ohis.be\/wp-content\/uploads\/2023\/02\/Gunnebo-Koppelstuk-SKLI-1.png","contentUrl":"https:\/\/www.ohis.be\/wp-content\/uploads\/2023\/02\/Gunnebo-Koppelstuk-SKLI-1.png","width":200,"height":300},{"@type":"BreadcrumbList","@id":"https:\/\/www.ohis.be\/nl\/produit\/geisoleerde-kogellagerwartel-type-skli-26-8\/#breadcrumb","itemListElement":[{"@type":"ListItem","position":1,"name":"Accueil","item":"https:\/\/www.ohis.be\/nl\/"},{"@type":"ListItem","position":2,"name":"Producten","item":"https:\/\/www.ohis.be\/nl\/producten\/"},{"@type":"ListItem","position":3,"name":"Ge\u00efsoleerde kogellagerwartel, type SKLI-26-8"}]},{"@type":"WebSite","@id":"https:\/\/www.ohis.be\/#website","url":"https:\/\/www.ohis.be\/","name":"Ohis","description":"Outils de levage","publisher":{"@id":"https:\/\/www.ohis.be\/#organization"},"potentialAction":[{"@type":"SearchAction","target":{"@type":"EntryPoint","urlTemplate":"https:\/\/www.ohis.be\/?s={search_term_string}"},"query-input":{"@type":"PropertyValueSpecification","valueRequired":true,"valueName":"search_term_string"}}],"inLanguage":"nl-NL"},{"@type":"Organization","@id":"https:\/\/www.ohis.be\/#organization","name":"Ohis","url":"https:\/\/www.ohis.be\/","logo":{"@type":"ImageObject","inLanguage":"nl-NL","@id":"https:\/\/www.ohis.be\/#\/schema\/logo\/image\/","url":"https:\/\/www.ohis.be\/wp-content\/uploads\/2021\/02\/logo-ohis-wit.svg","contentUrl":"https:\/\/www.ohis.be\/wp-content\/uploads\/2021\/02\/logo-ohis-wit.svg","width":169,"height":39,"caption":"Ohis"},"image":{"@id":"https:\/\/www.ohis.be\/#\/schema\/logo\/image\/"}}]}},"_links":{"self":[{"href":"https:\/\/www.ohis.be\/nl\/wp-json\/wp\/v2\/product\/28628","targetHints":{"allow":["GET"]}}],"collection":[{"href":"https:\/\/www.ohis.be\/nl\/wp-json\/wp\/v2\/product"}],"about":[{"href":"https:\/\/www.ohis.be\/nl\/wp-json\/wp\/v2\/types\/product"}],"wp:featuredmedia":[{"embeddable":true,"href":"https:\/\/www.ohis.be\/nl\/wp-json\/wp\/v2\/media\/26808"}],"wp:attachment":[{"href":"https:\/\/www.ohis.be\/nl\/wp-json\/wp\/v2\/media?parent=28628"}],"wp:term":[{"taxonomy":"product_brand","embeddable":true,"href":"https:\/\/www.ohis.be\/nl\/wp-json\/wp\/v2\/product_brand?post=28628"},{"taxonomy":"product_cat","embeddable":true,"href":"https:\/\/www.ohis.be\/nl\/wp-json\/wp\/v2\/product_cat?post=28628"},{"taxonomy":"product_tag","embeddable":true,"href":"https:\/\/www.ohis.be\/nl\/wp-json\/wp\/v2\/product_tag?post=28628"}],"curies":[{"name":"wp","href":"https:\/\/api.w.org\/{rel}","templated":true}]}}