{"id":25155,"date":"2023-01-02T10:55:37","date_gmt":"2023-01-02T09:55:37","guid":{"rendered":"https:\/\/www.ohis.be\/produit\/pyb-elektrische-pomp-op-batterij\/"},"modified":"2023-05-25T13:52:50","modified_gmt":"2023-05-25T11:52:50","slug":"pyb-elektrische-pomp-op-batterij","status":"publish","type":"product","link":"https:\/\/www.ohis.be\/nl\/produit\/pyb-elektrische-pomp-op-batterij\/","title":{"rendered":"PYB Elektrische pomp op batterij"},"content":{"rendered":"<p>Max. werkdruk 700 bar<br \/>\nDe nieuwste Yale\u00ae PYB draadloze hydraulische pomp biedt nieuwe flexibiliteit aan het hydraulische assortiment van Yale\u00ae.<br \/>\nDeze uiterst compacte en lichte pomp geeft de gebruiker de vrijheid om te werken op plaatsen waar geen stroomvoorziening is, en verhoogt de productiviteit ten opzichte van de conventionele handpomp, en dat alles met \u00e9\u00e9n druk op de knop.<br \/>\nDe pomp maakt gebruik van een standaard Hitachi LIION accu en lader voor een optimale werking en is ideaal voor diverse toepassingen met kleine tot middelgrote enkelwerkende cilinders, spreidcilinders, hefwiggen, moerensplijters en nog veel meer.<\/p>\n<p>Kenmerken<br \/>\n&#8211; Max. werkdruk 700 bar<br \/>\n&#8211; Bediening met \u00e9\u00e9n hand. Knop ge\u00efntegreerd in de ergonomische handgreep.<br \/>\n&#8211; 2-traps werking met automatische omschakeling.<br \/>\n&#8211; Interne overdrukklep.<br \/>\n&#8211; Zeer lichte en robuuste aluminium tank<br \/>\n&#8211; Beschermkap om onbedoelde activering van de pomp te voorkomen.<br \/>\n&#8211; Dankzij de rubberen tankdop kan de pomp in elke positie worden gebruikt.<\/p>\n<p>POMP GELEVERD MET:<br \/>\n&#8211; Hydraulische pomp op batterijen<br \/>\n&#8211; Olievulling (klaar voor gebruik)<br \/>\n&#8211; Vrouwelijke half-koppeling CFY-1<br \/>\n&#8211; Draagriem PYB-0,6<\/p>\n<p>Opties\/Accessoires<br \/>\nStandaard Hitachi accu&#8217;s (type BSL 1850) en laders uitsluitend voor gebruik.<br \/>\n&#8211; Batterij model PYB-BAT, 18 V, gewicht 0,7 kg<br \/>\n&#8211; Lader model PYB-CHARG, 230 V<br \/>\n&#8211; De drukmeterset model GYA-63 omvat: een drukmeter GGY 632, \u00d8 63 mm, 0 &#8211; 1000 bar en de bijbehorende adapter. EAN code. 4025092 155120<br \/>\n&#8211; Hydraulische slang model HHC (aan te vullen met een mannelijke halfkoppeling CMY-1)<\/p>\n","protected":false},"excerpt":{"rendered":"<p>Max. werkdruk 700 bar<br \/>\nDe nieuwste Yale\u00ae PYB draadloze hydraulische pomp biedt nieuwe flexibiliteit aan het hydraulische assortiment van Yale\u00ae.<br \/>\nDeze uiterst compacte en lichte pomp geeft de gebruiker de vrijheid om te werken op plaatsen waar geen stroomvoorziening is, en verhoogt de productiviteit ten opzichte van de conventionele handpomp, en dat alles met \u00e9\u00e9n druk op de knop.<br \/>\nDe pomp maakt gebruik van een standaard Hitachi LIION accu en lader voor een optimale werking en is ideaal voor diverse toepassingen met kleine tot middelgrote enkelwerkende cilinders, spreidcilinders, hefwiggen, moerensplijters en nog veel meer.<\/p>\n<p>Kenmerken<br \/>\n&#8211; Max. werkdruk 700 bar<br \/>\n&#8211; Bediening met \u00e9\u00e9n hand. Knop ge\u00efntegreerd in de ergonomische handgreep.<br \/>\n&#8211; 2-traps werking met automatische omschakeling.<br \/>\n&#8211; Interne overdrukklep.<br \/>\n&#8211; Zeer lichte en robuuste aluminium tank<br \/>\n&#8211; Beschermkap om onbedoelde activering van de pomp te voorkomen.<br \/>\n&#8211; Dankzij de rubberen tankdop kan de pomp in elke positie worden gebruikt.<\/p>\n<p>POMP GELEVERD MET:<br \/>\n&#8211; Hydraulische pomp op batterijen<br \/>\n&#8211; Olievulling (klaar voor gebruik)<br \/>\n&#8211; Vrouwelijke half-koppeling CFY-1<br \/>\n&#8211; Draagriem PYB-0,6<\/p>\n<p>Opties\/Accessoires<br \/>\nStandaard Hitachi accu&#8217;s (type BSL 1850) en laders uitsluitend voor gebruik.<br \/>\n&#8211; Batterij model PYB-BAT, 18 V, gewicht 0,7 kg<br \/>\n&#8211; Lader model PYB-CHARG, 230 V<br \/>\n&#8211; De drukmeterset model GYA-63 omvat: een drukmeter GGY 632, \u00d8 63 mm, 0 &#8211; 1000 bar en de bijbehorende adapter. EAN code. 4025092 155120<br \/>\n&#8211; Hydraulische slang model HHC (aan te vullen met een mannelijke halfkoppeling CMY-1)<\/p>\n","protected":false},"featured_media":22684,"template":"","meta":{"_acf_changed":false,"inline_featured_image":false},"product_brand":[],"product_cat":[1639],"product_tag":[476],"class_list":{"0":"post-25155","1":"product","2":"type-product","3":"status-publish","4":"has-post-thumbnail","6":"product_cat-hydraulische-cilinders","7":"product_tag-yale-nl","9":"first","10":"onbackorder","11":"taxable","12":"shipping-taxable","13":"purchasable","14":"product-type-variable"},"acf":[],"yoast_head":"<!-- This site is optimized with the Yoast SEO plugin v27.4 - https:\/\/yoast.com\/product\/yoast-seo-wordpress\/ -->\n<title>PYB Elektrische pomp op batterij - Ohis<\/title>\n<meta name=\"robots\" content=\"index, follow, max-snippet:-1, max-image-preview:large, max-video-preview:-1\" \/>\n<link rel=\"canonical\" href=\"https:\/\/www.ohis.be\/nl\/produit\/pyb-elektrische-pomp-op-batterij\/\" \/>\n<meta property=\"og:locale\" content=\"nl_NL\" \/>\n<meta property=\"og:type\" content=\"article\" \/>\n<meta property=\"og:title\" content=\"PYB Elektrische pomp op batterij - Ohis\" \/>\n<meta property=\"og:description\" content=\"Max. werkdruk 700 bar De nieuwste Yale\u00ae PYB draadloze hydraulische pomp biedt nieuwe flexibiliteit aan het hydraulische assortiment van Yale\u00ae. Deze uiterst compacte en lichte pomp geeft de gebruiker de vrijheid om te werken op plaatsen waar geen stroomvoorziening is, en verhoogt de productiviteit ten opzichte van de conventionele handpomp, en dat alles met \u00e9\u00e9n druk op de knop. De pomp maakt gebruik van een standaard Hitachi LIION accu en lader voor een optimale werking en is ideaal voor diverse toepassingen met kleine tot middelgrote enkelwerkende cilinders, spreidcilinders, hefwiggen, moerensplijters en nog veel meer.  Kenmerken - Max. werkdruk 700 bar - Bediening met \u00e9\u00e9n hand. Knop ge\u00efntegreerd in de ergonomische handgreep. - 2-traps werking met automatische omschakeling. - Interne overdrukklep. - Zeer lichte en robuuste aluminium tank - Beschermkap om onbedoelde activering van de pomp te voorkomen. - Dankzij de rubberen tankdop kan de pomp in elke positie worden gebruikt.  POMP GELEVERD MET: - Hydraulische pomp op batterijen - Olievulling (klaar voor gebruik) - Vrouwelijke half-koppeling CFY-1 - Draagriem PYB-0,6  Opties\/Accessoires Standaard Hitachi accu&#039;s (type BSL 1850) en laders uitsluitend voor gebruik. - Batterij model PYB-BAT, 18 V, gewicht 0,7 kg - Lader model PYB-CHARG, 230 V - De drukmeterset model GYA-63 omvat: een drukmeter GGY 632, \u00d8 63 mm, 0 - 1000 bar en de bijbehorende adapter. EAN code. 4025092 155120 - Hydraulische slang model HHC (aan te vullen met een mannelijke halfkoppeling CMY-1)\" \/>\n<meta property=\"og:url\" content=\"https:\/\/www.ohis.be\/nl\/produit\/pyb-elektrische-pomp-op-batterij\/\" \/>\n<meta property=\"og:site_name\" content=\"Ohis\" \/>\n<meta property=\"article:modified_time\" content=\"2023-05-25T11:52:50+00:00\" \/>\n<meta property=\"og:image\" content=\"https:\/\/www.ohis.be\/wp-content\/uploads\/2023\/01\/yale-pyb.jpg\" \/>\n\t<meta property=\"og:image:width\" content=\"652\" \/>\n\t<meta property=\"og:image:height\" content=\"577\" \/>\n\t<meta property=\"og:image:type\" content=\"image\/jpeg\" \/>\n<meta name=\"twitter:card\" content=\"summary_large_image\" \/>\n<meta name=\"twitter:label1\" content=\"Geschatte leestijd\" \/>\n\t<meta name=\"twitter:data1\" content=\"1 minuut\" \/>\n<script type=\"application\/ld+json\" class=\"yoast-schema-graph\">{\"@context\":\"https:\\\/\\\/schema.org\",\"@graph\":[{\"@type\":\"WebPage\",\"@id\":\"https:\\\/\\\/www.ohis.be\\\/nl\\\/produit\\\/pyb-elektrische-pomp-op-batterij\\\/\",\"url\":\"https:\\\/\\\/www.ohis.be\\\/nl\\\/produit\\\/pyb-elektrische-pomp-op-batterij\\\/\",\"name\":\"PYB Elektrische pomp op batterij - Ohis\",\"isPartOf\":{\"@id\":\"https:\\\/\\\/www.ohis.be\\\/#website\"},\"primaryImageOfPage\":{\"@id\":\"https:\\\/\\\/www.ohis.be\\\/nl\\\/produit\\\/pyb-elektrische-pomp-op-batterij\\\/#primaryimage\"},\"image\":{\"@id\":\"https:\\\/\\\/www.ohis.be\\\/nl\\\/produit\\\/pyb-elektrische-pomp-op-batterij\\\/#primaryimage\"},\"thumbnailUrl\":\"https:\\\/\\\/www.ohis.be\\\/wp-content\\\/uploads\\\/2023\\\/01\\\/yale-pyb.jpg\",\"datePublished\":\"2023-01-02T09:55:37+00:00\",\"dateModified\":\"2023-05-25T11:52:50+00:00\",\"breadcrumb\":{\"@id\":\"https:\\\/\\\/www.ohis.be\\\/nl\\\/produit\\\/pyb-elektrische-pomp-op-batterij\\\/#breadcrumb\"},\"inLanguage\":\"nl-NL\",\"potentialAction\":[{\"@type\":\"ReadAction\",\"target\":[\"https:\\\/\\\/www.ohis.be\\\/nl\\\/produit\\\/pyb-elektrische-pomp-op-batterij\\\/\"]}]},{\"@type\":\"ImageObject\",\"inLanguage\":\"nl-NL\",\"@id\":\"https:\\\/\\\/www.ohis.be\\\/nl\\\/produit\\\/pyb-elektrische-pomp-op-batterij\\\/#primaryimage\",\"url\":\"https:\\\/\\\/www.ohis.be\\\/wp-content\\\/uploads\\\/2023\\\/01\\\/yale-pyb.jpg\",\"contentUrl\":\"https:\\\/\\\/www.ohis.be\\\/wp-content\\\/uploads\\\/2023\\\/01\\\/yale-pyb.jpg\",\"width\":652,\"height\":577},{\"@type\":\"BreadcrumbList\",\"@id\":\"https:\\\/\\\/www.ohis.be\\\/nl\\\/produit\\\/pyb-elektrische-pomp-op-batterij\\\/#breadcrumb\",\"itemListElement\":[{\"@type\":\"ListItem\",\"position\":1,\"name\":\"Accueil\",\"item\":\"https:\\\/\\\/www.ohis.be\\\/nl\\\/\"},{\"@type\":\"ListItem\",\"position\":2,\"name\":\"Producten\",\"item\":\"https:\\\/\\\/www.ohis.be\\\/nl\\\/producten\\\/\"},{\"@type\":\"ListItem\",\"position\":3,\"name\":\"PYB Elektrische pomp op batterij\"}]},{\"@type\":\"WebSite\",\"@id\":\"https:\\\/\\\/www.ohis.be\\\/#website\",\"url\":\"https:\\\/\\\/www.ohis.be\\\/\",\"name\":\"Ohis\",\"description\":\"Outils de levage\",\"publisher\":{\"@id\":\"https:\\\/\\\/www.ohis.be\\\/#organization\"},\"potentialAction\":[{\"@type\":\"SearchAction\",\"target\":{\"@type\":\"EntryPoint\",\"urlTemplate\":\"https:\\\/\\\/www.ohis.be\\\/?s={search_term_string}\"},\"query-input\":{\"@type\":\"PropertyValueSpecification\",\"valueRequired\":true,\"valueName\":\"search_term_string\"}}],\"inLanguage\":\"nl-NL\"},{\"@type\":\"Organization\",\"@id\":\"https:\\\/\\\/www.ohis.be\\\/#organization\",\"name\":\"Ohis\",\"url\":\"https:\\\/\\\/www.ohis.be\\\/\",\"logo\":{\"@type\":\"ImageObject\",\"inLanguage\":\"nl-NL\",\"@id\":\"https:\\\/\\\/www.ohis.be\\\/#\\\/schema\\\/logo\\\/image\\\/\",\"url\":\"https:\\\/\\\/www.ohis.be\\\/wp-content\\\/uploads\\\/2021\\\/02\\\/logo-ohis-wit.svg\",\"contentUrl\":\"https:\\\/\\\/www.ohis.be\\\/wp-content\\\/uploads\\\/2021\\\/02\\\/logo-ohis-wit.svg\",\"caption\":\"Ohis\"},\"image\":{\"@id\":\"https:\\\/\\\/www.ohis.be\\\/#\\\/schema\\\/logo\\\/image\\\/\"}}]}<\/script>\n<!-- \/ Yoast SEO plugin. -->","yoast_head_json":{"title":"PYB Elektrische pomp op batterij - Ohis","robots":{"index":"index","follow":"follow","max-snippet":"max-snippet:-1","max-image-preview":"max-image-preview:large","max-video-preview":"max-video-preview:-1"},"canonical":"https:\/\/www.ohis.be\/nl\/produit\/pyb-elektrische-pomp-op-batterij\/","og_locale":"nl_NL","og_type":"article","og_title":"PYB Elektrische pomp op batterij - Ohis","og_description":"Max. werkdruk 700 bar De nieuwste Yale\u00ae PYB draadloze hydraulische pomp biedt nieuwe flexibiliteit aan het hydraulische assortiment van Yale\u00ae. Deze uiterst compacte en lichte pomp geeft de gebruiker de vrijheid om te werken op plaatsen waar geen stroomvoorziening is, en verhoogt de productiviteit ten opzichte van de conventionele handpomp, en dat alles met \u00e9\u00e9n druk op de knop. De pomp maakt gebruik van een standaard Hitachi LIION accu en lader voor een optimale werking en is ideaal voor diverse toepassingen met kleine tot middelgrote enkelwerkende cilinders, spreidcilinders, hefwiggen, moerensplijters en nog veel meer.  Kenmerken - Max. werkdruk 700 bar - Bediening met \u00e9\u00e9n hand. Knop ge\u00efntegreerd in de ergonomische handgreep. - 2-traps werking met automatische omschakeling. - Interne overdrukklep. - Zeer lichte en robuuste aluminium tank - Beschermkap om onbedoelde activering van de pomp te voorkomen. - Dankzij de rubberen tankdop kan de pomp in elke positie worden gebruikt.  POMP GELEVERD MET: - Hydraulische pomp op batterijen - Olievulling (klaar voor gebruik) - Vrouwelijke half-koppeling CFY-1 - Draagriem PYB-0,6  Opties\/Accessoires Standaard Hitachi accu's (type BSL 1850) en laders uitsluitend voor gebruik. - Batterij model PYB-BAT, 18 V, gewicht 0,7 kg - Lader model PYB-CHARG, 230 V - De drukmeterset model GYA-63 omvat: een drukmeter GGY 632, \u00d8 63 mm, 0 - 1000 bar en de bijbehorende adapter. EAN code. 4025092 155120 - Hydraulische slang model HHC (aan te vullen met een mannelijke halfkoppeling CMY-1)","og_url":"https:\/\/www.ohis.be\/nl\/produit\/pyb-elektrische-pomp-op-batterij\/","og_site_name":"Ohis","article_modified_time":"2023-05-25T11:52:50+00:00","og_image":[{"width":652,"height":577,"url":"https:\/\/www.ohis.be\/wp-content\/uploads\/2023\/01\/yale-pyb.jpg","type":"image\/jpeg"}],"twitter_card":"summary_large_image","twitter_misc":{"Geschatte leestijd":"1 minuut"},"schema":{"@context":"https:\/\/schema.org","@graph":[{"@type":"WebPage","@id":"https:\/\/www.ohis.be\/nl\/produit\/pyb-elektrische-pomp-op-batterij\/","url":"https:\/\/www.ohis.be\/nl\/produit\/pyb-elektrische-pomp-op-batterij\/","name":"PYB Elektrische pomp op batterij - Ohis","isPartOf":{"@id":"https:\/\/www.ohis.be\/#website"},"primaryImageOfPage":{"@id":"https:\/\/www.ohis.be\/nl\/produit\/pyb-elektrische-pomp-op-batterij\/#primaryimage"},"image":{"@id":"https:\/\/www.ohis.be\/nl\/produit\/pyb-elektrische-pomp-op-batterij\/#primaryimage"},"thumbnailUrl":"https:\/\/www.ohis.be\/wp-content\/uploads\/2023\/01\/yale-pyb.jpg","datePublished":"2023-01-02T09:55:37+00:00","dateModified":"2023-05-25T11:52:50+00:00","breadcrumb":{"@id":"https:\/\/www.ohis.be\/nl\/produit\/pyb-elektrische-pomp-op-batterij\/#breadcrumb"},"inLanguage":"nl-NL","potentialAction":[{"@type":"ReadAction","target":["https:\/\/www.ohis.be\/nl\/produit\/pyb-elektrische-pomp-op-batterij\/"]}]},{"@type":"ImageObject","inLanguage":"nl-NL","@id":"https:\/\/www.ohis.be\/nl\/produit\/pyb-elektrische-pomp-op-batterij\/#primaryimage","url":"https:\/\/www.ohis.be\/wp-content\/uploads\/2023\/01\/yale-pyb.jpg","contentUrl":"https:\/\/www.ohis.be\/wp-content\/uploads\/2023\/01\/yale-pyb.jpg","width":652,"height":577},{"@type":"BreadcrumbList","@id":"https:\/\/www.ohis.be\/nl\/produit\/pyb-elektrische-pomp-op-batterij\/#breadcrumb","itemListElement":[{"@type":"ListItem","position":1,"name":"Accueil","item":"https:\/\/www.ohis.be\/nl\/"},{"@type":"ListItem","position":2,"name":"Producten","item":"https:\/\/www.ohis.be\/nl\/producten\/"},{"@type":"ListItem","position":3,"name":"PYB Elektrische pomp op batterij"}]},{"@type":"WebSite","@id":"https:\/\/www.ohis.be\/#website","url":"https:\/\/www.ohis.be\/","name":"Ohis","description":"Outils de levage","publisher":{"@id":"https:\/\/www.ohis.be\/#organization"},"potentialAction":[{"@type":"SearchAction","target":{"@type":"EntryPoint","urlTemplate":"https:\/\/www.ohis.be\/?s={search_term_string}"},"query-input":{"@type":"PropertyValueSpecification","valueRequired":true,"valueName":"search_term_string"}}],"inLanguage":"nl-NL"},{"@type":"Organization","@id":"https:\/\/www.ohis.be\/#organization","name":"Ohis","url":"https:\/\/www.ohis.be\/","logo":{"@type":"ImageObject","inLanguage":"nl-NL","@id":"https:\/\/www.ohis.be\/#\/schema\/logo\/image\/","url":"https:\/\/www.ohis.be\/wp-content\/uploads\/2021\/02\/logo-ohis-wit.svg","contentUrl":"https:\/\/www.ohis.be\/wp-content\/uploads\/2021\/02\/logo-ohis-wit.svg","caption":"Ohis"},"image":{"@id":"https:\/\/www.ohis.be\/#\/schema\/logo\/image\/"}}]}},"_links":{"self":[{"href":"https:\/\/www.ohis.be\/nl\/wp-json\/wp\/v2\/product\/25155","targetHints":{"allow":["GET"]}}],"collection":[{"href":"https:\/\/www.ohis.be\/nl\/wp-json\/wp\/v2\/product"}],"about":[{"href":"https:\/\/www.ohis.be\/nl\/wp-json\/wp\/v2\/types\/product"}],"wp:featuredmedia":[{"embeddable":true,"href":"https:\/\/www.ohis.be\/nl\/wp-json\/wp\/v2\/media\/22684"}],"wp:attachment":[{"href":"https:\/\/www.ohis.be\/nl\/wp-json\/wp\/v2\/media?parent=25155"}],"wp:term":[{"taxonomy":"product_brand","embeddable":true,"href":"https:\/\/www.ohis.be\/nl\/wp-json\/wp\/v2\/product_brand?post=25155"},{"taxonomy":"product_cat","embeddable":true,"href":"https:\/\/www.ohis.be\/nl\/wp-json\/wp\/v2\/product_cat?post=25155"},{"taxonomy":"product_tag","embeddable":true,"href":"https:\/\/www.ohis.be\/nl\/wp-json\/wp\/v2\/product_tag?post=25155"}],"curies":[{"name":"wp","href":"https:\/\/api.w.org\/{rel}","templated":true}]}}