{"id":24791,"date":"2023-01-05T13:58:58","date_gmt":"2023-01-05T12:58:58","guid":{"rendered":"https:\/\/www.ohis.be\/produit\/hydraulische-krik-met-2-zuigers\/"},"modified":"2023-05-25T13:51:41","modified_gmt":"2023-05-25T11:51:41","slug":"hydraulische-krik-met-2-zuigers","status":"publish","type":"product","link":"https:\/\/www.ohis.be\/nl\/produit\/hydraulische-krik-met-2-zuigers\/","title":{"rendered":"Hydraulische krik met 2 zuigers"},"content":{"rendered":"<p>Voor het heffen van voertuigen aan \u00e9\u00e9n zijde (de lading moet mechanisch worden geblokkeerd).<\/p>\n<p>&#8211; Met ge\u00efntegreerd overdrukventiel voor een langere levensduur.<br \/>\n&#8211; Ge\u00efntegreerd ventiel voor het gecontroleerd laten zakken van de lading.<\/p>\n","protected":false},"excerpt":{"rendered":"<p>Voor het heffen van voertuigen aan \u00e9\u00e9n zijde (de lading moet mechanisch worden geblokkeerd).<\/p>\n<p>&#8211; Met ge\u00efntegreerd overdrukventiel voor een langere levensduur.<br \/>\n&#8211; Ge\u00efntegreerd ventiel voor het gecontroleerd laten zakken van de lading.<\/p>\n","protected":false},"featured_media":23312,"template":"","meta":{"_acf_changed":false,"inline_featured_image":false},"product_brand":[],"product_cat":[1630],"product_tag":[1875],"class_list":{"0":"post-24791","1":"product","2":"type-product","3":"status-publish","4":"has-post-thumbnail","6":"product_cat-jacks","7":"product_tag-pfaff-nl","9":"first","10":"onbackorder","11":"taxable","12":"shipping-taxable","13":"purchasable","14":"product-type-variable"},"acf":[],"yoast_head":"<!-- This site is optimized with the Yoast SEO plugin v27.4 - https:\/\/yoast.com\/product\/yoast-seo-wordpress\/ -->\n<title>Hydraulische krik met 2 zuigers - Ohis<\/title>\n<meta name=\"robots\" content=\"index, follow, max-snippet:-1, max-image-preview:large, max-video-preview:-1\" \/>\n<link rel=\"canonical\" href=\"https:\/\/www.ohis.be\/nl\/produit\/hydraulische-krik-met-2-zuigers\/\" \/>\n<meta property=\"og:locale\" content=\"nl_NL\" \/>\n<meta property=\"og:type\" content=\"article\" \/>\n<meta property=\"og:title\" content=\"Hydraulische krik met 2 zuigers - Ohis\" \/>\n<meta property=\"og:description\" content=\"Voor het heffen van voertuigen aan \u00e9\u00e9n zijde (de lading moet mechanisch worden geblokkeerd).  - Met ge\u00efntegreerd overdrukventiel voor een langere levensduur. - Ge\u00efntegreerd ventiel voor het gecontroleerd laten zakken van de lading.\" \/>\n<meta property=\"og:url\" content=\"https:\/\/www.ohis.be\/nl\/produit\/hydraulische-krik-met-2-zuigers\/\" \/>\n<meta property=\"og:site_name\" content=\"Ohis\" \/>\n<meta property=\"article:modified_time\" content=\"2023-05-25T11:51:41+00:00\" \/>\n<meta property=\"og:image\" content=\"https:\/\/www.ohis.be\/wp-content\/uploads\/2023\/01\/hwh_2k_3t.jpg\" \/>\n\t<meta property=\"og:image:width\" content=\"232\" \/>\n\t<meta property=\"og:image:height\" content=\"746\" \/>\n\t<meta property=\"og:image:type\" content=\"image\/jpeg\" \/>\n<meta name=\"twitter:card\" content=\"summary_large_image\" \/>\n<script type=\"application\/ld+json\" class=\"yoast-schema-graph\">{\"@context\":\"https:\\\/\\\/schema.org\",\"@graph\":[{\"@type\":\"WebPage\",\"@id\":\"https:\\\/\\\/www.ohis.be\\\/nl\\\/produit\\\/hydraulische-krik-met-2-zuigers\\\/\",\"url\":\"https:\\\/\\\/www.ohis.be\\\/nl\\\/produit\\\/hydraulische-krik-met-2-zuigers\\\/\",\"name\":\"Hydraulische krik met 2 zuigers - Ohis\",\"isPartOf\":{\"@id\":\"https:\\\/\\\/www.ohis.be\\\/#website\"},\"primaryImageOfPage\":{\"@id\":\"https:\\\/\\\/www.ohis.be\\\/nl\\\/produit\\\/hydraulische-krik-met-2-zuigers\\\/#primaryimage\"},\"image\":{\"@id\":\"https:\\\/\\\/www.ohis.be\\\/nl\\\/produit\\\/hydraulische-krik-met-2-zuigers\\\/#primaryimage\"},\"thumbnailUrl\":\"https:\\\/\\\/www.ohis.be\\\/wp-content\\\/uploads\\\/2023\\\/01\\\/hwh_2k_3t.jpg\",\"datePublished\":\"2023-01-05T12:58:58+00:00\",\"dateModified\":\"2023-05-25T11:51:41+00:00\",\"breadcrumb\":{\"@id\":\"https:\\\/\\\/www.ohis.be\\\/nl\\\/produit\\\/hydraulische-krik-met-2-zuigers\\\/#breadcrumb\"},\"inLanguage\":\"nl-NL\",\"potentialAction\":[{\"@type\":\"ReadAction\",\"target\":[\"https:\\\/\\\/www.ohis.be\\\/nl\\\/produit\\\/hydraulische-krik-met-2-zuigers\\\/\"]}]},{\"@type\":\"ImageObject\",\"inLanguage\":\"nl-NL\",\"@id\":\"https:\\\/\\\/www.ohis.be\\\/nl\\\/produit\\\/hydraulische-krik-met-2-zuigers\\\/#primaryimage\",\"url\":\"https:\\\/\\\/www.ohis.be\\\/wp-content\\\/uploads\\\/2023\\\/01\\\/hwh_2k_3t.jpg\",\"contentUrl\":\"https:\\\/\\\/www.ohis.be\\\/wp-content\\\/uploads\\\/2023\\\/01\\\/hwh_2k_3t.jpg\",\"width\":232,\"height\":746},{\"@type\":\"BreadcrumbList\",\"@id\":\"https:\\\/\\\/www.ohis.be\\\/nl\\\/produit\\\/hydraulische-krik-met-2-zuigers\\\/#breadcrumb\",\"itemListElement\":[{\"@type\":\"ListItem\",\"position\":1,\"name\":\"Accueil\",\"item\":\"https:\\\/\\\/www.ohis.be\\\/nl\\\/\"},{\"@type\":\"ListItem\",\"position\":2,\"name\":\"Producten\",\"item\":\"https:\\\/\\\/www.ohis.be\\\/nl\\\/producten\\\/\"},{\"@type\":\"ListItem\",\"position\":3,\"name\":\"Hydraulische krik met 2 zuigers\"}]},{\"@type\":\"WebSite\",\"@id\":\"https:\\\/\\\/www.ohis.be\\\/#website\",\"url\":\"https:\\\/\\\/www.ohis.be\\\/\",\"name\":\"Ohis\",\"description\":\"Outils de levage\",\"publisher\":{\"@id\":\"https:\\\/\\\/www.ohis.be\\\/#organization\"},\"potentialAction\":[{\"@type\":\"SearchAction\",\"target\":{\"@type\":\"EntryPoint\",\"urlTemplate\":\"https:\\\/\\\/www.ohis.be\\\/?s={search_term_string}\"},\"query-input\":{\"@type\":\"PropertyValueSpecification\",\"valueRequired\":true,\"valueName\":\"search_term_string\"}}],\"inLanguage\":\"nl-NL\"},{\"@type\":\"Organization\",\"@id\":\"https:\\\/\\\/www.ohis.be\\\/#organization\",\"name\":\"Ohis\",\"url\":\"https:\\\/\\\/www.ohis.be\\\/\",\"logo\":{\"@type\":\"ImageObject\",\"inLanguage\":\"nl-NL\",\"@id\":\"https:\\\/\\\/www.ohis.be\\\/#\\\/schema\\\/logo\\\/image\\\/\",\"url\":\"https:\\\/\\\/www.ohis.be\\\/wp-content\\\/uploads\\\/2021\\\/02\\\/logo-ohis-wit.svg\",\"contentUrl\":\"https:\\\/\\\/www.ohis.be\\\/wp-content\\\/uploads\\\/2021\\\/02\\\/logo-ohis-wit.svg\",\"caption\":\"Ohis\"},\"image\":{\"@id\":\"https:\\\/\\\/www.ohis.be\\\/#\\\/schema\\\/logo\\\/image\\\/\"}}]}<\/script>\n<!-- \/ Yoast SEO plugin. -->","yoast_head_json":{"title":"Hydraulische krik met 2 zuigers - Ohis","robots":{"index":"index","follow":"follow","max-snippet":"max-snippet:-1","max-image-preview":"max-image-preview:large","max-video-preview":"max-video-preview:-1"},"canonical":"https:\/\/www.ohis.be\/nl\/produit\/hydraulische-krik-met-2-zuigers\/","og_locale":"nl_NL","og_type":"article","og_title":"Hydraulische krik met 2 zuigers - Ohis","og_description":"Voor het heffen van voertuigen aan \u00e9\u00e9n zijde (de lading moet mechanisch worden geblokkeerd).  - Met ge\u00efntegreerd overdrukventiel voor een langere levensduur. - Ge\u00efntegreerd ventiel voor het gecontroleerd laten zakken van de lading.","og_url":"https:\/\/www.ohis.be\/nl\/produit\/hydraulische-krik-met-2-zuigers\/","og_site_name":"Ohis","article_modified_time":"2023-05-25T11:51:41+00:00","og_image":[{"width":232,"height":746,"url":"https:\/\/www.ohis.be\/wp-content\/uploads\/2023\/01\/hwh_2k_3t.jpg","type":"image\/jpeg"}],"twitter_card":"summary_large_image","schema":{"@context":"https:\/\/schema.org","@graph":[{"@type":"WebPage","@id":"https:\/\/www.ohis.be\/nl\/produit\/hydraulische-krik-met-2-zuigers\/","url":"https:\/\/www.ohis.be\/nl\/produit\/hydraulische-krik-met-2-zuigers\/","name":"Hydraulische krik met 2 zuigers - Ohis","isPartOf":{"@id":"https:\/\/www.ohis.be\/#website"},"primaryImageOfPage":{"@id":"https:\/\/www.ohis.be\/nl\/produit\/hydraulische-krik-met-2-zuigers\/#primaryimage"},"image":{"@id":"https:\/\/www.ohis.be\/nl\/produit\/hydraulische-krik-met-2-zuigers\/#primaryimage"},"thumbnailUrl":"https:\/\/www.ohis.be\/wp-content\/uploads\/2023\/01\/hwh_2k_3t.jpg","datePublished":"2023-01-05T12:58:58+00:00","dateModified":"2023-05-25T11:51:41+00:00","breadcrumb":{"@id":"https:\/\/www.ohis.be\/nl\/produit\/hydraulische-krik-met-2-zuigers\/#breadcrumb"},"inLanguage":"nl-NL","potentialAction":[{"@type":"ReadAction","target":["https:\/\/www.ohis.be\/nl\/produit\/hydraulische-krik-met-2-zuigers\/"]}]},{"@type":"ImageObject","inLanguage":"nl-NL","@id":"https:\/\/www.ohis.be\/nl\/produit\/hydraulische-krik-met-2-zuigers\/#primaryimage","url":"https:\/\/www.ohis.be\/wp-content\/uploads\/2023\/01\/hwh_2k_3t.jpg","contentUrl":"https:\/\/www.ohis.be\/wp-content\/uploads\/2023\/01\/hwh_2k_3t.jpg","width":232,"height":746},{"@type":"BreadcrumbList","@id":"https:\/\/www.ohis.be\/nl\/produit\/hydraulische-krik-met-2-zuigers\/#breadcrumb","itemListElement":[{"@type":"ListItem","position":1,"name":"Accueil","item":"https:\/\/www.ohis.be\/nl\/"},{"@type":"ListItem","position":2,"name":"Producten","item":"https:\/\/www.ohis.be\/nl\/producten\/"},{"@type":"ListItem","position":3,"name":"Hydraulische krik met 2 zuigers"}]},{"@type":"WebSite","@id":"https:\/\/www.ohis.be\/#website","url":"https:\/\/www.ohis.be\/","name":"Ohis","description":"Outils de levage","publisher":{"@id":"https:\/\/www.ohis.be\/#organization"},"potentialAction":[{"@type":"SearchAction","target":{"@type":"EntryPoint","urlTemplate":"https:\/\/www.ohis.be\/?s={search_term_string}"},"query-input":{"@type":"PropertyValueSpecification","valueRequired":true,"valueName":"search_term_string"}}],"inLanguage":"nl-NL"},{"@type":"Organization","@id":"https:\/\/www.ohis.be\/#organization","name":"Ohis","url":"https:\/\/www.ohis.be\/","logo":{"@type":"ImageObject","inLanguage":"nl-NL","@id":"https:\/\/www.ohis.be\/#\/schema\/logo\/image\/","url":"https:\/\/www.ohis.be\/wp-content\/uploads\/2021\/02\/logo-ohis-wit.svg","contentUrl":"https:\/\/www.ohis.be\/wp-content\/uploads\/2021\/02\/logo-ohis-wit.svg","caption":"Ohis"},"image":{"@id":"https:\/\/www.ohis.be\/#\/schema\/logo\/image\/"}}]}},"_links":{"self":[{"href":"https:\/\/www.ohis.be\/nl\/wp-json\/wp\/v2\/product\/24791","targetHints":{"allow":["GET"]}}],"collection":[{"href":"https:\/\/www.ohis.be\/nl\/wp-json\/wp\/v2\/product"}],"about":[{"href":"https:\/\/www.ohis.be\/nl\/wp-json\/wp\/v2\/types\/product"}],"wp:featuredmedia":[{"embeddable":true,"href":"https:\/\/www.ohis.be\/nl\/wp-json\/wp\/v2\/media\/23312"}],"wp:attachment":[{"href":"https:\/\/www.ohis.be\/nl\/wp-json\/wp\/v2\/media?parent=24791"}],"wp:term":[{"taxonomy":"product_brand","embeddable":true,"href":"https:\/\/www.ohis.be\/nl\/wp-json\/wp\/v2\/product_brand?post=24791"},{"taxonomy":"product_cat","embeddable":true,"href":"https:\/\/www.ohis.be\/nl\/wp-json\/wp\/v2\/product_cat?post=24791"},{"taxonomy":"product_tag","embeddable":true,"href":"https:\/\/www.ohis.be\/nl\/wp-json\/wp\/v2\/product_tag?post=24791"}],"curies":[{"name":"wp","href":"https:\/\/api.w.org\/{rel}","templated":true}]}}