{"id":39808,"date":"2023-10-12T20:12:54","date_gmt":"2023-10-12T18:12:54","guid":{"rendered":"https:\/\/www.ohis.be\/produit\/s2-4-wheel-tow-tractor\/"},"modified":"2023-10-12T20:12:54","modified_gmt":"2023-10-12T18:12:54","slug":"s2-4-wheel-tow-tractor","status":"publish","type":"product","link":"https:\/\/www.ohis.be\/en\/produit\/s2-4-wheel-tow-tractor\/","title":{"rendered":"S2 &#8211; 4 wheel tow tractor"},"content":{"rendered":"<div class=\"descrizione text-lg mb-5\">\n<p>Zallys S2 4 wheel tow tractor for industrial logistics is the ideal solution for eliminating manual handling of loads and speeding up movement.<\/p>\n<ul>\n<li>for loads up to 500 kg<\/li>\n<li>can tow up to 1500 kg<\/li>\n<li>versatile and compact<\/li>\n<li>narrow turning radius<\/li>\n<li>with pneumatic wheels for indoor and outdoor use<\/li>\n<li>optional button for 2-speed adjustment<\/li>\n<li>wide range of standard accessories or customizable on request<\/li>\n<\/ul>\n<p><strong>Accessories:<\/strong><\/p>\n<ul>\n<li>Spring system with seat hardness adjustment<\/li>\n<li>Pair of pivoting armrest<\/li>\n<li>Seat belts<\/li>\n<li>Mounting plate for hitches<\/li>\n<li>Ball\/pin hitch \u00d820-25<\/li>\n<li>Drop pin hitch \u00d816 mm<\/li>\n<li>Drop pin hitch \u00d820 mm<\/li>\n<li>Drop pin hitch \u00d835 mm<\/li>\n<li>Drop pin hitch \u00d840 mm<\/li>\n<li>Basket 730 x 730 x 220 mm<\/li>\n<li>Plateform 830 x 1250 x 185 mm<\/li>\n<li>Plateform 750x1020xh230 mm<\/li>\n<li>Telescopic pole mounted flashing beacon<\/li>\n<li>Coupling ball for trailers<\/li>\n<li>Handlebar basket<\/li>\n<li>Basket with ON\/OFF keypad<\/li>\n<\/ul>\n<p>Contact us for a demo of this machine at your premises.<\/p>\n<\/div>\n","protected":false},"excerpt":{"rendered":"<p>Zallys S2 4 wheel tow tractor for industrial logistics is the ideal solution for eliminating manual handling of loads and speeding up movement.<\/p>\n<ul>\n<li>for loads up to 500 kg<\/li>\n<li>can tow up to 1500 kg<\/li>\n<li>versatile and compact<\/li>\n<li>narrow turning radius<\/li>\n<li>with pneumatic wheels for indoor and outdoor use<\/li>\n<li>optional button for 2-speed adjustment<\/li>\n<li>wide range of standard accessories or customizable on request<\/li>\n<\/ul>\n<p><strong>Accessories:<\/strong><\/p>\n<ul>\n<li>Spring system with seat hardness adjustment<\/li>\n<li>Pair of pivoting armrest<\/li>\n<li>Seat belts<\/li>\n<li>Mounting plate for hitches<\/li>\n<li>Ball\/pin hitch \u00d820-25<\/li>\n<li>Drop pin hitch \u00d816 mm<\/li>\n<li>Drop pin hitch \u00d820 mm<\/li>\n<li>Drop pin hitch \u00d835 mm<\/li>\n<li>Drop pin hitch \u00d840 mm<\/li>\n<li>Basket 730 x 730 x 220 mm<\/li>\n<li>Plateform 830 x 1250 x 185 mm<\/li>\n<li>Plateform 750x1020xh230 mm<\/li>\n<li>Telescopic pole mounted flashing beacon<\/li>\n<li>Coupling ball for trailers<\/li>\n<li>Handlebar basket<\/li>\n<li>Basket with ON\/OFF keypad<\/li>\n<\/ul>\n<p>Contact us for a demo of this machine at your premises.<\/p>\n","protected":false},"featured_media":39441,"template":"","meta":{"_acf_changed":false,"inline_featured_image":false},"product_brand":[],"product_cat":[3843],"product_tag":[],"class_list":{"0":"post-39808","1":"product","2":"type-product","3":"status-publish","4":"has-post-thumbnail","6":"product_cat-man-on-board-electric-vehicles","7":"yith_product_brand-zallys-en","9":"first","10":"instock","11":"taxable","12":"shipping-taxable","13":"product-type-simple"},"acf":[],"yoast_head":"<!-- This site is optimized with the Yoast SEO plugin v27.5 - https:\/\/yoast.com\/product\/yoast-seo-wordpress\/ -->\n<title>S2 - 4 wheel tow tractor - Ohis<\/title>\n<meta name=\"robots\" content=\"index, follow, max-snippet:-1, max-image-preview:large, max-video-preview:-1\" \/>\n<link rel=\"canonical\" href=\"https:\/\/www.ohis.be\/en\/produit\/s2-4-wheel-tow-tractor\/\" \/>\n<meta property=\"og:locale\" content=\"en_US\" \/>\n<meta property=\"og:type\" content=\"article\" \/>\n<meta property=\"og:title\" content=\"S2 - 4 wheel tow tractor - Ohis\" \/>\n<meta property=\"og:description\" content=\"Zallys S2 4 wheel tow tractor for industrial logistics is the ideal solution for eliminating manual handling of loads and speeding up movement.   for loads up to 500 kg  can tow up to 1500 kg  versatile and compact  narrow turning radius  with pneumatic wheels for indoor and outdoor use  optional button for 2-speed adjustment  wide range of standard accessories or customizable on request  Accessories:   Spring system with seat hardness adjustment  Pair of pivoting armrest  Seat belts  Mounting plate for hitches  Ball\/pin hitch \u00d820-25  Drop pin hitch \u00d816 mm  Drop pin hitch \u00d820 mm  Drop pin hitch \u00d835 mm  Drop pin hitch \u00d840 mm  Basket 730 x 730 x 220 mm  Plateform 830 x 1250 x 185 mm  Plateform 750x1020xh230 mm  Telescopic pole mounted flashing beacon  Coupling ball for trailers  Handlebar basket  Basket with ON\/OFF keypad  Contact us for a demo of this machine at your premises.\" \/>\n<meta property=\"og:url\" content=\"https:\/\/www.ohis.be\/en\/produit\/s2-4-wheel-tow-tractor\/\" \/>\n<meta property=\"og:site_name\" content=\"Ohis\" \/>\n<meta property=\"og:image\" content=\"https:\/\/www.ohis.be\/wp-content\/uploads\/2023\/10\/S2-tracteur-pour-la-logistique.png\" \/>\n\t<meta property=\"og:image:width\" content=\"600\" \/>\n\t<meta property=\"og:image:height\" content=\"523\" \/>\n\t<meta property=\"og:image:type\" content=\"image\/png\" \/>\n<meta name=\"twitter:card\" content=\"summary_large_image\" \/>\n<meta name=\"twitter:label1\" content=\"Est. reading time\" \/>\n\t<meta name=\"twitter:data1\" content=\"1 minute\" \/>\n<script type=\"application\/ld+json\" class=\"yoast-schema-graph\">{\"@context\":\"https:\\\/\\\/schema.org\",\"@graph\":[{\"@type\":\"WebPage\",\"@id\":\"https:\\\/\\\/www.ohis.be\\\/en\\\/produit\\\/s2-4-wheel-tow-tractor\\\/\",\"url\":\"https:\\\/\\\/www.ohis.be\\\/en\\\/produit\\\/s2-4-wheel-tow-tractor\\\/\",\"name\":\"S2 - 4 wheel tow tractor - Ohis\",\"isPartOf\":{\"@id\":\"https:\\\/\\\/www.ohis.be\\\/#website\"},\"primaryImageOfPage\":{\"@id\":\"https:\\\/\\\/www.ohis.be\\\/en\\\/produit\\\/s2-4-wheel-tow-tractor\\\/#primaryimage\"},\"image\":{\"@id\":\"https:\\\/\\\/www.ohis.be\\\/en\\\/produit\\\/s2-4-wheel-tow-tractor\\\/#primaryimage\"},\"thumbnailUrl\":\"https:\\\/\\\/www.ohis.be\\\/wp-content\\\/uploads\\\/2023\\\/10\\\/S2-tracteur-pour-la-logistique.png\",\"datePublished\":\"2023-10-12T18:12:54+00:00\",\"breadcrumb\":{\"@id\":\"https:\\\/\\\/www.ohis.be\\\/en\\\/produit\\\/s2-4-wheel-tow-tractor\\\/#breadcrumb\"},\"inLanguage\":\"en-US\",\"potentialAction\":[{\"@type\":\"ReadAction\",\"target\":[\"https:\\\/\\\/www.ohis.be\\\/en\\\/produit\\\/s2-4-wheel-tow-tractor\\\/\"]}]},{\"@type\":\"ImageObject\",\"inLanguage\":\"en-US\",\"@id\":\"https:\\\/\\\/www.ohis.be\\\/en\\\/produit\\\/s2-4-wheel-tow-tractor\\\/#primaryimage\",\"url\":\"https:\\\/\\\/www.ohis.be\\\/wp-content\\\/uploads\\\/2023\\\/10\\\/S2-tracteur-pour-la-logistique.png\",\"contentUrl\":\"https:\\\/\\\/www.ohis.be\\\/wp-content\\\/uploads\\\/2023\\\/10\\\/S2-tracteur-pour-la-logistique.png\",\"width\":600,\"height\":523},{\"@type\":\"BreadcrumbList\",\"@id\":\"https:\\\/\\\/www.ohis.be\\\/en\\\/produit\\\/s2-4-wheel-tow-tractor\\\/#breadcrumb\",\"itemListElement\":[{\"@type\":\"ListItem\",\"position\":1,\"name\":\"Accueil\",\"item\":\"https:\\\/\\\/www.ohis.be\\\/de\\\/\"},{\"@type\":\"ListItem\",\"position\":2,\"name\":\"Products\",\"item\":\"https:\\\/\\\/www.ohis.be\\\/en\\\/products\\\/\"},{\"@type\":\"ListItem\",\"position\":3,\"name\":\"S2 &#8211; 4 wheel tow tractor\"}]},{\"@type\":\"WebSite\",\"@id\":\"https:\\\/\\\/www.ohis.be\\\/#website\",\"url\":\"https:\\\/\\\/www.ohis.be\\\/\",\"name\":\"Ohis\",\"description\":\"Outils de levage\",\"publisher\":{\"@id\":\"https:\\\/\\\/www.ohis.be\\\/#organization\"},\"potentialAction\":[{\"@type\":\"SearchAction\",\"target\":{\"@type\":\"EntryPoint\",\"urlTemplate\":\"https:\\\/\\\/www.ohis.be\\\/?s={search_term_string}\"},\"query-input\":{\"@type\":\"PropertyValueSpecification\",\"valueRequired\":true,\"valueName\":\"search_term_string\"}}],\"inLanguage\":\"en-US\"},{\"@type\":\"Organization\",\"@id\":\"https:\\\/\\\/www.ohis.be\\\/#organization\",\"name\":\"Ohis\",\"url\":\"https:\\\/\\\/www.ohis.be\\\/\",\"logo\":{\"@type\":\"ImageObject\",\"inLanguage\":\"en-US\",\"@id\":\"https:\\\/\\\/www.ohis.be\\\/#\\\/schema\\\/logo\\\/image\\\/\",\"url\":\"https:\\\/\\\/www.ohis.be\\\/wp-content\\\/uploads\\\/2021\\\/02\\\/logo-ohis-wit.svg\",\"contentUrl\":\"https:\\\/\\\/www.ohis.be\\\/wp-content\\\/uploads\\\/2021\\\/02\\\/logo-ohis-wit.svg\",\"caption\":\"Ohis\"},\"image\":{\"@id\":\"https:\\\/\\\/www.ohis.be\\\/#\\\/schema\\\/logo\\\/image\\\/\"}}]}<\/script>\n<!-- \/ Yoast SEO plugin. -->","yoast_head_json":{"title":"S2 - 4 wheel tow tractor - Ohis","robots":{"index":"index","follow":"follow","max-snippet":"max-snippet:-1","max-image-preview":"max-image-preview:large","max-video-preview":"max-video-preview:-1"},"canonical":"https:\/\/www.ohis.be\/en\/produit\/s2-4-wheel-tow-tractor\/","og_locale":"en_US","og_type":"article","og_title":"S2 - 4 wheel tow tractor - Ohis","og_description":"Zallys S2 4 wheel tow tractor for industrial logistics is the ideal solution for eliminating manual handling of loads and speeding up movement.   for loads up to 500 kg  can tow up to 1500 kg  versatile and compact  narrow turning radius  with pneumatic wheels for indoor and outdoor use  optional button for 2-speed adjustment  wide range of standard accessories or customizable on request  Accessories:   Spring system with seat hardness adjustment  Pair of pivoting armrest  Seat belts  Mounting plate for hitches  Ball\/pin hitch \u00d820-25  Drop pin hitch \u00d816 mm  Drop pin hitch \u00d820 mm  Drop pin hitch \u00d835 mm  Drop pin hitch \u00d840 mm  Basket 730 x 730 x 220 mm  Plateform 830 x 1250 x 185 mm  Plateform 750x1020xh230 mm  Telescopic pole mounted flashing beacon  Coupling ball for trailers  Handlebar basket  Basket with ON\/OFF keypad  Contact us for a demo of this machine at your premises.","og_url":"https:\/\/www.ohis.be\/en\/produit\/s2-4-wheel-tow-tractor\/","og_site_name":"Ohis","og_image":[{"width":600,"height":523,"url":"https:\/\/www.ohis.be\/wp-content\/uploads\/2023\/10\/S2-tracteur-pour-la-logistique.png","type":"image\/png"}],"twitter_card":"summary_large_image","twitter_misc":{"Est. reading time":"1 minute"},"schema":{"@context":"https:\/\/schema.org","@graph":[{"@type":"WebPage","@id":"https:\/\/www.ohis.be\/en\/produit\/s2-4-wheel-tow-tractor\/","url":"https:\/\/www.ohis.be\/en\/produit\/s2-4-wheel-tow-tractor\/","name":"S2 - 4 wheel tow tractor - Ohis","isPartOf":{"@id":"https:\/\/www.ohis.be\/#website"},"primaryImageOfPage":{"@id":"https:\/\/www.ohis.be\/en\/produit\/s2-4-wheel-tow-tractor\/#primaryimage"},"image":{"@id":"https:\/\/www.ohis.be\/en\/produit\/s2-4-wheel-tow-tractor\/#primaryimage"},"thumbnailUrl":"https:\/\/www.ohis.be\/wp-content\/uploads\/2023\/10\/S2-tracteur-pour-la-logistique.png","datePublished":"2023-10-12T18:12:54+00:00","breadcrumb":{"@id":"https:\/\/www.ohis.be\/en\/produit\/s2-4-wheel-tow-tractor\/#breadcrumb"},"inLanguage":"en-US","potentialAction":[{"@type":"ReadAction","target":["https:\/\/www.ohis.be\/en\/produit\/s2-4-wheel-tow-tractor\/"]}]},{"@type":"ImageObject","inLanguage":"en-US","@id":"https:\/\/www.ohis.be\/en\/produit\/s2-4-wheel-tow-tractor\/#primaryimage","url":"https:\/\/www.ohis.be\/wp-content\/uploads\/2023\/10\/S2-tracteur-pour-la-logistique.png","contentUrl":"https:\/\/www.ohis.be\/wp-content\/uploads\/2023\/10\/S2-tracteur-pour-la-logistique.png","width":600,"height":523},{"@type":"BreadcrumbList","@id":"https:\/\/www.ohis.be\/en\/produit\/s2-4-wheel-tow-tractor\/#breadcrumb","itemListElement":[{"@type":"ListItem","position":1,"name":"Accueil","item":"https:\/\/www.ohis.be\/de\/"},{"@type":"ListItem","position":2,"name":"Products","item":"https:\/\/www.ohis.be\/en\/products\/"},{"@type":"ListItem","position":3,"name":"S2 &#8211; 4 wheel tow tractor"}]},{"@type":"WebSite","@id":"https:\/\/www.ohis.be\/#website","url":"https:\/\/www.ohis.be\/","name":"Ohis","description":"Outils de levage","publisher":{"@id":"https:\/\/www.ohis.be\/#organization"},"potentialAction":[{"@type":"SearchAction","target":{"@type":"EntryPoint","urlTemplate":"https:\/\/www.ohis.be\/?s={search_term_string}"},"query-input":{"@type":"PropertyValueSpecification","valueRequired":true,"valueName":"search_term_string"}}],"inLanguage":"en-US"},{"@type":"Organization","@id":"https:\/\/www.ohis.be\/#organization","name":"Ohis","url":"https:\/\/www.ohis.be\/","logo":{"@type":"ImageObject","inLanguage":"en-US","@id":"https:\/\/www.ohis.be\/#\/schema\/logo\/image\/","url":"https:\/\/www.ohis.be\/wp-content\/uploads\/2021\/02\/logo-ohis-wit.svg","contentUrl":"https:\/\/www.ohis.be\/wp-content\/uploads\/2021\/02\/logo-ohis-wit.svg","caption":"Ohis"},"image":{"@id":"https:\/\/www.ohis.be\/#\/schema\/logo\/image\/"}}]}},"_links":{"self":[{"href":"https:\/\/www.ohis.be\/en\/wp-json\/wp\/v2\/product\/39808","targetHints":{"allow":["GET"]}}],"collection":[{"href":"https:\/\/www.ohis.be\/en\/wp-json\/wp\/v2\/product"}],"about":[{"href":"https:\/\/www.ohis.be\/en\/wp-json\/wp\/v2\/types\/product"}],"wp:featuredmedia":[{"embeddable":true,"href":"https:\/\/www.ohis.be\/en\/wp-json\/wp\/v2\/media\/39441"}],"wp:attachment":[{"href":"https:\/\/www.ohis.be\/en\/wp-json\/wp\/v2\/media?parent=39808"}],"wp:term":[{"taxonomy":"product_brand","embeddable":true,"href":"https:\/\/www.ohis.be\/en\/wp-json\/wp\/v2\/product_brand?post=39808"},{"taxonomy":"product_cat","embeddable":true,"href":"https:\/\/www.ohis.be\/en\/wp-json\/wp\/v2\/product_cat?post=39808"},{"taxonomy":"product_tag","embeddable":true,"href":"https:\/\/www.ohis.be\/en\/wp-json\/wp\/v2\/product_tag?post=39808"}],"curies":[{"name":"wp","href":"https:\/\/api.w.org\/{rel}","templated":true}]}}