{"id":39730,"date":"2023-10-12T20:29:17","date_gmt":"2023-10-12T18:29:17","guid":{"rendered":"https:\/\/www.ohis.be\/produit\/jack-master-warehouse-scooter\/"},"modified":"2023-10-12T20:29:17","modified_gmt":"2023-10-12T18:29:17","slug":"jack-master-warehouse-scooter","status":"publish","type":"product","link":"https:\/\/www.ohis.be\/en\/produit\/jack-master-warehouse-scooter\/","title":{"rendered":"JACK MASTER &#8211; Warehouse scooter"},"content":{"rendered":"<div class=\"descrizione text-lg mb-5\">\n<p>The\u00a0 Zallys Jack Master<span data-sheets-value=\"{&quot;1&quot;:2,&quot;2&quot;:&quot;Warehouse scooter&quot;}\" data-sheets-userformat=\"{&quot;2&quot;:513,&quot;3&quot;:{&quot;1&quot;:0},&quot;12&quot;:0}\">Warehouse scoote<\/span>r for industrial logistics is the ideal solution to eliminate manual handling of loads and speed up movements.<\/p>\n<ul>\n<li>for loads up to 2500 kg<\/li>\n<li>versatile and compact<\/li>\n<li>with pneumatic wheels for indoor and outdoor use<\/li>\n<li>optional button for 2-speed adjustment<\/li>\n<li>wide range of standard accessories or customizable on request<\/li>\n<\/ul>\n<p><strong>Accessories:<\/strong><\/p>\n<\/div>\n<ul>\n<li>Basket with ON\/OFF keypad<\/li>\n<li>Handlebar basket<\/li>\n<li>Basket 730 x 730 x 220 mm<\/li>\n<li>Telescopic pole mounted flashing beacon<\/li>\n<li>Mounting plate for hitches<\/li>\n<li>Ball\/pin hitch \u00d820-25<\/li>\n<li>Drop pin hitch \u00d816 mm<\/li>\n<li>Drop pin hitch \u00d820 mm<\/li>\n<li>Drop pin hitch \u00d835 mm<\/li>\n<li>Drop pin hitch \u00d840 mm<\/li>\n<li>Coupling ball for trailers<\/li>\n<\/ul>\n<p>Contact us for a demo of this machine on your premises.<\/p>\n","protected":false},"excerpt":{"rendered":"<div class=\"descrizione text-lg mb-5\">\n<p>The\u00a0 Zallys Jack Master<span data-sheets-value=\"{&quot;1&quot;:2,&quot;2&quot;:&quot;Warehouse scooter&quot;}\" data-sheets-userformat=\"{&quot;2&quot;:513,&quot;3&quot;:{&quot;1&quot;:0},&quot;12&quot;:0}\">Warehouse scoote<\/span>r for industrial logistics is the ideal solution to eliminate manual handling of loads and speed up movements.<\/p>\n<ul>\n<li>for loads up to 2500 kg<\/li>\n<li>versatile and compact<\/li>\n<li>with pneumatic wheels for indoor and outdoor use<\/li>\n<li>optional button for 2-speed adjustment<\/li>\n<li>wide range of standard accessories or customizable on request<\/li>\n<\/ul>\n<p><strong>Accessories:<\/strong><\/p>\n<\/div>\n<ul>\n<li>Basket with ON\/OFF keypad<\/li>\n<li>Handlebar basket<\/li>\n<li>Basket 730 x 730 x 220 mm<\/li>\n<li>Telescopic pole mounted flashing beacon<\/li>\n<li>Mounting plate for hitches<\/li>\n<li>Ball\/pin hitch \u00d820-25<\/li>\n<li>Drop pin hitch \u00d816 mm<\/li>\n<li>Drop pin hitch \u00d820 mm<\/li>\n<li>Drop pin hitch \u00d835 mm<\/li>\n<li>Drop pin hitch \u00d840 mm<\/li>\n<li>Coupling ball for trailers<\/li>\n<\/ul>\n<p>Contact us for a demo of this machine on your premises.<\/p>\n","protected":false},"featured_media":39333,"template":"","meta":{"_acf_changed":false,"inline_featured_image":false},"product_brand":[],"product_cat":[3843],"product_tag":[],"class_list":{"0":"post-39730","1":"product","2":"type-product","3":"status-publish","4":"has-post-thumbnail","6":"product_cat-man-on-board-electric-vehicles","7":"yith_product_brand-zallys-en","9":"first","10":"instock","11":"taxable","12":"shipping-taxable","13":"product-type-simple"},"acf":[],"yoast_head":"<!-- This site is optimized with the Yoast SEO plugin v27.5 - https:\/\/yoast.com\/product\/yoast-seo-wordpress\/ -->\n<title>JACK MASTER - Warehouse scooter - Ohis<\/title>\n<meta name=\"robots\" content=\"index, follow, max-snippet:-1, max-image-preview:large, max-video-preview:-1\" \/>\n<link rel=\"canonical\" href=\"https:\/\/www.ohis.be\/en\/produit\/jack-master-warehouse-scooter\/\" \/>\n<meta property=\"og:locale\" content=\"en_US\" \/>\n<meta property=\"og:type\" content=\"article\" \/>\n<meta property=\"og:title\" content=\"JACK MASTER - Warehouse scooter - Ohis\" \/>\n<meta property=\"og:description\" content=\"The\u00a0 Zallys Jack MasterWarehouse scooter for industrial logistics is the ideal solution to eliminate manual handling of loads and speed up movements.   for loads up to 2500 kg  versatile and compact  with pneumatic wheels for indoor and outdoor use  optional button for 2-speed adjustment  wide range of standard accessories or customizable on request  Accessories:     Basket with ON\/OFF keypad  Handlebar basket  Basket 730 x 730 x 220 mm  Telescopic pole mounted flashing beacon  Mounting plate for hitches  Ball\/pin hitch \u00d820-25  Drop pin hitch \u00d816 mm  Drop pin hitch \u00d820 mm  Drop pin hitch \u00d835 mm  Drop pin hitch \u00d840 mm  Coupling ball for trailers  Contact us for a demo of this machine on your premises.\" \/>\n<meta property=\"og:url\" content=\"https:\/\/www.ohis.be\/en\/produit\/jack-master-warehouse-scooter\/\" \/>\n<meta property=\"og:site_name\" content=\"Ohis\" \/>\n<meta property=\"og:image\" content=\"https:\/\/www.ohis.be\/wp-content\/uploads\/2023\/10\/JACK-MASTER-chariot-tracteur-a-plateau-porteur.png\" \/>\n\t<meta property=\"og:image:width\" content=\"800\" \/>\n\t<meta property=\"og:image:height\" content=\"698\" \/>\n\t<meta property=\"og:image:type\" content=\"image\/png\" \/>\n<meta name=\"twitter:card\" content=\"summary_large_image\" \/>\n<meta name=\"twitter:label1\" content=\"Est. reading time\" \/>\n\t<meta name=\"twitter:data1\" content=\"1 minute\" \/>\n<script type=\"application\/ld+json\" class=\"yoast-schema-graph\">{\"@context\":\"https:\\\/\\\/schema.org\",\"@graph\":[{\"@type\":\"WebPage\",\"@id\":\"https:\\\/\\\/www.ohis.be\\\/en\\\/produit\\\/jack-master-warehouse-scooter\\\/\",\"url\":\"https:\\\/\\\/www.ohis.be\\\/en\\\/produit\\\/jack-master-warehouse-scooter\\\/\",\"name\":\"JACK MASTER - Warehouse scooter - Ohis\",\"isPartOf\":{\"@id\":\"https:\\\/\\\/www.ohis.be\\\/#website\"},\"primaryImageOfPage\":{\"@id\":\"https:\\\/\\\/www.ohis.be\\\/en\\\/produit\\\/jack-master-warehouse-scooter\\\/#primaryimage\"},\"image\":{\"@id\":\"https:\\\/\\\/www.ohis.be\\\/en\\\/produit\\\/jack-master-warehouse-scooter\\\/#primaryimage\"},\"thumbnailUrl\":\"https:\\\/\\\/www.ohis.be\\\/wp-content\\\/uploads\\\/2023\\\/10\\\/JACK-MASTER-chariot-tracteur-a-plateau-porteur.png\",\"datePublished\":\"2023-10-12T18:29:17+00:00\",\"breadcrumb\":{\"@id\":\"https:\\\/\\\/www.ohis.be\\\/en\\\/produit\\\/jack-master-warehouse-scooter\\\/#breadcrumb\"},\"inLanguage\":\"en-US\",\"potentialAction\":[{\"@type\":\"ReadAction\",\"target\":[\"https:\\\/\\\/www.ohis.be\\\/en\\\/produit\\\/jack-master-warehouse-scooter\\\/\"]}]},{\"@type\":\"ImageObject\",\"inLanguage\":\"en-US\",\"@id\":\"https:\\\/\\\/www.ohis.be\\\/en\\\/produit\\\/jack-master-warehouse-scooter\\\/#primaryimage\",\"url\":\"https:\\\/\\\/www.ohis.be\\\/wp-content\\\/uploads\\\/2023\\\/10\\\/JACK-MASTER-chariot-tracteur-a-plateau-porteur.png\",\"contentUrl\":\"https:\\\/\\\/www.ohis.be\\\/wp-content\\\/uploads\\\/2023\\\/10\\\/JACK-MASTER-chariot-tracteur-a-plateau-porteur.png\",\"width\":800,\"height\":698},{\"@type\":\"BreadcrumbList\",\"@id\":\"https:\\\/\\\/www.ohis.be\\\/en\\\/produit\\\/jack-master-warehouse-scooter\\\/#breadcrumb\",\"itemListElement\":[{\"@type\":\"ListItem\",\"position\":1,\"name\":\"Accueil\",\"item\":\"https:\\\/\\\/www.ohis.be\\\/de\\\/\"},{\"@type\":\"ListItem\",\"position\":2,\"name\":\"Products\",\"item\":\"https:\\\/\\\/www.ohis.be\\\/en\\\/products\\\/\"},{\"@type\":\"ListItem\",\"position\":3,\"name\":\"JACK MASTER &#8211; Warehouse scooter\"}]},{\"@type\":\"WebSite\",\"@id\":\"https:\\\/\\\/www.ohis.be\\\/#website\",\"url\":\"https:\\\/\\\/www.ohis.be\\\/\",\"name\":\"Ohis\",\"description\":\"Outils de levage\",\"publisher\":{\"@id\":\"https:\\\/\\\/www.ohis.be\\\/#organization\"},\"potentialAction\":[{\"@type\":\"SearchAction\",\"target\":{\"@type\":\"EntryPoint\",\"urlTemplate\":\"https:\\\/\\\/www.ohis.be\\\/?s={search_term_string}\"},\"query-input\":{\"@type\":\"PropertyValueSpecification\",\"valueRequired\":true,\"valueName\":\"search_term_string\"}}],\"inLanguage\":\"en-US\"},{\"@type\":\"Organization\",\"@id\":\"https:\\\/\\\/www.ohis.be\\\/#organization\",\"name\":\"Ohis\",\"url\":\"https:\\\/\\\/www.ohis.be\\\/\",\"logo\":{\"@type\":\"ImageObject\",\"inLanguage\":\"en-US\",\"@id\":\"https:\\\/\\\/www.ohis.be\\\/#\\\/schema\\\/logo\\\/image\\\/\",\"url\":\"https:\\\/\\\/www.ohis.be\\\/wp-content\\\/uploads\\\/2021\\\/02\\\/logo-ohis-wit.svg\",\"contentUrl\":\"https:\\\/\\\/www.ohis.be\\\/wp-content\\\/uploads\\\/2021\\\/02\\\/logo-ohis-wit.svg\",\"caption\":\"Ohis\"},\"image\":{\"@id\":\"https:\\\/\\\/www.ohis.be\\\/#\\\/schema\\\/logo\\\/image\\\/\"}}]}<\/script>\n<!-- \/ Yoast SEO plugin. -->","yoast_head_json":{"title":"JACK MASTER - Warehouse scooter - Ohis","robots":{"index":"index","follow":"follow","max-snippet":"max-snippet:-1","max-image-preview":"max-image-preview:large","max-video-preview":"max-video-preview:-1"},"canonical":"https:\/\/www.ohis.be\/en\/produit\/jack-master-warehouse-scooter\/","og_locale":"en_US","og_type":"article","og_title":"JACK MASTER - Warehouse scooter - Ohis","og_description":"The\u00a0 Zallys Jack MasterWarehouse scooter for industrial logistics is the ideal solution to eliminate manual handling of loads and speed up movements.   for loads up to 2500 kg  versatile and compact  with pneumatic wheels for indoor and outdoor use  optional button for 2-speed adjustment  wide range of standard accessories or customizable on request  Accessories:     Basket with ON\/OFF keypad  Handlebar basket  Basket 730 x 730 x 220 mm  Telescopic pole mounted flashing beacon  Mounting plate for hitches  Ball\/pin hitch \u00d820-25  Drop pin hitch \u00d816 mm  Drop pin hitch \u00d820 mm  Drop pin hitch \u00d835 mm  Drop pin hitch \u00d840 mm  Coupling ball for trailers  Contact us for a demo of this machine on your premises.","og_url":"https:\/\/www.ohis.be\/en\/produit\/jack-master-warehouse-scooter\/","og_site_name":"Ohis","og_image":[{"width":800,"height":698,"url":"https:\/\/www.ohis.be\/wp-content\/uploads\/2023\/10\/JACK-MASTER-chariot-tracteur-a-plateau-porteur.png","type":"image\/png"}],"twitter_card":"summary_large_image","twitter_misc":{"Est. reading time":"1 minute"},"schema":{"@context":"https:\/\/schema.org","@graph":[{"@type":"WebPage","@id":"https:\/\/www.ohis.be\/en\/produit\/jack-master-warehouse-scooter\/","url":"https:\/\/www.ohis.be\/en\/produit\/jack-master-warehouse-scooter\/","name":"JACK MASTER - Warehouse scooter - Ohis","isPartOf":{"@id":"https:\/\/www.ohis.be\/#website"},"primaryImageOfPage":{"@id":"https:\/\/www.ohis.be\/en\/produit\/jack-master-warehouse-scooter\/#primaryimage"},"image":{"@id":"https:\/\/www.ohis.be\/en\/produit\/jack-master-warehouse-scooter\/#primaryimage"},"thumbnailUrl":"https:\/\/www.ohis.be\/wp-content\/uploads\/2023\/10\/JACK-MASTER-chariot-tracteur-a-plateau-porteur.png","datePublished":"2023-10-12T18:29:17+00:00","breadcrumb":{"@id":"https:\/\/www.ohis.be\/en\/produit\/jack-master-warehouse-scooter\/#breadcrumb"},"inLanguage":"en-US","potentialAction":[{"@type":"ReadAction","target":["https:\/\/www.ohis.be\/en\/produit\/jack-master-warehouse-scooter\/"]}]},{"@type":"ImageObject","inLanguage":"en-US","@id":"https:\/\/www.ohis.be\/en\/produit\/jack-master-warehouse-scooter\/#primaryimage","url":"https:\/\/www.ohis.be\/wp-content\/uploads\/2023\/10\/JACK-MASTER-chariot-tracteur-a-plateau-porteur.png","contentUrl":"https:\/\/www.ohis.be\/wp-content\/uploads\/2023\/10\/JACK-MASTER-chariot-tracteur-a-plateau-porteur.png","width":800,"height":698},{"@type":"BreadcrumbList","@id":"https:\/\/www.ohis.be\/en\/produit\/jack-master-warehouse-scooter\/#breadcrumb","itemListElement":[{"@type":"ListItem","position":1,"name":"Accueil","item":"https:\/\/www.ohis.be\/de\/"},{"@type":"ListItem","position":2,"name":"Products","item":"https:\/\/www.ohis.be\/en\/products\/"},{"@type":"ListItem","position":3,"name":"JACK MASTER &#8211; Warehouse scooter"}]},{"@type":"WebSite","@id":"https:\/\/www.ohis.be\/#website","url":"https:\/\/www.ohis.be\/","name":"Ohis","description":"Outils de levage","publisher":{"@id":"https:\/\/www.ohis.be\/#organization"},"potentialAction":[{"@type":"SearchAction","target":{"@type":"EntryPoint","urlTemplate":"https:\/\/www.ohis.be\/?s={search_term_string}"},"query-input":{"@type":"PropertyValueSpecification","valueRequired":true,"valueName":"search_term_string"}}],"inLanguage":"en-US"},{"@type":"Organization","@id":"https:\/\/www.ohis.be\/#organization","name":"Ohis","url":"https:\/\/www.ohis.be\/","logo":{"@type":"ImageObject","inLanguage":"en-US","@id":"https:\/\/www.ohis.be\/#\/schema\/logo\/image\/","url":"https:\/\/www.ohis.be\/wp-content\/uploads\/2021\/02\/logo-ohis-wit.svg","contentUrl":"https:\/\/www.ohis.be\/wp-content\/uploads\/2021\/02\/logo-ohis-wit.svg","caption":"Ohis"},"image":{"@id":"https:\/\/www.ohis.be\/#\/schema\/logo\/image\/"}}]}},"_links":{"self":[{"href":"https:\/\/www.ohis.be\/en\/wp-json\/wp\/v2\/product\/39730","targetHints":{"allow":["GET"]}}],"collection":[{"href":"https:\/\/www.ohis.be\/en\/wp-json\/wp\/v2\/product"}],"about":[{"href":"https:\/\/www.ohis.be\/en\/wp-json\/wp\/v2\/types\/product"}],"wp:featuredmedia":[{"embeddable":true,"href":"https:\/\/www.ohis.be\/en\/wp-json\/wp\/v2\/media\/39333"}],"wp:attachment":[{"href":"https:\/\/www.ohis.be\/en\/wp-json\/wp\/v2\/media?parent=39730"}],"wp:term":[{"taxonomy":"product_brand","embeddable":true,"href":"https:\/\/www.ohis.be\/en\/wp-json\/wp\/v2\/product_brand?post=39730"},{"taxonomy":"product_cat","embeddable":true,"href":"https:\/\/www.ohis.be\/en\/wp-json\/wp\/v2\/product_cat?post=39730"},{"taxonomy":"product_tag","embeddable":true,"href":"https:\/\/www.ohis.be\/en\/wp-json\/wp\/v2\/product_tag?post=39730"}],"curies":[{"name":"wp","href":"https:\/\/api.w.org\/{rel}","templated":true}]}}