{"id":39725,"date":"2023-10-12T20:22:02","date_gmt":"2023-10-12T18:22:02","guid":{"rendered":"https:\/\/www.ohis.be\/produit\/jack-electric-tow-tractor\/"},"modified":"2023-10-12T20:22:02","modified_gmt":"2023-10-12T18:22:02","slug":"jack-electric-tow-tractor","status":"publish","type":"product","link":"https:\/\/www.ohis.be\/en\/produit\/jack-electric-tow-tractor\/","title":{"rendered":"JACK &#8211; Electric tow tractor"},"content":{"rendered":"<div class=\"descrizione text-lg mb-5\">\n<p>Zallys JACK <span data-sheets-value=\"{\" data-sheets-userformat=\"{\">sit on electric tow tug<\/span>\u00a0for industrial logistics is the ideal solution for eliminating manual handling of loads and speeding up movement.<\/p>\n<ul>\n<li>for towing loads up to 1500 kg and carry up to 500 kg<\/li>\n<li>Atex and IECEx certification available for use in potentially explosive environments<\/li>\n<li>versatile and compact<\/li>\n<li>narrow turning radius<\/li>\n<li>with pneumatic wheels for indoor and outdoor use<\/li>\n<li>button for speed adjustment<\/li>\n<li>wide range of standard accessories or customizable on request<\/li>\n<\/ul>\n<p><strong>Accessories:<\/strong><\/p>\n<\/div>\n<ul>\n<li>Basket 730 x 730 x 220 mm<\/li>\n<li>Platform 750x1020xh230 mm<\/li>\n<li>Mounting plate for hitches<\/li>\n<li>Ball\/pin hitch \u00d820-25<\/li>\n<li>Drop pin hitch \u00d816 mm<\/li>\n<li>Drop pin hitch \u00d820 mm<\/li>\n<li>Drop pin hitch \u00d835 mm<\/li>\n<li>Drop pin hitch \u00d840 mm<\/li>\n<li>Telescopic pole mounted flashing beacon<\/li>\n<li>Spacer kit for flashing beacon<\/li>\n<li>Coupling ball for trailers<\/li>\n<li>Handlebar basket<\/li>\n<li>Basket with ON\/OFF keypad<\/li>\n<\/ul>\n<p>Contact us for a demo of this machine on your premises.<\/p>\n","protected":false},"excerpt":{"rendered":"<div class=\"descrizione text-lg mb-5\">\n<p>Zallys JACK <span data-sheets-value=\"{\" data-sheets-userformat=\"{\">sit on electric tow tug<\/span>\u00a0for industrial logistics is the ideal solution for eliminating manual handling of loads and speeding up movement.<\/p>\n<ul>\n<li>for towing loads up to 1500 kg and carry up to 500 kg<\/li>\n<li>Atex and IECEx certification available for use in potentially explosive environments<\/li>\n<li>versatile and compact<\/li>\n<li>narrow turning radius<\/li>\n<li>with pneumatic wheels for indoor and outdoor use<\/li>\n<li>button for speed adjustment<\/li>\n<li>wide range of standard accessories or customizable on request<\/li>\n<\/ul>\n<p><strong>Accessories:<\/strong><\/p>\n<\/div>\n<ul>\n<li>Basket 730 x 730 x 220 mm<\/li>\n<li>Platform 750x1020xh230 mm<\/li>\n<li>Mounting plate for hitches<\/li>\n<li>Ball\/pin hitch \u00d820-25<\/li>\n<li>Drop pin hitch \u00d816 mm<\/li>\n<li>Drop pin hitch \u00d820 mm<\/li>\n<li>Drop pin hitch \u00d835 mm<\/li>\n<li>Drop pin hitch \u00d840 mm<\/li>\n<li>Telescopic pole mounted flashing beacon<\/li>\n<li>Spacer kit for flashing beacon<\/li>\n<li>Coupling ball for trailers<\/li>\n<li>Handlebar basket<\/li>\n<li>Basket with ON\/OFF keypad<\/li>\n<\/ul>\n<p>Contact us for a demo of this machine on your premises.<\/p>\n","protected":false},"featured_media":39205,"template":"","meta":{"_acf_changed":false,"inline_featured_image":false},"product_brand":[],"product_cat":[3843],"product_tag":[],"class_list":{"0":"post-39725","1":"product","2":"type-product","3":"status-publish","4":"has-post-thumbnail","6":"product_cat-man-on-board-electric-vehicles","7":"yith_product_brand-zallys-en","9":"first","10":"instock","11":"taxable","12":"shipping-taxable","13":"product-type-simple"},"acf":[],"yoast_head":"<!-- This site is optimized with the Yoast SEO plugin v27.4 - https:\/\/yoast.com\/product\/yoast-seo-wordpress\/ -->\n<title>JACK - Electric tow tractor - Ohis<\/title>\n<meta name=\"robots\" content=\"index, follow, max-snippet:-1, max-image-preview:large, max-video-preview:-1\" \/>\n<link rel=\"canonical\" href=\"https:\/\/www.ohis.be\/en\/produit\/jack-electric-tow-tractor\/\" \/>\n<meta property=\"og:locale\" content=\"en_US\" \/>\n<meta property=\"og:type\" content=\"article\" \/>\n<meta property=\"og:title\" content=\"JACK - Electric tow tractor - Ohis\" \/>\n<meta property=\"og:description\" content=\"Zallys JACK sit on electric tow tug\u00a0for industrial logistics is the ideal solution for eliminating manual handling of loads and speeding up movement.   for towing loads up to 1500 kg and carry up to 500 kg  Atex and IECEx certification available for use in potentially explosive environments  versatile and compact  narrow turning radius  with pneumatic wheels for indoor and outdoor use  button for speed adjustment  wide range of standard accessories or customizable on request  Accessories:     Basket 730 x 730 x 220 mm  Platform 750x1020xh230 mm  Mounting plate for hitches  Ball\/pin hitch \u00d820-25  Drop pin hitch \u00d816 mm  Drop pin hitch \u00d820 mm  Drop pin hitch \u00d835 mm  Drop pin hitch \u00d840 mm  Telescopic pole mounted flashing beacon  Spacer kit for flashing beacon  Coupling ball for trailers  Handlebar basket  Basket with ON\/OFF keypad  Contact us for a demo of this machine on your premises.\" \/>\n<meta property=\"og:url\" content=\"https:\/\/www.ohis.be\/en\/produit\/jack-electric-tow-tractor\/\" \/>\n<meta property=\"og:site_name\" content=\"Ohis\" \/>\n<meta property=\"og:image\" content=\"https:\/\/www.ohis.be\/wp-content\/uploads\/2023\/10\/JACK-tracteur-electrique-avec-conducteur.png\" \/>\n\t<meta property=\"og:image:width\" content=\"600\" \/>\n\t<meta property=\"og:image:height\" content=\"523\" \/>\n\t<meta property=\"og:image:type\" content=\"image\/png\" \/>\n<meta name=\"twitter:card\" content=\"summary_large_image\" \/>\n<meta name=\"twitter:label1\" content=\"Est. reading time\" \/>\n\t<meta name=\"twitter:data1\" content=\"1 minute\" \/>\n<script type=\"application\/ld+json\" class=\"yoast-schema-graph\">{\"@context\":\"https:\\\/\\\/schema.org\",\"@graph\":[{\"@type\":\"WebPage\",\"@id\":\"https:\\\/\\\/www.ohis.be\\\/en\\\/produit\\\/jack-electric-tow-tractor\\\/\",\"url\":\"https:\\\/\\\/www.ohis.be\\\/en\\\/produit\\\/jack-electric-tow-tractor\\\/\",\"name\":\"JACK - Electric tow tractor - Ohis\",\"isPartOf\":{\"@id\":\"https:\\\/\\\/www.ohis.be\\\/#website\"},\"primaryImageOfPage\":{\"@id\":\"https:\\\/\\\/www.ohis.be\\\/en\\\/produit\\\/jack-electric-tow-tractor\\\/#primaryimage\"},\"image\":{\"@id\":\"https:\\\/\\\/www.ohis.be\\\/en\\\/produit\\\/jack-electric-tow-tractor\\\/#primaryimage\"},\"thumbnailUrl\":\"https:\\\/\\\/www.ohis.be\\\/wp-content\\\/uploads\\\/2023\\\/10\\\/JACK-tracteur-electrique-avec-conducteur.png\",\"datePublished\":\"2023-10-12T18:22:02+00:00\",\"breadcrumb\":{\"@id\":\"https:\\\/\\\/www.ohis.be\\\/en\\\/produit\\\/jack-electric-tow-tractor\\\/#breadcrumb\"},\"inLanguage\":\"en-US\",\"potentialAction\":[{\"@type\":\"ReadAction\",\"target\":[\"https:\\\/\\\/www.ohis.be\\\/en\\\/produit\\\/jack-electric-tow-tractor\\\/\"]}]},{\"@type\":\"ImageObject\",\"inLanguage\":\"en-US\",\"@id\":\"https:\\\/\\\/www.ohis.be\\\/en\\\/produit\\\/jack-electric-tow-tractor\\\/#primaryimage\",\"url\":\"https:\\\/\\\/www.ohis.be\\\/wp-content\\\/uploads\\\/2023\\\/10\\\/JACK-tracteur-electrique-avec-conducteur.png\",\"contentUrl\":\"https:\\\/\\\/www.ohis.be\\\/wp-content\\\/uploads\\\/2023\\\/10\\\/JACK-tracteur-electrique-avec-conducteur.png\",\"width\":600,\"height\":523},{\"@type\":\"BreadcrumbList\",\"@id\":\"https:\\\/\\\/www.ohis.be\\\/en\\\/produit\\\/jack-electric-tow-tractor\\\/#breadcrumb\",\"itemListElement\":[{\"@type\":\"ListItem\",\"position\":1,\"name\":\"Accueil\",\"item\":\"https:\\\/\\\/www.ohis.be\\\/de\\\/\"},{\"@type\":\"ListItem\",\"position\":2,\"name\":\"Products\",\"item\":\"https:\\\/\\\/www.ohis.be\\\/en\\\/products\\\/\"},{\"@type\":\"ListItem\",\"position\":3,\"name\":\"JACK &#8211; Electric tow tractor\"}]},{\"@type\":\"WebSite\",\"@id\":\"https:\\\/\\\/www.ohis.be\\\/#website\",\"url\":\"https:\\\/\\\/www.ohis.be\\\/\",\"name\":\"Ohis\",\"description\":\"Outils de levage\",\"publisher\":{\"@id\":\"https:\\\/\\\/www.ohis.be\\\/#organization\"},\"potentialAction\":[{\"@type\":\"SearchAction\",\"target\":{\"@type\":\"EntryPoint\",\"urlTemplate\":\"https:\\\/\\\/www.ohis.be\\\/?s={search_term_string}\"},\"query-input\":{\"@type\":\"PropertyValueSpecification\",\"valueRequired\":true,\"valueName\":\"search_term_string\"}}],\"inLanguage\":\"en-US\"},{\"@type\":\"Organization\",\"@id\":\"https:\\\/\\\/www.ohis.be\\\/#organization\",\"name\":\"Ohis\",\"url\":\"https:\\\/\\\/www.ohis.be\\\/\",\"logo\":{\"@type\":\"ImageObject\",\"inLanguage\":\"en-US\",\"@id\":\"https:\\\/\\\/www.ohis.be\\\/#\\\/schema\\\/logo\\\/image\\\/\",\"url\":\"https:\\\/\\\/www.ohis.be\\\/wp-content\\\/uploads\\\/2021\\\/02\\\/logo-ohis-wit.svg\",\"contentUrl\":\"https:\\\/\\\/www.ohis.be\\\/wp-content\\\/uploads\\\/2021\\\/02\\\/logo-ohis-wit.svg\",\"caption\":\"Ohis\"},\"image\":{\"@id\":\"https:\\\/\\\/www.ohis.be\\\/#\\\/schema\\\/logo\\\/image\\\/\"}}]}<\/script>\n<!-- \/ Yoast SEO plugin. -->","yoast_head_json":{"title":"JACK - Electric tow tractor - Ohis","robots":{"index":"index","follow":"follow","max-snippet":"max-snippet:-1","max-image-preview":"max-image-preview:large","max-video-preview":"max-video-preview:-1"},"canonical":"https:\/\/www.ohis.be\/en\/produit\/jack-electric-tow-tractor\/","og_locale":"en_US","og_type":"article","og_title":"JACK - Electric tow tractor - Ohis","og_description":"Zallys JACK sit on electric tow tug\u00a0for industrial logistics is the ideal solution for eliminating manual handling of loads and speeding up movement.   for towing loads up to 1500 kg and carry up to 500 kg  Atex and IECEx certification available for use in potentially explosive environments  versatile and compact  narrow turning radius  with pneumatic wheels for indoor and outdoor use  button for speed adjustment  wide range of standard accessories or customizable on request  Accessories:     Basket 730 x 730 x 220 mm  Platform 750x1020xh230 mm  Mounting plate for hitches  Ball\/pin hitch \u00d820-25  Drop pin hitch \u00d816 mm  Drop pin hitch \u00d820 mm  Drop pin hitch \u00d835 mm  Drop pin hitch \u00d840 mm  Telescopic pole mounted flashing beacon  Spacer kit for flashing beacon  Coupling ball for trailers  Handlebar basket  Basket with ON\/OFF keypad  Contact us for a demo of this machine on your premises.","og_url":"https:\/\/www.ohis.be\/en\/produit\/jack-electric-tow-tractor\/","og_site_name":"Ohis","og_image":[{"width":600,"height":523,"url":"https:\/\/www.ohis.be\/wp-content\/uploads\/2023\/10\/JACK-tracteur-electrique-avec-conducteur.png","type":"image\/png"}],"twitter_card":"summary_large_image","twitter_misc":{"Est. reading time":"1 minute"},"schema":{"@context":"https:\/\/schema.org","@graph":[{"@type":"WebPage","@id":"https:\/\/www.ohis.be\/en\/produit\/jack-electric-tow-tractor\/","url":"https:\/\/www.ohis.be\/en\/produit\/jack-electric-tow-tractor\/","name":"JACK - Electric tow tractor - Ohis","isPartOf":{"@id":"https:\/\/www.ohis.be\/#website"},"primaryImageOfPage":{"@id":"https:\/\/www.ohis.be\/en\/produit\/jack-electric-tow-tractor\/#primaryimage"},"image":{"@id":"https:\/\/www.ohis.be\/en\/produit\/jack-electric-tow-tractor\/#primaryimage"},"thumbnailUrl":"https:\/\/www.ohis.be\/wp-content\/uploads\/2023\/10\/JACK-tracteur-electrique-avec-conducteur.png","datePublished":"2023-10-12T18:22:02+00:00","breadcrumb":{"@id":"https:\/\/www.ohis.be\/en\/produit\/jack-electric-tow-tractor\/#breadcrumb"},"inLanguage":"en-US","potentialAction":[{"@type":"ReadAction","target":["https:\/\/www.ohis.be\/en\/produit\/jack-electric-tow-tractor\/"]}]},{"@type":"ImageObject","inLanguage":"en-US","@id":"https:\/\/www.ohis.be\/en\/produit\/jack-electric-tow-tractor\/#primaryimage","url":"https:\/\/www.ohis.be\/wp-content\/uploads\/2023\/10\/JACK-tracteur-electrique-avec-conducteur.png","contentUrl":"https:\/\/www.ohis.be\/wp-content\/uploads\/2023\/10\/JACK-tracteur-electrique-avec-conducteur.png","width":600,"height":523},{"@type":"BreadcrumbList","@id":"https:\/\/www.ohis.be\/en\/produit\/jack-electric-tow-tractor\/#breadcrumb","itemListElement":[{"@type":"ListItem","position":1,"name":"Accueil","item":"https:\/\/www.ohis.be\/de\/"},{"@type":"ListItem","position":2,"name":"Products","item":"https:\/\/www.ohis.be\/en\/products\/"},{"@type":"ListItem","position":3,"name":"JACK &#8211; Electric tow tractor"}]},{"@type":"WebSite","@id":"https:\/\/www.ohis.be\/#website","url":"https:\/\/www.ohis.be\/","name":"Ohis","description":"Outils de levage","publisher":{"@id":"https:\/\/www.ohis.be\/#organization"},"potentialAction":[{"@type":"SearchAction","target":{"@type":"EntryPoint","urlTemplate":"https:\/\/www.ohis.be\/?s={search_term_string}"},"query-input":{"@type":"PropertyValueSpecification","valueRequired":true,"valueName":"search_term_string"}}],"inLanguage":"en-US"},{"@type":"Organization","@id":"https:\/\/www.ohis.be\/#organization","name":"Ohis","url":"https:\/\/www.ohis.be\/","logo":{"@type":"ImageObject","inLanguage":"en-US","@id":"https:\/\/www.ohis.be\/#\/schema\/logo\/image\/","url":"https:\/\/www.ohis.be\/wp-content\/uploads\/2021\/02\/logo-ohis-wit.svg","contentUrl":"https:\/\/www.ohis.be\/wp-content\/uploads\/2021\/02\/logo-ohis-wit.svg","caption":"Ohis"},"image":{"@id":"https:\/\/www.ohis.be\/#\/schema\/logo\/image\/"}}]}},"_links":{"self":[{"href":"https:\/\/www.ohis.be\/en\/wp-json\/wp\/v2\/product\/39725","targetHints":{"allow":["GET"]}}],"collection":[{"href":"https:\/\/www.ohis.be\/en\/wp-json\/wp\/v2\/product"}],"about":[{"href":"https:\/\/www.ohis.be\/en\/wp-json\/wp\/v2\/types\/product"}],"wp:featuredmedia":[{"embeddable":true,"href":"https:\/\/www.ohis.be\/en\/wp-json\/wp\/v2\/media\/39205"}],"wp:attachment":[{"href":"https:\/\/www.ohis.be\/en\/wp-json\/wp\/v2\/media?parent=39725"}],"wp:term":[{"taxonomy":"product_brand","embeddable":true,"href":"https:\/\/www.ohis.be\/en\/wp-json\/wp\/v2\/product_brand?post=39725"},{"taxonomy":"product_cat","embeddable":true,"href":"https:\/\/www.ohis.be\/en\/wp-json\/wp\/v2\/product_cat?post=39725"},{"taxonomy":"product_tag","embeddable":true,"href":"https:\/\/www.ohis.be\/en\/wp-json\/wp\/v2\/product_tag?post=39725"}],"curies":[{"name":"wp","href":"https:\/\/api.w.org\/{rel}","templated":true}]}}