{"id":39719,"date":"2023-10-12T20:22:41","date_gmt":"2023-10-12T18:22:41","guid":{"rendered":"https:\/\/www.ohis.be\/produit\/k2-stand-up-tugger\/"},"modified":"2023-10-12T20:22:41","modified_gmt":"2023-10-12T18:22:41","slug":"k2-stand-up-tugger","status":"publish","type":"product","link":"https:\/\/www.ohis.be\/en\/produit\/k2-stand-up-tugger\/","title":{"rendered":"K2 &#8211; Stand up tugger"},"content":{"rendered":"<div class=\"descrizione text-lg mb-5\">\n<p>The Zallys K2 s<span data-sheets-value=\"{&quot;1&quot;:2,&quot;2&quot;:&quot;Stand up tugger&quot;}\" data-sheets-userformat=\"{&quot;2&quot;:513,&quot;3&quot;:{&quot;1&quot;:0},&quot;12&quot;:0}\">tand up tugger<\/span> is the ideal solution to eliminate manual handling of loads and speed up movement.<\/p>\n<ul>\n<li>for loads up to 850 kg<\/li>\n<li>versatile and compact<\/li>\n<li>with non-marking wheels for indoor use<\/li>\n<li>with optional steering speed reducer<\/li>\n<li>button for 5-speed adjustment<\/li>\n<li>wide range of standard or customizable hooks on request<\/li>\n<\/ul>\n<p><strong>Accessories:<\/strong><\/p>\n<ul>\n<li>AGM battery pack &#8211; 37\/45Ah<\/li>\n<li>Fitting kit for battery pack 30Ah, 45Ah and Lithium<\/li>\n<li>Height adjustable plate electric controlled<\/li>\n<li>Pivoting support arm for hitches 35&#215;35 mm<\/li>\n<li>Adjustable hitch for Roll box<\/li>\n<li>Electric clamp hitch<\/li>\n<li>Mounting plate for hitches<\/li>\n<li>Ball\/pin hitch \u00d820-25<\/li>\n<li>Drop pin hitch \u00d816 mm<\/li>\n<li>Drop pin hitch \u00d820 mm<\/li>\n<li>Hitch for trash bins<\/li>\n<li>Ballasts kit 58 kg<\/li>\n<li>Ballasts kit 80 kg<\/li>\n<li>Ballasts kit 122 kg<\/li>\n<li>3 kg front ballast<\/li>\n<li>Front bumper<\/li>\n<li>Traction wheels guard<\/li>\n<li>Object holder under backrest<\/li>\n<li>Basket<\/li>\n<li>Emergency stop<\/li>\n<li>Key Pad on\/off<\/li>\n<li>Digital hour meter<\/li>\n<li>Front and rear lights kit<\/li>\n<li>Blue LED light kit FRONT<\/li>\n<li>Telescopic pole mounted flashing beacon<\/li>\n<li>Blue LED light kit REAR<\/li>\n<li>Steering speed reduction kit<\/li>\n<\/ul>\n<p>Contact us for a demo of this machine on your premises.<\/p>\n<\/div>\n","protected":false},"excerpt":{"rendered":"<div class=\"descrizione text-lg mb-5\">\n<p>The Zallys K2 s<span data-sheets-value=\"{&quot;1&quot;:2,&quot;2&quot;:&quot;Stand up tugger&quot;}\" data-sheets-userformat=\"{&quot;2&quot;:513,&quot;3&quot;:{&quot;1&quot;:0},&quot;12&quot;:0}\">tand up tugger<\/span> is the ideal solution to eliminate manual handling of loads and speed up movement.<\/p>\n<ul>\n<li>for loads up to 850 kg<\/li>\n<li>versatile and compact<\/li>\n<li>with non-marking wheels for indoor use<\/li>\n<li>with optional steering speed reducer<\/li>\n<li>button for 5-speed adjustment<\/li>\n<li>wide range of standard or customizable hooks on request<\/li>\n<\/ul>\n<p><strong>Accessories:<\/strong><\/p>\n<ul>\n<li>AGM battery pack &#8211; 37\/45Ah<\/li>\n<li>Fitting kit for battery pack 30Ah, 45Ah and Lithium<\/li>\n<li>Height adjustable plate electric controlled<\/li>\n<li>Pivoting support arm for hitches 35&#215;35 mm<\/li>\n<li>Adjustable hitch for Roll box<\/li>\n<li>Electric clamp hitch<\/li>\n<li>Mounting plate for hitches<\/li>\n<li>Ball\/pin hitch \u00d820-25<\/li>\n<li>Drop pin hitch \u00d816 mm<\/li>\n<li>Drop pin hitch \u00d820 mm<\/li>\n<li>Hitch for trash bins<\/li>\n<li>Ballasts kit 58 kg<\/li>\n<li>Ballasts kit 80 kg<\/li>\n<li>Ballasts kit 122 kg<\/li>\n<li>3 kg front ballast<\/li>\n<li>Front bumper<\/li>\n<li>Traction wheels guard<\/li>\n<li>Object holder under backrest<\/li>\n<li>Basket<\/li>\n<li>Emergency stop<\/li>\n<li>Key Pad on\/off<\/li>\n<li>Digital hour meter<\/li>\n<li>Front and rear lights kit<\/li>\n<li>Blue LED light kit FRONT<\/li>\n<li>Telescopic pole mounted flashing beacon<\/li>\n<li>Blue LED light kit REAR<\/li>\n<li>Steering speed reduction kit<\/li>\n<\/ul>\n<p>Contact us for a demo of this machine on your premises.<\/p>\n<\/div>\n","protected":false},"featured_media":39082,"template":"","meta":{"_acf_changed":false,"inline_featured_image":false},"product_brand":[],"product_cat":[3843],"product_tag":[],"class_list":{"0":"post-39719","1":"product","2":"type-product","3":"status-publish","4":"has-post-thumbnail","6":"product_cat-man-on-board-electric-vehicles","7":"yith_product_brand-zallys-en","9":"first","10":"instock","11":"taxable","12":"shipping-taxable","13":"product-type-simple"},"acf":[],"yoast_head":"<!-- This site is optimized with the Yoast SEO plugin v27.5 - https:\/\/yoast.com\/product\/yoast-seo-wordpress\/ -->\n<title>K2 - Stand up tugger - Ohis<\/title>\n<meta name=\"robots\" content=\"index, follow, max-snippet:-1, max-image-preview:large, max-video-preview:-1\" \/>\n<link rel=\"canonical\" href=\"https:\/\/www.ohis.be\/en\/produit\/k2-stand-up-tugger\/\" \/>\n<meta property=\"og:locale\" content=\"en_US\" \/>\n<meta property=\"og:type\" content=\"article\" \/>\n<meta property=\"og:title\" content=\"K2 - Stand up tugger - Ohis\" \/>\n<meta property=\"og:description\" content=\"The Zallys K2 stand up tugger is the ideal solution to eliminate manual handling of loads and speed up movement.   for loads up to 850 kg  versatile and compact  with non-marking wheels for indoor use  with optional steering speed reducer  button for 5-speed adjustment  wide range of standard or customizable hooks on request  Accessories:   AGM battery pack - 37\/45Ah  Fitting kit for battery pack 30Ah, 45Ah and Lithium  Height adjustable plate electric controlled  Pivoting support arm for hitches 35x35 mm  Adjustable hitch for Roll box  Electric clamp hitch  Mounting plate for hitches  Ball\/pin hitch \u00d820-25  Drop pin hitch \u00d816 mm  Drop pin hitch \u00d820 mm  Hitch for trash bins  Ballasts kit 58 kg  Ballasts kit 80 kg  Ballasts kit 122 kg  3 kg front ballast  Front bumper  Traction wheels guard  Object holder under backrest  Basket  Emergency stop  Key Pad on\/off  Digital hour meter  Front and rear lights kit  Blue LED light kit FRONT  Telescopic pole mounted flashing beacon  Blue LED light kit REAR  Steering speed reduction kit  Contact us for a demo of this machine on your premises.\" \/>\n<meta property=\"og:url\" content=\"https:\/\/www.ohis.be\/en\/produit\/k2-stand-up-tugger\/\" \/>\n<meta property=\"og:site_name\" content=\"Ohis\" \/>\n<meta property=\"og:image\" content=\"https:\/\/www.ohis.be\/wp-content\/uploads\/2023\/10\/K2-tracteur-train-logistique.jpg\" \/>\n\t<meta property=\"og:image:width\" content=\"800\" \/>\n\t<meta property=\"og:image:height\" content=\"698\" \/>\n\t<meta property=\"og:image:type\" content=\"image\/jpeg\" \/>\n<meta name=\"twitter:card\" content=\"summary_large_image\" \/>\n<meta name=\"twitter:label1\" content=\"Est. reading time\" \/>\n\t<meta name=\"twitter:data1\" content=\"1 minute\" \/>\n<script type=\"application\/ld+json\" class=\"yoast-schema-graph\">{\"@context\":\"https:\\\/\\\/schema.org\",\"@graph\":[{\"@type\":\"WebPage\",\"@id\":\"https:\\\/\\\/www.ohis.be\\\/en\\\/produit\\\/k2-stand-up-tugger\\\/\",\"url\":\"https:\\\/\\\/www.ohis.be\\\/en\\\/produit\\\/k2-stand-up-tugger\\\/\",\"name\":\"K2 - Stand up tugger - Ohis\",\"isPartOf\":{\"@id\":\"https:\\\/\\\/www.ohis.be\\\/#website\"},\"primaryImageOfPage\":{\"@id\":\"https:\\\/\\\/www.ohis.be\\\/en\\\/produit\\\/k2-stand-up-tugger\\\/#primaryimage\"},\"image\":{\"@id\":\"https:\\\/\\\/www.ohis.be\\\/en\\\/produit\\\/k2-stand-up-tugger\\\/#primaryimage\"},\"thumbnailUrl\":\"https:\\\/\\\/www.ohis.be\\\/wp-content\\\/uploads\\\/2023\\\/10\\\/K2-tracteur-train-logistique.jpg\",\"datePublished\":\"2023-10-12T18:22:41+00:00\",\"breadcrumb\":{\"@id\":\"https:\\\/\\\/www.ohis.be\\\/en\\\/produit\\\/k2-stand-up-tugger\\\/#breadcrumb\"},\"inLanguage\":\"en-US\",\"potentialAction\":[{\"@type\":\"ReadAction\",\"target\":[\"https:\\\/\\\/www.ohis.be\\\/en\\\/produit\\\/k2-stand-up-tugger\\\/\"]}]},{\"@type\":\"ImageObject\",\"inLanguage\":\"en-US\",\"@id\":\"https:\\\/\\\/www.ohis.be\\\/en\\\/produit\\\/k2-stand-up-tugger\\\/#primaryimage\",\"url\":\"https:\\\/\\\/www.ohis.be\\\/wp-content\\\/uploads\\\/2023\\\/10\\\/K2-tracteur-train-logistique.jpg\",\"contentUrl\":\"https:\\\/\\\/www.ohis.be\\\/wp-content\\\/uploads\\\/2023\\\/10\\\/K2-tracteur-train-logistique.jpg\",\"width\":800,\"height\":698},{\"@type\":\"BreadcrumbList\",\"@id\":\"https:\\\/\\\/www.ohis.be\\\/en\\\/produit\\\/k2-stand-up-tugger\\\/#breadcrumb\",\"itemListElement\":[{\"@type\":\"ListItem\",\"position\":1,\"name\":\"Accueil\",\"item\":\"https:\\\/\\\/www.ohis.be\\\/de\\\/\"},{\"@type\":\"ListItem\",\"position\":2,\"name\":\"Products\",\"item\":\"https:\\\/\\\/www.ohis.be\\\/en\\\/products\\\/\"},{\"@type\":\"ListItem\",\"position\":3,\"name\":\"K2 &#8211; Stand up tugger\"}]},{\"@type\":\"WebSite\",\"@id\":\"https:\\\/\\\/www.ohis.be\\\/#website\",\"url\":\"https:\\\/\\\/www.ohis.be\\\/\",\"name\":\"Ohis\",\"description\":\"Outils de levage\",\"publisher\":{\"@id\":\"https:\\\/\\\/www.ohis.be\\\/#organization\"},\"potentialAction\":[{\"@type\":\"SearchAction\",\"target\":{\"@type\":\"EntryPoint\",\"urlTemplate\":\"https:\\\/\\\/www.ohis.be\\\/?s={search_term_string}\"},\"query-input\":{\"@type\":\"PropertyValueSpecification\",\"valueRequired\":true,\"valueName\":\"search_term_string\"}}],\"inLanguage\":\"en-US\"},{\"@type\":\"Organization\",\"@id\":\"https:\\\/\\\/www.ohis.be\\\/#organization\",\"name\":\"Ohis\",\"url\":\"https:\\\/\\\/www.ohis.be\\\/\",\"logo\":{\"@type\":\"ImageObject\",\"inLanguage\":\"en-US\",\"@id\":\"https:\\\/\\\/www.ohis.be\\\/#\\\/schema\\\/logo\\\/image\\\/\",\"url\":\"https:\\\/\\\/www.ohis.be\\\/wp-content\\\/uploads\\\/2021\\\/02\\\/logo-ohis-wit.svg\",\"contentUrl\":\"https:\\\/\\\/www.ohis.be\\\/wp-content\\\/uploads\\\/2021\\\/02\\\/logo-ohis-wit.svg\",\"caption\":\"Ohis\"},\"image\":{\"@id\":\"https:\\\/\\\/www.ohis.be\\\/#\\\/schema\\\/logo\\\/image\\\/\"}}]}<\/script>\n<!-- \/ Yoast SEO plugin. -->","yoast_head_json":{"title":"K2 - Stand up tugger - Ohis","robots":{"index":"index","follow":"follow","max-snippet":"max-snippet:-1","max-image-preview":"max-image-preview:large","max-video-preview":"max-video-preview:-1"},"canonical":"https:\/\/www.ohis.be\/en\/produit\/k2-stand-up-tugger\/","og_locale":"en_US","og_type":"article","og_title":"K2 - Stand up tugger - Ohis","og_description":"The Zallys K2 stand up tugger is the ideal solution to eliminate manual handling of loads and speed up movement.   for loads up to 850 kg  versatile and compact  with non-marking wheels for indoor use  with optional steering speed reducer  button for 5-speed adjustment  wide range of standard or customizable hooks on request  Accessories:   AGM battery pack - 37\/45Ah  Fitting kit for battery pack 30Ah, 45Ah and Lithium  Height adjustable plate electric controlled  Pivoting support arm for hitches 35x35 mm  Adjustable hitch for Roll box  Electric clamp hitch  Mounting plate for hitches  Ball\/pin hitch \u00d820-25  Drop pin hitch \u00d816 mm  Drop pin hitch \u00d820 mm  Hitch for trash bins  Ballasts kit 58 kg  Ballasts kit 80 kg  Ballasts kit 122 kg  3 kg front ballast  Front bumper  Traction wheels guard  Object holder under backrest  Basket  Emergency stop  Key Pad on\/off  Digital hour meter  Front and rear lights kit  Blue LED light kit FRONT  Telescopic pole mounted flashing beacon  Blue LED light kit REAR  Steering speed reduction kit  Contact us for a demo of this machine on your premises.","og_url":"https:\/\/www.ohis.be\/en\/produit\/k2-stand-up-tugger\/","og_site_name":"Ohis","og_image":[{"width":800,"height":698,"url":"https:\/\/www.ohis.be\/wp-content\/uploads\/2023\/10\/K2-tracteur-train-logistique.jpg","type":"image\/jpeg"}],"twitter_card":"summary_large_image","twitter_misc":{"Est. reading time":"1 minute"},"schema":{"@context":"https:\/\/schema.org","@graph":[{"@type":"WebPage","@id":"https:\/\/www.ohis.be\/en\/produit\/k2-stand-up-tugger\/","url":"https:\/\/www.ohis.be\/en\/produit\/k2-stand-up-tugger\/","name":"K2 - Stand up tugger - Ohis","isPartOf":{"@id":"https:\/\/www.ohis.be\/#website"},"primaryImageOfPage":{"@id":"https:\/\/www.ohis.be\/en\/produit\/k2-stand-up-tugger\/#primaryimage"},"image":{"@id":"https:\/\/www.ohis.be\/en\/produit\/k2-stand-up-tugger\/#primaryimage"},"thumbnailUrl":"https:\/\/www.ohis.be\/wp-content\/uploads\/2023\/10\/K2-tracteur-train-logistique.jpg","datePublished":"2023-10-12T18:22:41+00:00","breadcrumb":{"@id":"https:\/\/www.ohis.be\/en\/produit\/k2-stand-up-tugger\/#breadcrumb"},"inLanguage":"en-US","potentialAction":[{"@type":"ReadAction","target":["https:\/\/www.ohis.be\/en\/produit\/k2-stand-up-tugger\/"]}]},{"@type":"ImageObject","inLanguage":"en-US","@id":"https:\/\/www.ohis.be\/en\/produit\/k2-stand-up-tugger\/#primaryimage","url":"https:\/\/www.ohis.be\/wp-content\/uploads\/2023\/10\/K2-tracteur-train-logistique.jpg","contentUrl":"https:\/\/www.ohis.be\/wp-content\/uploads\/2023\/10\/K2-tracteur-train-logistique.jpg","width":800,"height":698},{"@type":"BreadcrumbList","@id":"https:\/\/www.ohis.be\/en\/produit\/k2-stand-up-tugger\/#breadcrumb","itemListElement":[{"@type":"ListItem","position":1,"name":"Accueil","item":"https:\/\/www.ohis.be\/de\/"},{"@type":"ListItem","position":2,"name":"Products","item":"https:\/\/www.ohis.be\/en\/products\/"},{"@type":"ListItem","position":3,"name":"K2 &#8211; Stand up tugger"}]},{"@type":"WebSite","@id":"https:\/\/www.ohis.be\/#website","url":"https:\/\/www.ohis.be\/","name":"Ohis","description":"Outils de levage","publisher":{"@id":"https:\/\/www.ohis.be\/#organization"},"potentialAction":[{"@type":"SearchAction","target":{"@type":"EntryPoint","urlTemplate":"https:\/\/www.ohis.be\/?s={search_term_string}"},"query-input":{"@type":"PropertyValueSpecification","valueRequired":true,"valueName":"search_term_string"}}],"inLanguage":"en-US"},{"@type":"Organization","@id":"https:\/\/www.ohis.be\/#organization","name":"Ohis","url":"https:\/\/www.ohis.be\/","logo":{"@type":"ImageObject","inLanguage":"en-US","@id":"https:\/\/www.ohis.be\/#\/schema\/logo\/image\/","url":"https:\/\/www.ohis.be\/wp-content\/uploads\/2021\/02\/logo-ohis-wit.svg","contentUrl":"https:\/\/www.ohis.be\/wp-content\/uploads\/2021\/02\/logo-ohis-wit.svg","caption":"Ohis"},"image":{"@id":"https:\/\/www.ohis.be\/#\/schema\/logo\/image\/"}}]}},"_links":{"self":[{"href":"https:\/\/www.ohis.be\/en\/wp-json\/wp\/v2\/product\/39719","targetHints":{"allow":["GET"]}}],"collection":[{"href":"https:\/\/www.ohis.be\/en\/wp-json\/wp\/v2\/product"}],"about":[{"href":"https:\/\/www.ohis.be\/en\/wp-json\/wp\/v2\/types\/product"}],"wp:featuredmedia":[{"embeddable":true,"href":"https:\/\/www.ohis.be\/en\/wp-json\/wp\/v2\/media\/39082"}],"wp:attachment":[{"href":"https:\/\/www.ohis.be\/en\/wp-json\/wp\/v2\/media?parent=39719"}],"wp:term":[{"taxonomy":"product_brand","embeddable":true,"href":"https:\/\/www.ohis.be\/en\/wp-json\/wp\/v2\/product_brand?post=39719"},{"taxonomy":"product_cat","embeddable":true,"href":"https:\/\/www.ohis.be\/en\/wp-json\/wp\/v2\/product_cat?post=39719"},{"taxonomy":"product_tag","embeddable":true,"href":"https:\/\/www.ohis.be\/en\/wp-json\/wp\/v2\/product_tag?post=39719"}],"curies":[{"name":"wp","href":"https:\/\/api.w.org\/{rel}","templated":true}]}}