{"id":39706,"date":"2023-10-12T20:24:06","date_gmt":"2023-10-12T18:24:06","guid":{"rendered":"https:\/\/www.ohis.be\/produit\/r6-off-road-tow-tug\/"},"modified":"2023-10-12T20:24:06","modified_gmt":"2023-10-12T18:24:06","slug":"r6-off-road-tow-tug","status":"publish","type":"product","link":"https:\/\/www.ohis.be\/en\/produit\/r6-off-road-tow-tug\/","title":{"rendered":"R6 &#8211; Off road tow tug"},"content":{"rendered":"<div class=\"descrizione text-lg mb-5\">\n<p><span data-sheets-value=\"{&quot;1&quot;:2,&quot;2&quot;:&quot;transporteur \u00e9lectrique 4 roues motrices&quot;}\" data-sheets-userformat=\"{&quot;2&quot;:513,&quot;3&quot;:{&quot;1&quot;:0},&quot;12&quot;:0}\">The Zallys R6 Off road tow tug is the ideal solution to eliminate manual handling of loads.<\/p>\n<ul>\n<li>for transport up to 800 kg<\/li>\n<li>for towing up to 6000 kg<\/li>\n<li>with pneumatic wheels for indoor and outdoor use<\/li>\n<li>button for 5-speed adjustment<\/li>\n<li>wide range of standard or customizable platforms on request<\/li>\n<\/ul>\n<p><strong>Accessories<\/strong>:<\/p>\n<\/div>\n<ul>\n<li>Platform 830 x 1750 x 185 mm<\/li>\n<li>Platform 830 x 1750 x 385 mm<\/li>\n<li>Complete fitting kit for platforms<\/li>\n<li>Mounting plate for hitches<\/li>\n<li>Drop pin hitch \u00d820 mm<\/li>\n<li>Drop pin hitch \u00d835 mm<\/li>\n<li>Drop pin hitch \u00d840 mm<\/li>\n<li>Ball\/pin hitch \u00d820-25<\/li>\n<li>Emergency stop<\/li>\n<li>Digital hour meter<\/li>\n<li>Key Pad on\/off<\/li>\n<\/ul>\n<p>Contact us for a demo of this machine at your premises.<\/p>\n","protected":false},"excerpt":{"rendered":"<div class=\"descrizione text-lg mb-5\">\n<p><span data-sheets-value=\"{&quot;1&quot;:2,&quot;2&quot;:&quot;transporteur \u00e9lectrique 4 roues motrices&quot;}\" data-sheets-userformat=\"{&quot;2&quot;:513,&quot;3&quot;:{&quot;1&quot;:0},&quot;12&quot;:0}\">The Zallys R6 Off road tow tug is the ideal solution to eliminate manual handling of loads.<\/p>\n<ul>\n<li>for transport up to 800 kg<\/li>\n<li>for towing up to 6000 kg<\/li>\n<li>with pneumatic wheels for indoor and outdoor use<\/li>\n<li>button for 5-speed adjustment<\/li>\n<li>wide range of standard or customizable platforms on request<\/li>\n<\/ul>\n<p><strong>Accessories<\/strong>:<\/p>\n<\/div>\n<ul>\n<li>Platform 830 x 1750 x 185 mm<\/li>\n<li>Platform 830 x 1750 x 385 mm<\/li>\n<li>Complete fitting kit for platforms<\/li>\n<li>Mounting plate for hitches<\/li>\n<li>Drop pin hitch \u00d820 mm<\/li>\n<li>Drop pin hitch \u00d835 mm<\/li>\n<li>Drop pin hitch \u00d840 mm<\/li>\n<li>Ball\/pin hitch \u00d820-25<\/li>\n<li>Emergency stop<\/li>\n<li>Digital hour meter<\/li>\n<li>Key Pad on\/off<\/li>\n<\/ul>\n<p>Contact us for a demo of this machine at your premises.<\/p>\n","protected":false},"featured_media":38950,"template":"","meta":{"_acf_changed":false,"inline_featured_image":false},"product_brand":[],"product_cat":[3854],"product_tag":[],"class_list":{"0":"post-39706","1":"product","2":"type-product","3":"status-publish","4":"has-post-thumbnail","6":"product_cat-transporters-and-wheelbarrows","7":"yith_product_brand-zallys-en","9":"first","10":"instock","11":"taxable","12":"shipping-taxable","13":"product-type-simple"},"acf":[],"yoast_head":"<!-- This site is optimized with the Yoast SEO plugin v27.2 - https:\/\/yoast.com\/product\/yoast-seo-wordpress\/ -->\n<title>R6 - Off road tow tug - Ohis<\/title>\n<meta name=\"robots\" content=\"index, follow, max-snippet:-1, max-image-preview:large, max-video-preview:-1\" \/>\n<link rel=\"canonical\" href=\"https:\/\/www.ohis.be\/en\/produit\/r6-off-road-tow-tug\/\" \/>\n<meta property=\"og:locale\" content=\"en_US\" \/>\n<meta property=\"og:type\" content=\"article\" \/>\n<meta property=\"og:title\" content=\"R6 - Off road tow tug - Ohis\" \/>\n<meta property=\"og:description\" content=\"The Zallys R6 Off road tow tug is the ideal solution to eliminate manual handling of loads.   for transport up to 800 kg  for towing up to 6000 kg  with pneumatic wheels for indoor and outdoor use  button for 5-speed adjustment  wide range of standard or customizable platforms on request  Accessories:     Platform 830 x 1750 x 185 mm  Platform 830 x 1750 x 385 mm  Complete fitting kit for platforms  Mounting plate for hitches  Drop pin hitch \u00d820 mm  Drop pin hitch \u00d835 mm  Drop pin hitch \u00d840 mm  Ball\/pin hitch \u00d820-25  Emergency stop  Digital hour meter  Key Pad on\/off  Contact us for a demo of this machine at your premises.\" \/>\n<meta property=\"og:url\" content=\"https:\/\/www.ohis.be\/en\/produit\/r6-off-road-tow-tug\/\" \/>\n<meta property=\"og:site_name\" content=\"Ohis\" \/>\n<meta property=\"og:image\" content=\"https:\/\/www.ohis.be\/wp-content\/uploads\/2023\/10\/R6-transporteur-electrique-4-roues-motrices.png\" \/>\n\t<meta property=\"og:image:width\" content=\"600\" \/>\n\t<meta property=\"og:image:height\" content=\"523\" \/>\n\t<meta property=\"og:image:type\" content=\"image\/png\" \/>\n<meta name=\"twitter:card\" content=\"summary_large_image\" \/>\n<meta name=\"twitter:label1\" content=\"Est. reading time\" \/>\n\t<meta name=\"twitter:data1\" content=\"1 minute\" \/>\n<script type=\"application\/ld+json\" class=\"yoast-schema-graph\">{\"@context\":\"https:\/\/schema.org\",\"@graph\":[{\"@type\":\"WebPage\",\"@id\":\"https:\/\/www.ohis.be\/en\/produit\/r6-off-road-tow-tug\/\",\"url\":\"https:\/\/www.ohis.be\/en\/produit\/r6-off-road-tow-tug\/\",\"name\":\"R6 - Off road tow tug - Ohis\",\"isPartOf\":{\"@id\":\"https:\/\/www.ohis.be\/#website\"},\"primaryImageOfPage\":{\"@id\":\"https:\/\/www.ohis.be\/en\/produit\/r6-off-road-tow-tug\/#primaryimage\"},\"image\":{\"@id\":\"https:\/\/www.ohis.be\/en\/produit\/r6-off-road-tow-tug\/#primaryimage\"},\"thumbnailUrl\":\"https:\/\/www.ohis.be\/wp-content\/uploads\/2023\/10\/R6-transporteur-electrique-4-roues-motrices.png\",\"datePublished\":\"2023-10-12T18:24:06+00:00\",\"breadcrumb\":{\"@id\":\"https:\/\/www.ohis.be\/en\/produit\/r6-off-road-tow-tug\/#breadcrumb\"},\"inLanguage\":\"en-US\",\"potentialAction\":[{\"@type\":\"ReadAction\",\"target\":[\"https:\/\/www.ohis.be\/en\/produit\/r6-off-road-tow-tug\/\"]}]},{\"@type\":\"ImageObject\",\"inLanguage\":\"en-US\",\"@id\":\"https:\/\/www.ohis.be\/en\/produit\/r6-off-road-tow-tug\/#primaryimage\",\"url\":\"https:\/\/www.ohis.be\/wp-content\/uploads\/2023\/10\/R6-transporteur-electrique-4-roues-motrices.png\",\"contentUrl\":\"https:\/\/www.ohis.be\/wp-content\/uploads\/2023\/10\/R6-transporteur-electrique-4-roues-motrices.png\",\"width\":600,\"height\":523},{\"@type\":\"BreadcrumbList\",\"@id\":\"https:\/\/www.ohis.be\/en\/produit\/r6-off-road-tow-tug\/#breadcrumb\",\"itemListElement\":[{\"@type\":\"ListItem\",\"position\":1,\"name\":\"Accueil\",\"item\":\"https:\/\/www.ohis.be\/de\/\"},{\"@type\":\"ListItem\",\"position\":2,\"name\":\"Products\",\"item\":\"https:\/\/www.ohis.be\/en\/products\/\"},{\"@type\":\"ListItem\",\"position\":3,\"name\":\"R6 &#8211; Off road tow tug\"}]},{\"@type\":\"WebSite\",\"@id\":\"https:\/\/www.ohis.be\/#website\",\"url\":\"https:\/\/www.ohis.be\/\",\"name\":\"Ohis\",\"description\":\"Outils de levage\",\"publisher\":{\"@id\":\"https:\/\/www.ohis.be\/#organization\"},\"potentialAction\":[{\"@type\":\"SearchAction\",\"target\":{\"@type\":\"EntryPoint\",\"urlTemplate\":\"https:\/\/www.ohis.be\/?s={search_term_string}\"},\"query-input\":{\"@type\":\"PropertyValueSpecification\",\"valueRequired\":true,\"valueName\":\"search_term_string\"}}],\"inLanguage\":\"en-US\"},{\"@type\":\"Organization\",\"@id\":\"https:\/\/www.ohis.be\/#organization\",\"name\":\"Ohis\",\"url\":\"https:\/\/www.ohis.be\/\",\"logo\":{\"@type\":\"ImageObject\",\"inLanguage\":\"en-US\",\"@id\":\"https:\/\/www.ohis.be\/#\/schema\/logo\/image\/\",\"url\":\"https:\/\/www.ohis.be\/wp-content\/uploads\/2021\/02\/logo-ohis-wit.svg\",\"contentUrl\":\"https:\/\/www.ohis.be\/wp-content\/uploads\/2021\/02\/logo-ohis-wit.svg\",\"width\":169,\"height\":39,\"caption\":\"Ohis\"},\"image\":{\"@id\":\"https:\/\/www.ohis.be\/#\/schema\/logo\/image\/\"}}]}<\/script>\n<!-- \/ Yoast SEO plugin. -->","yoast_head_json":{"title":"R6 - Off road tow tug - Ohis","robots":{"index":"index","follow":"follow","max-snippet":"max-snippet:-1","max-image-preview":"max-image-preview:large","max-video-preview":"max-video-preview:-1"},"canonical":"https:\/\/www.ohis.be\/en\/produit\/r6-off-road-tow-tug\/","og_locale":"en_US","og_type":"article","og_title":"R6 - Off road tow tug - Ohis","og_description":"The Zallys R6 Off road tow tug is the ideal solution to eliminate manual handling of loads.   for transport up to 800 kg  for towing up to 6000 kg  with pneumatic wheels for indoor and outdoor use  button for 5-speed adjustment  wide range of standard or customizable platforms on request  Accessories:     Platform 830 x 1750 x 185 mm  Platform 830 x 1750 x 385 mm  Complete fitting kit for platforms  Mounting plate for hitches  Drop pin hitch \u00d820 mm  Drop pin hitch \u00d835 mm  Drop pin hitch \u00d840 mm  Ball\/pin hitch \u00d820-25  Emergency stop  Digital hour meter  Key Pad on\/off  Contact us for a demo of this machine at your premises.","og_url":"https:\/\/www.ohis.be\/en\/produit\/r6-off-road-tow-tug\/","og_site_name":"Ohis","og_image":[{"width":600,"height":523,"url":"https:\/\/www.ohis.be\/wp-content\/uploads\/2023\/10\/R6-transporteur-electrique-4-roues-motrices.png","type":"image\/png"}],"twitter_card":"summary_large_image","twitter_misc":{"Est. reading time":"1 minute"},"schema":{"@context":"https:\/\/schema.org","@graph":[{"@type":"WebPage","@id":"https:\/\/www.ohis.be\/en\/produit\/r6-off-road-tow-tug\/","url":"https:\/\/www.ohis.be\/en\/produit\/r6-off-road-tow-tug\/","name":"R6 - Off road tow tug - Ohis","isPartOf":{"@id":"https:\/\/www.ohis.be\/#website"},"primaryImageOfPage":{"@id":"https:\/\/www.ohis.be\/en\/produit\/r6-off-road-tow-tug\/#primaryimage"},"image":{"@id":"https:\/\/www.ohis.be\/en\/produit\/r6-off-road-tow-tug\/#primaryimage"},"thumbnailUrl":"https:\/\/www.ohis.be\/wp-content\/uploads\/2023\/10\/R6-transporteur-electrique-4-roues-motrices.png","datePublished":"2023-10-12T18:24:06+00:00","breadcrumb":{"@id":"https:\/\/www.ohis.be\/en\/produit\/r6-off-road-tow-tug\/#breadcrumb"},"inLanguage":"en-US","potentialAction":[{"@type":"ReadAction","target":["https:\/\/www.ohis.be\/en\/produit\/r6-off-road-tow-tug\/"]}]},{"@type":"ImageObject","inLanguage":"en-US","@id":"https:\/\/www.ohis.be\/en\/produit\/r6-off-road-tow-tug\/#primaryimage","url":"https:\/\/www.ohis.be\/wp-content\/uploads\/2023\/10\/R6-transporteur-electrique-4-roues-motrices.png","contentUrl":"https:\/\/www.ohis.be\/wp-content\/uploads\/2023\/10\/R6-transporteur-electrique-4-roues-motrices.png","width":600,"height":523},{"@type":"BreadcrumbList","@id":"https:\/\/www.ohis.be\/en\/produit\/r6-off-road-tow-tug\/#breadcrumb","itemListElement":[{"@type":"ListItem","position":1,"name":"Accueil","item":"https:\/\/www.ohis.be\/de\/"},{"@type":"ListItem","position":2,"name":"Products","item":"https:\/\/www.ohis.be\/en\/products\/"},{"@type":"ListItem","position":3,"name":"R6 &#8211; Off road tow tug"}]},{"@type":"WebSite","@id":"https:\/\/www.ohis.be\/#website","url":"https:\/\/www.ohis.be\/","name":"Ohis","description":"Outils de levage","publisher":{"@id":"https:\/\/www.ohis.be\/#organization"},"potentialAction":[{"@type":"SearchAction","target":{"@type":"EntryPoint","urlTemplate":"https:\/\/www.ohis.be\/?s={search_term_string}"},"query-input":{"@type":"PropertyValueSpecification","valueRequired":true,"valueName":"search_term_string"}}],"inLanguage":"en-US"},{"@type":"Organization","@id":"https:\/\/www.ohis.be\/#organization","name":"Ohis","url":"https:\/\/www.ohis.be\/","logo":{"@type":"ImageObject","inLanguage":"en-US","@id":"https:\/\/www.ohis.be\/#\/schema\/logo\/image\/","url":"https:\/\/www.ohis.be\/wp-content\/uploads\/2021\/02\/logo-ohis-wit.svg","contentUrl":"https:\/\/www.ohis.be\/wp-content\/uploads\/2021\/02\/logo-ohis-wit.svg","width":169,"height":39,"caption":"Ohis"},"image":{"@id":"https:\/\/www.ohis.be\/#\/schema\/logo\/image\/"}}]}},"_links":{"self":[{"href":"https:\/\/www.ohis.be\/en\/wp-json\/wp\/v2\/product\/39706","targetHints":{"allow":["GET"]}}],"collection":[{"href":"https:\/\/www.ohis.be\/en\/wp-json\/wp\/v2\/product"}],"about":[{"href":"https:\/\/www.ohis.be\/en\/wp-json\/wp\/v2\/types\/product"}],"wp:featuredmedia":[{"embeddable":true,"href":"https:\/\/www.ohis.be\/en\/wp-json\/wp\/v2\/media\/38950"}],"wp:attachment":[{"href":"https:\/\/www.ohis.be\/en\/wp-json\/wp\/v2\/media?parent=39706"}],"wp:term":[{"taxonomy":"product_brand","embeddable":true,"href":"https:\/\/www.ohis.be\/en\/wp-json\/wp\/v2\/product_brand?post=39706"},{"taxonomy":"product_cat","embeddable":true,"href":"https:\/\/www.ohis.be\/en\/wp-json\/wp\/v2\/product_cat?post=39706"},{"taxonomy":"product_tag","embeddable":true,"href":"https:\/\/www.ohis.be\/en\/wp-json\/wp\/v2\/product_tag?post=39706"}],"curies":[{"name":"wp","href":"https:\/\/api.w.org\/{rel}","templated":true}]}}