{"id":39680,"date":"2023-10-10T15:26:29","date_gmt":"2023-10-10T13:26:29","guid":{"rendered":"https:\/\/www.ohis.be\/produit\/m10-tow-tug-for-heavy-load\/"},"modified":"2023-10-16T13:45:39","modified_gmt":"2023-10-16T11:45:39","slug":"m10-tow-tug-for-heavy-load","status":"publish","type":"product","link":"https:\/\/www.ohis.be\/en\/produit\/m10-tow-tug-for-heavy-load\/","title":{"rendered":"M10 &#8211; Tow tug for heavy load"},"content":{"rendered":"<div class=\"descrizione text-lg mb-5\">\n<p>The industrial electric tow tractor Zallys M10 is the ideal solution for eliminating manual handling of heavy loads.<\/p>\n<ul>\n<li>for loads up to 10,000 kg (15,000 kg with upgrade)<\/li>\n<li>Atex and IECEx certification available for use in potentially explosive environments<\/li>\n<li>versatile and compact<\/li>\n<li>with pneumatic wheels for indoor and outdoor use<\/li>\n<li>button for 5-speed adjustment<\/li>\n<li>kit for speed reduction when steering (optional)<\/li>\n<li>wide range of standard hitches, including hydraulic, or custom couplings on demand<\/li>\n<\/ul>\n<p>Accessories:<\/p>\n<ul>\n<li>MAX 16 pcs. &#8211; 17 kg back ballast<\/li>\n<li>Fitting kit for back ballasts<\/li>\n<li>MAX 20 pcs. &#8211; 22 kg side ballast<\/li>\n<li>Ballasts fitting kit<\/li>\n<li>Mounting plate for hitches<\/li>\n<li>Ball\/pin hitch \u00d820-25<\/li>\n<li>Drop pin hitch \u00d835 mm<\/li>\n<li>Drop pin hitch \u00d840 mm<\/li>\n<li>Drop pin hitch \u00d850 mm<\/li>\n<li>Pushing block<\/li>\n<li>Hitch with hydraulic lifting system<\/li>\n<li>Configuration kit for hydraulic hitch<\/li>\n<li>Manual pump with 1,2 lt. tank<\/li>\n<li>Fitting kit for hydraulic pump on M series<\/li>\n<li>Hydraulic tilting arm<\/li>\n<li>Reinforced hydraulic clamp hitch<\/li>\n<li>Telescopic pole mounted flashing beacon<\/li>\n<li>Forward\/reverse side switches<\/li>\n<li>Emergency stop<\/li>\n<li>Digital hour meter<\/li>\n<li>Key Pad on\/off<\/li>\n<li>Traction wheels guard<\/li>\n<li>Guard for direction wheels<\/li>\n<\/ul>\n<p>&nbsp;<\/p>\n<\/div>\n<p>Contact us for a demo of this machine on your premises.<\/p>\n","protected":false},"excerpt":{"rendered":"<p>The industrial electric tow tractor Zallys M10 is the ideal solution for eliminating manual handling of heavy loads.<\/p>\n<p>for loads up to 10,000 kg (15,000 kg with upgrade)<br \/>\nAtex and IECEx certification available for use in potentially explosive environments<br \/>\nversatile and compact<br \/>\nwith pneumatic wheels for indoor and outdoor use<br \/>\nbutton for 5-speed adjustment<br \/>\nkit for speed reduction when steering (optional)<br \/>\nwide range of standard hitches, including hydraulic, or custom couplings on demand<\/p>\n<p>Accessories:<\/p>\n<p>MAX 16 pcs. &#8211; 17 kg back ballast<br \/>\nFitting kit for back ballasts<br \/>\nMAX 20 pcs. &#8211; 22 kg side ballast<br \/>\nBallasts fitting kit<br \/>\nMounting plate for hitches<br \/>\nBall\/pin hitch \u00d820-25<br \/>\nDrop pin hitch \u00d835 mm<br \/>\nDrop pin hitch \u00d840 mm<br \/>\nDrop pin hitch \u00d850 mm<br \/>\nPushing block<br \/>\nHitch with hydraulic lifting system<br \/>\nConfiguration kit for hydraulic hitch<br \/>\nManual pump with 1,2 lt. tank<br \/>\nFitting kit for hydraulic pump on M series<br \/>\nHydraulic tilting arm<br \/>\nReinforced hydraulic clamp hitch<br \/>\nTelescopic pole mounted flashing beacon<br \/>\nForward\/reverse side switches<br \/>\nEmergency stop<br \/>\nDigital hour meter<br \/>\nKey Pad on\/off<br \/>\nTraction wheels guard<br \/>\nGuard for direction wheels<\/p>\n<p>Contact us for a demo of this machine on your premises.<\/p>\n","protected":false},"featured_media":38283,"template":"","meta":{"_acf_changed":false,"inline_featured_image":false},"product_brand":[],"product_cat":[3852],"product_tag":[],"class_list":{"0":"post-39680","1":"product","2":"type-product","3":"status-publish","4":"has-post-thumbnail","6":"product_cat-tow-tugs","7":"yith_product_brand-zallys-en","9":"first","10":"instock","11":"taxable","12":"shipping-taxable","13":"product-type-simple"},"acf":[],"yoast_head":"<!-- This site is optimized with the Yoast SEO plugin v27.4 - https:\/\/yoast.com\/product\/yoast-seo-wordpress\/ -->\n<title>M10 - Tow tug for heavy load - Ohis<\/title>\n<meta name=\"robots\" content=\"index, follow, max-snippet:-1, max-image-preview:large, max-video-preview:-1\" \/>\n<link rel=\"canonical\" href=\"https:\/\/www.ohis.be\/en\/produit\/m10-tow-tug-for-heavy-load\/\" \/>\n<meta property=\"og:locale\" content=\"en_US\" \/>\n<meta property=\"og:type\" content=\"article\" \/>\n<meta property=\"og:title\" content=\"M10 - Tow tug for heavy load - Ohis\" \/>\n<meta property=\"og:description\" content=\"The industrial electric tow tractor Zallys M10 is the ideal solution for eliminating manual handling of heavy loads.  for loads up to 10,000 kg (15,000 kg with upgrade) Atex and IECEx certification available for use in potentially explosive environments versatile and compact with pneumatic wheels for indoor and outdoor use button for 5-speed adjustment kit for speed reduction when steering (optional) wide range of standard hitches, including hydraulic, or custom couplings on demand  Accessories:  MAX 16 pcs. - 17 kg back ballast Fitting kit for back ballasts MAX 20 pcs. - 22 kg side ballast Ballasts fitting kit Mounting plate for hitches Ball\/pin hitch \u00d820-25 Drop pin hitch \u00d835 mm Drop pin hitch \u00d840 mm Drop pin hitch \u00d850 mm Pushing block Hitch with hydraulic lifting system Configuration kit for hydraulic hitch Manual pump with 1,2 lt. tank Fitting kit for hydraulic pump on M series Hydraulic tilting arm Reinforced hydraulic clamp hitch Telescopic pole mounted flashing beacon Forward\/reverse side switches Emergency stop Digital hour meter Key Pad on\/off Traction wheels guard Guard for direction wheels  Contact us for a demo of this machine on your premises.\" \/>\n<meta property=\"og:url\" content=\"https:\/\/www.ohis.be\/en\/produit\/m10-tow-tug-for-heavy-load\/\" \/>\n<meta property=\"og:site_name\" content=\"Ohis\" \/>\n<meta property=\"article:modified_time\" content=\"2023-10-16T11:45:39+00:00\" \/>\n<meta property=\"og:image\" content=\"https:\/\/www.ohis.be\/wp-content\/uploads\/2023\/10\/M10-Tireur-pousseur-electrique.jpg\" \/>\n\t<meta property=\"og:image:width\" content=\"600\" \/>\n\t<meta property=\"og:image:height\" content=\"600\" \/>\n\t<meta property=\"og:image:type\" content=\"image\/jpeg\" \/>\n<meta name=\"twitter:card\" content=\"summary_large_image\" \/>\n<meta name=\"twitter:label1\" content=\"Est. reading time\" \/>\n\t<meta name=\"twitter:data1\" content=\"1 minute\" \/>\n<script type=\"application\/ld+json\" class=\"yoast-schema-graph\">{\"@context\":\"https:\\\/\\\/schema.org\",\"@graph\":[{\"@type\":\"WebPage\",\"@id\":\"https:\\\/\\\/www.ohis.be\\\/en\\\/produit\\\/m10-tow-tug-for-heavy-load\\\/\",\"url\":\"https:\\\/\\\/www.ohis.be\\\/en\\\/produit\\\/m10-tow-tug-for-heavy-load\\\/\",\"name\":\"M10 - Tow tug for heavy load - Ohis\",\"isPartOf\":{\"@id\":\"https:\\\/\\\/www.ohis.be\\\/#website\"},\"primaryImageOfPage\":{\"@id\":\"https:\\\/\\\/www.ohis.be\\\/en\\\/produit\\\/m10-tow-tug-for-heavy-load\\\/#primaryimage\"},\"image\":{\"@id\":\"https:\\\/\\\/www.ohis.be\\\/en\\\/produit\\\/m10-tow-tug-for-heavy-load\\\/#primaryimage\"},\"thumbnailUrl\":\"https:\\\/\\\/www.ohis.be\\\/wp-content\\\/uploads\\\/2023\\\/10\\\/M10-Tireur-pousseur-electrique.jpg\",\"datePublished\":\"2023-10-10T13:26:29+00:00\",\"dateModified\":\"2023-10-16T11:45:39+00:00\",\"breadcrumb\":{\"@id\":\"https:\\\/\\\/www.ohis.be\\\/en\\\/produit\\\/m10-tow-tug-for-heavy-load\\\/#breadcrumb\"},\"inLanguage\":\"en-US\",\"potentialAction\":[{\"@type\":\"ReadAction\",\"target\":[\"https:\\\/\\\/www.ohis.be\\\/en\\\/produit\\\/m10-tow-tug-for-heavy-load\\\/\"]}]},{\"@type\":\"ImageObject\",\"inLanguage\":\"en-US\",\"@id\":\"https:\\\/\\\/www.ohis.be\\\/en\\\/produit\\\/m10-tow-tug-for-heavy-load\\\/#primaryimage\",\"url\":\"https:\\\/\\\/www.ohis.be\\\/wp-content\\\/uploads\\\/2023\\\/10\\\/M10-Tireur-pousseur-electrique.jpg\",\"contentUrl\":\"https:\\\/\\\/www.ohis.be\\\/wp-content\\\/uploads\\\/2023\\\/10\\\/M10-Tireur-pousseur-electrique.jpg\",\"width\":600,\"height\":600,\"caption\":\"M10 - Tow tug for heavy load\"},{\"@type\":\"BreadcrumbList\",\"@id\":\"https:\\\/\\\/www.ohis.be\\\/en\\\/produit\\\/m10-tow-tug-for-heavy-load\\\/#breadcrumb\",\"itemListElement\":[{\"@type\":\"ListItem\",\"position\":1,\"name\":\"Accueil\",\"item\":\"https:\\\/\\\/www.ohis.be\\\/de\\\/\"},{\"@type\":\"ListItem\",\"position\":2,\"name\":\"Products\",\"item\":\"https:\\\/\\\/www.ohis.be\\\/en\\\/products\\\/\"},{\"@type\":\"ListItem\",\"position\":3,\"name\":\"M10 &#8211; Tow tug for heavy load\"}]},{\"@type\":\"WebSite\",\"@id\":\"https:\\\/\\\/www.ohis.be\\\/#website\",\"url\":\"https:\\\/\\\/www.ohis.be\\\/\",\"name\":\"Ohis\",\"description\":\"Outils de levage\",\"publisher\":{\"@id\":\"https:\\\/\\\/www.ohis.be\\\/#organization\"},\"potentialAction\":[{\"@type\":\"SearchAction\",\"target\":{\"@type\":\"EntryPoint\",\"urlTemplate\":\"https:\\\/\\\/www.ohis.be\\\/?s={search_term_string}\"},\"query-input\":{\"@type\":\"PropertyValueSpecification\",\"valueRequired\":true,\"valueName\":\"search_term_string\"}}],\"inLanguage\":\"en-US\"},{\"@type\":\"Organization\",\"@id\":\"https:\\\/\\\/www.ohis.be\\\/#organization\",\"name\":\"Ohis\",\"url\":\"https:\\\/\\\/www.ohis.be\\\/\",\"logo\":{\"@type\":\"ImageObject\",\"inLanguage\":\"en-US\",\"@id\":\"https:\\\/\\\/www.ohis.be\\\/#\\\/schema\\\/logo\\\/image\\\/\",\"url\":\"https:\\\/\\\/www.ohis.be\\\/wp-content\\\/uploads\\\/2021\\\/02\\\/logo-ohis-wit.svg\",\"contentUrl\":\"https:\\\/\\\/www.ohis.be\\\/wp-content\\\/uploads\\\/2021\\\/02\\\/logo-ohis-wit.svg\",\"caption\":\"Ohis\"},\"image\":{\"@id\":\"https:\\\/\\\/www.ohis.be\\\/#\\\/schema\\\/logo\\\/image\\\/\"}}]}<\/script>\n<!-- \/ Yoast SEO plugin. -->","yoast_head_json":{"title":"M10 - Tow tug for heavy load - Ohis","robots":{"index":"index","follow":"follow","max-snippet":"max-snippet:-1","max-image-preview":"max-image-preview:large","max-video-preview":"max-video-preview:-1"},"canonical":"https:\/\/www.ohis.be\/en\/produit\/m10-tow-tug-for-heavy-load\/","og_locale":"en_US","og_type":"article","og_title":"M10 - Tow tug for heavy load - Ohis","og_description":"The industrial electric tow tractor Zallys M10 is the ideal solution for eliminating manual handling of heavy loads.  for loads up to 10,000 kg (15,000 kg with upgrade) Atex and IECEx certification available for use in potentially explosive environments versatile and compact with pneumatic wheels for indoor and outdoor use button for 5-speed adjustment kit for speed reduction when steering (optional) wide range of standard hitches, including hydraulic, or custom couplings on demand  Accessories:  MAX 16 pcs. - 17 kg back ballast Fitting kit for back ballasts MAX 20 pcs. - 22 kg side ballast Ballasts fitting kit Mounting plate for hitches Ball\/pin hitch \u00d820-25 Drop pin hitch \u00d835 mm Drop pin hitch \u00d840 mm Drop pin hitch \u00d850 mm Pushing block Hitch with hydraulic lifting system Configuration kit for hydraulic hitch Manual pump with 1,2 lt. tank Fitting kit for hydraulic pump on M series Hydraulic tilting arm Reinforced hydraulic clamp hitch Telescopic pole mounted flashing beacon Forward\/reverse side switches Emergency stop Digital hour meter Key Pad on\/off Traction wheels guard Guard for direction wheels  Contact us for a demo of this machine on your premises.","og_url":"https:\/\/www.ohis.be\/en\/produit\/m10-tow-tug-for-heavy-load\/","og_site_name":"Ohis","article_modified_time":"2023-10-16T11:45:39+00:00","og_image":[{"width":600,"height":600,"url":"https:\/\/www.ohis.be\/wp-content\/uploads\/2023\/10\/M10-Tireur-pousseur-electrique.jpg","type":"image\/jpeg"}],"twitter_card":"summary_large_image","twitter_misc":{"Est. reading time":"1 minute"},"schema":{"@context":"https:\/\/schema.org","@graph":[{"@type":"WebPage","@id":"https:\/\/www.ohis.be\/en\/produit\/m10-tow-tug-for-heavy-load\/","url":"https:\/\/www.ohis.be\/en\/produit\/m10-tow-tug-for-heavy-load\/","name":"M10 - Tow tug for heavy load - Ohis","isPartOf":{"@id":"https:\/\/www.ohis.be\/#website"},"primaryImageOfPage":{"@id":"https:\/\/www.ohis.be\/en\/produit\/m10-tow-tug-for-heavy-load\/#primaryimage"},"image":{"@id":"https:\/\/www.ohis.be\/en\/produit\/m10-tow-tug-for-heavy-load\/#primaryimage"},"thumbnailUrl":"https:\/\/www.ohis.be\/wp-content\/uploads\/2023\/10\/M10-Tireur-pousseur-electrique.jpg","datePublished":"2023-10-10T13:26:29+00:00","dateModified":"2023-10-16T11:45:39+00:00","breadcrumb":{"@id":"https:\/\/www.ohis.be\/en\/produit\/m10-tow-tug-for-heavy-load\/#breadcrumb"},"inLanguage":"en-US","potentialAction":[{"@type":"ReadAction","target":["https:\/\/www.ohis.be\/en\/produit\/m10-tow-tug-for-heavy-load\/"]}]},{"@type":"ImageObject","inLanguage":"en-US","@id":"https:\/\/www.ohis.be\/en\/produit\/m10-tow-tug-for-heavy-load\/#primaryimage","url":"https:\/\/www.ohis.be\/wp-content\/uploads\/2023\/10\/M10-Tireur-pousseur-electrique.jpg","contentUrl":"https:\/\/www.ohis.be\/wp-content\/uploads\/2023\/10\/M10-Tireur-pousseur-electrique.jpg","width":600,"height":600,"caption":"M10 - Tow tug for heavy load"},{"@type":"BreadcrumbList","@id":"https:\/\/www.ohis.be\/en\/produit\/m10-tow-tug-for-heavy-load\/#breadcrumb","itemListElement":[{"@type":"ListItem","position":1,"name":"Accueil","item":"https:\/\/www.ohis.be\/de\/"},{"@type":"ListItem","position":2,"name":"Products","item":"https:\/\/www.ohis.be\/en\/products\/"},{"@type":"ListItem","position":3,"name":"M10 &#8211; Tow tug for heavy load"}]},{"@type":"WebSite","@id":"https:\/\/www.ohis.be\/#website","url":"https:\/\/www.ohis.be\/","name":"Ohis","description":"Outils de levage","publisher":{"@id":"https:\/\/www.ohis.be\/#organization"},"potentialAction":[{"@type":"SearchAction","target":{"@type":"EntryPoint","urlTemplate":"https:\/\/www.ohis.be\/?s={search_term_string}"},"query-input":{"@type":"PropertyValueSpecification","valueRequired":true,"valueName":"search_term_string"}}],"inLanguage":"en-US"},{"@type":"Organization","@id":"https:\/\/www.ohis.be\/#organization","name":"Ohis","url":"https:\/\/www.ohis.be\/","logo":{"@type":"ImageObject","inLanguage":"en-US","@id":"https:\/\/www.ohis.be\/#\/schema\/logo\/image\/","url":"https:\/\/www.ohis.be\/wp-content\/uploads\/2021\/02\/logo-ohis-wit.svg","contentUrl":"https:\/\/www.ohis.be\/wp-content\/uploads\/2021\/02\/logo-ohis-wit.svg","caption":"Ohis"},"image":{"@id":"https:\/\/www.ohis.be\/#\/schema\/logo\/image\/"}}]}},"_links":{"self":[{"href":"https:\/\/www.ohis.be\/en\/wp-json\/wp\/v2\/product\/39680","targetHints":{"allow":["GET"]}}],"collection":[{"href":"https:\/\/www.ohis.be\/en\/wp-json\/wp\/v2\/product"}],"about":[{"href":"https:\/\/www.ohis.be\/en\/wp-json\/wp\/v2\/types\/product"}],"wp:featuredmedia":[{"embeddable":true,"href":"https:\/\/www.ohis.be\/en\/wp-json\/wp\/v2\/media\/38283"}],"wp:attachment":[{"href":"https:\/\/www.ohis.be\/en\/wp-json\/wp\/v2\/media?parent=39680"}],"wp:term":[{"taxonomy":"product_brand","embeddable":true,"href":"https:\/\/www.ohis.be\/en\/wp-json\/wp\/v2\/product_brand?post=39680"},{"taxonomy":"product_cat","embeddable":true,"href":"https:\/\/www.ohis.be\/en\/wp-json\/wp\/v2\/product_cat?post=39680"},{"taxonomy":"product_tag","embeddable":true,"href":"https:\/\/www.ohis.be\/en\/wp-json\/wp\/v2\/product_tag?post=39680"}],"curies":[{"name":"wp","href":"https:\/\/api.w.org\/{rel}","templated":true}]}}