{"id":39659,"date":"2023-10-12T20:20:04","date_gmt":"2023-10-12T18:20:04","guid":{"rendered":"https:\/\/www.ohis.be\/produit\/jack-l-sit-on-tugger\/"},"modified":"2023-10-24T14:44:59","modified_gmt":"2023-10-24T12:44:59","slug":"jack-l-sit-on-tugger","status":"publish","type":"product","link":"https:\/\/www.ohis.be\/en\/produit\/jack-l-sit-on-tugger\/","title":{"rendered":"JACK L &#8211; Sit on tugger"},"content":{"rendered":"<div class=\"descrizione text-lg mb-5\">\n<p>The Zallys Jack L 1200W 1\/22 electric stock chaser is the ideal solution to eliminate manual handling of loads and speed up movement.<\/p>\n<ul>\n<li>for loads up to 500 kg<\/li>\n<li>can tow up to 1500 kg<\/li>\n<li>versatile and compact<\/li>\n<li>with pneumatic wheels for indoor and outdoor use<\/li>\n<li>optional button for 2-speed adjustment<\/li>\n<li>wide range of standard accessories or customizable on request<\/li>\n<\/ul>\n<p><strong>Accessories:<\/strong><\/p>\n<\/div>\n<ul>\n<li>MAX 6 pcs. &#8211; 3,5 kg ballasts<\/li>\n<li>Mounting plate for hitches<\/li>\n<li>Drop pin hitch \u00d816 mm<\/li>\n<li>Ball\/pin hitch \u00d820-25<\/li>\n<li>Drop pin hitch \u00d820 mm<\/li>\n<li>Drop pin hitch \u00d835 mm<\/li>\n<li>Drop pin hitch \u00d840 mm<\/li>\n<li>Coupling ball for trailers<\/li>\n<li>Plateform 830 x 1250 x 185 mm<\/li>\n<li>Fitting kit for platforms<\/li>\n<li>Telescopic pole mounted flashing beacon<\/li>\n<li>Handlebar basket<\/li>\n<li>Basket with ON\/OFF keypad<\/li>\n<li>Front bumper kit<\/li>\n<\/ul>\n<p>Contact us for a demo of this machine on your premises.<\/p>\n","protected":false},"excerpt":{"rendered":"<div class=\"descrizione text-lg mb-5\">\n<p>The Zallys Jack L 1200W 1\/22 electric stock chaser is the ideal solution to eliminate manual handling of loads and speed up movement.<\/p>\n<ul>\n<li>for loads up to 500 kg<\/li>\n<li>can tow up to 1500 kg<\/li>\n<li>versatile and compact<\/li>\n<li>with pneumatic wheels for indoor and outdoor use<\/li>\n<li>optional button for 2-speed adjustment<\/li>\n<li>wide range of standard accessories or customizable on request<\/li>\n<\/ul>\n<p><strong>Accessories:<\/strong><\/p>\n<\/div>\n<ul>\n<li>MAX 6 pcs. &#8211; 3,5 kg ballasts<\/li>\n<li>Mounting plate for hitches<\/li>\n<li>Drop pin hitch \u00d816 mm<\/li>\n<li>Ball\/pin hitch \u00d820-25<\/li>\n<li>Drop pin hitch \u00d820 mm<\/li>\n<li>Drop pin hitch \u00d835 mm<\/li>\n<li>Drop pin hitch \u00d840 mm<\/li>\n<li>Coupling ball for trailers<\/li>\n<li>Plateform 830 x 1250 x 185 mm<\/li>\n<li>Fitting kit for platforms<\/li>\n<li>Telescopic pole mounted flashing beacon<\/li>\n<li>Handlebar basket<\/li>\n<li>Basket with ON\/OFF keypad<\/li>\n<li>Front bumper kit<\/li>\n<\/ul>\n<p>Contact us for a demo of this machine on your premises.<\/p>\n","protected":false},"featured_media":39263,"template":"","meta":{"_acf_changed":false,"inline_featured_image":false},"product_brand":[],"product_cat":[3843],"product_tag":[],"class_list":{"0":"post-39659","1":"product","2":"type-product","3":"status-publish","4":"has-post-thumbnail","6":"product_cat-man-on-board-electric-vehicles","7":"yith_product_brand-zallys-en","9":"first","10":"instock","11":"taxable","12":"shipping-taxable","13":"product-type-simple"},"acf":[],"yoast_head":"<!-- This site is optimized with the Yoast SEO plugin v27.4 - https:\/\/yoast.com\/product\/yoast-seo-wordpress\/ -->\n<title>JACK L - Sit on tugger - Ohis<\/title>\n<meta name=\"robots\" content=\"index, follow, max-snippet:-1, max-image-preview:large, max-video-preview:-1\" \/>\n<link rel=\"canonical\" href=\"https:\/\/www.ohis.be\/en\/produit\/jack-l-sit-on-tugger\/\" \/>\n<meta property=\"og:locale\" content=\"en_US\" \/>\n<meta property=\"og:type\" content=\"article\" \/>\n<meta property=\"og:title\" content=\"JACK L - Sit on tugger - Ohis\" \/>\n<meta property=\"og:description\" content=\"The Zallys Jack L 1200W 1\/22 electric stock chaser is the ideal solution to eliminate manual handling of loads and speed up movement.   for loads up to 500 kg  can tow up to 1500 kg  versatile and compact  with pneumatic wheels for indoor and outdoor use  optional button for 2-speed adjustment  wide range of standard accessories or customizable on request  Accessories:     MAX 6 pcs. - 3,5 kg ballasts  Mounting plate for hitches  Drop pin hitch \u00d816 mm  Ball\/pin hitch \u00d820-25  Drop pin hitch \u00d820 mm  Drop pin hitch \u00d835 mm  Drop pin hitch \u00d840 mm  Coupling ball for trailers  Plateform 830 x 1250 x 185 mm  Fitting kit for platforms  Telescopic pole mounted flashing beacon  Handlebar basket  Basket with ON\/OFF keypad  Front bumper kit  Contact us for a demo of this machine on your premises.\" \/>\n<meta property=\"og:url\" content=\"https:\/\/www.ohis.be\/en\/produit\/jack-l-sit-on-tugger\/\" \/>\n<meta property=\"og:site_name\" content=\"Ohis\" \/>\n<meta property=\"article:modified_time\" content=\"2023-10-24T12:44:59+00:00\" \/>\n<meta property=\"og:image\" content=\"https:\/\/www.ohis.be\/wp-content\/uploads\/2023\/10\/JACK-L-chariot-tracteur-homme-a-bord.jpg\" \/>\n\t<meta property=\"og:image:width\" content=\"600\" \/>\n\t<meta property=\"og:image:height\" content=\"428\" \/>\n\t<meta property=\"og:image:type\" content=\"image\/jpeg\" \/>\n<meta name=\"twitter:card\" content=\"summary_large_image\" \/>\n<meta name=\"twitter:label1\" content=\"Est. reading time\" \/>\n\t<meta name=\"twitter:data1\" content=\"1 minute\" \/>\n<script type=\"application\/ld+json\" class=\"yoast-schema-graph\">{\"@context\":\"https:\\\/\\\/schema.org\",\"@graph\":[{\"@type\":\"WebPage\",\"@id\":\"https:\\\/\\\/www.ohis.be\\\/en\\\/produit\\\/jack-l-sit-on-tugger\\\/\",\"url\":\"https:\\\/\\\/www.ohis.be\\\/en\\\/produit\\\/jack-l-sit-on-tugger\\\/\",\"name\":\"JACK L - Sit on tugger - Ohis\",\"isPartOf\":{\"@id\":\"https:\\\/\\\/www.ohis.be\\\/#website\"},\"primaryImageOfPage\":{\"@id\":\"https:\\\/\\\/www.ohis.be\\\/en\\\/produit\\\/jack-l-sit-on-tugger\\\/#primaryimage\"},\"image\":{\"@id\":\"https:\\\/\\\/www.ohis.be\\\/en\\\/produit\\\/jack-l-sit-on-tugger\\\/#primaryimage\"},\"thumbnailUrl\":\"https:\\\/\\\/www.ohis.be\\\/wp-content\\\/uploads\\\/2023\\\/10\\\/JACK-L-chariot-tracteur-homme-a-bord.jpg\",\"datePublished\":\"2023-10-12T18:20:04+00:00\",\"dateModified\":\"2023-10-24T12:44:59+00:00\",\"breadcrumb\":{\"@id\":\"https:\\\/\\\/www.ohis.be\\\/en\\\/produit\\\/jack-l-sit-on-tugger\\\/#breadcrumb\"},\"inLanguage\":\"en-US\",\"potentialAction\":[{\"@type\":\"ReadAction\",\"target\":[\"https:\\\/\\\/www.ohis.be\\\/en\\\/produit\\\/jack-l-sit-on-tugger\\\/\"]}]},{\"@type\":\"ImageObject\",\"inLanguage\":\"en-US\",\"@id\":\"https:\\\/\\\/www.ohis.be\\\/en\\\/produit\\\/jack-l-sit-on-tugger\\\/#primaryimage\",\"url\":\"https:\\\/\\\/www.ohis.be\\\/wp-content\\\/uploads\\\/2023\\\/10\\\/JACK-L-chariot-tracteur-homme-a-bord.jpg\",\"contentUrl\":\"https:\\\/\\\/www.ohis.be\\\/wp-content\\\/uploads\\\/2023\\\/10\\\/JACK-L-chariot-tracteur-homme-a-bord.jpg\",\"width\":600,\"height\":428},{\"@type\":\"BreadcrumbList\",\"@id\":\"https:\\\/\\\/www.ohis.be\\\/en\\\/produit\\\/jack-l-sit-on-tugger\\\/#breadcrumb\",\"itemListElement\":[{\"@type\":\"ListItem\",\"position\":1,\"name\":\"Accueil\",\"item\":\"https:\\\/\\\/www.ohis.be\\\/de\\\/\"},{\"@type\":\"ListItem\",\"position\":2,\"name\":\"Products\",\"item\":\"https:\\\/\\\/www.ohis.be\\\/en\\\/products\\\/\"},{\"@type\":\"ListItem\",\"position\":3,\"name\":\"JACK L &#8211; Sit on tugger\"}]},{\"@type\":\"WebSite\",\"@id\":\"https:\\\/\\\/www.ohis.be\\\/#website\",\"url\":\"https:\\\/\\\/www.ohis.be\\\/\",\"name\":\"Ohis\",\"description\":\"Outils de levage\",\"publisher\":{\"@id\":\"https:\\\/\\\/www.ohis.be\\\/#organization\"},\"potentialAction\":[{\"@type\":\"SearchAction\",\"target\":{\"@type\":\"EntryPoint\",\"urlTemplate\":\"https:\\\/\\\/www.ohis.be\\\/?s={search_term_string}\"},\"query-input\":{\"@type\":\"PropertyValueSpecification\",\"valueRequired\":true,\"valueName\":\"search_term_string\"}}],\"inLanguage\":\"en-US\"},{\"@type\":\"Organization\",\"@id\":\"https:\\\/\\\/www.ohis.be\\\/#organization\",\"name\":\"Ohis\",\"url\":\"https:\\\/\\\/www.ohis.be\\\/\",\"logo\":{\"@type\":\"ImageObject\",\"inLanguage\":\"en-US\",\"@id\":\"https:\\\/\\\/www.ohis.be\\\/#\\\/schema\\\/logo\\\/image\\\/\",\"url\":\"https:\\\/\\\/www.ohis.be\\\/wp-content\\\/uploads\\\/2021\\\/02\\\/logo-ohis-wit.svg\",\"contentUrl\":\"https:\\\/\\\/www.ohis.be\\\/wp-content\\\/uploads\\\/2021\\\/02\\\/logo-ohis-wit.svg\",\"caption\":\"Ohis\"},\"image\":{\"@id\":\"https:\\\/\\\/www.ohis.be\\\/#\\\/schema\\\/logo\\\/image\\\/\"}}]}<\/script>\n<!-- \/ Yoast SEO plugin. -->","yoast_head_json":{"title":"JACK L - Sit on tugger - Ohis","robots":{"index":"index","follow":"follow","max-snippet":"max-snippet:-1","max-image-preview":"max-image-preview:large","max-video-preview":"max-video-preview:-1"},"canonical":"https:\/\/www.ohis.be\/en\/produit\/jack-l-sit-on-tugger\/","og_locale":"en_US","og_type":"article","og_title":"JACK L - Sit on tugger - Ohis","og_description":"The Zallys Jack L 1200W 1\/22 electric stock chaser is the ideal solution to eliminate manual handling of loads and speed up movement.   for loads up to 500 kg  can tow up to 1500 kg  versatile and compact  with pneumatic wheels for indoor and outdoor use  optional button for 2-speed adjustment  wide range of standard accessories or customizable on request  Accessories:     MAX 6 pcs. - 3,5 kg ballasts  Mounting plate for hitches  Drop pin hitch \u00d816 mm  Ball\/pin hitch \u00d820-25  Drop pin hitch \u00d820 mm  Drop pin hitch \u00d835 mm  Drop pin hitch \u00d840 mm  Coupling ball for trailers  Plateform 830 x 1250 x 185 mm  Fitting kit for platforms  Telescopic pole mounted flashing beacon  Handlebar basket  Basket with ON\/OFF keypad  Front bumper kit  Contact us for a demo of this machine on your premises.","og_url":"https:\/\/www.ohis.be\/en\/produit\/jack-l-sit-on-tugger\/","og_site_name":"Ohis","article_modified_time":"2023-10-24T12:44:59+00:00","og_image":[{"width":600,"height":428,"url":"https:\/\/www.ohis.be\/wp-content\/uploads\/2023\/10\/JACK-L-chariot-tracteur-homme-a-bord.jpg","type":"image\/jpeg"}],"twitter_card":"summary_large_image","twitter_misc":{"Est. reading time":"1 minute"},"schema":{"@context":"https:\/\/schema.org","@graph":[{"@type":"WebPage","@id":"https:\/\/www.ohis.be\/en\/produit\/jack-l-sit-on-tugger\/","url":"https:\/\/www.ohis.be\/en\/produit\/jack-l-sit-on-tugger\/","name":"JACK L - Sit on tugger - Ohis","isPartOf":{"@id":"https:\/\/www.ohis.be\/#website"},"primaryImageOfPage":{"@id":"https:\/\/www.ohis.be\/en\/produit\/jack-l-sit-on-tugger\/#primaryimage"},"image":{"@id":"https:\/\/www.ohis.be\/en\/produit\/jack-l-sit-on-tugger\/#primaryimage"},"thumbnailUrl":"https:\/\/www.ohis.be\/wp-content\/uploads\/2023\/10\/JACK-L-chariot-tracteur-homme-a-bord.jpg","datePublished":"2023-10-12T18:20:04+00:00","dateModified":"2023-10-24T12:44:59+00:00","breadcrumb":{"@id":"https:\/\/www.ohis.be\/en\/produit\/jack-l-sit-on-tugger\/#breadcrumb"},"inLanguage":"en-US","potentialAction":[{"@type":"ReadAction","target":["https:\/\/www.ohis.be\/en\/produit\/jack-l-sit-on-tugger\/"]}]},{"@type":"ImageObject","inLanguage":"en-US","@id":"https:\/\/www.ohis.be\/en\/produit\/jack-l-sit-on-tugger\/#primaryimage","url":"https:\/\/www.ohis.be\/wp-content\/uploads\/2023\/10\/JACK-L-chariot-tracteur-homme-a-bord.jpg","contentUrl":"https:\/\/www.ohis.be\/wp-content\/uploads\/2023\/10\/JACK-L-chariot-tracteur-homme-a-bord.jpg","width":600,"height":428},{"@type":"BreadcrumbList","@id":"https:\/\/www.ohis.be\/en\/produit\/jack-l-sit-on-tugger\/#breadcrumb","itemListElement":[{"@type":"ListItem","position":1,"name":"Accueil","item":"https:\/\/www.ohis.be\/de\/"},{"@type":"ListItem","position":2,"name":"Products","item":"https:\/\/www.ohis.be\/en\/products\/"},{"@type":"ListItem","position":3,"name":"JACK L &#8211; Sit on tugger"}]},{"@type":"WebSite","@id":"https:\/\/www.ohis.be\/#website","url":"https:\/\/www.ohis.be\/","name":"Ohis","description":"Outils de levage","publisher":{"@id":"https:\/\/www.ohis.be\/#organization"},"potentialAction":[{"@type":"SearchAction","target":{"@type":"EntryPoint","urlTemplate":"https:\/\/www.ohis.be\/?s={search_term_string}"},"query-input":{"@type":"PropertyValueSpecification","valueRequired":true,"valueName":"search_term_string"}}],"inLanguage":"en-US"},{"@type":"Organization","@id":"https:\/\/www.ohis.be\/#organization","name":"Ohis","url":"https:\/\/www.ohis.be\/","logo":{"@type":"ImageObject","inLanguage":"en-US","@id":"https:\/\/www.ohis.be\/#\/schema\/logo\/image\/","url":"https:\/\/www.ohis.be\/wp-content\/uploads\/2021\/02\/logo-ohis-wit.svg","contentUrl":"https:\/\/www.ohis.be\/wp-content\/uploads\/2021\/02\/logo-ohis-wit.svg","caption":"Ohis"},"image":{"@id":"https:\/\/www.ohis.be\/#\/schema\/logo\/image\/"}}]}},"_links":{"self":[{"href":"https:\/\/www.ohis.be\/en\/wp-json\/wp\/v2\/product\/39659","targetHints":{"allow":["GET"]}}],"collection":[{"href":"https:\/\/www.ohis.be\/en\/wp-json\/wp\/v2\/product"}],"about":[{"href":"https:\/\/www.ohis.be\/en\/wp-json\/wp\/v2\/types\/product"}],"wp:featuredmedia":[{"embeddable":true,"href":"https:\/\/www.ohis.be\/en\/wp-json\/wp\/v2\/media\/39263"}],"wp:attachment":[{"href":"https:\/\/www.ohis.be\/en\/wp-json\/wp\/v2\/media?parent=39659"}],"wp:term":[{"taxonomy":"product_brand","embeddable":true,"href":"https:\/\/www.ohis.be\/en\/wp-json\/wp\/v2\/product_brand?post=39659"},{"taxonomy":"product_cat","embeddable":true,"href":"https:\/\/www.ohis.be\/en\/wp-json\/wp\/v2\/product_cat?post=39659"},{"taxonomy":"product_tag","embeddable":true,"href":"https:\/\/www.ohis.be\/en\/wp-json\/wp\/v2\/product_tag?post=39659"}],"curies":[{"name":"wp","href":"https:\/\/api.w.org\/{rel}","templated":true}]}}