{"id":32297,"date":"2022-12-22T11:05:05","date_gmt":"2022-12-22T10:05:05","guid":{"rendered":"https:\/\/www.ohis.be\/produit\/wire-rope-bulley-block-dsrb\/"},"modified":"2022-12-22T11:05:05","modified_gmt":"2022-12-22T10:05:05","slug":"wire-rope-bulley-block-dsrb","status":"publish","type":"product","link":"https:\/\/www.ohis.be\/en\/produit\/wire-rope-bulley-block-dsrb\/","title":{"rendered":"Wire rope bulley block DSRB"},"content":{"rendered":"<p>Wire rope pulley block for rope winches &#8211; deflection simple and reliable<br \/>\nVariable rope and sheave diameters<br \/>\nRope deflections up to 180\u00b0<\/p>\n<p>&nbsp;<\/p>\n","protected":false},"excerpt":{"rendered":"<p>Poulie de c\u00e2ble pour treuil \u00e0 c\u00e2ble &#8211; d\u00e9viation simple et fiable<br \/>\nDiam\u00e8tres variables du c\u00e2ble et de la poulie<br \/>\nD\u00e9flexions du c\u00e2ble jusqu&#8217;\u00e0 180\u00b0<br \/>\nLa d\u00e9viation est facilit\u00e9e par les poulies de c\u00e2ble en acier DSRB. Les diam\u00e8tres variables du c\u00e2ble et de la poulie ainsi que les d\u00e9viations du c\u00e2ble jusqu&#8217;\u00e0 180\u00b0 permettent de d\u00e9placer des charges jusqu&#8217;\u00e0 8 t de mani\u00e8re simple et extr\u00eamement fiable.<\/p>\n","protected":false},"featured_media":20868,"template":"","meta":{"_acf_changed":false,"inline_featured_image":false},"product_brand":[],"product_cat":[326,473],"product_tag":[1667],"class_list":{"0":"post-32297","1":"product","2":"type-product","3":"status-publish","4":"has-post-thumbnail","6":"product_cat-accesoires-en","7":"product_cat-winches","8":"product_tag-pfaff-en","10":"first","11":"onbackorder","12":"taxable","13":"shipping-taxable","14":"purchasable","15":"product-type-variable"},"acf":[],"yoast_head":"<!-- This site is optimized with the Yoast SEO plugin v27.4 - https:\/\/yoast.com\/product\/yoast-seo-wordpress\/ -->\n<title>Wire rope bulley block DSRB - Ohis<\/title>\n<meta name=\"robots\" content=\"index, follow, max-snippet:-1, max-image-preview:large, max-video-preview:-1\" \/>\n<link rel=\"canonical\" href=\"https:\/\/www.ohis.be\/en\/produit\/wire-rope-bulley-block-dsrb\/\" \/>\n<meta property=\"og:locale\" content=\"en_US\" \/>\n<meta property=\"og:type\" content=\"article\" \/>\n<meta property=\"og:title\" content=\"Wire rope bulley block DSRB - Ohis\" \/>\n<meta property=\"og:description\" content=\"Poulie de c\u00e2ble pour treuil \u00e0 c\u00e2ble - d\u00e9viation simple et fiable Diam\u00e8tres variables du c\u00e2ble et de la poulie D\u00e9flexions du c\u00e2ble jusqu&#039;\u00e0 180\u00b0 La d\u00e9viation est facilit\u00e9e par les poulies de c\u00e2ble en acier DSRB. Les diam\u00e8tres variables du c\u00e2ble et de la poulie ainsi que les d\u00e9viations du c\u00e2ble jusqu&#039;\u00e0 180\u00b0 permettent de d\u00e9placer des charges jusqu&#039;\u00e0 8 t de mani\u00e8re simple et extr\u00eamement fiable.\" \/>\n<meta property=\"og:url\" content=\"https:\/\/www.ohis.be\/en\/produit\/wire-rope-bulley-block-dsrb\/\" \/>\n<meta property=\"og:site_name\" content=\"Ohis\" \/>\n<meta property=\"og:image\" content=\"https:\/\/www.ohis.be\/wp-content\/uploads\/2022\/12\/DSRB.jpg\" \/>\n\t<meta property=\"og:image:width\" content=\"694\" \/>\n\t<meta property=\"og:image:height\" content=\"725\" \/>\n\t<meta property=\"og:image:type\" content=\"image\/jpeg\" \/>\n<meta name=\"twitter:card\" content=\"summary_large_image\" \/>\n<script type=\"application\/ld+json\" class=\"yoast-schema-graph\">{\"@context\":\"https:\\\/\\\/schema.org\",\"@graph\":[{\"@type\":\"WebPage\",\"@id\":\"https:\\\/\\\/www.ohis.be\\\/en\\\/produit\\\/wire-rope-bulley-block-dsrb\\\/\",\"url\":\"https:\\\/\\\/www.ohis.be\\\/en\\\/produit\\\/wire-rope-bulley-block-dsrb\\\/\",\"name\":\"Wire rope bulley block DSRB - Ohis\",\"isPartOf\":{\"@id\":\"https:\\\/\\\/www.ohis.be\\\/#website\"},\"primaryImageOfPage\":{\"@id\":\"https:\\\/\\\/www.ohis.be\\\/en\\\/produit\\\/wire-rope-bulley-block-dsrb\\\/#primaryimage\"},\"image\":{\"@id\":\"https:\\\/\\\/www.ohis.be\\\/en\\\/produit\\\/wire-rope-bulley-block-dsrb\\\/#primaryimage\"},\"thumbnailUrl\":\"https:\\\/\\\/www.ohis.be\\\/wp-content\\\/uploads\\\/2022\\\/12\\\/DSRB.jpg\",\"datePublished\":\"2022-12-22T10:05:05+00:00\",\"breadcrumb\":{\"@id\":\"https:\\\/\\\/www.ohis.be\\\/en\\\/produit\\\/wire-rope-bulley-block-dsrb\\\/#breadcrumb\"},\"inLanguage\":\"en-US\",\"potentialAction\":[{\"@type\":\"ReadAction\",\"target\":[\"https:\\\/\\\/www.ohis.be\\\/en\\\/produit\\\/wire-rope-bulley-block-dsrb\\\/\"]}]},{\"@type\":\"ImageObject\",\"inLanguage\":\"en-US\",\"@id\":\"https:\\\/\\\/www.ohis.be\\\/en\\\/produit\\\/wire-rope-bulley-block-dsrb\\\/#primaryimage\",\"url\":\"https:\\\/\\\/www.ohis.be\\\/wp-content\\\/uploads\\\/2022\\\/12\\\/DSRB.jpg\",\"contentUrl\":\"https:\\\/\\\/www.ohis.be\\\/wp-content\\\/uploads\\\/2022\\\/12\\\/DSRB.jpg\",\"width\":694,\"height\":725},{\"@type\":\"BreadcrumbList\",\"@id\":\"https:\\\/\\\/www.ohis.be\\\/en\\\/produit\\\/wire-rope-bulley-block-dsrb\\\/#breadcrumb\",\"itemListElement\":[{\"@type\":\"ListItem\",\"position\":1,\"name\":\"Accueil\",\"item\":\"https:\\\/\\\/www.ohis.be\\\/de\\\/\"},{\"@type\":\"ListItem\",\"position\":2,\"name\":\"Products\",\"item\":\"https:\\\/\\\/www.ohis.be\\\/en\\\/products\\\/\"},{\"@type\":\"ListItem\",\"position\":3,\"name\":\"Wire rope bulley block DSRB\"}]},{\"@type\":\"WebSite\",\"@id\":\"https:\\\/\\\/www.ohis.be\\\/#website\",\"url\":\"https:\\\/\\\/www.ohis.be\\\/\",\"name\":\"Ohis\",\"description\":\"Outils de levage\",\"publisher\":{\"@id\":\"https:\\\/\\\/www.ohis.be\\\/#organization\"},\"potentialAction\":[{\"@type\":\"SearchAction\",\"target\":{\"@type\":\"EntryPoint\",\"urlTemplate\":\"https:\\\/\\\/www.ohis.be\\\/?s={search_term_string}\"},\"query-input\":{\"@type\":\"PropertyValueSpecification\",\"valueRequired\":true,\"valueName\":\"search_term_string\"}}],\"inLanguage\":\"en-US\"},{\"@type\":\"Organization\",\"@id\":\"https:\\\/\\\/www.ohis.be\\\/#organization\",\"name\":\"Ohis\",\"url\":\"https:\\\/\\\/www.ohis.be\\\/\",\"logo\":{\"@type\":\"ImageObject\",\"inLanguage\":\"en-US\",\"@id\":\"https:\\\/\\\/www.ohis.be\\\/#\\\/schema\\\/logo\\\/image\\\/\",\"url\":\"https:\\\/\\\/www.ohis.be\\\/wp-content\\\/uploads\\\/2021\\\/02\\\/logo-ohis-wit.svg\",\"contentUrl\":\"https:\\\/\\\/www.ohis.be\\\/wp-content\\\/uploads\\\/2021\\\/02\\\/logo-ohis-wit.svg\",\"caption\":\"Ohis\"},\"image\":{\"@id\":\"https:\\\/\\\/www.ohis.be\\\/#\\\/schema\\\/logo\\\/image\\\/\"}}]}<\/script>\n<!-- \/ Yoast SEO plugin. -->","yoast_head_json":{"title":"Wire rope bulley block DSRB - Ohis","robots":{"index":"index","follow":"follow","max-snippet":"max-snippet:-1","max-image-preview":"max-image-preview:large","max-video-preview":"max-video-preview:-1"},"canonical":"https:\/\/www.ohis.be\/en\/produit\/wire-rope-bulley-block-dsrb\/","og_locale":"en_US","og_type":"article","og_title":"Wire rope bulley block DSRB - Ohis","og_description":"Poulie de c\u00e2ble pour treuil \u00e0 c\u00e2ble - d\u00e9viation simple et fiable Diam\u00e8tres variables du c\u00e2ble et de la poulie D\u00e9flexions du c\u00e2ble jusqu'\u00e0 180\u00b0 La d\u00e9viation est facilit\u00e9e par les poulies de c\u00e2ble en acier DSRB. Les diam\u00e8tres variables du c\u00e2ble et de la poulie ainsi que les d\u00e9viations du c\u00e2ble jusqu'\u00e0 180\u00b0 permettent de d\u00e9placer des charges jusqu'\u00e0 8 t de mani\u00e8re simple et extr\u00eamement fiable.","og_url":"https:\/\/www.ohis.be\/en\/produit\/wire-rope-bulley-block-dsrb\/","og_site_name":"Ohis","og_image":[{"width":694,"height":725,"url":"https:\/\/www.ohis.be\/wp-content\/uploads\/2022\/12\/DSRB.jpg","type":"image\/jpeg"}],"twitter_card":"summary_large_image","schema":{"@context":"https:\/\/schema.org","@graph":[{"@type":"WebPage","@id":"https:\/\/www.ohis.be\/en\/produit\/wire-rope-bulley-block-dsrb\/","url":"https:\/\/www.ohis.be\/en\/produit\/wire-rope-bulley-block-dsrb\/","name":"Wire rope bulley block DSRB - Ohis","isPartOf":{"@id":"https:\/\/www.ohis.be\/#website"},"primaryImageOfPage":{"@id":"https:\/\/www.ohis.be\/en\/produit\/wire-rope-bulley-block-dsrb\/#primaryimage"},"image":{"@id":"https:\/\/www.ohis.be\/en\/produit\/wire-rope-bulley-block-dsrb\/#primaryimage"},"thumbnailUrl":"https:\/\/www.ohis.be\/wp-content\/uploads\/2022\/12\/DSRB.jpg","datePublished":"2022-12-22T10:05:05+00:00","breadcrumb":{"@id":"https:\/\/www.ohis.be\/en\/produit\/wire-rope-bulley-block-dsrb\/#breadcrumb"},"inLanguage":"en-US","potentialAction":[{"@type":"ReadAction","target":["https:\/\/www.ohis.be\/en\/produit\/wire-rope-bulley-block-dsrb\/"]}]},{"@type":"ImageObject","inLanguage":"en-US","@id":"https:\/\/www.ohis.be\/en\/produit\/wire-rope-bulley-block-dsrb\/#primaryimage","url":"https:\/\/www.ohis.be\/wp-content\/uploads\/2022\/12\/DSRB.jpg","contentUrl":"https:\/\/www.ohis.be\/wp-content\/uploads\/2022\/12\/DSRB.jpg","width":694,"height":725},{"@type":"BreadcrumbList","@id":"https:\/\/www.ohis.be\/en\/produit\/wire-rope-bulley-block-dsrb\/#breadcrumb","itemListElement":[{"@type":"ListItem","position":1,"name":"Accueil","item":"https:\/\/www.ohis.be\/de\/"},{"@type":"ListItem","position":2,"name":"Products","item":"https:\/\/www.ohis.be\/en\/products\/"},{"@type":"ListItem","position":3,"name":"Wire rope bulley block DSRB"}]},{"@type":"WebSite","@id":"https:\/\/www.ohis.be\/#website","url":"https:\/\/www.ohis.be\/","name":"Ohis","description":"Outils de levage","publisher":{"@id":"https:\/\/www.ohis.be\/#organization"},"potentialAction":[{"@type":"SearchAction","target":{"@type":"EntryPoint","urlTemplate":"https:\/\/www.ohis.be\/?s={search_term_string}"},"query-input":{"@type":"PropertyValueSpecification","valueRequired":true,"valueName":"search_term_string"}}],"inLanguage":"en-US"},{"@type":"Organization","@id":"https:\/\/www.ohis.be\/#organization","name":"Ohis","url":"https:\/\/www.ohis.be\/","logo":{"@type":"ImageObject","inLanguage":"en-US","@id":"https:\/\/www.ohis.be\/#\/schema\/logo\/image\/","url":"https:\/\/www.ohis.be\/wp-content\/uploads\/2021\/02\/logo-ohis-wit.svg","contentUrl":"https:\/\/www.ohis.be\/wp-content\/uploads\/2021\/02\/logo-ohis-wit.svg","caption":"Ohis"},"image":{"@id":"https:\/\/www.ohis.be\/#\/schema\/logo\/image\/"}}]}},"_links":{"self":[{"href":"https:\/\/www.ohis.be\/en\/wp-json\/wp\/v2\/product\/32297","targetHints":{"allow":["GET"]}}],"collection":[{"href":"https:\/\/www.ohis.be\/en\/wp-json\/wp\/v2\/product"}],"about":[{"href":"https:\/\/www.ohis.be\/en\/wp-json\/wp\/v2\/types\/product"}],"wp:featuredmedia":[{"embeddable":true,"href":"https:\/\/www.ohis.be\/en\/wp-json\/wp\/v2\/media\/20868"}],"wp:attachment":[{"href":"https:\/\/www.ohis.be\/en\/wp-json\/wp\/v2\/media?parent=32297"}],"wp:term":[{"taxonomy":"product_brand","embeddable":true,"href":"https:\/\/www.ohis.be\/en\/wp-json\/wp\/v2\/product_brand?post=32297"},{"taxonomy":"product_cat","embeddable":true,"href":"https:\/\/www.ohis.be\/en\/wp-json\/wp\/v2\/product_cat?post=32297"},{"taxonomy":"product_tag","embeddable":true,"href":"https:\/\/www.ohis.be\/en\/wp-json\/wp\/v2\/product_tag?post=32297"}],"curies":[{"name":"wp","href":"https:\/\/api.w.org\/{rel}","templated":true}]}}