{"id":24449,"date":"2023-01-04T13:59:49","date_gmt":"2023-01-04T12:59:49","guid":{"rendered":"https:\/\/www.ohis.be\/produit\/yhp-hydraulic-puller-sets\/"},"modified":"2023-01-04T13:59:49","modified_gmt":"2023-01-04T12:59:49","slug":"yhp-hydraulic-puller-sets","status":"publish","type":"product","link":"https:\/\/www.ohis.be\/en\/produit\/yhp-hydraulic-puller-sets\/","title":{"rendered":"YHP Hydraulic puller sets"},"content":{"rendered":"<p>Capacity max. 10 &#8211; 50 t<br \/>\nThese professional puller sets are designed for removing and installing press-fitted or heat-fitted parts. Hydraulic puller sets eliminate time-consuming and costly repairs as they avoid the damage of parts and reduce machine downtimes.<br \/>\nAll parts are manufactured from high quality drop-forged steel.<\/p>\n<p>They are delivered ready to use and include all necessary components such as hollow piston cylinder, hand pump, pressure gauge (to control the pulling force), a 2 meter hose equipped with the half coupling.<br \/>\nSuitable for all segmented parts extraction: ball or roller bearings, bearing cages etc&#8230; These kits are supplied with a bearing extractor (separation device) and an inner extractor (for bearing shells).<\/p>\n","protected":false},"excerpt":{"rendered":"<p>Capacit\u00e9 max. 10 &#8211; 50 t<br \/>\nCes syst\u00e8mes professionnels sont con\u00e7us pour l\u2018extraction de toutes pi\u00e8ces mont\u00e9es en force ou \u00e0 la presse.<br \/>\nIls assurent un gain de temps et diminuent les co\u00fbts d\u2018entretien. Toutes les pi\u00e8ces sont fabriqu\u00e9es dans un acier tremp\u00e9-forg\u00e9.<br \/>\nIls sont livr\u00e9s pr\u00eat \u00e0 l\u2018emploi et incluent tous les composants n\u00e9cessaires tels que v\u00e9rin \u00e0 piston creux, pompe manuelle, manom\u00e8tre (pour contr\u00f4ler la force de tirage), un flexible de 2 m\u00e8tres \u00e9quip\u00e9 du demi-coupleur.<\/p>\n<p>Ces kits sont une combinaison d&#8217;un jeu d&#8217;extracteurs \u00e0 3 bras et d&#8217;un jeu d&#8217;extracteurs \u00e0 tirants et contiennent toutes les pi\u00e8ces n\u00e9cessaires pour les travaux d&#8217;extraction universels.<\/p>\n","protected":false},"featured_media":23176,"template":"","meta":{"_acf_changed":false,"inline_featured_image":false},"product_brand":[],"product_cat":[1640,1607],"product_tag":[470],"class_list":{"0":"post-24449","1":"product","2":"type-product","3":"status-publish","4":"has-post-thumbnail","6":"product_cat-hydraulic-cylinders","7":"product_cat-workshop-tools","8":"product_tag-yale","10":"first","11":"onbackorder","12":"taxable","13":"shipping-taxable","14":"purchasable","15":"product-type-variable"},"acf":[],"yoast_head":"<!-- This site is optimized with the Yoast SEO plugin v27.4 - https:\/\/yoast.com\/product\/yoast-seo-wordpress\/ -->\n<title>YHP Hydraulic puller sets - Ohis<\/title>\n<meta name=\"robots\" content=\"index, follow, max-snippet:-1, max-image-preview:large, max-video-preview:-1\" \/>\n<link rel=\"canonical\" href=\"https:\/\/www.ohis.be\/en\/produit\/yhp-hydraulic-puller-sets\/\" \/>\n<meta property=\"og:locale\" content=\"en_US\" \/>\n<meta property=\"og:type\" content=\"article\" \/>\n<meta property=\"og:title\" content=\"YHP Hydraulic puller sets - Ohis\" \/>\n<meta property=\"og:description\" content=\"Capacit\u00e9 max. 10 - 50 t Ces syst\u00e8mes professionnels sont con\u00e7us pour l\u2018extraction de toutes pi\u00e8ces mont\u00e9es en force ou \u00e0 la presse. Ils assurent un gain de temps et diminuent les co\u00fbts d\u2018entretien. Toutes les pi\u00e8ces sont fabriqu\u00e9es dans un acier tremp\u00e9-forg\u00e9. Ils sont livr\u00e9s pr\u00eat \u00e0 l\u2018emploi et incluent tous les composants n\u00e9cessaires tels que v\u00e9rin \u00e0 piston creux, pompe manuelle, manom\u00e8tre (pour contr\u00f4ler la force de tirage), un flexible de 2 m\u00e8tres \u00e9quip\u00e9 du demi-coupleur. Ces kits sont une combinaison d&#039;un jeu d&#039;extracteurs \u00e0 3 bras et d&#039;un jeu d&#039;extracteurs \u00e0 tirants et contiennent toutes les pi\u00e8ces n\u00e9cessaires pour les travaux d&#039;extraction universels.\" \/>\n<meta property=\"og:url\" content=\"https:\/\/www.ohis.be\/en\/produit\/yhp-hydraulic-puller-sets\/\" \/>\n<meta property=\"og:site_name\" content=\"Ohis\" \/>\n<meta property=\"og:image\" content=\"https:\/\/www.ohis.be\/wp-content\/uploads\/2023\/01\/yale-yhp7.jpg\" \/>\n\t<meta property=\"og:image:width\" content=\"693\" \/>\n\t<meta property=\"og:image:height\" content=\"532\" \/>\n\t<meta property=\"og:image:type\" content=\"image\/jpeg\" \/>\n<meta name=\"twitter:card\" content=\"summary_large_image\" \/>\n<meta name=\"twitter:label1\" content=\"Est. reading time\" \/>\n\t<meta name=\"twitter:data1\" content=\"1 minute\" \/>\n<script type=\"application\/ld+json\" class=\"yoast-schema-graph\">{\"@context\":\"https:\\\/\\\/schema.org\",\"@graph\":[{\"@type\":\"WebPage\",\"@id\":\"https:\\\/\\\/www.ohis.be\\\/en\\\/produit\\\/yhp-hydraulic-puller-sets\\\/\",\"url\":\"https:\\\/\\\/www.ohis.be\\\/en\\\/produit\\\/yhp-hydraulic-puller-sets\\\/\",\"name\":\"YHP Hydraulic puller sets - Ohis\",\"isPartOf\":{\"@id\":\"https:\\\/\\\/www.ohis.be\\\/#website\"},\"primaryImageOfPage\":{\"@id\":\"https:\\\/\\\/www.ohis.be\\\/en\\\/produit\\\/yhp-hydraulic-puller-sets\\\/#primaryimage\"},\"image\":{\"@id\":\"https:\\\/\\\/www.ohis.be\\\/en\\\/produit\\\/yhp-hydraulic-puller-sets\\\/#primaryimage\"},\"thumbnailUrl\":\"https:\\\/\\\/www.ohis.be\\\/wp-content\\\/uploads\\\/2023\\\/01\\\/yale-yhp7.jpg\",\"datePublished\":\"2023-01-04T12:59:49+00:00\",\"breadcrumb\":{\"@id\":\"https:\\\/\\\/www.ohis.be\\\/en\\\/produit\\\/yhp-hydraulic-puller-sets\\\/#breadcrumb\"},\"inLanguage\":\"en-US\",\"potentialAction\":[{\"@type\":\"ReadAction\",\"target\":[\"https:\\\/\\\/www.ohis.be\\\/en\\\/produit\\\/yhp-hydraulic-puller-sets\\\/\"]}]},{\"@type\":\"ImageObject\",\"inLanguage\":\"en-US\",\"@id\":\"https:\\\/\\\/www.ohis.be\\\/en\\\/produit\\\/yhp-hydraulic-puller-sets\\\/#primaryimage\",\"url\":\"https:\\\/\\\/www.ohis.be\\\/wp-content\\\/uploads\\\/2023\\\/01\\\/yale-yhp7.jpg\",\"contentUrl\":\"https:\\\/\\\/www.ohis.be\\\/wp-content\\\/uploads\\\/2023\\\/01\\\/yale-yhp7.jpg\",\"width\":693,\"height\":532},{\"@type\":\"BreadcrumbList\",\"@id\":\"https:\\\/\\\/www.ohis.be\\\/en\\\/produit\\\/yhp-hydraulic-puller-sets\\\/#breadcrumb\",\"itemListElement\":[{\"@type\":\"ListItem\",\"position\":1,\"name\":\"Accueil\",\"item\":\"https:\\\/\\\/www.ohis.be\\\/de\\\/\"},{\"@type\":\"ListItem\",\"position\":2,\"name\":\"Products\",\"item\":\"https:\\\/\\\/www.ohis.be\\\/en\\\/products\\\/\"},{\"@type\":\"ListItem\",\"position\":3,\"name\":\"YHP Hydraulic puller sets\"}]},{\"@type\":\"WebSite\",\"@id\":\"https:\\\/\\\/www.ohis.be\\\/#website\",\"url\":\"https:\\\/\\\/www.ohis.be\\\/\",\"name\":\"Ohis\",\"description\":\"Outils de levage\",\"publisher\":{\"@id\":\"https:\\\/\\\/www.ohis.be\\\/#organization\"},\"potentialAction\":[{\"@type\":\"SearchAction\",\"target\":{\"@type\":\"EntryPoint\",\"urlTemplate\":\"https:\\\/\\\/www.ohis.be\\\/?s={search_term_string}\"},\"query-input\":{\"@type\":\"PropertyValueSpecification\",\"valueRequired\":true,\"valueName\":\"search_term_string\"}}],\"inLanguage\":\"en-US\"},{\"@type\":\"Organization\",\"@id\":\"https:\\\/\\\/www.ohis.be\\\/#organization\",\"name\":\"Ohis\",\"url\":\"https:\\\/\\\/www.ohis.be\\\/\",\"logo\":{\"@type\":\"ImageObject\",\"inLanguage\":\"en-US\",\"@id\":\"https:\\\/\\\/www.ohis.be\\\/#\\\/schema\\\/logo\\\/image\\\/\",\"url\":\"https:\\\/\\\/www.ohis.be\\\/wp-content\\\/uploads\\\/2021\\\/02\\\/logo-ohis-wit.svg\",\"contentUrl\":\"https:\\\/\\\/www.ohis.be\\\/wp-content\\\/uploads\\\/2021\\\/02\\\/logo-ohis-wit.svg\",\"caption\":\"Ohis\"},\"image\":{\"@id\":\"https:\\\/\\\/www.ohis.be\\\/#\\\/schema\\\/logo\\\/image\\\/\"}}]}<\/script>\n<!-- \/ Yoast SEO plugin. -->","yoast_head_json":{"title":"YHP Hydraulic puller sets - Ohis","robots":{"index":"index","follow":"follow","max-snippet":"max-snippet:-1","max-image-preview":"max-image-preview:large","max-video-preview":"max-video-preview:-1"},"canonical":"https:\/\/www.ohis.be\/en\/produit\/yhp-hydraulic-puller-sets\/","og_locale":"en_US","og_type":"article","og_title":"YHP Hydraulic puller sets - Ohis","og_description":"Capacit\u00e9 max. 10 - 50 t Ces syst\u00e8mes professionnels sont con\u00e7us pour l\u2018extraction de toutes pi\u00e8ces mont\u00e9es en force ou \u00e0 la presse. Ils assurent un gain de temps et diminuent les co\u00fbts d\u2018entretien. Toutes les pi\u00e8ces sont fabriqu\u00e9es dans un acier tremp\u00e9-forg\u00e9. Ils sont livr\u00e9s pr\u00eat \u00e0 l\u2018emploi et incluent tous les composants n\u00e9cessaires tels que v\u00e9rin \u00e0 piston creux, pompe manuelle, manom\u00e8tre (pour contr\u00f4ler la force de tirage), un flexible de 2 m\u00e8tres \u00e9quip\u00e9 du demi-coupleur. Ces kits sont une combinaison d'un jeu d'extracteurs \u00e0 3 bras et d'un jeu d'extracteurs \u00e0 tirants et contiennent toutes les pi\u00e8ces n\u00e9cessaires pour les travaux d'extraction universels.","og_url":"https:\/\/www.ohis.be\/en\/produit\/yhp-hydraulic-puller-sets\/","og_site_name":"Ohis","og_image":[{"width":693,"height":532,"url":"https:\/\/www.ohis.be\/wp-content\/uploads\/2023\/01\/yale-yhp7.jpg","type":"image\/jpeg"}],"twitter_card":"summary_large_image","twitter_misc":{"Est. reading time":"1 minute"},"schema":{"@context":"https:\/\/schema.org","@graph":[{"@type":"WebPage","@id":"https:\/\/www.ohis.be\/en\/produit\/yhp-hydraulic-puller-sets\/","url":"https:\/\/www.ohis.be\/en\/produit\/yhp-hydraulic-puller-sets\/","name":"YHP Hydraulic puller sets - Ohis","isPartOf":{"@id":"https:\/\/www.ohis.be\/#website"},"primaryImageOfPage":{"@id":"https:\/\/www.ohis.be\/en\/produit\/yhp-hydraulic-puller-sets\/#primaryimage"},"image":{"@id":"https:\/\/www.ohis.be\/en\/produit\/yhp-hydraulic-puller-sets\/#primaryimage"},"thumbnailUrl":"https:\/\/www.ohis.be\/wp-content\/uploads\/2023\/01\/yale-yhp7.jpg","datePublished":"2023-01-04T12:59:49+00:00","breadcrumb":{"@id":"https:\/\/www.ohis.be\/en\/produit\/yhp-hydraulic-puller-sets\/#breadcrumb"},"inLanguage":"en-US","potentialAction":[{"@type":"ReadAction","target":["https:\/\/www.ohis.be\/en\/produit\/yhp-hydraulic-puller-sets\/"]}]},{"@type":"ImageObject","inLanguage":"en-US","@id":"https:\/\/www.ohis.be\/en\/produit\/yhp-hydraulic-puller-sets\/#primaryimage","url":"https:\/\/www.ohis.be\/wp-content\/uploads\/2023\/01\/yale-yhp7.jpg","contentUrl":"https:\/\/www.ohis.be\/wp-content\/uploads\/2023\/01\/yale-yhp7.jpg","width":693,"height":532},{"@type":"BreadcrumbList","@id":"https:\/\/www.ohis.be\/en\/produit\/yhp-hydraulic-puller-sets\/#breadcrumb","itemListElement":[{"@type":"ListItem","position":1,"name":"Accueil","item":"https:\/\/www.ohis.be\/de\/"},{"@type":"ListItem","position":2,"name":"Products","item":"https:\/\/www.ohis.be\/en\/products\/"},{"@type":"ListItem","position":3,"name":"YHP Hydraulic puller sets"}]},{"@type":"WebSite","@id":"https:\/\/www.ohis.be\/#website","url":"https:\/\/www.ohis.be\/","name":"Ohis","description":"Outils de levage","publisher":{"@id":"https:\/\/www.ohis.be\/#organization"},"potentialAction":[{"@type":"SearchAction","target":{"@type":"EntryPoint","urlTemplate":"https:\/\/www.ohis.be\/?s={search_term_string}"},"query-input":{"@type":"PropertyValueSpecification","valueRequired":true,"valueName":"search_term_string"}}],"inLanguage":"en-US"},{"@type":"Organization","@id":"https:\/\/www.ohis.be\/#organization","name":"Ohis","url":"https:\/\/www.ohis.be\/","logo":{"@type":"ImageObject","inLanguage":"en-US","@id":"https:\/\/www.ohis.be\/#\/schema\/logo\/image\/","url":"https:\/\/www.ohis.be\/wp-content\/uploads\/2021\/02\/logo-ohis-wit.svg","contentUrl":"https:\/\/www.ohis.be\/wp-content\/uploads\/2021\/02\/logo-ohis-wit.svg","caption":"Ohis"},"image":{"@id":"https:\/\/www.ohis.be\/#\/schema\/logo\/image\/"}}]}},"_links":{"self":[{"href":"https:\/\/www.ohis.be\/en\/wp-json\/wp\/v2\/product\/24449","targetHints":{"allow":["GET"]}}],"collection":[{"href":"https:\/\/www.ohis.be\/en\/wp-json\/wp\/v2\/product"}],"about":[{"href":"https:\/\/www.ohis.be\/en\/wp-json\/wp\/v2\/types\/product"}],"wp:featuredmedia":[{"embeddable":true,"href":"https:\/\/www.ohis.be\/en\/wp-json\/wp\/v2\/media\/23176"}],"wp:attachment":[{"href":"https:\/\/www.ohis.be\/en\/wp-json\/wp\/v2\/media?parent=24449"}],"wp:term":[{"taxonomy":"product_brand","embeddable":true,"href":"https:\/\/www.ohis.be\/en\/wp-json\/wp\/v2\/product_brand?post=24449"},{"taxonomy":"product_cat","embeddable":true,"href":"https:\/\/www.ohis.be\/en\/wp-json\/wp\/v2\/product_cat?post=24449"},{"taxonomy":"product_tag","embeddable":true,"href":"https:\/\/www.ohis.be\/en\/wp-json\/wp\/v2\/product_tag?post=24449"}],"curies":[{"name":"wp","href":"https:\/\/api.w.org\/{rel}","templated":true}]}}