{"id":9817,"date":"2021-11-17T10:31:48","date_gmt":"2022-01-07T06:45:08","guid":{"rendered":"https:\/\/www.ohis.be\/?post_type=product&#038;p=9817"},"modified":"2022-01-07T07:45:08","modified_gmt":"2022-01-07T06:45:08","slug":"yale-mtrac-300kg-seilwinde","status":"publish","type":"product","link":"https:\/\/www.ohis.be\/de\/produit\/yale-mtrac-300kg-seilwinde\/","title":{"rendered":"Yale Mtrac 300kg Seilwinde"},"content":{"rendered":"","protected":false},"excerpt":{"rendered":"<p>Bei den Durchlaufwinden wird das Seil durch die Winde getrieben, ohne dass das Seil auf der Trommel etc.<br \/>\nDies erm\u00f6glicht unbegrenzte Hubh\u00f6hen oder Zugl\u00e4ngen. Diese kompakte Winde ist mobil und universell einsetzbar, z.B. bei Bau-, Wartungs- oder Montagearbeiten.<br \/>\nDas Highlight der YaleMtrac Winde ist die erh\u00f6hte Effizienz, da sie bidirektional betrieben werden kann.<\/p>\n<p>Lieferumfang und Ausstattung:<br \/>\nDie Winde wird komplett und einsatzbereit mit folgender Standardkonfiguration geliefert:<br \/>\n&#8211; angeschlossenes Stromkabel (1m) mit Stecker<br \/>\n&#8211; Drahtseil (Durchmesser 6,5mm, 10 m L\u00e4nge) mit Kegel und Haken (falls eine andere Seill\u00e4nge gew\u00fcnscht wird, bitte bei der Bestellung angeben)<br \/>\n&#8211; Pendel mit 2,3 m Kabel<br \/>\n&#8211; Niederspannungssteuerung 42V<br \/>\n&#8211; Griff zum Tragen (siehe Bild rechts)<br \/>\n&#8211; oberer Haken<\/p>\n","protected":false},"featured_media":8911,"template":"","meta":{"_acf_changed":false,"inline_featured_image":false},"product_brand":[],"product_cat":[474],"product_tag":[705],"class_list":{"0":"post-9817","1":"product","2":"type-product","3":"status-publish","4":"has-post-thumbnail","6":"product_cat-seilwinde","7":"product_tag-yale-de","9":"first","10":"outofstock","11":"purchasable","12":"product-type-simple"},"acf":[],"yoast_head":"<!-- This site is optimized with the Yoast SEO plugin v27.4 - https:\/\/yoast.com\/product\/yoast-seo-wordpress\/ -->\n<title>Yale Mtrac 300kg Seilwinde - Ohis<\/title>\n<meta name=\"robots\" content=\"index, follow, max-snippet:-1, max-image-preview:large, max-video-preview:-1\" \/>\n<link rel=\"canonical\" href=\"https:\/\/www.ohis.be\/de\/produit\/yale-mtrac-300kg-seilwinde\/\" \/>\n<meta property=\"og:locale\" content=\"de_DE\" \/>\n<meta property=\"og:type\" content=\"article\" \/>\n<meta property=\"og:title\" content=\"Yale Mtrac 300kg Seilwinde - Ohis\" \/>\n<meta property=\"og:description\" content=\"Bei den Durchlaufwinden wird das Seil durch die Winde getrieben, ohne dass das Seil auf der Trommel etc. Dies erm\u00f6glicht unbegrenzte Hubh\u00f6hen oder Zugl\u00e4ngen. Diese kompakte Winde ist mobil und universell einsetzbar, z.B. bei Bau-, Wartungs- oder Montagearbeiten. Das Highlight der YaleMtrac Winde ist die erh\u00f6hte Effizienz, da sie bidirektional betrieben werden kann.  Lieferumfang und Ausstattung: Die Winde wird komplett und einsatzbereit mit folgender Standardkonfiguration geliefert: - angeschlossenes Stromkabel (1m) mit Stecker - Drahtseil (Durchmesser 6,5mm, 10 m L\u00e4nge) mit Kegel und Haken (falls eine andere Seill\u00e4nge gew\u00fcnscht wird, bitte bei der Bestellung angeben) - Pendel mit 2,3 m Kabel - Niederspannungssteuerung 42V - Griff zum Tragen (siehe Bild rechts) - oberer Haken\" \/>\n<meta property=\"og:url\" content=\"https:\/\/www.ohis.be\/de\/produit\/yale-mtrac-300kg-seilwinde\/\" \/>\n<meta property=\"og:site_name\" content=\"Ohis\" \/>\n<meta property=\"og:image\" content=\"https:\/\/www.ohis.be\/wp-content\/uploads\/2021\/11\/media-205.nl\" \/>\n\t<meta property=\"og:image:width\" content=\"353\" \/>\n\t<meta property=\"og:image:height\" content=\"283\" \/>\n\t<meta property=\"og:image:type\" content=\"image\/jpeg\" \/>\n<meta name=\"twitter:card\" content=\"summary_large_image\" \/>\n<script type=\"application\/ld+json\" class=\"yoast-schema-graph\">{\"@context\":\"https:\\\/\\\/schema.org\",\"@graph\":[{\"@type\":\"WebPage\",\"@id\":\"https:\\\/\\\/www.ohis.be\\\/de\\\/produit\\\/yale-mtrac-300kg-seilwinde\\\/\",\"url\":\"https:\\\/\\\/www.ohis.be\\\/de\\\/produit\\\/yale-mtrac-300kg-seilwinde\\\/\",\"name\":\"Yale Mtrac 300kg Seilwinde - Ohis\",\"isPartOf\":{\"@id\":\"https:\\\/\\\/www.ohis.be\\\/#website\"},\"primaryImageOfPage\":{\"@id\":\"https:\\\/\\\/www.ohis.be\\\/de\\\/produit\\\/yale-mtrac-300kg-seilwinde\\\/#primaryimage\"},\"image\":{\"@id\":\"https:\\\/\\\/www.ohis.be\\\/de\\\/produit\\\/yale-mtrac-300kg-seilwinde\\\/#primaryimage\"},\"thumbnailUrl\":\"https:\\\/\\\/www.ohis.be\\\/wp-content\\\/uploads\\\/2021\\\/11\\\/media-205.nl\",\"datePublished\":\"2022-01-07T06:45:08+00:00\",\"breadcrumb\":{\"@id\":\"https:\\\/\\\/www.ohis.be\\\/de\\\/produit\\\/yale-mtrac-300kg-seilwinde\\\/#breadcrumb\"},\"inLanguage\":\"de\",\"potentialAction\":[{\"@type\":\"ReadAction\",\"target\":[\"https:\\\/\\\/www.ohis.be\\\/de\\\/produit\\\/yale-mtrac-300kg-seilwinde\\\/\"]}]},{\"@type\":\"ImageObject\",\"inLanguage\":\"de\",\"@id\":\"https:\\\/\\\/www.ohis.be\\\/de\\\/produit\\\/yale-mtrac-300kg-seilwinde\\\/#primaryimage\",\"url\":\"https:\\\/\\\/www.ohis.be\\\/wp-content\\\/uploads\\\/2021\\\/11\\\/media-205.nl\",\"contentUrl\":\"https:\\\/\\\/www.ohis.be\\\/wp-content\\\/uploads\\\/2021\\\/11\\\/media-205.nl\",\"width\":353,\"height\":283},{\"@type\":\"BreadcrumbList\",\"@id\":\"https:\\\/\\\/www.ohis.be\\\/de\\\/produit\\\/yale-mtrac-300kg-seilwinde\\\/#breadcrumb\",\"itemListElement\":[{\"@type\":\"ListItem\",\"position\":1,\"name\":\"Accueil\",\"item\":\"https:\\\/\\\/www.ohis.be\\\/de\\\/\"},{\"@type\":\"ListItem\",\"position\":2,\"name\":\"Produkte\",\"item\":\"https:\\\/\\\/www.ohis.be\\\/de\\\/produkte\\\/\"},{\"@type\":\"ListItem\",\"position\":3,\"name\":\"Yale Mtrac 300kg Seilwinde\"}]},{\"@type\":\"WebSite\",\"@id\":\"https:\\\/\\\/www.ohis.be\\\/#website\",\"url\":\"https:\\\/\\\/www.ohis.be\\\/\",\"name\":\"Ohis\",\"description\":\"Outils de levage\",\"publisher\":{\"@id\":\"https:\\\/\\\/www.ohis.be\\\/#organization\"},\"potentialAction\":[{\"@type\":\"SearchAction\",\"target\":{\"@type\":\"EntryPoint\",\"urlTemplate\":\"https:\\\/\\\/www.ohis.be\\\/?s={search_term_string}\"},\"query-input\":{\"@type\":\"PropertyValueSpecification\",\"valueRequired\":true,\"valueName\":\"search_term_string\"}}],\"inLanguage\":\"de\"},{\"@type\":\"Organization\",\"@id\":\"https:\\\/\\\/www.ohis.be\\\/#organization\",\"name\":\"Ohis\",\"url\":\"https:\\\/\\\/www.ohis.be\\\/\",\"logo\":{\"@type\":\"ImageObject\",\"inLanguage\":\"de\",\"@id\":\"https:\\\/\\\/www.ohis.be\\\/#\\\/schema\\\/logo\\\/image\\\/\",\"url\":\"https:\\\/\\\/www.ohis.be\\\/wp-content\\\/uploads\\\/2021\\\/02\\\/logo-ohis-wit.svg\",\"contentUrl\":\"https:\\\/\\\/www.ohis.be\\\/wp-content\\\/uploads\\\/2021\\\/02\\\/logo-ohis-wit.svg\",\"caption\":\"Ohis\"},\"image\":{\"@id\":\"https:\\\/\\\/www.ohis.be\\\/#\\\/schema\\\/logo\\\/image\\\/\"}}]}<\/script>\n<!-- \/ Yoast SEO plugin. -->","yoast_head_json":{"title":"Yale Mtrac 300kg Seilwinde - Ohis","robots":{"index":"index","follow":"follow","max-snippet":"max-snippet:-1","max-image-preview":"max-image-preview:large","max-video-preview":"max-video-preview:-1"},"canonical":"https:\/\/www.ohis.be\/de\/produit\/yale-mtrac-300kg-seilwinde\/","og_locale":"de_DE","og_type":"article","og_title":"Yale Mtrac 300kg Seilwinde - Ohis","og_description":"Bei den Durchlaufwinden wird das Seil durch die Winde getrieben, ohne dass das Seil auf der Trommel etc. Dies erm\u00f6glicht unbegrenzte Hubh\u00f6hen oder Zugl\u00e4ngen. Diese kompakte Winde ist mobil und universell einsetzbar, z.B. bei Bau-, Wartungs- oder Montagearbeiten. Das Highlight der YaleMtrac Winde ist die erh\u00f6hte Effizienz, da sie bidirektional betrieben werden kann.  Lieferumfang und Ausstattung: Die Winde wird komplett und einsatzbereit mit folgender Standardkonfiguration geliefert: - angeschlossenes Stromkabel (1m) mit Stecker - Drahtseil (Durchmesser 6,5mm, 10 m L\u00e4nge) mit Kegel und Haken (falls eine andere Seill\u00e4nge gew\u00fcnscht wird, bitte bei der Bestellung angeben) - Pendel mit 2,3 m Kabel - Niederspannungssteuerung 42V - Griff zum Tragen (siehe Bild rechts) - oberer Haken","og_url":"https:\/\/www.ohis.be\/de\/produit\/yale-mtrac-300kg-seilwinde\/","og_site_name":"Ohis","og_image":[{"width":353,"height":283,"url":"https:\/\/www.ohis.be\/wp-content\/uploads\/2021\/11\/media-205.nl","type":"image\/jpeg"}],"twitter_card":"summary_large_image","schema":{"@context":"https:\/\/schema.org","@graph":[{"@type":"WebPage","@id":"https:\/\/www.ohis.be\/de\/produit\/yale-mtrac-300kg-seilwinde\/","url":"https:\/\/www.ohis.be\/de\/produit\/yale-mtrac-300kg-seilwinde\/","name":"Yale Mtrac 300kg Seilwinde - Ohis","isPartOf":{"@id":"https:\/\/www.ohis.be\/#website"},"primaryImageOfPage":{"@id":"https:\/\/www.ohis.be\/de\/produit\/yale-mtrac-300kg-seilwinde\/#primaryimage"},"image":{"@id":"https:\/\/www.ohis.be\/de\/produit\/yale-mtrac-300kg-seilwinde\/#primaryimage"},"thumbnailUrl":"https:\/\/www.ohis.be\/wp-content\/uploads\/2021\/11\/media-205.nl","datePublished":"2022-01-07T06:45:08+00:00","breadcrumb":{"@id":"https:\/\/www.ohis.be\/de\/produit\/yale-mtrac-300kg-seilwinde\/#breadcrumb"},"inLanguage":"de","potentialAction":[{"@type":"ReadAction","target":["https:\/\/www.ohis.be\/de\/produit\/yale-mtrac-300kg-seilwinde\/"]}]},{"@type":"ImageObject","inLanguage":"de","@id":"https:\/\/www.ohis.be\/de\/produit\/yale-mtrac-300kg-seilwinde\/#primaryimage","url":"https:\/\/www.ohis.be\/wp-content\/uploads\/2021\/11\/media-205.nl","contentUrl":"https:\/\/www.ohis.be\/wp-content\/uploads\/2021\/11\/media-205.nl","width":353,"height":283},{"@type":"BreadcrumbList","@id":"https:\/\/www.ohis.be\/de\/produit\/yale-mtrac-300kg-seilwinde\/#breadcrumb","itemListElement":[{"@type":"ListItem","position":1,"name":"Accueil","item":"https:\/\/www.ohis.be\/de\/"},{"@type":"ListItem","position":2,"name":"Produkte","item":"https:\/\/www.ohis.be\/de\/produkte\/"},{"@type":"ListItem","position":3,"name":"Yale Mtrac 300kg Seilwinde"}]},{"@type":"WebSite","@id":"https:\/\/www.ohis.be\/#website","url":"https:\/\/www.ohis.be\/","name":"Ohis","description":"Outils de levage","publisher":{"@id":"https:\/\/www.ohis.be\/#organization"},"potentialAction":[{"@type":"SearchAction","target":{"@type":"EntryPoint","urlTemplate":"https:\/\/www.ohis.be\/?s={search_term_string}"},"query-input":{"@type":"PropertyValueSpecification","valueRequired":true,"valueName":"search_term_string"}}],"inLanguage":"de"},{"@type":"Organization","@id":"https:\/\/www.ohis.be\/#organization","name":"Ohis","url":"https:\/\/www.ohis.be\/","logo":{"@type":"ImageObject","inLanguage":"de","@id":"https:\/\/www.ohis.be\/#\/schema\/logo\/image\/","url":"https:\/\/www.ohis.be\/wp-content\/uploads\/2021\/02\/logo-ohis-wit.svg","contentUrl":"https:\/\/www.ohis.be\/wp-content\/uploads\/2021\/02\/logo-ohis-wit.svg","caption":"Ohis"},"image":{"@id":"https:\/\/www.ohis.be\/#\/schema\/logo\/image\/"}}]}},"_links":{"self":[{"href":"https:\/\/www.ohis.be\/de\/wp-json\/wp\/v2\/product\/9817","targetHints":{"allow":["GET"]}}],"collection":[{"href":"https:\/\/www.ohis.be\/de\/wp-json\/wp\/v2\/product"}],"about":[{"href":"https:\/\/www.ohis.be\/de\/wp-json\/wp\/v2\/types\/product"}],"wp:featuredmedia":[{"embeddable":true,"href":"https:\/\/www.ohis.be\/de\/wp-json\/wp\/v2\/media\/8911"}],"wp:attachment":[{"href":"https:\/\/www.ohis.be\/de\/wp-json\/wp\/v2\/media?parent=9817"}],"wp:term":[{"taxonomy":"product_brand","embeddable":true,"href":"https:\/\/www.ohis.be\/de\/wp-json\/wp\/v2\/product_brand?post=9817"},{"taxonomy":"product_cat","embeddable":true,"href":"https:\/\/www.ohis.be\/de\/wp-json\/wp\/v2\/product_cat?post=9817"},{"taxonomy":"product_tag","embeddable":true,"href":"https:\/\/www.ohis.be\/de\/wp-json\/wp\/v2\/product_tag?post=9817"}],"curies":[{"name":"wp","href":"https:\/\/api.w.org\/{rel}","templated":true}]}}