{"id":89448,"date":"2025-11-12T15:49:57","date_gmt":"2025-11-12T14:49:57","guid":{"rendered":"https:\/\/www.ohis.be\/produit\/zallys-jespi-testmodell\/"},"modified":"2025-11-18T09:54:43","modified_gmt":"2025-11-18T08:54:43","slug":"zallys-jespi-testmodell","status":"publish","type":"product","link":"https:\/\/www.ohis.be\/de\/produit\/zallys-jespi-testmodell\/","title":{"rendered":"Zallys Jespi \u2013 Testmodell"},"content":{"rendered":"<p>Wir bieten unseren Zallys Jespi, ein Testmodell, zu einem au\u00dfergew\u00f6hnlichen Preis an. Dieses Ger\u00e4t ist gebraucht und weist Nutzungsspuren auf, bleibt jedoch vollst\u00e4ndig funktionsf\u00e4hig und einsatzbereit. <\/p>\n<p>\u2728 Aktionspreis: nur 6.899 \u20ac (zzgl. MwSt.)<br \/>\n\ud83d\udcb0 Neupreis: 9.789,50 \u20ac (zzgl. MwSt.)<br \/>\n\ud83d\udd27 Zustand: gebraucht, mit sichtbaren Gebrauchsspuren<br \/>\n\ud83d\ude9a Lieferung im Benelux-Raum inklusive<br \/>\n\ud83d\udd0b Mit Ladeger\u00e4t geliefert<br \/>\n\ud83d\udee1\ufe0f 12 Monate Garantie inklusive<\/p>\n<p>Dies ist eine hervorragende Gelegenheit, einen professionellen Zallys Jespi zu einem stark reduzierten Preis \u2013 inklusive Garantie und Lieferung \u2013 zu erwerben.<\/p>\n<p>\ud83d\udcde Kontaktieren Sie uns gerne f\u00fcr weitere Informationen.<\/p>\n","protected":false},"excerpt":{"rendered":"<p>Wir bieten unseren Zallys Jespi, ein Testmodell, zu einem au\u00dfergew\u00f6hnlichen Preis an. Dieses Ger\u00e4t ist gebraucht und weist Nutzungsspuren auf, bleibt jedoch vollst\u00e4ndig funktionsf\u00e4hig und einsatzbereit. <\/p>\n<p>\u2728 Aktionspreis: nur 6.899 \u20ac (zzgl. MwSt.)<br \/>\n\ud83d\udcb0 Neupreis: 9.789,50 \u20ac (zzgl. MwSt.)<br \/>\n\ud83d\udd27 Zustand: gebraucht, mit sichtbaren Gebrauchsspuren<br \/>\n\ud83d\ude9a Lieferung im Benelux-Raum inklusive<br \/>\n\ud83d\udd0b Mit Ladeger\u00e4t geliefert<br \/>\n\ud83d\udee1\ufe0f 12 Monate Garantie inklusive<\/p>\n<p>Dies ist eine hervorragende Gelegenheit, einen professionellen Zallys Jespi zu einem stark reduzierten Preis \u2013 inklusive Garantie und Lieferung \u2013 zu erwerben.<\/p>\n<p>\ud83d\udcde Kontaktieren Sie uns gerne f\u00fcr weitere Informationen.<\/p>\n","protected":false},"featured_media":89179,"template":"","meta":{"_acf_changed":false,"inline_featured_image":false},"product_brand":[],"product_cat":[4556,3855],"product_tag":[],"class_list":{"0":"post-89448","1":"product","2":"type-product","3":"status-publish","4":"has-post-thumbnail","6":"product_cat-angebote","7":"product_cat-transporter-und-dumper","8":"product_shipping_class-6-de","9":"yith_product_brand-just-lift-de","11":"first","12":"instock","13":"sale","14":"sold-individually","15":"taxable","16":"shipping-taxable","17":"purchasable","18":"product-type-simple"},"acf":[],"yoast_head":"<!-- This site is optimized with the Yoast SEO plugin v27.4 - https:\/\/yoast.com\/product\/yoast-seo-wordpress\/ -->\n<title>Zallys Jespi \u2013 Testmodell - Ohis<\/title>\n<meta name=\"robots\" content=\"index, follow, max-snippet:-1, max-image-preview:large, max-video-preview:-1\" \/>\n<link rel=\"canonical\" href=\"https:\/\/www.ohis.be\/de\/produit\/zallys-jespi-testmodell\/\" \/>\n<meta property=\"og:locale\" content=\"de_DE\" \/>\n<meta property=\"og:type\" content=\"article\" \/>\n<meta property=\"og:title\" content=\"Zallys Jespi \u2013 Testmodell - Ohis\" \/>\n<meta property=\"og:description\" content=\"Wir bieten unseren Zallys Jespi, ein Testmodell, zu einem au\u00dfergew\u00f6hnlichen Preis an. Dieses Ger\u00e4t ist gebraucht und weist Nutzungsspuren auf, bleibt jedoch vollst\u00e4ndig funktionsf\u00e4hig und einsatzbereit.  \u2728 Aktionspreis: nur 6.899 \u20ac (zzgl. MwSt.) \ud83d\udcb0 Neupreis: 9.789,50 \u20ac (zzgl. MwSt.) \ud83d\udd27 Zustand: gebraucht, mit sichtbaren Gebrauchsspuren \ud83d\ude9a Lieferung im Benelux-Raum inklusive \ud83d\udd0b Mit Ladeger\u00e4t geliefert \ud83d\udee1\ufe0f 12 Monate Garantie inklusive Dies ist eine hervorragende Gelegenheit, einen professionellen Zallys Jespi zu einem stark reduzierten Preis \u2013 inklusive Garantie und Lieferung \u2013 zu erwerben. \ud83d\udcde Kontaktieren Sie uns gerne f\u00fcr weitere Informationen.\" \/>\n<meta property=\"og:url\" content=\"https:\/\/www.ohis.be\/de\/produit\/zallys-jespi-testmodell\/\" \/>\n<meta property=\"og:site_name\" content=\"Ohis\" \/>\n<meta property=\"article:modified_time\" content=\"2025-11-18T08:54:43+00:00\" \/>\n<meta property=\"og:image\" content=\"https:\/\/www.ohis.be\/wp-content\/uploads\/2025\/11\/20251112_074320-scaled.jpg\" \/>\n\t<meta property=\"og:image:width\" content=\"2560\" \/>\n\t<meta property=\"og:image:height\" content=\"1920\" \/>\n\t<meta property=\"og:image:type\" content=\"image\/jpeg\" \/>\n<meta name=\"twitter:card\" content=\"summary_large_image\" \/>\n<script type=\"application\/ld+json\" class=\"yoast-schema-graph\">{\"@context\":\"https:\\\/\\\/schema.org\",\"@graph\":[{\"@type\":\"WebPage\",\"@id\":\"https:\\\/\\\/www.ohis.be\\\/de\\\/produit\\\/zallys-jespi-testmodell\\\/\",\"url\":\"https:\\\/\\\/www.ohis.be\\\/de\\\/produit\\\/zallys-jespi-testmodell\\\/\",\"name\":\"Zallys Jespi \u2013 Testmodell - Ohis\",\"isPartOf\":{\"@id\":\"https:\\\/\\\/www.ohis.be\\\/#website\"},\"primaryImageOfPage\":{\"@id\":\"https:\\\/\\\/www.ohis.be\\\/de\\\/produit\\\/zallys-jespi-testmodell\\\/#primaryimage\"},\"image\":{\"@id\":\"https:\\\/\\\/www.ohis.be\\\/de\\\/produit\\\/zallys-jespi-testmodell\\\/#primaryimage\"},\"thumbnailUrl\":\"https:\\\/\\\/www.ohis.be\\\/wp-content\\\/uploads\\\/2025\\\/11\\\/20251112_074320-scaled.jpg\",\"datePublished\":\"2025-11-12T14:49:57+00:00\",\"dateModified\":\"2025-11-18T08:54:43+00:00\",\"breadcrumb\":{\"@id\":\"https:\\\/\\\/www.ohis.be\\\/de\\\/produit\\\/zallys-jespi-testmodell\\\/#breadcrumb\"},\"inLanguage\":\"de\",\"potentialAction\":[{\"@type\":\"ReadAction\",\"target\":[\"https:\\\/\\\/www.ohis.be\\\/de\\\/produit\\\/zallys-jespi-testmodell\\\/\"]}]},{\"@type\":\"ImageObject\",\"inLanguage\":\"de\",\"@id\":\"https:\\\/\\\/www.ohis.be\\\/de\\\/produit\\\/zallys-jespi-testmodell\\\/#primaryimage\",\"url\":\"https:\\\/\\\/www.ohis.be\\\/wp-content\\\/uploads\\\/2025\\\/11\\\/20251112_074320-scaled.jpg\",\"contentUrl\":\"https:\\\/\\\/www.ohis.be\\\/wp-content\\\/uploads\\\/2025\\\/11\\\/20251112_074320-scaled.jpg\",\"width\":2560,\"height\":1920},{\"@type\":\"BreadcrumbList\",\"@id\":\"https:\\\/\\\/www.ohis.be\\\/de\\\/produit\\\/zallys-jespi-testmodell\\\/#breadcrumb\",\"itemListElement\":[{\"@type\":\"ListItem\",\"position\":1,\"name\":\"Accueil\",\"item\":\"https:\\\/\\\/www.ohis.be\\\/de\\\/\"},{\"@type\":\"ListItem\",\"position\":2,\"name\":\"Produkte\",\"item\":\"https:\\\/\\\/www.ohis.be\\\/de\\\/produkte\\\/\"},{\"@type\":\"ListItem\",\"position\":3,\"name\":\"Zallys Jespi \u2013 Testmodell\"}]},{\"@type\":\"WebSite\",\"@id\":\"https:\\\/\\\/www.ohis.be\\\/#website\",\"url\":\"https:\\\/\\\/www.ohis.be\\\/\",\"name\":\"Ohis\",\"description\":\"Outils de levage\",\"publisher\":{\"@id\":\"https:\\\/\\\/www.ohis.be\\\/#organization\"},\"potentialAction\":[{\"@type\":\"SearchAction\",\"target\":{\"@type\":\"EntryPoint\",\"urlTemplate\":\"https:\\\/\\\/www.ohis.be\\\/?s={search_term_string}\"},\"query-input\":{\"@type\":\"PropertyValueSpecification\",\"valueRequired\":true,\"valueName\":\"search_term_string\"}}],\"inLanguage\":\"de\"},{\"@type\":\"Organization\",\"@id\":\"https:\\\/\\\/www.ohis.be\\\/#organization\",\"name\":\"Ohis\",\"url\":\"https:\\\/\\\/www.ohis.be\\\/\",\"logo\":{\"@type\":\"ImageObject\",\"inLanguage\":\"de\",\"@id\":\"https:\\\/\\\/www.ohis.be\\\/#\\\/schema\\\/logo\\\/image\\\/\",\"url\":\"https:\\\/\\\/www.ohis.be\\\/wp-content\\\/uploads\\\/2021\\\/02\\\/logo-ohis-wit.svg\",\"contentUrl\":\"https:\\\/\\\/www.ohis.be\\\/wp-content\\\/uploads\\\/2021\\\/02\\\/logo-ohis-wit.svg\",\"caption\":\"Ohis\"},\"image\":{\"@id\":\"https:\\\/\\\/www.ohis.be\\\/#\\\/schema\\\/logo\\\/image\\\/\"}}]}<\/script>\n<!-- \/ Yoast SEO plugin. -->","yoast_head_json":{"title":"Zallys Jespi \u2013 Testmodell - Ohis","robots":{"index":"index","follow":"follow","max-snippet":"max-snippet:-1","max-image-preview":"max-image-preview:large","max-video-preview":"max-video-preview:-1"},"canonical":"https:\/\/www.ohis.be\/de\/produit\/zallys-jespi-testmodell\/","og_locale":"de_DE","og_type":"article","og_title":"Zallys Jespi \u2013 Testmodell - Ohis","og_description":"Wir bieten unseren Zallys Jespi, ein Testmodell, zu einem au\u00dfergew\u00f6hnlichen Preis an. Dieses Ger\u00e4t ist gebraucht und weist Nutzungsspuren auf, bleibt jedoch vollst\u00e4ndig funktionsf\u00e4hig und einsatzbereit.  \u2728 Aktionspreis: nur 6.899 \u20ac (zzgl. MwSt.) \ud83d\udcb0 Neupreis: 9.789,50 \u20ac (zzgl. MwSt.) \ud83d\udd27 Zustand: gebraucht, mit sichtbaren Gebrauchsspuren \ud83d\ude9a Lieferung im Benelux-Raum inklusive \ud83d\udd0b Mit Ladeger\u00e4t geliefert \ud83d\udee1\ufe0f 12 Monate Garantie inklusive Dies ist eine hervorragende Gelegenheit, einen professionellen Zallys Jespi zu einem stark reduzierten Preis \u2013 inklusive Garantie und Lieferung \u2013 zu erwerben. \ud83d\udcde Kontaktieren Sie uns gerne f\u00fcr weitere Informationen.","og_url":"https:\/\/www.ohis.be\/de\/produit\/zallys-jespi-testmodell\/","og_site_name":"Ohis","article_modified_time":"2025-11-18T08:54:43+00:00","og_image":[{"width":2560,"height":1920,"url":"https:\/\/www.ohis.be\/wp-content\/uploads\/2025\/11\/20251112_074320-scaled.jpg","type":"image\/jpeg"}],"twitter_card":"summary_large_image","schema":{"@context":"https:\/\/schema.org","@graph":[{"@type":"WebPage","@id":"https:\/\/www.ohis.be\/de\/produit\/zallys-jespi-testmodell\/","url":"https:\/\/www.ohis.be\/de\/produit\/zallys-jespi-testmodell\/","name":"Zallys Jespi \u2013 Testmodell - Ohis","isPartOf":{"@id":"https:\/\/www.ohis.be\/#website"},"primaryImageOfPage":{"@id":"https:\/\/www.ohis.be\/de\/produit\/zallys-jespi-testmodell\/#primaryimage"},"image":{"@id":"https:\/\/www.ohis.be\/de\/produit\/zallys-jespi-testmodell\/#primaryimage"},"thumbnailUrl":"https:\/\/www.ohis.be\/wp-content\/uploads\/2025\/11\/20251112_074320-scaled.jpg","datePublished":"2025-11-12T14:49:57+00:00","dateModified":"2025-11-18T08:54:43+00:00","breadcrumb":{"@id":"https:\/\/www.ohis.be\/de\/produit\/zallys-jespi-testmodell\/#breadcrumb"},"inLanguage":"de","potentialAction":[{"@type":"ReadAction","target":["https:\/\/www.ohis.be\/de\/produit\/zallys-jespi-testmodell\/"]}]},{"@type":"ImageObject","inLanguage":"de","@id":"https:\/\/www.ohis.be\/de\/produit\/zallys-jespi-testmodell\/#primaryimage","url":"https:\/\/www.ohis.be\/wp-content\/uploads\/2025\/11\/20251112_074320-scaled.jpg","contentUrl":"https:\/\/www.ohis.be\/wp-content\/uploads\/2025\/11\/20251112_074320-scaled.jpg","width":2560,"height":1920},{"@type":"BreadcrumbList","@id":"https:\/\/www.ohis.be\/de\/produit\/zallys-jespi-testmodell\/#breadcrumb","itemListElement":[{"@type":"ListItem","position":1,"name":"Accueil","item":"https:\/\/www.ohis.be\/de\/"},{"@type":"ListItem","position":2,"name":"Produkte","item":"https:\/\/www.ohis.be\/de\/produkte\/"},{"@type":"ListItem","position":3,"name":"Zallys Jespi \u2013 Testmodell"}]},{"@type":"WebSite","@id":"https:\/\/www.ohis.be\/#website","url":"https:\/\/www.ohis.be\/","name":"Ohis","description":"Outils de levage","publisher":{"@id":"https:\/\/www.ohis.be\/#organization"},"potentialAction":[{"@type":"SearchAction","target":{"@type":"EntryPoint","urlTemplate":"https:\/\/www.ohis.be\/?s={search_term_string}"},"query-input":{"@type":"PropertyValueSpecification","valueRequired":true,"valueName":"search_term_string"}}],"inLanguage":"de"},{"@type":"Organization","@id":"https:\/\/www.ohis.be\/#organization","name":"Ohis","url":"https:\/\/www.ohis.be\/","logo":{"@type":"ImageObject","inLanguage":"de","@id":"https:\/\/www.ohis.be\/#\/schema\/logo\/image\/","url":"https:\/\/www.ohis.be\/wp-content\/uploads\/2021\/02\/logo-ohis-wit.svg","contentUrl":"https:\/\/www.ohis.be\/wp-content\/uploads\/2021\/02\/logo-ohis-wit.svg","caption":"Ohis"},"image":{"@id":"https:\/\/www.ohis.be\/#\/schema\/logo\/image\/"}}]}},"_links":{"self":[{"href":"https:\/\/www.ohis.be\/de\/wp-json\/wp\/v2\/product\/89448","targetHints":{"allow":["GET"]}}],"collection":[{"href":"https:\/\/www.ohis.be\/de\/wp-json\/wp\/v2\/product"}],"about":[{"href":"https:\/\/www.ohis.be\/de\/wp-json\/wp\/v2\/types\/product"}],"wp:featuredmedia":[{"embeddable":true,"href":"https:\/\/www.ohis.be\/de\/wp-json\/wp\/v2\/media\/89179"}],"wp:attachment":[{"href":"https:\/\/www.ohis.be\/de\/wp-json\/wp\/v2\/media?parent=89448"}],"wp:term":[{"taxonomy":"product_brand","embeddable":true,"href":"https:\/\/www.ohis.be\/de\/wp-json\/wp\/v2\/product_brand?post=89448"},{"taxonomy":"product_cat","embeddable":true,"href":"https:\/\/www.ohis.be\/de\/wp-json\/wp\/v2\/product_cat?post=89448"},{"taxonomy":"product_tag","embeddable":true,"href":"https:\/\/www.ohis.be\/de\/wp-json\/wp\/v2\/product_tag?post=89448"}],"curies":[{"name":"wp","href":"https:\/\/api.w.org\/{rel}","templated":true}]}}