{"id":89083,"date":"2025-11-04T09:33:52","date_gmt":"2025-11-04T08:33:52","guid":{"rendered":"https:\/\/www.ohis.be\/produit\/gerades-stueck-demag-dcl-pro-gs-4-25-pe-4000mm\/"},"modified":"2025-11-06T15:41:17","modified_gmt":"2025-11-06T14:41:17","slug":"gerades-stueck-demag-dcl-pro-gs-4-25-pe-4000mm","status":"publish","type":"product","link":"https:\/\/www.ohis.be\/de\/produit\/gerades-stueck-demag-dcl-pro-gs-4-25-pe-4000mm\/","title":{"rendered":"Gerades St\u00fcck Demag DCL-Pro-GS-4-25-PE-4000mm"},"content":{"rendered":"<table width=\"570\" cellspacing=\"0\" cellpadding=\"0\">\n<tbody>\n<tr>\n<td align=\"left\" width=\"190\">Mantelmaterial<\/td>\n<td colspan=\"3\" width=\"380\">PVC<\/td>\n<\/tr>\n<tr>\n<td align=\"left\" bgcolor=\"#e0e0e0\" width=\"190\">Polarit\u00e4t<\/td>\n<td colspan=\"3\" bgcolor=\"#e0e0e0\" width=\"380\">4<\/td>\n<\/tr>\n<tr>\n<td align=\"left\" width=\"190\">Abstand zwischen Aufh\u00e4ngungen (max. lw)<\/td>\n<td colspan=\"3\" width=\"380\">2000 mm<\/td>\n<\/tr>\n<tr>\n<td align=\"left\" bgcolor=\"#e0e0e0\" width=\"190\">Versorgungsspannung<\/td>\n<td colspan=\"3\" bgcolor=\"#e0e0e0\" width=\"380\">24 V bis 690 V VAC<\/td>\n<\/tr>\n<tr>\n<td align=\"left\" width=\"190\">Leiterquerschnitt<\/td>\n<td colspan=\"3\" width=\"380\">25 mm\u00b2<\/td>\n<\/tr>\n<tr>\n<td align=\"left\" bgcolor=\"#e0e0e0\" width=\"190\">Strombelastbarkeit des Leistungsleiters 100% ED bis 35 \u00b0C<\/td>\n<td colspan=\"3\" bgcolor=\"#e0e0e0\" width=\"380\">100 A<\/td>\n<\/tr>\n<tr>\n<td align=\"left\" width=\"190\">Material der Leistungsleiter<\/td>\n<td colspan=\"3\" width=\"380\">Kupfer<\/td>\n<\/tr>\n<tr>\n<td align=\"left\" bgcolor=\"#e0e0e0\" width=\"190\">Querschnitt des Schutzleiters (PE)<\/td>\n<td colspan=\"3\" bgcolor=\"#e0e0e0\" width=\"380\">25 mm\u00b2<\/td>\n<\/tr>\n<tr>\n<td align=\"left\" width=\"190\">Umgebungstemperatur<\/td>\n<td colspan=\"3\" width=\"380\">-30 \u00b0C \/ 70 \u00b0C<\/td>\n<\/tr>\n<tr>\n<td align=\"left\" bgcolor=\"#e0e0e0\" width=\"190\">Schutzart<\/td>\n<td colspan=\"3\" bgcolor=\"#e0e0e0\" width=\"380\">IP23<\/td>\n<\/tr>\n<tr>\n<td align=\"left\" width=\"190\">Schutzart mit Dichtprofil<\/td>\n<td colspan=\"3\" width=\"380\">IP24<\/td>\n<\/tr>\n<tr>\n<td align=\"left\" bgcolor=\"#e0e0e0\" width=\"190\">Brandschutz<\/td>\n<td colspan=\"3\" bgcolor=\"#e0e0e0\" width=\"380\">UL94 V-O ; nicht halogenfrei<\/td>\n<\/tr>\n<\/tbody>\n<\/table>\n","protected":false},"excerpt":{"rendered":"<table width=\"570\" cellspacing=\"0\" cellpadding=\"0\">\n<tbody>\n<tr>\n<td align=\"left\" width=\"190\">Mantelmaterial<\/td>\n<td colspan=\"3\" width=\"380\">PVC<\/td>\n<\/tr>\n<tr>\n<td align=\"left\" bgcolor=\"#e0e0e0\" width=\"190\">Polarit\u00e4t<\/td>\n<td colspan=\"3\" bgcolor=\"#e0e0e0\" width=\"380\">4<\/td>\n<\/tr>\n<tr>\n<td align=\"left\" width=\"190\">Abstand zwischen Aufh\u00e4ngungen (max. lw)<\/td>\n<td colspan=\"3\" width=\"380\">2000 mm<\/td>\n<\/tr>\n<tr>\n<td align=\"left\" bgcolor=\"#e0e0e0\" width=\"190\">Versorgungsspannung<\/td>\n<td colspan=\"3\" bgcolor=\"#e0e0e0\" width=\"380\">24 V bis 690 V VAC<\/td>\n<\/tr>\n<tr>\n<td align=\"left\" width=\"190\">Leiterquerschnitt<\/td>\n<td colspan=\"3\" width=\"380\">25 mm\u00b2<\/td>\n<\/tr>\n<tr>\n<td align=\"left\" bgcolor=\"#e0e0e0\" width=\"190\">Strombelastbarkeit des Leistungsleiters 100% ED bis 35 \u00b0C<\/td>\n<td colspan=\"3\" bgcolor=\"#e0e0e0\" width=\"380\">100 A<\/td>\n<\/tr>\n<tr>\n<td align=\"left\" width=\"190\">Material der Leistungsleiter<\/td>\n<td colspan=\"3\" width=\"380\">Kupfer<\/td>\n<\/tr>\n<tr>\n<td align=\"left\" bgcolor=\"#e0e0e0\" width=\"190\">Querschnitt des Schutzleiters (PE)<\/td>\n<td colspan=\"3\" bgcolor=\"#e0e0e0\" width=\"380\">25 mm\u00b2<\/td>\n<\/tr>\n<tr>\n<td align=\"left\" width=\"190\">Umgebungstemperatur<\/td>\n<td colspan=\"3\" width=\"380\">-30 \u00b0C \/ 70 \u00b0C<\/td>\n<\/tr>\n<tr>\n<td align=\"left\" bgcolor=\"#e0e0e0\" width=\"190\">Schutzart<\/td>\n<td colspan=\"3\" bgcolor=\"#e0e0e0\" width=\"380\">IP23<\/td>\n<\/tr>\n<tr>\n<td align=\"left\" width=\"190\">Schutzart mit Dichtprofil<\/td>\n<td colspan=\"3\" width=\"380\">IP24<\/td>\n<\/tr>\n<tr>\n<td align=\"left\" bgcolor=\"#e0e0e0\" width=\"190\">Brandschutz<\/td>\n<td colspan=\"3\" bgcolor=\"#e0e0e0\" width=\"380\">UL94 V-O ; nicht halogenfrei<\/td>\n<\/tr>\n<\/tbody>\n<\/table>\n","protected":false},"featured_media":88897,"template":"","meta":{"_acf_changed":false,"inline_featured_image":false},"product_brand":[],"product_cat":[349],"product_tag":[],"class_list":{"0":"post-89083","1":"product","2":"type-product","3":"status-publish","4":"has-post-thumbnail","6":"product_cat-stromleitung","7":"yith_product_brand-demag-de","9":"first","10":"instock","11":"taxable","12":"shipping-taxable","13":"purchasable","14":"product-type-simple"},"acf":[],"yoast_head":"<!-- This site is optimized with the Yoast SEO plugin v27.4 - https:\/\/yoast.com\/product\/yoast-seo-wordpress\/ -->\n<title>Gerades St\u00fcck Demag DCL-Pro-GS-4-25-PE-4000mm - Ohis<\/title>\n<meta name=\"robots\" content=\"index, follow, max-snippet:-1, max-image-preview:large, max-video-preview:-1\" \/>\n<link rel=\"canonical\" href=\"https:\/\/www.ohis.be\/de\/produit\/gerades-stueck-demag-dcl-pro-gs-4-25-pe-4000mm\/\" \/>\n<meta property=\"og:locale\" content=\"de_DE\" \/>\n<meta property=\"og:type\" content=\"article\" \/>\n<meta property=\"og:title\" content=\"Gerades St\u00fcck Demag DCL-Pro-GS-4-25-PE-4000mm - Ohis\" \/>\n<meta property=\"og:description\" content=\"Mantelmaterial PVC  Polarit\u00e4t 4  Abstand zwischen Aufh\u00e4ngungen (max. lw) 2000 mm  Versorgungsspannung 24 V bis 690 V VAC  Leiterquerschnitt 25 mm\u00b2  Strombelastbarkeit des Leistungsleiters 100% ED bis 35 \u00b0C 100 A  Material der Leistungsleiter Kupfer  Querschnitt des Schutzleiters (PE) 25 mm\u00b2  Umgebungstemperatur -30 \u00b0C \/ 70 \u00b0C  Schutzart IP23  Schutzart mit Dichtprofil IP24  Brandschutz UL94 V-O ; nicht halogenfrei\" \/>\n<meta property=\"og:url\" content=\"https:\/\/www.ohis.be\/de\/produit\/gerades-stueck-demag-dcl-pro-gs-4-25-pe-4000mm\/\" \/>\n<meta property=\"og:site_name\" content=\"Ohis\" \/>\n<meta property=\"article:modified_time\" content=\"2025-11-06T14:41:17+00:00\" \/>\n<meta property=\"og:image\" content=\"https:\/\/www.ohis.be\/wp-content\/uploads\/2025\/11\/Demag-DCL-Pro.png\" \/>\n\t<meta property=\"og:image:width\" content=\"411\" \/>\n\t<meta property=\"og:image:height\" content=\"252\" \/>\n\t<meta property=\"og:image:type\" content=\"image\/png\" \/>\n<meta name=\"twitter:card\" content=\"summary_large_image\" \/>\n<script type=\"application\/ld+json\" class=\"yoast-schema-graph\">{\"@context\":\"https:\\\/\\\/schema.org\",\"@graph\":[{\"@type\":\"WebPage\",\"@id\":\"https:\\\/\\\/www.ohis.be\\\/de\\\/produit\\\/gerades-stueck-demag-dcl-pro-gs-4-25-pe-4000mm\\\/\",\"url\":\"https:\\\/\\\/www.ohis.be\\\/de\\\/produit\\\/gerades-stueck-demag-dcl-pro-gs-4-25-pe-4000mm\\\/\",\"name\":\"Gerades St\u00fcck Demag DCL-Pro-GS-4-25-PE-4000mm - Ohis\",\"isPartOf\":{\"@id\":\"https:\\\/\\\/www.ohis.be\\\/#website\"},\"primaryImageOfPage\":{\"@id\":\"https:\\\/\\\/www.ohis.be\\\/de\\\/produit\\\/gerades-stueck-demag-dcl-pro-gs-4-25-pe-4000mm\\\/#primaryimage\"},\"image\":{\"@id\":\"https:\\\/\\\/www.ohis.be\\\/de\\\/produit\\\/gerades-stueck-demag-dcl-pro-gs-4-25-pe-4000mm\\\/#primaryimage\"},\"thumbnailUrl\":\"https:\\\/\\\/www.ohis.be\\\/wp-content\\\/uploads\\\/2025\\\/11\\\/Demag-DCL-Pro.png\",\"datePublished\":\"2025-11-04T08:33:52+00:00\",\"dateModified\":\"2025-11-06T14:41:17+00:00\",\"breadcrumb\":{\"@id\":\"https:\\\/\\\/www.ohis.be\\\/de\\\/produit\\\/gerades-stueck-demag-dcl-pro-gs-4-25-pe-4000mm\\\/#breadcrumb\"},\"inLanguage\":\"de\",\"potentialAction\":[{\"@type\":\"ReadAction\",\"target\":[\"https:\\\/\\\/www.ohis.be\\\/de\\\/produit\\\/gerades-stueck-demag-dcl-pro-gs-4-25-pe-4000mm\\\/\"]}]},{\"@type\":\"ImageObject\",\"inLanguage\":\"de\",\"@id\":\"https:\\\/\\\/www.ohis.be\\\/de\\\/produit\\\/gerades-stueck-demag-dcl-pro-gs-4-25-pe-4000mm\\\/#primaryimage\",\"url\":\"https:\\\/\\\/www.ohis.be\\\/wp-content\\\/uploads\\\/2025\\\/11\\\/Demag-DCL-Pro.png\",\"contentUrl\":\"https:\\\/\\\/www.ohis.be\\\/wp-content\\\/uploads\\\/2025\\\/11\\\/Demag-DCL-Pro.png\",\"width\":411,\"height\":252},{\"@type\":\"BreadcrumbList\",\"@id\":\"https:\\\/\\\/www.ohis.be\\\/de\\\/produit\\\/gerades-stueck-demag-dcl-pro-gs-4-25-pe-4000mm\\\/#breadcrumb\",\"itemListElement\":[{\"@type\":\"ListItem\",\"position\":1,\"name\":\"Accueil\",\"item\":\"https:\\\/\\\/www.ohis.be\\\/de\\\/\"},{\"@type\":\"ListItem\",\"position\":2,\"name\":\"Produkte\",\"item\":\"https:\\\/\\\/www.ohis.be\\\/de\\\/produkte\\\/\"},{\"@type\":\"ListItem\",\"position\":3,\"name\":\"Gerades St\u00fcck Demag DCL-Pro-GS-4-25-PE-4000mm\"}]},{\"@type\":\"WebSite\",\"@id\":\"https:\\\/\\\/www.ohis.be\\\/#website\",\"url\":\"https:\\\/\\\/www.ohis.be\\\/\",\"name\":\"Ohis\",\"description\":\"Outils de levage\",\"publisher\":{\"@id\":\"https:\\\/\\\/www.ohis.be\\\/#organization\"},\"potentialAction\":[{\"@type\":\"SearchAction\",\"target\":{\"@type\":\"EntryPoint\",\"urlTemplate\":\"https:\\\/\\\/www.ohis.be\\\/?s={search_term_string}\"},\"query-input\":{\"@type\":\"PropertyValueSpecification\",\"valueRequired\":true,\"valueName\":\"search_term_string\"}}],\"inLanguage\":\"de\"},{\"@type\":\"Organization\",\"@id\":\"https:\\\/\\\/www.ohis.be\\\/#organization\",\"name\":\"Ohis\",\"url\":\"https:\\\/\\\/www.ohis.be\\\/\",\"logo\":{\"@type\":\"ImageObject\",\"inLanguage\":\"de\",\"@id\":\"https:\\\/\\\/www.ohis.be\\\/#\\\/schema\\\/logo\\\/image\\\/\",\"url\":\"https:\\\/\\\/www.ohis.be\\\/wp-content\\\/uploads\\\/2021\\\/02\\\/logo-ohis-wit.svg\",\"contentUrl\":\"https:\\\/\\\/www.ohis.be\\\/wp-content\\\/uploads\\\/2021\\\/02\\\/logo-ohis-wit.svg\",\"caption\":\"Ohis\"},\"image\":{\"@id\":\"https:\\\/\\\/www.ohis.be\\\/#\\\/schema\\\/logo\\\/image\\\/\"}}]}<\/script>\n<!-- \/ Yoast SEO plugin. -->","yoast_head_json":{"title":"Gerades St\u00fcck Demag DCL-Pro-GS-4-25-PE-4000mm - Ohis","robots":{"index":"index","follow":"follow","max-snippet":"max-snippet:-1","max-image-preview":"max-image-preview:large","max-video-preview":"max-video-preview:-1"},"canonical":"https:\/\/www.ohis.be\/de\/produit\/gerades-stueck-demag-dcl-pro-gs-4-25-pe-4000mm\/","og_locale":"de_DE","og_type":"article","og_title":"Gerades St\u00fcck Demag DCL-Pro-GS-4-25-PE-4000mm - Ohis","og_description":"Mantelmaterial PVC  Polarit\u00e4t 4  Abstand zwischen Aufh\u00e4ngungen (max. lw) 2000 mm  Versorgungsspannung 24 V bis 690 V VAC  Leiterquerschnitt 25 mm\u00b2  Strombelastbarkeit des Leistungsleiters 100% ED bis 35 \u00b0C 100 A  Material der Leistungsleiter Kupfer  Querschnitt des Schutzleiters (PE) 25 mm\u00b2  Umgebungstemperatur -30 \u00b0C \/ 70 \u00b0C  Schutzart IP23  Schutzart mit Dichtprofil IP24  Brandschutz UL94 V-O ; nicht halogenfrei","og_url":"https:\/\/www.ohis.be\/de\/produit\/gerades-stueck-demag-dcl-pro-gs-4-25-pe-4000mm\/","og_site_name":"Ohis","article_modified_time":"2025-11-06T14:41:17+00:00","og_image":[{"width":411,"height":252,"url":"https:\/\/www.ohis.be\/wp-content\/uploads\/2025\/11\/Demag-DCL-Pro.png","type":"image\/png"}],"twitter_card":"summary_large_image","schema":{"@context":"https:\/\/schema.org","@graph":[{"@type":"WebPage","@id":"https:\/\/www.ohis.be\/de\/produit\/gerades-stueck-demag-dcl-pro-gs-4-25-pe-4000mm\/","url":"https:\/\/www.ohis.be\/de\/produit\/gerades-stueck-demag-dcl-pro-gs-4-25-pe-4000mm\/","name":"Gerades St\u00fcck Demag DCL-Pro-GS-4-25-PE-4000mm - Ohis","isPartOf":{"@id":"https:\/\/www.ohis.be\/#website"},"primaryImageOfPage":{"@id":"https:\/\/www.ohis.be\/de\/produit\/gerades-stueck-demag-dcl-pro-gs-4-25-pe-4000mm\/#primaryimage"},"image":{"@id":"https:\/\/www.ohis.be\/de\/produit\/gerades-stueck-demag-dcl-pro-gs-4-25-pe-4000mm\/#primaryimage"},"thumbnailUrl":"https:\/\/www.ohis.be\/wp-content\/uploads\/2025\/11\/Demag-DCL-Pro.png","datePublished":"2025-11-04T08:33:52+00:00","dateModified":"2025-11-06T14:41:17+00:00","breadcrumb":{"@id":"https:\/\/www.ohis.be\/de\/produit\/gerades-stueck-demag-dcl-pro-gs-4-25-pe-4000mm\/#breadcrumb"},"inLanguage":"de","potentialAction":[{"@type":"ReadAction","target":["https:\/\/www.ohis.be\/de\/produit\/gerades-stueck-demag-dcl-pro-gs-4-25-pe-4000mm\/"]}]},{"@type":"ImageObject","inLanguage":"de","@id":"https:\/\/www.ohis.be\/de\/produit\/gerades-stueck-demag-dcl-pro-gs-4-25-pe-4000mm\/#primaryimage","url":"https:\/\/www.ohis.be\/wp-content\/uploads\/2025\/11\/Demag-DCL-Pro.png","contentUrl":"https:\/\/www.ohis.be\/wp-content\/uploads\/2025\/11\/Demag-DCL-Pro.png","width":411,"height":252},{"@type":"BreadcrumbList","@id":"https:\/\/www.ohis.be\/de\/produit\/gerades-stueck-demag-dcl-pro-gs-4-25-pe-4000mm\/#breadcrumb","itemListElement":[{"@type":"ListItem","position":1,"name":"Accueil","item":"https:\/\/www.ohis.be\/de\/"},{"@type":"ListItem","position":2,"name":"Produkte","item":"https:\/\/www.ohis.be\/de\/produkte\/"},{"@type":"ListItem","position":3,"name":"Gerades St\u00fcck Demag DCL-Pro-GS-4-25-PE-4000mm"}]},{"@type":"WebSite","@id":"https:\/\/www.ohis.be\/#website","url":"https:\/\/www.ohis.be\/","name":"Ohis","description":"Outils de levage","publisher":{"@id":"https:\/\/www.ohis.be\/#organization"},"potentialAction":[{"@type":"SearchAction","target":{"@type":"EntryPoint","urlTemplate":"https:\/\/www.ohis.be\/?s={search_term_string}"},"query-input":{"@type":"PropertyValueSpecification","valueRequired":true,"valueName":"search_term_string"}}],"inLanguage":"de"},{"@type":"Organization","@id":"https:\/\/www.ohis.be\/#organization","name":"Ohis","url":"https:\/\/www.ohis.be\/","logo":{"@type":"ImageObject","inLanguage":"de","@id":"https:\/\/www.ohis.be\/#\/schema\/logo\/image\/","url":"https:\/\/www.ohis.be\/wp-content\/uploads\/2021\/02\/logo-ohis-wit.svg","contentUrl":"https:\/\/www.ohis.be\/wp-content\/uploads\/2021\/02\/logo-ohis-wit.svg","caption":"Ohis"},"image":{"@id":"https:\/\/www.ohis.be\/#\/schema\/logo\/image\/"}}]}},"_links":{"self":[{"href":"https:\/\/www.ohis.be\/de\/wp-json\/wp\/v2\/product\/89083","targetHints":{"allow":["GET"]}}],"collection":[{"href":"https:\/\/www.ohis.be\/de\/wp-json\/wp\/v2\/product"}],"about":[{"href":"https:\/\/www.ohis.be\/de\/wp-json\/wp\/v2\/types\/product"}],"wp:featuredmedia":[{"embeddable":true,"href":"https:\/\/www.ohis.be\/de\/wp-json\/wp\/v2\/media\/88897"}],"wp:attachment":[{"href":"https:\/\/www.ohis.be\/de\/wp-json\/wp\/v2\/media?parent=89083"}],"wp:term":[{"taxonomy":"product_brand","embeddable":true,"href":"https:\/\/www.ohis.be\/de\/wp-json\/wp\/v2\/product_brand?post=89083"},{"taxonomy":"product_cat","embeddable":true,"href":"https:\/\/www.ohis.be\/de\/wp-json\/wp\/v2\/product_cat?post=89083"},{"taxonomy":"product_tag","embeddable":true,"href":"https:\/\/www.ohis.be\/de\/wp-json\/wp\/v2\/product_tag?post=89083"}],"curies":[{"name":"wp","href":"https:\/\/api.w.org\/{rel}","templated":true}]}}