{"id":85972,"date":"2025-08-28T16:04:32","date_gmt":"2025-08-28T14:04:32","guid":{"rendered":"https:\/\/www.ohis.be\/produit\/oeldichtung-58-x705x5\/"},"modified":"2025-09-02T12:28:37","modified_gmt":"2025-09-02T10:28:37","slug":"oeldichtung-58-x705x5","status":"publish","type":"product","link":"https:\/\/www.ohis.be\/de\/produit\/oeldichtung-58-x705x5\/","title":{"rendered":"\u00d6ldichtung 58 X70,5X5"},"content":{"rendered":"<p>\u00d6ldichtung 58 X70,5X5<\/p>\n<p>Innendurchmesser : 58 mm<\/p>\n<p>Au\u00dfendurchmesser : 70,5 mm<\/p>\n<p>Dicke : 5 mm<\/p>\n<p>Material : Nitrilkautschuk<\/p>\n","protected":false},"excerpt":{"rendered":"<p>\u00d6ldichtung 58 X70,5X5<\/p>\n<p>Innendurchmesser : 58 mm<\/p>\n<p>Au\u00dfendurchmesser : 70,5 mm<\/p>\n<p>Dicke : 5 mm<\/p>\n<p>Material : Nitrilkautschuk<\/p>\n","protected":false},"featured_media":85497,"template":"","meta":{"_acf_changed":false,"inline_featured_image":false},"product_brand":[],"product_cat":[362,369],"product_tag":[3515,3508],"class_list":{"0":"post-85972","1":"product","2":"type-product","3":"status-publish","4":"has-post-thumbnail","6":"product_cat-demag-dh-de","7":"product_cat-demag-kb-de","8":"product_tag-dh300-de","9":"product_tag-kb71-de","10":"yith_product_brand-demag-de","12":"first","13":"onbackorder","14":"taxable","15":"shipping-taxable","16":"purchasable","17":"product-type-simple"},"acf":[],"yoast_head":"<!-- This site is optimized with the Yoast SEO plugin v27.4 - https:\/\/yoast.com\/product\/yoast-seo-wordpress\/ -->\n<title>\u00d6ldichtung 58 X70,5X5 - Ohis<\/title>\n<meta name=\"robots\" content=\"index, follow, max-snippet:-1, max-image-preview:large, max-video-preview:-1\" \/>\n<link rel=\"canonical\" href=\"https:\/\/www.ohis.be\/de\/produit\/oeldichtung-58-x705x5\/\" \/>\n<meta property=\"og:locale\" content=\"de_DE\" \/>\n<meta property=\"og:type\" content=\"article\" \/>\n<meta property=\"og:title\" content=\"\u00d6ldichtung 58 X70,5X5 - Ohis\" \/>\n<meta property=\"og:description\" content=\"\u00d6ldichtung 58 X70,5X5  Innendurchmesser : 58 mm Au\u00dfendurchmesser : 70,5 mm Dicke : 5 mm Material : Nitrilkautschuk\" \/>\n<meta property=\"og:url\" content=\"https:\/\/www.ohis.be\/de\/produit\/oeldichtung-58-x705x5\/\" \/>\n<meta property=\"og:site_name\" content=\"Ohis\" \/>\n<meta property=\"article:modified_time\" content=\"2025-09-02T10:28:37+00:00\" \/>\n<meta property=\"og:image\" content=\"https:\/\/www.ohis.be\/wp-content\/uploads\/2025\/08\/g_7480184.jpg\" \/>\n\t<meta property=\"og:image:width\" content=\"800\" \/>\n\t<meta property=\"og:image:height\" content=\"451\" \/>\n\t<meta property=\"og:image:type\" content=\"image\/jpeg\" \/>\n<meta name=\"twitter:card\" content=\"summary_large_image\" \/>\n<script type=\"application\/ld+json\" class=\"yoast-schema-graph\">{\"@context\":\"https:\\\/\\\/schema.org\",\"@graph\":[{\"@type\":\"WebPage\",\"@id\":\"https:\\\/\\\/www.ohis.be\\\/de\\\/produit\\\/oeldichtung-58-x705x5\\\/\",\"url\":\"https:\\\/\\\/www.ohis.be\\\/de\\\/produit\\\/oeldichtung-58-x705x5\\\/\",\"name\":\"\u00d6ldichtung 58 X70,5X5 - Ohis\",\"isPartOf\":{\"@id\":\"https:\\\/\\\/www.ohis.be\\\/#website\"},\"primaryImageOfPage\":{\"@id\":\"https:\\\/\\\/www.ohis.be\\\/de\\\/produit\\\/oeldichtung-58-x705x5\\\/#primaryimage\"},\"image\":{\"@id\":\"https:\\\/\\\/www.ohis.be\\\/de\\\/produit\\\/oeldichtung-58-x705x5\\\/#primaryimage\"},\"thumbnailUrl\":\"https:\\\/\\\/www.ohis.be\\\/wp-content\\\/uploads\\\/2025\\\/08\\\/g_7480184.jpg\",\"datePublished\":\"2025-08-28T14:04:32+00:00\",\"dateModified\":\"2025-09-02T10:28:37+00:00\",\"breadcrumb\":{\"@id\":\"https:\\\/\\\/www.ohis.be\\\/de\\\/produit\\\/oeldichtung-58-x705x5\\\/#breadcrumb\"},\"inLanguage\":\"de\",\"potentialAction\":[{\"@type\":\"ReadAction\",\"target\":[\"https:\\\/\\\/www.ohis.be\\\/de\\\/produit\\\/oeldichtung-58-x705x5\\\/\"]}]},{\"@type\":\"ImageObject\",\"inLanguage\":\"de\",\"@id\":\"https:\\\/\\\/www.ohis.be\\\/de\\\/produit\\\/oeldichtung-58-x705x5\\\/#primaryimage\",\"url\":\"https:\\\/\\\/www.ohis.be\\\/wp-content\\\/uploads\\\/2025\\\/08\\\/g_7480184.jpg\",\"contentUrl\":\"https:\\\/\\\/www.ohis.be\\\/wp-content\\\/uploads\\\/2025\\\/08\\\/g_7480184.jpg\",\"width\":800,\"height\":451,\"caption\":\"Anneau-joint 58 X70,5X5\"},{\"@type\":\"BreadcrumbList\",\"@id\":\"https:\\\/\\\/www.ohis.be\\\/de\\\/produit\\\/oeldichtung-58-x705x5\\\/#breadcrumb\",\"itemListElement\":[{\"@type\":\"ListItem\",\"position\":1,\"name\":\"Accueil\",\"item\":\"https:\\\/\\\/www.ohis.be\\\/de\\\/\"},{\"@type\":\"ListItem\",\"position\":2,\"name\":\"Produkte\",\"item\":\"https:\\\/\\\/www.ohis.be\\\/de\\\/produkte\\\/\"},{\"@type\":\"ListItem\",\"position\":3,\"name\":\"\u00d6ldichtung 58 X70,5X5\"}]},{\"@type\":\"WebSite\",\"@id\":\"https:\\\/\\\/www.ohis.be\\\/#website\",\"url\":\"https:\\\/\\\/www.ohis.be\\\/\",\"name\":\"Ohis\",\"description\":\"Outils de levage\",\"publisher\":{\"@id\":\"https:\\\/\\\/www.ohis.be\\\/#organization\"},\"potentialAction\":[{\"@type\":\"SearchAction\",\"target\":{\"@type\":\"EntryPoint\",\"urlTemplate\":\"https:\\\/\\\/www.ohis.be\\\/?s={search_term_string}\"},\"query-input\":{\"@type\":\"PropertyValueSpecification\",\"valueRequired\":true,\"valueName\":\"search_term_string\"}}],\"inLanguage\":\"de\"},{\"@type\":\"Organization\",\"@id\":\"https:\\\/\\\/www.ohis.be\\\/#organization\",\"name\":\"Ohis\",\"url\":\"https:\\\/\\\/www.ohis.be\\\/\",\"logo\":{\"@type\":\"ImageObject\",\"inLanguage\":\"de\",\"@id\":\"https:\\\/\\\/www.ohis.be\\\/#\\\/schema\\\/logo\\\/image\\\/\",\"url\":\"https:\\\/\\\/www.ohis.be\\\/wp-content\\\/uploads\\\/2021\\\/02\\\/logo-ohis-wit.svg\",\"contentUrl\":\"https:\\\/\\\/www.ohis.be\\\/wp-content\\\/uploads\\\/2021\\\/02\\\/logo-ohis-wit.svg\",\"caption\":\"Ohis\"},\"image\":{\"@id\":\"https:\\\/\\\/www.ohis.be\\\/#\\\/schema\\\/logo\\\/image\\\/\"}}]}<\/script>\n<!-- \/ Yoast SEO plugin. -->","yoast_head_json":{"title":"\u00d6ldichtung 58 X70,5X5 - Ohis","robots":{"index":"index","follow":"follow","max-snippet":"max-snippet:-1","max-image-preview":"max-image-preview:large","max-video-preview":"max-video-preview:-1"},"canonical":"https:\/\/www.ohis.be\/de\/produit\/oeldichtung-58-x705x5\/","og_locale":"de_DE","og_type":"article","og_title":"\u00d6ldichtung 58 X70,5X5 - Ohis","og_description":"\u00d6ldichtung 58 X70,5X5  Innendurchmesser : 58 mm Au\u00dfendurchmesser : 70,5 mm Dicke : 5 mm Material : Nitrilkautschuk","og_url":"https:\/\/www.ohis.be\/de\/produit\/oeldichtung-58-x705x5\/","og_site_name":"Ohis","article_modified_time":"2025-09-02T10:28:37+00:00","og_image":[{"width":800,"height":451,"url":"https:\/\/www.ohis.be\/wp-content\/uploads\/2025\/08\/g_7480184.jpg","type":"image\/jpeg"}],"twitter_card":"summary_large_image","schema":{"@context":"https:\/\/schema.org","@graph":[{"@type":"WebPage","@id":"https:\/\/www.ohis.be\/de\/produit\/oeldichtung-58-x705x5\/","url":"https:\/\/www.ohis.be\/de\/produit\/oeldichtung-58-x705x5\/","name":"\u00d6ldichtung 58 X70,5X5 - Ohis","isPartOf":{"@id":"https:\/\/www.ohis.be\/#website"},"primaryImageOfPage":{"@id":"https:\/\/www.ohis.be\/de\/produit\/oeldichtung-58-x705x5\/#primaryimage"},"image":{"@id":"https:\/\/www.ohis.be\/de\/produit\/oeldichtung-58-x705x5\/#primaryimage"},"thumbnailUrl":"https:\/\/www.ohis.be\/wp-content\/uploads\/2025\/08\/g_7480184.jpg","datePublished":"2025-08-28T14:04:32+00:00","dateModified":"2025-09-02T10:28:37+00:00","breadcrumb":{"@id":"https:\/\/www.ohis.be\/de\/produit\/oeldichtung-58-x705x5\/#breadcrumb"},"inLanguage":"de","potentialAction":[{"@type":"ReadAction","target":["https:\/\/www.ohis.be\/de\/produit\/oeldichtung-58-x705x5\/"]}]},{"@type":"ImageObject","inLanguage":"de","@id":"https:\/\/www.ohis.be\/de\/produit\/oeldichtung-58-x705x5\/#primaryimage","url":"https:\/\/www.ohis.be\/wp-content\/uploads\/2025\/08\/g_7480184.jpg","contentUrl":"https:\/\/www.ohis.be\/wp-content\/uploads\/2025\/08\/g_7480184.jpg","width":800,"height":451,"caption":"Anneau-joint 58 X70,5X5"},{"@type":"BreadcrumbList","@id":"https:\/\/www.ohis.be\/de\/produit\/oeldichtung-58-x705x5\/#breadcrumb","itemListElement":[{"@type":"ListItem","position":1,"name":"Accueil","item":"https:\/\/www.ohis.be\/de\/"},{"@type":"ListItem","position":2,"name":"Produkte","item":"https:\/\/www.ohis.be\/de\/produkte\/"},{"@type":"ListItem","position":3,"name":"\u00d6ldichtung 58 X70,5X5"}]},{"@type":"WebSite","@id":"https:\/\/www.ohis.be\/#website","url":"https:\/\/www.ohis.be\/","name":"Ohis","description":"Outils de levage","publisher":{"@id":"https:\/\/www.ohis.be\/#organization"},"potentialAction":[{"@type":"SearchAction","target":{"@type":"EntryPoint","urlTemplate":"https:\/\/www.ohis.be\/?s={search_term_string}"},"query-input":{"@type":"PropertyValueSpecification","valueRequired":true,"valueName":"search_term_string"}}],"inLanguage":"de"},{"@type":"Organization","@id":"https:\/\/www.ohis.be\/#organization","name":"Ohis","url":"https:\/\/www.ohis.be\/","logo":{"@type":"ImageObject","inLanguage":"de","@id":"https:\/\/www.ohis.be\/#\/schema\/logo\/image\/","url":"https:\/\/www.ohis.be\/wp-content\/uploads\/2021\/02\/logo-ohis-wit.svg","contentUrl":"https:\/\/www.ohis.be\/wp-content\/uploads\/2021\/02\/logo-ohis-wit.svg","caption":"Ohis"},"image":{"@id":"https:\/\/www.ohis.be\/#\/schema\/logo\/image\/"}}]}},"_links":{"self":[{"href":"https:\/\/www.ohis.be\/de\/wp-json\/wp\/v2\/product\/85972","targetHints":{"allow":["GET"]}}],"collection":[{"href":"https:\/\/www.ohis.be\/de\/wp-json\/wp\/v2\/product"}],"about":[{"href":"https:\/\/www.ohis.be\/de\/wp-json\/wp\/v2\/types\/product"}],"wp:featuredmedia":[{"embeddable":true,"href":"https:\/\/www.ohis.be\/de\/wp-json\/wp\/v2\/media\/85497"}],"wp:attachment":[{"href":"https:\/\/www.ohis.be\/de\/wp-json\/wp\/v2\/media?parent=85972"}],"wp:term":[{"taxonomy":"product_brand","embeddable":true,"href":"https:\/\/www.ohis.be\/de\/wp-json\/wp\/v2\/product_brand?post=85972"},{"taxonomy":"product_cat","embeddable":true,"href":"https:\/\/www.ohis.be\/de\/wp-json\/wp\/v2\/product_cat?post=85972"},{"taxonomy":"product_tag","embeddable":true,"href":"https:\/\/www.ohis.be\/de\/wp-json\/wp\/v2\/product_tag?post=85972"}],"curies":[{"name":"wp","href":"https:\/\/api.w.org\/{rel}","templated":true}]}}