{"id":7704,"date":"2021-11-16T16:36:11","date_gmt":"2021-11-16T16:24:23","guid":{"rendered":"https:\/\/www.ohis.be\/produit\/tml-250\/"},"modified":"2022-03-14T20:06:33","modified_gmt":"2022-03-14T19:06:33","slug":"tml-250","status":"publish","type":"product","link":"https:\/\/www.ohis.be\/de\/produit\/tml-250\/","title":{"rendered":"Alfra TML 250"},"content":{"rendered":"","protected":false},"excerpt":{"rendered":"<p>\u25a0 Belastbarkeit von bis zu 250 kg ab 10 mm Materialst\u00e4rke und 90 kg ab 3 mm Materialst\u00e4rke auf S235-Stahl mit einem Sicherheitsfaktor von 3:1 (das bedeutet, dass die Kraft, die zum Zerrei\u00dfen des Stahlblechs f\u00fchrt, dem Dreifachen der maximalen Haftkraft entsprechen muss) zu addieren.<br \/>\n\u25a0 Hervorragende Leistungseigenschaften auf d\u00fcnnwandigen Materialien.<br \/>\n\u25a0 Bis zu 70 % weniger Eigengewicht bei mindestens gleicher Leistung im Vergleich zu handels\u00fcblichen Magneten.<br \/>\n\u25a0 Einfache Aktivierung mit minimalem Kraftaufwand durch den ergonomischen Bet\u00e4tigungshebel.<br \/>\n\u25a0 Innovatives Bedienkonzept, das einen gr\u00f6\u00dferen Aktionsradius erm\u00f6glicht.<br \/>\n\u25a0 Dreh- und schwenkbarer Lastwirbel um 360\u00b0.<br \/>\n\u25a0 Widerstandsf\u00e4hige magnetische Haftfl\u00e4che aus geh\u00e4rtetem Stahl mit TiN-Beschichtung, die Besch\u00e4digungen vorbeugt und eine lange Lebensdauer garantiert.<\/p>\n<p>&nbsp;<\/p>\n<p>Technische Daten des Modells TML 250 :<br \/>\n\u25a0 Eigengewicht: 3,5 kg.<br \/>\n\u25a0 Ausrei\u00dfkraft: &gt; 750 kg ab 10 mm Stahl S235.<br \/>\n\u25a0 Maximale Tragf\u00e4higkeit. : 250 kg (bei einem Sicherheitsfaktor von 3:1).<br \/>\n\u25a0 L\u00e4nge: 240 mm (Hebel geschlossen), Breite: 91 mm, H\u00f6he: 191 mm (Hebel ge\u00f6ffnet).<br \/>\n\u25a0 Magnetfl\u00e4che : L\u00e4nge: 135 mm, Breite: 65 mm<\/p>\n","protected":false},"featured_media":28712,"template":"","meta":{"_acf_changed":false,"inline_featured_image":false},"product_brand":[],"product_cat":[329],"product_tag":[458],"class_list":{"0":"post-7704","1":"product","2":"type-product","3":"status-publish","4":"has-post-thumbnail","6":"product_cat-magnete","7":"product_tag-alfra-de","9":"first","10":"instock","11":"featured","12":"taxable","13":"shipping-taxable","14":"purchasable","15":"product-type-simple"},"acf":[],"yoast_head":"<!-- This site is optimized with the Yoast SEO plugin v27.4 - https:\/\/yoast.com\/product\/yoast-seo-wordpress\/ -->\n<title>Alfra TML 250 - Ohis<\/title>\n<meta name=\"robots\" content=\"index, follow, max-snippet:-1, max-image-preview:large, max-video-preview:-1\" \/>\n<link rel=\"canonical\" href=\"https:\/\/www.ohis.be\/de\/produit\/tml-250\/\" \/>\n<meta property=\"og:locale\" content=\"de_DE\" \/>\n<meta property=\"og:type\" content=\"article\" \/>\n<meta property=\"og:title\" content=\"Alfra TML 250 - Ohis\" \/>\n<meta property=\"og:description\" content=\"\u25a0 Belastbarkeit von bis zu 250 kg ab 10 mm Materialst\u00e4rke und 90 kg ab 3 mm Materialst\u00e4rke auf S235-Stahl mit einem Sicherheitsfaktor von 3:1 (das bedeutet, dass die Kraft, die zum Zerrei\u00dfen des Stahlblechs f\u00fchrt, dem Dreifachen der maximalen Haftkraft entsprechen muss) zu addieren. \u25a0 Hervorragende Leistungseigenschaften auf d\u00fcnnwandigen Materialien. \u25a0 Bis zu 70 % weniger Eigengewicht bei mindestens gleicher Leistung im Vergleich zu handels\u00fcblichen Magneten. \u25a0 Einfache Aktivierung mit minimalem Kraftaufwand durch den ergonomischen Bet\u00e4tigungshebel. \u25a0 Innovatives Bedienkonzept, das einen gr\u00f6\u00dferen Aktionsradius erm\u00f6glicht. \u25a0 Dreh- und schwenkbarer Lastwirbel um 360\u00b0. \u25a0 Widerstandsf\u00e4hige magnetische Haftfl\u00e4che aus geh\u00e4rtetem Stahl mit TiN-Beschichtung, die Besch\u00e4digungen vorbeugt und eine lange Lebensdauer garantiert.  &nbsp;  Technische Daten des Modells TML 250 : \u25a0 Eigengewicht: 3,5 kg. \u25a0 Ausrei\u00dfkraft: &gt; 750 kg ab 10 mm Stahl S235. \u25a0 Maximale Tragf\u00e4higkeit. : 250 kg (bei einem Sicherheitsfaktor von 3:1). \u25a0 L\u00e4nge: 240 mm (Hebel geschlossen), Breite: 91 mm, H\u00f6he: 191 mm (Hebel ge\u00f6ffnet). \u25a0 Magnetfl\u00e4che : L\u00e4nge: 135 mm, Breite: 65 mm\" \/>\n<meta property=\"og:url\" content=\"https:\/\/www.ohis.be\/de\/produit\/tml-250\/\" \/>\n<meta property=\"og:site_name\" content=\"Ohis\" \/>\n<meta property=\"article:modified_time\" content=\"2022-03-14T19:06:33+00:00\" \/>\n<meta property=\"og:image\" content=\"https:\/\/www.ohis.be\/wp-content\/uploads\/2021\/11\/OHIS-1-59.jpg\" \/>\n\t<meta property=\"og:image:width\" content=\"200\" \/>\n\t<meta property=\"og:image:height\" content=\"300\" \/>\n\t<meta property=\"og:image:type\" content=\"image\/jpeg\" \/>\n<meta name=\"twitter:card\" content=\"summary_large_image\" \/>\n<script type=\"application\/ld+json\" class=\"yoast-schema-graph\">{\"@context\":\"https:\\\/\\\/schema.org\",\"@graph\":[{\"@type\":\"WebPage\",\"@id\":\"https:\\\/\\\/www.ohis.be\\\/de\\\/produit\\\/tml-250\\\/\",\"url\":\"https:\\\/\\\/www.ohis.be\\\/de\\\/produit\\\/tml-250\\\/\",\"name\":\"Alfra TML 250 - Ohis\",\"isPartOf\":{\"@id\":\"https:\\\/\\\/www.ohis.be\\\/#website\"},\"primaryImageOfPage\":{\"@id\":\"https:\\\/\\\/www.ohis.be\\\/de\\\/produit\\\/tml-250\\\/#primaryimage\"},\"image\":{\"@id\":\"https:\\\/\\\/www.ohis.be\\\/de\\\/produit\\\/tml-250\\\/#primaryimage\"},\"thumbnailUrl\":\"https:\\\/\\\/www.ohis.be\\\/wp-content\\\/uploads\\\/2021\\\/11\\\/mini.jpg\",\"datePublished\":\"2021-11-16T16:24:23+00:00\",\"dateModified\":\"2022-03-14T19:06:33+00:00\",\"breadcrumb\":{\"@id\":\"https:\\\/\\\/www.ohis.be\\\/de\\\/produit\\\/tml-250\\\/#breadcrumb\"},\"inLanguage\":\"de\",\"potentialAction\":[{\"@type\":\"ReadAction\",\"target\":[\"https:\\\/\\\/www.ohis.be\\\/de\\\/produit\\\/tml-250\\\/\"]}]},{\"@type\":\"ImageObject\",\"inLanguage\":\"de\",\"@id\":\"https:\\\/\\\/www.ohis.be\\\/de\\\/produit\\\/tml-250\\\/#primaryimage\",\"url\":\"https:\\\/\\\/www.ohis.be\\\/wp-content\\\/uploads\\\/2021\\\/11\\\/mini.jpg\",\"contentUrl\":\"https:\\\/\\\/www.ohis.be\\\/wp-content\\\/uploads\\\/2021\\\/11\\\/mini.jpg\",\"width\":300,\"height\":299},{\"@type\":\"BreadcrumbList\",\"@id\":\"https:\\\/\\\/www.ohis.be\\\/de\\\/produit\\\/tml-250\\\/#breadcrumb\",\"itemListElement\":[{\"@type\":\"ListItem\",\"position\":1,\"name\":\"Accueil\",\"item\":\"https:\\\/\\\/www.ohis.be\\\/de\\\/\"},{\"@type\":\"ListItem\",\"position\":2,\"name\":\"Produkte\",\"item\":\"https:\\\/\\\/www.ohis.be\\\/de\\\/produkte\\\/\"},{\"@type\":\"ListItem\",\"position\":3,\"name\":\"Alfra TML 250\"}]},{\"@type\":\"WebSite\",\"@id\":\"https:\\\/\\\/www.ohis.be\\\/#website\",\"url\":\"https:\\\/\\\/www.ohis.be\\\/\",\"name\":\"Ohis\",\"description\":\"Outils de levage\",\"publisher\":{\"@id\":\"https:\\\/\\\/www.ohis.be\\\/#organization\"},\"potentialAction\":[{\"@type\":\"SearchAction\",\"target\":{\"@type\":\"EntryPoint\",\"urlTemplate\":\"https:\\\/\\\/www.ohis.be\\\/?s={search_term_string}\"},\"query-input\":{\"@type\":\"PropertyValueSpecification\",\"valueRequired\":true,\"valueName\":\"search_term_string\"}}],\"inLanguage\":\"de\"},{\"@type\":\"Organization\",\"@id\":\"https:\\\/\\\/www.ohis.be\\\/#organization\",\"name\":\"Ohis\",\"url\":\"https:\\\/\\\/www.ohis.be\\\/\",\"logo\":{\"@type\":\"ImageObject\",\"inLanguage\":\"de\",\"@id\":\"https:\\\/\\\/www.ohis.be\\\/#\\\/schema\\\/logo\\\/image\\\/\",\"url\":\"https:\\\/\\\/www.ohis.be\\\/wp-content\\\/uploads\\\/2021\\\/02\\\/logo-ohis-wit.svg\",\"contentUrl\":\"https:\\\/\\\/www.ohis.be\\\/wp-content\\\/uploads\\\/2021\\\/02\\\/logo-ohis-wit.svg\",\"caption\":\"Ohis\"},\"image\":{\"@id\":\"https:\\\/\\\/www.ohis.be\\\/#\\\/schema\\\/logo\\\/image\\\/\"}}]}<\/script>\n<!-- \/ Yoast SEO plugin. -->","yoast_head_json":{"title":"Alfra TML 250 - Ohis","robots":{"index":"index","follow":"follow","max-snippet":"max-snippet:-1","max-image-preview":"max-image-preview:large","max-video-preview":"max-video-preview:-1"},"canonical":"https:\/\/www.ohis.be\/de\/produit\/tml-250\/","og_locale":"de_DE","og_type":"article","og_title":"Alfra TML 250 - Ohis","og_description":"\u25a0 Belastbarkeit von bis zu 250 kg ab 10 mm Materialst\u00e4rke und 90 kg ab 3 mm Materialst\u00e4rke auf S235-Stahl mit einem Sicherheitsfaktor von 3:1 (das bedeutet, dass die Kraft, die zum Zerrei\u00dfen des Stahlblechs f\u00fchrt, dem Dreifachen der maximalen Haftkraft entsprechen muss) zu addieren. \u25a0 Hervorragende Leistungseigenschaften auf d\u00fcnnwandigen Materialien. \u25a0 Bis zu 70 % weniger Eigengewicht bei mindestens gleicher Leistung im Vergleich zu handels\u00fcblichen Magneten. \u25a0 Einfache Aktivierung mit minimalem Kraftaufwand durch den ergonomischen Bet\u00e4tigungshebel. \u25a0 Innovatives Bedienkonzept, das einen gr\u00f6\u00dferen Aktionsradius erm\u00f6glicht. \u25a0 Dreh- und schwenkbarer Lastwirbel um 360\u00b0. \u25a0 Widerstandsf\u00e4hige magnetische Haftfl\u00e4che aus geh\u00e4rtetem Stahl mit TiN-Beschichtung, die Besch\u00e4digungen vorbeugt und eine lange Lebensdauer garantiert.  &nbsp;  Technische Daten des Modells TML 250 : \u25a0 Eigengewicht: 3,5 kg. \u25a0 Ausrei\u00dfkraft: &gt; 750 kg ab 10 mm Stahl S235. \u25a0 Maximale Tragf\u00e4higkeit. : 250 kg (bei einem Sicherheitsfaktor von 3:1). \u25a0 L\u00e4nge: 240 mm (Hebel geschlossen), Breite: 91 mm, H\u00f6he: 191 mm (Hebel ge\u00f6ffnet). \u25a0 Magnetfl\u00e4che : L\u00e4nge: 135 mm, Breite: 65 mm","og_url":"https:\/\/www.ohis.be\/de\/produit\/tml-250\/","og_site_name":"Ohis","article_modified_time":"2022-03-14T19:06:33+00:00","og_image":[{"width":200,"height":300,"url":"https:\/\/www.ohis.be\/wp-content\/uploads\/2021\/11\/OHIS-1-59.jpg","type":"image\/jpeg"}],"twitter_card":"summary_large_image","schema":{"@context":"https:\/\/schema.org","@graph":[{"@type":"WebPage","@id":"https:\/\/www.ohis.be\/de\/produit\/tml-250\/","url":"https:\/\/www.ohis.be\/de\/produit\/tml-250\/","name":"Alfra TML 250 - Ohis","isPartOf":{"@id":"https:\/\/www.ohis.be\/#website"},"primaryImageOfPage":{"@id":"https:\/\/www.ohis.be\/de\/produit\/tml-250\/#primaryimage"},"image":{"@id":"https:\/\/www.ohis.be\/de\/produit\/tml-250\/#primaryimage"},"thumbnailUrl":"https:\/\/www.ohis.be\/wp-content\/uploads\/2021\/11\/mini.jpg","datePublished":"2021-11-16T16:24:23+00:00","dateModified":"2022-03-14T19:06:33+00:00","breadcrumb":{"@id":"https:\/\/www.ohis.be\/de\/produit\/tml-250\/#breadcrumb"},"inLanguage":"de","potentialAction":[{"@type":"ReadAction","target":["https:\/\/www.ohis.be\/de\/produit\/tml-250\/"]}]},{"@type":"ImageObject","inLanguage":"de","@id":"https:\/\/www.ohis.be\/de\/produit\/tml-250\/#primaryimage","url":"https:\/\/www.ohis.be\/wp-content\/uploads\/2021\/11\/mini.jpg","contentUrl":"https:\/\/www.ohis.be\/wp-content\/uploads\/2021\/11\/mini.jpg","width":300,"height":299},{"@type":"BreadcrumbList","@id":"https:\/\/www.ohis.be\/de\/produit\/tml-250\/#breadcrumb","itemListElement":[{"@type":"ListItem","position":1,"name":"Accueil","item":"https:\/\/www.ohis.be\/de\/"},{"@type":"ListItem","position":2,"name":"Produkte","item":"https:\/\/www.ohis.be\/de\/produkte\/"},{"@type":"ListItem","position":3,"name":"Alfra TML 250"}]},{"@type":"WebSite","@id":"https:\/\/www.ohis.be\/#website","url":"https:\/\/www.ohis.be\/","name":"Ohis","description":"Outils de levage","publisher":{"@id":"https:\/\/www.ohis.be\/#organization"},"potentialAction":[{"@type":"SearchAction","target":{"@type":"EntryPoint","urlTemplate":"https:\/\/www.ohis.be\/?s={search_term_string}"},"query-input":{"@type":"PropertyValueSpecification","valueRequired":true,"valueName":"search_term_string"}}],"inLanguage":"de"},{"@type":"Organization","@id":"https:\/\/www.ohis.be\/#organization","name":"Ohis","url":"https:\/\/www.ohis.be\/","logo":{"@type":"ImageObject","inLanguage":"de","@id":"https:\/\/www.ohis.be\/#\/schema\/logo\/image\/","url":"https:\/\/www.ohis.be\/wp-content\/uploads\/2021\/02\/logo-ohis-wit.svg","contentUrl":"https:\/\/www.ohis.be\/wp-content\/uploads\/2021\/02\/logo-ohis-wit.svg","caption":"Ohis"},"image":{"@id":"https:\/\/www.ohis.be\/#\/schema\/logo\/image\/"}}]}},"_links":{"self":[{"href":"https:\/\/www.ohis.be\/de\/wp-json\/wp\/v2\/product\/7704","targetHints":{"allow":["GET"]}}],"collection":[{"href":"https:\/\/www.ohis.be\/de\/wp-json\/wp\/v2\/product"}],"about":[{"href":"https:\/\/www.ohis.be\/de\/wp-json\/wp\/v2\/types\/product"}],"wp:featuredmedia":[{"embeddable":true,"href":"https:\/\/www.ohis.be\/de\/wp-json\/wp\/v2\/media\/28712"}],"wp:attachment":[{"href":"https:\/\/www.ohis.be\/de\/wp-json\/wp\/v2\/media?parent=7704"}],"wp:term":[{"taxonomy":"product_brand","embeddable":true,"href":"https:\/\/www.ohis.be\/de\/wp-json\/wp\/v2\/product_brand?post=7704"},{"taxonomy":"product_cat","embeddable":true,"href":"https:\/\/www.ohis.be\/de\/wp-json\/wp\/v2\/product_cat?post=7704"},{"taxonomy":"product_tag","embeddable":true,"href":"https:\/\/www.ohis.be\/de\/wp-json\/wp\/v2\/product_tag?post=7704"}],"curies":[{"name":"wp","href":"https:\/\/api.w.org\/{rel}","templated":true}]}}