{"id":64395,"date":"2024-11-08T11:54:30","date_gmt":"2024-11-08T10:54:30","guid":{"rendered":"https:\/\/www.ohis.be\/produit\/steuergeraet-mit-kabel-sth6102-009-n-1-8\/"},"modified":"2024-11-08T11:54:30","modified_gmt":"2024-11-08T10:54:30","slug":"steuergeraet-mit-kabel-sth6102-009-n-1-8","status":"publish","type":"product","link":"https:\/\/www.ohis.be\/de\/produit\/steuergeraet-mit-kabel-sth6102-009-n-1-8\/","title":{"rendered":"Steuerger\u00e4t mit Kabel STH6102-009-N-1.8-"},"content":{"rendered":"<p>Steuerger\u00e4t mit Kabel STH6102-009-N-1.8-<\/p>\n<p>Kabell\u00e4nge: 1,8m<\/p>\n<p>Inklusive Anschlussstecker<\/p>\n<p>&nbsp;<\/p>\n","protected":false},"excerpt":{"rendered":"<p>Steuerger\u00e4t mit Kabel STH6102-009-N-1.8-<\/p>\n<p>Kabell\u00e4nge: 1,8m<\/p>\n<p>Inklusive Anschlussstecker<\/p>\n<p>&nbsp;<\/p>\n<p>&nbsp;<\/p>\n<p>&nbsp;<\/p>\n<p>F\u00fcr Kettenzug Stahl ST mit doppelter Hub- und Senkgeschwindigkeit<\/p>\n","protected":false},"featured_media":62934,"template":"","meta":{"_acf_changed":false,"inline_featured_image":false},"product_brand":[],"product_cat":[451,148],"product_tag":[],"class_list":{"0":"post-64395","1":"product","2":"type-product","3":"status-publish","4":"has-post-thumbnail","6":"product_cat-stahl-st-de","7":"product_cat-steuerung","8":"yith_product_brand-stahl-cranesystems-de","10":"first","11":"instock","12":"taxable","13":"shipping-taxable","14":"purchasable","15":"product-type-simple"},"acf":[],"yoast_head":"<!-- This site is optimized with the Yoast SEO plugin v27.5 - https:\/\/yoast.com\/product\/yoast-seo-wordpress\/ -->\n<title>Steuerger\u00e4t mit Kabel STH6102-009-N-1.8- Ohis<\/title>\n<meta name=\"robots\" content=\"index, follow, max-snippet:-1, max-image-preview:large, max-video-preview:-1\" \/>\n<link rel=\"canonical\" href=\"https:\/\/www.ohis.be\/de\/produit\/steuergeraet-mit-kabel-sth6102-009-n-1-8\/\" \/>\n<meta property=\"og:locale\" content=\"de_DE\" \/>\n<meta property=\"og:type\" content=\"article\" \/>\n<meta property=\"og:title\" content=\"Steuerger\u00e4t mit Kabel STH6102-009-N-1.8- Ohis\" \/>\n<meta property=\"og:description\" content=\"Steuerger\u00e4t mit Kabel STH6102-009-N-1.8-  Kabell\u00e4nge: 1,8m  Inklusive Anschlussstecker  &nbsp;  &nbsp;  &nbsp;  F\u00fcr Kettenzug Stahl ST mit doppelter Hub- und Senkgeschwindigkeit\" \/>\n<meta property=\"og:url\" content=\"https:\/\/www.ohis.be\/de\/produit\/steuergeraet-mit-kabel-sth6102-009-n-1-8\/\" \/>\n<meta property=\"og:site_name\" content=\"Ohis\" \/>\n<meta property=\"og:image\" content=\"https:\/\/www.ohis.be\/wp-content\/uploads\/2024\/11\/g_A1639001190.jpg\" \/>\n\t<meta property=\"og:image:width\" content=\"975\" \/>\n\t<meta property=\"og:image:height\" content=\"664\" \/>\n\t<meta property=\"og:image:type\" content=\"image\/jpeg\" \/>\n<meta name=\"twitter:card\" content=\"summary_large_image\" \/>\n<script type=\"application\/ld+json\" class=\"yoast-schema-graph\">{\"@context\":\"https:\\\/\\\/schema.org\",\"@graph\":[{\"@type\":\"WebPage\",\"@id\":\"https:\\\/\\\/www.ohis.be\\\/de\\\/produit\\\/steuergeraet-mit-kabel-sth6102-009-n-1-8\\\/\",\"url\":\"https:\\\/\\\/www.ohis.be\\\/de\\\/produit\\\/steuergeraet-mit-kabel-sth6102-009-n-1-8\\\/\",\"name\":\"Steuerger\u00e4t mit Kabel STH6102-009-N-1.8- Ohis\",\"isPartOf\":{\"@id\":\"https:\\\/\\\/www.ohis.be\\\/de\\\/#website\"},\"primaryImageOfPage\":{\"@id\":\"https:\\\/\\\/www.ohis.be\\\/de\\\/produit\\\/steuergeraet-mit-kabel-sth6102-009-n-1-8\\\/#primaryimage\"},\"image\":{\"@id\":\"https:\\\/\\\/www.ohis.be\\\/de\\\/produit\\\/steuergeraet-mit-kabel-sth6102-009-n-1-8\\\/#primaryimage\"},\"thumbnailUrl\":\"https:\\\/\\\/www.ohis.be\\\/wp-content\\\/uploads\\\/2024\\\/11\\\/g_A1639001190.jpg\",\"datePublished\":\"2024-11-08T10:54:30+00:00\",\"breadcrumb\":{\"@id\":\"https:\\\/\\\/www.ohis.be\\\/de\\\/produit\\\/steuergeraet-mit-kabel-sth6102-009-n-1-8\\\/#breadcrumb\"},\"inLanguage\":\"de\",\"potentialAction\":[{\"@type\":\"ReadAction\",\"target\":[\"https:\\\/\\\/www.ohis.be\\\/de\\\/produit\\\/steuergeraet-mit-kabel-sth6102-009-n-1-8\\\/\"]}]},{\"@type\":\"ImageObject\",\"inLanguage\":\"de\",\"@id\":\"https:\\\/\\\/www.ohis.be\\\/de\\\/produit\\\/steuergeraet-mit-kabel-sth6102-009-n-1-8\\\/#primaryimage\",\"url\":\"https:\\\/\\\/www.ohis.be\\\/wp-content\\\/uploads\\\/2024\\\/11\\\/g_A1639001190.jpg\",\"contentUrl\":\"https:\\\/\\\/www.ohis.be\\\/wp-content\\\/uploads\\\/2024\\\/11\\\/g_A1639001190.jpg\",\"width\":975,\"height\":664,\"caption\":\"Steuerger\u00e4t mit Kabel STH6102-009-N-1.8- Kabell\u00e4nge: 1,8m Inklusive Anschlussstecker\"},{\"@type\":\"BreadcrumbList\",\"@id\":\"https:\\\/\\\/www.ohis.be\\\/de\\\/produit\\\/steuergeraet-mit-kabel-sth6102-009-n-1-8\\\/#breadcrumb\",\"itemListElement\":[{\"@type\":\"ListItem\",\"position\":1,\"name\":\"Accueil\",\"item\":\"https:\\\/\\\/www.ohis.be\\\/de\\\/\"},{\"@type\":\"ListItem\",\"position\":2,\"name\":\"Produkte\",\"item\":\"https:\\\/\\\/www.ohis.be\\\/de\\\/produkte\\\/\"},{\"@type\":\"ListItem\",\"position\":3,\"name\":\"Steuerger\u00e4t mit Kabel STH6102-009-N-1.8-\"}]},{\"@type\":\"WebSite\",\"@id\":\"https:\\\/\\\/www.ohis.be\\\/de\\\/#website\",\"url\":\"https:\\\/\\\/www.ohis.be\\\/de\\\/\",\"name\":\"Ohis\",\"description\":\"Outils de levage\",\"publisher\":{\"@id\":\"https:\\\/\\\/www.ohis.be\\\/de\\\/#organization\"},\"potentialAction\":[{\"@type\":\"SearchAction\",\"target\":{\"@type\":\"EntryPoint\",\"urlTemplate\":\"https:\\\/\\\/www.ohis.be\\\/de\\\/?s={search_term_string}\"},\"query-input\":{\"@type\":\"PropertyValueSpecification\",\"valueRequired\":true,\"valueName\":\"search_term_string\"}}],\"inLanguage\":\"de\"},{\"@type\":\"Organization\",\"@id\":\"https:\\\/\\\/www.ohis.be\\\/de\\\/#organization\",\"name\":\"Ohis\",\"url\":\"https:\\\/\\\/www.ohis.be\\\/de\\\/\",\"logo\":{\"@type\":\"ImageObject\",\"inLanguage\":\"de\",\"@id\":\"https:\\\/\\\/www.ohis.be\\\/de\\\/#\\\/schema\\\/logo\\\/image\\\/\",\"url\":\"https:\\\/\\\/www.ohis.be\\\/wp-content\\\/uploads\\\/2021\\\/02\\\/logo-ohis-wit.svg\",\"contentUrl\":\"https:\\\/\\\/www.ohis.be\\\/wp-content\\\/uploads\\\/2021\\\/02\\\/logo-ohis-wit.svg\",\"caption\":\"Ohis\"},\"image\":{\"@id\":\"https:\\\/\\\/www.ohis.be\\\/de\\\/#\\\/schema\\\/logo\\\/image\\\/\"}}]}<\/script>\n<!-- \/ Yoast SEO plugin. -->","yoast_head_json":{"title":"Steuerger\u00e4t mit Kabel STH6102-009-N-1.8- Ohis","robots":{"index":"index","follow":"follow","max-snippet":"max-snippet:-1","max-image-preview":"max-image-preview:large","max-video-preview":"max-video-preview:-1"},"canonical":"https:\/\/www.ohis.be\/de\/produit\/steuergeraet-mit-kabel-sth6102-009-n-1-8\/","og_locale":"de_DE","og_type":"article","og_title":"Steuerger\u00e4t mit Kabel STH6102-009-N-1.8- Ohis","og_description":"Steuerger\u00e4t mit Kabel STH6102-009-N-1.8-  Kabell\u00e4nge: 1,8m  Inklusive Anschlussstecker  &nbsp;  &nbsp;  &nbsp;  F\u00fcr Kettenzug Stahl ST mit doppelter Hub- und Senkgeschwindigkeit","og_url":"https:\/\/www.ohis.be\/de\/produit\/steuergeraet-mit-kabel-sth6102-009-n-1-8\/","og_site_name":"Ohis","og_image":[{"width":975,"height":664,"url":"https:\/\/www.ohis.be\/wp-content\/uploads\/2024\/11\/g_A1639001190.jpg","type":"image\/jpeg"}],"twitter_card":"summary_large_image","schema":{"@context":"https:\/\/schema.org","@graph":[{"@type":"WebPage","@id":"https:\/\/www.ohis.be\/de\/produit\/steuergeraet-mit-kabel-sth6102-009-n-1-8\/","url":"https:\/\/www.ohis.be\/de\/produit\/steuergeraet-mit-kabel-sth6102-009-n-1-8\/","name":"Steuerger\u00e4t mit Kabel STH6102-009-N-1.8- Ohis","isPartOf":{"@id":"https:\/\/www.ohis.be\/de\/#website"},"primaryImageOfPage":{"@id":"https:\/\/www.ohis.be\/de\/produit\/steuergeraet-mit-kabel-sth6102-009-n-1-8\/#primaryimage"},"image":{"@id":"https:\/\/www.ohis.be\/de\/produit\/steuergeraet-mit-kabel-sth6102-009-n-1-8\/#primaryimage"},"thumbnailUrl":"https:\/\/www.ohis.be\/wp-content\/uploads\/2024\/11\/g_A1639001190.jpg","datePublished":"2024-11-08T10:54:30+00:00","breadcrumb":{"@id":"https:\/\/www.ohis.be\/de\/produit\/steuergeraet-mit-kabel-sth6102-009-n-1-8\/#breadcrumb"},"inLanguage":"de","potentialAction":[{"@type":"ReadAction","target":["https:\/\/www.ohis.be\/de\/produit\/steuergeraet-mit-kabel-sth6102-009-n-1-8\/"]}]},{"@type":"ImageObject","inLanguage":"de","@id":"https:\/\/www.ohis.be\/de\/produit\/steuergeraet-mit-kabel-sth6102-009-n-1-8\/#primaryimage","url":"https:\/\/www.ohis.be\/wp-content\/uploads\/2024\/11\/g_A1639001190.jpg","contentUrl":"https:\/\/www.ohis.be\/wp-content\/uploads\/2024\/11\/g_A1639001190.jpg","width":975,"height":664,"caption":"Steuerger\u00e4t mit Kabel STH6102-009-N-1.8- Kabell\u00e4nge: 1,8m Inklusive Anschlussstecker"},{"@type":"BreadcrumbList","@id":"https:\/\/www.ohis.be\/de\/produit\/steuergeraet-mit-kabel-sth6102-009-n-1-8\/#breadcrumb","itemListElement":[{"@type":"ListItem","position":1,"name":"Accueil","item":"https:\/\/www.ohis.be\/de\/"},{"@type":"ListItem","position":2,"name":"Produkte","item":"https:\/\/www.ohis.be\/de\/produkte\/"},{"@type":"ListItem","position":3,"name":"Steuerger\u00e4t mit Kabel STH6102-009-N-1.8-"}]},{"@type":"WebSite","@id":"https:\/\/www.ohis.be\/de\/#website","url":"https:\/\/www.ohis.be\/de\/","name":"Ohis","description":"Outils de levage","publisher":{"@id":"https:\/\/www.ohis.be\/de\/#organization"},"potentialAction":[{"@type":"SearchAction","target":{"@type":"EntryPoint","urlTemplate":"https:\/\/www.ohis.be\/de\/?s={search_term_string}"},"query-input":{"@type":"PropertyValueSpecification","valueRequired":true,"valueName":"search_term_string"}}],"inLanguage":"de"},{"@type":"Organization","@id":"https:\/\/www.ohis.be\/de\/#organization","name":"Ohis","url":"https:\/\/www.ohis.be\/de\/","logo":{"@type":"ImageObject","inLanguage":"de","@id":"https:\/\/www.ohis.be\/de\/#\/schema\/logo\/image\/","url":"https:\/\/www.ohis.be\/wp-content\/uploads\/2021\/02\/logo-ohis-wit.svg","contentUrl":"https:\/\/www.ohis.be\/wp-content\/uploads\/2021\/02\/logo-ohis-wit.svg","caption":"Ohis"},"image":{"@id":"https:\/\/www.ohis.be\/de\/#\/schema\/logo\/image\/"}}]}},"_links":{"self":[{"href":"https:\/\/www.ohis.be\/de\/wp-json\/wp\/v2\/product\/64395","targetHints":{"allow":["GET"]}}],"collection":[{"href":"https:\/\/www.ohis.be\/de\/wp-json\/wp\/v2\/product"}],"about":[{"href":"https:\/\/www.ohis.be\/de\/wp-json\/wp\/v2\/types\/product"}],"wp:featuredmedia":[{"embeddable":true,"href":"https:\/\/www.ohis.be\/de\/wp-json\/wp\/v2\/media\/62934"}],"wp:attachment":[{"href":"https:\/\/www.ohis.be\/de\/wp-json\/wp\/v2\/media?parent=64395"}],"wp:term":[{"taxonomy":"product_brand","embeddable":true,"href":"https:\/\/www.ohis.be\/de\/wp-json\/wp\/v2\/product_brand?post=64395"},{"taxonomy":"product_cat","embeddable":true,"href":"https:\/\/www.ohis.be\/de\/wp-json\/wp\/v2\/product_cat?post=64395"},{"taxonomy":"product_tag","embeddable":true,"href":"https:\/\/www.ohis.be\/de\/wp-json\/wp\/v2\/product_tag?post=64395"}],"curies":[{"name":"wp","href":"https:\/\/api.w.org\/{rel}","templated":true}]}}