{"id":61180,"date":"2024-10-14T16:35:19","date_gmt":"2024-10-14T14:35:19","guid":{"rendered":"https:\/\/www.ohis.be\/produit\/yale-batterystar-kit-de-base\/"},"modified":"2024-10-14T16:35:19","modified_gmt":"2024-10-14T14:35:19","slug":"yale-batterystar-kit-de-base","status":"publish","type":"product","link":"https:\/\/www.ohis.be\/de\/produit\/yale-batterystar-kit-de-base\/","title":{"rendered":"Yale BatteryStar &#8211; Kit de base"},"content":{"rendered":"<p>Der Yale BatteryStar setzt neue Ma\u00dfst\u00e4be, indem er eine bisher unbekannte Kombination aus Kraft, Flexibilit\u00e4t und Mobilit\u00e4t bietet. Er ist der erste batteriebetriebene Kettenzug seiner Art, der gro\u00dfe Lasten heben kann und dabei kompakt und robust bleibt.<\/p>\n<p>Ob auf Baustellen, bei Montagearbeiten oder bei Veranstaltungen im Freien &#8211; der Yale BatteryStar mit einer Tragf\u00e4higkeit von bis zu 1.000 kg erf\u00fcllt die Anforderungen einer Vielzahl von Anwendungen.<\/p>\n<p><strong>Zeitsparend und sicher :<\/strong><\/p>\n<ul>\n<li>Dank des wiederaufladbaren Akkus sofort einsatzbereit.<\/li>\n<li>\u00a0Keine Verkabelung oder elektrische Verbindung erforderlich.<\/li>\n<li>Einfache Bedienung aus der Ferne durch die handsender..<\/li>\n<li>\u00a0Integrierte Sicherheitsvorrichtungen sch\u00fctzen vor \u00dcberlastung, \u00dcberhitzung und Witterungseinfl\u00fcssen.<\/li>\n<li>Vielseitiger Einsatz in verschiedenen Positionen (Standard, umgekehrt oder horizontal).<\/li>\n<\/ul>\n<p>&nbsp;<\/p>\n<p><strong><em>Im Lieferumfang enthalten:<\/em><\/strong><\/p>\n<p>1x Yale BatteryStar (6m kettenlauf)<\/p>\n<p>1x Sammelbeutel f\u00fcr die Kette<\/p>\n<p>1x handsender<\/p>\n","protected":false},"excerpt":{"rendered":"<p>Der Yale BatteryStar setzt neue Ma\u00dfst\u00e4be, indem er eine bisher unbekannte Kombination aus Kraft, Flexibilit\u00e4t und Mobilit\u00e4t bietet. Er ist der erste batteriebetriebene Kettenzug seiner Art, der gro\u00dfe Lasten heben kann und dabei kompakt und robust bleibt.<\/p>\n<p>Ob auf Baustellen, bei Montagearbeiten oder bei Veranstaltungen im Freien &#8211; der Yale BatteryStar mit einer Tragf\u00e4higkeit von bis zu 1.000 kg erf\u00fcllt die Anforderungen einer Vielzahl von Anwendungen.<\/p>\n<p><strong>Zeitsparend und sicher :<\/strong><\/p>\n<ul>\n<li>Dank des wiederaufladbaren Akkus sofort einsatzbereit.<\/li>\n<li>\u00a0Keine Verkabelung oder elektrische Verbindung erforderlich.<\/li>\n<li>Einfache Bedienung aus der Ferne durch die handsender..<\/li>\n<li>\u00a0Integrierte Sicherheitsvorrichtungen sch\u00fctzen vor \u00dcberlastung, \u00dcberhitzung und Witterungseinfl\u00fcssen.<\/li>\n<li>Vielseitiger Einsatz in verschiedenen Positionen (Standard, umgekehrt oder horizontal).<\/li>\n<\/ul>\n<p>&nbsp;<\/p>\n<p><strong><em>Im Lieferumfang enthalten:<\/em><\/strong><\/p>\n<p>1x Yale BatteryStar (6m kettenlauf)<\/p>\n<p>1x Sammelbeutel f\u00fcr die Kette<\/p>\n<p>1x handsender<\/p>\n","protected":false},"featured_media":60871,"template":"","meta":{"_acf_changed":false,"inline_featured_image":false},"product_brand":[],"product_cat":[4253],"product_tag":[],"class_list":{"0":"post-61180","1":"product","2":"type-product","3":"status-publish","4":"has-post-thumbnail","6":"product_cat-batterie-kettenzug","7":"yith_product_brand-yale-de","9":"first","10":"onbackorder","11":"taxable","12":"shipping-taxable","13":"purchasable","14":"product-type-simple"},"acf":[],"yoast_head":"<!-- This site is optimized with the Yoast SEO plugin v27.5 - https:\/\/yoast.com\/product\/yoast-seo-wordpress\/ -->\n<title>Yale BatteryStar - Kit de base - Ohis<\/title>\n<meta name=\"robots\" content=\"index, follow, max-snippet:-1, max-image-preview:large, max-video-preview:-1\" \/>\n<link rel=\"canonical\" href=\"https:\/\/www.ohis.be\/de\/produit\/yale-batterystar-kit-de-base\/\" \/>\n<meta property=\"og:locale\" content=\"de_DE\" \/>\n<meta property=\"og:type\" content=\"article\" \/>\n<meta property=\"og:title\" content=\"Yale BatteryStar - Kit de base - Ohis\" \/>\n<meta property=\"og:description\" content=\"Der Yale BatteryStar setzt neue Ma\u00dfst\u00e4be, indem er eine bisher unbekannte Kombination aus Kraft, Flexibilit\u00e4t und Mobilit\u00e4t bietet. Er ist der erste batteriebetriebene Kettenzug seiner Art, der gro\u00dfe Lasten heben kann und dabei kompakt und robust bleibt.  Ob auf Baustellen, bei Montagearbeiten oder bei Veranstaltungen im Freien - der Yale BatteryStar mit einer Tragf\u00e4higkeit von bis zu 1.000 kg erf\u00fcllt die Anforderungen einer Vielzahl von Anwendungen.  Zeitsparend und sicher :   Dank des wiederaufladbaren Akkus sofort einsatzbereit.  \u00a0Keine Verkabelung oder elektrische Verbindung erforderlich.  Einfache Bedienung aus der Ferne durch die handsender..  \u00a0Integrierte Sicherheitsvorrichtungen sch\u00fctzen vor \u00dcberlastung, \u00dcberhitzung und Witterungseinfl\u00fcssen.  Vielseitiger Einsatz in verschiedenen Positionen (Standard, umgekehrt oder horizontal).  &nbsp;  Im Lieferumfang enthalten:  1x Yale BatteryStar (6m kettenlauf)  1x Sammelbeutel f\u00fcr die Kette  1x handsender\" \/>\n<meta property=\"og:url\" content=\"https:\/\/www.ohis.be\/de\/produit\/yale-batterystar-kit-de-base\/\" \/>\n<meta property=\"og:site_name\" content=\"Ohis\" \/>\n<meta property=\"og:image\" content=\"https:\/\/www.ohis.be\/wp-content\/uploads\/2024\/10\/akku-kettenzug-yale-batterystar-basic-kit.jpg\" \/>\n\t<meta property=\"og:image:width\" content=\"800\" \/>\n\t<meta property=\"og:image:height\" content=\"533\" \/>\n\t<meta property=\"og:image:type\" content=\"image\/jpeg\" \/>\n<meta name=\"twitter:card\" content=\"summary_large_image\" \/>\n<meta name=\"twitter:label1\" content=\"Gesch\u00e4tzte Lesezeit\" \/>\n\t<meta name=\"twitter:data1\" content=\"1\u00a0Minute\" \/>\n<script type=\"application\/ld+json\" class=\"yoast-schema-graph\">{\"@context\":\"https:\\\/\\\/schema.org\",\"@graph\":[{\"@type\":\"WebPage\",\"@id\":\"https:\\\/\\\/www.ohis.be\\\/de\\\/produit\\\/yale-batterystar-kit-de-base\\\/\",\"url\":\"https:\\\/\\\/www.ohis.be\\\/de\\\/produit\\\/yale-batterystar-kit-de-base\\\/\",\"name\":\"Yale BatteryStar - Kit de base - Ohis\",\"isPartOf\":{\"@id\":\"https:\\\/\\\/www.ohis.be\\\/#website\"},\"primaryImageOfPage\":{\"@id\":\"https:\\\/\\\/www.ohis.be\\\/de\\\/produit\\\/yale-batterystar-kit-de-base\\\/#primaryimage\"},\"image\":{\"@id\":\"https:\\\/\\\/www.ohis.be\\\/de\\\/produit\\\/yale-batterystar-kit-de-base\\\/#primaryimage\"},\"thumbnailUrl\":\"https:\\\/\\\/www.ohis.be\\\/wp-content\\\/uploads\\\/2024\\\/10\\\/akku-kettenzug-yale-batterystar-basic-kit.jpg\",\"datePublished\":\"2024-10-14T14:35:19+00:00\",\"breadcrumb\":{\"@id\":\"https:\\\/\\\/www.ohis.be\\\/de\\\/produit\\\/yale-batterystar-kit-de-base\\\/#breadcrumb\"},\"inLanguage\":\"de\",\"potentialAction\":[{\"@type\":\"ReadAction\",\"target\":[\"https:\\\/\\\/www.ohis.be\\\/de\\\/produit\\\/yale-batterystar-kit-de-base\\\/\"]}]},{\"@type\":\"ImageObject\",\"inLanguage\":\"de\",\"@id\":\"https:\\\/\\\/www.ohis.be\\\/de\\\/produit\\\/yale-batterystar-kit-de-base\\\/#primaryimage\",\"url\":\"https:\\\/\\\/www.ohis.be\\\/wp-content\\\/uploads\\\/2024\\\/10\\\/akku-kettenzug-yale-batterystar-basic-kit.jpg\",\"contentUrl\":\"https:\\\/\\\/www.ohis.be\\\/wp-content\\\/uploads\\\/2024\\\/10\\\/akku-kettenzug-yale-batterystar-basic-kit.jpg\",\"width\":800,\"height\":533,\"caption\":\"Le Yale BatteryStar \u00e9tablit de nouvelles normes en offrant une combinaison in\u00e9dite de puissance, flexibilit\u00e9 et mobilit\u00e9. C'est le premier palan \u00e0 cha\u00eene \u00e0 batterie de ce type, capable de soulever des charges importantes tout en restant compact et robuste.Que ce soit sur les chantiers, lors de montages ou pendant des \u00e9v\u00e9nements en plein air, le Yale BatteryStar, avec une capacit\u00e9 de charge allant jusqu'\u00e0 1 000 kg, r\u00e9pond aux besoins d'un large \u00e9ventail d'applications.Gains de temps et s\u00e9curit\u00e9 : \u2022 Pr\u00eat \u00e0 l'emploi imm\u00e9diatement gr\u00e2ce \u00e0 sa batterie rechargeable. \u2022 Aucun c\u00e2blage ou connexion \u00e9lectrique n\u00e9cessaire. \u2022 Utilisation \u00e0 distance facilit\u00e9e par la radiocommande. \u2022 Des dispositifs de s\u00e9curit\u00e9 int\u00e9gr\u00e9s prot\u00e8gent contre les surcharges, la surchauffe et les intemp\u00e9ries. \u2022 Utilisation polyvalente dans diff\u00e9rentes positions (standard, invers\u00e9e ou horizontale).&nbsp;La fourniture comprend:1x Yale BatteryStar1x sac collecteur \u00e0 cha\u00eene1x t\u00e9l\u00e9commande\"},{\"@type\":\"BreadcrumbList\",\"@id\":\"https:\\\/\\\/www.ohis.be\\\/de\\\/produit\\\/yale-batterystar-kit-de-base\\\/#breadcrumb\",\"itemListElement\":[{\"@type\":\"ListItem\",\"position\":1,\"name\":\"Accueil\",\"item\":\"https:\\\/\\\/www.ohis.be\\\/de\\\/\"},{\"@type\":\"ListItem\",\"position\":2,\"name\":\"Produkte\",\"item\":\"https:\\\/\\\/www.ohis.be\\\/de\\\/produkte\\\/\"},{\"@type\":\"ListItem\",\"position\":3,\"name\":\"Yale BatteryStar &#8211; Kit de base\"}]},{\"@type\":\"WebSite\",\"@id\":\"https:\\\/\\\/www.ohis.be\\\/#website\",\"url\":\"https:\\\/\\\/www.ohis.be\\\/\",\"name\":\"Ohis\",\"description\":\"Outils de levage\",\"publisher\":{\"@id\":\"https:\\\/\\\/www.ohis.be\\\/#organization\"},\"potentialAction\":[{\"@type\":\"SearchAction\",\"target\":{\"@type\":\"EntryPoint\",\"urlTemplate\":\"https:\\\/\\\/www.ohis.be\\\/?s={search_term_string}\"},\"query-input\":{\"@type\":\"PropertyValueSpecification\",\"valueRequired\":true,\"valueName\":\"search_term_string\"}}],\"inLanguage\":\"de\"},{\"@type\":\"Organization\",\"@id\":\"https:\\\/\\\/www.ohis.be\\\/#organization\",\"name\":\"Ohis\",\"url\":\"https:\\\/\\\/www.ohis.be\\\/\",\"logo\":{\"@type\":\"ImageObject\",\"inLanguage\":\"de\",\"@id\":\"https:\\\/\\\/www.ohis.be\\\/#\\\/schema\\\/logo\\\/image\\\/\",\"url\":\"https:\\\/\\\/www.ohis.be\\\/wp-content\\\/uploads\\\/2021\\\/02\\\/logo-ohis-wit.svg\",\"contentUrl\":\"https:\\\/\\\/www.ohis.be\\\/wp-content\\\/uploads\\\/2021\\\/02\\\/logo-ohis-wit.svg\",\"caption\":\"Ohis\"},\"image\":{\"@id\":\"https:\\\/\\\/www.ohis.be\\\/#\\\/schema\\\/logo\\\/image\\\/\"}}]}<\/script>\n<!-- \/ Yoast SEO plugin. -->","yoast_head_json":{"title":"Yale BatteryStar - Kit de base - Ohis","robots":{"index":"index","follow":"follow","max-snippet":"max-snippet:-1","max-image-preview":"max-image-preview:large","max-video-preview":"max-video-preview:-1"},"canonical":"https:\/\/www.ohis.be\/de\/produit\/yale-batterystar-kit-de-base\/","og_locale":"de_DE","og_type":"article","og_title":"Yale BatteryStar - Kit de base - Ohis","og_description":"Der Yale BatteryStar setzt neue Ma\u00dfst\u00e4be, indem er eine bisher unbekannte Kombination aus Kraft, Flexibilit\u00e4t und Mobilit\u00e4t bietet. Er ist der erste batteriebetriebene Kettenzug seiner Art, der gro\u00dfe Lasten heben kann und dabei kompakt und robust bleibt.  Ob auf Baustellen, bei Montagearbeiten oder bei Veranstaltungen im Freien - der Yale BatteryStar mit einer Tragf\u00e4higkeit von bis zu 1.000 kg erf\u00fcllt die Anforderungen einer Vielzahl von Anwendungen.  Zeitsparend und sicher :   Dank des wiederaufladbaren Akkus sofort einsatzbereit.  \u00a0Keine Verkabelung oder elektrische Verbindung erforderlich.  Einfache Bedienung aus der Ferne durch die handsender..  \u00a0Integrierte Sicherheitsvorrichtungen sch\u00fctzen vor \u00dcberlastung, \u00dcberhitzung und Witterungseinfl\u00fcssen.  Vielseitiger Einsatz in verschiedenen Positionen (Standard, umgekehrt oder horizontal).  &nbsp;  Im Lieferumfang enthalten:  1x Yale BatteryStar (6m kettenlauf)  1x Sammelbeutel f\u00fcr die Kette  1x handsender","og_url":"https:\/\/www.ohis.be\/de\/produit\/yale-batterystar-kit-de-base\/","og_site_name":"Ohis","og_image":[{"width":800,"height":533,"url":"https:\/\/www.ohis.be\/wp-content\/uploads\/2024\/10\/akku-kettenzug-yale-batterystar-basic-kit.jpg","type":"image\/jpeg"}],"twitter_card":"summary_large_image","twitter_misc":{"Gesch\u00e4tzte Lesezeit":"1\u00a0Minute"},"schema":{"@context":"https:\/\/schema.org","@graph":[{"@type":"WebPage","@id":"https:\/\/www.ohis.be\/de\/produit\/yale-batterystar-kit-de-base\/","url":"https:\/\/www.ohis.be\/de\/produit\/yale-batterystar-kit-de-base\/","name":"Yale BatteryStar - Kit de base - Ohis","isPartOf":{"@id":"https:\/\/www.ohis.be\/#website"},"primaryImageOfPage":{"@id":"https:\/\/www.ohis.be\/de\/produit\/yale-batterystar-kit-de-base\/#primaryimage"},"image":{"@id":"https:\/\/www.ohis.be\/de\/produit\/yale-batterystar-kit-de-base\/#primaryimage"},"thumbnailUrl":"https:\/\/www.ohis.be\/wp-content\/uploads\/2024\/10\/akku-kettenzug-yale-batterystar-basic-kit.jpg","datePublished":"2024-10-14T14:35:19+00:00","breadcrumb":{"@id":"https:\/\/www.ohis.be\/de\/produit\/yale-batterystar-kit-de-base\/#breadcrumb"},"inLanguage":"de","potentialAction":[{"@type":"ReadAction","target":["https:\/\/www.ohis.be\/de\/produit\/yale-batterystar-kit-de-base\/"]}]},{"@type":"ImageObject","inLanguage":"de","@id":"https:\/\/www.ohis.be\/de\/produit\/yale-batterystar-kit-de-base\/#primaryimage","url":"https:\/\/www.ohis.be\/wp-content\/uploads\/2024\/10\/akku-kettenzug-yale-batterystar-basic-kit.jpg","contentUrl":"https:\/\/www.ohis.be\/wp-content\/uploads\/2024\/10\/akku-kettenzug-yale-batterystar-basic-kit.jpg","width":800,"height":533,"caption":"Le Yale BatteryStar \u00e9tablit de nouvelles normes en offrant une combinaison in\u00e9dite de puissance, flexibilit\u00e9 et mobilit\u00e9. C'est le premier palan \u00e0 cha\u00eene \u00e0 batterie de ce type, capable de soulever des charges importantes tout en restant compact et robuste.Que ce soit sur les chantiers, lors de montages ou pendant des \u00e9v\u00e9nements en plein air, le Yale BatteryStar, avec une capacit\u00e9 de charge allant jusqu'\u00e0 1 000 kg, r\u00e9pond aux besoins d'un large \u00e9ventail d'applications.Gains de temps et s\u00e9curit\u00e9 : \u2022 Pr\u00eat \u00e0 l'emploi imm\u00e9diatement gr\u00e2ce \u00e0 sa batterie rechargeable. \u2022 Aucun c\u00e2blage ou connexion \u00e9lectrique n\u00e9cessaire. \u2022 Utilisation \u00e0 distance facilit\u00e9e par la radiocommande. \u2022 Des dispositifs de s\u00e9curit\u00e9 int\u00e9gr\u00e9s prot\u00e8gent contre les surcharges, la surchauffe et les intemp\u00e9ries. \u2022 Utilisation polyvalente dans diff\u00e9rentes positions (standard, invers\u00e9e ou horizontale).&nbsp;La fourniture comprend:1x Yale BatteryStar1x sac collecteur \u00e0 cha\u00eene1x t\u00e9l\u00e9commande"},{"@type":"BreadcrumbList","@id":"https:\/\/www.ohis.be\/de\/produit\/yale-batterystar-kit-de-base\/#breadcrumb","itemListElement":[{"@type":"ListItem","position":1,"name":"Accueil","item":"https:\/\/www.ohis.be\/de\/"},{"@type":"ListItem","position":2,"name":"Produkte","item":"https:\/\/www.ohis.be\/de\/produkte\/"},{"@type":"ListItem","position":3,"name":"Yale BatteryStar &#8211; Kit de base"}]},{"@type":"WebSite","@id":"https:\/\/www.ohis.be\/#website","url":"https:\/\/www.ohis.be\/","name":"Ohis","description":"Outils de levage","publisher":{"@id":"https:\/\/www.ohis.be\/#organization"},"potentialAction":[{"@type":"SearchAction","target":{"@type":"EntryPoint","urlTemplate":"https:\/\/www.ohis.be\/?s={search_term_string}"},"query-input":{"@type":"PropertyValueSpecification","valueRequired":true,"valueName":"search_term_string"}}],"inLanguage":"de"},{"@type":"Organization","@id":"https:\/\/www.ohis.be\/#organization","name":"Ohis","url":"https:\/\/www.ohis.be\/","logo":{"@type":"ImageObject","inLanguage":"de","@id":"https:\/\/www.ohis.be\/#\/schema\/logo\/image\/","url":"https:\/\/www.ohis.be\/wp-content\/uploads\/2021\/02\/logo-ohis-wit.svg","contentUrl":"https:\/\/www.ohis.be\/wp-content\/uploads\/2021\/02\/logo-ohis-wit.svg","caption":"Ohis"},"image":{"@id":"https:\/\/www.ohis.be\/#\/schema\/logo\/image\/"}}]}},"_links":{"self":[{"href":"https:\/\/www.ohis.be\/de\/wp-json\/wp\/v2\/product\/61180","targetHints":{"allow":["GET"]}}],"collection":[{"href":"https:\/\/www.ohis.be\/de\/wp-json\/wp\/v2\/product"}],"about":[{"href":"https:\/\/www.ohis.be\/de\/wp-json\/wp\/v2\/types\/product"}],"wp:featuredmedia":[{"embeddable":true,"href":"https:\/\/www.ohis.be\/de\/wp-json\/wp\/v2\/media\/60871"}],"wp:attachment":[{"href":"https:\/\/www.ohis.be\/de\/wp-json\/wp\/v2\/media?parent=61180"}],"wp:term":[{"taxonomy":"product_brand","embeddable":true,"href":"https:\/\/www.ohis.be\/de\/wp-json\/wp\/v2\/product_brand?post=61180"},{"taxonomy":"product_cat","embeddable":true,"href":"https:\/\/www.ohis.be\/de\/wp-json\/wp\/v2\/product_cat?post=61180"},{"taxonomy":"product_tag","embeddable":true,"href":"https:\/\/www.ohis.be\/de\/wp-json\/wp\/v2\/product_tag?post=61180"}],"curies":[{"name":"wp","href":"https:\/\/api.w.org\/{rel}","templated":true}]}}