{"id":61010,"date":"2024-10-14T15:39:47","date_gmt":"2024-10-14T13:39:47","guid":{"rendered":"https:\/\/www.ohis.be\/produit\/rsb-system\/"},"modified":"2024-10-14T15:39:47","modified_gmt":"2024-10-14T13:39:47","slug":"rsb-system","status":"publish","type":"product","link":"https:\/\/www.ohis.be\/de\/produit\/rsb-system\/","title":{"rendered":"RSB-System"},"content":{"rendered":"<p>Das RSB-System besteht aus einer Umlenkrolle, einer Schlinge mit Stahlgliedern, einer Klammer und einem Haken. Es hat einen Sicherheitsfaktor von 4. Die Schlinge besteht aus vernieteten Kettengliedern, was sich von den \u00fcblicherweise verwendeten geschwei\u00dften Versionen unterscheidet. Durch diese Konstruktion k\u00f6nnen nur die besch\u00e4digten Kettenglieder ausgetauscht werden, ohne dass die gesamte Schlinge ausgetauscht werden muss.<\/p>\n<p>Das RSB-System ist sehr flexibel und passt sich perfekt an die verschiedenen Formen von Lasten an. Es ist au\u00dferdem robust und widerstandsf\u00e4hig gegen\u00fcber scharfen Kanten von Werkst\u00fccken. Es ist ideal f\u00fcr die Handhabung von Bandspulen, verhindert das Umkippen und sch\u00fctzt die Spulen vor Besch\u00e4digungen. Auf Wunsch kann eine Schutzh\u00fclse aus PVC hinzugef\u00fcgt werden.<\/p>\n<p>Das RSB-System wird mit einer CE-Konformit\u00e4tserkl\u00e4rung schnell und zuverl\u00e4ssig geliefert. Es verf\u00fcgt au\u00dferdem \u00fcber eine eindeutige Kennzeichnung und einen eindeutigen R\u00fcckverfolgbarkeitscode.<\/p>\n<ul>\n<li>Robustes System, das den scharfen Kanten der Teile standh\u00e4lt.<\/li>\n<li>Beseitigt das Ph\u00e4nomen des Umkippens<\/li>\n<li>Besch\u00e4digt die Bandspule nicht.<\/li>\n<li>Geeignet f\u00fcr Spulen mit E \u2264 D ext.\/2<\/li>\n<\/ul>\n<p>Andere Ma\u00dfe auf Anfrage erh\u00e4ltlich<\/p>\n","protected":false},"excerpt":{"rendered":"<p>Das RSB-System besteht aus einer Umlenkrolle, einer Schlinge mit Stahlgliedern, einer Klammer und einem Haken. Es hat einen Sicherheitsfaktor von 4. Die Schlinge besteht aus vernieteten Kettengliedern, was sich von den \u00fcblicherweise verwendeten geschwei\u00dften Versionen unterscheidet. Durch diese Konstruktion k\u00f6nnen nur die besch\u00e4digten Kettenglieder ausgetauscht werden, ohne dass die gesamte Schlinge ausgetauscht werden muss.<\/p>\n<p>Das RSB-System ist sehr flexibel und passt sich perfekt an die verschiedenen Formen von Lasten an. Es ist au\u00dferdem robust und widerstandsf\u00e4hig gegen\u00fcber scharfen Kanten von Werkst\u00fccken. Es ist ideal f\u00fcr die Handhabung von Bandspulen, verhindert das Umkippen und sch\u00fctzt die Spulen vor Besch\u00e4digungen. Auf Wunsch kann eine Schutzh\u00fclse aus PVC hinzugef\u00fcgt werden.<\/p>\n<p>Das RSB-System wird mit einer CE-Konformit\u00e4tserkl\u00e4rung schnell und zuverl\u00e4ssig geliefert. Es verf\u00fcgt au\u00dferdem \u00fcber eine eindeutige Kennzeichnung und einen eindeutigen R\u00fcckverfolgbarkeitscode.<\/p>\n<ul>\n<li>Robustes System, das den scharfen Kanten der Teile standh\u00e4lt.<\/li>\n<li>Beseitigt das Ph\u00e4nomen des Umkippens<\/li>\n<li>Besch\u00e4digt die Bandspule nicht.<\/li>\n<li>Geeignet f\u00fcr Spulen mit E \u2264 D ext.\/2<\/li>\n<\/ul>\n<p>Andere Ma\u00dfe auf Anfrage erh\u00e4ltlich<\/p>\n","protected":false},"featured_media":60798,"template":"","meta":{"_acf_changed":false,"inline_featured_image":false},"product_brand":[],"product_cat":[3722],"product_tag":[],"class_list":{"0":"post-61010","1":"product","2":"type-product","3":"status-publish","4":"has-post-thumbnail","6":"product_cat-kettenschlingen","7":"yith_product_brand-lifteurop-de","9":"first","10":"onbackorder","11":"taxable","12":"shipping-taxable","13":"purchasable","14":"product-type-variable"},"acf":[],"yoast_head":"<!-- This site is optimized with the Yoast SEO plugin v27.4 - https:\/\/yoast.com\/product\/yoast-seo-wordpress\/ -->\n<title>RSB-System - Ohis<\/title>\n<meta name=\"robots\" content=\"index, follow, max-snippet:-1, max-image-preview:large, max-video-preview:-1\" \/>\n<link rel=\"canonical\" href=\"https:\/\/www.ohis.be\/de\/produit\/rsb-system\/\" \/>\n<meta property=\"og:locale\" content=\"de_DE\" \/>\n<meta property=\"og:type\" content=\"article\" \/>\n<meta property=\"og:title\" content=\"RSB-System - Ohis\" \/>\n<meta property=\"og:description\" content=\"Das RSB-System besteht aus einer Umlenkrolle, einer Schlinge mit Stahlgliedern, einer Klammer und einem Haken. Es hat einen Sicherheitsfaktor von 4. Die Schlinge besteht aus vernieteten Kettengliedern, was sich von den \u00fcblicherweise verwendeten geschwei\u00dften Versionen unterscheidet. Durch diese Konstruktion k\u00f6nnen nur die besch\u00e4digten Kettenglieder ausgetauscht werden, ohne dass die gesamte Schlinge ausgetauscht werden muss.  Das RSB-System ist sehr flexibel und passt sich perfekt an die verschiedenen Formen von Lasten an. Es ist au\u00dferdem robust und widerstandsf\u00e4hig gegen\u00fcber scharfen Kanten von Werkst\u00fccken. Es ist ideal f\u00fcr die Handhabung von Bandspulen, verhindert das Umkippen und sch\u00fctzt die Spulen vor Besch\u00e4digungen. Auf Wunsch kann eine Schutzh\u00fclse aus PVC hinzugef\u00fcgt werden.  Das RSB-System wird mit einer CE-Konformit\u00e4tserkl\u00e4rung schnell und zuverl\u00e4ssig geliefert. Es verf\u00fcgt au\u00dferdem \u00fcber eine eindeutige Kennzeichnung und einen eindeutigen R\u00fcckverfolgbarkeitscode.   Robustes System, das den scharfen Kanten der Teile standh\u00e4lt.  Beseitigt das Ph\u00e4nomen des Umkippens  Besch\u00e4digt die Bandspule nicht.  Geeignet f\u00fcr Spulen mit E \u2264 D ext.\/2  Andere Ma\u00dfe auf Anfrage erh\u00e4ltlich\" \/>\n<meta property=\"og:url\" content=\"https:\/\/www.ohis.be\/de\/produit\/rsb-system\/\" \/>\n<meta property=\"og:site_name\" content=\"Ohis\" \/>\n<meta property=\"og:image\" content=\"https:\/\/www.ohis.be\/wp-content\/uploads\/2024\/10\/Elingue-a-maillons-RSB-hijsketting.png\" \/>\n\t<meta property=\"og:image:width\" content=\"1827\" \/>\n\t<meta property=\"og:image:height\" content=\"515\" \/>\n\t<meta property=\"og:image:type\" content=\"image\/png\" \/>\n<meta name=\"twitter:card\" content=\"summary_large_image\" \/>\n<meta name=\"twitter:label1\" content=\"Gesch\u00e4tzte Lesezeit\" \/>\n\t<meta name=\"twitter:data1\" content=\"1\u00a0Minute\" \/>\n<script type=\"application\/ld+json\" class=\"yoast-schema-graph\">{\"@context\":\"https:\\\/\\\/schema.org\",\"@graph\":[{\"@type\":\"WebPage\",\"@id\":\"https:\\\/\\\/www.ohis.be\\\/de\\\/produit\\\/rsb-system\\\/\",\"url\":\"https:\\\/\\\/www.ohis.be\\\/de\\\/produit\\\/rsb-system\\\/\",\"name\":\"RSB-System - Ohis\",\"isPartOf\":{\"@id\":\"https:\\\/\\\/www.ohis.be\\\/#website\"},\"primaryImageOfPage\":{\"@id\":\"https:\\\/\\\/www.ohis.be\\\/de\\\/produit\\\/rsb-system\\\/#primaryimage\"},\"image\":{\"@id\":\"https:\\\/\\\/www.ohis.be\\\/de\\\/produit\\\/rsb-system\\\/#primaryimage\"},\"thumbnailUrl\":\"https:\\\/\\\/www.ohis.be\\\/wp-content\\\/uploads\\\/2024\\\/10\\\/Elingue-a-maillons-RSB-hijsketting.png\",\"datePublished\":\"2024-10-14T13:39:47+00:00\",\"breadcrumb\":{\"@id\":\"https:\\\/\\\/www.ohis.be\\\/de\\\/produit\\\/rsb-system\\\/#breadcrumb\"},\"inLanguage\":\"de\",\"potentialAction\":[{\"@type\":\"ReadAction\",\"target\":[\"https:\\\/\\\/www.ohis.be\\\/de\\\/produit\\\/rsb-system\\\/\"]}]},{\"@type\":\"ImageObject\",\"inLanguage\":\"de\",\"@id\":\"https:\\\/\\\/www.ohis.be\\\/de\\\/produit\\\/rsb-system\\\/#primaryimage\",\"url\":\"https:\\\/\\\/www.ohis.be\\\/wp-content\\\/uploads\\\/2024\\\/10\\\/Elingue-a-maillons-RSB-hijsketting.png\",\"contentUrl\":\"https:\\\/\\\/www.ohis.be\\\/wp-content\\\/uploads\\\/2024\\\/10\\\/Elingue-a-maillons-RSB-hijsketting.png\",\"width\":1827,\"height\":515,\"caption\":\"Das RSB-System besteht aus einer Umlenkrolle, einer Schlinge mit Stahlgliedern, einer Klammer und einem Haken. Es hat einen Sicherheitsfaktor von 4. Die Schlinge besteht aus vernieteten Kettengliedern, was sich von den \u00fcblicherweise verwendeten geschwei\u00dften Versionen unterscheidet. Durch diese Konstruktion k\u00f6nnen nur die besch\u00e4digten Kettenglieder ausgetauscht werden, ohne dass die gesamte Schlinge ausgetauscht werden muss. Das RSB-System ist sehr flexibel und passt sich perfekt an die verschiedenen Formen von Lasten an. Es ist au\u00dferdem robust und widerstandsf\u00e4hig gegen\u00fcber scharfen Kanten von Werkst\u00fccken. Es ist ideal f\u00fcr die Handhabung von Bandspulen, verhindert das Umkippen und sch\u00fctzt die Spulen vor Besch\u00e4digungen. Auf Wunsch kann eine Schutzh\u00fclse aus PVC hinzugef\u00fcgt werden. Das RSB-System wird mit einer CE-Konformit\u00e4tserkl\u00e4rung schnell und zuverl\u00e4ssig geliefert. Es verf\u00fcgt au\u00dferdem \u00fcber eine eindeutige Kennzeichnung und einen eindeutigen R\u00fcckverfolgbarkeitscode. Robustes System, das den scharfen Kanten der Teile standh\u00e4lt. Beseitigt das Ph\u00e4nomen des Umkippens Besch\u00e4digt die Bandspule nicht. Geeignet f\u00fcr Spulen mit E \u2264 D ext.\\\/2\"},{\"@type\":\"BreadcrumbList\",\"@id\":\"https:\\\/\\\/www.ohis.be\\\/de\\\/produit\\\/rsb-system\\\/#breadcrumb\",\"itemListElement\":[{\"@type\":\"ListItem\",\"position\":1,\"name\":\"Accueil\",\"item\":\"https:\\\/\\\/www.ohis.be\\\/de\\\/\"},{\"@type\":\"ListItem\",\"position\":2,\"name\":\"Produkte\",\"item\":\"https:\\\/\\\/www.ohis.be\\\/de\\\/produkte\\\/\"},{\"@type\":\"ListItem\",\"position\":3,\"name\":\"RSB-System\"}]},{\"@type\":\"WebSite\",\"@id\":\"https:\\\/\\\/www.ohis.be\\\/#website\",\"url\":\"https:\\\/\\\/www.ohis.be\\\/\",\"name\":\"Ohis\",\"description\":\"Outils de levage\",\"publisher\":{\"@id\":\"https:\\\/\\\/www.ohis.be\\\/#organization\"},\"potentialAction\":[{\"@type\":\"SearchAction\",\"target\":{\"@type\":\"EntryPoint\",\"urlTemplate\":\"https:\\\/\\\/www.ohis.be\\\/?s={search_term_string}\"},\"query-input\":{\"@type\":\"PropertyValueSpecification\",\"valueRequired\":true,\"valueName\":\"search_term_string\"}}],\"inLanguage\":\"de\"},{\"@type\":\"Organization\",\"@id\":\"https:\\\/\\\/www.ohis.be\\\/#organization\",\"name\":\"Ohis\",\"url\":\"https:\\\/\\\/www.ohis.be\\\/\",\"logo\":{\"@type\":\"ImageObject\",\"inLanguage\":\"de\",\"@id\":\"https:\\\/\\\/www.ohis.be\\\/#\\\/schema\\\/logo\\\/image\\\/\",\"url\":\"https:\\\/\\\/www.ohis.be\\\/wp-content\\\/uploads\\\/2021\\\/02\\\/logo-ohis-wit.svg\",\"contentUrl\":\"https:\\\/\\\/www.ohis.be\\\/wp-content\\\/uploads\\\/2021\\\/02\\\/logo-ohis-wit.svg\",\"caption\":\"Ohis\"},\"image\":{\"@id\":\"https:\\\/\\\/www.ohis.be\\\/#\\\/schema\\\/logo\\\/image\\\/\"}}]}<\/script>\n<!-- \/ Yoast SEO plugin. -->","yoast_head_json":{"title":"RSB-System - Ohis","robots":{"index":"index","follow":"follow","max-snippet":"max-snippet:-1","max-image-preview":"max-image-preview:large","max-video-preview":"max-video-preview:-1"},"canonical":"https:\/\/www.ohis.be\/de\/produit\/rsb-system\/","og_locale":"de_DE","og_type":"article","og_title":"RSB-System - Ohis","og_description":"Das RSB-System besteht aus einer Umlenkrolle, einer Schlinge mit Stahlgliedern, einer Klammer und einem Haken. Es hat einen Sicherheitsfaktor von 4. Die Schlinge besteht aus vernieteten Kettengliedern, was sich von den \u00fcblicherweise verwendeten geschwei\u00dften Versionen unterscheidet. Durch diese Konstruktion k\u00f6nnen nur die besch\u00e4digten Kettenglieder ausgetauscht werden, ohne dass die gesamte Schlinge ausgetauscht werden muss.  Das RSB-System ist sehr flexibel und passt sich perfekt an die verschiedenen Formen von Lasten an. Es ist au\u00dferdem robust und widerstandsf\u00e4hig gegen\u00fcber scharfen Kanten von Werkst\u00fccken. Es ist ideal f\u00fcr die Handhabung von Bandspulen, verhindert das Umkippen und sch\u00fctzt die Spulen vor Besch\u00e4digungen. Auf Wunsch kann eine Schutzh\u00fclse aus PVC hinzugef\u00fcgt werden.  Das RSB-System wird mit einer CE-Konformit\u00e4tserkl\u00e4rung schnell und zuverl\u00e4ssig geliefert. Es verf\u00fcgt au\u00dferdem \u00fcber eine eindeutige Kennzeichnung und einen eindeutigen R\u00fcckverfolgbarkeitscode.   Robustes System, das den scharfen Kanten der Teile standh\u00e4lt.  Beseitigt das Ph\u00e4nomen des Umkippens  Besch\u00e4digt die Bandspule nicht.  Geeignet f\u00fcr Spulen mit E \u2264 D ext.\/2  Andere Ma\u00dfe auf Anfrage erh\u00e4ltlich","og_url":"https:\/\/www.ohis.be\/de\/produit\/rsb-system\/","og_site_name":"Ohis","og_image":[{"width":1827,"height":515,"url":"https:\/\/www.ohis.be\/wp-content\/uploads\/2024\/10\/Elingue-a-maillons-RSB-hijsketting.png","type":"image\/png"}],"twitter_card":"summary_large_image","twitter_misc":{"Gesch\u00e4tzte Lesezeit":"1\u00a0Minute"},"schema":{"@context":"https:\/\/schema.org","@graph":[{"@type":"WebPage","@id":"https:\/\/www.ohis.be\/de\/produit\/rsb-system\/","url":"https:\/\/www.ohis.be\/de\/produit\/rsb-system\/","name":"RSB-System - Ohis","isPartOf":{"@id":"https:\/\/www.ohis.be\/#website"},"primaryImageOfPage":{"@id":"https:\/\/www.ohis.be\/de\/produit\/rsb-system\/#primaryimage"},"image":{"@id":"https:\/\/www.ohis.be\/de\/produit\/rsb-system\/#primaryimage"},"thumbnailUrl":"https:\/\/www.ohis.be\/wp-content\/uploads\/2024\/10\/Elingue-a-maillons-RSB-hijsketting.png","datePublished":"2024-10-14T13:39:47+00:00","breadcrumb":{"@id":"https:\/\/www.ohis.be\/de\/produit\/rsb-system\/#breadcrumb"},"inLanguage":"de","potentialAction":[{"@type":"ReadAction","target":["https:\/\/www.ohis.be\/de\/produit\/rsb-system\/"]}]},{"@type":"ImageObject","inLanguage":"de","@id":"https:\/\/www.ohis.be\/de\/produit\/rsb-system\/#primaryimage","url":"https:\/\/www.ohis.be\/wp-content\/uploads\/2024\/10\/Elingue-a-maillons-RSB-hijsketting.png","contentUrl":"https:\/\/www.ohis.be\/wp-content\/uploads\/2024\/10\/Elingue-a-maillons-RSB-hijsketting.png","width":1827,"height":515,"caption":"Das RSB-System besteht aus einer Umlenkrolle, einer Schlinge mit Stahlgliedern, einer Klammer und einem Haken. Es hat einen Sicherheitsfaktor von 4. Die Schlinge besteht aus vernieteten Kettengliedern, was sich von den \u00fcblicherweise verwendeten geschwei\u00dften Versionen unterscheidet. Durch diese Konstruktion k\u00f6nnen nur die besch\u00e4digten Kettenglieder ausgetauscht werden, ohne dass die gesamte Schlinge ausgetauscht werden muss. Das RSB-System ist sehr flexibel und passt sich perfekt an die verschiedenen Formen von Lasten an. Es ist au\u00dferdem robust und widerstandsf\u00e4hig gegen\u00fcber scharfen Kanten von Werkst\u00fccken. Es ist ideal f\u00fcr die Handhabung von Bandspulen, verhindert das Umkippen und sch\u00fctzt die Spulen vor Besch\u00e4digungen. Auf Wunsch kann eine Schutzh\u00fclse aus PVC hinzugef\u00fcgt werden. Das RSB-System wird mit einer CE-Konformit\u00e4tserkl\u00e4rung schnell und zuverl\u00e4ssig geliefert. Es verf\u00fcgt au\u00dferdem \u00fcber eine eindeutige Kennzeichnung und einen eindeutigen R\u00fcckverfolgbarkeitscode. Robustes System, das den scharfen Kanten der Teile standh\u00e4lt. Beseitigt das Ph\u00e4nomen des Umkippens Besch\u00e4digt die Bandspule nicht. Geeignet f\u00fcr Spulen mit E \u2264 D ext.\/2"},{"@type":"BreadcrumbList","@id":"https:\/\/www.ohis.be\/de\/produit\/rsb-system\/#breadcrumb","itemListElement":[{"@type":"ListItem","position":1,"name":"Accueil","item":"https:\/\/www.ohis.be\/de\/"},{"@type":"ListItem","position":2,"name":"Produkte","item":"https:\/\/www.ohis.be\/de\/produkte\/"},{"@type":"ListItem","position":3,"name":"RSB-System"}]},{"@type":"WebSite","@id":"https:\/\/www.ohis.be\/#website","url":"https:\/\/www.ohis.be\/","name":"Ohis","description":"Outils de levage","publisher":{"@id":"https:\/\/www.ohis.be\/#organization"},"potentialAction":[{"@type":"SearchAction","target":{"@type":"EntryPoint","urlTemplate":"https:\/\/www.ohis.be\/?s={search_term_string}"},"query-input":{"@type":"PropertyValueSpecification","valueRequired":true,"valueName":"search_term_string"}}],"inLanguage":"de"},{"@type":"Organization","@id":"https:\/\/www.ohis.be\/#organization","name":"Ohis","url":"https:\/\/www.ohis.be\/","logo":{"@type":"ImageObject","inLanguage":"de","@id":"https:\/\/www.ohis.be\/#\/schema\/logo\/image\/","url":"https:\/\/www.ohis.be\/wp-content\/uploads\/2021\/02\/logo-ohis-wit.svg","contentUrl":"https:\/\/www.ohis.be\/wp-content\/uploads\/2021\/02\/logo-ohis-wit.svg","caption":"Ohis"},"image":{"@id":"https:\/\/www.ohis.be\/#\/schema\/logo\/image\/"}}]}},"_links":{"self":[{"href":"https:\/\/www.ohis.be\/de\/wp-json\/wp\/v2\/product\/61010","targetHints":{"allow":["GET"]}}],"collection":[{"href":"https:\/\/www.ohis.be\/de\/wp-json\/wp\/v2\/product"}],"about":[{"href":"https:\/\/www.ohis.be\/de\/wp-json\/wp\/v2\/types\/product"}],"wp:featuredmedia":[{"embeddable":true,"href":"https:\/\/www.ohis.be\/de\/wp-json\/wp\/v2\/media\/60798"}],"wp:attachment":[{"href":"https:\/\/www.ohis.be\/de\/wp-json\/wp\/v2\/media?parent=61010"}],"wp:term":[{"taxonomy":"product_brand","embeddable":true,"href":"https:\/\/www.ohis.be\/de\/wp-json\/wp\/v2\/product_brand?post=61010"},{"taxonomy":"product_cat","embeddable":true,"href":"https:\/\/www.ohis.be\/de\/wp-json\/wp\/v2\/product_cat?post=61010"},{"taxonomy":"product_tag","embeddable":true,"href":"https:\/\/www.ohis.be\/de\/wp-json\/wp\/v2\/product_tag?post=61010"}],"curies":[{"name":"wp","href":"https:\/\/api.w.org\/{rel}","templated":true}]}}