{"id":60980,"date":"2024-10-15T09:14:34","date_gmt":"2024-10-15T07:14:34","guid":{"rendered":"https:\/\/www.ohis.be\/produit\/elektrokettenzug-planeta-peh-r\/"},"modified":"2024-10-15T09:14:34","modified_gmt":"2024-10-15T07:14:34","slug":"elektrokettenzug-planeta-peh-r","status":"publish","type":"product","link":"https:\/\/www.ohis.be\/de\/produit\/elektrokettenzug-planeta-peh-r\/","title":{"rendered":"Elektrokettenzug Planeta PEH-R"},"content":{"rendered":"<p>ELEKTROKETTENZUG | PEH-R F\u00dcR DIE LEBENSMITTELINDUSTRIE<br \/>\n\u2022 Tragf\u00e4higkeit: bis 1.250 kg<br \/>\n\u2022 Elektrokettenzug korrosionsbest\u00e4ndig<br \/>\n\u2022  Lebensmittelindustrie, Pharmaindustrie, chemische  Industrie, Abwasserreinigungsanlagen, Ausseneinsatz<br \/>\n\u2022 Geh\u00e4use kataphoresebeschichtet<br \/>\n\u2022 Rundstahlkette korrosionsbest\u00e4ndig<br \/>\n\u2022 Aufh\u00e4ngung korrosionsbest\u00e4ndig<br \/>\n\u2022  Alle mit der Kette in Kontakt stehenden Teile (Ausr\u00fcstteile wie Kettenrad, Lasthaken, Schrauben) in korrosionsbest\u00e4ndiger Ausf\u00fchrung<br \/>\n\u2022 Schutzart IP65<br \/>\n\u2022 Spezialfett f\u00fcr Lebensmittelindustrie<br \/>\n\u2022 Optional \u00dcberdruckventil<br \/>\n\u2022  Optional Hand- oder Motorfahrwerk in korrosionsbest\u00e4ndiger Ausf\u00fchrung<\/p>\n","protected":false},"excerpt":{"rendered":"<p>ELEKTROKETTENZUG | PEH-R F\u00dcR DIE LEBENSMITTELINDUSTRIE<br \/>\n\u2022 Tragf\u00e4higkeit: bis 1.250 kg<br \/>\n\u2022 Elektrokettenzug korrosionsbest\u00e4ndig<br \/>\n\u2022  Lebensmittelindustrie, Pharmaindustrie, chemische  Industrie, Abwasserreinigungsanlagen, Ausseneinsatz<br \/>\n\u2022 Geh\u00e4use kataphoresebeschichtet<br \/>\n\u2022 Rundstahlkette korrosionsbest\u00e4ndig<br \/>\n\u2022 Aufh\u00e4ngung korrosionsbest\u00e4ndig<br \/>\n\u2022  Alle mit der Kette in Kontakt stehenden Teile (Ausr\u00fcstteile wie Kettenrad, Lasthaken, Schrauben) in korrosionsbest\u00e4ndiger Ausf\u00fchrung<br \/>\n\u2022 Schutzart IP65<br \/>\n\u2022 Spezialfett f\u00fcr Lebensmittelindustrie<br \/>\n\u2022 Optional \u00dcberdruckventil<br \/>\n\u2022  Optional Hand- oder Motorfahrwerk in korrosionsbest\u00e4ndiger Ausf\u00fchrung<\/p>\n","protected":false},"featured_media":60951,"template":"","meta":{"_acf_changed":false,"inline_featured_image":false},"product_brand":[],"product_cat":[697],"product_tag":[],"class_list":{"0":"post-60980","1":"product","2":"type-product","3":"status-publish","4":"has-post-thumbnail","6":"product_cat-kettenzug","7":"yith_product_brand-planeta-de","9":"first","10":"instock","11":"taxable","12":"shipping-taxable","13":"product-type-simple"},"acf":[],"yoast_head":"<!-- This site is optimized with the Yoast SEO plugin v27.4 - https:\/\/yoast.com\/product\/yoast-seo-wordpress\/ -->\n<title>Elektrokettenzug Planeta PEH-R - Ohis<\/title>\n<meta name=\"robots\" content=\"index, follow, max-snippet:-1, max-image-preview:large, max-video-preview:-1\" \/>\n<link rel=\"canonical\" href=\"https:\/\/www.ohis.be\/de\/produit\/elektrokettenzug-planeta-peh-r\/\" \/>\n<meta property=\"og:locale\" content=\"de_DE\" \/>\n<meta property=\"og:type\" content=\"article\" \/>\n<meta property=\"og:title\" content=\"Elektrokettenzug Planeta PEH-R - Ohis\" \/>\n<meta property=\"og:description\" content=\"ELEKTROKETTENZUG | PEH-R F\u00dcR DIE LEBENSMITTELINDUSTRIE \u2022 Tragf\u00e4higkeit: bis 1.250 kg \u2022 Elektrokettenzug korrosionsbest\u00e4ndig \u2022 Lebensmittelindustrie, Pharmaindustrie, chemische Industrie, Abwasserreinigungsanlagen, Ausseneinsatz \u2022 Geh\u00e4use kataphoresebeschichtet \u2022 Rundstahlkette korrosionsbest\u00e4ndig \u2022 Aufh\u00e4ngung korrosionsbest\u00e4ndig \u2022 Alle mit der Kette in Kontakt stehenden Teile (Ausr\u00fcstteile wie Kettenrad, Lasthaken, Schrauben) in korrosionsbest\u00e4ndiger Ausf\u00fchrung \u2022 Schutzart IP65 \u2022 Spezialfett f\u00fcr Lebensmittelindustrie \u2022 Optional \u00dcberdruckventil \u2022 Optional Hand- oder Motorfahrwerk in korrosionsbest\u00e4ndiger Ausf\u00fchrung\" \/>\n<meta property=\"og:url\" content=\"https:\/\/www.ohis.be\/de\/produit\/elektrokettenzug-planeta-peh-r\/\" \/>\n<meta property=\"og:site_name\" content=\"Ohis\" \/>\n<meta property=\"og:image\" content=\"https:\/\/www.ohis.be\/wp-content\/uploads\/2024\/10\/Planeta-PEH-R.png\" \/>\n\t<meta property=\"og:image:width\" content=\"742\" \/>\n\t<meta property=\"og:image:height\" content=\"443\" \/>\n\t<meta property=\"og:image:type\" content=\"image\/png\" \/>\n<meta name=\"twitter:card\" content=\"summary_large_image\" \/>\n<script type=\"application\/ld+json\" class=\"yoast-schema-graph\">{\"@context\":\"https:\\\/\\\/schema.org\",\"@graph\":[{\"@type\":\"WebPage\",\"@id\":\"https:\\\/\\\/www.ohis.be\\\/de\\\/produit\\\/elektrokettenzug-planeta-peh-r\\\/\",\"url\":\"https:\\\/\\\/www.ohis.be\\\/de\\\/produit\\\/elektrokettenzug-planeta-peh-r\\\/\",\"name\":\"Elektrokettenzug Planeta PEH-R - Ohis\",\"isPartOf\":{\"@id\":\"https:\\\/\\\/www.ohis.be\\\/#website\"},\"primaryImageOfPage\":{\"@id\":\"https:\\\/\\\/www.ohis.be\\\/de\\\/produit\\\/elektrokettenzug-planeta-peh-r\\\/#primaryimage\"},\"image\":{\"@id\":\"https:\\\/\\\/www.ohis.be\\\/de\\\/produit\\\/elektrokettenzug-planeta-peh-r\\\/#primaryimage\"},\"thumbnailUrl\":\"https:\\\/\\\/www.ohis.be\\\/wp-content\\\/uploads\\\/2024\\\/10\\\/Planeta-PEH-R.png\",\"datePublished\":\"2024-10-15T07:14:34+00:00\",\"breadcrumb\":{\"@id\":\"https:\\\/\\\/www.ohis.be\\\/de\\\/produit\\\/elektrokettenzug-planeta-peh-r\\\/#breadcrumb\"},\"inLanguage\":\"de\",\"potentialAction\":[{\"@type\":\"ReadAction\",\"target\":[\"https:\\\/\\\/www.ohis.be\\\/de\\\/produit\\\/elektrokettenzug-planeta-peh-r\\\/\"]}]},{\"@type\":\"ImageObject\",\"inLanguage\":\"de\",\"@id\":\"https:\\\/\\\/www.ohis.be\\\/de\\\/produit\\\/elektrokettenzug-planeta-peh-r\\\/#primaryimage\",\"url\":\"https:\\\/\\\/www.ohis.be\\\/wp-content\\\/uploads\\\/2024\\\/10\\\/Planeta-PEH-R.png\",\"contentUrl\":\"https:\\\/\\\/www.ohis.be\\\/wp-content\\\/uploads\\\/2024\\\/10\\\/Planeta-PEH-R.png\",\"width\":742,\"height\":443,\"caption\":\"Palan pour l'industrie alimentaire\"},{\"@type\":\"BreadcrumbList\",\"@id\":\"https:\\\/\\\/www.ohis.be\\\/de\\\/produit\\\/elektrokettenzug-planeta-peh-r\\\/#breadcrumb\",\"itemListElement\":[{\"@type\":\"ListItem\",\"position\":1,\"name\":\"Accueil\",\"item\":\"https:\\\/\\\/www.ohis.be\\\/de\\\/\"},{\"@type\":\"ListItem\",\"position\":2,\"name\":\"Produkte\",\"item\":\"https:\\\/\\\/www.ohis.be\\\/de\\\/produkte\\\/\"},{\"@type\":\"ListItem\",\"position\":3,\"name\":\"Elektrokettenzug Planeta PEH-R\"}]},{\"@type\":\"WebSite\",\"@id\":\"https:\\\/\\\/www.ohis.be\\\/#website\",\"url\":\"https:\\\/\\\/www.ohis.be\\\/\",\"name\":\"Ohis\",\"description\":\"Outils de levage\",\"publisher\":{\"@id\":\"https:\\\/\\\/www.ohis.be\\\/#organization\"},\"potentialAction\":[{\"@type\":\"SearchAction\",\"target\":{\"@type\":\"EntryPoint\",\"urlTemplate\":\"https:\\\/\\\/www.ohis.be\\\/?s={search_term_string}\"},\"query-input\":{\"@type\":\"PropertyValueSpecification\",\"valueRequired\":true,\"valueName\":\"search_term_string\"}}],\"inLanguage\":\"de\"},{\"@type\":\"Organization\",\"@id\":\"https:\\\/\\\/www.ohis.be\\\/#organization\",\"name\":\"Ohis\",\"url\":\"https:\\\/\\\/www.ohis.be\\\/\",\"logo\":{\"@type\":\"ImageObject\",\"inLanguage\":\"de\",\"@id\":\"https:\\\/\\\/www.ohis.be\\\/#\\\/schema\\\/logo\\\/image\\\/\",\"url\":\"https:\\\/\\\/www.ohis.be\\\/wp-content\\\/uploads\\\/2021\\\/02\\\/logo-ohis-wit.svg\",\"contentUrl\":\"https:\\\/\\\/www.ohis.be\\\/wp-content\\\/uploads\\\/2021\\\/02\\\/logo-ohis-wit.svg\",\"caption\":\"Ohis\"},\"image\":{\"@id\":\"https:\\\/\\\/www.ohis.be\\\/#\\\/schema\\\/logo\\\/image\\\/\"}}]}<\/script>\n<!-- \/ Yoast SEO plugin. -->","yoast_head_json":{"title":"Elektrokettenzug Planeta PEH-R - Ohis","robots":{"index":"index","follow":"follow","max-snippet":"max-snippet:-1","max-image-preview":"max-image-preview:large","max-video-preview":"max-video-preview:-1"},"canonical":"https:\/\/www.ohis.be\/de\/produit\/elektrokettenzug-planeta-peh-r\/","og_locale":"de_DE","og_type":"article","og_title":"Elektrokettenzug Planeta PEH-R - Ohis","og_description":"ELEKTROKETTENZUG | PEH-R F\u00dcR DIE LEBENSMITTELINDUSTRIE \u2022 Tragf\u00e4higkeit: bis 1.250 kg \u2022 Elektrokettenzug korrosionsbest\u00e4ndig \u2022 Lebensmittelindustrie, Pharmaindustrie, chemische Industrie, Abwasserreinigungsanlagen, Ausseneinsatz \u2022 Geh\u00e4use kataphoresebeschichtet \u2022 Rundstahlkette korrosionsbest\u00e4ndig \u2022 Aufh\u00e4ngung korrosionsbest\u00e4ndig \u2022 Alle mit der Kette in Kontakt stehenden Teile (Ausr\u00fcstteile wie Kettenrad, Lasthaken, Schrauben) in korrosionsbest\u00e4ndiger Ausf\u00fchrung \u2022 Schutzart IP65 \u2022 Spezialfett f\u00fcr Lebensmittelindustrie \u2022 Optional \u00dcberdruckventil \u2022 Optional Hand- oder Motorfahrwerk in korrosionsbest\u00e4ndiger Ausf\u00fchrung","og_url":"https:\/\/www.ohis.be\/de\/produit\/elektrokettenzug-planeta-peh-r\/","og_site_name":"Ohis","og_image":[{"width":742,"height":443,"url":"https:\/\/www.ohis.be\/wp-content\/uploads\/2024\/10\/Planeta-PEH-R.png","type":"image\/png"}],"twitter_card":"summary_large_image","schema":{"@context":"https:\/\/schema.org","@graph":[{"@type":"WebPage","@id":"https:\/\/www.ohis.be\/de\/produit\/elektrokettenzug-planeta-peh-r\/","url":"https:\/\/www.ohis.be\/de\/produit\/elektrokettenzug-planeta-peh-r\/","name":"Elektrokettenzug Planeta PEH-R - Ohis","isPartOf":{"@id":"https:\/\/www.ohis.be\/#website"},"primaryImageOfPage":{"@id":"https:\/\/www.ohis.be\/de\/produit\/elektrokettenzug-planeta-peh-r\/#primaryimage"},"image":{"@id":"https:\/\/www.ohis.be\/de\/produit\/elektrokettenzug-planeta-peh-r\/#primaryimage"},"thumbnailUrl":"https:\/\/www.ohis.be\/wp-content\/uploads\/2024\/10\/Planeta-PEH-R.png","datePublished":"2024-10-15T07:14:34+00:00","breadcrumb":{"@id":"https:\/\/www.ohis.be\/de\/produit\/elektrokettenzug-planeta-peh-r\/#breadcrumb"},"inLanguage":"de","potentialAction":[{"@type":"ReadAction","target":["https:\/\/www.ohis.be\/de\/produit\/elektrokettenzug-planeta-peh-r\/"]}]},{"@type":"ImageObject","inLanguage":"de","@id":"https:\/\/www.ohis.be\/de\/produit\/elektrokettenzug-planeta-peh-r\/#primaryimage","url":"https:\/\/www.ohis.be\/wp-content\/uploads\/2024\/10\/Planeta-PEH-R.png","contentUrl":"https:\/\/www.ohis.be\/wp-content\/uploads\/2024\/10\/Planeta-PEH-R.png","width":742,"height":443,"caption":"Palan pour l'industrie alimentaire"},{"@type":"BreadcrumbList","@id":"https:\/\/www.ohis.be\/de\/produit\/elektrokettenzug-planeta-peh-r\/#breadcrumb","itemListElement":[{"@type":"ListItem","position":1,"name":"Accueil","item":"https:\/\/www.ohis.be\/de\/"},{"@type":"ListItem","position":2,"name":"Produkte","item":"https:\/\/www.ohis.be\/de\/produkte\/"},{"@type":"ListItem","position":3,"name":"Elektrokettenzug Planeta PEH-R"}]},{"@type":"WebSite","@id":"https:\/\/www.ohis.be\/#website","url":"https:\/\/www.ohis.be\/","name":"Ohis","description":"Outils de levage","publisher":{"@id":"https:\/\/www.ohis.be\/#organization"},"potentialAction":[{"@type":"SearchAction","target":{"@type":"EntryPoint","urlTemplate":"https:\/\/www.ohis.be\/?s={search_term_string}"},"query-input":{"@type":"PropertyValueSpecification","valueRequired":true,"valueName":"search_term_string"}}],"inLanguage":"de"},{"@type":"Organization","@id":"https:\/\/www.ohis.be\/#organization","name":"Ohis","url":"https:\/\/www.ohis.be\/","logo":{"@type":"ImageObject","inLanguage":"de","@id":"https:\/\/www.ohis.be\/#\/schema\/logo\/image\/","url":"https:\/\/www.ohis.be\/wp-content\/uploads\/2021\/02\/logo-ohis-wit.svg","contentUrl":"https:\/\/www.ohis.be\/wp-content\/uploads\/2021\/02\/logo-ohis-wit.svg","caption":"Ohis"},"image":{"@id":"https:\/\/www.ohis.be\/#\/schema\/logo\/image\/"}}]}},"_links":{"self":[{"href":"https:\/\/www.ohis.be\/de\/wp-json\/wp\/v2\/product\/60980","targetHints":{"allow":["GET"]}}],"collection":[{"href":"https:\/\/www.ohis.be\/de\/wp-json\/wp\/v2\/product"}],"about":[{"href":"https:\/\/www.ohis.be\/de\/wp-json\/wp\/v2\/types\/product"}],"wp:featuredmedia":[{"embeddable":true,"href":"https:\/\/www.ohis.be\/de\/wp-json\/wp\/v2\/media\/60951"}],"wp:attachment":[{"href":"https:\/\/www.ohis.be\/de\/wp-json\/wp\/v2\/media?parent=60980"}],"wp:term":[{"taxonomy":"product_brand","embeddable":true,"href":"https:\/\/www.ohis.be\/de\/wp-json\/wp\/v2\/product_brand?post=60980"},{"taxonomy":"product_cat","embeddable":true,"href":"https:\/\/www.ohis.be\/de\/wp-json\/wp\/v2\/product_cat?post=60980"},{"taxonomy":"product_tag","embeddable":true,"href":"https:\/\/www.ohis.be\/de\/wp-json\/wp\/v2\/product_tag?post=60980"}],"curies":[{"name":"wp","href":"https:\/\/api.w.org\/{rel}","templated":true}]}}