{"id":57425,"date":"2024-08-29T14:11:15","date_gmt":"2024-08-29T12:11:15","guid":{"rendered":"https:\/\/www.ohis.be\/produit\/hubwagen-r-285\/"},"modified":"2024-08-29T14:11:15","modified_gmt":"2024-08-29T12:11:15","slug":"hubwagen-r-285","status":"publish","type":"product","link":"https:\/\/www.ohis.be\/de\/produit\/hubwagen-r-285\/","title":{"rendered":"Hubwagen R.285"},"content":{"rendered":"<p><strong>R.285<\/strong><\/p>\n<p>Der Materialwagen R.285 ist f\u00fcr den Transport von schweren Lasten bestimmt. Er kann bis zu 285 kg heben, bewegen oder drehen. Er ist besonders f\u00fcr gro\u00dfe Hersteller geeignet und begleitet Ihre Mitarbeiter beim Transport von schweren Spulen, F\u00e4ssern oder anderen Arten von Lasten. Er ist individuell anpassbar und kann mit manuellen Werkzeugen (Ausleger, Plattform, Gabeln) oder elektrischen Werkzeugen (Klemmung, Spulenwender) ausgestattet werden. Er hat ein unverwechselbares Design im Vergleich zu den anderen Staplern in seinem Sortiment. Der R.285 verf\u00fcgt \u00fcber einen Doppelmast mit einem transparenten Teil, um dem Benutzer die Sicht w\u00e4hrend der Fahrt zu erleichtern. Au\u00dferdem ist er mit einem ErgoControl-Griff ausgestattet, der speziell f\u00fcr diesen Gabelstapler entwickelt wurde. Dieser Stapler ist ein guter Kaufkompromiss, er kann von allen Mitarbeitern bedient werden und erfordert keine spezielle Genehmigung oder Ausbildung.<\/p>\n<p><strong>Hubkraft<\/strong> : 285 kg<br \/>\n<strong>Ausf\u00fchrung<\/strong> : Stahl IP 44 oder Edelstahl IP65<br \/>\n<strong>Anzahl der Versionen<\/strong> : 3<\/p>\n<p><strong>Ergonomie<\/strong><br \/>\nErgonomischer \u201eErgo-Control\u201c-Griff: Griff in mehreren Positionen, geeignet f\u00fcr verschiedene K\u00f6rperformen.<br \/>\nIn den Griff integrierte Fernbedienung f\u00fcr optimale Handhabung.<br \/>\nBremssystem: 3 Positionen f\u00fcr mehr Leichtigkeit (optional).<\/p>\n<p><strong>Sicherheit<\/strong><br \/>\nQuetschschutzsystem: Ausklinkrolle sichert das Absenken des Werkzeugs.<br \/>\nZuverl\u00e4ssiger Motor, Lastbegrenzer mit verst\u00e4rktem Riemenantrieb.<br \/>\nStahlversion IP 44<\/p>\n<p><strong>Flexibilit\u00e4t<\/strong><br \/>\nRobustes und modulares Design.<br \/>\nGro\u00dfe Auswahl an Konfigurationen (F\u00fc\u00dfe, Masten, Leistung).<br \/>\nWerkzeughalter, der eine Reihe von mechanischen und elektrischen Werkzeugen mit Schnellwechselsystem aufnehmen kann.<\/p>\n<p><strong>Produktivit\u00e4t<\/strong><br \/>\nStandardm\u00e4\u00dfig mit Lithiumbatterien ausgestattet.<br \/>\nHohe Man\u00f6vrierf\u00e4higkeit dank kugelgelagerter ABS-R\u00e4der.<br \/>\nInnovatives Design, das eine hohe Benutzerfreundlichkeit bietet.<br \/>\nZahlreiche m\u00f6gliche Optionen: Werkzeug-Schnellwechselset, konstantes Niveau&#8230;<\/p>\n<p><strong>BESCHREIBUNG<\/strong><br \/>\nR.285<br \/>\nCMU: 285 Kg<br \/>\nMaterial: Stahl oder rostfreier Stahl<br \/>\nArt der Bedienung: Fernbedienung<br \/>\nBatterieanzeige: Auf der Fernbedienungseinheit<br \/>\nBatterietyp: 1 Lithium (Gesamt: 48 V &#8211; 18 Ah)<br \/>\nLadeger\u00e4t: Extern &#8211; 230 V &#8211; 50\/60 Hz<br \/>\nAnzahl der Zyklen: 130 Zyklen<br \/>\nLadezeit: 2 Stunden (100%)<\/p>\n<p>&nbsp;<\/p>\n<p>&nbsp;<\/p>\n","protected":false},"excerpt":{"rendered":"<p><strong>R.285<\/strong><\/p>\n<p>Der Materialwagen R.285 ist f\u00fcr den Transport von schweren Lasten bestimmt. Er kann bis zu 285 kg heben, bewegen oder drehen. Er ist besonders f\u00fcr gro\u00dfe Hersteller geeignet und begleitet Ihre Mitarbeiter beim Transport von schweren Spulen, F\u00e4ssern oder anderen Arten von Lasten. Er ist individuell anpassbar und kann mit manuellen Werkzeugen (Ausleger, Plattform, Gabeln) oder elektrischen Werkzeugen (Klemmung, Spulenwender) ausgestattet werden. Er hat ein unverwechselbares Design im Vergleich zu den anderen Staplern in seinem Sortiment. Der R.285 verf\u00fcgt \u00fcber einen Doppelmast mit einem transparenten Teil, um dem Benutzer die Sicht w\u00e4hrend der Fahrt zu erleichtern. Au\u00dferdem ist er mit einem ErgoControl-Griff ausgestattet, der speziell f\u00fcr diesen Gabelstapler entwickelt wurde. Dieser Stapler ist ein guter Kaufkompromiss, er kann von allen Mitarbeitern bedient werden und erfordert keine spezielle Genehmigung oder Ausbildung.<\/p>\n<p><strong>Hubkraft<\/strong> : 285 kg<br \/>\n<strong>Ausf\u00fchrung<\/strong> : Stahl IP 44 oder Edelstahl IP65<br \/>\n<strong>Anzahl der Versionen<\/strong> : 3<\/p>\n<p><strong>Ergonomie<\/strong><br \/>\nErgonomischer \u201eErgo-Control\u201c-Griff: Griff in mehreren Positionen, geeignet f\u00fcr verschiedene K\u00f6rperformen.<br \/>\nIn den Griff integrierte Fernbedienung f\u00fcr optimale Handhabung.<br \/>\nBremssystem: 3 Positionen f\u00fcr mehr Leichtigkeit (optional).<\/p>\n<p><strong>Sicherheit<\/strong><br \/>\nQuetschschutzsystem: Ausklinkrolle sichert das Absenken des Werkzeugs.<br \/>\nZuverl\u00e4ssiger Motor, Lastbegrenzer mit verst\u00e4rktem Riemenantrieb.<br \/>\nStahlversion IP 44<\/p>\n<p><strong>Flexibilit\u00e4t<\/strong><br \/>\nRobustes und modulares Design.<br \/>\nGro\u00dfe Auswahl an Konfigurationen (F\u00fc\u00dfe, Masten, Leistung).<br \/>\nWerkzeughalter, der eine Reihe von mechanischen und elektrischen Werkzeugen mit Schnellwechselsystem aufnehmen kann.<\/p>\n<p><strong>Produktivit\u00e4t<\/strong><br \/>\nStandardm\u00e4\u00dfig mit Lithiumbatterien ausgestattet.<br \/>\nHohe Man\u00f6vrierf\u00e4higkeit dank kugelgelagerter ABS-R\u00e4der.<br \/>\nInnovatives Design, das eine hohe Benutzerfreundlichkeit bietet.<br \/>\nZahlreiche m\u00f6gliche Optionen: Werkzeug-Schnellwechselset, konstantes Niveau&#8230;<\/p>\n<p><strong>BESCHREIBUNG<\/strong><br \/>\nR.285<br \/>\nCMU: 285 Kg<br \/>\nMaterial: Stahl oder rostfreier Stahl<br \/>\nArt der Bedienung: Fernbedienung<br \/>\nBatterieanzeige: Auf der Fernbedienungseinheit<br \/>\nBatterietyp: 1 Lithium (Gesamt: 48 V &#8211; 18 Ah)<br \/>\nLadeger\u00e4t: Extern &#8211; 230 V &#8211; 50\/60 Hz<br \/>\nAnzahl der Zyklen: 130 Zyklen<br \/>\nLadezeit: 2 Stunden (100%)<\/p>\n<p>&nbsp;<\/p>\n<p>&nbsp;<\/p>\n","protected":false},"featured_media":57281,"template":"","meta":{"_acf_changed":false,"inline_featured_image":false},"product_brand":[],"product_cat":[4156],"product_tag":[],"class_list":{"0":"post-57425","1":"product","2":"type-product","3":"status-publish","4":"has-post-thumbnail","6":"product_cat-ergonomischen-fordergeraten","7":"yith_product_brand-reglift-de","9":"first","10":"instock","11":"taxable","12":"shipping-taxable","13":"product-type-simple"},"acf":[],"yoast_head":"<!-- This site is optimized with the Yoast SEO plugin v27.5 - https:\/\/yoast.com\/product\/yoast-seo-wordpress\/ -->\n<title>Hubwagen R.285 - Ohis<\/title>\n<meta name=\"robots\" content=\"index, follow, max-snippet:-1, max-image-preview:large, max-video-preview:-1\" \/>\n<link rel=\"canonical\" href=\"https:\/\/www.ohis.be\/de\/produit\/hubwagen-r-285\/\" \/>\n<meta property=\"og:locale\" content=\"de_DE\" \/>\n<meta property=\"og:type\" content=\"article\" \/>\n<meta property=\"og:title\" content=\"Hubwagen R.285 - Ohis\" \/>\n<meta property=\"og:description\" content=\"R.285  Der Materialwagen R.285 ist f\u00fcr den Transport von schweren Lasten bestimmt. Er kann bis zu 285 kg heben, bewegen oder drehen. Er ist besonders f\u00fcr gro\u00dfe Hersteller geeignet und begleitet Ihre Mitarbeiter beim Transport von schweren Spulen, F\u00e4ssern oder anderen Arten von Lasten. Er ist individuell anpassbar und kann mit manuellen Werkzeugen (Ausleger, Plattform, Gabeln) oder elektrischen Werkzeugen (Klemmung, Spulenwender) ausgestattet werden. Er hat ein unverwechselbares Design im Vergleich zu den anderen Staplern in seinem Sortiment. Der R.285 verf\u00fcgt \u00fcber einen Doppelmast mit einem transparenten Teil, um dem Benutzer die Sicht w\u00e4hrend der Fahrt zu erleichtern. Au\u00dferdem ist er mit einem ErgoControl-Griff ausgestattet, der speziell f\u00fcr diesen Gabelstapler entwickelt wurde. Dieser Stapler ist ein guter Kaufkompromiss, er kann von allen Mitarbeitern bedient werden und erfordert keine spezielle Genehmigung oder Ausbildung.  Hubkraft : 285 kg Ausf\u00fchrung : Stahl IP 44 oder Edelstahl IP65 Anzahl der Versionen : 3  Ergonomie Ergonomischer \u201eErgo-Control\u201c-Griff: Griff in mehreren Positionen, geeignet f\u00fcr verschiedene K\u00f6rperformen. In den Griff integrierte Fernbedienung f\u00fcr optimale Handhabung. Bremssystem: 3 Positionen f\u00fcr mehr Leichtigkeit (optional).  Sicherheit Quetschschutzsystem: Ausklinkrolle sichert das Absenken des Werkzeugs. Zuverl\u00e4ssiger Motor, Lastbegrenzer mit verst\u00e4rktem Riemenantrieb. Stahlversion IP 44  Flexibilit\u00e4t Robustes und modulares Design. Gro\u00dfe Auswahl an Konfigurationen (F\u00fc\u00dfe, Masten, Leistung). Werkzeughalter, der eine Reihe von mechanischen und elektrischen Werkzeugen mit Schnellwechselsystem aufnehmen kann.  Produktivit\u00e4t Standardm\u00e4\u00dfig mit Lithiumbatterien ausgestattet. Hohe Man\u00f6vrierf\u00e4higkeit dank kugelgelagerter ABS-R\u00e4der. Innovatives Design, das eine hohe Benutzerfreundlichkeit bietet. Zahlreiche m\u00f6gliche Optionen: Werkzeug-Schnellwechselset, konstantes Niveau...  BESCHREIBUNG R.285 CMU: 285 Kg Material: Stahl oder rostfreier Stahl Art der Bedienung: Fernbedienung Batterieanzeige: Auf der Fernbedienungseinheit Batterietyp: 1 Lithium (Gesamt: 48 V - 18 Ah) Ladeger\u00e4t: Extern - 230 V - 50\/60 Hz Anzahl der Zyklen: 130 Zyklen Ladezeit: 2 Stunden (100%)  &nbsp;  &nbsp;\" \/>\n<meta property=\"og:url\" content=\"https:\/\/www.ohis.be\/de\/produit\/hubwagen-r-285\/\" \/>\n<meta property=\"og:site_name\" content=\"Ohis\" \/>\n<meta property=\"og:image\" content=\"https:\/\/www.ohis.be\/wp-content\/uploads\/2024\/08\/R285.jpg\" \/>\n\t<meta property=\"og:image:width\" content=\"599\" \/>\n\t<meta property=\"og:image:height\" content=\"798\" \/>\n\t<meta property=\"og:image:type\" content=\"image\/jpeg\" \/>\n<meta name=\"twitter:card\" content=\"summary_large_image\" \/>\n<meta name=\"twitter:label1\" content=\"Gesch\u00e4tzte Lesezeit\" \/>\n\t<meta name=\"twitter:data1\" content=\"1\u00a0Minute\" \/>\n<script type=\"application\/ld+json\" class=\"yoast-schema-graph\">{\"@context\":\"https:\\\/\\\/schema.org\",\"@graph\":[{\"@type\":\"WebPage\",\"@id\":\"https:\\\/\\\/www.ohis.be\\\/de\\\/produit\\\/hubwagen-r-285\\\/\",\"url\":\"https:\\\/\\\/www.ohis.be\\\/de\\\/produit\\\/hubwagen-r-285\\\/\",\"name\":\"Hubwagen R.285 - Ohis\",\"isPartOf\":{\"@id\":\"https:\\\/\\\/www.ohis.be\\\/de\\\/#website\"},\"primaryImageOfPage\":{\"@id\":\"https:\\\/\\\/www.ohis.be\\\/de\\\/produit\\\/hubwagen-r-285\\\/#primaryimage\"},\"image\":{\"@id\":\"https:\\\/\\\/www.ohis.be\\\/de\\\/produit\\\/hubwagen-r-285\\\/#primaryimage\"},\"thumbnailUrl\":\"https:\\\/\\\/www.ohis.be\\\/wp-content\\\/uploads\\\/2024\\\/08\\\/R285.jpg\",\"datePublished\":\"2024-08-29T12:11:15+00:00\",\"breadcrumb\":{\"@id\":\"https:\\\/\\\/www.ohis.be\\\/de\\\/produit\\\/hubwagen-r-285\\\/#breadcrumb\"},\"inLanguage\":\"de\",\"potentialAction\":[{\"@type\":\"ReadAction\",\"target\":[\"https:\\\/\\\/www.ohis.be\\\/de\\\/produit\\\/hubwagen-r-285\\\/\"]}]},{\"@type\":\"ImageObject\",\"inLanguage\":\"de\",\"@id\":\"https:\\\/\\\/www.ohis.be\\\/de\\\/produit\\\/hubwagen-r-285\\\/#primaryimage\",\"url\":\"https:\\\/\\\/www.ohis.be\\\/wp-content\\\/uploads\\\/2024\\\/08\\\/R285.jpg\",\"contentUrl\":\"https:\\\/\\\/www.ohis.be\\\/wp-content\\\/uploads\\\/2024\\\/08\\\/R285.jpg\",\"width\":599,\"height\":798},{\"@type\":\"BreadcrumbList\",\"@id\":\"https:\\\/\\\/www.ohis.be\\\/de\\\/produit\\\/hubwagen-r-285\\\/#breadcrumb\",\"itemListElement\":[{\"@type\":\"ListItem\",\"position\":1,\"name\":\"Accueil\",\"item\":\"https:\\\/\\\/www.ohis.be\\\/de\\\/\"},{\"@type\":\"ListItem\",\"position\":2,\"name\":\"Produkte\",\"item\":\"https:\\\/\\\/www.ohis.be\\\/de\\\/produkte\\\/\"},{\"@type\":\"ListItem\",\"position\":3,\"name\":\"Hubwagen R.285\"}]},{\"@type\":\"WebSite\",\"@id\":\"https:\\\/\\\/www.ohis.be\\\/de\\\/#website\",\"url\":\"https:\\\/\\\/www.ohis.be\\\/de\\\/\",\"name\":\"Ohis\",\"description\":\"Outils de levage\",\"publisher\":{\"@id\":\"https:\\\/\\\/www.ohis.be\\\/de\\\/#organization\"},\"potentialAction\":[{\"@type\":\"SearchAction\",\"target\":{\"@type\":\"EntryPoint\",\"urlTemplate\":\"https:\\\/\\\/www.ohis.be\\\/de\\\/?s={search_term_string}\"},\"query-input\":{\"@type\":\"PropertyValueSpecification\",\"valueRequired\":true,\"valueName\":\"search_term_string\"}}],\"inLanguage\":\"de\"},{\"@type\":\"Organization\",\"@id\":\"https:\\\/\\\/www.ohis.be\\\/de\\\/#organization\",\"name\":\"Ohis\",\"url\":\"https:\\\/\\\/www.ohis.be\\\/de\\\/\",\"logo\":{\"@type\":\"ImageObject\",\"inLanguage\":\"de\",\"@id\":\"https:\\\/\\\/www.ohis.be\\\/de\\\/#\\\/schema\\\/logo\\\/image\\\/\",\"url\":\"https:\\\/\\\/www.ohis.be\\\/wp-content\\\/uploads\\\/2021\\\/02\\\/logo-ohis-wit.svg\",\"contentUrl\":\"https:\\\/\\\/www.ohis.be\\\/wp-content\\\/uploads\\\/2021\\\/02\\\/logo-ohis-wit.svg\",\"caption\":\"Ohis\"},\"image\":{\"@id\":\"https:\\\/\\\/www.ohis.be\\\/de\\\/#\\\/schema\\\/logo\\\/image\\\/\"}}]}<\/script>\n<!-- \/ Yoast SEO plugin. -->","yoast_head_json":{"title":"Hubwagen R.285 - Ohis","robots":{"index":"index","follow":"follow","max-snippet":"max-snippet:-1","max-image-preview":"max-image-preview:large","max-video-preview":"max-video-preview:-1"},"canonical":"https:\/\/www.ohis.be\/de\/produit\/hubwagen-r-285\/","og_locale":"de_DE","og_type":"article","og_title":"Hubwagen R.285 - Ohis","og_description":"R.285  Der Materialwagen R.285 ist f\u00fcr den Transport von schweren Lasten bestimmt. Er kann bis zu 285 kg heben, bewegen oder drehen. Er ist besonders f\u00fcr gro\u00dfe Hersteller geeignet und begleitet Ihre Mitarbeiter beim Transport von schweren Spulen, F\u00e4ssern oder anderen Arten von Lasten. Er ist individuell anpassbar und kann mit manuellen Werkzeugen (Ausleger, Plattform, Gabeln) oder elektrischen Werkzeugen (Klemmung, Spulenwender) ausgestattet werden. Er hat ein unverwechselbares Design im Vergleich zu den anderen Staplern in seinem Sortiment. Der R.285 verf\u00fcgt \u00fcber einen Doppelmast mit einem transparenten Teil, um dem Benutzer die Sicht w\u00e4hrend der Fahrt zu erleichtern. Au\u00dferdem ist er mit einem ErgoControl-Griff ausgestattet, der speziell f\u00fcr diesen Gabelstapler entwickelt wurde. Dieser Stapler ist ein guter Kaufkompromiss, er kann von allen Mitarbeitern bedient werden und erfordert keine spezielle Genehmigung oder Ausbildung.  Hubkraft : 285 kg Ausf\u00fchrung : Stahl IP 44 oder Edelstahl IP65 Anzahl der Versionen : 3  Ergonomie Ergonomischer \u201eErgo-Control\u201c-Griff: Griff in mehreren Positionen, geeignet f\u00fcr verschiedene K\u00f6rperformen. In den Griff integrierte Fernbedienung f\u00fcr optimale Handhabung. Bremssystem: 3 Positionen f\u00fcr mehr Leichtigkeit (optional).  Sicherheit Quetschschutzsystem: Ausklinkrolle sichert das Absenken des Werkzeugs. Zuverl\u00e4ssiger Motor, Lastbegrenzer mit verst\u00e4rktem Riemenantrieb. Stahlversion IP 44  Flexibilit\u00e4t Robustes und modulares Design. Gro\u00dfe Auswahl an Konfigurationen (F\u00fc\u00dfe, Masten, Leistung). Werkzeughalter, der eine Reihe von mechanischen und elektrischen Werkzeugen mit Schnellwechselsystem aufnehmen kann.  Produktivit\u00e4t Standardm\u00e4\u00dfig mit Lithiumbatterien ausgestattet. Hohe Man\u00f6vrierf\u00e4higkeit dank kugelgelagerter ABS-R\u00e4der. Innovatives Design, das eine hohe Benutzerfreundlichkeit bietet. Zahlreiche m\u00f6gliche Optionen: Werkzeug-Schnellwechselset, konstantes Niveau...  BESCHREIBUNG R.285 CMU: 285 Kg Material: Stahl oder rostfreier Stahl Art der Bedienung: Fernbedienung Batterieanzeige: Auf der Fernbedienungseinheit Batterietyp: 1 Lithium (Gesamt: 48 V - 18 Ah) Ladeger\u00e4t: Extern - 230 V - 50\/60 Hz Anzahl der Zyklen: 130 Zyklen Ladezeit: 2 Stunden (100%)  &nbsp;  &nbsp;","og_url":"https:\/\/www.ohis.be\/de\/produit\/hubwagen-r-285\/","og_site_name":"Ohis","og_image":[{"width":599,"height":798,"url":"https:\/\/www.ohis.be\/wp-content\/uploads\/2024\/08\/R285.jpg","type":"image\/jpeg"}],"twitter_card":"summary_large_image","twitter_misc":{"Gesch\u00e4tzte Lesezeit":"1\u00a0Minute"},"schema":{"@context":"https:\/\/schema.org","@graph":[{"@type":"WebPage","@id":"https:\/\/www.ohis.be\/de\/produit\/hubwagen-r-285\/","url":"https:\/\/www.ohis.be\/de\/produit\/hubwagen-r-285\/","name":"Hubwagen R.285 - Ohis","isPartOf":{"@id":"https:\/\/www.ohis.be\/de\/#website"},"primaryImageOfPage":{"@id":"https:\/\/www.ohis.be\/de\/produit\/hubwagen-r-285\/#primaryimage"},"image":{"@id":"https:\/\/www.ohis.be\/de\/produit\/hubwagen-r-285\/#primaryimage"},"thumbnailUrl":"https:\/\/www.ohis.be\/wp-content\/uploads\/2024\/08\/R285.jpg","datePublished":"2024-08-29T12:11:15+00:00","breadcrumb":{"@id":"https:\/\/www.ohis.be\/de\/produit\/hubwagen-r-285\/#breadcrumb"},"inLanguage":"de","potentialAction":[{"@type":"ReadAction","target":["https:\/\/www.ohis.be\/de\/produit\/hubwagen-r-285\/"]}]},{"@type":"ImageObject","inLanguage":"de","@id":"https:\/\/www.ohis.be\/de\/produit\/hubwagen-r-285\/#primaryimage","url":"https:\/\/www.ohis.be\/wp-content\/uploads\/2024\/08\/R285.jpg","contentUrl":"https:\/\/www.ohis.be\/wp-content\/uploads\/2024\/08\/R285.jpg","width":599,"height":798},{"@type":"BreadcrumbList","@id":"https:\/\/www.ohis.be\/de\/produit\/hubwagen-r-285\/#breadcrumb","itemListElement":[{"@type":"ListItem","position":1,"name":"Accueil","item":"https:\/\/www.ohis.be\/de\/"},{"@type":"ListItem","position":2,"name":"Produkte","item":"https:\/\/www.ohis.be\/de\/produkte\/"},{"@type":"ListItem","position":3,"name":"Hubwagen R.285"}]},{"@type":"WebSite","@id":"https:\/\/www.ohis.be\/de\/#website","url":"https:\/\/www.ohis.be\/de\/","name":"Ohis","description":"Outils de levage","publisher":{"@id":"https:\/\/www.ohis.be\/de\/#organization"},"potentialAction":[{"@type":"SearchAction","target":{"@type":"EntryPoint","urlTemplate":"https:\/\/www.ohis.be\/de\/?s={search_term_string}"},"query-input":{"@type":"PropertyValueSpecification","valueRequired":true,"valueName":"search_term_string"}}],"inLanguage":"de"},{"@type":"Organization","@id":"https:\/\/www.ohis.be\/de\/#organization","name":"Ohis","url":"https:\/\/www.ohis.be\/de\/","logo":{"@type":"ImageObject","inLanguage":"de","@id":"https:\/\/www.ohis.be\/de\/#\/schema\/logo\/image\/","url":"https:\/\/www.ohis.be\/wp-content\/uploads\/2021\/02\/logo-ohis-wit.svg","contentUrl":"https:\/\/www.ohis.be\/wp-content\/uploads\/2021\/02\/logo-ohis-wit.svg","caption":"Ohis"},"image":{"@id":"https:\/\/www.ohis.be\/de\/#\/schema\/logo\/image\/"}}]}},"_links":{"self":[{"href":"https:\/\/www.ohis.be\/de\/wp-json\/wp\/v2\/product\/57425","targetHints":{"allow":["GET"]}}],"collection":[{"href":"https:\/\/www.ohis.be\/de\/wp-json\/wp\/v2\/product"}],"about":[{"href":"https:\/\/www.ohis.be\/de\/wp-json\/wp\/v2\/types\/product"}],"wp:featuredmedia":[{"embeddable":true,"href":"https:\/\/www.ohis.be\/de\/wp-json\/wp\/v2\/media\/57281"}],"wp:attachment":[{"href":"https:\/\/www.ohis.be\/de\/wp-json\/wp\/v2\/media?parent=57425"}],"wp:term":[{"taxonomy":"product_brand","embeddable":true,"href":"https:\/\/www.ohis.be\/de\/wp-json\/wp\/v2\/product_brand?post=57425"},{"taxonomy":"product_cat","embeddable":true,"href":"https:\/\/www.ohis.be\/de\/wp-json\/wp\/v2\/product_cat?post=57425"},{"taxonomy":"product_tag","embeddable":true,"href":"https:\/\/www.ohis.be\/de\/wp-json\/wp\/v2\/product_tag?post=57425"}],"curies":[{"name":"wp","href":"https:\/\/api.w.org\/{rel}","templated":true}]}}