{"id":57412,"date":"2024-08-29T13:38:09","date_gmt":"2024-08-29T11:38:09","guid":{"rendered":"https:\/\/www.ohis.be\/produit\/hubwagen-r-125\/"},"modified":"2024-08-29T13:38:09","modified_gmt":"2024-08-29T11:38:09","slug":"hubwagen-r-125","status":"publish","type":"product","link":"https:\/\/www.ohis.be\/de\/produit\/hubwagen-r-125\/","title":{"rendered":"Hubwagen R.125"},"content":{"rendered":"<p><strong>R.125<\/strong><\/p>\n<p>Unser Gabelstapler R.125 ist f\u00fcr kleine und mittlere Lasten geeignet. Dank seines kompakten und robusten Aussehens und der beweglichen Vorderr\u00e4der ist er leicht zu handhaben und kann Lasten bis zu 125 kg heben. Er verf\u00fcgt \u00fcber einen \u00dcberlastungsschutz, eine Sicherheitskupplung und einen Sanftanlauf f\u00fcr eine einfache Handhabung. Mit unserer breiten Palette an Standard- und ma\u00dfgeschneiderten Werkzeugen k\u00f6nnen Sie Lasten wie Spulen, Beh\u00e4lter, Paletten, Rollen usw. heben.<\/p>\n<p>Unser ergonomischer Stapler R.125 eignet sich f\u00fcr alle Arten von Branchen, industrielle Produktion, Dienstleistungsgewerbe, Automobilindustrie, Luftfahrt, Logistik&#8230; Wir haben eine L\u00f6sung f\u00fcr Ihr Problem.<\/p>\n<p>Hubkraft: 125 kg<br \/>\nAusf\u00fchrung: Stahl IP 44 oder Edelstahl IP65.<br \/>\nAnzahl der Versionen: 8<\/p>\n<p>Ergonomie<br \/>\nErgonomischer Griff \u201eErgo-Control\u201c: Griff in mehreren Positionen, f\u00fcr verschiedene K\u00f6rperformen geeignet.<br \/>\nIn den Griff integrierte Fernbedienung f\u00fcr optimale Handhabung.<br \/>\nBremssystem: 3 Positionen f\u00fcr mehr Leichtigkeit.<\/p>\n<p>Sicherheit<br \/>\nQuetschschutzsystem: Ausklinkrolle sichert das Absenken des Werkzeugs.<br \/>\nZuverl\u00e4ssiger Motor, Lastbegrenzer mit verst\u00e4rktem Riemenantrieb.<br \/>\nStahlversion IP 44<\/p>\n<p>Flexibilit\u00e4t<br \/>\nRobustes und modulares Design.<br \/>\nGro\u00dfe Auswahl an Konfigurationen (F\u00fc\u00dfe, Masten, Leistung).<br \/>\nWerkzeughalter, der eine Reihe von mechanischen und elektrischen Werkzeugen mit Schnellwechselsystem aufnehmen kann.<\/p>\n<p>Produktivit\u00e4t<br \/>\nStandardm\u00e4\u00dfig mit Bleiakkus ausgestattet.<br \/>\nHohe Man\u00f6vrierf\u00e4higkeit dank kugelgelagerter ABS-R\u00e4der.<br \/>\nInnovatives Design, das eine hohe Benutzerfreundlichkeit bietet.<br \/>\nZahlreiche m\u00f6gliche Optionen: Werkzeug-Schnellwechselset, konstantes Niveau&#8230;<\/p>\n<p>BESCHREIBUNG<br \/>\nR.125<br \/>\nCMU: 125 kg (S\/M) &#8211; 110 kg (L)<br \/>\nMaterial: Stahl oder rostfreier Stahl<br \/>\nArt der Steuerung: Fernbedienung<br \/>\nBatterieanzeige: Auf der Fernbedienungseinheit<br \/>\nBatterietyp: 2 AGM (Gesamt: 24 V &#8211; 9 Ah)<br \/>\nLadeger\u00e4t: Extern &#8211; 230 V &#8211; 50\/60 Hz<br \/>\nAnzahl der Zyklen: 80 bis 150 Zyklen<br \/>\nLadezeit: 7,5 Stunden (100%)<\/p>\n<p>&nbsp;<\/p>\n","protected":false},"excerpt":{"rendered":"<p>R.125 Unser Gabelstapler R.125 ist f\u00fcr kleine und mittlere Lasten geeignet. Dank seines kompakten und robusten Aussehens und der beweglichen Vorderr\u00e4der ist er leicht zu handhaben und kann Lasten bis zu 125 kg heben. Er verf\u00fcgt \u00fcber einen \u00dcberlastungsschutz, eine Sicherheitskupplung und einen Sanftanlauf f\u00fcr eine einfache Handhabung. Mit unserer breiten Palette an Standard- und [&hellip;]<\/p>\n","protected":false},"featured_media":57096,"template":"","meta":{"_acf_changed":false,"inline_featured_image":false},"product_brand":[],"product_cat":[4156],"product_tag":[],"class_list":{"0":"post-57412","1":"product","2":"type-product","3":"status-publish","4":"has-post-thumbnail","6":"product_cat-ergonomischen-fordergeraten","7":"yith_product_brand-reglift-de","9":"first","10":"instock","11":"taxable","12":"shipping-taxable","13":"product-type-simple"},"acf":[],"yoast_head":"<!-- This site is optimized with the Yoast SEO plugin v27.5 - https:\/\/yoast.com\/product\/yoast-seo-wordpress\/ -->\n<title>Hubwagen R.125 - Ohis<\/title>\n<meta name=\"robots\" content=\"index, follow, max-snippet:-1, max-image-preview:large, max-video-preview:-1\" \/>\n<link rel=\"canonical\" href=\"https:\/\/www.ohis.be\/de\/produit\/hubwagen-r-125\/\" \/>\n<meta property=\"og:locale\" content=\"de_DE\" \/>\n<meta property=\"og:type\" content=\"article\" \/>\n<meta property=\"og:title\" content=\"Hubwagen R.125 - Ohis\" \/>\n<meta property=\"og:description\" content=\"R.125 Unser Gabelstapler R.125 ist f\u00fcr kleine und mittlere Lasten geeignet. Dank seines kompakten und robusten Aussehens und der beweglichen Vorderr\u00e4der ist er leicht zu handhaben und kann Lasten bis zu 125 kg heben. Er verf\u00fcgt \u00fcber einen \u00dcberlastungsschutz, eine Sicherheitskupplung und einen Sanftanlauf f\u00fcr eine einfache Handhabung. Mit unserer breiten Palette an Standard- und [&hellip;]\" \/>\n<meta property=\"og:url\" content=\"https:\/\/www.ohis.be\/de\/produit\/hubwagen-r-125\/\" \/>\n<meta property=\"og:site_name\" content=\"Ohis\" \/>\n<meta property=\"og:image\" content=\"https:\/\/www.ohis.be\/wp-content\/uploads\/2024\/08\/R125.jpg\" \/>\n\t<meta property=\"og:image:width\" content=\"601\" \/>\n\t<meta property=\"og:image:height\" content=\"845\" \/>\n\t<meta property=\"og:image:type\" content=\"image\/jpeg\" \/>\n<meta name=\"twitter:card\" content=\"summary_large_image\" \/>\n<meta name=\"twitter:label1\" content=\"Gesch\u00e4tzte Lesezeit\" \/>\n\t<meta name=\"twitter:data1\" content=\"1\u00a0Minute\" \/>\n<script type=\"application\/ld+json\" class=\"yoast-schema-graph\">{\"@context\":\"https:\\\/\\\/schema.org\",\"@graph\":[{\"@type\":\"WebPage\",\"@id\":\"https:\\\/\\\/www.ohis.be\\\/de\\\/produit\\\/hubwagen-r-125\\\/\",\"url\":\"https:\\\/\\\/www.ohis.be\\\/de\\\/produit\\\/hubwagen-r-125\\\/\",\"name\":\"Hubwagen R.125 - Ohis\",\"isPartOf\":{\"@id\":\"https:\\\/\\\/www.ohis.be\\\/de\\\/#website\"},\"primaryImageOfPage\":{\"@id\":\"https:\\\/\\\/www.ohis.be\\\/de\\\/produit\\\/hubwagen-r-125\\\/#primaryimage\"},\"image\":{\"@id\":\"https:\\\/\\\/www.ohis.be\\\/de\\\/produit\\\/hubwagen-r-125\\\/#primaryimage\"},\"thumbnailUrl\":\"https:\\\/\\\/www.ohis.be\\\/wp-content\\\/uploads\\\/2024\\\/08\\\/R125.jpg\",\"datePublished\":\"2024-08-29T11:38:09+00:00\",\"breadcrumb\":{\"@id\":\"https:\\\/\\\/www.ohis.be\\\/de\\\/produit\\\/hubwagen-r-125\\\/#breadcrumb\"},\"inLanguage\":\"de\",\"potentialAction\":[{\"@type\":\"ReadAction\",\"target\":[\"https:\\\/\\\/www.ohis.be\\\/de\\\/produit\\\/hubwagen-r-125\\\/\"]}]},{\"@type\":\"ImageObject\",\"inLanguage\":\"de\",\"@id\":\"https:\\\/\\\/www.ohis.be\\\/de\\\/produit\\\/hubwagen-r-125\\\/#primaryimage\",\"url\":\"https:\\\/\\\/www.ohis.be\\\/wp-content\\\/uploads\\\/2024\\\/08\\\/R125.jpg\",\"contentUrl\":\"https:\\\/\\\/www.ohis.be\\\/wp-content\\\/uploads\\\/2024\\\/08\\\/R125.jpg\",\"width\":601,\"height\":845},{\"@type\":\"BreadcrumbList\",\"@id\":\"https:\\\/\\\/www.ohis.be\\\/de\\\/produit\\\/hubwagen-r-125\\\/#breadcrumb\",\"itemListElement\":[{\"@type\":\"ListItem\",\"position\":1,\"name\":\"Accueil\",\"item\":\"https:\\\/\\\/www.ohis.be\\\/de\\\/\"},{\"@type\":\"ListItem\",\"position\":2,\"name\":\"Produkte\",\"item\":\"https:\\\/\\\/www.ohis.be\\\/de\\\/produkte\\\/\"},{\"@type\":\"ListItem\",\"position\":3,\"name\":\"Hubwagen R.125\"}]},{\"@type\":\"WebSite\",\"@id\":\"https:\\\/\\\/www.ohis.be\\\/de\\\/#website\",\"url\":\"https:\\\/\\\/www.ohis.be\\\/de\\\/\",\"name\":\"Ohis\",\"description\":\"Outils de levage\",\"publisher\":{\"@id\":\"https:\\\/\\\/www.ohis.be\\\/de\\\/#organization\"},\"potentialAction\":[{\"@type\":\"SearchAction\",\"target\":{\"@type\":\"EntryPoint\",\"urlTemplate\":\"https:\\\/\\\/www.ohis.be\\\/de\\\/?s={search_term_string}\"},\"query-input\":{\"@type\":\"PropertyValueSpecification\",\"valueRequired\":true,\"valueName\":\"search_term_string\"}}],\"inLanguage\":\"de\"},{\"@type\":\"Organization\",\"@id\":\"https:\\\/\\\/www.ohis.be\\\/de\\\/#organization\",\"name\":\"Ohis\",\"url\":\"https:\\\/\\\/www.ohis.be\\\/de\\\/\",\"logo\":{\"@type\":\"ImageObject\",\"inLanguage\":\"de\",\"@id\":\"https:\\\/\\\/www.ohis.be\\\/de\\\/#\\\/schema\\\/logo\\\/image\\\/\",\"url\":\"https:\\\/\\\/www.ohis.be\\\/wp-content\\\/uploads\\\/2021\\\/02\\\/logo-ohis-wit.svg\",\"contentUrl\":\"https:\\\/\\\/www.ohis.be\\\/wp-content\\\/uploads\\\/2021\\\/02\\\/logo-ohis-wit.svg\",\"caption\":\"Ohis\"},\"image\":{\"@id\":\"https:\\\/\\\/www.ohis.be\\\/de\\\/#\\\/schema\\\/logo\\\/image\\\/\"}}]}<\/script>\n<!-- \/ Yoast SEO plugin. -->","yoast_head_json":{"title":"Hubwagen R.125 - Ohis","robots":{"index":"index","follow":"follow","max-snippet":"max-snippet:-1","max-image-preview":"max-image-preview:large","max-video-preview":"max-video-preview:-1"},"canonical":"https:\/\/www.ohis.be\/de\/produit\/hubwagen-r-125\/","og_locale":"de_DE","og_type":"article","og_title":"Hubwagen R.125 - Ohis","og_description":"R.125 Unser Gabelstapler R.125 ist f\u00fcr kleine und mittlere Lasten geeignet. Dank seines kompakten und robusten Aussehens und der beweglichen Vorderr\u00e4der ist er leicht zu handhaben und kann Lasten bis zu 125 kg heben. Er verf\u00fcgt \u00fcber einen \u00dcberlastungsschutz, eine Sicherheitskupplung und einen Sanftanlauf f\u00fcr eine einfache Handhabung. Mit unserer breiten Palette an Standard- und [&hellip;]","og_url":"https:\/\/www.ohis.be\/de\/produit\/hubwagen-r-125\/","og_site_name":"Ohis","og_image":[{"width":601,"height":845,"url":"https:\/\/www.ohis.be\/wp-content\/uploads\/2024\/08\/R125.jpg","type":"image\/jpeg"}],"twitter_card":"summary_large_image","twitter_misc":{"Gesch\u00e4tzte Lesezeit":"1\u00a0Minute"},"schema":{"@context":"https:\/\/schema.org","@graph":[{"@type":"WebPage","@id":"https:\/\/www.ohis.be\/de\/produit\/hubwagen-r-125\/","url":"https:\/\/www.ohis.be\/de\/produit\/hubwagen-r-125\/","name":"Hubwagen R.125 - Ohis","isPartOf":{"@id":"https:\/\/www.ohis.be\/de\/#website"},"primaryImageOfPage":{"@id":"https:\/\/www.ohis.be\/de\/produit\/hubwagen-r-125\/#primaryimage"},"image":{"@id":"https:\/\/www.ohis.be\/de\/produit\/hubwagen-r-125\/#primaryimage"},"thumbnailUrl":"https:\/\/www.ohis.be\/wp-content\/uploads\/2024\/08\/R125.jpg","datePublished":"2024-08-29T11:38:09+00:00","breadcrumb":{"@id":"https:\/\/www.ohis.be\/de\/produit\/hubwagen-r-125\/#breadcrumb"},"inLanguage":"de","potentialAction":[{"@type":"ReadAction","target":["https:\/\/www.ohis.be\/de\/produit\/hubwagen-r-125\/"]}]},{"@type":"ImageObject","inLanguage":"de","@id":"https:\/\/www.ohis.be\/de\/produit\/hubwagen-r-125\/#primaryimage","url":"https:\/\/www.ohis.be\/wp-content\/uploads\/2024\/08\/R125.jpg","contentUrl":"https:\/\/www.ohis.be\/wp-content\/uploads\/2024\/08\/R125.jpg","width":601,"height":845},{"@type":"BreadcrumbList","@id":"https:\/\/www.ohis.be\/de\/produit\/hubwagen-r-125\/#breadcrumb","itemListElement":[{"@type":"ListItem","position":1,"name":"Accueil","item":"https:\/\/www.ohis.be\/de\/"},{"@type":"ListItem","position":2,"name":"Produkte","item":"https:\/\/www.ohis.be\/de\/produkte\/"},{"@type":"ListItem","position":3,"name":"Hubwagen R.125"}]},{"@type":"WebSite","@id":"https:\/\/www.ohis.be\/de\/#website","url":"https:\/\/www.ohis.be\/de\/","name":"Ohis","description":"Outils de levage","publisher":{"@id":"https:\/\/www.ohis.be\/de\/#organization"},"potentialAction":[{"@type":"SearchAction","target":{"@type":"EntryPoint","urlTemplate":"https:\/\/www.ohis.be\/de\/?s={search_term_string}"},"query-input":{"@type":"PropertyValueSpecification","valueRequired":true,"valueName":"search_term_string"}}],"inLanguage":"de"},{"@type":"Organization","@id":"https:\/\/www.ohis.be\/de\/#organization","name":"Ohis","url":"https:\/\/www.ohis.be\/de\/","logo":{"@type":"ImageObject","inLanguage":"de","@id":"https:\/\/www.ohis.be\/de\/#\/schema\/logo\/image\/","url":"https:\/\/www.ohis.be\/wp-content\/uploads\/2021\/02\/logo-ohis-wit.svg","contentUrl":"https:\/\/www.ohis.be\/wp-content\/uploads\/2021\/02\/logo-ohis-wit.svg","caption":"Ohis"},"image":{"@id":"https:\/\/www.ohis.be\/de\/#\/schema\/logo\/image\/"}}]}},"_links":{"self":[{"href":"https:\/\/www.ohis.be\/de\/wp-json\/wp\/v2\/product\/57412","targetHints":{"allow":["GET"]}}],"collection":[{"href":"https:\/\/www.ohis.be\/de\/wp-json\/wp\/v2\/product"}],"about":[{"href":"https:\/\/www.ohis.be\/de\/wp-json\/wp\/v2\/types\/product"}],"wp:featuredmedia":[{"embeddable":true,"href":"https:\/\/www.ohis.be\/de\/wp-json\/wp\/v2\/media\/57096"}],"wp:attachment":[{"href":"https:\/\/www.ohis.be\/de\/wp-json\/wp\/v2\/media?parent=57412"}],"wp:term":[{"taxonomy":"product_brand","embeddable":true,"href":"https:\/\/www.ohis.be\/de\/wp-json\/wp\/v2\/product_brand?post=57412"},{"taxonomy":"product_cat","embeddable":true,"href":"https:\/\/www.ohis.be\/de\/wp-json\/wp\/v2\/product_cat?post=57412"},{"taxonomy":"product_tag","embeddable":true,"href":"https:\/\/www.ohis.be\/de\/wp-json\/wp\/v2\/product_tag?post=57412"}],"curies":[{"name":"wp","href":"https:\/\/api.w.org\/{rel}","templated":true}]}}