{"id":57337,"date":"2024-08-29T13:28:17","date_gmt":"2024-08-29T11:28:17","guid":{"rendered":"https:\/\/www.ohis.be\/produit\/hubwagen-r-85\/"},"modified":"2024-09-02T10:38:21","modified_gmt":"2024-09-02T08:38:21","slug":"hubwagen-r-85","status":"publish","type":"product","link":"https:\/\/www.ohis.be\/de\/produit\/hubwagen-r-85\/","title":{"rendered":"Hubwagen R.85"},"content":{"rendered":"<p><strong>R.85<\/strong><\/p>\n<p>Unser Hubwagen R.85 ist ein zuverl\u00e4ssiger, batteriebetriebener AGM-Gabelstapler zum Heben, Bewegen, Umsetzen und Greifen von Lasten wie Spulen, Kartons, Schachteln oder anderen Lasten mit einem Gewicht von bis zu 85 kg. Er ist leise und sehr wendig, verf\u00fcgt \u00fcber drei Masth\u00f6hen und kann mit Basen unterschiedlicher L\u00e4nge und verschiedenen R\u00e4dern kombiniert werden. Au\u00dferdem ist er mit einem Ladeger\u00e4t und einer Batterieanzeige ausgestattet. Viele Anbauger\u00e4te lassen sich problemlos an den Stapler R.85 anpassen, was eine hohe Flexibilit\u00e4t bei der t\u00e4glichen Arbeit und eine echte Erleichterung f\u00fcr Ihre Arbeiter bedeutet.<\/p>\n<p>Hubkraft: 85 kg<br \/>\nAusf\u00fchrung: Stahl IP 44<br \/>\nAnzahl der Versionen: 8<\/p>\n<p>Ergonomie<br \/>\nErgonomischer \u201eErgo-Control\u201c-Griff: Griff in mehreren Positionen, geeignet f\u00fcr unterschiedliche K\u00f6rperformen.<br \/>\nIn den Griff integrierte Fernbedienung f\u00fcr optimale Handhabung.<br \/>\nBremssystem: 3 Positionen f\u00fcr mehr Leichtigkeit (Option).<\/p>\n<p>Sicherheit<br \/>\nQuetschschutzsystem: Ausklinkrolle sichert das Absenken des Werkzeugs.<br \/>\nZuverl\u00e4ssiger Motor, Lastbegrenzer mit verst\u00e4rktem Riemenantrieb.<br \/>\nAluminium- und Stahlversion IP 44.<\/p>\n<p>Flexibilit\u00e4t<br \/>\nRobustes und modulares Design.<br \/>\nGro\u00dfe Auswahl an Konfigurationen (F\u00fc\u00dfe, Masten, Leistung).<br \/>\nWerkzeughalter, der eine Reihe von mechanischen und elektrischen Werkzeugen mit Schnellwechselsystem aufnehmen kann.<\/p>\n<p>Produktivit\u00e4t<br \/>\nStandardm\u00e4\u00dfig mit Bleiakkus ausgestattet.<br \/>\nHohe Man\u00f6vrierf\u00e4higkeit dank kugelgelagerter ABS-R\u00e4der.<br \/>\nInnovatives Design, das eine hohe Benutzerfreundlichkeit bietet.<br \/>\nZahlreiche m\u00f6gliche Optionen: Werkzeug-Schnellwechselset, konstantes Niveau&#8230;<\/p>\n<p>BESCHREIBUNG<br \/>\nR.85<br \/>\nCMU: 85 kg<br \/>\nMaterial: Stahl oder rostfreier Stahl<br \/>\nArt der Steuerung: Fernbedienung<br \/>\nBatterieanzeige: Auf der Fernbedienungseinheit<br \/>\nBatterietyp: 2 AGM (Gesamt: 24 V &#8211; 9 Ah)<br \/>\nLadeger\u00e4t: Extern &#8211; 230 V &#8211; 50\/60 Hz<br \/>\nAnzahl der Zyklen: 100 bis 200 Zyklen<br \/>\nLadezeit: 7,5 Stunden (100%)<\/p>\n<p>&nbsp;<\/p>\n","protected":false},"excerpt":{"rendered":"<p><strong>R.85<\/strong><\/p>\n<p>Unser Hubwagen R.85 ist ein zuverl\u00e4ssiger, batteriebetriebener AGM-Gabelstapler zum Heben, Bewegen, Umsetzen und Greifen von Lasten wie Spulen, Kartons, Schachteln oder anderen Lasten mit einem Gewicht von bis zu 85 kg. Er ist leise und sehr wendig, verf\u00fcgt \u00fcber drei Masth\u00f6hen und kann mit Basen unterschiedlicher L\u00e4nge und verschiedenen R\u00e4dern kombiniert werden. Au\u00dferdem ist er mit einem Ladeger\u00e4t und einer Batterieanzeige ausgestattet. Viele Anbauger\u00e4te lassen sich problemlos an den Stapler R.85 anpassen, was eine hohe Flexibilit\u00e4t bei der t\u00e4glichen Arbeit und eine echte Erleichterung f\u00fcr Ihre Arbeiter bedeutet.<\/p>\n<p>Hubkraft: 85 kg<br \/>\nAusf\u00fchrung: Stahl IP 44<br \/>\nAnzahl der Versionen: 8<\/p>\n<p>Ergonomie<br \/>\nErgonomischer \u201eErgo-Control\u201c-Griff: Griff in mehreren Positionen, geeignet f\u00fcr unterschiedliche K\u00f6rperformen.<br \/>\nIn den Griff integrierte Fernbedienung f\u00fcr optimale Handhabung.<br \/>\nBremssystem: 3 Positionen f\u00fcr mehr Leichtigkeit (Option).<\/p>\n<p>Sicherheit<br \/>\nQuetschschutzsystem: Ausklinkrolle sichert das Absenken des Werkzeugs.<br \/>\nZuverl\u00e4ssiger Motor, Lastbegrenzer mit verst\u00e4rktem Riemenantrieb.<br \/>\nAluminium- und Stahlversion IP 44.<\/p>\n<p>Flexibilit\u00e4t<br \/>\nRobustes und modulares Design.<br \/>\nGro\u00dfe Auswahl an Konfigurationen (F\u00fc\u00dfe, Masten, Leistung).<br \/>\nWerkzeughalter, der eine Reihe von mechanischen und elektrischen Werkzeugen mit Schnellwechselsystem aufnehmen kann.<\/p>\n<p>Produktivit\u00e4t<br \/>\nStandardm\u00e4\u00dfig mit Bleiakkus ausgestattet.<br \/>\nHohe Man\u00f6vrierf\u00e4higkeit dank kugelgelagerter ABS-R\u00e4der.<br \/>\nInnovatives Design, das eine hohe Benutzerfreundlichkeit bietet.<br \/>\nZahlreiche m\u00f6gliche Optionen: Werkzeug-Schnellwechselset, konstantes Niveau&#8230;<\/p>\n<p>BESCHREIBUNG<br \/>\nR.85<br \/>\nCMU: 85 kg<br \/>\nMaterial: Stahl oder rostfreier Stahl<br \/>\nArt der Steuerung: Fernbedienung<br \/>\nBatterieanzeige: Auf der Fernbedienungseinheit<br \/>\nBatterietyp: 2 AGM (Gesamt: 24 V &#8211; 9 Ah)<br \/>\nLadeger\u00e4t: Extern &#8211; 230 V &#8211; 50\/60 Hz<br \/>\nAnzahl der Zyklen: 100 bis 200 Zyklen<br \/>\nLadezeit: 7,5 Stunden (100%)<\/p>\n<p>&nbsp;<\/p>\n","protected":false},"featured_media":57046,"template":"","meta":{"_acf_changed":false,"inline_featured_image":false},"product_brand":[],"product_cat":[4156],"product_tag":[],"class_list":{"0":"post-57337","1":"product","2":"type-product","3":"status-publish","4":"has-post-thumbnail","6":"product_cat-ergonomischen-fordergeraten","7":"yith_product_brand-reglift-de","9":"first","10":"instock","11":"taxable","12":"shipping-taxable","13":"product-type-simple"},"acf":[],"yoast_head":"<!-- This site is optimized with the Yoast SEO plugin v27.5 - https:\/\/yoast.com\/product\/yoast-seo-wordpress\/ -->\n<title>Hubwagen R.85 - Ohis<\/title>\n<meta name=\"robots\" content=\"index, follow, max-snippet:-1, max-image-preview:large, max-video-preview:-1\" \/>\n<link rel=\"canonical\" href=\"https:\/\/www.ohis.be\/de\/produit\/hubwagen-r-85\/\" \/>\n<meta property=\"og:locale\" content=\"de_DE\" \/>\n<meta property=\"og:type\" content=\"article\" \/>\n<meta property=\"og:title\" content=\"Hubwagen R.85 - Ohis\" \/>\n<meta property=\"og:description\" content=\"R.85  Unser Hubwagen R.85 ist ein zuverl\u00e4ssiger, batteriebetriebener AGM-Gabelstapler zum Heben, Bewegen, Umsetzen und Greifen von Lasten wie Spulen, Kartons, Schachteln oder anderen Lasten mit einem Gewicht von bis zu 85 kg. Er ist leise und sehr wendig, verf\u00fcgt \u00fcber drei Masth\u00f6hen und kann mit Basen unterschiedlicher L\u00e4nge und verschiedenen R\u00e4dern kombiniert werden. Au\u00dferdem ist er mit einem Ladeger\u00e4t und einer Batterieanzeige ausgestattet. Viele Anbauger\u00e4te lassen sich problemlos an den Stapler R.85 anpassen, was eine hohe Flexibilit\u00e4t bei der t\u00e4glichen Arbeit und eine echte Erleichterung f\u00fcr Ihre Arbeiter bedeutet.  Hubkraft: 85 kg Ausf\u00fchrung: Stahl IP 44 Anzahl der Versionen: 8  Ergonomie Ergonomischer \u201eErgo-Control\u201c-Griff: Griff in mehreren Positionen, geeignet f\u00fcr unterschiedliche K\u00f6rperformen. In den Griff integrierte Fernbedienung f\u00fcr optimale Handhabung. Bremssystem: 3 Positionen f\u00fcr mehr Leichtigkeit (Option).  Sicherheit Quetschschutzsystem: Ausklinkrolle sichert das Absenken des Werkzeugs. Zuverl\u00e4ssiger Motor, Lastbegrenzer mit verst\u00e4rktem Riemenantrieb. Aluminium- und Stahlversion IP 44.  Flexibilit\u00e4t Robustes und modulares Design. Gro\u00dfe Auswahl an Konfigurationen (F\u00fc\u00dfe, Masten, Leistung). Werkzeughalter, der eine Reihe von mechanischen und elektrischen Werkzeugen mit Schnellwechselsystem aufnehmen kann.  Produktivit\u00e4t Standardm\u00e4\u00dfig mit Bleiakkus ausgestattet. Hohe Man\u00f6vrierf\u00e4higkeit dank kugelgelagerter ABS-R\u00e4der. Innovatives Design, das eine hohe Benutzerfreundlichkeit bietet. Zahlreiche m\u00f6gliche Optionen: Werkzeug-Schnellwechselset, konstantes Niveau...  BESCHREIBUNG R.85 CMU: 85 kg Material: Stahl oder rostfreier Stahl Art der Steuerung: Fernbedienung Batterieanzeige: Auf der Fernbedienungseinheit Batterietyp: 2 AGM (Gesamt: 24 V - 9 Ah) Ladeger\u00e4t: Extern - 230 V - 50\/60 Hz Anzahl der Zyklen: 100 bis 200 Zyklen Ladezeit: 7,5 Stunden (100%)  &nbsp;\" \/>\n<meta property=\"og:url\" content=\"https:\/\/www.ohis.be\/de\/produit\/hubwagen-r-85\/\" \/>\n<meta property=\"og:site_name\" content=\"Ohis\" \/>\n<meta property=\"article:modified_time\" content=\"2024-09-02T08:38:21+00:00\" \/>\n<meta property=\"og:image\" content=\"https:\/\/www.ohis.be\/wp-content\/uploads\/2024\/08\/R85.jpg\" \/>\n\t<meta property=\"og:image:width\" content=\"593\" \/>\n\t<meta property=\"og:image:height\" content=\"897\" \/>\n\t<meta property=\"og:image:type\" content=\"image\/jpeg\" \/>\n<meta name=\"twitter:card\" content=\"summary_large_image\" \/>\n<meta name=\"twitter:label1\" content=\"Gesch\u00e4tzte Lesezeit\" \/>\n\t<meta name=\"twitter:data1\" content=\"1\u00a0Minute\" \/>\n<script type=\"application\/ld+json\" class=\"yoast-schema-graph\">{\"@context\":\"https:\\\/\\\/schema.org\",\"@graph\":[{\"@type\":\"WebPage\",\"@id\":\"https:\\\/\\\/www.ohis.be\\\/de\\\/produit\\\/hubwagen-r-85\\\/\",\"url\":\"https:\\\/\\\/www.ohis.be\\\/de\\\/produit\\\/hubwagen-r-85\\\/\",\"name\":\"Hubwagen R.85 - Ohis\",\"isPartOf\":{\"@id\":\"https:\\\/\\\/www.ohis.be\\\/de\\\/#website\"},\"primaryImageOfPage\":{\"@id\":\"https:\\\/\\\/www.ohis.be\\\/de\\\/produit\\\/hubwagen-r-85\\\/#primaryimage\"},\"image\":{\"@id\":\"https:\\\/\\\/www.ohis.be\\\/de\\\/produit\\\/hubwagen-r-85\\\/#primaryimage\"},\"thumbnailUrl\":\"https:\\\/\\\/www.ohis.be\\\/wp-content\\\/uploads\\\/2024\\\/08\\\/R85.jpg\",\"datePublished\":\"2024-08-29T11:28:17+00:00\",\"dateModified\":\"2024-09-02T08:38:21+00:00\",\"breadcrumb\":{\"@id\":\"https:\\\/\\\/www.ohis.be\\\/de\\\/produit\\\/hubwagen-r-85\\\/#breadcrumb\"},\"inLanguage\":\"de\",\"potentialAction\":[{\"@type\":\"ReadAction\",\"target\":[\"https:\\\/\\\/www.ohis.be\\\/de\\\/produit\\\/hubwagen-r-85\\\/\"]}]},{\"@type\":\"ImageObject\",\"inLanguage\":\"de\",\"@id\":\"https:\\\/\\\/www.ohis.be\\\/de\\\/produit\\\/hubwagen-r-85\\\/#primaryimage\",\"url\":\"https:\\\/\\\/www.ohis.be\\\/wp-content\\\/uploads\\\/2024\\\/08\\\/R85.jpg\",\"contentUrl\":\"https:\\\/\\\/www.ohis.be\\\/wp-content\\\/uploads\\\/2024\\\/08\\\/R85.jpg\",\"width\":593,\"height\":897},{\"@type\":\"BreadcrumbList\",\"@id\":\"https:\\\/\\\/www.ohis.be\\\/de\\\/produit\\\/hubwagen-r-85\\\/#breadcrumb\",\"itemListElement\":[{\"@type\":\"ListItem\",\"position\":1,\"name\":\"Accueil\",\"item\":\"https:\\\/\\\/www.ohis.be\\\/de\\\/\"},{\"@type\":\"ListItem\",\"position\":2,\"name\":\"Produkte\",\"item\":\"https:\\\/\\\/www.ohis.be\\\/de\\\/produkte\\\/\"},{\"@type\":\"ListItem\",\"position\":3,\"name\":\"Hubwagen R.85\"}]},{\"@type\":\"WebSite\",\"@id\":\"https:\\\/\\\/www.ohis.be\\\/de\\\/#website\",\"url\":\"https:\\\/\\\/www.ohis.be\\\/de\\\/\",\"name\":\"Ohis\",\"description\":\"Outils de levage\",\"publisher\":{\"@id\":\"https:\\\/\\\/www.ohis.be\\\/de\\\/#organization\"},\"potentialAction\":[{\"@type\":\"SearchAction\",\"target\":{\"@type\":\"EntryPoint\",\"urlTemplate\":\"https:\\\/\\\/www.ohis.be\\\/de\\\/?s={search_term_string}\"},\"query-input\":{\"@type\":\"PropertyValueSpecification\",\"valueRequired\":true,\"valueName\":\"search_term_string\"}}],\"inLanguage\":\"de\"},{\"@type\":\"Organization\",\"@id\":\"https:\\\/\\\/www.ohis.be\\\/de\\\/#organization\",\"name\":\"Ohis\",\"url\":\"https:\\\/\\\/www.ohis.be\\\/de\\\/\",\"logo\":{\"@type\":\"ImageObject\",\"inLanguage\":\"de\",\"@id\":\"https:\\\/\\\/www.ohis.be\\\/de\\\/#\\\/schema\\\/logo\\\/image\\\/\",\"url\":\"https:\\\/\\\/www.ohis.be\\\/wp-content\\\/uploads\\\/2021\\\/02\\\/logo-ohis-wit.svg\",\"contentUrl\":\"https:\\\/\\\/www.ohis.be\\\/wp-content\\\/uploads\\\/2021\\\/02\\\/logo-ohis-wit.svg\",\"caption\":\"Ohis\"},\"image\":{\"@id\":\"https:\\\/\\\/www.ohis.be\\\/de\\\/#\\\/schema\\\/logo\\\/image\\\/\"}}]}<\/script>\n<!-- \/ Yoast SEO plugin. -->","yoast_head_json":{"title":"Hubwagen R.85 - Ohis","robots":{"index":"index","follow":"follow","max-snippet":"max-snippet:-1","max-image-preview":"max-image-preview:large","max-video-preview":"max-video-preview:-1"},"canonical":"https:\/\/www.ohis.be\/de\/produit\/hubwagen-r-85\/","og_locale":"de_DE","og_type":"article","og_title":"Hubwagen R.85 - Ohis","og_description":"R.85  Unser Hubwagen R.85 ist ein zuverl\u00e4ssiger, batteriebetriebener AGM-Gabelstapler zum Heben, Bewegen, Umsetzen und Greifen von Lasten wie Spulen, Kartons, Schachteln oder anderen Lasten mit einem Gewicht von bis zu 85 kg. Er ist leise und sehr wendig, verf\u00fcgt \u00fcber drei Masth\u00f6hen und kann mit Basen unterschiedlicher L\u00e4nge und verschiedenen R\u00e4dern kombiniert werden. Au\u00dferdem ist er mit einem Ladeger\u00e4t und einer Batterieanzeige ausgestattet. Viele Anbauger\u00e4te lassen sich problemlos an den Stapler R.85 anpassen, was eine hohe Flexibilit\u00e4t bei der t\u00e4glichen Arbeit und eine echte Erleichterung f\u00fcr Ihre Arbeiter bedeutet.  Hubkraft: 85 kg Ausf\u00fchrung: Stahl IP 44 Anzahl der Versionen: 8  Ergonomie Ergonomischer \u201eErgo-Control\u201c-Griff: Griff in mehreren Positionen, geeignet f\u00fcr unterschiedliche K\u00f6rperformen. In den Griff integrierte Fernbedienung f\u00fcr optimale Handhabung. Bremssystem: 3 Positionen f\u00fcr mehr Leichtigkeit (Option).  Sicherheit Quetschschutzsystem: Ausklinkrolle sichert das Absenken des Werkzeugs. Zuverl\u00e4ssiger Motor, Lastbegrenzer mit verst\u00e4rktem Riemenantrieb. Aluminium- und Stahlversion IP 44.  Flexibilit\u00e4t Robustes und modulares Design. Gro\u00dfe Auswahl an Konfigurationen (F\u00fc\u00dfe, Masten, Leistung). Werkzeughalter, der eine Reihe von mechanischen und elektrischen Werkzeugen mit Schnellwechselsystem aufnehmen kann.  Produktivit\u00e4t Standardm\u00e4\u00dfig mit Bleiakkus ausgestattet. Hohe Man\u00f6vrierf\u00e4higkeit dank kugelgelagerter ABS-R\u00e4der. Innovatives Design, das eine hohe Benutzerfreundlichkeit bietet. Zahlreiche m\u00f6gliche Optionen: Werkzeug-Schnellwechselset, konstantes Niveau...  BESCHREIBUNG R.85 CMU: 85 kg Material: Stahl oder rostfreier Stahl Art der Steuerung: Fernbedienung Batterieanzeige: Auf der Fernbedienungseinheit Batterietyp: 2 AGM (Gesamt: 24 V - 9 Ah) Ladeger\u00e4t: Extern - 230 V - 50\/60 Hz Anzahl der Zyklen: 100 bis 200 Zyklen Ladezeit: 7,5 Stunden (100%)  &nbsp;","og_url":"https:\/\/www.ohis.be\/de\/produit\/hubwagen-r-85\/","og_site_name":"Ohis","article_modified_time":"2024-09-02T08:38:21+00:00","og_image":[{"width":593,"height":897,"url":"https:\/\/www.ohis.be\/wp-content\/uploads\/2024\/08\/R85.jpg","type":"image\/jpeg"}],"twitter_card":"summary_large_image","twitter_misc":{"Gesch\u00e4tzte Lesezeit":"1\u00a0Minute"},"schema":{"@context":"https:\/\/schema.org","@graph":[{"@type":"WebPage","@id":"https:\/\/www.ohis.be\/de\/produit\/hubwagen-r-85\/","url":"https:\/\/www.ohis.be\/de\/produit\/hubwagen-r-85\/","name":"Hubwagen R.85 - Ohis","isPartOf":{"@id":"https:\/\/www.ohis.be\/de\/#website"},"primaryImageOfPage":{"@id":"https:\/\/www.ohis.be\/de\/produit\/hubwagen-r-85\/#primaryimage"},"image":{"@id":"https:\/\/www.ohis.be\/de\/produit\/hubwagen-r-85\/#primaryimage"},"thumbnailUrl":"https:\/\/www.ohis.be\/wp-content\/uploads\/2024\/08\/R85.jpg","datePublished":"2024-08-29T11:28:17+00:00","dateModified":"2024-09-02T08:38:21+00:00","breadcrumb":{"@id":"https:\/\/www.ohis.be\/de\/produit\/hubwagen-r-85\/#breadcrumb"},"inLanguage":"de","potentialAction":[{"@type":"ReadAction","target":["https:\/\/www.ohis.be\/de\/produit\/hubwagen-r-85\/"]}]},{"@type":"ImageObject","inLanguage":"de","@id":"https:\/\/www.ohis.be\/de\/produit\/hubwagen-r-85\/#primaryimage","url":"https:\/\/www.ohis.be\/wp-content\/uploads\/2024\/08\/R85.jpg","contentUrl":"https:\/\/www.ohis.be\/wp-content\/uploads\/2024\/08\/R85.jpg","width":593,"height":897},{"@type":"BreadcrumbList","@id":"https:\/\/www.ohis.be\/de\/produit\/hubwagen-r-85\/#breadcrumb","itemListElement":[{"@type":"ListItem","position":1,"name":"Accueil","item":"https:\/\/www.ohis.be\/de\/"},{"@type":"ListItem","position":2,"name":"Produkte","item":"https:\/\/www.ohis.be\/de\/produkte\/"},{"@type":"ListItem","position":3,"name":"Hubwagen R.85"}]},{"@type":"WebSite","@id":"https:\/\/www.ohis.be\/de\/#website","url":"https:\/\/www.ohis.be\/de\/","name":"Ohis","description":"Outils de levage","publisher":{"@id":"https:\/\/www.ohis.be\/de\/#organization"},"potentialAction":[{"@type":"SearchAction","target":{"@type":"EntryPoint","urlTemplate":"https:\/\/www.ohis.be\/de\/?s={search_term_string}"},"query-input":{"@type":"PropertyValueSpecification","valueRequired":true,"valueName":"search_term_string"}}],"inLanguage":"de"},{"@type":"Organization","@id":"https:\/\/www.ohis.be\/de\/#organization","name":"Ohis","url":"https:\/\/www.ohis.be\/de\/","logo":{"@type":"ImageObject","inLanguage":"de","@id":"https:\/\/www.ohis.be\/de\/#\/schema\/logo\/image\/","url":"https:\/\/www.ohis.be\/wp-content\/uploads\/2021\/02\/logo-ohis-wit.svg","contentUrl":"https:\/\/www.ohis.be\/wp-content\/uploads\/2021\/02\/logo-ohis-wit.svg","caption":"Ohis"},"image":{"@id":"https:\/\/www.ohis.be\/de\/#\/schema\/logo\/image\/"}}]}},"_links":{"self":[{"href":"https:\/\/www.ohis.be\/de\/wp-json\/wp\/v2\/product\/57337","targetHints":{"allow":["GET"]}}],"collection":[{"href":"https:\/\/www.ohis.be\/de\/wp-json\/wp\/v2\/product"}],"about":[{"href":"https:\/\/www.ohis.be\/de\/wp-json\/wp\/v2\/types\/product"}],"wp:featuredmedia":[{"embeddable":true,"href":"https:\/\/www.ohis.be\/de\/wp-json\/wp\/v2\/media\/57046"}],"wp:attachment":[{"href":"https:\/\/www.ohis.be\/de\/wp-json\/wp\/v2\/media?parent=57337"}],"wp:term":[{"taxonomy":"product_brand","embeddable":true,"href":"https:\/\/www.ohis.be\/de\/wp-json\/wp\/v2\/product_brand?post=57337"},{"taxonomy":"product_cat","embeddable":true,"href":"https:\/\/www.ohis.be\/de\/wp-json\/wp\/v2\/product_cat?post=57337"},{"taxonomy":"product_tag","embeddable":true,"href":"https:\/\/www.ohis.be\/de\/wp-json\/wp\/v2\/product_tag?post=57337"}],"curies":[{"name":"wp","href":"https:\/\/api.w.org\/{rel}","templated":true}]}}