{"id":57329,"date":"2024-08-29T13:18:57","date_gmt":"2024-08-29T11:18:57","guid":{"rendered":"https:\/\/www.ohis.be\/produit\/hubwagen-r-65\/"},"modified":"2024-09-02T09:45:40","modified_gmt":"2024-09-02T07:45:40","slug":"hubwagen-r-65","status":"publish","type":"product","link":"https:\/\/www.ohis.be\/de\/produit\/hubwagen-r-65\/","title":{"rendered":"Hubwagen R.65"},"content":{"rendered":"<p>R.65<\/p>\n<p>Unser leicht zu bedienender Stahlhubwagen R.65 ist mit einem elektrischen Hebesystem ausgestattet. Die verschiedenen kompatiblen Fernbedienungen passen sich an das Werkzeug und Ihre spezifischen Bed\u00fcrfnisse an; heben, spannen, neigen&#8230;<br \/>\nDer Wagen wurde so konzipiert, dass er Wartung und Reparaturen erleichtert.<br \/>\nEr ist kompakt und robust, seine Aluminium- und Stahlkonstruktion macht ihn leicht und widerstandsf\u00e4hig. Er kann eine Last von 65 kg bis zu einer H\u00f6he von 160 cm heben.<br \/>\nEr eignet sich f\u00fcr den Transport von verschiedenen Lasten wie Kartons, Spulen, Kisten usw.<br \/>\nSein \u00dcberlastbegrenzer sorgt f\u00fcr optimale Sicherheit. Dank seiner beweglichen Vorderr\u00e4der ist er sehr wendig.<\/p>\n<p>Hubkraft: 65 kg.<br \/>\nAusf\u00fchrung: Stahl IP 44<br \/>\nAnzahl der Versionen: 9<\/p>\n<p>Ergonomie<br \/>\nErgonomischer Griff \u201eErgo-Control\u201c: Griff in mehreren Positionen, angepasst an unterschiedliche Morphologien.<br \/>\nIn den Griff integrierte Fernbedienung f\u00fcr optimale Handhabung.<br \/>\nBremssystem: 3 Positionen f\u00fcr mehr Leichtigkeit (Option).<\/p>\n<p>Sicherheit<br \/>\nQuetschschutzsystem: Ausr\u00fcckrolle sichert das Absenken des Werkzeugs.<br \/>\nZuverl\u00e4ssiger Motor, Lastbegrenzer mit verst\u00e4rktem Riemenantrieb.<br \/>\nAluminium- und Stahlversion IP 44.<\/p>\n<p>Flexibilit\u00e4t<br \/>\nRobustes und modulares Design.<br \/>\nGro\u00dfe Auswahl an Konfigurationen (F\u00fc\u00dfe, Masten, Leistung).<br \/>\nWerkzeughalter, der eine Reihe von mechanischen und elektrischen Werkzeugen mit Schnellwechselsystem aufnehmen kann.<\/p>\n<p>Produktivit\u00e4t<br \/>\nStandardm\u00e4\u00dfige Blei-S\u00e4ure-Batterien<br \/>\nHohe Man\u00f6vrierf\u00e4higkeit dank kugelgelagerter ABS-R\u00e4der.<br \/>\nInnovatives Design verleiht ihm eine hohe Benutzerfreundlichkeit.<br \/>\nZahlreiche m\u00f6gliche Optionen: Werkzeug-Schnellwechsel-Kit, konstantes Niveau&#8230;<\/p>\n<p>Der R.65 ist aus Stahl gefertigt und h\u00e4lt h\u00e4rtesten Anforderungen stand, ohne dabei seine ergonomische Integrit\u00e4t zu verlieren. Seine robuste Konstruktion garantiert eine lange Lebensdauer und macht ihn zu einem zuverl\u00e4ssigen Begleiter bei Ihren t\u00e4glichen Aufgaben.<br \/>\nDer R.65 zeichnet sich durch sein ergonomisches Design aus, das akribisch ausgearbeitet wurde, um dem Komfort und der Sicherheit des Benutzers Vorrang einzur\u00e4umen. Ausgestattet mit ergonomischen Griffen und einstellbaren Funktionen minimiert dieser Wagen die Belastung des K\u00f6rpers und verringert so das Risiko von Arbeitsunf\u00e4llen, die mit dem Umgang mit schweren Lasten verbunden sind.<\/p>\n<p>BESCHREIBUNG R.65<br \/>\nCMU 65 Kg<br \/>\nMaterial Stahl Rostfreier Stahl<br \/>\nArt der Bedienung Fernbedienung<br \/>\nBatterieanzeige Auf der Fernbedienung<br \/>\nBatterie Typ 2 AGM (Tot: 24 V &#8211; 9 Ah).<br \/>\nExternes Ladeger\u00e4t &#8211; 230 V &#8211; 50\/60 Hz.<br \/>\nAnzahl der Zyklen 1450 bis 250 Zyklen<br \/>\nLadezeit 7,5 Stunden f\u00fcr 100%<\/p>\n","protected":false},"excerpt":{"rendered":"<p>R.65<\/p>\n<p>Unser leicht zu bedienender Stahlhubwagen R.65 ist mit einem elektrischen Hebesystem ausgestattet. Die verschiedenen kompatiblen Fernbedienungen passen sich an das Werkzeug und Ihre spezifischen Bed\u00fcrfnisse an; heben, spannen, neigen&#8230;<br \/>\nDer Wagen wurde so konzipiert, dass er Wartung und Reparaturen erleichtert.<br \/>\nEr ist kompakt und robust, seine Aluminium- und Stahlkonstruktion macht ihn leicht und widerstandsf\u00e4hig. Er kann eine Last von 65 kg bis zu einer H\u00f6he von 160 cm heben.<br \/>\nEr eignet sich f\u00fcr den Transport von verschiedenen Lasten wie Kartons, Spulen, Kisten usw.<br \/>\nSein \u00dcberlastbegrenzer sorgt f\u00fcr optimale Sicherheit. Dank seiner beweglichen Vorderr\u00e4der ist er sehr wendig.<\/p>\n<p>Hubkraft: 65 kg.<br \/>\nAusf\u00fchrung: Stahl IP 44<br \/>\nAnzahl der Versionen: 9<\/p>\n<p>Ergonomie<br \/>\nErgonomischer Griff \u201eErgo-Control\u201c: Griff in mehreren Positionen, angepasst an unterschiedliche Morphologien.<br \/>\nIn den Griff integrierte Fernbedienung f\u00fcr optimale Handhabung.<br \/>\nBremssystem: 3 Positionen f\u00fcr mehr Leichtigkeit (Option).<\/p>\n<p>Sicherheit<br \/>\nQuetschschutzsystem: Ausr\u00fcckrolle sichert das Absenken des Werkzeugs.<br \/>\nZuverl\u00e4ssiger Motor, Lastbegrenzer mit verst\u00e4rktem Riemenantrieb.<br \/>\nAluminium- und Stahlversion IP 44.<\/p>\n<p>Flexibilit\u00e4t<br \/>\nRobustes und modulares Design.<br \/>\nGro\u00dfe Auswahl an Konfigurationen (F\u00fc\u00dfe, Masten, Leistung).<br \/>\nWerkzeughalter, der eine Reihe von mechanischen und elektrischen Werkzeugen mit Schnellwechselsystem aufnehmen kann.<\/p>\n<p>Produktivit\u00e4t<br \/>\nStandardm\u00e4\u00dfige Blei-S\u00e4ure-Batterien<br \/>\nHohe Man\u00f6vrierf\u00e4higkeit dank kugelgelagerter ABS-R\u00e4der.<br \/>\nInnovatives Design verleiht ihm eine hohe Benutzerfreundlichkeit.<br \/>\nZahlreiche m\u00f6gliche Optionen: Werkzeug-Schnellwechsel-Kit, konstantes Niveau&#8230;<\/p>\n<p>Der R.65 ist aus Stahl gefertigt und h\u00e4lt h\u00e4rtesten Anforderungen stand, ohne dabei seine ergonomische Integrit\u00e4t zu verlieren. Seine robuste Konstruktion garantiert eine lange Lebensdauer und macht ihn zu einem zuverl\u00e4ssigen Begleiter bei Ihren t\u00e4glichen Aufgaben.<br \/>\nDer R.65 zeichnet sich durch sein ergonomisches Design aus, das akribisch ausgearbeitet wurde, um dem Komfort und der Sicherheit des Benutzers Vorrang einzur\u00e4umen. Ausgestattet mit ergonomischen Griffen und einstellbaren Funktionen minimiert dieser Wagen die Belastung des K\u00f6rpers und verringert so das Risiko von Arbeitsunf\u00e4llen, die mit dem Umgang mit schweren Lasten verbunden sind.<\/p>\n<p>BESCHREIBUNG R.65<br \/>\nCMU 65 Kg<br \/>\nMaterial Stahl Rostfreier Stahl<br \/>\nArt der Bedienung Fernbedienung<br \/>\nBatterieanzeige Auf der Fernbedienung<br \/>\nBatterie Typ 2 AGM (Tot: 24 V &#8211; 9 Ah).<br \/>\nExternes Ladeger\u00e4t &#8211; 230 V &#8211; 50\/60 Hz.<br \/>\nAnzahl der Zyklen 1450 bis 250 Zyklen<br \/>\nLadezeit 7,5 Stunden f\u00fcr 100%<\/p>\n","protected":false},"featured_media":57017,"template":"","meta":{"_acf_changed":false,"inline_featured_image":false},"product_brand":[],"product_cat":[4156],"product_tag":[],"class_list":{"0":"post-57329","1":"product","2":"type-product","3":"status-publish","4":"has-post-thumbnail","6":"product_cat-ergonomischen-fordergeraten","7":"yith_product_brand-reglift-de","9":"first","10":"instock","11":"taxable","12":"shipping-taxable","13":"product-type-simple"},"acf":[],"yoast_head":"<!-- This site is optimized with the Yoast SEO plugin v27.5 - https:\/\/yoast.com\/product\/yoast-seo-wordpress\/ -->\n<title>Hubwagen R.65 - Ohis<\/title>\n<meta name=\"robots\" content=\"index, follow, max-snippet:-1, max-image-preview:large, max-video-preview:-1\" \/>\n<link rel=\"canonical\" href=\"https:\/\/www.ohis.be\/de\/produit\/hubwagen-r-65\/\" \/>\n<meta property=\"og:locale\" content=\"de_DE\" \/>\n<meta property=\"og:type\" content=\"article\" \/>\n<meta property=\"og:title\" content=\"Hubwagen R.65 - Ohis\" \/>\n<meta property=\"og:description\" content=\"R.65  Unser leicht zu bedienender Stahlhubwagen R.65 ist mit einem elektrischen Hebesystem ausgestattet. Die verschiedenen kompatiblen Fernbedienungen passen sich an das Werkzeug und Ihre spezifischen Bed\u00fcrfnisse an; heben, spannen, neigen... Der Wagen wurde so konzipiert, dass er Wartung und Reparaturen erleichtert. Er ist kompakt und robust, seine Aluminium- und Stahlkonstruktion macht ihn leicht und widerstandsf\u00e4hig. Er kann eine Last von 65 kg bis zu einer H\u00f6he von 160 cm heben. Er eignet sich f\u00fcr den Transport von verschiedenen Lasten wie Kartons, Spulen, Kisten usw. Sein \u00dcberlastbegrenzer sorgt f\u00fcr optimale Sicherheit. Dank seiner beweglichen Vorderr\u00e4der ist er sehr wendig.  Hubkraft: 65 kg. Ausf\u00fchrung: Stahl IP 44 Anzahl der Versionen: 9  Ergonomie Ergonomischer Griff \u201eErgo-Control\u201c: Griff in mehreren Positionen, angepasst an unterschiedliche Morphologien. In den Griff integrierte Fernbedienung f\u00fcr optimale Handhabung. Bremssystem: 3 Positionen f\u00fcr mehr Leichtigkeit (Option).  Sicherheit Quetschschutzsystem: Ausr\u00fcckrolle sichert das Absenken des Werkzeugs. Zuverl\u00e4ssiger Motor, Lastbegrenzer mit verst\u00e4rktem Riemenantrieb. Aluminium- und Stahlversion IP 44.  Flexibilit\u00e4t Robustes und modulares Design. Gro\u00dfe Auswahl an Konfigurationen (F\u00fc\u00dfe, Masten, Leistung). Werkzeughalter, der eine Reihe von mechanischen und elektrischen Werkzeugen mit Schnellwechselsystem aufnehmen kann.  Produktivit\u00e4t Standardm\u00e4\u00dfige Blei-S\u00e4ure-Batterien Hohe Man\u00f6vrierf\u00e4higkeit dank kugelgelagerter ABS-R\u00e4der. Innovatives Design verleiht ihm eine hohe Benutzerfreundlichkeit. Zahlreiche m\u00f6gliche Optionen: Werkzeug-Schnellwechsel-Kit, konstantes Niveau...  Der R.65 ist aus Stahl gefertigt und h\u00e4lt h\u00e4rtesten Anforderungen stand, ohne dabei seine ergonomische Integrit\u00e4t zu verlieren. Seine robuste Konstruktion garantiert eine lange Lebensdauer und macht ihn zu einem zuverl\u00e4ssigen Begleiter bei Ihren t\u00e4glichen Aufgaben. Der R.65 zeichnet sich durch sein ergonomisches Design aus, das akribisch ausgearbeitet wurde, um dem Komfort und der Sicherheit des Benutzers Vorrang einzur\u00e4umen. Ausgestattet mit ergonomischen Griffen und einstellbaren Funktionen minimiert dieser Wagen die Belastung des K\u00f6rpers und verringert so das Risiko von Arbeitsunf\u00e4llen, die mit dem Umgang mit schweren Lasten verbunden sind.  BESCHREIBUNG R.65 CMU 65 Kg Material Stahl Rostfreier Stahl Art der Bedienung Fernbedienung Batterieanzeige Auf der Fernbedienung Batterie Typ 2 AGM (Tot: 24 V - 9 Ah). Externes Ladeger\u00e4t - 230 V - 50\/60 Hz. Anzahl der Zyklen 1450 bis 250 Zyklen Ladezeit 7,5 Stunden f\u00fcr 100%\" \/>\n<meta property=\"og:url\" content=\"https:\/\/www.ohis.be\/de\/produit\/hubwagen-r-65\/\" \/>\n<meta property=\"og:site_name\" content=\"Ohis\" \/>\n<meta property=\"article:modified_time\" content=\"2024-09-02T07:45:40+00:00\" \/>\n<meta property=\"og:image\" content=\"https:\/\/www.ohis.be\/wp-content\/uploads\/2024\/08\/R65.jpg\" \/>\n\t<meta property=\"og:image:width\" content=\"547\" \/>\n\t<meta property=\"og:image:height\" content=\"827\" \/>\n\t<meta property=\"og:image:type\" content=\"image\/jpeg\" \/>\n<meta name=\"twitter:card\" content=\"summary_large_image\" \/>\n<meta name=\"twitter:label1\" content=\"Gesch\u00e4tzte Lesezeit\" \/>\n\t<meta name=\"twitter:data1\" content=\"2\u00a0Minuten\" \/>\n<script type=\"application\/ld+json\" class=\"yoast-schema-graph\">{\"@context\":\"https:\\\/\\\/schema.org\",\"@graph\":[{\"@type\":\"WebPage\",\"@id\":\"https:\\\/\\\/www.ohis.be\\\/de\\\/produit\\\/hubwagen-r-65\\\/\",\"url\":\"https:\\\/\\\/www.ohis.be\\\/de\\\/produit\\\/hubwagen-r-65\\\/\",\"name\":\"Hubwagen R.65 - Ohis\",\"isPartOf\":{\"@id\":\"https:\\\/\\\/www.ohis.be\\\/#website\"},\"primaryImageOfPage\":{\"@id\":\"https:\\\/\\\/www.ohis.be\\\/de\\\/produit\\\/hubwagen-r-65\\\/#primaryimage\"},\"image\":{\"@id\":\"https:\\\/\\\/www.ohis.be\\\/de\\\/produit\\\/hubwagen-r-65\\\/#primaryimage\"},\"thumbnailUrl\":\"https:\\\/\\\/www.ohis.be\\\/wp-content\\\/uploads\\\/2024\\\/08\\\/R65.jpg\",\"datePublished\":\"2024-08-29T11:18:57+00:00\",\"dateModified\":\"2024-09-02T07:45:40+00:00\",\"breadcrumb\":{\"@id\":\"https:\\\/\\\/www.ohis.be\\\/de\\\/produit\\\/hubwagen-r-65\\\/#breadcrumb\"},\"inLanguage\":\"de\",\"potentialAction\":[{\"@type\":\"ReadAction\",\"target\":[\"https:\\\/\\\/www.ohis.be\\\/de\\\/produit\\\/hubwagen-r-65\\\/\"]}]},{\"@type\":\"ImageObject\",\"inLanguage\":\"de\",\"@id\":\"https:\\\/\\\/www.ohis.be\\\/de\\\/produit\\\/hubwagen-r-65\\\/#primaryimage\",\"url\":\"https:\\\/\\\/www.ohis.be\\\/wp-content\\\/uploads\\\/2024\\\/08\\\/R65.jpg\",\"contentUrl\":\"https:\\\/\\\/www.ohis.be\\\/wp-content\\\/uploads\\\/2024\\\/08\\\/R65.jpg\",\"width\":547,\"height\":827},{\"@type\":\"BreadcrumbList\",\"@id\":\"https:\\\/\\\/www.ohis.be\\\/de\\\/produit\\\/hubwagen-r-65\\\/#breadcrumb\",\"itemListElement\":[{\"@type\":\"ListItem\",\"position\":1,\"name\":\"Accueil\",\"item\":\"https:\\\/\\\/www.ohis.be\\\/de\\\/\"},{\"@type\":\"ListItem\",\"position\":2,\"name\":\"Produkte\",\"item\":\"https:\\\/\\\/www.ohis.be\\\/de\\\/produkte\\\/\"},{\"@type\":\"ListItem\",\"position\":3,\"name\":\"Hubwagen R.65\"}]},{\"@type\":\"WebSite\",\"@id\":\"https:\\\/\\\/www.ohis.be\\\/#website\",\"url\":\"https:\\\/\\\/www.ohis.be\\\/\",\"name\":\"Ohis\",\"description\":\"Outils de levage\",\"publisher\":{\"@id\":\"https:\\\/\\\/www.ohis.be\\\/#organization\"},\"potentialAction\":[{\"@type\":\"SearchAction\",\"target\":{\"@type\":\"EntryPoint\",\"urlTemplate\":\"https:\\\/\\\/www.ohis.be\\\/?s={search_term_string}\"},\"query-input\":{\"@type\":\"PropertyValueSpecification\",\"valueRequired\":true,\"valueName\":\"search_term_string\"}}],\"inLanguage\":\"de\"},{\"@type\":\"Organization\",\"@id\":\"https:\\\/\\\/www.ohis.be\\\/#organization\",\"name\":\"Ohis\",\"url\":\"https:\\\/\\\/www.ohis.be\\\/\",\"logo\":{\"@type\":\"ImageObject\",\"inLanguage\":\"de\",\"@id\":\"https:\\\/\\\/www.ohis.be\\\/#\\\/schema\\\/logo\\\/image\\\/\",\"url\":\"https:\\\/\\\/www.ohis.be\\\/wp-content\\\/uploads\\\/2021\\\/02\\\/logo-ohis-wit.svg\",\"contentUrl\":\"https:\\\/\\\/www.ohis.be\\\/wp-content\\\/uploads\\\/2021\\\/02\\\/logo-ohis-wit.svg\",\"caption\":\"Ohis\"},\"image\":{\"@id\":\"https:\\\/\\\/www.ohis.be\\\/#\\\/schema\\\/logo\\\/image\\\/\"}}]}<\/script>\n<!-- \/ Yoast SEO plugin. -->","yoast_head_json":{"title":"Hubwagen R.65 - Ohis","robots":{"index":"index","follow":"follow","max-snippet":"max-snippet:-1","max-image-preview":"max-image-preview:large","max-video-preview":"max-video-preview:-1"},"canonical":"https:\/\/www.ohis.be\/de\/produit\/hubwagen-r-65\/","og_locale":"de_DE","og_type":"article","og_title":"Hubwagen R.65 - Ohis","og_description":"R.65  Unser leicht zu bedienender Stahlhubwagen R.65 ist mit einem elektrischen Hebesystem ausgestattet. Die verschiedenen kompatiblen Fernbedienungen passen sich an das Werkzeug und Ihre spezifischen Bed\u00fcrfnisse an; heben, spannen, neigen... Der Wagen wurde so konzipiert, dass er Wartung und Reparaturen erleichtert. Er ist kompakt und robust, seine Aluminium- und Stahlkonstruktion macht ihn leicht und widerstandsf\u00e4hig. Er kann eine Last von 65 kg bis zu einer H\u00f6he von 160 cm heben. Er eignet sich f\u00fcr den Transport von verschiedenen Lasten wie Kartons, Spulen, Kisten usw. Sein \u00dcberlastbegrenzer sorgt f\u00fcr optimale Sicherheit. Dank seiner beweglichen Vorderr\u00e4der ist er sehr wendig.  Hubkraft: 65 kg. Ausf\u00fchrung: Stahl IP 44 Anzahl der Versionen: 9  Ergonomie Ergonomischer Griff \u201eErgo-Control\u201c: Griff in mehreren Positionen, angepasst an unterschiedliche Morphologien. In den Griff integrierte Fernbedienung f\u00fcr optimale Handhabung. Bremssystem: 3 Positionen f\u00fcr mehr Leichtigkeit (Option).  Sicherheit Quetschschutzsystem: Ausr\u00fcckrolle sichert das Absenken des Werkzeugs. Zuverl\u00e4ssiger Motor, Lastbegrenzer mit verst\u00e4rktem Riemenantrieb. Aluminium- und Stahlversion IP 44.  Flexibilit\u00e4t Robustes und modulares Design. Gro\u00dfe Auswahl an Konfigurationen (F\u00fc\u00dfe, Masten, Leistung). Werkzeughalter, der eine Reihe von mechanischen und elektrischen Werkzeugen mit Schnellwechselsystem aufnehmen kann.  Produktivit\u00e4t Standardm\u00e4\u00dfige Blei-S\u00e4ure-Batterien Hohe Man\u00f6vrierf\u00e4higkeit dank kugelgelagerter ABS-R\u00e4der. Innovatives Design verleiht ihm eine hohe Benutzerfreundlichkeit. Zahlreiche m\u00f6gliche Optionen: Werkzeug-Schnellwechsel-Kit, konstantes Niveau...  Der R.65 ist aus Stahl gefertigt und h\u00e4lt h\u00e4rtesten Anforderungen stand, ohne dabei seine ergonomische Integrit\u00e4t zu verlieren. Seine robuste Konstruktion garantiert eine lange Lebensdauer und macht ihn zu einem zuverl\u00e4ssigen Begleiter bei Ihren t\u00e4glichen Aufgaben. Der R.65 zeichnet sich durch sein ergonomisches Design aus, das akribisch ausgearbeitet wurde, um dem Komfort und der Sicherheit des Benutzers Vorrang einzur\u00e4umen. Ausgestattet mit ergonomischen Griffen und einstellbaren Funktionen minimiert dieser Wagen die Belastung des K\u00f6rpers und verringert so das Risiko von Arbeitsunf\u00e4llen, die mit dem Umgang mit schweren Lasten verbunden sind.  BESCHREIBUNG R.65 CMU 65 Kg Material Stahl Rostfreier Stahl Art der Bedienung Fernbedienung Batterieanzeige Auf der Fernbedienung Batterie Typ 2 AGM (Tot: 24 V - 9 Ah). Externes Ladeger\u00e4t - 230 V - 50\/60 Hz. Anzahl der Zyklen 1450 bis 250 Zyklen Ladezeit 7,5 Stunden f\u00fcr 100%","og_url":"https:\/\/www.ohis.be\/de\/produit\/hubwagen-r-65\/","og_site_name":"Ohis","article_modified_time":"2024-09-02T07:45:40+00:00","og_image":[{"width":547,"height":827,"url":"https:\/\/www.ohis.be\/wp-content\/uploads\/2024\/08\/R65.jpg","type":"image\/jpeg"}],"twitter_card":"summary_large_image","twitter_misc":{"Gesch\u00e4tzte Lesezeit":"2\u00a0Minuten"},"schema":{"@context":"https:\/\/schema.org","@graph":[{"@type":"WebPage","@id":"https:\/\/www.ohis.be\/de\/produit\/hubwagen-r-65\/","url":"https:\/\/www.ohis.be\/de\/produit\/hubwagen-r-65\/","name":"Hubwagen R.65 - Ohis","isPartOf":{"@id":"https:\/\/www.ohis.be\/#website"},"primaryImageOfPage":{"@id":"https:\/\/www.ohis.be\/de\/produit\/hubwagen-r-65\/#primaryimage"},"image":{"@id":"https:\/\/www.ohis.be\/de\/produit\/hubwagen-r-65\/#primaryimage"},"thumbnailUrl":"https:\/\/www.ohis.be\/wp-content\/uploads\/2024\/08\/R65.jpg","datePublished":"2024-08-29T11:18:57+00:00","dateModified":"2024-09-02T07:45:40+00:00","breadcrumb":{"@id":"https:\/\/www.ohis.be\/de\/produit\/hubwagen-r-65\/#breadcrumb"},"inLanguage":"de","potentialAction":[{"@type":"ReadAction","target":["https:\/\/www.ohis.be\/de\/produit\/hubwagen-r-65\/"]}]},{"@type":"ImageObject","inLanguage":"de","@id":"https:\/\/www.ohis.be\/de\/produit\/hubwagen-r-65\/#primaryimage","url":"https:\/\/www.ohis.be\/wp-content\/uploads\/2024\/08\/R65.jpg","contentUrl":"https:\/\/www.ohis.be\/wp-content\/uploads\/2024\/08\/R65.jpg","width":547,"height":827},{"@type":"BreadcrumbList","@id":"https:\/\/www.ohis.be\/de\/produit\/hubwagen-r-65\/#breadcrumb","itemListElement":[{"@type":"ListItem","position":1,"name":"Accueil","item":"https:\/\/www.ohis.be\/de\/"},{"@type":"ListItem","position":2,"name":"Produkte","item":"https:\/\/www.ohis.be\/de\/produkte\/"},{"@type":"ListItem","position":3,"name":"Hubwagen R.65"}]},{"@type":"WebSite","@id":"https:\/\/www.ohis.be\/#website","url":"https:\/\/www.ohis.be\/","name":"Ohis","description":"Outils de levage","publisher":{"@id":"https:\/\/www.ohis.be\/#organization"},"potentialAction":[{"@type":"SearchAction","target":{"@type":"EntryPoint","urlTemplate":"https:\/\/www.ohis.be\/?s={search_term_string}"},"query-input":{"@type":"PropertyValueSpecification","valueRequired":true,"valueName":"search_term_string"}}],"inLanguage":"de"},{"@type":"Organization","@id":"https:\/\/www.ohis.be\/#organization","name":"Ohis","url":"https:\/\/www.ohis.be\/","logo":{"@type":"ImageObject","inLanguage":"de","@id":"https:\/\/www.ohis.be\/#\/schema\/logo\/image\/","url":"https:\/\/www.ohis.be\/wp-content\/uploads\/2021\/02\/logo-ohis-wit.svg","contentUrl":"https:\/\/www.ohis.be\/wp-content\/uploads\/2021\/02\/logo-ohis-wit.svg","caption":"Ohis"},"image":{"@id":"https:\/\/www.ohis.be\/#\/schema\/logo\/image\/"}}]}},"_links":{"self":[{"href":"https:\/\/www.ohis.be\/de\/wp-json\/wp\/v2\/product\/57329","targetHints":{"allow":["GET"]}}],"collection":[{"href":"https:\/\/www.ohis.be\/de\/wp-json\/wp\/v2\/product"}],"about":[{"href":"https:\/\/www.ohis.be\/de\/wp-json\/wp\/v2\/types\/product"}],"wp:featuredmedia":[{"embeddable":true,"href":"https:\/\/www.ohis.be\/de\/wp-json\/wp\/v2\/media\/57017"}],"wp:attachment":[{"href":"https:\/\/www.ohis.be\/de\/wp-json\/wp\/v2\/media?parent=57329"}],"wp:term":[{"taxonomy":"product_brand","embeddable":true,"href":"https:\/\/www.ohis.be\/de\/wp-json\/wp\/v2\/product_brand?post=57329"},{"taxonomy":"product_cat","embeddable":true,"href":"https:\/\/www.ohis.be\/de\/wp-json\/wp\/v2\/product_cat?post=57329"},{"taxonomy":"product_tag","embeddable":true,"href":"https:\/\/www.ohis.be\/de\/wp-json\/wp\/v2\/product_tag?post=57329"}],"curies":[{"name":"wp","href":"https:\/\/api.w.org\/{rel}","templated":true}]}}