{"id":57306,"date":"2024-08-29T11:23:53","date_gmt":"2024-08-29T09:23:53","guid":{"rendered":"https:\/\/www.ohis.be\/produit\/tube-lift-sl\/"},"modified":"2024-08-29T11:23:53","modified_gmt":"2024-08-29T09:23:53","slug":"tube-lift-sl","status":"publish","type":"product","link":"https:\/\/www.ohis.be\/de\/produit\/tube-lift-sl\/","title":{"rendered":"Tube Lift SL"},"content":{"rendered":"<p>Mit dem Rohrheber TDL-SL k\u00f6nnen Sie auf ergonomische Weise verschiedene Waren wie S\u00e4cke, Kartons, Kisten oder Platten in H\u00f6hen von \u00fcber 1600 mm und mit einem Gewicht von bis zu 50 kg bewegen.<\/p>\n<p>Unsere TDL-SL-Version l\u00e4sst sich dank eines Griffs mit einem einfingerbedienbaren Abzug sehr leicht mit einer Hand bedienen. Der Griff ist in der L\u00e4nge vollst\u00e4ndig an Ihre speziellen Bed\u00fcrfnisse anpassbar. Beispielsweise kann der Abschnitt unter dem Rohr 500 mm lang sein, w\u00e4hrend der Abschnitt mit dem Bediengriff 400 mm betragen kann.<\/p>\n<p>Der einzigartige Vorteil dieses verl\u00e4ngerten Griffs ist, dass er sowohl von rechts- als auch von linksh\u00e4ndigen Bedienern verwendet werden kann.<\/p>\n","protected":false},"excerpt":{"rendered":"<p>Mit dem Rohrheber TDL-SL k\u00f6nnen Sie auf ergonomische Weise verschiedene Waren wie S\u00e4cke, Kartons, Kisten oder Platten in H\u00f6hen von \u00fcber 1600 mm und mit einem Gewicht von bis zu 50 kg bewegen.<\/p>\n<p>Unsere TDL-SL-Version l\u00e4sst sich dank eines Griffs mit einem einfingerbedienbaren Abzug sehr leicht mit einer Hand bedienen. Der Griff ist in der L\u00e4nge vollst\u00e4ndig an Ihre speziellen Bed\u00fcrfnisse anpassbar. Beispielsweise kann der Abschnitt unter dem Rohr 500 mm lang sein, w\u00e4hrend der Abschnitt mit dem Bediengriff 400 mm betragen kann.<\/p>\n<p>Der einzigartige Vorteil dieses verl\u00e4ngerten Griffs ist, dass er sowohl von rechts- als auch von linksh\u00e4ndigen Bedienern verwendet werden kann.<\/p>\n","protected":false},"featured_media":56972,"template":"","meta":{"_acf_changed":false,"inline_featured_image":false},"product_brand":[],"product_cat":[4163],"product_tag":[],"class_list":{"0":"post-57306","1":"product","2":"type-product","3":"status-publish","4":"has-post-thumbnail","6":"product_cat-vakuum-hebeanlagen","7":"yith_product_brand-reglift-de","9":"first","10":"instock","11":"taxable","12":"shipping-taxable","13":"product-type-simple"},"acf":[],"yoast_head":"<!-- This site is optimized with the Yoast SEO plugin v27.5 - https:\/\/yoast.com\/product\/yoast-seo-wordpress\/ -->\n<title>Tube Lift SL - Ohis<\/title>\n<meta name=\"robots\" content=\"index, follow, max-snippet:-1, max-image-preview:large, max-video-preview:-1\" \/>\n<link rel=\"canonical\" href=\"https:\/\/www.ohis.be\/de\/produit\/tube-lift-sl\/\" \/>\n<meta property=\"og:locale\" content=\"de_DE\" \/>\n<meta property=\"og:type\" content=\"article\" \/>\n<meta property=\"og:title\" content=\"Tube Lift SL - Ohis\" \/>\n<meta property=\"og:description\" content=\"Mit dem Rohrheber TDL-SL k\u00f6nnen Sie auf ergonomische Weise verschiedene Waren wie S\u00e4cke, Kartons, Kisten oder Platten in H\u00f6hen von \u00fcber 1600 mm und mit einem Gewicht von bis zu 50 kg bewegen.  Unsere TDL-SL-Version l\u00e4sst sich dank eines Griffs mit einem einfingerbedienbaren Abzug sehr leicht mit einer Hand bedienen. Der Griff ist in der L\u00e4nge vollst\u00e4ndig an Ihre speziellen Bed\u00fcrfnisse anpassbar. Beispielsweise kann der Abschnitt unter dem Rohr 500 mm lang sein, w\u00e4hrend der Abschnitt mit dem Bediengriff 400 mm betragen kann.  Der einzigartige Vorteil dieses verl\u00e4ngerten Griffs ist, dass er sowohl von rechts- als auch von linksh\u00e4ndigen Bedienern verwendet werden kann.\" \/>\n<meta property=\"og:url\" content=\"https:\/\/www.ohis.be\/de\/produit\/tube-lift-sl\/\" \/>\n<meta property=\"og:site_name\" content=\"Ohis\" \/>\n<meta property=\"og:image\" content=\"https:\/\/www.ohis.be\/wp-content\/uploads\/2024\/08\/Tube-de-levage-SL.jpg\" \/>\n\t<meta property=\"og:image:width\" content=\"692\" \/>\n\t<meta property=\"og:image:height\" content=\"1139\" \/>\n\t<meta property=\"og:image:type\" content=\"image\/jpeg\" \/>\n<meta name=\"twitter:card\" content=\"summary_large_image\" \/>\n<meta name=\"twitter:label1\" content=\"Gesch\u00e4tzte Lesezeit\" \/>\n\t<meta name=\"twitter:data1\" content=\"1\u00a0Minute\" \/>\n<script type=\"application\/ld+json\" class=\"yoast-schema-graph\">{\"@context\":\"https:\\\/\\\/schema.org\",\"@graph\":[{\"@type\":\"WebPage\",\"@id\":\"https:\\\/\\\/www.ohis.be\\\/de\\\/produit\\\/tube-lift-sl\\\/\",\"url\":\"https:\\\/\\\/www.ohis.be\\\/de\\\/produit\\\/tube-lift-sl\\\/\",\"name\":\"Tube Lift SL - Ohis\",\"isPartOf\":{\"@id\":\"https:\\\/\\\/www.ohis.be\\\/#website\"},\"primaryImageOfPage\":{\"@id\":\"https:\\\/\\\/www.ohis.be\\\/de\\\/produit\\\/tube-lift-sl\\\/#primaryimage\"},\"image\":{\"@id\":\"https:\\\/\\\/www.ohis.be\\\/de\\\/produit\\\/tube-lift-sl\\\/#primaryimage\"},\"thumbnailUrl\":\"https:\\\/\\\/www.ohis.be\\\/wp-content\\\/uploads\\\/2024\\\/08\\\/Tube-de-levage-SL.jpg\",\"datePublished\":\"2024-08-29T09:23:53+00:00\",\"breadcrumb\":{\"@id\":\"https:\\\/\\\/www.ohis.be\\\/de\\\/produit\\\/tube-lift-sl\\\/#breadcrumb\"},\"inLanguage\":\"de\",\"potentialAction\":[{\"@type\":\"ReadAction\",\"target\":[\"https:\\\/\\\/www.ohis.be\\\/de\\\/produit\\\/tube-lift-sl\\\/\"]}]},{\"@type\":\"ImageObject\",\"inLanguage\":\"de\",\"@id\":\"https:\\\/\\\/www.ohis.be\\\/de\\\/produit\\\/tube-lift-sl\\\/#primaryimage\",\"url\":\"https:\\\/\\\/www.ohis.be\\\/wp-content\\\/uploads\\\/2024\\\/08\\\/Tube-de-levage-SL.jpg\",\"contentUrl\":\"https:\\\/\\\/www.ohis.be\\\/wp-content\\\/uploads\\\/2024\\\/08\\\/Tube-de-levage-SL.jpg\",\"width\":692,\"height\":1139,\"caption\":\"Tube de levage SL\"},{\"@type\":\"BreadcrumbList\",\"@id\":\"https:\\\/\\\/www.ohis.be\\\/de\\\/produit\\\/tube-lift-sl\\\/#breadcrumb\",\"itemListElement\":[{\"@type\":\"ListItem\",\"position\":1,\"name\":\"Accueil\",\"item\":\"https:\\\/\\\/www.ohis.be\\\/de\\\/\"},{\"@type\":\"ListItem\",\"position\":2,\"name\":\"Produkte\",\"item\":\"https:\\\/\\\/www.ohis.be\\\/de\\\/produkte\\\/\"},{\"@type\":\"ListItem\",\"position\":3,\"name\":\"Tube Lift SL\"}]},{\"@type\":\"WebSite\",\"@id\":\"https:\\\/\\\/www.ohis.be\\\/#website\",\"url\":\"https:\\\/\\\/www.ohis.be\\\/\",\"name\":\"Ohis\",\"description\":\"Outils de levage\",\"publisher\":{\"@id\":\"https:\\\/\\\/www.ohis.be\\\/#organization\"},\"potentialAction\":[{\"@type\":\"SearchAction\",\"target\":{\"@type\":\"EntryPoint\",\"urlTemplate\":\"https:\\\/\\\/www.ohis.be\\\/?s={search_term_string}\"},\"query-input\":{\"@type\":\"PropertyValueSpecification\",\"valueRequired\":true,\"valueName\":\"search_term_string\"}}],\"inLanguage\":\"de\"},{\"@type\":\"Organization\",\"@id\":\"https:\\\/\\\/www.ohis.be\\\/#organization\",\"name\":\"Ohis\",\"url\":\"https:\\\/\\\/www.ohis.be\\\/\",\"logo\":{\"@type\":\"ImageObject\",\"inLanguage\":\"de\",\"@id\":\"https:\\\/\\\/www.ohis.be\\\/#\\\/schema\\\/logo\\\/image\\\/\",\"url\":\"https:\\\/\\\/www.ohis.be\\\/wp-content\\\/uploads\\\/2021\\\/02\\\/logo-ohis-wit.svg\",\"contentUrl\":\"https:\\\/\\\/www.ohis.be\\\/wp-content\\\/uploads\\\/2021\\\/02\\\/logo-ohis-wit.svg\",\"caption\":\"Ohis\"},\"image\":{\"@id\":\"https:\\\/\\\/www.ohis.be\\\/#\\\/schema\\\/logo\\\/image\\\/\"}}]}<\/script>\n<!-- \/ Yoast SEO plugin. -->","yoast_head_json":{"title":"Tube Lift SL - Ohis","robots":{"index":"index","follow":"follow","max-snippet":"max-snippet:-1","max-image-preview":"max-image-preview:large","max-video-preview":"max-video-preview:-1"},"canonical":"https:\/\/www.ohis.be\/de\/produit\/tube-lift-sl\/","og_locale":"de_DE","og_type":"article","og_title":"Tube Lift SL - Ohis","og_description":"Mit dem Rohrheber TDL-SL k\u00f6nnen Sie auf ergonomische Weise verschiedene Waren wie S\u00e4cke, Kartons, Kisten oder Platten in H\u00f6hen von \u00fcber 1600 mm und mit einem Gewicht von bis zu 50 kg bewegen.  Unsere TDL-SL-Version l\u00e4sst sich dank eines Griffs mit einem einfingerbedienbaren Abzug sehr leicht mit einer Hand bedienen. Der Griff ist in der L\u00e4nge vollst\u00e4ndig an Ihre speziellen Bed\u00fcrfnisse anpassbar. Beispielsweise kann der Abschnitt unter dem Rohr 500 mm lang sein, w\u00e4hrend der Abschnitt mit dem Bediengriff 400 mm betragen kann.  Der einzigartige Vorteil dieses verl\u00e4ngerten Griffs ist, dass er sowohl von rechts- als auch von linksh\u00e4ndigen Bedienern verwendet werden kann.","og_url":"https:\/\/www.ohis.be\/de\/produit\/tube-lift-sl\/","og_site_name":"Ohis","og_image":[{"width":692,"height":1139,"url":"https:\/\/www.ohis.be\/wp-content\/uploads\/2024\/08\/Tube-de-levage-SL.jpg","type":"image\/jpeg"}],"twitter_card":"summary_large_image","twitter_misc":{"Gesch\u00e4tzte Lesezeit":"1\u00a0Minute"},"schema":{"@context":"https:\/\/schema.org","@graph":[{"@type":"WebPage","@id":"https:\/\/www.ohis.be\/de\/produit\/tube-lift-sl\/","url":"https:\/\/www.ohis.be\/de\/produit\/tube-lift-sl\/","name":"Tube Lift SL - Ohis","isPartOf":{"@id":"https:\/\/www.ohis.be\/#website"},"primaryImageOfPage":{"@id":"https:\/\/www.ohis.be\/de\/produit\/tube-lift-sl\/#primaryimage"},"image":{"@id":"https:\/\/www.ohis.be\/de\/produit\/tube-lift-sl\/#primaryimage"},"thumbnailUrl":"https:\/\/www.ohis.be\/wp-content\/uploads\/2024\/08\/Tube-de-levage-SL.jpg","datePublished":"2024-08-29T09:23:53+00:00","breadcrumb":{"@id":"https:\/\/www.ohis.be\/de\/produit\/tube-lift-sl\/#breadcrumb"},"inLanguage":"de","potentialAction":[{"@type":"ReadAction","target":["https:\/\/www.ohis.be\/de\/produit\/tube-lift-sl\/"]}]},{"@type":"ImageObject","inLanguage":"de","@id":"https:\/\/www.ohis.be\/de\/produit\/tube-lift-sl\/#primaryimage","url":"https:\/\/www.ohis.be\/wp-content\/uploads\/2024\/08\/Tube-de-levage-SL.jpg","contentUrl":"https:\/\/www.ohis.be\/wp-content\/uploads\/2024\/08\/Tube-de-levage-SL.jpg","width":692,"height":1139,"caption":"Tube de levage SL"},{"@type":"BreadcrumbList","@id":"https:\/\/www.ohis.be\/de\/produit\/tube-lift-sl\/#breadcrumb","itemListElement":[{"@type":"ListItem","position":1,"name":"Accueil","item":"https:\/\/www.ohis.be\/de\/"},{"@type":"ListItem","position":2,"name":"Produkte","item":"https:\/\/www.ohis.be\/de\/produkte\/"},{"@type":"ListItem","position":3,"name":"Tube Lift SL"}]},{"@type":"WebSite","@id":"https:\/\/www.ohis.be\/#website","url":"https:\/\/www.ohis.be\/","name":"Ohis","description":"Outils de levage","publisher":{"@id":"https:\/\/www.ohis.be\/#organization"},"potentialAction":[{"@type":"SearchAction","target":{"@type":"EntryPoint","urlTemplate":"https:\/\/www.ohis.be\/?s={search_term_string}"},"query-input":{"@type":"PropertyValueSpecification","valueRequired":true,"valueName":"search_term_string"}}],"inLanguage":"de"},{"@type":"Organization","@id":"https:\/\/www.ohis.be\/#organization","name":"Ohis","url":"https:\/\/www.ohis.be\/","logo":{"@type":"ImageObject","inLanguage":"de","@id":"https:\/\/www.ohis.be\/#\/schema\/logo\/image\/","url":"https:\/\/www.ohis.be\/wp-content\/uploads\/2021\/02\/logo-ohis-wit.svg","contentUrl":"https:\/\/www.ohis.be\/wp-content\/uploads\/2021\/02\/logo-ohis-wit.svg","caption":"Ohis"},"image":{"@id":"https:\/\/www.ohis.be\/#\/schema\/logo\/image\/"}}]}},"_links":{"self":[{"href":"https:\/\/www.ohis.be\/de\/wp-json\/wp\/v2\/product\/57306","targetHints":{"allow":["GET"]}}],"collection":[{"href":"https:\/\/www.ohis.be\/de\/wp-json\/wp\/v2\/product"}],"about":[{"href":"https:\/\/www.ohis.be\/de\/wp-json\/wp\/v2\/types\/product"}],"wp:featuredmedia":[{"embeddable":true,"href":"https:\/\/www.ohis.be\/de\/wp-json\/wp\/v2\/media\/56972"}],"wp:attachment":[{"href":"https:\/\/www.ohis.be\/de\/wp-json\/wp\/v2\/media?parent=57306"}],"wp:term":[{"taxonomy":"product_brand","embeddable":true,"href":"https:\/\/www.ohis.be\/de\/wp-json\/wp\/v2\/product_brand?post=57306"},{"taxonomy":"product_cat","embeddable":true,"href":"https:\/\/www.ohis.be\/de\/wp-json\/wp\/v2\/product_cat?post=57306"},{"taxonomy":"product_tag","embeddable":true,"href":"https:\/\/www.ohis.be\/de\/wp-json\/wp\/v2\/product_tag?post=57306"}],"curies":[{"name":"wp","href":"https:\/\/api.w.org\/{rel}","templated":true}]}}