{"id":57294,"date":"2024-08-29T11:20:33","date_gmt":"2024-08-29T09:20:33","guid":{"rendered":"https:\/\/www.ohis.be\/produit\/tube-lift-ql\/"},"modified":"2024-08-29T11:20:33","modified_gmt":"2024-08-29T09:20:33","slug":"tube-lift-ql","status":"publish","type":"product","link":"https:\/\/www.ohis.be\/de\/produit\/tube-lift-ql\/","title":{"rendered":"Tube Lift QL"},"content":{"rendered":"<p>Mit dem Tube Lift QL k\u00f6nnen Sie auf ergonomische Weise eine Vielzahl von G\u00fctern wie S\u00e4cke, Kartons, Kisten oder Platten mit einem Gewicht von bis zu 65 kg bewegen.<\/p>\n<p>Unsere QL-Version ist sehr einfach mit einer Hand zu bedienen. Diese Version wurde f\u00fcr die Einhandbedienung konzipiert und erm\u00f6glicht eine schnelle und komfortable Handhabung, wodurch hohe Taktraten gew\u00e4hrleistet werden. Der ergonomische Griff macht die Handhabung von Lasten intuitiv.<\/p>\n<p>Wir bieten verschiedene Schlauchdurchmesser und einstellbare Pumpen an, um verschiedene Lastkapazit\u00e4ten zu bew\u00e4ltigen. Eine Reihe von Standard- und ma\u00dfgeschneiderten Werkzeugen ist verf\u00fcgbar, um Ihren Bed\u00fcrfnissen bestm\u00f6glich gerecht zu werden.<\/p>\n","protected":false},"excerpt":{"rendered":"<p>Mit dem Tube Lift QL k\u00f6nnen Sie auf ergonomische Weise eine Vielzahl von G\u00fctern wie S\u00e4cke, Kartons, Kisten oder Platten mit einem Gewicht von bis zu 65 kg bewegen.<\/p>\n<p>Unsere QL-Version ist sehr einfach mit einer Hand zu bedienen. Diese Version wurde f\u00fcr die Einhandbedienung konzipiert und erm\u00f6glicht eine schnelle und komfortable Handhabung, wodurch hohe Taktraten gew\u00e4hrleistet werden. Der ergonomische Griff macht die Handhabung von Lasten intuitiv.<\/p>\n<p>Wir bieten verschiedene Schlauchdurchmesser und einstellbare Pumpen an, um verschiedene Lastkapazit\u00e4ten zu bew\u00e4ltigen. Eine Reihe von Standard- und ma\u00dfgeschneiderten Werkzeugen ist verf\u00fcgbar, um Ihren Bed\u00fcrfnissen bestm\u00f6glich gerecht zu werden.<\/p>\n","protected":false},"featured_media":56963,"template":"","meta":{"_acf_changed":false,"inline_featured_image":false},"product_brand":[],"product_cat":[4163],"product_tag":[],"class_list":{"0":"post-57294","1":"product","2":"type-product","3":"status-publish","4":"has-post-thumbnail","6":"product_cat-vakuum-hebeanlagen","7":"yith_product_brand-reglift-de","9":"first","10":"instock","11":"taxable","12":"shipping-taxable","13":"product-type-simple"},"acf":[],"yoast_head":"<!-- This site is optimized with the Yoast SEO plugin v27.5 - https:\/\/yoast.com\/product\/yoast-seo-wordpress\/ -->\n<title>Tube Lift QL - Ohis<\/title>\n<meta name=\"robots\" content=\"index, follow, max-snippet:-1, max-image-preview:large, max-video-preview:-1\" \/>\n<link rel=\"canonical\" href=\"https:\/\/www.ohis.be\/de\/produit\/tube-lift-ql\/\" \/>\n<meta property=\"og:locale\" content=\"de_DE\" \/>\n<meta property=\"og:type\" content=\"article\" \/>\n<meta property=\"og:title\" content=\"Tube Lift QL - Ohis\" \/>\n<meta property=\"og:description\" content=\"Mit dem Tube Lift QL k\u00f6nnen Sie auf ergonomische Weise eine Vielzahl von G\u00fctern wie S\u00e4cke, Kartons, Kisten oder Platten mit einem Gewicht von bis zu 65 kg bewegen.  Unsere QL-Version ist sehr einfach mit einer Hand zu bedienen. Diese Version wurde f\u00fcr die Einhandbedienung konzipiert und erm\u00f6glicht eine schnelle und komfortable Handhabung, wodurch hohe Taktraten gew\u00e4hrleistet werden. Der ergonomische Griff macht die Handhabung von Lasten intuitiv.  Wir bieten verschiedene Schlauchdurchmesser und einstellbare Pumpen an, um verschiedene Lastkapazit\u00e4ten zu bew\u00e4ltigen. Eine Reihe von Standard- und ma\u00dfgeschneiderten Werkzeugen ist verf\u00fcgbar, um Ihren Bed\u00fcrfnissen bestm\u00f6glich gerecht zu werden.\" \/>\n<meta property=\"og:url\" content=\"https:\/\/www.ohis.be\/de\/produit\/tube-lift-ql\/\" \/>\n<meta property=\"og:site_name\" content=\"Ohis\" \/>\n<meta property=\"og:image\" content=\"https:\/\/www.ohis.be\/wp-content\/uploads\/2024\/08\/Tube-de-levage-QL.jpg\" \/>\n\t<meta property=\"og:image:width\" content=\"781\" \/>\n\t<meta property=\"og:image:height\" content=\"840\" \/>\n\t<meta property=\"og:image:type\" content=\"image\/jpeg\" \/>\n<meta name=\"twitter:card\" content=\"summary_large_image\" \/>\n<meta name=\"twitter:label1\" content=\"Gesch\u00e4tzte Lesezeit\" \/>\n\t<meta name=\"twitter:data1\" content=\"1\u00a0Minute\" \/>\n<script type=\"application\/ld+json\" class=\"yoast-schema-graph\">{\"@context\":\"https:\\\/\\\/schema.org\",\"@graph\":[{\"@type\":\"WebPage\",\"@id\":\"https:\\\/\\\/www.ohis.be\\\/de\\\/produit\\\/tube-lift-ql\\\/\",\"url\":\"https:\\\/\\\/www.ohis.be\\\/de\\\/produit\\\/tube-lift-ql\\\/\",\"name\":\"Tube Lift QL - Ohis\",\"isPartOf\":{\"@id\":\"https:\\\/\\\/www.ohis.be\\\/#website\"},\"primaryImageOfPage\":{\"@id\":\"https:\\\/\\\/www.ohis.be\\\/de\\\/produit\\\/tube-lift-ql\\\/#primaryimage\"},\"image\":{\"@id\":\"https:\\\/\\\/www.ohis.be\\\/de\\\/produit\\\/tube-lift-ql\\\/#primaryimage\"},\"thumbnailUrl\":\"https:\\\/\\\/www.ohis.be\\\/wp-content\\\/uploads\\\/2024\\\/08\\\/Tube-de-levage-QL.jpg\",\"datePublished\":\"2024-08-29T09:20:33+00:00\",\"breadcrumb\":{\"@id\":\"https:\\\/\\\/www.ohis.be\\\/de\\\/produit\\\/tube-lift-ql\\\/#breadcrumb\"},\"inLanguage\":\"de\",\"potentialAction\":[{\"@type\":\"ReadAction\",\"target\":[\"https:\\\/\\\/www.ohis.be\\\/de\\\/produit\\\/tube-lift-ql\\\/\"]}]},{\"@type\":\"ImageObject\",\"inLanguage\":\"de\",\"@id\":\"https:\\\/\\\/www.ohis.be\\\/de\\\/produit\\\/tube-lift-ql\\\/#primaryimage\",\"url\":\"https:\\\/\\\/www.ohis.be\\\/wp-content\\\/uploads\\\/2024\\\/08\\\/Tube-de-levage-QL.jpg\",\"contentUrl\":\"https:\\\/\\\/www.ohis.be\\\/wp-content\\\/uploads\\\/2024\\\/08\\\/Tube-de-levage-QL.jpg\",\"width\":781,\"height\":840,\"caption\":\"Tube de levage QL\"},{\"@type\":\"BreadcrumbList\",\"@id\":\"https:\\\/\\\/www.ohis.be\\\/de\\\/produit\\\/tube-lift-ql\\\/#breadcrumb\",\"itemListElement\":[{\"@type\":\"ListItem\",\"position\":1,\"name\":\"Accueil\",\"item\":\"https:\\\/\\\/www.ohis.be\\\/de\\\/\"},{\"@type\":\"ListItem\",\"position\":2,\"name\":\"Produkte\",\"item\":\"https:\\\/\\\/www.ohis.be\\\/de\\\/produkte\\\/\"},{\"@type\":\"ListItem\",\"position\":3,\"name\":\"Tube Lift QL\"}]},{\"@type\":\"WebSite\",\"@id\":\"https:\\\/\\\/www.ohis.be\\\/#website\",\"url\":\"https:\\\/\\\/www.ohis.be\\\/\",\"name\":\"Ohis\",\"description\":\"Outils de levage\",\"publisher\":{\"@id\":\"https:\\\/\\\/www.ohis.be\\\/#organization\"},\"potentialAction\":[{\"@type\":\"SearchAction\",\"target\":{\"@type\":\"EntryPoint\",\"urlTemplate\":\"https:\\\/\\\/www.ohis.be\\\/?s={search_term_string}\"},\"query-input\":{\"@type\":\"PropertyValueSpecification\",\"valueRequired\":true,\"valueName\":\"search_term_string\"}}],\"inLanguage\":\"de\"},{\"@type\":\"Organization\",\"@id\":\"https:\\\/\\\/www.ohis.be\\\/#organization\",\"name\":\"Ohis\",\"url\":\"https:\\\/\\\/www.ohis.be\\\/\",\"logo\":{\"@type\":\"ImageObject\",\"inLanguage\":\"de\",\"@id\":\"https:\\\/\\\/www.ohis.be\\\/#\\\/schema\\\/logo\\\/image\\\/\",\"url\":\"https:\\\/\\\/www.ohis.be\\\/wp-content\\\/uploads\\\/2021\\\/02\\\/logo-ohis-wit.svg\",\"contentUrl\":\"https:\\\/\\\/www.ohis.be\\\/wp-content\\\/uploads\\\/2021\\\/02\\\/logo-ohis-wit.svg\",\"caption\":\"Ohis\"},\"image\":{\"@id\":\"https:\\\/\\\/www.ohis.be\\\/#\\\/schema\\\/logo\\\/image\\\/\"}}]}<\/script>\n<!-- \/ Yoast SEO plugin. -->","yoast_head_json":{"title":"Tube Lift QL - Ohis","robots":{"index":"index","follow":"follow","max-snippet":"max-snippet:-1","max-image-preview":"max-image-preview:large","max-video-preview":"max-video-preview:-1"},"canonical":"https:\/\/www.ohis.be\/de\/produit\/tube-lift-ql\/","og_locale":"de_DE","og_type":"article","og_title":"Tube Lift QL - Ohis","og_description":"Mit dem Tube Lift QL k\u00f6nnen Sie auf ergonomische Weise eine Vielzahl von G\u00fctern wie S\u00e4cke, Kartons, Kisten oder Platten mit einem Gewicht von bis zu 65 kg bewegen.  Unsere QL-Version ist sehr einfach mit einer Hand zu bedienen. Diese Version wurde f\u00fcr die Einhandbedienung konzipiert und erm\u00f6glicht eine schnelle und komfortable Handhabung, wodurch hohe Taktraten gew\u00e4hrleistet werden. Der ergonomische Griff macht die Handhabung von Lasten intuitiv.  Wir bieten verschiedene Schlauchdurchmesser und einstellbare Pumpen an, um verschiedene Lastkapazit\u00e4ten zu bew\u00e4ltigen. Eine Reihe von Standard- und ma\u00dfgeschneiderten Werkzeugen ist verf\u00fcgbar, um Ihren Bed\u00fcrfnissen bestm\u00f6glich gerecht zu werden.","og_url":"https:\/\/www.ohis.be\/de\/produit\/tube-lift-ql\/","og_site_name":"Ohis","og_image":[{"width":781,"height":840,"url":"https:\/\/www.ohis.be\/wp-content\/uploads\/2024\/08\/Tube-de-levage-QL.jpg","type":"image\/jpeg"}],"twitter_card":"summary_large_image","twitter_misc":{"Gesch\u00e4tzte Lesezeit":"1\u00a0Minute"},"schema":{"@context":"https:\/\/schema.org","@graph":[{"@type":"WebPage","@id":"https:\/\/www.ohis.be\/de\/produit\/tube-lift-ql\/","url":"https:\/\/www.ohis.be\/de\/produit\/tube-lift-ql\/","name":"Tube Lift QL - Ohis","isPartOf":{"@id":"https:\/\/www.ohis.be\/#website"},"primaryImageOfPage":{"@id":"https:\/\/www.ohis.be\/de\/produit\/tube-lift-ql\/#primaryimage"},"image":{"@id":"https:\/\/www.ohis.be\/de\/produit\/tube-lift-ql\/#primaryimage"},"thumbnailUrl":"https:\/\/www.ohis.be\/wp-content\/uploads\/2024\/08\/Tube-de-levage-QL.jpg","datePublished":"2024-08-29T09:20:33+00:00","breadcrumb":{"@id":"https:\/\/www.ohis.be\/de\/produit\/tube-lift-ql\/#breadcrumb"},"inLanguage":"de","potentialAction":[{"@type":"ReadAction","target":["https:\/\/www.ohis.be\/de\/produit\/tube-lift-ql\/"]}]},{"@type":"ImageObject","inLanguage":"de","@id":"https:\/\/www.ohis.be\/de\/produit\/tube-lift-ql\/#primaryimage","url":"https:\/\/www.ohis.be\/wp-content\/uploads\/2024\/08\/Tube-de-levage-QL.jpg","contentUrl":"https:\/\/www.ohis.be\/wp-content\/uploads\/2024\/08\/Tube-de-levage-QL.jpg","width":781,"height":840,"caption":"Tube de levage QL"},{"@type":"BreadcrumbList","@id":"https:\/\/www.ohis.be\/de\/produit\/tube-lift-ql\/#breadcrumb","itemListElement":[{"@type":"ListItem","position":1,"name":"Accueil","item":"https:\/\/www.ohis.be\/de\/"},{"@type":"ListItem","position":2,"name":"Produkte","item":"https:\/\/www.ohis.be\/de\/produkte\/"},{"@type":"ListItem","position":3,"name":"Tube Lift QL"}]},{"@type":"WebSite","@id":"https:\/\/www.ohis.be\/#website","url":"https:\/\/www.ohis.be\/","name":"Ohis","description":"Outils de levage","publisher":{"@id":"https:\/\/www.ohis.be\/#organization"},"potentialAction":[{"@type":"SearchAction","target":{"@type":"EntryPoint","urlTemplate":"https:\/\/www.ohis.be\/?s={search_term_string}"},"query-input":{"@type":"PropertyValueSpecification","valueRequired":true,"valueName":"search_term_string"}}],"inLanguage":"de"},{"@type":"Organization","@id":"https:\/\/www.ohis.be\/#organization","name":"Ohis","url":"https:\/\/www.ohis.be\/","logo":{"@type":"ImageObject","inLanguage":"de","@id":"https:\/\/www.ohis.be\/#\/schema\/logo\/image\/","url":"https:\/\/www.ohis.be\/wp-content\/uploads\/2021\/02\/logo-ohis-wit.svg","contentUrl":"https:\/\/www.ohis.be\/wp-content\/uploads\/2021\/02\/logo-ohis-wit.svg","caption":"Ohis"},"image":{"@id":"https:\/\/www.ohis.be\/#\/schema\/logo\/image\/"}}]}},"_links":{"self":[{"href":"https:\/\/www.ohis.be\/de\/wp-json\/wp\/v2\/product\/57294","targetHints":{"allow":["GET"]}}],"collection":[{"href":"https:\/\/www.ohis.be\/de\/wp-json\/wp\/v2\/product"}],"about":[{"href":"https:\/\/www.ohis.be\/de\/wp-json\/wp\/v2\/types\/product"}],"wp:featuredmedia":[{"embeddable":true,"href":"https:\/\/www.ohis.be\/de\/wp-json\/wp\/v2\/media\/56963"}],"wp:attachment":[{"href":"https:\/\/www.ohis.be\/de\/wp-json\/wp\/v2\/media?parent=57294"}],"wp:term":[{"taxonomy":"product_brand","embeddable":true,"href":"https:\/\/www.ohis.be\/de\/wp-json\/wp\/v2\/product_brand?post=57294"},{"taxonomy":"product_cat","embeddable":true,"href":"https:\/\/www.ohis.be\/de\/wp-json\/wp\/v2\/product_cat?post=57294"},{"taxonomy":"product_tag","embeddable":true,"href":"https:\/\/www.ohis.be\/de\/wp-json\/wp\/v2\/product_tag?post=57294"}],"curies":[{"name":"wp","href":"https:\/\/api.w.org\/{rel}","templated":true}]}}