{"id":57212,"date":"2024-08-28T16:00:34","date_gmt":"2024-08-28T14:00:34","guid":{"rendered":"https:\/\/www.ohis.be\/produit\/hubwagen-r-55\/"},"modified":"2024-08-28T16:00:34","modified_gmt":"2024-08-28T14:00:34","slug":"hubwagen-r-55","status":"publish","type":"product","link":"https:\/\/www.ohis.be\/de\/produit\/hubwagen-r-55\/","title":{"rendered":"Hubwagen R.55"},"content":{"rendered":"<p>Entdecken Sie den Transportwagen R.55, eine mobile und vielseitige L\u00f6sung, die so konzipiert ist, dass sie sich an alle Arbeitsumgebungen anpasst. Ob Sie in der Lebensmittelindustrie, in Werkst\u00e4tten, B\u00fcros, Apotheken, Bibliotheken oder Superm\u00e4rkten arbeiten, unser Wagen erf\u00fcllt alle Ihre logistischen Anforderungen.<\/p>\n<p>Mit einer Tragf\u00e4higkeit von bis zu 55 kg eignet sich der Wagen R.55 perfekt zum Bewegen von leichten und schweren Gegenst\u00e4nden wie Papierrollen, Getr\u00e4nkekisten und anderen Waren. Sein ergonomisches Design und die verschiedenen integrierten Werkzeuge erleichtern den Transport von Lasten bis zu einer H\u00f6he von 156 cm.<\/p>\n<p>Der leicht zu bedienende und an Ihre Anforderungen anpassbare Transportwagen R.55 ist die ideale L\u00f6sung, um Ihre Waren sicher und m\u00fchelos zu bewegen. Ganz gleich, ob Sie Gegenst\u00e4nde lagern, entnehmen oder bewegen m\u00fcssen, der R.55 hilft Ihnen, Ihre Arbeitseffizienz zu maximieren.<\/p>\n<p>&nbsp;<\/p>\n<p>&nbsp;<\/p>\n","protected":false},"excerpt":{"rendered":"<p>Entdecken Sie den Transportwagen R.55, eine mobile und vielseitige L\u00f6sung, die so konzipiert ist, dass sie sich an alle Arbeitsumgebungen anpasst. Ob Sie in der Lebensmittelindustrie, in Werkst\u00e4tten, B\u00fcros, Apotheken, Bibliotheken oder Superm\u00e4rkten arbeiten, unser Wagen erf\u00fcllt alle Ihre logistischen Anforderungen.<\/p>\n<p>Mit einer Tragf\u00e4higkeit von bis zu 55 kg eignet sich der Wagen R.55 perfekt zum Bewegen von leichten und schweren Gegenst\u00e4nden wie Papierrollen, Getr\u00e4nkekisten und anderen Waren. Sein ergonomisches Design und die verschiedenen integrierten Werkzeuge erleichtern den Transport von Lasten bis zu einer H\u00f6he von 156 cm.<\/p>\n<p>Der leicht zu bedienende und an Ihre Anforderungen anpassbare Transportwagen R.55 ist die ideale L\u00f6sung, um Ihre Waren sicher und m\u00fchelos zu bewegen. Ganz gleich, ob Sie Gegenst\u00e4nde lagern, entnehmen oder bewegen m\u00fcssen, der R.55 hilft Ihnen, Ihre Arbeitseffizienz zu maximieren.<\/p>\n<p>&nbsp;<\/p>\n","protected":false},"featured_media":56821,"template":"","meta":{"_acf_changed":false,"inline_featured_image":false},"product_brand":[],"product_cat":[4156],"product_tag":[],"class_list":{"0":"post-57212","1":"product","2":"type-product","3":"status-publish","4":"has-post-thumbnail","6":"product_cat-ergonomischen-fordergeraten","7":"yith_product_brand-reglift-de","9":"first","10":"instock","11":"taxable","12":"shipping-taxable","13":"product-type-simple"},"acf":[],"yoast_head":"<!-- This site is optimized with the Yoast SEO plugin v27.5 - https:\/\/yoast.com\/product\/yoast-seo-wordpress\/ -->\n<title>Hubwagen R.55 - Ohis<\/title>\n<meta name=\"robots\" content=\"index, follow, max-snippet:-1, max-image-preview:large, max-video-preview:-1\" \/>\n<link rel=\"canonical\" href=\"https:\/\/www.ohis.be\/de\/produit\/hubwagen-r-55\/\" \/>\n<meta property=\"og:locale\" content=\"de_DE\" \/>\n<meta property=\"og:type\" content=\"article\" \/>\n<meta property=\"og:title\" content=\"Hubwagen R.55 - Ohis\" \/>\n<meta property=\"og:description\" content=\"Entdecken Sie den Transportwagen R.55, eine mobile und vielseitige L\u00f6sung, die so konzipiert ist, dass sie sich an alle Arbeitsumgebungen anpasst. Ob Sie in der Lebensmittelindustrie, in Werkst\u00e4tten, B\u00fcros, Apotheken, Bibliotheken oder Superm\u00e4rkten arbeiten, unser Wagen erf\u00fcllt alle Ihre logistischen Anforderungen.  Mit einer Tragf\u00e4higkeit von bis zu 55 kg eignet sich der Wagen R.55 perfekt zum Bewegen von leichten und schweren Gegenst\u00e4nden wie Papierrollen, Getr\u00e4nkekisten und anderen Waren. Sein ergonomisches Design und die verschiedenen integrierten Werkzeuge erleichtern den Transport von Lasten bis zu einer H\u00f6he von 156 cm.  Der leicht zu bedienende und an Ihre Anforderungen anpassbare Transportwagen R.55 ist die ideale L\u00f6sung, um Ihre Waren sicher und m\u00fchelos zu bewegen. Ganz gleich, ob Sie Gegenst\u00e4nde lagern, entnehmen oder bewegen m\u00fcssen, der R.55 hilft Ihnen, Ihre Arbeitseffizienz zu maximieren.  &nbsp;\" \/>\n<meta property=\"og:url\" content=\"https:\/\/www.ohis.be\/de\/produit\/hubwagen-r-55\/\" \/>\n<meta property=\"og:site_name\" content=\"Ohis\" \/>\n<meta property=\"og:image\" content=\"https:\/\/www.ohis.be\/wp-content\/uploads\/2024\/08\/R.55-M-droite.png\" \/>\n\t<meta property=\"og:image:width\" content=\"264\" \/>\n\t<meta property=\"og:image:height\" content=\"546\" \/>\n\t<meta property=\"og:image:type\" content=\"image\/png\" \/>\n<meta name=\"twitter:card\" content=\"summary_large_image\" \/>\n<meta name=\"twitter:label1\" content=\"Gesch\u00e4tzte Lesezeit\" \/>\n\t<meta name=\"twitter:data1\" content=\"1\u00a0Minute\" \/>\n<script type=\"application\/ld+json\" class=\"yoast-schema-graph\">{\"@context\":\"https:\\\/\\\/schema.org\",\"@graph\":[{\"@type\":\"WebPage\",\"@id\":\"https:\\\/\\\/www.ohis.be\\\/de\\\/produit\\\/hubwagen-r-55\\\/\",\"url\":\"https:\\\/\\\/www.ohis.be\\\/de\\\/produit\\\/hubwagen-r-55\\\/\",\"name\":\"Hubwagen R.55 - Ohis\",\"isPartOf\":{\"@id\":\"https:\\\/\\\/www.ohis.be\\\/de\\\/#website\"},\"primaryImageOfPage\":{\"@id\":\"https:\\\/\\\/www.ohis.be\\\/de\\\/produit\\\/hubwagen-r-55\\\/#primaryimage\"},\"image\":{\"@id\":\"https:\\\/\\\/www.ohis.be\\\/de\\\/produit\\\/hubwagen-r-55\\\/#primaryimage\"},\"thumbnailUrl\":\"https:\\\/\\\/www.ohis.be\\\/wp-content\\\/uploads\\\/2024\\\/08\\\/R.55-M-droite.png\",\"datePublished\":\"2024-08-28T14:00:34+00:00\",\"breadcrumb\":{\"@id\":\"https:\\\/\\\/www.ohis.be\\\/de\\\/produit\\\/hubwagen-r-55\\\/#breadcrumb\"},\"inLanguage\":\"de\",\"potentialAction\":[{\"@type\":\"ReadAction\",\"target\":[\"https:\\\/\\\/www.ohis.be\\\/de\\\/produit\\\/hubwagen-r-55\\\/\"]}]},{\"@type\":\"ImageObject\",\"inLanguage\":\"de\",\"@id\":\"https:\\\/\\\/www.ohis.be\\\/de\\\/produit\\\/hubwagen-r-55\\\/#primaryimage\",\"url\":\"https:\\\/\\\/www.ohis.be\\\/wp-content\\\/uploads\\\/2024\\\/08\\\/R.55-M-droite.png\",\"contentUrl\":\"https:\\\/\\\/www.ohis.be\\\/wp-content\\\/uploads\\\/2024\\\/08\\\/R.55-M-droite.png\",\"width\":264,\"height\":546,\"caption\":\"R.55-M-droite\"},{\"@type\":\"BreadcrumbList\",\"@id\":\"https:\\\/\\\/www.ohis.be\\\/de\\\/produit\\\/hubwagen-r-55\\\/#breadcrumb\",\"itemListElement\":[{\"@type\":\"ListItem\",\"position\":1,\"name\":\"Accueil\",\"item\":\"https:\\\/\\\/www.ohis.be\\\/de\\\/\"},{\"@type\":\"ListItem\",\"position\":2,\"name\":\"Produkte\",\"item\":\"https:\\\/\\\/www.ohis.be\\\/de\\\/produkte\\\/\"},{\"@type\":\"ListItem\",\"position\":3,\"name\":\"Hubwagen R.55\"}]},{\"@type\":\"WebSite\",\"@id\":\"https:\\\/\\\/www.ohis.be\\\/de\\\/#website\",\"url\":\"https:\\\/\\\/www.ohis.be\\\/de\\\/\",\"name\":\"Ohis\",\"description\":\"Outils de levage\",\"publisher\":{\"@id\":\"https:\\\/\\\/www.ohis.be\\\/de\\\/#organization\"},\"potentialAction\":[{\"@type\":\"SearchAction\",\"target\":{\"@type\":\"EntryPoint\",\"urlTemplate\":\"https:\\\/\\\/www.ohis.be\\\/de\\\/?s={search_term_string}\"},\"query-input\":{\"@type\":\"PropertyValueSpecification\",\"valueRequired\":true,\"valueName\":\"search_term_string\"}}],\"inLanguage\":\"de\"},{\"@type\":\"Organization\",\"@id\":\"https:\\\/\\\/www.ohis.be\\\/de\\\/#organization\",\"name\":\"Ohis\",\"url\":\"https:\\\/\\\/www.ohis.be\\\/de\\\/\",\"logo\":{\"@type\":\"ImageObject\",\"inLanguage\":\"de\",\"@id\":\"https:\\\/\\\/www.ohis.be\\\/de\\\/#\\\/schema\\\/logo\\\/image\\\/\",\"url\":\"https:\\\/\\\/www.ohis.be\\\/wp-content\\\/uploads\\\/2021\\\/02\\\/logo-ohis-wit.svg\",\"contentUrl\":\"https:\\\/\\\/www.ohis.be\\\/wp-content\\\/uploads\\\/2021\\\/02\\\/logo-ohis-wit.svg\",\"caption\":\"Ohis\"},\"image\":{\"@id\":\"https:\\\/\\\/www.ohis.be\\\/de\\\/#\\\/schema\\\/logo\\\/image\\\/\"}}]}<\/script>\n<!-- \/ Yoast SEO plugin. -->","yoast_head_json":{"title":"Hubwagen R.55 - Ohis","robots":{"index":"index","follow":"follow","max-snippet":"max-snippet:-1","max-image-preview":"max-image-preview:large","max-video-preview":"max-video-preview:-1"},"canonical":"https:\/\/www.ohis.be\/de\/produit\/hubwagen-r-55\/","og_locale":"de_DE","og_type":"article","og_title":"Hubwagen R.55 - Ohis","og_description":"Entdecken Sie den Transportwagen R.55, eine mobile und vielseitige L\u00f6sung, die so konzipiert ist, dass sie sich an alle Arbeitsumgebungen anpasst. Ob Sie in der Lebensmittelindustrie, in Werkst\u00e4tten, B\u00fcros, Apotheken, Bibliotheken oder Superm\u00e4rkten arbeiten, unser Wagen erf\u00fcllt alle Ihre logistischen Anforderungen.  Mit einer Tragf\u00e4higkeit von bis zu 55 kg eignet sich der Wagen R.55 perfekt zum Bewegen von leichten und schweren Gegenst\u00e4nden wie Papierrollen, Getr\u00e4nkekisten und anderen Waren. Sein ergonomisches Design und die verschiedenen integrierten Werkzeuge erleichtern den Transport von Lasten bis zu einer H\u00f6he von 156 cm.  Der leicht zu bedienende und an Ihre Anforderungen anpassbare Transportwagen R.55 ist die ideale L\u00f6sung, um Ihre Waren sicher und m\u00fchelos zu bewegen. Ganz gleich, ob Sie Gegenst\u00e4nde lagern, entnehmen oder bewegen m\u00fcssen, der R.55 hilft Ihnen, Ihre Arbeitseffizienz zu maximieren.  &nbsp;","og_url":"https:\/\/www.ohis.be\/de\/produit\/hubwagen-r-55\/","og_site_name":"Ohis","og_image":[{"width":264,"height":546,"url":"https:\/\/www.ohis.be\/wp-content\/uploads\/2024\/08\/R.55-M-droite.png","type":"image\/png"}],"twitter_card":"summary_large_image","twitter_misc":{"Gesch\u00e4tzte Lesezeit":"1\u00a0Minute"},"schema":{"@context":"https:\/\/schema.org","@graph":[{"@type":"WebPage","@id":"https:\/\/www.ohis.be\/de\/produit\/hubwagen-r-55\/","url":"https:\/\/www.ohis.be\/de\/produit\/hubwagen-r-55\/","name":"Hubwagen R.55 - Ohis","isPartOf":{"@id":"https:\/\/www.ohis.be\/de\/#website"},"primaryImageOfPage":{"@id":"https:\/\/www.ohis.be\/de\/produit\/hubwagen-r-55\/#primaryimage"},"image":{"@id":"https:\/\/www.ohis.be\/de\/produit\/hubwagen-r-55\/#primaryimage"},"thumbnailUrl":"https:\/\/www.ohis.be\/wp-content\/uploads\/2024\/08\/R.55-M-droite.png","datePublished":"2024-08-28T14:00:34+00:00","breadcrumb":{"@id":"https:\/\/www.ohis.be\/de\/produit\/hubwagen-r-55\/#breadcrumb"},"inLanguage":"de","potentialAction":[{"@type":"ReadAction","target":["https:\/\/www.ohis.be\/de\/produit\/hubwagen-r-55\/"]}]},{"@type":"ImageObject","inLanguage":"de","@id":"https:\/\/www.ohis.be\/de\/produit\/hubwagen-r-55\/#primaryimage","url":"https:\/\/www.ohis.be\/wp-content\/uploads\/2024\/08\/R.55-M-droite.png","contentUrl":"https:\/\/www.ohis.be\/wp-content\/uploads\/2024\/08\/R.55-M-droite.png","width":264,"height":546,"caption":"R.55-M-droite"},{"@type":"BreadcrumbList","@id":"https:\/\/www.ohis.be\/de\/produit\/hubwagen-r-55\/#breadcrumb","itemListElement":[{"@type":"ListItem","position":1,"name":"Accueil","item":"https:\/\/www.ohis.be\/de\/"},{"@type":"ListItem","position":2,"name":"Produkte","item":"https:\/\/www.ohis.be\/de\/produkte\/"},{"@type":"ListItem","position":3,"name":"Hubwagen R.55"}]},{"@type":"WebSite","@id":"https:\/\/www.ohis.be\/de\/#website","url":"https:\/\/www.ohis.be\/de\/","name":"Ohis","description":"Outils de levage","publisher":{"@id":"https:\/\/www.ohis.be\/de\/#organization"},"potentialAction":[{"@type":"SearchAction","target":{"@type":"EntryPoint","urlTemplate":"https:\/\/www.ohis.be\/de\/?s={search_term_string}"},"query-input":{"@type":"PropertyValueSpecification","valueRequired":true,"valueName":"search_term_string"}}],"inLanguage":"de"},{"@type":"Organization","@id":"https:\/\/www.ohis.be\/de\/#organization","name":"Ohis","url":"https:\/\/www.ohis.be\/de\/","logo":{"@type":"ImageObject","inLanguage":"de","@id":"https:\/\/www.ohis.be\/de\/#\/schema\/logo\/image\/","url":"https:\/\/www.ohis.be\/wp-content\/uploads\/2021\/02\/logo-ohis-wit.svg","contentUrl":"https:\/\/www.ohis.be\/wp-content\/uploads\/2021\/02\/logo-ohis-wit.svg","caption":"Ohis"},"image":{"@id":"https:\/\/www.ohis.be\/de\/#\/schema\/logo\/image\/"}}]}},"_links":{"self":[{"href":"https:\/\/www.ohis.be\/de\/wp-json\/wp\/v2\/product\/57212","targetHints":{"allow":["GET"]}}],"collection":[{"href":"https:\/\/www.ohis.be\/de\/wp-json\/wp\/v2\/product"}],"about":[{"href":"https:\/\/www.ohis.be\/de\/wp-json\/wp\/v2\/types\/product"}],"wp:featuredmedia":[{"embeddable":true,"href":"https:\/\/www.ohis.be\/de\/wp-json\/wp\/v2\/media\/56821"}],"wp:attachment":[{"href":"https:\/\/www.ohis.be\/de\/wp-json\/wp\/v2\/media?parent=57212"}],"wp:term":[{"taxonomy":"product_brand","embeddable":true,"href":"https:\/\/www.ohis.be\/de\/wp-json\/wp\/v2\/product_brand?post=57212"},{"taxonomy":"product_cat","embeddable":true,"href":"https:\/\/www.ohis.be\/de\/wp-json\/wp\/v2\/product_cat?post=57212"},{"taxonomy":"product_tag","embeddable":true,"href":"https:\/\/www.ohis.be\/de\/wp-json\/wp\/v2\/product_tag?post=57212"}],"curies":[{"name":"wp","href":"https:\/\/api.w.org\/{rel}","templated":true}]}}