{"id":57012,"date":"2024-08-29T11:17:19","date_gmt":"2024-08-29T09:17:19","guid":{"rendered":"https:\/\/www.ohis.be\/produit\/schlauchheber-ql-90\/"},"modified":"2024-08-29T11:17:19","modified_gmt":"2024-08-29T09:17:19","slug":"schlauchheber-ql-90","status":"publish","type":"product","link":"https:\/\/www.ohis.be\/de\/produit\/schlauchheber-ql-90\/","title":{"rendered":"Schlauchheber QL 90"},"content":{"rendered":"<p>Mit dem Schlauchheber QL 90 k\u00f6nnen Sie verschiedene G\u00fcter wie S\u00e4cke, Kartons, Kisten oder Platten mit einem Gewicht von bis zu 65 kg auf ergonomische Weise bewegen.<\/p>\n<p>Unsere Version QL 90 l\u00e4sst sich leicht mit einer Hand bedienen und verf\u00fcgt \u00fcber ein 360\u00b0-Drehmodul sowie ein 90\u00b0-Kippmodul, das besonders praktisch f\u00fcr die Handhabung von Kartons ist.<\/p>\n<p>Dieses Modell ist f\u00fcr die Einhandbedienung konzipiert und erm\u00f6glicht eine schnelle und komfortable Handhabung, die hohe Taktraten garantiert. Der ergonomische Griff erleichtert die Handhabung und das intuitive Bewegen von Lasten.<\/p>\n<p>Wir bieten verschiedene Schlauchdurchmesser und verstellbare Pumpen an, die f\u00fcr unterschiedliche Lastkapazit\u00e4ten geeignet sind. Eine Reihe von Standard- und kundenspezifischen Werkzeugen ist verf\u00fcgbar, um Ihren Bed\u00fcrfnissen bestm\u00f6glich gerecht zu werden<\/p>\n","protected":false},"excerpt":{"rendered":"<p>Mit dem Schlauchheber QL 90 k\u00f6nnen Sie verschiedene G\u00fcter wie S\u00e4cke, Kartons, Kisten oder Platten mit einem Gewicht von bis zu 65 kg auf ergonomische Weise bewegen.<\/p>\n<p>Unsere Version QL 90 l\u00e4sst sich leicht mit einer Hand bedienen und verf\u00fcgt \u00fcber ein 360\u00b0-Drehmodul sowie ein 90\u00b0-Kippmodul, das besonders praktisch f\u00fcr die Handhabung von Kartons ist.<\/p>\n<p>Dieses Modell ist f\u00fcr die Einhandbedienung konzipiert und erm\u00f6glicht eine schnelle und komfortable Handhabung, die hohe Taktraten garantiert. Der ergonomische Griff erleichtert die Handhabung und das intuitive Bewegen von Lasten.<\/p>\n<p>Wir bieten verschiedene Schlauchdurchmesser und verstellbare Pumpen an, die f\u00fcr unterschiedliche Lastkapazit\u00e4ten geeignet sind. Eine Reihe von Standard- und kundenspezifischen Werkzeugen ist verf\u00fcgbar, um Ihren Bed\u00fcrfnissen bestm\u00f6glich gerecht zu werden<\/p>\n","protected":false},"featured_media":56950,"template":"","meta":{"_acf_changed":false,"inline_featured_image":false},"product_brand":[],"product_cat":[4163],"product_tag":[],"class_list":{"0":"post-57012","1":"product","2":"type-product","3":"status-publish","4":"has-post-thumbnail","6":"product_cat-vakuum-hebeanlagen","7":"yith_product_brand-reglift-de","9":"first","10":"instock","11":"taxable","12":"shipping-taxable","13":"product-type-simple"},"acf":[],"yoast_head":"<!-- This site is optimized with the Yoast SEO plugin v27.5 - https:\/\/yoast.com\/product\/yoast-seo-wordpress\/ -->\n<title>Schlauchheber QL 90 - Ohis<\/title>\n<meta name=\"robots\" content=\"index, follow, max-snippet:-1, max-image-preview:large, max-video-preview:-1\" \/>\n<link rel=\"canonical\" href=\"https:\/\/www.ohis.be\/de\/produit\/schlauchheber-ql-90\/\" \/>\n<meta property=\"og:locale\" content=\"de_DE\" \/>\n<meta property=\"og:type\" content=\"article\" \/>\n<meta property=\"og:title\" content=\"Schlauchheber QL 90 - Ohis\" \/>\n<meta property=\"og:description\" content=\"Mit dem Schlauchheber QL 90 k\u00f6nnen Sie verschiedene G\u00fcter wie S\u00e4cke, Kartons, Kisten oder Platten mit einem Gewicht von bis zu 65 kg auf ergonomische Weise bewegen.  Unsere Version QL 90 l\u00e4sst sich leicht mit einer Hand bedienen und verf\u00fcgt \u00fcber ein 360\u00b0-Drehmodul sowie ein 90\u00b0-Kippmodul, das besonders praktisch f\u00fcr die Handhabung von Kartons ist.  Dieses Modell ist f\u00fcr die Einhandbedienung konzipiert und erm\u00f6glicht eine schnelle und komfortable Handhabung, die hohe Taktraten garantiert. Der ergonomische Griff erleichtert die Handhabung und das intuitive Bewegen von Lasten.  Wir bieten verschiedene Schlauchdurchmesser und verstellbare Pumpen an, die f\u00fcr unterschiedliche Lastkapazit\u00e4ten geeignet sind. Eine Reihe von Standard- und kundenspezifischen Werkzeugen ist verf\u00fcgbar, um Ihren Bed\u00fcrfnissen bestm\u00f6glich gerecht zu werden\" \/>\n<meta property=\"og:url\" content=\"https:\/\/www.ohis.be\/de\/produit\/schlauchheber-ql-90\/\" \/>\n<meta property=\"og:site_name\" content=\"Ohis\" \/>\n<meta property=\"og:image\" content=\"https:\/\/www.ohis.be\/wp-content\/uploads\/2024\/08\/Tube-de-levage-QL90.jpg\" \/>\n\t<meta property=\"og:image:width\" content=\"408\" \/>\n\t<meta property=\"og:image:height\" content=\"505\" \/>\n\t<meta property=\"og:image:type\" content=\"image\/jpeg\" \/>\n<meta name=\"twitter:card\" content=\"summary_large_image\" \/>\n<meta name=\"twitter:label1\" content=\"Gesch\u00e4tzte Lesezeit\" \/>\n\t<meta name=\"twitter:data1\" content=\"1\u00a0Minute\" \/>\n<script type=\"application\/ld+json\" class=\"yoast-schema-graph\">{\"@context\":\"https:\\\/\\\/schema.org\",\"@graph\":[{\"@type\":\"WebPage\",\"@id\":\"https:\\\/\\\/www.ohis.be\\\/de\\\/produit\\\/schlauchheber-ql-90\\\/\",\"url\":\"https:\\\/\\\/www.ohis.be\\\/de\\\/produit\\\/schlauchheber-ql-90\\\/\",\"name\":\"Schlauchheber QL 90 - Ohis\",\"isPartOf\":{\"@id\":\"https:\\\/\\\/www.ohis.be\\\/#website\"},\"primaryImageOfPage\":{\"@id\":\"https:\\\/\\\/www.ohis.be\\\/de\\\/produit\\\/schlauchheber-ql-90\\\/#primaryimage\"},\"image\":{\"@id\":\"https:\\\/\\\/www.ohis.be\\\/de\\\/produit\\\/schlauchheber-ql-90\\\/#primaryimage\"},\"thumbnailUrl\":\"https:\\\/\\\/www.ohis.be\\\/wp-content\\\/uploads\\\/2024\\\/08\\\/Tube-de-levage-QL90.jpg\",\"datePublished\":\"2024-08-29T09:17:19+00:00\",\"breadcrumb\":{\"@id\":\"https:\\\/\\\/www.ohis.be\\\/de\\\/produit\\\/schlauchheber-ql-90\\\/#breadcrumb\"},\"inLanguage\":\"de\",\"potentialAction\":[{\"@type\":\"ReadAction\",\"target\":[\"https:\\\/\\\/www.ohis.be\\\/de\\\/produit\\\/schlauchheber-ql-90\\\/\"]}]},{\"@type\":\"ImageObject\",\"inLanguage\":\"de\",\"@id\":\"https:\\\/\\\/www.ohis.be\\\/de\\\/produit\\\/schlauchheber-ql-90\\\/#primaryimage\",\"url\":\"https:\\\/\\\/www.ohis.be\\\/wp-content\\\/uploads\\\/2024\\\/08\\\/Tube-de-levage-QL90.jpg\",\"contentUrl\":\"https:\\\/\\\/www.ohis.be\\\/wp-content\\\/uploads\\\/2024\\\/08\\\/Tube-de-levage-QL90.jpg\",\"width\":408,\"height\":505,\"caption\":\"Schlauchheber QL 90\"},{\"@type\":\"BreadcrumbList\",\"@id\":\"https:\\\/\\\/www.ohis.be\\\/de\\\/produit\\\/schlauchheber-ql-90\\\/#breadcrumb\",\"itemListElement\":[{\"@type\":\"ListItem\",\"position\":1,\"name\":\"Accueil\",\"item\":\"https:\\\/\\\/www.ohis.be\\\/de\\\/\"},{\"@type\":\"ListItem\",\"position\":2,\"name\":\"Produkte\",\"item\":\"https:\\\/\\\/www.ohis.be\\\/de\\\/produkte\\\/\"},{\"@type\":\"ListItem\",\"position\":3,\"name\":\"Schlauchheber QL 90\"}]},{\"@type\":\"WebSite\",\"@id\":\"https:\\\/\\\/www.ohis.be\\\/#website\",\"url\":\"https:\\\/\\\/www.ohis.be\\\/\",\"name\":\"Ohis\",\"description\":\"Outils de levage\",\"publisher\":{\"@id\":\"https:\\\/\\\/www.ohis.be\\\/#organization\"},\"potentialAction\":[{\"@type\":\"SearchAction\",\"target\":{\"@type\":\"EntryPoint\",\"urlTemplate\":\"https:\\\/\\\/www.ohis.be\\\/?s={search_term_string}\"},\"query-input\":{\"@type\":\"PropertyValueSpecification\",\"valueRequired\":true,\"valueName\":\"search_term_string\"}}],\"inLanguage\":\"de\"},{\"@type\":\"Organization\",\"@id\":\"https:\\\/\\\/www.ohis.be\\\/#organization\",\"name\":\"Ohis\",\"url\":\"https:\\\/\\\/www.ohis.be\\\/\",\"logo\":{\"@type\":\"ImageObject\",\"inLanguage\":\"de\",\"@id\":\"https:\\\/\\\/www.ohis.be\\\/#\\\/schema\\\/logo\\\/image\\\/\",\"url\":\"https:\\\/\\\/www.ohis.be\\\/wp-content\\\/uploads\\\/2021\\\/02\\\/logo-ohis-wit.svg\",\"contentUrl\":\"https:\\\/\\\/www.ohis.be\\\/wp-content\\\/uploads\\\/2021\\\/02\\\/logo-ohis-wit.svg\",\"caption\":\"Ohis\"},\"image\":{\"@id\":\"https:\\\/\\\/www.ohis.be\\\/#\\\/schema\\\/logo\\\/image\\\/\"}}]}<\/script>\n<!-- \/ Yoast SEO plugin. -->","yoast_head_json":{"title":"Schlauchheber QL 90 - Ohis","robots":{"index":"index","follow":"follow","max-snippet":"max-snippet:-1","max-image-preview":"max-image-preview:large","max-video-preview":"max-video-preview:-1"},"canonical":"https:\/\/www.ohis.be\/de\/produit\/schlauchheber-ql-90\/","og_locale":"de_DE","og_type":"article","og_title":"Schlauchheber QL 90 - Ohis","og_description":"Mit dem Schlauchheber QL 90 k\u00f6nnen Sie verschiedene G\u00fcter wie S\u00e4cke, Kartons, Kisten oder Platten mit einem Gewicht von bis zu 65 kg auf ergonomische Weise bewegen.  Unsere Version QL 90 l\u00e4sst sich leicht mit einer Hand bedienen und verf\u00fcgt \u00fcber ein 360\u00b0-Drehmodul sowie ein 90\u00b0-Kippmodul, das besonders praktisch f\u00fcr die Handhabung von Kartons ist.  Dieses Modell ist f\u00fcr die Einhandbedienung konzipiert und erm\u00f6glicht eine schnelle und komfortable Handhabung, die hohe Taktraten garantiert. Der ergonomische Griff erleichtert die Handhabung und das intuitive Bewegen von Lasten.  Wir bieten verschiedene Schlauchdurchmesser und verstellbare Pumpen an, die f\u00fcr unterschiedliche Lastkapazit\u00e4ten geeignet sind. Eine Reihe von Standard- und kundenspezifischen Werkzeugen ist verf\u00fcgbar, um Ihren Bed\u00fcrfnissen bestm\u00f6glich gerecht zu werden","og_url":"https:\/\/www.ohis.be\/de\/produit\/schlauchheber-ql-90\/","og_site_name":"Ohis","og_image":[{"width":408,"height":505,"url":"https:\/\/www.ohis.be\/wp-content\/uploads\/2024\/08\/Tube-de-levage-QL90.jpg","type":"image\/jpeg"}],"twitter_card":"summary_large_image","twitter_misc":{"Gesch\u00e4tzte Lesezeit":"1\u00a0Minute"},"schema":{"@context":"https:\/\/schema.org","@graph":[{"@type":"WebPage","@id":"https:\/\/www.ohis.be\/de\/produit\/schlauchheber-ql-90\/","url":"https:\/\/www.ohis.be\/de\/produit\/schlauchheber-ql-90\/","name":"Schlauchheber QL 90 - Ohis","isPartOf":{"@id":"https:\/\/www.ohis.be\/#website"},"primaryImageOfPage":{"@id":"https:\/\/www.ohis.be\/de\/produit\/schlauchheber-ql-90\/#primaryimage"},"image":{"@id":"https:\/\/www.ohis.be\/de\/produit\/schlauchheber-ql-90\/#primaryimage"},"thumbnailUrl":"https:\/\/www.ohis.be\/wp-content\/uploads\/2024\/08\/Tube-de-levage-QL90.jpg","datePublished":"2024-08-29T09:17:19+00:00","breadcrumb":{"@id":"https:\/\/www.ohis.be\/de\/produit\/schlauchheber-ql-90\/#breadcrumb"},"inLanguage":"de","potentialAction":[{"@type":"ReadAction","target":["https:\/\/www.ohis.be\/de\/produit\/schlauchheber-ql-90\/"]}]},{"@type":"ImageObject","inLanguage":"de","@id":"https:\/\/www.ohis.be\/de\/produit\/schlauchheber-ql-90\/#primaryimage","url":"https:\/\/www.ohis.be\/wp-content\/uploads\/2024\/08\/Tube-de-levage-QL90.jpg","contentUrl":"https:\/\/www.ohis.be\/wp-content\/uploads\/2024\/08\/Tube-de-levage-QL90.jpg","width":408,"height":505,"caption":"Schlauchheber QL 90"},{"@type":"BreadcrumbList","@id":"https:\/\/www.ohis.be\/de\/produit\/schlauchheber-ql-90\/#breadcrumb","itemListElement":[{"@type":"ListItem","position":1,"name":"Accueil","item":"https:\/\/www.ohis.be\/de\/"},{"@type":"ListItem","position":2,"name":"Produkte","item":"https:\/\/www.ohis.be\/de\/produkte\/"},{"@type":"ListItem","position":3,"name":"Schlauchheber QL 90"}]},{"@type":"WebSite","@id":"https:\/\/www.ohis.be\/#website","url":"https:\/\/www.ohis.be\/","name":"Ohis","description":"Outils de levage","publisher":{"@id":"https:\/\/www.ohis.be\/#organization"},"potentialAction":[{"@type":"SearchAction","target":{"@type":"EntryPoint","urlTemplate":"https:\/\/www.ohis.be\/?s={search_term_string}"},"query-input":{"@type":"PropertyValueSpecification","valueRequired":true,"valueName":"search_term_string"}}],"inLanguage":"de"},{"@type":"Organization","@id":"https:\/\/www.ohis.be\/#organization","name":"Ohis","url":"https:\/\/www.ohis.be\/","logo":{"@type":"ImageObject","inLanguage":"de","@id":"https:\/\/www.ohis.be\/#\/schema\/logo\/image\/","url":"https:\/\/www.ohis.be\/wp-content\/uploads\/2021\/02\/logo-ohis-wit.svg","contentUrl":"https:\/\/www.ohis.be\/wp-content\/uploads\/2021\/02\/logo-ohis-wit.svg","caption":"Ohis"},"image":{"@id":"https:\/\/www.ohis.be\/#\/schema\/logo\/image\/"}}]}},"_links":{"self":[{"href":"https:\/\/www.ohis.be\/de\/wp-json\/wp\/v2\/product\/57012","targetHints":{"allow":["GET"]}}],"collection":[{"href":"https:\/\/www.ohis.be\/de\/wp-json\/wp\/v2\/product"}],"about":[{"href":"https:\/\/www.ohis.be\/de\/wp-json\/wp\/v2\/types\/product"}],"wp:featuredmedia":[{"embeddable":true,"href":"https:\/\/www.ohis.be\/de\/wp-json\/wp\/v2\/media\/56950"}],"wp:attachment":[{"href":"https:\/\/www.ohis.be\/de\/wp-json\/wp\/v2\/media?parent=57012"}],"wp:term":[{"taxonomy":"product_brand","embeddable":true,"href":"https:\/\/www.ohis.be\/de\/wp-json\/wp\/v2\/product_brand?post=57012"},{"taxonomy":"product_cat","embeddable":true,"href":"https:\/\/www.ohis.be\/de\/wp-json\/wp\/v2\/product_cat?post=57012"},{"taxonomy":"product_tag","embeddable":true,"href":"https:\/\/www.ohis.be\/de\/wp-json\/wp\/v2\/product_tag?post=57012"}],"curies":[{"name":"wp","href":"https:\/\/api.w.org\/{rel}","templated":true}]}}