{"id":57007,"date":"2024-08-29T11:01:33","date_gmt":"2024-08-29T09:01:33","guid":{"rendered":"https:\/\/www.ohis.be\/produit\/tube-lift-hl\/"},"modified":"2024-08-29T11:01:33","modified_gmt":"2024-08-29T09:01:33","slug":"tube-lift-hl","status":"publish","type":"product","link":"https:\/\/www.ohis.be\/de\/produit\/tube-lift-hl\/","title":{"rendered":"Tube Lift HL"},"content":{"rendered":"<p>Mit dem Tube Lift HL k\u00f6nnen Sie auf ergonomische Weise verschiedene Arten von G\u00fctern wie S\u00e4cke, Kartons, Kisten oder Platten mit einem Gewicht von bis zu 300 kg bewegen.<\/p>\n<p>Unsere Version TDL-HL l\u00e4sst sich leicht mit einer Hand bedienen und ist mit einem 360\u00b0-Drehmodul sowie einem 90\u00b0-Kippmodul ausgestattet, das sich ideal f\u00fcr den Transport von Kartons eignet.<\/p>\n<p>Das Design f\u00fcr die Einhandbedienung wurde f\u00fcr eine schnelle und komfortable Handhabung entwickelt, um hohe Geschwindigkeiten zu erreichen. Der ergonomische Griff erleichtert die intuitive Handhabung von Lasten.<\/p>\n<p>Wir bieten verschiedene Schlauchdurchmesser und Pumpen an, die f\u00fcr unterschiedliche Tragf\u00e4higkeiten geeignet sind. Eine Reihe von Standard- und kundenspezifischen Werkzeugen ist verf\u00fcgbar, um Ihren Bed\u00fcrfnissen bestm\u00f6glich gerecht zu werden<\/p>\n","protected":false},"excerpt":{"rendered":"<p>Mit dem Tube Lift HL k\u00f6nnen Sie auf ergonomische Weise verschiedene Arten von G\u00fctern wie S\u00e4cke, Kartons, Kisten oder Platten mit einem Gewicht von bis zu 300 kg bewegen.<\/p>\n<p>Unsere Version TDL-HL l\u00e4sst sich leicht mit einer Hand bedienen und ist mit einem 360\u00b0-Drehmodul sowie einem 90\u00b0-Kippmodul ausgestattet, das sich ideal f\u00fcr den Transport von Kartons eignet.<\/p>\n<p>Das Design f\u00fcr die Einhandbedienung wurde f\u00fcr eine schnelle und komfortable Handhabung entwickelt, um hohe Geschwindigkeiten zu erreichen. Der ergonomische Griff erleichtert die intuitive Handhabung von Lasten.<\/p>\n<p>Wir bieten verschiedene Schlauchdurchmesser und Pumpen an, die f\u00fcr unterschiedliche Tragf\u00e4higkeiten geeignet sind. Eine Reihe von Standard- und kundenspezifischen Werkzeugen ist verf\u00fcgbar, um Ihren Bed\u00fcrfnissen bestm\u00f6glich gerecht zu werden<\/p>\n","protected":false},"featured_media":56918,"template":"","meta":{"_acf_changed":false,"inline_featured_image":false},"product_brand":[],"product_cat":[4163],"product_tag":[],"class_list":{"0":"post-57007","1":"product","2":"type-product","3":"status-publish","4":"has-post-thumbnail","6":"product_cat-vakuum-hebeanlagen","7":"yith_product_brand-reglift-de","9":"first","10":"instock","11":"taxable","12":"shipping-taxable","13":"product-type-simple"},"acf":[],"yoast_head":"<!-- This site is optimized with the Yoast SEO plugin v27.5 - https:\/\/yoast.com\/product\/yoast-seo-wordpress\/ -->\n<title>Tube Lift HL - Ohis<\/title>\n<meta name=\"robots\" content=\"index, follow, max-snippet:-1, max-image-preview:large, max-video-preview:-1\" \/>\n<link rel=\"canonical\" href=\"https:\/\/www.ohis.be\/de\/produit\/tube-lift-hl\/\" \/>\n<meta property=\"og:locale\" content=\"de_DE\" \/>\n<meta property=\"og:type\" content=\"article\" \/>\n<meta property=\"og:title\" content=\"Tube Lift HL - Ohis\" \/>\n<meta property=\"og:description\" content=\"Mit dem Tube Lift HL k\u00f6nnen Sie auf ergonomische Weise verschiedene Arten von G\u00fctern wie S\u00e4cke, Kartons, Kisten oder Platten mit einem Gewicht von bis zu 300 kg bewegen.  Unsere Version TDL-HL l\u00e4sst sich leicht mit einer Hand bedienen und ist mit einem 360\u00b0-Drehmodul sowie einem 90\u00b0-Kippmodul ausgestattet, das sich ideal f\u00fcr den Transport von Kartons eignet.  Das Design f\u00fcr die Einhandbedienung wurde f\u00fcr eine schnelle und komfortable Handhabung entwickelt, um hohe Geschwindigkeiten zu erreichen. Der ergonomische Griff erleichtert die intuitive Handhabung von Lasten.  Wir bieten verschiedene Schlauchdurchmesser und Pumpen an, die f\u00fcr unterschiedliche Tragf\u00e4higkeiten geeignet sind. Eine Reihe von Standard- und kundenspezifischen Werkzeugen ist verf\u00fcgbar, um Ihren Bed\u00fcrfnissen bestm\u00f6glich gerecht zu werden\" \/>\n<meta property=\"og:url\" content=\"https:\/\/www.ohis.be\/de\/produit\/tube-lift-hl\/\" \/>\n<meta property=\"og:site_name\" content=\"Ohis\" \/>\n<meta property=\"og:image\" content=\"https:\/\/www.ohis.be\/wp-content\/uploads\/2024\/08\/Tube-de-levage-HL.jpg\" \/>\n\t<meta property=\"og:image:width\" content=\"1192\" \/>\n\t<meta property=\"og:image:height\" content=\"1444\" \/>\n\t<meta property=\"og:image:type\" content=\"image\/jpeg\" \/>\n<meta name=\"twitter:card\" content=\"summary_large_image\" \/>\n<meta name=\"twitter:label1\" content=\"Gesch\u00e4tzte Lesezeit\" \/>\n\t<meta name=\"twitter:data1\" content=\"1\u00a0Minute\" \/>\n<script type=\"application\/ld+json\" class=\"yoast-schema-graph\">{\"@context\":\"https:\\\/\\\/schema.org\",\"@graph\":[{\"@type\":\"WebPage\",\"@id\":\"https:\\\/\\\/www.ohis.be\\\/de\\\/produit\\\/tube-lift-hl\\\/\",\"url\":\"https:\\\/\\\/www.ohis.be\\\/de\\\/produit\\\/tube-lift-hl\\\/\",\"name\":\"Tube Lift HL - Ohis\",\"isPartOf\":{\"@id\":\"https:\\\/\\\/www.ohis.be\\\/#website\"},\"primaryImageOfPage\":{\"@id\":\"https:\\\/\\\/www.ohis.be\\\/de\\\/produit\\\/tube-lift-hl\\\/#primaryimage\"},\"image\":{\"@id\":\"https:\\\/\\\/www.ohis.be\\\/de\\\/produit\\\/tube-lift-hl\\\/#primaryimage\"},\"thumbnailUrl\":\"https:\\\/\\\/www.ohis.be\\\/wp-content\\\/uploads\\\/2024\\\/08\\\/Tube-de-levage-HL.jpg\",\"datePublished\":\"2024-08-29T09:01:33+00:00\",\"breadcrumb\":{\"@id\":\"https:\\\/\\\/www.ohis.be\\\/de\\\/produit\\\/tube-lift-hl\\\/#breadcrumb\"},\"inLanguage\":\"de\",\"potentialAction\":[{\"@type\":\"ReadAction\",\"target\":[\"https:\\\/\\\/www.ohis.be\\\/de\\\/produit\\\/tube-lift-hl\\\/\"]}]},{\"@type\":\"ImageObject\",\"inLanguage\":\"de\",\"@id\":\"https:\\\/\\\/www.ohis.be\\\/de\\\/produit\\\/tube-lift-hl\\\/#primaryimage\",\"url\":\"https:\\\/\\\/www.ohis.be\\\/wp-content\\\/uploads\\\/2024\\\/08\\\/Tube-de-levage-HL.jpg\",\"contentUrl\":\"https:\\\/\\\/www.ohis.be\\\/wp-content\\\/uploads\\\/2024\\\/08\\\/Tube-de-levage-HL.jpg\",\"width\":1192,\"height\":1444,\"caption\":\"Tube Lift H\"},{\"@type\":\"BreadcrumbList\",\"@id\":\"https:\\\/\\\/www.ohis.be\\\/de\\\/produit\\\/tube-lift-hl\\\/#breadcrumb\",\"itemListElement\":[{\"@type\":\"ListItem\",\"position\":1,\"name\":\"Accueil\",\"item\":\"https:\\\/\\\/www.ohis.be\\\/de\\\/\"},{\"@type\":\"ListItem\",\"position\":2,\"name\":\"Produkte\",\"item\":\"https:\\\/\\\/www.ohis.be\\\/de\\\/produkte\\\/\"},{\"@type\":\"ListItem\",\"position\":3,\"name\":\"Tube Lift HL\"}]},{\"@type\":\"WebSite\",\"@id\":\"https:\\\/\\\/www.ohis.be\\\/#website\",\"url\":\"https:\\\/\\\/www.ohis.be\\\/\",\"name\":\"Ohis\",\"description\":\"Outils de levage\",\"publisher\":{\"@id\":\"https:\\\/\\\/www.ohis.be\\\/#organization\"},\"potentialAction\":[{\"@type\":\"SearchAction\",\"target\":{\"@type\":\"EntryPoint\",\"urlTemplate\":\"https:\\\/\\\/www.ohis.be\\\/?s={search_term_string}\"},\"query-input\":{\"@type\":\"PropertyValueSpecification\",\"valueRequired\":true,\"valueName\":\"search_term_string\"}}],\"inLanguage\":\"de\"},{\"@type\":\"Organization\",\"@id\":\"https:\\\/\\\/www.ohis.be\\\/#organization\",\"name\":\"Ohis\",\"url\":\"https:\\\/\\\/www.ohis.be\\\/\",\"logo\":{\"@type\":\"ImageObject\",\"inLanguage\":\"de\",\"@id\":\"https:\\\/\\\/www.ohis.be\\\/#\\\/schema\\\/logo\\\/image\\\/\",\"url\":\"https:\\\/\\\/www.ohis.be\\\/wp-content\\\/uploads\\\/2021\\\/02\\\/logo-ohis-wit.svg\",\"contentUrl\":\"https:\\\/\\\/www.ohis.be\\\/wp-content\\\/uploads\\\/2021\\\/02\\\/logo-ohis-wit.svg\",\"caption\":\"Ohis\"},\"image\":{\"@id\":\"https:\\\/\\\/www.ohis.be\\\/#\\\/schema\\\/logo\\\/image\\\/\"}}]}<\/script>\n<!-- \/ Yoast SEO plugin. -->","yoast_head_json":{"title":"Tube Lift HL - Ohis","robots":{"index":"index","follow":"follow","max-snippet":"max-snippet:-1","max-image-preview":"max-image-preview:large","max-video-preview":"max-video-preview:-1"},"canonical":"https:\/\/www.ohis.be\/de\/produit\/tube-lift-hl\/","og_locale":"de_DE","og_type":"article","og_title":"Tube Lift HL - Ohis","og_description":"Mit dem Tube Lift HL k\u00f6nnen Sie auf ergonomische Weise verschiedene Arten von G\u00fctern wie S\u00e4cke, Kartons, Kisten oder Platten mit einem Gewicht von bis zu 300 kg bewegen.  Unsere Version TDL-HL l\u00e4sst sich leicht mit einer Hand bedienen und ist mit einem 360\u00b0-Drehmodul sowie einem 90\u00b0-Kippmodul ausgestattet, das sich ideal f\u00fcr den Transport von Kartons eignet.  Das Design f\u00fcr die Einhandbedienung wurde f\u00fcr eine schnelle und komfortable Handhabung entwickelt, um hohe Geschwindigkeiten zu erreichen. Der ergonomische Griff erleichtert die intuitive Handhabung von Lasten.  Wir bieten verschiedene Schlauchdurchmesser und Pumpen an, die f\u00fcr unterschiedliche Tragf\u00e4higkeiten geeignet sind. Eine Reihe von Standard- und kundenspezifischen Werkzeugen ist verf\u00fcgbar, um Ihren Bed\u00fcrfnissen bestm\u00f6glich gerecht zu werden","og_url":"https:\/\/www.ohis.be\/de\/produit\/tube-lift-hl\/","og_site_name":"Ohis","og_image":[{"width":1192,"height":1444,"url":"https:\/\/www.ohis.be\/wp-content\/uploads\/2024\/08\/Tube-de-levage-HL.jpg","type":"image\/jpeg"}],"twitter_card":"summary_large_image","twitter_misc":{"Gesch\u00e4tzte Lesezeit":"1\u00a0Minute"},"schema":{"@context":"https:\/\/schema.org","@graph":[{"@type":"WebPage","@id":"https:\/\/www.ohis.be\/de\/produit\/tube-lift-hl\/","url":"https:\/\/www.ohis.be\/de\/produit\/tube-lift-hl\/","name":"Tube Lift HL - Ohis","isPartOf":{"@id":"https:\/\/www.ohis.be\/#website"},"primaryImageOfPage":{"@id":"https:\/\/www.ohis.be\/de\/produit\/tube-lift-hl\/#primaryimage"},"image":{"@id":"https:\/\/www.ohis.be\/de\/produit\/tube-lift-hl\/#primaryimage"},"thumbnailUrl":"https:\/\/www.ohis.be\/wp-content\/uploads\/2024\/08\/Tube-de-levage-HL.jpg","datePublished":"2024-08-29T09:01:33+00:00","breadcrumb":{"@id":"https:\/\/www.ohis.be\/de\/produit\/tube-lift-hl\/#breadcrumb"},"inLanguage":"de","potentialAction":[{"@type":"ReadAction","target":["https:\/\/www.ohis.be\/de\/produit\/tube-lift-hl\/"]}]},{"@type":"ImageObject","inLanguage":"de","@id":"https:\/\/www.ohis.be\/de\/produit\/tube-lift-hl\/#primaryimage","url":"https:\/\/www.ohis.be\/wp-content\/uploads\/2024\/08\/Tube-de-levage-HL.jpg","contentUrl":"https:\/\/www.ohis.be\/wp-content\/uploads\/2024\/08\/Tube-de-levage-HL.jpg","width":1192,"height":1444,"caption":"Tube Lift H"},{"@type":"BreadcrumbList","@id":"https:\/\/www.ohis.be\/de\/produit\/tube-lift-hl\/#breadcrumb","itemListElement":[{"@type":"ListItem","position":1,"name":"Accueil","item":"https:\/\/www.ohis.be\/de\/"},{"@type":"ListItem","position":2,"name":"Produkte","item":"https:\/\/www.ohis.be\/de\/produkte\/"},{"@type":"ListItem","position":3,"name":"Tube Lift HL"}]},{"@type":"WebSite","@id":"https:\/\/www.ohis.be\/#website","url":"https:\/\/www.ohis.be\/","name":"Ohis","description":"Outils de levage","publisher":{"@id":"https:\/\/www.ohis.be\/#organization"},"potentialAction":[{"@type":"SearchAction","target":{"@type":"EntryPoint","urlTemplate":"https:\/\/www.ohis.be\/?s={search_term_string}"},"query-input":{"@type":"PropertyValueSpecification","valueRequired":true,"valueName":"search_term_string"}}],"inLanguage":"de"},{"@type":"Organization","@id":"https:\/\/www.ohis.be\/#organization","name":"Ohis","url":"https:\/\/www.ohis.be\/","logo":{"@type":"ImageObject","inLanguage":"de","@id":"https:\/\/www.ohis.be\/#\/schema\/logo\/image\/","url":"https:\/\/www.ohis.be\/wp-content\/uploads\/2021\/02\/logo-ohis-wit.svg","contentUrl":"https:\/\/www.ohis.be\/wp-content\/uploads\/2021\/02\/logo-ohis-wit.svg","caption":"Ohis"},"image":{"@id":"https:\/\/www.ohis.be\/#\/schema\/logo\/image\/"}}]}},"_links":{"self":[{"href":"https:\/\/www.ohis.be\/de\/wp-json\/wp\/v2\/product\/57007","targetHints":{"allow":["GET"]}}],"collection":[{"href":"https:\/\/www.ohis.be\/de\/wp-json\/wp\/v2\/product"}],"about":[{"href":"https:\/\/www.ohis.be\/de\/wp-json\/wp\/v2\/types\/product"}],"wp:featuredmedia":[{"embeddable":true,"href":"https:\/\/www.ohis.be\/de\/wp-json\/wp\/v2\/media\/56918"}],"wp:attachment":[{"href":"https:\/\/www.ohis.be\/de\/wp-json\/wp\/v2\/media?parent=57007"}],"wp:term":[{"taxonomy":"product_brand","embeddable":true,"href":"https:\/\/www.ohis.be\/de\/wp-json\/wp\/v2\/product_brand?post=57007"},{"taxonomy":"product_cat","embeddable":true,"href":"https:\/\/www.ohis.be\/de\/wp-json\/wp\/v2\/product_cat?post=57007"},{"taxonomy":"product_tag","embeddable":true,"href":"https:\/\/www.ohis.be\/de\/wp-json\/wp\/v2\/product_tag?post=57007"}],"curies":[{"name":"wp","href":"https:\/\/api.w.org\/{rel}","templated":true}]}}