{"id":57006,"date":"2024-08-29T11:55:22","date_gmt":"2024-08-29T09:55:22","guid":{"rendered":"https:\/\/www.ohis.be\/produit\/dynamic-stapler\/"},"modified":"2024-08-29T11:55:22","modified_gmt":"2024-08-29T09:55:22","slug":"dynamic-stapler","status":"publish","type":"product","link":"https:\/\/www.ohis.be\/de\/produit\/dynamic-stapler\/","title":{"rendered":"DYNAMIC-Stapler"},"content":{"rendered":"<p>Der Kompakteste und Flexibelste<\/p>\n<p>Der DYNAMIC-Stapler wurde so konzipiert, dass er leicht und wendig ist und eine passende und komfortable L\u00f6sung f\u00fcr die Bed\u00fcrfnisse der Benutzer bietet.<\/p>\n<p>Die verschiedenen Branchen erfordern alle einen gewissen Transport von Lasten, die zwar nicht schwer sind, aber t\u00e4glich und immer wiederkehren:<br \/>\nPakete, Papierb\u00fcndel, kleine Kisten, B\u00fccher, Verbrauchsmaterial.<\/p>\n<p>Mit einer Hubkraft von 60 kg und dank seiner geringen Gr\u00f6\u00dfe hilft er Ihnen bei Ihren t\u00e4glichen Aufgaben, m\u00fchelos, sicher und verbessert Ihre t\u00e4gliche Arbeitserfahrung.<\/p>\n<p>Gesamth\u00f6he (mm) 1490<br \/>\nHub (mm) 1235<br \/>\nGewicht mit Werkzeug (Kg) 29,6<br \/>\nMaximale Tragf\u00e4higkeit (Kg)* 60<br \/>\nRiemenbelastbarkeit (Kg)417<br \/>\nRiemenbruchlast (Kg) 1615<br \/>\nArt der Steuerung Druckknopf Auf\/Ab<br \/>\nBatterietyp 1 Lithium 24V &#8211; 10Ah<br \/>\nGesamtgewicht der Batterien (Kg) 2 Kg<br \/>\nLadeger\u00e4ttyp Extern Autonomie \/ Anz. Zyklen 300 Zyklen.<br \/>\nBatterieanzeige Auf dem Kontrollgriff<br \/>\nArt der Standbeine Winkel L\u00e4nge der Standbeine (mm) 420<br \/>\nAchsabstand der Beine (mm) 380 vorne &#8211; 420 hinten<br \/>\nTyp der vorderen Rollen \u00d865 &#8211; schwenkbar<br \/>\nTyp der hinteren Rollen \u00d8125 &#8211; mit Einzelbremse<\/p>\n","protected":false},"excerpt":{"rendered":"<p>Der Kompakteste und Flexibelste<\/p>\n<p>Der DYNAMIC-Stapler wurde so konzipiert, dass er leicht und wendig ist und eine passende und komfortable L\u00f6sung f\u00fcr die Bed\u00fcrfnisse der Benutzer bietet.<\/p>\n<p>Die verschiedenen Branchen erfordern alle einen gewissen Transport von Lasten, die zwar nicht schwer sind, aber t\u00e4glich und immer wiederkehren:<br \/>\nPakete, Papierb\u00fcndel, kleine Kisten, B\u00fccher, Verbrauchsmaterial.<\/p>\n<p>Mit einer Hubkraft von 60 kg und dank seiner geringen Gr\u00f6\u00dfe hilft er Ihnen bei Ihren t\u00e4glichen Aufgaben, m\u00fchelos, sicher und verbessert Ihre t\u00e4gliche Arbeitserfahrung.<\/p>\n<p>Gesamth\u00f6he (mm) 1490<br \/>\nHub (mm) 1235<br \/>\nGewicht mit Werkzeug (Kg) 29,6<br \/>\nMaximale Tragf\u00e4higkeit (Kg)* 60<br \/>\nRiemenbelastbarkeit (Kg)417<br \/>\nRiemenbruchlast (Kg) 1615<br \/>\nArt der Steuerung Druckknopf Auf\/Ab<br \/>\nBatterietyp 1 Lithium 24V &#8211; 10Ah<br \/>\nGesamtgewicht der Batterien (Kg) 2 Kg<br \/>\nLadeger\u00e4ttyp Extern Autonomie \/ Anz. Zyklen 300 Zyklen.<br \/>\nBatterieanzeige Auf dem Kontrollgriff<br \/>\nArt der Standbeine Winkel L\u00e4nge der Standbeine (mm) 420<br \/>\nAchsabstand der Beine (mm) 380 vorne &#8211; 420 hinten<br \/>\nTyp der vorderen Rollen \u00d865 &#8211; schwenkbar<br \/>\nTyp der hinteren Rollen \u00d8125 &#8211; mit Einzelbremse<\/p>\n","protected":false},"featured_media":56983,"template":"","meta":{"_acf_changed":false,"inline_featured_image":false},"product_brand":[],"product_cat":[4156],"product_tag":[],"class_list":{"0":"post-57006","1":"product","2":"type-product","3":"status-publish","4":"has-post-thumbnail","6":"product_cat-ergonomischen-fordergeraten","7":"yith_product_brand-reglift-de","9":"first","10":"onbackorder","11":"taxable","12":"shipping-taxable","13":"purchasable","14":"product-type-simple"},"acf":[],"yoast_head":"<!-- This site is optimized with the Yoast SEO plugin v27.5 - https:\/\/yoast.com\/product\/yoast-seo-wordpress\/ -->\n<title>DYNAMIC-Stapler - Ohis<\/title>\n<meta name=\"robots\" content=\"index, follow, max-snippet:-1, max-image-preview:large, max-video-preview:-1\" \/>\n<link rel=\"canonical\" href=\"https:\/\/www.ohis.be\/de\/produit\/dynamic-stapler\/\" \/>\n<meta property=\"og:locale\" content=\"de_DE\" \/>\n<meta property=\"og:type\" content=\"article\" \/>\n<meta property=\"og:title\" content=\"DYNAMIC-Stapler - Ohis\" \/>\n<meta property=\"og:description\" content=\"Der Kompakteste und Flexibelste  Der DYNAMIC-Stapler wurde so konzipiert, dass er leicht und wendig ist und eine passende und komfortable L\u00f6sung f\u00fcr die Bed\u00fcrfnisse der Benutzer bietet.  Die verschiedenen Branchen erfordern alle einen gewissen Transport von Lasten, die zwar nicht schwer sind, aber t\u00e4glich und immer wiederkehren: Pakete, Papierb\u00fcndel, kleine Kisten, B\u00fccher, Verbrauchsmaterial.  Mit einer Hubkraft von 60 kg und dank seiner geringen Gr\u00f6\u00dfe hilft er Ihnen bei Ihren t\u00e4glichen Aufgaben, m\u00fchelos, sicher und verbessert Ihre t\u00e4gliche Arbeitserfahrung.  Gesamth\u00f6he (mm) 1490 Hub (mm) 1235 Gewicht mit Werkzeug (Kg) 29,6 Maximale Tragf\u00e4higkeit (Kg)* 60 Riemenbelastbarkeit (Kg)417 Riemenbruchlast (Kg) 1615 Art der Steuerung Druckknopf Auf\/Ab Batterietyp 1 Lithium 24V - 10Ah Gesamtgewicht der Batterien (Kg) 2 Kg Ladeger\u00e4ttyp Extern Autonomie \/ Anz. Zyklen 300 Zyklen. Batterieanzeige Auf dem Kontrollgriff Art der Standbeine Winkel L\u00e4nge der Standbeine (mm) 420 Achsabstand der Beine (mm) 380 vorne - 420 hinten Typ der vorderen Rollen \u00d865 - schwenkbar Typ der hinteren Rollen \u00d8125 - mit Einzelbremse\" \/>\n<meta property=\"og:url\" content=\"https:\/\/www.ohis.be\/de\/produit\/dynamic-stapler\/\" \/>\n<meta property=\"og:site_name\" content=\"Ohis\" \/>\n<meta property=\"og:image\" content=\"https:\/\/www.ohis.be\/wp-content\/uploads\/2024\/08\/REG-DYNAMIC-01.jpg\" \/>\n\t<meta property=\"og:image:width\" content=\"1006\" \/>\n\t<meta property=\"og:image:height\" content=\"1686\" \/>\n\t<meta property=\"og:image:type\" content=\"image\/jpeg\" \/>\n<meta name=\"twitter:card\" content=\"summary_large_image\" \/>\n<meta name=\"twitter:label1\" content=\"Gesch\u00e4tzte Lesezeit\" \/>\n\t<meta name=\"twitter:data1\" content=\"1\u00a0Minute\" \/>\n<script type=\"application\/ld+json\" class=\"yoast-schema-graph\">{\"@context\":\"https:\\\/\\\/schema.org\",\"@graph\":[{\"@type\":\"WebPage\",\"@id\":\"https:\\\/\\\/www.ohis.be\\\/de\\\/produit\\\/dynamic-stapler\\\/\",\"url\":\"https:\\\/\\\/www.ohis.be\\\/de\\\/produit\\\/dynamic-stapler\\\/\",\"name\":\"DYNAMIC-Stapler - Ohis\",\"isPartOf\":{\"@id\":\"https:\\\/\\\/www.ohis.be\\\/de\\\/#website\"},\"primaryImageOfPage\":{\"@id\":\"https:\\\/\\\/www.ohis.be\\\/de\\\/produit\\\/dynamic-stapler\\\/#primaryimage\"},\"image\":{\"@id\":\"https:\\\/\\\/www.ohis.be\\\/de\\\/produit\\\/dynamic-stapler\\\/#primaryimage\"},\"thumbnailUrl\":\"https:\\\/\\\/www.ohis.be\\\/wp-content\\\/uploads\\\/2024\\\/08\\\/REG-DYNAMIC-01.jpg\",\"datePublished\":\"2024-08-29T09:55:22+00:00\",\"breadcrumb\":{\"@id\":\"https:\\\/\\\/www.ohis.be\\\/de\\\/produit\\\/dynamic-stapler\\\/#breadcrumb\"},\"inLanguage\":\"de\",\"potentialAction\":[{\"@type\":\"ReadAction\",\"target\":[\"https:\\\/\\\/www.ohis.be\\\/de\\\/produit\\\/dynamic-stapler\\\/\"]}]},{\"@type\":\"ImageObject\",\"inLanguage\":\"de\",\"@id\":\"https:\\\/\\\/www.ohis.be\\\/de\\\/produit\\\/dynamic-stapler\\\/#primaryimage\",\"url\":\"https:\\\/\\\/www.ohis.be\\\/wp-content\\\/uploads\\\/2024\\\/08\\\/REG-DYNAMIC-01.jpg\",\"contentUrl\":\"https:\\\/\\\/www.ohis.be\\\/wp-content\\\/uploads\\\/2024\\\/08\\\/REG-DYNAMIC-01.jpg\",\"width\":1006,\"height\":1686},{\"@type\":\"BreadcrumbList\",\"@id\":\"https:\\\/\\\/www.ohis.be\\\/de\\\/produit\\\/dynamic-stapler\\\/#breadcrumb\",\"itemListElement\":[{\"@type\":\"ListItem\",\"position\":1,\"name\":\"Accueil\",\"item\":\"https:\\\/\\\/www.ohis.be\\\/de\\\/\"},{\"@type\":\"ListItem\",\"position\":2,\"name\":\"Produkte\",\"item\":\"https:\\\/\\\/www.ohis.be\\\/de\\\/produkte\\\/\"},{\"@type\":\"ListItem\",\"position\":3,\"name\":\"DYNAMIC-Stapler\"}]},{\"@type\":\"WebSite\",\"@id\":\"https:\\\/\\\/www.ohis.be\\\/de\\\/#website\",\"url\":\"https:\\\/\\\/www.ohis.be\\\/de\\\/\",\"name\":\"Ohis\",\"description\":\"Outils de levage\",\"publisher\":{\"@id\":\"https:\\\/\\\/www.ohis.be\\\/de\\\/#organization\"},\"potentialAction\":[{\"@type\":\"SearchAction\",\"target\":{\"@type\":\"EntryPoint\",\"urlTemplate\":\"https:\\\/\\\/www.ohis.be\\\/de\\\/?s={search_term_string}\"},\"query-input\":{\"@type\":\"PropertyValueSpecification\",\"valueRequired\":true,\"valueName\":\"search_term_string\"}}],\"inLanguage\":\"de\"},{\"@type\":\"Organization\",\"@id\":\"https:\\\/\\\/www.ohis.be\\\/de\\\/#organization\",\"name\":\"Ohis\",\"url\":\"https:\\\/\\\/www.ohis.be\\\/de\\\/\",\"logo\":{\"@type\":\"ImageObject\",\"inLanguage\":\"de\",\"@id\":\"https:\\\/\\\/www.ohis.be\\\/de\\\/#\\\/schema\\\/logo\\\/image\\\/\",\"url\":\"https:\\\/\\\/www.ohis.be\\\/wp-content\\\/uploads\\\/2021\\\/02\\\/logo-ohis-wit.svg\",\"contentUrl\":\"https:\\\/\\\/www.ohis.be\\\/wp-content\\\/uploads\\\/2021\\\/02\\\/logo-ohis-wit.svg\",\"caption\":\"Ohis\"},\"image\":{\"@id\":\"https:\\\/\\\/www.ohis.be\\\/de\\\/#\\\/schema\\\/logo\\\/image\\\/\"}}]}<\/script>\n<!-- \/ Yoast SEO plugin. -->","yoast_head_json":{"title":"DYNAMIC-Stapler - Ohis","robots":{"index":"index","follow":"follow","max-snippet":"max-snippet:-1","max-image-preview":"max-image-preview:large","max-video-preview":"max-video-preview:-1"},"canonical":"https:\/\/www.ohis.be\/de\/produit\/dynamic-stapler\/","og_locale":"de_DE","og_type":"article","og_title":"DYNAMIC-Stapler - Ohis","og_description":"Der Kompakteste und Flexibelste  Der DYNAMIC-Stapler wurde so konzipiert, dass er leicht und wendig ist und eine passende und komfortable L\u00f6sung f\u00fcr die Bed\u00fcrfnisse der Benutzer bietet.  Die verschiedenen Branchen erfordern alle einen gewissen Transport von Lasten, die zwar nicht schwer sind, aber t\u00e4glich und immer wiederkehren: Pakete, Papierb\u00fcndel, kleine Kisten, B\u00fccher, Verbrauchsmaterial.  Mit einer Hubkraft von 60 kg und dank seiner geringen Gr\u00f6\u00dfe hilft er Ihnen bei Ihren t\u00e4glichen Aufgaben, m\u00fchelos, sicher und verbessert Ihre t\u00e4gliche Arbeitserfahrung.  Gesamth\u00f6he (mm) 1490 Hub (mm) 1235 Gewicht mit Werkzeug (Kg) 29,6 Maximale Tragf\u00e4higkeit (Kg)* 60 Riemenbelastbarkeit (Kg)417 Riemenbruchlast (Kg) 1615 Art der Steuerung Druckknopf Auf\/Ab Batterietyp 1 Lithium 24V - 10Ah Gesamtgewicht der Batterien (Kg) 2 Kg Ladeger\u00e4ttyp Extern Autonomie \/ Anz. Zyklen 300 Zyklen. Batterieanzeige Auf dem Kontrollgriff Art der Standbeine Winkel L\u00e4nge der Standbeine (mm) 420 Achsabstand der Beine (mm) 380 vorne - 420 hinten Typ der vorderen Rollen \u00d865 - schwenkbar Typ der hinteren Rollen \u00d8125 - mit Einzelbremse","og_url":"https:\/\/www.ohis.be\/de\/produit\/dynamic-stapler\/","og_site_name":"Ohis","og_image":[{"width":1006,"height":1686,"url":"https:\/\/www.ohis.be\/wp-content\/uploads\/2024\/08\/REG-DYNAMIC-01.jpg","type":"image\/jpeg"}],"twitter_card":"summary_large_image","twitter_misc":{"Gesch\u00e4tzte Lesezeit":"1\u00a0Minute"},"schema":{"@context":"https:\/\/schema.org","@graph":[{"@type":"WebPage","@id":"https:\/\/www.ohis.be\/de\/produit\/dynamic-stapler\/","url":"https:\/\/www.ohis.be\/de\/produit\/dynamic-stapler\/","name":"DYNAMIC-Stapler - Ohis","isPartOf":{"@id":"https:\/\/www.ohis.be\/de\/#website"},"primaryImageOfPage":{"@id":"https:\/\/www.ohis.be\/de\/produit\/dynamic-stapler\/#primaryimage"},"image":{"@id":"https:\/\/www.ohis.be\/de\/produit\/dynamic-stapler\/#primaryimage"},"thumbnailUrl":"https:\/\/www.ohis.be\/wp-content\/uploads\/2024\/08\/REG-DYNAMIC-01.jpg","datePublished":"2024-08-29T09:55:22+00:00","breadcrumb":{"@id":"https:\/\/www.ohis.be\/de\/produit\/dynamic-stapler\/#breadcrumb"},"inLanguage":"de","potentialAction":[{"@type":"ReadAction","target":["https:\/\/www.ohis.be\/de\/produit\/dynamic-stapler\/"]}]},{"@type":"ImageObject","inLanguage":"de","@id":"https:\/\/www.ohis.be\/de\/produit\/dynamic-stapler\/#primaryimage","url":"https:\/\/www.ohis.be\/wp-content\/uploads\/2024\/08\/REG-DYNAMIC-01.jpg","contentUrl":"https:\/\/www.ohis.be\/wp-content\/uploads\/2024\/08\/REG-DYNAMIC-01.jpg","width":1006,"height":1686},{"@type":"BreadcrumbList","@id":"https:\/\/www.ohis.be\/de\/produit\/dynamic-stapler\/#breadcrumb","itemListElement":[{"@type":"ListItem","position":1,"name":"Accueil","item":"https:\/\/www.ohis.be\/de\/"},{"@type":"ListItem","position":2,"name":"Produkte","item":"https:\/\/www.ohis.be\/de\/produkte\/"},{"@type":"ListItem","position":3,"name":"DYNAMIC-Stapler"}]},{"@type":"WebSite","@id":"https:\/\/www.ohis.be\/de\/#website","url":"https:\/\/www.ohis.be\/de\/","name":"Ohis","description":"Outils de levage","publisher":{"@id":"https:\/\/www.ohis.be\/de\/#organization"},"potentialAction":[{"@type":"SearchAction","target":{"@type":"EntryPoint","urlTemplate":"https:\/\/www.ohis.be\/de\/?s={search_term_string}"},"query-input":{"@type":"PropertyValueSpecification","valueRequired":true,"valueName":"search_term_string"}}],"inLanguage":"de"},{"@type":"Organization","@id":"https:\/\/www.ohis.be\/de\/#organization","name":"Ohis","url":"https:\/\/www.ohis.be\/de\/","logo":{"@type":"ImageObject","inLanguage":"de","@id":"https:\/\/www.ohis.be\/de\/#\/schema\/logo\/image\/","url":"https:\/\/www.ohis.be\/wp-content\/uploads\/2021\/02\/logo-ohis-wit.svg","contentUrl":"https:\/\/www.ohis.be\/wp-content\/uploads\/2021\/02\/logo-ohis-wit.svg","caption":"Ohis"},"image":{"@id":"https:\/\/www.ohis.be\/de\/#\/schema\/logo\/image\/"}}]}},"_links":{"self":[{"href":"https:\/\/www.ohis.be\/de\/wp-json\/wp\/v2\/product\/57006","targetHints":{"allow":["GET"]}}],"collection":[{"href":"https:\/\/www.ohis.be\/de\/wp-json\/wp\/v2\/product"}],"about":[{"href":"https:\/\/www.ohis.be\/de\/wp-json\/wp\/v2\/types\/product"}],"wp:featuredmedia":[{"embeddable":true,"href":"https:\/\/www.ohis.be\/de\/wp-json\/wp\/v2\/media\/56983"}],"wp:attachment":[{"href":"https:\/\/www.ohis.be\/de\/wp-json\/wp\/v2\/media?parent=57006"}],"wp:term":[{"taxonomy":"product_brand","embeddable":true,"href":"https:\/\/www.ohis.be\/de\/wp-json\/wp\/v2\/product_brand?post=57006"},{"taxonomy":"product_cat","embeddable":true,"href":"https:\/\/www.ohis.be\/de\/wp-json\/wp\/v2\/product_cat?post=57006"},{"taxonomy":"product_tag","embeddable":true,"href":"https:\/\/www.ohis.be\/de\/wp-json\/wp\/v2\/product_tag?post=57006"}],"curies":[{"name":"wp","href":"https:\/\/api.w.org\/{rel}","templated":true}]}}