{"id":55354,"date":"2024-08-05T15:31:57","date_gmt":"2024-08-05T13:31:57","guid":{"rendered":"https:\/\/www.ohis.be\/?post_type=product&#038;p=55354"},"modified":"2025-11-19T16:43:54","modified_gmt":"2025-11-19T15:43:54","slug":"zallys-dumper-jet-avec-benne-180l","status":"publish","type":"product","link":"https:\/\/www.ohis.be\/de\/produit\/zallys-dumper-jet-avec-benne-180l\/","title":{"rendered":"Zallys Dumper-Jet avec benne 180L"},"content":{"rendered":"<p>&nbsp;<\/p>\n<style>\n        body {<br \/>            font-family: Arial, sans-serif;<br \/>            margin: 20px;<br \/>            line-height: 1.6;<br \/>        }<br \/>        .promo {<br \/>            font-weight: bold;<br \/>            color: red;<br \/>        }<br \/>        .details {<br \/>            margin-top: 20px;<br \/>        }<br \/>        .details ul {<br \/>            list-style-type: none;<br \/>            padding: 0;<br \/>        }<br \/>        .details ul li {<br \/>            margin-bottom: 5px;<br \/>        }<br \/>    <\/style>\n<p>&nbsp;<\/p>\n<p class=\"promo\">PROMOTION uniquement valable pour une commande sur le webshop.<\/p>\n<p><strong>Mat\u00e9riel en stock<\/strong><\/p>\n<p>La brouette \u00e9lectrique professionnelle Zallys Dumper Jet est con\u00e7ue pour transporter jusqu&#8217;\u00e0 500 kg de charges. Elle est extr\u00eamement compacte et facile \u00e0 man\u0153uvrer.<\/p>\n<p>Le syst\u00e8me de basculement est semi-automatique.<\/p>\n<p>La vitesse de d\u00e9placement se r\u00e8gle facilement avec la poign\u00e9e tournante.<\/p>\n<div class=\"details\">\n<p><strong>Autres d\u00e9tails techniques :<\/strong><\/p>\n<ul>\n<li><strong>Puissance :<\/strong> 1000 W<\/li>\n<li><strong>Vitesse maximale :<\/strong> 5,5 km\/h<\/li>\n<li><strong>Livr\u00e9e avec chargeur<\/strong><\/li>\n<li><strong>Poids avec batterie :<\/strong> environ 150 kg<\/li>\n<\/ul>\n<\/div>\n<p>&nbsp;<\/p>\n","protected":false},"excerpt":{"rendered":"<p>&nbsp;<\/p>\n<style>\n        body {<br \/>            font-family: Arial, sans-serif;<br \/>            margin: 20px;<br \/>            line-height: 1.6;<br \/>        }<br \/>        .promo {<br \/>            font-weight: bold;<br \/>            color: red;<br \/>        }<br \/>        .details {<br \/>            margin-top: 20px;<br \/>        }<br \/>        .details ul {<br \/>            list-style-type: none;<br \/>            padding: 0;<br \/>        }<br \/>        .details ul li {<br \/>            margin-bottom: 5px;<br \/>        }<br \/>    <\/style>\n<p>&nbsp;<\/p>\n<p class=\"promo\">PROMOTION uniquement valable pour une commande sur le webshop.<\/p>\n<p><strong>Mat\u00e9riel en stock<\/strong><\/p>\n<p>La brouette \u00e9lectrique professionnelle Zallys Dumper Jet est con\u00e7ue pour transporter jusqu&#8217;\u00e0 500 kg de charges. Elle est extr\u00eamement compacte et facile \u00e0 man\u0153uvrer.<\/p>\n<p>Le syst\u00e8me de basculement est semi-automatique.<\/p>\n<p>La vitesse de d\u00e9placement se r\u00e8gle facilement avec la poign\u00e9e tournante.<\/p>\n<div class=\"details\">\n<p><strong>Autres d\u00e9tails techniques :<\/strong><\/p>\n<ul>\n<li><strong>Puissance :<\/strong> 1000 W<\/li>\n<li><strong>Vitesse maximale :<\/strong> 5,5 km\/h<\/li>\n<li><strong>Livr\u00e9e avec chargeur<\/strong><\/li>\n<li><strong>Poids avec batterie :<\/strong> environ 150 kg<\/li>\n<\/ul>\n<\/div>\n<p>&nbsp;<\/p>\n","protected":false},"featured_media":37973,"template":"","meta":{"_acf_changed":false,"inline_featured_image":false},"product_brand":[],"product_cat":[3834,4553],"product_tag":[],"class_list":{"0":"post-55354","1":"product","2":"type-product","3":"status-publish","4":"has-post-thumbnail","6":"product_cat-brouettes-et-transporteurs-electriques","7":"product_cat-offres-speciales","8":"product_shipping_class-3576","9":"yith_product_brand-zallys","11":"first","12":"instock","13":"sale","14":"taxable","15":"shipping-taxable","16":"purchasable","17":"product-type-simple"},"acf":[],"yoast_head":"<!-- This site is optimized with the Yoast SEO plugin v27.5 - https:\/\/yoast.com\/product\/yoast-seo-wordpress\/ -->\n<title>Zallys Dumper-Jet avec benne 180L - Ohis<\/title>\n<meta name=\"robots\" content=\"index, follow, max-snippet:-1, max-image-preview:large, max-video-preview:-1\" \/>\n<link rel=\"canonical\" href=\"https:\/\/www.ohis.be\/de\/produit\/zallys-dumper-jet-avec-benne-180l\/\" \/>\n<meta property=\"og:locale\" content=\"de_DE\" \/>\n<meta property=\"og:type\" content=\"article\" \/>\n<meta property=\"og:title\" content=\"Zallys Dumper-Jet avec benne 180L - Ohis\" \/>\n<meta property=\"og:description\" content=\"&nbsp;    &nbsp; PROMOTION uniquement valable pour une commande sur le webshop. Mat\u00e9riel en stock  La brouette \u00e9lectrique professionnelle Zallys Dumper Jet est con\u00e7ue pour transporter jusqu&#039;\u00e0 500 kg de charges. Elle est extr\u00eamement compacte et facile \u00e0 man\u0153uvrer.  Le syst\u00e8me de basculement est semi-automatique.  La vitesse de d\u00e9placement se r\u00e8gle facilement avec la poign\u00e9e tournante.   Autres d\u00e9tails techniques :   Puissance : 1000 W  Vitesse maximale : 5,5 km\/h  Livr\u00e9e avec chargeur  Poids avec batterie : environ 150 kg   &nbsp;\" \/>\n<meta property=\"og:url\" content=\"https:\/\/www.ohis.be\/de\/produit\/zallys-dumper-jet-avec-benne-180l\/\" \/>\n<meta property=\"og:site_name\" content=\"Ohis\" \/>\n<meta property=\"article:modified_time\" content=\"2025-11-19T15:43:54+00:00\" \/>\n<meta property=\"og:image\" content=\"https:\/\/www.ohis.be\/wp-content\/uploads\/2023\/10\/Dumper-jet-avec-cuve-180L.png\" \/>\n\t<meta property=\"og:image:width\" content=\"800\" \/>\n\t<meta property=\"og:image:height\" content=\"698\" \/>\n\t<meta property=\"og:image:type\" content=\"image\/png\" \/>\n<meta name=\"twitter:card\" content=\"summary_large_image\" \/>\n<meta name=\"twitter:label1\" content=\"Gesch\u00e4tzte Lesezeit\" \/>\n\t<meta name=\"twitter:data1\" content=\"1\u00a0Minute\" \/>\n<script type=\"application\/ld+json\" class=\"yoast-schema-graph\">{\"@context\":\"https:\\\/\\\/schema.org\",\"@graph\":[{\"@type\":\"WebPage\",\"@id\":\"https:\\\/\\\/www.ohis.be\\\/de\\\/produit\\\/zallys-dumper-jet-avec-benne-180l\\\/\",\"url\":\"https:\\\/\\\/www.ohis.be\\\/de\\\/produit\\\/zallys-dumper-jet-avec-benne-180l\\\/\",\"name\":\"Zallys Dumper-Jet avec benne 180L - Ohis\",\"isPartOf\":{\"@id\":\"https:\\\/\\\/www.ohis.be\\\/de\\\/#website\"},\"primaryImageOfPage\":{\"@id\":\"https:\\\/\\\/www.ohis.be\\\/de\\\/produit\\\/zallys-dumper-jet-avec-benne-180l\\\/#primaryimage\"},\"image\":{\"@id\":\"https:\\\/\\\/www.ohis.be\\\/de\\\/produit\\\/zallys-dumper-jet-avec-benne-180l\\\/#primaryimage\"},\"thumbnailUrl\":\"https:\\\/\\\/www.ohis.be\\\/wp-content\\\/uploads\\\/2023\\\/10\\\/Dumper-jet-avec-cuve-180L.png\",\"datePublished\":\"2024-08-05T13:31:57+00:00\",\"dateModified\":\"2025-11-19T15:43:54+00:00\",\"breadcrumb\":{\"@id\":\"https:\\\/\\\/www.ohis.be\\\/de\\\/produit\\\/zallys-dumper-jet-avec-benne-180l\\\/#breadcrumb\"},\"inLanguage\":\"de\",\"potentialAction\":[{\"@type\":\"ReadAction\",\"target\":[\"https:\\\/\\\/www.ohis.be\\\/de\\\/produit\\\/zallys-dumper-jet-avec-benne-180l\\\/\"]}]},{\"@type\":\"ImageObject\",\"inLanguage\":\"de\",\"@id\":\"https:\\\/\\\/www.ohis.be\\\/de\\\/produit\\\/zallys-dumper-jet-avec-benne-180l\\\/#primaryimage\",\"url\":\"https:\\\/\\\/www.ohis.be\\\/wp-content\\\/uploads\\\/2023\\\/10\\\/Dumper-jet-avec-cuve-180L.png\",\"contentUrl\":\"https:\\\/\\\/www.ohis.be\\\/wp-content\\\/uploads\\\/2023\\\/10\\\/Dumper-jet-avec-cuve-180L.png\",\"width\":800,\"height\":698},{\"@type\":\"BreadcrumbList\",\"@id\":\"https:\\\/\\\/www.ohis.be\\\/de\\\/produit\\\/zallys-dumper-jet-avec-benne-180l\\\/#breadcrumb\",\"itemListElement\":[{\"@type\":\"ListItem\",\"position\":1,\"name\":\"Accueil\",\"item\":\"https:\\\/\\\/www.ohis.be\\\/de\\\/\"},{\"@type\":\"ListItem\",\"position\":2,\"name\":\"Produkte\",\"item\":\"https:\\\/\\\/www.ohis.be\\\/de\\\/produkte\\\/\"},{\"@type\":\"ListItem\",\"position\":3,\"name\":\"Zallys Dumper-Jet avec benne 180L\"}]},{\"@type\":\"WebSite\",\"@id\":\"https:\\\/\\\/www.ohis.be\\\/de\\\/#website\",\"url\":\"https:\\\/\\\/www.ohis.be\\\/de\\\/\",\"name\":\"Ohis\",\"description\":\"Outils de levage\",\"publisher\":{\"@id\":\"https:\\\/\\\/www.ohis.be\\\/de\\\/#organization\"},\"potentialAction\":[{\"@type\":\"SearchAction\",\"target\":{\"@type\":\"EntryPoint\",\"urlTemplate\":\"https:\\\/\\\/www.ohis.be\\\/de\\\/?s={search_term_string}\"},\"query-input\":{\"@type\":\"PropertyValueSpecification\",\"valueRequired\":true,\"valueName\":\"search_term_string\"}}],\"inLanguage\":\"de\"},{\"@type\":\"Organization\",\"@id\":\"https:\\\/\\\/www.ohis.be\\\/de\\\/#organization\",\"name\":\"Ohis\",\"url\":\"https:\\\/\\\/www.ohis.be\\\/de\\\/\",\"logo\":{\"@type\":\"ImageObject\",\"inLanguage\":\"de\",\"@id\":\"https:\\\/\\\/www.ohis.be\\\/de\\\/#\\\/schema\\\/logo\\\/image\\\/\",\"url\":\"https:\\\/\\\/www.ohis.be\\\/wp-content\\\/uploads\\\/2021\\\/02\\\/logo-ohis-wit.svg\",\"contentUrl\":\"https:\\\/\\\/www.ohis.be\\\/wp-content\\\/uploads\\\/2021\\\/02\\\/logo-ohis-wit.svg\",\"caption\":\"Ohis\"},\"image\":{\"@id\":\"https:\\\/\\\/www.ohis.be\\\/de\\\/#\\\/schema\\\/logo\\\/image\\\/\"}}]}<\/script>\n<!-- \/ Yoast SEO plugin. -->","yoast_head_json":{"title":"Zallys Dumper-Jet avec benne 180L - Ohis","robots":{"index":"index","follow":"follow","max-snippet":"max-snippet:-1","max-image-preview":"max-image-preview:large","max-video-preview":"max-video-preview:-1"},"canonical":"https:\/\/www.ohis.be\/de\/produit\/zallys-dumper-jet-avec-benne-180l\/","og_locale":"de_DE","og_type":"article","og_title":"Zallys Dumper-Jet avec benne 180L - Ohis","og_description":"&nbsp;    &nbsp; PROMOTION uniquement valable pour une commande sur le webshop. Mat\u00e9riel en stock  La brouette \u00e9lectrique professionnelle Zallys Dumper Jet est con\u00e7ue pour transporter jusqu'\u00e0 500 kg de charges. Elle est extr\u00eamement compacte et facile \u00e0 man\u0153uvrer.  Le syst\u00e8me de basculement est semi-automatique.  La vitesse de d\u00e9placement se r\u00e8gle facilement avec la poign\u00e9e tournante.   Autres d\u00e9tails techniques :   Puissance : 1000 W  Vitesse maximale : 5,5 km\/h  Livr\u00e9e avec chargeur  Poids avec batterie : environ 150 kg   &nbsp;","og_url":"https:\/\/www.ohis.be\/de\/produit\/zallys-dumper-jet-avec-benne-180l\/","og_site_name":"Ohis","article_modified_time":"2025-11-19T15:43:54+00:00","og_image":[{"width":800,"height":698,"url":"https:\/\/www.ohis.be\/wp-content\/uploads\/2023\/10\/Dumper-jet-avec-cuve-180L.png","type":"image\/png"}],"twitter_card":"summary_large_image","twitter_misc":{"Gesch\u00e4tzte Lesezeit":"1\u00a0Minute"},"schema":{"@context":"https:\/\/schema.org","@graph":[{"@type":"WebPage","@id":"https:\/\/www.ohis.be\/de\/produit\/zallys-dumper-jet-avec-benne-180l\/","url":"https:\/\/www.ohis.be\/de\/produit\/zallys-dumper-jet-avec-benne-180l\/","name":"Zallys Dumper-Jet avec benne 180L - Ohis","isPartOf":{"@id":"https:\/\/www.ohis.be\/de\/#website"},"primaryImageOfPage":{"@id":"https:\/\/www.ohis.be\/de\/produit\/zallys-dumper-jet-avec-benne-180l\/#primaryimage"},"image":{"@id":"https:\/\/www.ohis.be\/de\/produit\/zallys-dumper-jet-avec-benne-180l\/#primaryimage"},"thumbnailUrl":"https:\/\/www.ohis.be\/wp-content\/uploads\/2023\/10\/Dumper-jet-avec-cuve-180L.png","datePublished":"2024-08-05T13:31:57+00:00","dateModified":"2025-11-19T15:43:54+00:00","breadcrumb":{"@id":"https:\/\/www.ohis.be\/de\/produit\/zallys-dumper-jet-avec-benne-180l\/#breadcrumb"},"inLanguage":"de","potentialAction":[{"@type":"ReadAction","target":["https:\/\/www.ohis.be\/de\/produit\/zallys-dumper-jet-avec-benne-180l\/"]}]},{"@type":"ImageObject","inLanguage":"de","@id":"https:\/\/www.ohis.be\/de\/produit\/zallys-dumper-jet-avec-benne-180l\/#primaryimage","url":"https:\/\/www.ohis.be\/wp-content\/uploads\/2023\/10\/Dumper-jet-avec-cuve-180L.png","contentUrl":"https:\/\/www.ohis.be\/wp-content\/uploads\/2023\/10\/Dumper-jet-avec-cuve-180L.png","width":800,"height":698},{"@type":"BreadcrumbList","@id":"https:\/\/www.ohis.be\/de\/produit\/zallys-dumper-jet-avec-benne-180l\/#breadcrumb","itemListElement":[{"@type":"ListItem","position":1,"name":"Accueil","item":"https:\/\/www.ohis.be\/de\/"},{"@type":"ListItem","position":2,"name":"Produkte","item":"https:\/\/www.ohis.be\/de\/produkte\/"},{"@type":"ListItem","position":3,"name":"Zallys Dumper-Jet avec benne 180L"}]},{"@type":"WebSite","@id":"https:\/\/www.ohis.be\/de\/#website","url":"https:\/\/www.ohis.be\/de\/","name":"Ohis","description":"Outils de levage","publisher":{"@id":"https:\/\/www.ohis.be\/de\/#organization"},"potentialAction":[{"@type":"SearchAction","target":{"@type":"EntryPoint","urlTemplate":"https:\/\/www.ohis.be\/de\/?s={search_term_string}"},"query-input":{"@type":"PropertyValueSpecification","valueRequired":true,"valueName":"search_term_string"}}],"inLanguage":"de"},{"@type":"Organization","@id":"https:\/\/www.ohis.be\/de\/#organization","name":"Ohis","url":"https:\/\/www.ohis.be\/de\/","logo":{"@type":"ImageObject","inLanguage":"de","@id":"https:\/\/www.ohis.be\/de\/#\/schema\/logo\/image\/","url":"https:\/\/www.ohis.be\/wp-content\/uploads\/2021\/02\/logo-ohis-wit.svg","contentUrl":"https:\/\/www.ohis.be\/wp-content\/uploads\/2021\/02\/logo-ohis-wit.svg","caption":"Ohis"},"image":{"@id":"https:\/\/www.ohis.be\/de\/#\/schema\/logo\/image\/"}}]}},"_links":{"self":[{"href":"https:\/\/www.ohis.be\/de\/wp-json\/wp\/v2\/product\/55354","targetHints":{"allow":["GET"]}}],"collection":[{"href":"https:\/\/www.ohis.be\/de\/wp-json\/wp\/v2\/product"}],"about":[{"href":"https:\/\/www.ohis.be\/de\/wp-json\/wp\/v2\/types\/product"}],"wp:featuredmedia":[{"embeddable":true,"href":"https:\/\/www.ohis.be\/de\/wp-json\/wp\/v2\/media\/37973"}],"wp:attachment":[{"href":"https:\/\/www.ohis.be\/de\/wp-json\/wp\/v2\/media?parent=55354"}],"wp:term":[{"taxonomy":"product_brand","embeddable":true,"href":"https:\/\/www.ohis.be\/de\/wp-json\/wp\/v2\/product_brand?post=55354"},{"taxonomy":"product_cat","embeddable":true,"href":"https:\/\/www.ohis.be\/de\/wp-json\/wp\/v2\/product_cat?post=55354"},{"taxonomy":"product_tag","embeddable":true,"href":"https:\/\/www.ohis.be\/de\/wp-json\/wp\/v2\/product_tag?post=55354"}],"curies":[{"name":"wp","href":"https:\/\/api.w.org\/{rel}","templated":true}]}}