{"id":49702,"date":"2024-04-15T15:12:41","date_gmt":"2024-04-15T13:12:41","guid":{"rendered":"https:\/\/www.ohis.be\/produit\/schaekel-hochfest-geschweifte-form-mit-schraubbolzen-stas\/"},"modified":"2024-04-15T15:12:41","modified_gmt":"2024-04-15T13:12:41","slug":"schaekel-hochfest-geschweifte-form-mit-schraubbolzen-stas","status":"publish","type":"product","link":"https:\/\/www.ohis.be\/de\/produit\/schaekel-hochfest-geschweifte-form-mit-schraubbolzen-stas\/","title":{"rendered":"Sch\u00e4kel, hochfest, geschweifte Form, mit Schraubbolzen &#8211; STAS"},"content":{"rendered":"<p>Der hochfeste Sch\u00e4kel der Marke STAS weist eine geschweifte Form auf und ist mit einem Schraubbolzen versehen. Er ist aus legiertem, verzinktem Stahl geschmiedet. Dieser hochfeste Stahl bietet einen Sicherheitsfaktor von 6.<\/p>\n<p>Der hochfeste Sch\u00e4kel in geschweifter Form ist einzeln verpackt und wird innerhalb kurzer Zeit mit einer CE-Erkl\u00e4rung fristgerecht geliefert. Er verf\u00fcgt \u00fcber eine gut sichtbare Kennzeichnung, die seine R\u00fcckverfolgbarkeit erm\u00f6glicht.<\/p>\n<p>&nbsp;<\/p>\n<p>Sch\u00e4kel geschmiedet<br \/>\nWerkstoff: hochfester galvanisierter Stahl<br \/>\nKennzeichnung und R\u00fcckverfolgbarkeit<\/p>\n","protected":false},"excerpt":{"rendered":"<p>Der hochfeste Sch\u00e4kel der Marke STAS weist eine geschweifte Form auf und ist mit einem Schraubbolzen versehen. Er ist aus legiertem, verzinktem Stahl geschmiedet. Dieser hochfeste Stahl bietet einen Sicherheitsfaktor von 6.<\/p>\n<p>Der hochfeste Sch\u00e4kel in geschweifter Form ist einzeln verpackt und wird innerhalb kurzer Zeit mit einer CE-Erkl\u00e4rung fristgerecht geliefert. Er verf\u00fcgt \u00fcber eine gut sichtbare Kennzeichnung, die seine R\u00fcckverfolgbarkeit erm\u00f6glicht.<\/p>\n<p>&nbsp;<\/p>\n<p>Sch\u00e4kel geschmiedet<br \/>\nWerkstoff: hochfester galvanisierter Stahl<br \/>\nKennzeichnung und R\u00fcckverfolgbarkeit<\/p>\n","protected":false},"featured_media":49428,"template":"","meta":{"_acf_changed":false,"inline_featured_image":false},"product_brand":[],"product_cat":[2305],"product_tag":[],"class_list":{"0":"post-49702","1":"product","2":"type-product","3":"status-publish","4":"has-post-thumbnail","6":"product_cat-hebeschaekel","7":"yith_product_brand-stas-de","9":"first","10":"instock","11":"taxable","12":"shipping-taxable","13":"purchasable","14":"product-type-variable"},"acf":[],"yoast_head":"<!-- This site is optimized with the Yoast SEO plugin v27.4 - https:\/\/yoast.com\/product\/yoast-seo-wordpress\/ -->\n<title>Sch\u00e4kel, hochfest, geschweifte Form, mit Schraubbolzen - STAS - Ohis<\/title>\n<meta name=\"robots\" content=\"index, follow, max-snippet:-1, max-image-preview:large, max-video-preview:-1\" \/>\n<link rel=\"canonical\" href=\"https:\/\/www.ohis.be\/de\/produit\/schaekel-hochfest-geschweifte-form-mit-schraubbolzen-stas\/\" \/>\n<meta property=\"og:locale\" content=\"de_DE\" \/>\n<meta property=\"og:type\" content=\"article\" \/>\n<meta property=\"og:title\" content=\"Sch\u00e4kel, hochfest, geschweifte Form, mit Schraubbolzen - STAS - Ohis\" \/>\n<meta property=\"og:description\" content=\"Der hochfeste Sch\u00e4kel der Marke STAS weist eine geschweifte Form auf und ist mit einem Schraubbolzen versehen. Er ist aus legiertem, verzinktem Stahl geschmiedet. Dieser hochfeste Stahl bietet einen Sicherheitsfaktor von 6.  Der hochfeste Sch\u00e4kel in geschweifter Form ist einzeln verpackt und wird innerhalb kurzer Zeit mit einer CE-Erkl\u00e4rung fristgerecht geliefert. Er verf\u00fcgt \u00fcber eine gut sichtbare Kennzeichnung, die seine R\u00fcckverfolgbarkeit erm\u00f6glicht.  &nbsp;  Sch\u00e4kel geschmiedet Werkstoff: hochfester galvanisierter Stahl Kennzeichnung und R\u00fcckverfolgbarkeit\" \/>\n<meta property=\"og:url\" content=\"https:\/\/www.ohis.be\/de\/produit\/schaekel-hochfest-geschweifte-form-mit-schraubbolzen-stas\/\" \/>\n<meta property=\"og:site_name\" content=\"Ohis\" \/>\n<meta property=\"og:image\" content=\"https:\/\/www.ohis.be\/wp-content\/uploads\/2024\/04\/q_Manille-lyre-a-vis-HR-stas.jpg\" \/>\n\t<meta property=\"og:image:width\" content=\"508\" \/>\n\t<meta property=\"og:image:height\" content=\"508\" \/>\n\t<meta property=\"og:image:type\" content=\"image\/jpeg\" \/>\n<meta name=\"twitter:card\" content=\"summary_large_image\" \/>\n<script type=\"application\/ld+json\" class=\"yoast-schema-graph\">{\"@context\":\"https:\\\/\\\/schema.org\",\"@graph\":[{\"@type\":\"WebPage\",\"@id\":\"https:\\\/\\\/www.ohis.be\\\/de\\\/produit\\\/schaekel-hochfest-geschweifte-form-mit-schraubbolzen-stas\\\/\",\"url\":\"https:\\\/\\\/www.ohis.be\\\/de\\\/produit\\\/schaekel-hochfest-geschweifte-form-mit-schraubbolzen-stas\\\/\",\"name\":\"Sch\u00e4kel, hochfest, geschweifte Form, mit Schraubbolzen - STAS - Ohis\",\"isPartOf\":{\"@id\":\"https:\\\/\\\/www.ohis.be\\\/#website\"},\"primaryImageOfPage\":{\"@id\":\"https:\\\/\\\/www.ohis.be\\\/de\\\/produit\\\/schaekel-hochfest-geschweifte-form-mit-schraubbolzen-stas\\\/#primaryimage\"},\"image\":{\"@id\":\"https:\\\/\\\/www.ohis.be\\\/de\\\/produit\\\/schaekel-hochfest-geschweifte-form-mit-schraubbolzen-stas\\\/#primaryimage\"},\"thumbnailUrl\":\"https:\\\/\\\/www.ohis.be\\\/wp-content\\\/uploads\\\/2024\\\/04\\\/q_Manille-lyre-a-vis-HR-stas.jpg\",\"datePublished\":\"2024-04-15T13:12:41+00:00\",\"breadcrumb\":{\"@id\":\"https:\\\/\\\/www.ohis.be\\\/de\\\/produit\\\/schaekel-hochfest-geschweifte-form-mit-schraubbolzen-stas\\\/#breadcrumb\"},\"inLanguage\":\"de\",\"potentialAction\":[{\"@type\":\"ReadAction\",\"target\":[\"https:\\\/\\\/www.ohis.be\\\/de\\\/produit\\\/schaekel-hochfest-geschweifte-form-mit-schraubbolzen-stas\\\/\"]}]},{\"@type\":\"ImageObject\",\"inLanguage\":\"de\",\"@id\":\"https:\\\/\\\/www.ohis.be\\\/de\\\/produit\\\/schaekel-hochfest-geschweifte-form-mit-schraubbolzen-stas\\\/#primaryimage\",\"url\":\"https:\\\/\\\/www.ohis.be\\\/wp-content\\\/uploads\\\/2024\\\/04\\\/q_Manille-lyre-a-vis-HR-stas.jpg\",\"contentUrl\":\"https:\\\/\\\/www.ohis.be\\\/wp-content\\\/uploads\\\/2024\\\/04\\\/q_Manille-lyre-a-vis-HR-stas.jpg\",\"width\":508,\"height\":508,\"caption\":\"Manille-lyre-\u00e0-vis-HR-stas\"},{\"@type\":\"BreadcrumbList\",\"@id\":\"https:\\\/\\\/www.ohis.be\\\/de\\\/produit\\\/schaekel-hochfest-geschweifte-form-mit-schraubbolzen-stas\\\/#breadcrumb\",\"itemListElement\":[{\"@type\":\"ListItem\",\"position\":1,\"name\":\"Accueil\",\"item\":\"https:\\\/\\\/www.ohis.be\\\/de\\\/\"},{\"@type\":\"ListItem\",\"position\":2,\"name\":\"Produkte\",\"item\":\"https:\\\/\\\/www.ohis.be\\\/de\\\/produkte\\\/\"},{\"@type\":\"ListItem\",\"position\":3,\"name\":\"Sch\u00e4kel, hochfest, geschweifte Form, mit Schraubbolzen &#8211; STAS\"}]},{\"@type\":\"WebSite\",\"@id\":\"https:\\\/\\\/www.ohis.be\\\/#website\",\"url\":\"https:\\\/\\\/www.ohis.be\\\/\",\"name\":\"Ohis\",\"description\":\"Outils de levage\",\"publisher\":{\"@id\":\"https:\\\/\\\/www.ohis.be\\\/#organization\"},\"potentialAction\":[{\"@type\":\"SearchAction\",\"target\":{\"@type\":\"EntryPoint\",\"urlTemplate\":\"https:\\\/\\\/www.ohis.be\\\/?s={search_term_string}\"},\"query-input\":{\"@type\":\"PropertyValueSpecification\",\"valueRequired\":true,\"valueName\":\"search_term_string\"}}],\"inLanguage\":\"de\"},{\"@type\":\"Organization\",\"@id\":\"https:\\\/\\\/www.ohis.be\\\/#organization\",\"name\":\"Ohis\",\"url\":\"https:\\\/\\\/www.ohis.be\\\/\",\"logo\":{\"@type\":\"ImageObject\",\"inLanguage\":\"de\",\"@id\":\"https:\\\/\\\/www.ohis.be\\\/#\\\/schema\\\/logo\\\/image\\\/\",\"url\":\"https:\\\/\\\/www.ohis.be\\\/wp-content\\\/uploads\\\/2021\\\/02\\\/logo-ohis-wit.svg\",\"contentUrl\":\"https:\\\/\\\/www.ohis.be\\\/wp-content\\\/uploads\\\/2021\\\/02\\\/logo-ohis-wit.svg\",\"caption\":\"Ohis\"},\"image\":{\"@id\":\"https:\\\/\\\/www.ohis.be\\\/#\\\/schema\\\/logo\\\/image\\\/\"}}]}<\/script>\n<!-- \/ Yoast SEO plugin. -->","yoast_head_json":{"title":"Sch\u00e4kel, hochfest, geschweifte Form, mit Schraubbolzen - STAS - Ohis","robots":{"index":"index","follow":"follow","max-snippet":"max-snippet:-1","max-image-preview":"max-image-preview:large","max-video-preview":"max-video-preview:-1"},"canonical":"https:\/\/www.ohis.be\/de\/produit\/schaekel-hochfest-geschweifte-form-mit-schraubbolzen-stas\/","og_locale":"de_DE","og_type":"article","og_title":"Sch\u00e4kel, hochfest, geschweifte Form, mit Schraubbolzen - STAS - Ohis","og_description":"Der hochfeste Sch\u00e4kel der Marke STAS weist eine geschweifte Form auf und ist mit einem Schraubbolzen versehen. Er ist aus legiertem, verzinktem Stahl geschmiedet. Dieser hochfeste Stahl bietet einen Sicherheitsfaktor von 6.  Der hochfeste Sch\u00e4kel in geschweifter Form ist einzeln verpackt und wird innerhalb kurzer Zeit mit einer CE-Erkl\u00e4rung fristgerecht geliefert. Er verf\u00fcgt \u00fcber eine gut sichtbare Kennzeichnung, die seine R\u00fcckverfolgbarkeit erm\u00f6glicht.  &nbsp;  Sch\u00e4kel geschmiedet Werkstoff: hochfester galvanisierter Stahl Kennzeichnung und R\u00fcckverfolgbarkeit","og_url":"https:\/\/www.ohis.be\/de\/produit\/schaekel-hochfest-geschweifte-form-mit-schraubbolzen-stas\/","og_site_name":"Ohis","og_image":[{"width":508,"height":508,"url":"https:\/\/www.ohis.be\/wp-content\/uploads\/2024\/04\/q_Manille-lyre-a-vis-HR-stas.jpg","type":"image\/jpeg"}],"twitter_card":"summary_large_image","schema":{"@context":"https:\/\/schema.org","@graph":[{"@type":"WebPage","@id":"https:\/\/www.ohis.be\/de\/produit\/schaekel-hochfest-geschweifte-form-mit-schraubbolzen-stas\/","url":"https:\/\/www.ohis.be\/de\/produit\/schaekel-hochfest-geschweifte-form-mit-schraubbolzen-stas\/","name":"Sch\u00e4kel, hochfest, geschweifte Form, mit Schraubbolzen - STAS - Ohis","isPartOf":{"@id":"https:\/\/www.ohis.be\/#website"},"primaryImageOfPage":{"@id":"https:\/\/www.ohis.be\/de\/produit\/schaekel-hochfest-geschweifte-form-mit-schraubbolzen-stas\/#primaryimage"},"image":{"@id":"https:\/\/www.ohis.be\/de\/produit\/schaekel-hochfest-geschweifte-form-mit-schraubbolzen-stas\/#primaryimage"},"thumbnailUrl":"https:\/\/www.ohis.be\/wp-content\/uploads\/2024\/04\/q_Manille-lyre-a-vis-HR-stas.jpg","datePublished":"2024-04-15T13:12:41+00:00","breadcrumb":{"@id":"https:\/\/www.ohis.be\/de\/produit\/schaekel-hochfest-geschweifte-form-mit-schraubbolzen-stas\/#breadcrumb"},"inLanguage":"de","potentialAction":[{"@type":"ReadAction","target":["https:\/\/www.ohis.be\/de\/produit\/schaekel-hochfest-geschweifte-form-mit-schraubbolzen-stas\/"]}]},{"@type":"ImageObject","inLanguage":"de","@id":"https:\/\/www.ohis.be\/de\/produit\/schaekel-hochfest-geschweifte-form-mit-schraubbolzen-stas\/#primaryimage","url":"https:\/\/www.ohis.be\/wp-content\/uploads\/2024\/04\/q_Manille-lyre-a-vis-HR-stas.jpg","contentUrl":"https:\/\/www.ohis.be\/wp-content\/uploads\/2024\/04\/q_Manille-lyre-a-vis-HR-stas.jpg","width":508,"height":508,"caption":"Manille-lyre-\u00e0-vis-HR-stas"},{"@type":"BreadcrumbList","@id":"https:\/\/www.ohis.be\/de\/produit\/schaekel-hochfest-geschweifte-form-mit-schraubbolzen-stas\/#breadcrumb","itemListElement":[{"@type":"ListItem","position":1,"name":"Accueil","item":"https:\/\/www.ohis.be\/de\/"},{"@type":"ListItem","position":2,"name":"Produkte","item":"https:\/\/www.ohis.be\/de\/produkte\/"},{"@type":"ListItem","position":3,"name":"Sch\u00e4kel, hochfest, geschweifte Form, mit Schraubbolzen &#8211; STAS"}]},{"@type":"WebSite","@id":"https:\/\/www.ohis.be\/#website","url":"https:\/\/www.ohis.be\/","name":"Ohis","description":"Outils de levage","publisher":{"@id":"https:\/\/www.ohis.be\/#organization"},"potentialAction":[{"@type":"SearchAction","target":{"@type":"EntryPoint","urlTemplate":"https:\/\/www.ohis.be\/?s={search_term_string}"},"query-input":{"@type":"PropertyValueSpecification","valueRequired":true,"valueName":"search_term_string"}}],"inLanguage":"de"},{"@type":"Organization","@id":"https:\/\/www.ohis.be\/#organization","name":"Ohis","url":"https:\/\/www.ohis.be\/","logo":{"@type":"ImageObject","inLanguage":"de","@id":"https:\/\/www.ohis.be\/#\/schema\/logo\/image\/","url":"https:\/\/www.ohis.be\/wp-content\/uploads\/2021\/02\/logo-ohis-wit.svg","contentUrl":"https:\/\/www.ohis.be\/wp-content\/uploads\/2021\/02\/logo-ohis-wit.svg","caption":"Ohis"},"image":{"@id":"https:\/\/www.ohis.be\/#\/schema\/logo\/image\/"}}]}},"_links":{"self":[{"href":"https:\/\/www.ohis.be\/de\/wp-json\/wp\/v2\/product\/49702","targetHints":{"allow":["GET"]}}],"collection":[{"href":"https:\/\/www.ohis.be\/de\/wp-json\/wp\/v2\/product"}],"about":[{"href":"https:\/\/www.ohis.be\/de\/wp-json\/wp\/v2\/types\/product"}],"wp:featuredmedia":[{"embeddable":true,"href":"https:\/\/www.ohis.be\/de\/wp-json\/wp\/v2\/media\/49428"}],"wp:attachment":[{"href":"https:\/\/www.ohis.be\/de\/wp-json\/wp\/v2\/media?parent=49702"}],"wp:term":[{"taxonomy":"product_brand","embeddable":true,"href":"https:\/\/www.ohis.be\/de\/wp-json\/wp\/v2\/product_brand?post=49702"},{"taxonomy":"product_cat","embeddable":true,"href":"https:\/\/www.ohis.be\/de\/wp-json\/wp\/v2\/product_cat?post=49702"},{"taxonomy":"product_tag","embeddable":true,"href":"https:\/\/www.ohis.be\/de\/wp-json\/wp\/v2\/product_tag?post=49702"}],"curies":[{"name":"wp","href":"https:\/\/api.w.org\/{rel}","templated":true}]}}