{"id":49613,"date":"2024-04-15T14:18:02","date_gmt":"2024-04-15T12:18:02","guid":{"rendered":"https:\/\/www.ohis.be\/produit\/hochfester-schweissbarer-lastbock\/"},"modified":"2024-04-15T14:18:02","modified_gmt":"2024-04-15T12:18:02","slug":"hochfester-schweissbarer-lastbock","status":"publish","type":"product","link":"https:\/\/www.ohis.be\/de\/produit\/hochfester-schweissbarer-lastbock\/","title":{"rendered":"Hochfester, schwei\u00dfbarer Lastbock"},"content":{"rendered":"<p>Der schwei\u00dfbare Lastbock besteht aus hochfestem Legierungsstahl der G\u00fcteklasse 8. Er bietet einen Sicherheitsfaktor von 4. Die Befestigungslaschen erm\u00f6glichen das schnelle Schwei\u00dfen. LIFTEUROP verf\u00fcgt in seinem Lager \u00fcber schwei\u00dfbare Lastb\u00f6cke mit einer Tragf\u00e4higkeit bis zu 15 Tonnen. Auf Anfrage ist eine Tragf\u00e4higkeit bis zu 50 Tonnen m\u00f6glich.<\/p>\n<p>LIFTEUROP kann ebenfalls Lastb\u00f6cke mit Legierungsstahl der G\u00fcteklasse 10 liefern. Auf Wunsch kann das Teil mit einer Haltefeder versehen werden. Diese erm\u00f6glicht optimale Ergonomie und h\u00e4lt den Aufh\u00e4ngeb\u00fcgel in jeder Position.<\/p>\n<p>Der schwei\u00dfbare Lastbock ist einzeln verpackt und wird innerhalb kurzer Zeit mit einer CE-Erkl\u00e4rung fristgerecht geliefert. Er verf\u00fcgt \u00fcber eine gut sichtbare Kennzeichnung.<\/p>\n<p>&nbsp;<\/p>\n<p>Tragf\u00e4higkeit bis 37,5t<br \/>\nWerkstoff: Hochfester Stahl der G\u00fcteklasse 8<br \/>\nWeitere verf\u00fcgbare Modelle: G\u00fcteklasse 10, Edelstahl, zum Verzurren, mit 2 Anschwei\u00dfb\u00f6cken<\/p>\n","protected":false},"excerpt":{"rendered":"<p>Der schwei\u00dfbare Lastbock besteht aus hochfestem Legierungsstahl der G\u00fcteklasse 8. Er bietet einen Sicherheitsfaktor von 4. Die Befestigungslaschen erm\u00f6glichen das schnelle Schwei\u00dfen. LIFTEUROP verf\u00fcgt in seinem Lager \u00fcber schwei\u00dfbare Lastb\u00f6cke mit einer Tragf\u00e4higkeit bis zu 15 Tonnen. Auf Anfrage ist eine Tragf\u00e4higkeit bis zu 50 Tonnen m\u00f6glich.<\/p>\n<p>LIFTEUROP kann ebenfalls Lastb\u00f6cke mit Legierungsstahl der G\u00fcteklasse 10 liefern. Auf Wunsch kann das Teil mit einer Haltefeder versehen werden. Diese erm\u00f6glicht optimale Ergonomie und h\u00e4lt den Aufh\u00e4ngeb\u00fcgel in jeder Position.<\/p>\n<p>Der schwei\u00dfbare Lastbock ist einzeln verpackt und wird innerhalb kurzer Zeit mit einer CE-Erkl\u00e4rung fristgerecht geliefert. Er verf\u00fcgt \u00fcber eine gut sichtbare Kennzeichnung.<\/p>\n<p>&nbsp;<\/p>\n<p>Tragf\u00e4higkeit bis 37,5t<br \/>\nWerkstoff: Hochfester Stahl der G\u00fcteklasse 8<br \/>\nWeitere verf\u00fcgbare Modelle: G\u00fcteklasse 10, Edelstahl, zum Verzurren, mit 2 Anschwei\u00dfb\u00f6cken<\/p>\n","protected":false},"featured_media":49391,"template":"","meta":{"_acf_changed":false,"inline_featured_image":false},"product_brand":[],"product_cat":[156,2300],"product_tag":[],"class_list":{"0":"post-49613","1":"product","2":"type-product","3":"status-publish","4":"has-post-thumbnail","6":"product_cat-general-de","7":"product_cat-heberinge","8":"yith_product_brand-codipro-de","10":"first","11":"onbackorder","12":"taxable","13":"shipping-taxable","14":"purchasable","15":"product-type-variable"},"acf":[],"yoast_head":"<!-- This site is optimized with the Yoast SEO plugin v27.4 - https:\/\/yoast.com\/product\/yoast-seo-wordpress\/ -->\n<title>Hochfester, schwei\u00dfbarer Lastbock - Ohis<\/title>\n<meta name=\"robots\" content=\"index, follow, max-snippet:-1, max-image-preview:large, max-video-preview:-1\" \/>\n<link rel=\"canonical\" href=\"https:\/\/www.ohis.be\/de\/produit\/hochfester-schweissbarer-lastbock\/\" \/>\n<meta property=\"og:locale\" content=\"de_DE\" \/>\n<meta property=\"og:type\" content=\"article\" \/>\n<meta property=\"og:title\" content=\"Hochfester, schwei\u00dfbarer Lastbock - Ohis\" \/>\n<meta property=\"og:description\" content=\"Der schwei\u00dfbare Lastbock besteht aus hochfestem Legierungsstahl der G\u00fcteklasse 8. Er bietet einen Sicherheitsfaktor von 4. Die Befestigungslaschen erm\u00f6glichen das schnelle Schwei\u00dfen. LIFTEUROP verf\u00fcgt in seinem Lager \u00fcber schwei\u00dfbare Lastb\u00f6cke mit einer Tragf\u00e4higkeit bis zu 15 Tonnen. Auf Anfrage ist eine Tragf\u00e4higkeit bis zu 50 Tonnen m\u00f6glich.  LIFTEUROP kann ebenfalls Lastb\u00f6cke mit Legierungsstahl der G\u00fcteklasse 10 liefern. Auf Wunsch kann das Teil mit einer Haltefeder versehen werden. Diese erm\u00f6glicht optimale Ergonomie und h\u00e4lt den Aufh\u00e4ngeb\u00fcgel in jeder Position.  Der schwei\u00dfbare Lastbock ist einzeln verpackt und wird innerhalb kurzer Zeit mit einer CE-Erkl\u00e4rung fristgerecht geliefert. Er verf\u00fcgt \u00fcber eine gut sichtbare Kennzeichnung.  &nbsp;  Tragf\u00e4higkeit bis 37,5t Werkstoff: Hochfester Stahl der G\u00fcteklasse 8 Weitere verf\u00fcgbare Modelle: G\u00fcteklasse 10, Edelstahl, zum Verzurren, mit 2 Anschwei\u00dfb\u00f6cken\" \/>\n<meta property=\"og:url\" content=\"https:\/\/www.ohis.be\/de\/produit\/hochfester-schweissbarer-lastbock\/\" \/>\n<meta property=\"og:site_name\" content=\"Ohis\" \/>\n<meta property=\"og:image\" content=\"https:\/\/www.ohis.be\/wp-content\/uploads\/2024\/04\/Capture-decran-2024-04-15-132212.png\" \/>\n\t<meta property=\"og:image:width\" content=\"365\" \/>\n\t<meta property=\"og:image:height\" content=\"263\" \/>\n\t<meta property=\"og:image:type\" content=\"image\/png\" \/>\n<meta name=\"twitter:card\" content=\"summary_large_image\" \/>\n<meta name=\"twitter:label1\" content=\"Gesch\u00e4tzte Lesezeit\" \/>\n\t<meta name=\"twitter:data1\" content=\"1\u00a0Minute\" \/>\n<script type=\"application\/ld+json\" class=\"yoast-schema-graph\">{\"@context\":\"https:\\\/\\\/schema.org\",\"@graph\":[{\"@type\":\"WebPage\",\"@id\":\"https:\\\/\\\/www.ohis.be\\\/de\\\/produit\\\/hochfester-schweissbarer-lastbock\\\/\",\"url\":\"https:\\\/\\\/www.ohis.be\\\/de\\\/produit\\\/hochfester-schweissbarer-lastbock\\\/\",\"name\":\"Hochfester, schwei\u00dfbarer Lastbock - Ohis\",\"isPartOf\":{\"@id\":\"https:\\\/\\\/www.ohis.be\\\/#website\"},\"primaryImageOfPage\":{\"@id\":\"https:\\\/\\\/www.ohis.be\\\/de\\\/produit\\\/hochfester-schweissbarer-lastbock\\\/#primaryimage\"},\"image\":{\"@id\":\"https:\\\/\\\/www.ohis.be\\\/de\\\/produit\\\/hochfester-schweissbarer-lastbock\\\/#primaryimage\"},\"thumbnailUrl\":\"https:\\\/\\\/www.ohis.be\\\/wp-content\\\/uploads\\\/2024\\\/04\\\/Capture-decran-2024-04-15-132212.png\",\"datePublished\":\"2024-04-15T12:18:02+00:00\",\"breadcrumb\":{\"@id\":\"https:\\\/\\\/www.ohis.be\\\/de\\\/produit\\\/hochfester-schweissbarer-lastbock\\\/#breadcrumb\"},\"inLanguage\":\"de\",\"potentialAction\":[{\"@type\":\"ReadAction\",\"target\":[\"https:\\\/\\\/www.ohis.be\\\/de\\\/produit\\\/hochfester-schweissbarer-lastbock\\\/\"]}]},{\"@type\":\"ImageObject\",\"inLanguage\":\"de\",\"@id\":\"https:\\\/\\\/www.ohis.be\\\/de\\\/produit\\\/hochfester-schweissbarer-lastbock\\\/#primaryimage\",\"url\":\"https:\\\/\\\/www.ohis.be\\\/wp-content\\\/uploads\\\/2024\\\/04\\\/Capture-decran-2024-04-15-132212.png\",\"contentUrl\":\"https:\\\/\\\/www.ohis.be\\\/wp-content\\\/uploads\\\/2024\\\/04\\\/Capture-decran-2024-04-15-132212.png\",\"width\":365,\"height\":263,\"caption\":\"anneau-de-levage-\u00e0-souder\"},{\"@type\":\"BreadcrumbList\",\"@id\":\"https:\\\/\\\/www.ohis.be\\\/de\\\/produit\\\/hochfester-schweissbarer-lastbock\\\/#breadcrumb\",\"itemListElement\":[{\"@type\":\"ListItem\",\"position\":1,\"name\":\"Accueil\",\"item\":\"https:\\\/\\\/www.ohis.be\\\/de\\\/\"},{\"@type\":\"ListItem\",\"position\":2,\"name\":\"Produkte\",\"item\":\"https:\\\/\\\/www.ohis.be\\\/de\\\/produkte\\\/\"},{\"@type\":\"ListItem\",\"position\":3,\"name\":\"Hochfester, schwei\u00dfbarer Lastbock\"}]},{\"@type\":\"WebSite\",\"@id\":\"https:\\\/\\\/www.ohis.be\\\/#website\",\"url\":\"https:\\\/\\\/www.ohis.be\\\/\",\"name\":\"Ohis\",\"description\":\"Outils de levage\",\"publisher\":{\"@id\":\"https:\\\/\\\/www.ohis.be\\\/#organization\"},\"potentialAction\":[{\"@type\":\"SearchAction\",\"target\":{\"@type\":\"EntryPoint\",\"urlTemplate\":\"https:\\\/\\\/www.ohis.be\\\/?s={search_term_string}\"},\"query-input\":{\"@type\":\"PropertyValueSpecification\",\"valueRequired\":true,\"valueName\":\"search_term_string\"}}],\"inLanguage\":\"de\"},{\"@type\":\"Organization\",\"@id\":\"https:\\\/\\\/www.ohis.be\\\/#organization\",\"name\":\"Ohis\",\"url\":\"https:\\\/\\\/www.ohis.be\\\/\",\"logo\":{\"@type\":\"ImageObject\",\"inLanguage\":\"de\",\"@id\":\"https:\\\/\\\/www.ohis.be\\\/#\\\/schema\\\/logo\\\/image\\\/\",\"url\":\"https:\\\/\\\/www.ohis.be\\\/wp-content\\\/uploads\\\/2021\\\/02\\\/logo-ohis-wit.svg\",\"contentUrl\":\"https:\\\/\\\/www.ohis.be\\\/wp-content\\\/uploads\\\/2021\\\/02\\\/logo-ohis-wit.svg\",\"caption\":\"Ohis\"},\"image\":{\"@id\":\"https:\\\/\\\/www.ohis.be\\\/#\\\/schema\\\/logo\\\/image\\\/\"}}]}<\/script>\n<!-- \/ Yoast SEO plugin. -->","yoast_head_json":{"title":"Hochfester, schwei\u00dfbarer Lastbock - Ohis","robots":{"index":"index","follow":"follow","max-snippet":"max-snippet:-1","max-image-preview":"max-image-preview:large","max-video-preview":"max-video-preview:-1"},"canonical":"https:\/\/www.ohis.be\/de\/produit\/hochfester-schweissbarer-lastbock\/","og_locale":"de_DE","og_type":"article","og_title":"Hochfester, schwei\u00dfbarer Lastbock - Ohis","og_description":"Der schwei\u00dfbare Lastbock besteht aus hochfestem Legierungsstahl der G\u00fcteklasse 8. Er bietet einen Sicherheitsfaktor von 4. Die Befestigungslaschen erm\u00f6glichen das schnelle Schwei\u00dfen. LIFTEUROP verf\u00fcgt in seinem Lager \u00fcber schwei\u00dfbare Lastb\u00f6cke mit einer Tragf\u00e4higkeit bis zu 15 Tonnen. Auf Anfrage ist eine Tragf\u00e4higkeit bis zu 50 Tonnen m\u00f6glich.  LIFTEUROP kann ebenfalls Lastb\u00f6cke mit Legierungsstahl der G\u00fcteklasse 10 liefern. Auf Wunsch kann das Teil mit einer Haltefeder versehen werden. Diese erm\u00f6glicht optimale Ergonomie und h\u00e4lt den Aufh\u00e4ngeb\u00fcgel in jeder Position.  Der schwei\u00dfbare Lastbock ist einzeln verpackt und wird innerhalb kurzer Zeit mit einer CE-Erkl\u00e4rung fristgerecht geliefert. Er verf\u00fcgt \u00fcber eine gut sichtbare Kennzeichnung.  &nbsp;  Tragf\u00e4higkeit bis 37,5t Werkstoff: Hochfester Stahl der G\u00fcteklasse 8 Weitere verf\u00fcgbare Modelle: G\u00fcteklasse 10, Edelstahl, zum Verzurren, mit 2 Anschwei\u00dfb\u00f6cken","og_url":"https:\/\/www.ohis.be\/de\/produit\/hochfester-schweissbarer-lastbock\/","og_site_name":"Ohis","og_image":[{"width":365,"height":263,"url":"https:\/\/www.ohis.be\/wp-content\/uploads\/2024\/04\/Capture-decran-2024-04-15-132212.png","type":"image\/png"}],"twitter_card":"summary_large_image","twitter_misc":{"Gesch\u00e4tzte Lesezeit":"1\u00a0Minute"},"schema":{"@context":"https:\/\/schema.org","@graph":[{"@type":"WebPage","@id":"https:\/\/www.ohis.be\/de\/produit\/hochfester-schweissbarer-lastbock\/","url":"https:\/\/www.ohis.be\/de\/produit\/hochfester-schweissbarer-lastbock\/","name":"Hochfester, schwei\u00dfbarer Lastbock - Ohis","isPartOf":{"@id":"https:\/\/www.ohis.be\/#website"},"primaryImageOfPage":{"@id":"https:\/\/www.ohis.be\/de\/produit\/hochfester-schweissbarer-lastbock\/#primaryimage"},"image":{"@id":"https:\/\/www.ohis.be\/de\/produit\/hochfester-schweissbarer-lastbock\/#primaryimage"},"thumbnailUrl":"https:\/\/www.ohis.be\/wp-content\/uploads\/2024\/04\/Capture-decran-2024-04-15-132212.png","datePublished":"2024-04-15T12:18:02+00:00","breadcrumb":{"@id":"https:\/\/www.ohis.be\/de\/produit\/hochfester-schweissbarer-lastbock\/#breadcrumb"},"inLanguage":"de","potentialAction":[{"@type":"ReadAction","target":["https:\/\/www.ohis.be\/de\/produit\/hochfester-schweissbarer-lastbock\/"]}]},{"@type":"ImageObject","inLanguage":"de","@id":"https:\/\/www.ohis.be\/de\/produit\/hochfester-schweissbarer-lastbock\/#primaryimage","url":"https:\/\/www.ohis.be\/wp-content\/uploads\/2024\/04\/Capture-decran-2024-04-15-132212.png","contentUrl":"https:\/\/www.ohis.be\/wp-content\/uploads\/2024\/04\/Capture-decran-2024-04-15-132212.png","width":365,"height":263,"caption":"anneau-de-levage-\u00e0-souder"},{"@type":"BreadcrumbList","@id":"https:\/\/www.ohis.be\/de\/produit\/hochfester-schweissbarer-lastbock\/#breadcrumb","itemListElement":[{"@type":"ListItem","position":1,"name":"Accueil","item":"https:\/\/www.ohis.be\/de\/"},{"@type":"ListItem","position":2,"name":"Produkte","item":"https:\/\/www.ohis.be\/de\/produkte\/"},{"@type":"ListItem","position":3,"name":"Hochfester, schwei\u00dfbarer Lastbock"}]},{"@type":"WebSite","@id":"https:\/\/www.ohis.be\/#website","url":"https:\/\/www.ohis.be\/","name":"Ohis","description":"Outils de levage","publisher":{"@id":"https:\/\/www.ohis.be\/#organization"},"potentialAction":[{"@type":"SearchAction","target":{"@type":"EntryPoint","urlTemplate":"https:\/\/www.ohis.be\/?s={search_term_string}"},"query-input":{"@type":"PropertyValueSpecification","valueRequired":true,"valueName":"search_term_string"}}],"inLanguage":"de"},{"@type":"Organization","@id":"https:\/\/www.ohis.be\/#organization","name":"Ohis","url":"https:\/\/www.ohis.be\/","logo":{"@type":"ImageObject","inLanguage":"de","@id":"https:\/\/www.ohis.be\/#\/schema\/logo\/image\/","url":"https:\/\/www.ohis.be\/wp-content\/uploads\/2021\/02\/logo-ohis-wit.svg","contentUrl":"https:\/\/www.ohis.be\/wp-content\/uploads\/2021\/02\/logo-ohis-wit.svg","caption":"Ohis"},"image":{"@id":"https:\/\/www.ohis.be\/#\/schema\/logo\/image\/"}}]}},"_links":{"self":[{"href":"https:\/\/www.ohis.be\/de\/wp-json\/wp\/v2\/product\/49613","targetHints":{"allow":["GET"]}}],"collection":[{"href":"https:\/\/www.ohis.be\/de\/wp-json\/wp\/v2\/product"}],"about":[{"href":"https:\/\/www.ohis.be\/de\/wp-json\/wp\/v2\/types\/product"}],"wp:featuredmedia":[{"embeddable":true,"href":"https:\/\/www.ohis.be\/de\/wp-json\/wp\/v2\/media\/49391"}],"wp:attachment":[{"href":"https:\/\/www.ohis.be\/de\/wp-json\/wp\/v2\/media?parent=49613"}],"wp:term":[{"taxonomy":"product_brand","embeddable":true,"href":"https:\/\/www.ohis.be\/de\/wp-json\/wp\/v2\/product_brand?post=49613"},{"taxonomy":"product_cat","embeddable":true,"href":"https:\/\/www.ohis.be\/de\/wp-json\/wp\/v2\/product_cat?post=49613"},{"taxonomy":"product_tag","embeddable":true,"href":"https:\/\/www.ohis.be\/de\/wp-json\/wp\/v2\/product_tag?post=49613"}],"curies":[{"name":"wp","href":"https:\/\/api.w.org\/{rel}","templated":true}]}}