{"id":48011,"date":"2024-03-19T09:32:31","date_gmt":"2024-03-19T08:32:31","guid":{"rendered":"https:\/\/www.ohis.be\/produit\/anschlagwirbel-fuer-eine-schnellmontage-aus-edelstahl-ss-ql-dsr\/"},"modified":"2024-03-19T09:32:31","modified_gmt":"2024-03-19T08:32:31","slug":"anschlagwirbel-fuer-eine-schnellmontage-aus-edelstahl-ss-ql-dsr","status":"publish","type":"product","link":"https:\/\/www.ohis.be\/de\/produit\/anschlagwirbel-fuer-eine-schnellmontage-aus-edelstahl-ss-ql-dsr\/","title":{"rendered":"Anschlagwirbel f\u00fcr eine Schnellmontage aus Edelstahl &#8211; SS.QL.DSR"},"content":{"rendered":"<p>Der Anschlagwirbel SS.QLR (Quick Lift Ring) bzw. SS.QL.DSR ist ein <strong>dreh- und schwenkbarer Anschlagwirbel aus Edelstahl,<\/strong> der eine besonders<strong> schnelle Montage erm\u00f6glicht<\/strong>. Durch die Bet\u00e4tigung eines Druckknopfes kann er binnen Sekunden im Innengewinde befestigt werden. Seine Dreh- und Schwenkfunktion erm\u00f6glicht eine perfekte Ausrichtung in die Zugrichtung. Der QL.DSR erm\u00f6glicht eine <strong>Zeitersparnis von bis zu 80 %<\/strong> gegen\u00fcber dem Einschrauben eines klassischen Anschlagwirbels. Es handelt sich um ein rein mechanisches System, wodurch es weitestgehend wartungsfrei ist.<\/p>\n<p>Wie alle Edelstahl-Anschlagwirbel von CODIPRO weist der SS.QL.DSR <strong>optimale Korrosionsbest\u00e4ndigkeit<\/strong> auf. Dies gew\u00e4hrleistet optimale Langlebigkeit und erm\u00f6glicht die Verwendung in feuchten, chemischen, maritimen, Umgebungen, usw.<\/p>\n<p>Er ist unter Ber\u00fccksichtigung des eingravierten Anzugsdrehmoments f\u00fcr jede Art von Hebevorgang (gerader Zug, mit Hebewinkel, Kippen, Drehen) geeignet.<\/p>\n<p>Der SS.QL.DSR ist f\u00fcr einen Temperaturbereich zwischen -20\u00b0c und +200\u00b0c geeignet und mit verschiedenen Kennzeichnungen versehen, darunter die CE-Kennzeichnung, die Tragf\u00e4higkeit und das Anzugsdrehmoment. ie wurde unter Einhaltung der REACH-Verordnung hergestellt und ist auch in Stahl erh\u00e4ltlich.<\/p>\n<p>&nbsp;<\/p>\n<div id=\"ConnectiveDocSignExtentionInstalled\" data-extension-version=\"1.0.4\"><\/div>\n<blockquote><p>Kein Sicherungsring<br \/>\nKein Kugellager<\/p><\/blockquote>\n<ul class=\"technical_datasheet\">\n<li class=\"technical_datasheet__item\">Sicherheitsfaktor 4:1 und 5:1<\/li>\n<li class=\"technical_datasheet__item\">Edelstahl 316L<\/li>\n<li class=\"technical_datasheet__item\">Drehbar unter Last<\/li>\n<li class=\"technical_datasheet__item\">360\u00b0 drehbar &#8211; 180\u00b0 schwenkbar<\/li>\n<li class=\"technical_datasheet__item\">Entspricht der Maschinenrichtlinie 2006\/42\/CE<\/li>\n<li class=\"technical_datasheet__item\">Hergestellt nach EN 1677-1<\/li>\n<li class=\"technical_datasheet__item\">Individueller R\u00fcckverfolgbarkeitscode<\/li>\n<\/ul>\n","protected":false},"excerpt":{"rendered":"<p>Der Anschlagwirbel SS.QLR (Quick Lift Ring) bzw. SS.QL.DSR ist ein <strong>dreh- und schwenkbarer Anschlagwirbel aus Edelstahl,<\/strong> der eine besonders<strong> schnelle Montage erm\u00f6glicht<\/strong>. Durch die Bet\u00e4tigung eines Druckknopfes kann er binnen Sekunden im Innengewinde befestigt werden. Seine Dreh- und Schwenkfunktion erm\u00f6glicht eine perfekte Ausrichtung in die Zugrichtung. Der QL.DSR erm\u00f6glicht eine <strong>Zeitersparnis von bis zu 80 %<\/strong> gegen\u00fcber dem Einschrauben eines klassischen Anschlagwirbels. Es handelt sich um ein rein mechanisches System, wodurch es weitestgehend wartungsfrei ist.<\/p>\n<p>Wie alle Edelstahl-Anschlagwirbel von CODIPRO weist der SS.QL.DSR <strong>optimale Korrosionsbest\u00e4ndigkeit<\/strong> auf. Dies gew\u00e4hrleistet optimale Langlebigkeit und erm\u00f6glicht die Verwendung in feuchten, chemischen, maritimen, Umgebungen, usw.<\/p>\n<p>Er ist unter Ber\u00fccksichtigung des eingravierten Anzugsdrehmoments f\u00fcr jede Art von Hebevorgang (gerader Zug, mit Hebewinkel, Kippen, Drehen) geeignet.<\/p>\n<p>Der SS.QL.DSR ist f\u00fcr einen Temperaturbereich zwischen -20\u00b0c und +200\u00b0c geeignet und mit verschiedenen Kennzeichnungen versehen, darunter die CE-Kennzeichnung, die Tragf\u00e4higkeit und das Anzugsdrehmoment. ie wurde unter Einhaltung der REACH-Verordnung hergestellt und ist auch in Stahl erh\u00e4ltlich.<\/p>\n<p>&nbsp;<\/p>\n<div id=\"ConnectiveDocSignExtentionInstalled\" data-extension-version=\"1.0.4\"><\/div>\n<blockquote><p>Kein Sicherungsring<br \/>\nKein Kugellager<\/p><\/blockquote>\n<ul class=\"technical_datasheet\">\n<li class=\"technical_datasheet__item\">Sicherheitsfaktor 4:1 und 5:1<\/li>\n<li class=\"technical_datasheet__item\">Edelstahl 316L<\/li>\n<li class=\"technical_datasheet__item\">Drehbar unter Last<\/li>\n<li class=\"technical_datasheet__item\">360\u00b0 drehbar &#8211; 180\u00b0 schwenkbar<\/li>\n<li class=\"technical_datasheet__item\">Entspricht der Maschinenrichtlinie 2006\/42\/CE<\/li>\n<li class=\"technical_datasheet__item\">Hergestellt nach EN 1677-1<\/li>\n<li class=\"technical_datasheet__item\">Individueller R\u00fcckverfolgbarkeitscode<\/li>\n<\/ul>\n","protected":false},"featured_media":47194,"template":"","meta":{"_acf_changed":false,"inline_featured_image":false},"product_brand":[],"product_cat":[2300],"product_tag":[],"class_list":{"0":"post-48011","1":"product","2":"type-product","3":"status-publish","4":"has-post-thumbnail","6":"product_cat-heberinge","7":"yith_product_brand-codipro-de","9":"first","10":"onbackorder","11":"taxable","12":"shipping-taxable","13":"purchasable","14":"product-type-variable"},"acf":[],"yoast_head":"<!-- This site is optimized with the Yoast SEO plugin v27.4 - https:\/\/yoast.com\/product\/yoast-seo-wordpress\/ -->\n<title>Anschlagwirbel f\u00fcr eine Schnellmontage aus Edelstahl - SS.QL.DSR - Ohis<\/title>\n<meta name=\"robots\" content=\"index, follow, max-snippet:-1, max-image-preview:large, max-video-preview:-1\" \/>\n<link rel=\"canonical\" href=\"https:\/\/www.ohis.be\/de\/produit\/anschlagwirbel-fuer-eine-schnellmontage-aus-edelstahl-ss-ql-dsr\/\" \/>\n<meta property=\"og:locale\" content=\"de_DE\" \/>\n<meta property=\"og:type\" content=\"article\" \/>\n<meta property=\"og:title\" content=\"Anschlagwirbel f\u00fcr eine Schnellmontage aus Edelstahl - SS.QL.DSR - Ohis\" \/>\n<meta property=\"og:description\" content=\"Der Anschlagwirbel SS.QLR (Quick Lift Ring) bzw. SS.QL.DSR ist ein dreh- und schwenkbarer Anschlagwirbel aus Edelstahl, der eine besonders schnelle Montage erm\u00f6glicht. Durch die Bet\u00e4tigung eines Druckknopfes kann er binnen Sekunden im Innengewinde befestigt werden. Seine Dreh- und Schwenkfunktion erm\u00f6glicht eine perfekte Ausrichtung in die Zugrichtung. Der QL.DSR erm\u00f6glicht eine Zeitersparnis von bis zu 80 % gegen\u00fcber dem Einschrauben eines klassischen Anschlagwirbels. Es handelt sich um ein rein mechanisches System, wodurch es weitestgehend wartungsfrei ist.  Wie alle Edelstahl-Anschlagwirbel von CODIPRO weist der SS.QL.DSR optimale Korrosionsbest\u00e4ndigkeit auf. Dies gew\u00e4hrleistet optimale Langlebigkeit und erm\u00f6glicht die Verwendung in feuchten, chemischen, maritimen, Umgebungen, usw.  Er ist unter Ber\u00fccksichtigung des eingravierten Anzugsdrehmoments f\u00fcr jede Art von Hebevorgang (gerader Zug, mit Hebewinkel, Kippen, Drehen) geeignet.  Der SS.QL.DSR ist f\u00fcr einen Temperaturbereich zwischen -20\u00b0c und +200\u00b0c geeignet und mit verschiedenen Kennzeichnungen versehen, darunter die CE-Kennzeichnung, die Tragf\u00e4higkeit und das Anzugsdrehmoment. ie wurde unter Einhaltung der REACH-Verordnung hergestellt und ist auch in Stahl erh\u00e4ltlich.  &nbsp;  Kein Sicherungsring Kein Kugellager   Sicherheitsfaktor 4:1 und 5:1  Edelstahl 316L  Drehbar unter Last  360\u00b0 drehbar - 180\u00b0 schwenkbar  Entspricht der Maschinenrichtlinie 2006\/42\/CE  Hergestellt nach EN 1677-1  Individueller R\u00fcckverfolgbarkeitscode\" \/>\n<meta property=\"og:url\" content=\"https:\/\/www.ohis.be\/de\/produit\/anschlagwirbel-fuer-eine-schnellmontage-aus-edelstahl-ss-ql-dsr\/\" \/>\n<meta property=\"og:site_name\" content=\"Ohis\" \/>\n<meta property=\"og:image\" content=\"https:\/\/www.ohis.be\/wp-content\/uploads\/2024\/03\/g_SS.QL_.DSR_.jpg\" \/>\n\t<meta property=\"og:image:width\" content=\"386\" \/>\n\t<meta property=\"og:image:height\" content=\"529\" \/>\n\t<meta property=\"og:image:type\" content=\"image\/jpeg\" \/>\n<meta name=\"twitter:card\" content=\"summary_large_image\" \/>\n<meta name=\"twitter:label1\" content=\"Gesch\u00e4tzte Lesezeit\" \/>\n\t<meta name=\"twitter:data1\" content=\"1\u00a0Minute\" \/>\n<script type=\"application\/ld+json\" class=\"yoast-schema-graph\">{\"@context\":\"https:\\\/\\\/schema.org\",\"@graph\":[{\"@type\":\"WebPage\",\"@id\":\"https:\\\/\\\/www.ohis.be\\\/de\\\/produit\\\/anschlagwirbel-fuer-eine-schnellmontage-aus-edelstahl-ss-ql-dsr\\\/\",\"url\":\"https:\\\/\\\/www.ohis.be\\\/de\\\/produit\\\/anschlagwirbel-fuer-eine-schnellmontage-aus-edelstahl-ss-ql-dsr\\\/\",\"name\":\"Anschlagwirbel f\u00fcr eine Schnellmontage aus Edelstahl - SS.QL.DSR - Ohis\",\"isPartOf\":{\"@id\":\"https:\\\/\\\/www.ohis.be\\\/#website\"},\"primaryImageOfPage\":{\"@id\":\"https:\\\/\\\/www.ohis.be\\\/de\\\/produit\\\/anschlagwirbel-fuer-eine-schnellmontage-aus-edelstahl-ss-ql-dsr\\\/#primaryimage\"},\"image\":{\"@id\":\"https:\\\/\\\/www.ohis.be\\\/de\\\/produit\\\/anschlagwirbel-fuer-eine-schnellmontage-aus-edelstahl-ss-ql-dsr\\\/#primaryimage\"},\"thumbnailUrl\":\"https:\\\/\\\/www.ohis.be\\\/wp-content\\\/uploads\\\/2024\\\/03\\\/g_SS.QL_.DSR_.jpg\",\"datePublished\":\"2024-03-19T08:32:31+00:00\",\"breadcrumb\":{\"@id\":\"https:\\\/\\\/www.ohis.be\\\/de\\\/produit\\\/anschlagwirbel-fuer-eine-schnellmontage-aus-edelstahl-ss-ql-dsr\\\/#breadcrumb\"},\"inLanguage\":\"de\",\"potentialAction\":[{\"@type\":\"ReadAction\",\"target\":[\"https:\\\/\\\/www.ohis.be\\\/de\\\/produit\\\/anschlagwirbel-fuer-eine-schnellmontage-aus-edelstahl-ss-ql-dsr\\\/\"]}]},{\"@type\":\"ImageObject\",\"inLanguage\":\"de\",\"@id\":\"https:\\\/\\\/www.ohis.be\\\/de\\\/produit\\\/anschlagwirbel-fuer-eine-schnellmontage-aus-edelstahl-ss-ql-dsr\\\/#primaryimage\",\"url\":\"https:\\\/\\\/www.ohis.be\\\/wp-content\\\/uploads\\\/2024\\\/03\\\/g_SS.QL_.DSR_.jpg\",\"contentUrl\":\"https:\\\/\\\/www.ohis.be\\\/wp-content\\\/uploads\\\/2024\\\/03\\\/g_SS.QL_.DSR_.jpg\",\"width\":386,\"height\":529,\"caption\":\"SS.QL.DSR\"},{\"@type\":\"BreadcrumbList\",\"@id\":\"https:\\\/\\\/www.ohis.be\\\/de\\\/produit\\\/anschlagwirbel-fuer-eine-schnellmontage-aus-edelstahl-ss-ql-dsr\\\/#breadcrumb\",\"itemListElement\":[{\"@type\":\"ListItem\",\"position\":1,\"name\":\"Accueil\",\"item\":\"https:\\\/\\\/www.ohis.be\\\/de\\\/\"},{\"@type\":\"ListItem\",\"position\":2,\"name\":\"Produkte\",\"item\":\"https:\\\/\\\/www.ohis.be\\\/de\\\/produkte\\\/\"},{\"@type\":\"ListItem\",\"position\":3,\"name\":\"Anschlagwirbel f\u00fcr eine Schnellmontage aus Edelstahl &#8211; SS.QL.DSR\"}]},{\"@type\":\"WebSite\",\"@id\":\"https:\\\/\\\/www.ohis.be\\\/#website\",\"url\":\"https:\\\/\\\/www.ohis.be\\\/\",\"name\":\"Ohis\",\"description\":\"Outils de levage\",\"publisher\":{\"@id\":\"https:\\\/\\\/www.ohis.be\\\/#organization\"},\"potentialAction\":[{\"@type\":\"SearchAction\",\"target\":{\"@type\":\"EntryPoint\",\"urlTemplate\":\"https:\\\/\\\/www.ohis.be\\\/?s={search_term_string}\"},\"query-input\":{\"@type\":\"PropertyValueSpecification\",\"valueRequired\":true,\"valueName\":\"search_term_string\"}}],\"inLanguage\":\"de\"},{\"@type\":\"Organization\",\"@id\":\"https:\\\/\\\/www.ohis.be\\\/#organization\",\"name\":\"Ohis\",\"url\":\"https:\\\/\\\/www.ohis.be\\\/\",\"logo\":{\"@type\":\"ImageObject\",\"inLanguage\":\"de\",\"@id\":\"https:\\\/\\\/www.ohis.be\\\/#\\\/schema\\\/logo\\\/image\\\/\",\"url\":\"https:\\\/\\\/www.ohis.be\\\/wp-content\\\/uploads\\\/2021\\\/02\\\/logo-ohis-wit.svg\",\"contentUrl\":\"https:\\\/\\\/www.ohis.be\\\/wp-content\\\/uploads\\\/2021\\\/02\\\/logo-ohis-wit.svg\",\"caption\":\"Ohis\"},\"image\":{\"@id\":\"https:\\\/\\\/www.ohis.be\\\/#\\\/schema\\\/logo\\\/image\\\/\"}}]}<\/script>\n<!-- \/ Yoast SEO plugin. -->","yoast_head_json":{"title":"Anschlagwirbel f\u00fcr eine Schnellmontage aus Edelstahl - SS.QL.DSR - Ohis","robots":{"index":"index","follow":"follow","max-snippet":"max-snippet:-1","max-image-preview":"max-image-preview:large","max-video-preview":"max-video-preview:-1"},"canonical":"https:\/\/www.ohis.be\/de\/produit\/anschlagwirbel-fuer-eine-schnellmontage-aus-edelstahl-ss-ql-dsr\/","og_locale":"de_DE","og_type":"article","og_title":"Anschlagwirbel f\u00fcr eine Schnellmontage aus Edelstahl - SS.QL.DSR - Ohis","og_description":"Der Anschlagwirbel SS.QLR (Quick Lift Ring) bzw. SS.QL.DSR ist ein dreh- und schwenkbarer Anschlagwirbel aus Edelstahl, der eine besonders schnelle Montage erm\u00f6glicht. Durch die Bet\u00e4tigung eines Druckknopfes kann er binnen Sekunden im Innengewinde befestigt werden. Seine Dreh- und Schwenkfunktion erm\u00f6glicht eine perfekte Ausrichtung in die Zugrichtung. Der QL.DSR erm\u00f6glicht eine Zeitersparnis von bis zu 80 % gegen\u00fcber dem Einschrauben eines klassischen Anschlagwirbels. Es handelt sich um ein rein mechanisches System, wodurch es weitestgehend wartungsfrei ist.  Wie alle Edelstahl-Anschlagwirbel von CODIPRO weist der SS.QL.DSR optimale Korrosionsbest\u00e4ndigkeit auf. Dies gew\u00e4hrleistet optimale Langlebigkeit und erm\u00f6glicht die Verwendung in feuchten, chemischen, maritimen, Umgebungen, usw.  Er ist unter Ber\u00fccksichtigung des eingravierten Anzugsdrehmoments f\u00fcr jede Art von Hebevorgang (gerader Zug, mit Hebewinkel, Kippen, Drehen) geeignet.  Der SS.QL.DSR ist f\u00fcr einen Temperaturbereich zwischen -20\u00b0c und +200\u00b0c geeignet und mit verschiedenen Kennzeichnungen versehen, darunter die CE-Kennzeichnung, die Tragf\u00e4higkeit und das Anzugsdrehmoment. ie wurde unter Einhaltung der REACH-Verordnung hergestellt und ist auch in Stahl erh\u00e4ltlich.  &nbsp;  Kein Sicherungsring Kein Kugellager   Sicherheitsfaktor 4:1 und 5:1  Edelstahl 316L  Drehbar unter Last  360\u00b0 drehbar - 180\u00b0 schwenkbar  Entspricht der Maschinenrichtlinie 2006\/42\/CE  Hergestellt nach EN 1677-1  Individueller R\u00fcckverfolgbarkeitscode","og_url":"https:\/\/www.ohis.be\/de\/produit\/anschlagwirbel-fuer-eine-schnellmontage-aus-edelstahl-ss-ql-dsr\/","og_site_name":"Ohis","og_image":[{"width":386,"height":529,"url":"https:\/\/www.ohis.be\/wp-content\/uploads\/2024\/03\/g_SS.QL_.DSR_.jpg","type":"image\/jpeg"}],"twitter_card":"summary_large_image","twitter_misc":{"Gesch\u00e4tzte Lesezeit":"1\u00a0Minute"},"schema":{"@context":"https:\/\/schema.org","@graph":[{"@type":"WebPage","@id":"https:\/\/www.ohis.be\/de\/produit\/anschlagwirbel-fuer-eine-schnellmontage-aus-edelstahl-ss-ql-dsr\/","url":"https:\/\/www.ohis.be\/de\/produit\/anschlagwirbel-fuer-eine-schnellmontage-aus-edelstahl-ss-ql-dsr\/","name":"Anschlagwirbel f\u00fcr eine Schnellmontage aus Edelstahl - SS.QL.DSR - Ohis","isPartOf":{"@id":"https:\/\/www.ohis.be\/#website"},"primaryImageOfPage":{"@id":"https:\/\/www.ohis.be\/de\/produit\/anschlagwirbel-fuer-eine-schnellmontage-aus-edelstahl-ss-ql-dsr\/#primaryimage"},"image":{"@id":"https:\/\/www.ohis.be\/de\/produit\/anschlagwirbel-fuer-eine-schnellmontage-aus-edelstahl-ss-ql-dsr\/#primaryimage"},"thumbnailUrl":"https:\/\/www.ohis.be\/wp-content\/uploads\/2024\/03\/g_SS.QL_.DSR_.jpg","datePublished":"2024-03-19T08:32:31+00:00","breadcrumb":{"@id":"https:\/\/www.ohis.be\/de\/produit\/anschlagwirbel-fuer-eine-schnellmontage-aus-edelstahl-ss-ql-dsr\/#breadcrumb"},"inLanguage":"de","potentialAction":[{"@type":"ReadAction","target":["https:\/\/www.ohis.be\/de\/produit\/anschlagwirbel-fuer-eine-schnellmontage-aus-edelstahl-ss-ql-dsr\/"]}]},{"@type":"ImageObject","inLanguage":"de","@id":"https:\/\/www.ohis.be\/de\/produit\/anschlagwirbel-fuer-eine-schnellmontage-aus-edelstahl-ss-ql-dsr\/#primaryimage","url":"https:\/\/www.ohis.be\/wp-content\/uploads\/2024\/03\/g_SS.QL_.DSR_.jpg","contentUrl":"https:\/\/www.ohis.be\/wp-content\/uploads\/2024\/03\/g_SS.QL_.DSR_.jpg","width":386,"height":529,"caption":"SS.QL.DSR"},{"@type":"BreadcrumbList","@id":"https:\/\/www.ohis.be\/de\/produit\/anschlagwirbel-fuer-eine-schnellmontage-aus-edelstahl-ss-ql-dsr\/#breadcrumb","itemListElement":[{"@type":"ListItem","position":1,"name":"Accueil","item":"https:\/\/www.ohis.be\/de\/"},{"@type":"ListItem","position":2,"name":"Produkte","item":"https:\/\/www.ohis.be\/de\/produkte\/"},{"@type":"ListItem","position":3,"name":"Anschlagwirbel f\u00fcr eine Schnellmontage aus Edelstahl &#8211; SS.QL.DSR"}]},{"@type":"WebSite","@id":"https:\/\/www.ohis.be\/#website","url":"https:\/\/www.ohis.be\/","name":"Ohis","description":"Outils de levage","publisher":{"@id":"https:\/\/www.ohis.be\/#organization"},"potentialAction":[{"@type":"SearchAction","target":{"@type":"EntryPoint","urlTemplate":"https:\/\/www.ohis.be\/?s={search_term_string}"},"query-input":{"@type":"PropertyValueSpecification","valueRequired":true,"valueName":"search_term_string"}}],"inLanguage":"de"},{"@type":"Organization","@id":"https:\/\/www.ohis.be\/#organization","name":"Ohis","url":"https:\/\/www.ohis.be\/","logo":{"@type":"ImageObject","inLanguage":"de","@id":"https:\/\/www.ohis.be\/#\/schema\/logo\/image\/","url":"https:\/\/www.ohis.be\/wp-content\/uploads\/2021\/02\/logo-ohis-wit.svg","contentUrl":"https:\/\/www.ohis.be\/wp-content\/uploads\/2021\/02\/logo-ohis-wit.svg","caption":"Ohis"},"image":{"@id":"https:\/\/www.ohis.be\/#\/schema\/logo\/image\/"}}]}},"_links":{"self":[{"href":"https:\/\/www.ohis.be\/de\/wp-json\/wp\/v2\/product\/48011","targetHints":{"allow":["GET"]}}],"collection":[{"href":"https:\/\/www.ohis.be\/de\/wp-json\/wp\/v2\/product"}],"about":[{"href":"https:\/\/www.ohis.be\/de\/wp-json\/wp\/v2\/types\/product"}],"wp:featuredmedia":[{"embeddable":true,"href":"https:\/\/www.ohis.be\/de\/wp-json\/wp\/v2\/media\/47194"}],"wp:attachment":[{"href":"https:\/\/www.ohis.be\/de\/wp-json\/wp\/v2\/media?parent=48011"}],"wp:term":[{"taxonomy":"product_brand","embeddable":true,"href":"https:\/\/www.ohis.be\/de\/wp-json\/wp\/v2\/product_brand?post=48011"},{"taxonomy":"product_cat","embeddable":true,"href":"https:\/\/www.ohis.be\/de\/wp-json\/wp\/v2\/product_cat?post=48011"},{"taxonomy":"product_tag","embeddable":true,"href":"https:\/\/www.ohis.be\/de\/wp-json\/wp\/v2\/product_tag?post=48011"}],"curies":[{"name":"wp","href":"https:\/\/api.w.org\/{rel}","templated":true}]}}