{"id":47831,"date":"2024-03-19T11:17:03","date_gmt":"2024-03-19T10:17:03","guid":{"rendered":"https:\/\/www.ohis.be\/produit\/anschlagwirbel-mit-dreh-und-schwenkfunktion-aus-edelstahl-ss-dsr\/"},"modified":"2024-03-19T11:17:03","modified_gmt":"2024-03-19T10:17:03","slug":"anschlagwirbel-mit-dreh-und-schwenkfunktion-aus-edelstahl-ss-dsr","status":"publish","type":"product","link":"https:\/\/www.ohis.be\/de\/produit\/anschlagwirbel-mit-dreh-und-schwenkfunktion-aus-edelstahl-ss-dsr\/","title":{"rendered":"Anschlagwirbel mit Dreh- und Schwenkfunktion aus Edelstahl &#8211; SS.DSR"},"content":{"rendered":"<p>Der SS.DSR ist ein dreh- und schwenkbarer Anschlagwirbel. Er ist zum Heben und Drehen von Lasten geeignet. Seine Dreh- und Schwenkfunktion erm\u00f6glicht eine perfekte Ausrichtung in die Zugrichtung. Die besteht aus Edelstahl, welches optimale Korrosionsbest\u00e4ndigkeit gew\u00e4hrleistet. Dies gew\u00e4hrleistet optimale Langlebigkeit und erm\u00f6glicht die Verwendung in feuchten, chemischen, maritimen, Umgebungen, usw. Der Anschlagwirbel ist um 180\u00b0 schwenkbar und um 360\u00b0 drehbar. Er ist f\u00fcr jede Art von Hebevorgang (gerader Zug, mit Hebewinkel, Kippen, Drehen) geeignet.<\/p>\n<p>Der SS.DSR mit einem Schraubenkopfschutz versehen und f\u00fcr Hebewinkel von 0\u00b0 bis 90\u00b0 zugelassen. Er ist f\u00fcr einen Temperaturbereich zwischen -20\u00b0c und +200\u00b0c geeignet und mit verschiedenen Kennzeichnungen versehen, darunter die CE-Kennzeichnung, die Tragf\u00e4higkeit und das Anzugsdrehmoment. Er wurde unter Einhaltung der REACH-Verordnung hergestellt und ist auch mit Innengewinde, in Stahl und als Schnellmontage-Version erh\u00e4ltlich.<\/p>\n<p>&nbsp;<\/p>\n<ul class=\"technical_datasheet\">\n<li class=\"technical_datasheet__item\">Sicherheitsfaktor 4:1 et 5:1<\/li>\n<li class=\"technical_datasheet__item\">Drehbar unter Last<\/li>\n<li class=\"technical_datasheet__item\">Drehbar 360\u00b0 &#8211; Schwenkbar 180\u00b0<\/li>\n<li class=\"technical_datasheet__item\">Edelstahl 316L<\/li>\n<li class=\"technical_datasheet__item\">Entspricht der Maschinenrichtlinie 2006\/42\/CE<\/li>\n<li class=\"technical_datasheet__item\">Hergestellt nach EN 1677-1<\/li>\n<li class=\"technical_datasheet__item\">Individueller R\u00fcckverfolgbarkeitscode<\/li>\n<\/ul>\n","protected":false},"excerpt":{"rendered":"<p>Der SS.DSR ist ein dreh- und schwenkbarer Anschlagwirbel. Er ist zum Heben und Drehen von Lasten geeignet. Seine Dreh- und Schwenkfunktion erm\u00f6glicht eine perfekte Ausrichtung in die Zugrichtung. Die besteht aus Edelstahl, welches optimale Korrosionsbest\u00e4ndigkeit gew\u00e4hrleistet. Dies gew\u00e4hrleistet optimale Langlebigkeit und erm\u00f6glicht die Verwendung in feuchten, chemischen, maritimen, Umgebungen, usw. Der Anschlagwirbel ist um 180\u00b0 schwenkbar und um 360\u00b0 drehbar. Er ist f\u00fcr jede Art von Hebevorgang (gerader Zug, mit Hebewinkel, Kippen, Drehen) geeignet.<\/p>\n<p>Der SS.DSR mit einem Schraubenkopfschutz versehen und f\u00fcr Hebewinkel von 0\u00b0 bis 90\u00b0 zugelassen. Er ist f\u00fcr einen Temperaturbereich zwischen -20\u00b0c und +200\u00b0c geeignet und mit verschiedenen Kennzeichnungen versehen, darunter die CE-Kennzeichnung, die Tragf\u00e4higkeit und das Anzugsdrehmoment. Er wurde unter Einhaltung der REACH-Verordnung hergestellt und ist auch mit Innengewinde, in Stahl und als Schnellmontage-Version erh\u00e4ltlich.<\/p>\n<p>&nbsp;<\/p>\n<ul class=\"technical_datasheet\">\n<li class=\"technical_datasheet__item\">Sicherheitsfaktor 4:1 et 5:1<\/li>\n<li class=\"technical_datasheet__item\">Drehbar unter Last<\/li>\n<li class=\"technical_datasheet__item\">Drehbar 360\u00b0 &#8211; Schwenkbar 180\u00b0<\/li>\n<li class=\"technical_datasheet__item\">Edelstahl 316L<\/li>\n<li class=\"technical_datasheet__item\">Entspricht der Maschinenrichtlinie 2006\/42\/CE<\/li>\n<li class=\"technical_datasheet__item\">Hergestellt nach EN 1677-1<\/li>\n<li class=\"technical_datasheet__item\">Individueller R\u00fcckverfolgbarkeitscode<\/li>\n<\/ul>\n","protected":false},"featured_media":47215,"template":"","meta":{"_acf_changed":false,"inline_featured_image":false},"product_brand":[],"product_cat":[156,2300],"product_tag":[],"class_list":{"0":"post-47831","1":"product","2":"type-product","3":"status-publish","4":"has-post-thumbnail","6":"product_cat-general-de","7":"product_cat-heberinge","8":"yith_product_brand-codipro-de","10":"first","11":"onbackorder","12":"taxable","13":"shipping-taxable","14":"purchasable","15":"product-type-variable"},"acf":[],"yoast_head":"<!-- This site is optimized with the Yoast SEO plugin v27.5 - https:\/\/yoast.com\/product\/yoast-seo-wordpress\/ -->\n<title>Anschlagwirbel mit Dreh- und Schwenkfunktion aus Edelstahl - SS.DSR - Ohis<\/title>\n<meta name=\"robots\" content=\"index, follow, max-snippet:-1, max-image-preview:large, max-video-preview:-1\" \/>\n<link rel=\"canonical\" href=\"https:\/\/www.ohis.be\/de\/produit\/anschlagwirbel-mit-dreh-und-schwenkfunktion-aus-edelstahl-ss-dsr\/\" \/>\n<meta property=\"og:locale\" content=\"de_DE\" \/>\n<meta property=\"og:type\" content=\"article\" \/>\n<meta property=\"og:title\" content=\"Anschlagwirbel mit Dreh- und Schwenkfunktion aus Edelstahl - SS.DSR - Ohis\" \/>\n<meta property=\"og:description\" content=\"Der SS.DSR ist ein dreh- und schwenkbarer Anschlagwirbel. Er ist zum Heben und Drehen von Lasten geeignet. Seine Dreh- und Schwenkfunktion erm\u00f6glicht eine perfekte Ausrichtung in die Zugrichtung. Die besteht aus Edelstahl, welches optimale Korrosionsbest\u00e4ndigkeit gew\u00e4hrleistet. Dies gew\u00e4hrleistet optimale Langlebigkeit und erm\u00f6glicht die Verwendung in feuchten, chemischen, maritimen, Umgebungen, usw. Der Anschlagwirbel ist um 180\u00b0 schwenkbar und um 360\u00b0 drehbar. Er ist f\u00fcr jede Art von Hebevorgang (gerader Zug, mit Hebewinkel, Kippen, Drehen) geeignet.  Der SS.DSR mit einem Schraubenkopfschutz versehen und f\u00fcr Hebewinkel von 0\u00b0 bis 90\u00b0 zugelassen. Er ist f\u00fcr einen Temperaturbereich zwischen -20\u00b0c und +200\u00b0c geeignet und mit verschiedenen Kennzeichnungen versehen, darunter die CE-Kennzeichnung, die Tragf\u00e4higkeit und das Anzugsdrehmoment. Er wurde unter Einhaltung der REACH-Verordnung hergestellt und ist auch mit Innengewinde, in Stahl und als Schnellmontage-Version erh\u00e4ltlich.  &nbsp;   Sicherheitsfaktor 4:1 et 5:1  Drehbar unter Last  Drehbar 360\u00b0 - Schwenkbar 180\u00b0  Edelstahl 316L  Entspricht der Maschinenrichtlinie 2006\/42\/CE  Hergestellt nach EN 1677-1  Individueller R\u00fcckverfolgbarkeitscode\" \/>\n<meta property=\"og:url\" content=\"https:\/\/www.ohis.be\/de\/produit\/anschlagwirbel-mit-dreh-und-schwenkfunktion-aus-edelstahl-ss-dsr\/\" \/>\n<meta property=\"og:site_name\" content=\"Ohis\" \/>\n<meta property=\"og:image\" content=\"https:\/\/www.ohis.be\/wp-content\/uploads\/2024\/03\/g_SS.DSR_.jpg\" \/>\n\t<meta property=\"og:image:width\" content=\"226\" \/>\n\t<meta property=\"og:image:height\" content=\"315\" \/>\n\t<meta property=\"og:image:type\" content=\"image\/jpeg\" \/>\n<meta name=\"twitter:card\" content=\"summary_large_image\" \/>\n<meta name=\"twitter:label1\" content=\"Gesch\u00e4tzte Lesezeit\" \/>\n\t<meta name=\"twitter:data1\" content=\"1\u00a0Minute\" \/>\n<script type=\"application\/ld+json\" class=\"yoast-schema-graph\">{\"@context\":\"https:\\\/\\\/schema.org\",\"@graph\":[{\"@type\":\"WebPage\",\"@id\":\"https:\\\/\\\/www.ohis.be\\\/de\\\/produit\\\/anschlagwirbel-mit-dreh-und-schwenkfunktion-aus-edelstahl-ss-dsr\\\/\",\"url\":\"https:\\\/\\\/www.ohis.be\\\/de\\\/produit\\\/anschlagwirbel-mit-dreh-und-schwenkfunktion-aus-edelstahl-ss-dsr\\\/\",\"name\":\"Anschlagwirbel mit Dreh- und Schwenkfunktion aus Edelstahl - SS.DSR - Ohis\",\"isPartOf\":{\"@id\":\"https:\\\/\\\/www.ohis.be\\\/#website\"},\"primaryImageOfPage\":{\"@id\":\"https:\\\/\\\/www.ohis.be\\\/de\\\/produit\\\/anschlagwirbel-mit-dreh-und-schwenkfunktion-aus-edelstahl-ss-dsr\\\/#primaryimage\"},\"image\":{\"@id\":\"https:\\\/\\\/www.ohis.be\\\/de\\\/produit\\\/anschlagwirbel-mit-dreh-und-schwenkfunktion-aus-edelstahl-ss-dsr\\\/#primaryimage\"},\"thumbnailUrl\":\"https:\\\/\\\/www.ohis.be\\\/wp-content\\\/uploads\\\/2024\\\/03\\\/g_SS.DSR_.jpg\",\"datePublished\":\"2024-03-19T10:17:03+00:00\",\"breadcrumb\":{\"@id\":\"https:\\\/\\\/www.ohis.be\\\/de\\\/produit\\\/anschlagwirbel-mit-dreh-und-schwenkfunktion-aus-edelstahl-ss-dsr\\\/#breadcrumb\"},\"inLanguage\":\"de\",\"potentialAction\":[{\"@type\":\"ReadAction\",\"target\":[\"https:\\\/\\\/www.ohis.be\\\/de\\\/produit\\\/anschlagwirbel-mit-dreh-und-schwenkfunktion-aus-edelstahl-ss-dsr\\\/\"]}]},{\"@type\":\"ImageObject\",\"inLanguage\":\"de\",\"@id\":\"https:\\\/\\\/www.ohis.be\\\/de\\\/produit\\\/anschlagwirbel-mit-dreh-und-schwenkfunktion-aus-edelstahl-ss-dsr\\\/#primaryimage\",\"url\":\"https:\\\/\\\/www.ohis.be\\\/wp-content\\\/uploads\\\/2024\\\/03\\\/g_SS.DSR_.jpg\",\"contentUrl\":\"https:\\\/\\\/www.ohis.be\\\/wp-content\\\/uploads\\\/2024\\\/03\\\/g_SS.DSR_.jpg\",\"width\":226,\"height\":315,\"caption\":\"SS.DSR\"},{\"@type\":\"BreadcrumbList\",\"@id\":\"https:\\\/\\\/www.ohis.be\\\/de\\\/produit\\\/anschlagwirbel-mit-dreh-und-schwenkfunktion-aus-edelstahl-ss-dsr\\\/#breadcrumb\",\"itemListElement\":[{\"@type\":\"ListItem\",\"position\":1,\"name\":\"Accueil\",\"item\":\"https:\\\/\\\/www.ohis.be\\\/de\\\/\"},{\"@type\":\"ListItem\",\"position\":2,\"name\":\"Produkte\",\"item\":\"https:\\\/\\\/www.ohis.be\\\/de\\\/produkte\\\/\"},{\"@type\":\"ListItem\",\"position\":3,\"name\":\"Anschlagwirbel mit Dreh- und Schwenkfunktion aus Edelstahl &#8211; SS.DSR\"}]},{\"@type\":\"WebSite\",\"@id\":\"https:\\\/\\\/www.ohis.be\\\/#website\",\"url\":\"https:\\\/\\\/www.ohis.be\\\/\",\"name\":\"Ohis\",\"description\":\"Outils de levage\",\"publisher\":{\"@id\":\"https:\\\/\\\/www.ohis.be\\\/#organization\"},\"potentialAction\":[{\"@type\":\"SearchAction\",\"target\":{\"@type\":\"EntryPoint\",\"urlTemplate\":\"https:\\\/\\\/www.ohis.be\\\/?s={search_term_string}\"},\"query-input\":{\"@type\":\"PropertyValueSpecification\",\"valueRequired\":true,\"valueName\":\"search_term_string\"}}],\"inLanguage\":\"de\"},{\"@type\":\"Organization\",\"@id\":\"https:\\\/\\\/www.ohis.be\\\/#organization\",\"name\":\"Ohis\",\"url\":\"https:\\\/\\\/www.ohis.be\\\/\",\"logo\":{\"@type\":\"ImageObject\",\"inLanguage\":\"de\",\"@id\":\"https:\\\/\\\/www.ohis.be\\\/#\\\/schema\\\/logo\\\/image\\\/\",\"url\":\"https:\\\/\\\/www.ohis.be\\\/wp-content\\\/uploads\\\/2021\\\/02\\\/logo-ohis-wit.svg\",\"contentUrl\":\"https:\\\/\\\/www.ohis.be\\\/wp-content\\\/uploads\\\/2021\\\/02\\\/logo-ohis-wit.svg\",\"caption\":\"Ohis\"},\"image\":{\"@id\":\"https:\\\/\\\/www.ohis.be\\\/#\\\/schema\\\/logo\\\/image\\\/\"}}]}<\/script>\n<!-- \/ Yoast SEO plugin. -->","yoast_head_json":{"title":"Anschlagwirbel mit Dreh- und Schwenkfunktion aus Edelstahl - SS.DSR - Ohis","robots":{"index":"index","follow":"follow","max-snippet":"max-snippet:-1","max-image-preview":"max-image-preview:large","max-video-preview":"max-video-preview:-1"},"canonical":"https:\/\/www.ohis.be\/de\/produit\/anschlagwirbel-mit-dreh-und-schwenkfunktion-aus-edelstahl-ss-dsr\/","og_locale":"de_DE","og_type":"article","og_title":"Anschlagwirbel mit Dreh- und Schwenkfunktion aus Edelstahl - SS.DSR - Ohis","og_description":"Der SS.DSR ist ein dreh- und schwenkbarer Anschlagwirbel. Er ist zum Heben und Drehen von Lasten geeignet. Seine Dreh- und Schwenkfunktion erm\u00f6glicht eine perfekte Ausrichtung in die Zugrichtung. Die besteht aus Edelstahl, welches optimale Korrosionsbest\u00e4ndigkeit gew\u00e4hrleistet. Dies gew\u00e4hrleistet optimale Langlebigkeit und erm\u00f6glicht die Verwendung in feuchten, chemischen, maritimen, Umgebungen, usw. Der Anschlagwirbel ist um 180\u00b0 schwenkbar und um 360\u00b0 drehbar. Er ist f\u00fcr jede Art von Hebevorgang (gerader Zug, mit Hebewinkel, Kippen, Drehen) geeignet.  Der SS.DSR mit einem Schraubenkopfschutz versehen und f\u00fcr Hebewinkel von 0\u00b0 bis 90\u00b0 zugelassen. Er ist f\u00fcr einen Temperaturbereich zwischen -20\u00b0c und +200\u00b0c geeignet und mit verschiedenen Kennzeichnungen versehen, darunter die CE-Kennzeichnung, die Tragf\u00e4higkeit und das Anzugsdrehmoment. Er wurde unter Einhaltung der REACH-Verordnung hergestellt und ist auch mit Innengewinde, in Stahl und als Schnellmontage-Version erh\u00e4ltlich.  &nbsp;   Sicherheitsfaktor 4:1 et 5:1  Drehbar unter Last  Drehbar 360\u00b0 - Schwenkbar 180\u00b0  Edelstahl 316L  Entspricht der Maschinenrichtlinie 2006\/42\/CE  Hergestellt nach EN 1677-1  Individueller R\u00fcckverfolgbarkeitscode","og_url":"https:\/\/www.ohis.be\/de\/produit\/anschlagwirbel-mit-dreh-und-schwenkfunktion-aus-edelstahl-ss-dsr\/","og_site_name":"Ohis","og_image":[{"width":226,"height":315,"url":"https:\/\/www.ohis.be\/wp-content\/uploads\/2024\/03\/g_SS.DSR_.jpg","type":"image\/jpeg"}],"twitter_card":"summary_large_image","twitter_misc":{"Gesch\u00e4tzte Lesezeit":"1\u00a0Minute"},"schema":{"@context":"https:\/\/schema.org","@graph":[{"@type":"WebPage","@id":"https:\/\/www.ohis.be\/de\/produit\/anschlagwirbel-mit-dreh-und-schwenkfunktion-aus-edelstahl-ss-dsr\/","url":"https:\/\/www.ohis.be\/de\/produit\/anschlagwirbel-mit-dreh-und-schwenkfunktion-aus-edelstahl-ss-dsr\/","name":"Anschlagwirbel mit Dreh- und Schwenkfunktion aus Edelstahl - SS.DSR - Ohis","isPartOf":{"@id":"https:\/\/www.ohis.be\/#website"},"primaryImageOfPage":{"@id":"https:\/\/www.ohis.be\/de\/produit\/anschlagwirbel-mit-dreh-und-schwenkfunktion-aus-edelstahl-ss-dsr\/#primaryimage"},"image":{"@id":"https:\/\/www.ohis.be\/de\/produit\/anschlagwirbel-mit-dreh-und-schwenkfunktion-aus-edelstahl-ss-dsr\/#primaryimage"},"thumbnailUrl":"https:\/\/www.ohis.be\/wp-content\/uploads\/2024\/03\/g_SS.DSR_.jpg","datePublished":"2024-03-19T10:17:03+00:00","breadcrumb":{"@id":"https:\/\/www.ohis.be\/de\/produit\/anschlagwirbel-mit-dreh-und-schwenkfunktion-aus-edelstahl-ss-dsr\/#breadcrumb"},"inLanguage":"de","potentialAction":[{"@type":"ReadAction","target":["https:\/\/www.ohis.be\/de\/produit\/anschlagwirbel-mit-dreh-und-schwenkfunktion-aus-edelstahl-ss-dsr\/"]}]},{"@type":"ImageObject","inLanguage":"de","@id":"https:\/\/www.ohis.be\/de\/produit\/anschlagwirbel-mit-dreh-und-schwenkfunktion-aus-edelstahl-ss-dsr\/#primaryimage","url":"https:\/\/www.ohis.be\/wp-content\/uploads\/2024\/03\/g_SS.DSR_.jpg","contentUrl":"https:\/\/www.ohis.be\/wp-content\/uploads\/2024\/03\/g_SS.DSR_.jpg","width":226,"height":315,"caption":"SS.DSR"},{"@type":"BreadcrumbList","@id":"https:\/\/www.ohis.be\/de\/produit\/anschlagwirbel-mit-dreh-und-schwenkfunktion-aus-edelstahl-ss-dsr\/#breadcrumb","itemListElement":[{"@type":"ListItem","position":1,"name":"Accueil","item":"https:\/\/www.ohis.be\/de\/"},{"@type":"ListItem","position":2,"name":"Produkte","item":"https:\/\/www.ohis.be\/de\/produkte\/"},{"@type":"ListItem","position":3,"name":"Anschlagwirbel mit Dreh- und Schwenkfunktion aus Edelstahl &#8211; SS.DSR"}]},{"@type":"WebSite","@id":"https:\/\/www.ohis.be\/#website","url":"https:\/\/www.ohis.be\/","name":"Ohis","description":"Outils de levage","publisher":{"@id":"https:\/\/www.ohis.be\/#organization"},"potentialAction":[{"@type":"SearchAction","target":{"@type":"EntryPoint","urlTemplate":"https:\/\/www.ohis.be\/?s={search_term_string}"},"query-input":{"@type":"PropertyValueSpecification","valueRequired":true,"valueName":"search_term_string"}}],"inLanguage":"de"},{"@type":"Organization","@id":"https:\/\/www.ohis.be\/#organization","name":"Ohis","url":"https:\/\/www.ohis.be\/","logo":{"@type":"ImageObject","inLanguage":"de","@id":"https:\/\/www.ohis.be\/#\/schema\/logo\/image\/","url":"https:\/\/www.ohis.be\/wp-content\/uploads\/2021\/02\/logo-ohis-wit.svg","contentUrl":"https:\/\/www.ohis.be\/wp-content\/uploads\/2021\/02\/logo-ohis-wit.svg","caption":"Ohis"},"image":{"@id":"https:\/\/www.ohis.be\/#\/schema\/logo\/image\/"}}]}},"_links":{"self":[{"href":"https:\/\/www.ohis.be\/de\/wp-json\/wp\/v2\/product\/47831","targetHints":{"allow":["GET"]}}],"collection":[{"href":"https:\/\/www.ohis.be\/de\/wp-json\/wp\/v2\/product"}],"about":[{"href":"https:\/\/www.ohis.be\/de\/wp-json\/wp\/v2\/types\/product"}],"wp:featuredmedia":[{"embeddable":true,"href":"https:\/\/www.ohis.be\/de\/wp-json\/wp\/v2\/media\/47215"}],"wp:attachment":[{"href":"https:\/\/www.ohis.be\/de\/wp-json\/wp\/v2\/media?parent=47831"}],"wp:term":[{"taxonomy":"product_brand","embeddable":true,"href":"https:\/\/www.ohis.be\/de\/wp-json\/wp\/v2\/product_brand?post=47831"},{"taxonomy":"product_cat","embeddable":true,"href":"https:\/\/www.ohis.be\/de\/wp-json\/wp\/v2\/product_cat?post=47831"},{"taxonomy":"product_tag","embeddable":true,"href":"https:\/\/www.ohis.be\/de\/wp-json\/wp\/v2\/product_tag?post=47831"}],"curies":[{"name":"wp","href":"https:\/\/api.w.org\/{rel}","templated":true}]}}