{"id":47743,"date":"2024-03-20T10:27:42","date_gmt":"2024-03-20T09:27:42","guid":{"rendered":"https:\/\/www.ohis.be\/produit\/anschlagwirbel-mit-dreh-und-schwenkfunktion-aus-edelstahl-mit-innengewinde-ss-fe-dsr\/"},"modified":"2024-03-20T10:27:42","modified_gmt":"2024-03-20T09:27:42","slug":"anschlagwirbel-mit-dreh-und-schwenkfunktion-aus-edelstahl-mit-innengewinde-ss-fe-dsr","status":"publish","type":"product","link":"https:\/\/www.ohis.be\/de\/produit\/anschlagwirbel-mit-dreh-und-schwenkfunktion-aus-edelstahl-mit-innengewinde-ss-fe-dsr\/","title":{"rendered":"Anschlagwirbel mit Dreh- und Schwenkfunktion aus Edelstahl mit Innengewinde &#8211; SS.FE.DSR"},"content":{"rendered":"<p>Der SS.FE.DSR ist ein <strong>dreh- und schwenkbarer Anschlagwirbel aus Edelstahl mit Innengewinde<\/strong>. Er ist zum Heben und Drehen von Lasten geeignet. Seine Dreh- und Schwenkfunktion erm\u00f6glicht eine perfekte Ausrichtung in die Zugrichtung. ie besteht aus Edelstahl, welches <strong>optimale Korrosionsbest\u00e4ndigkeit<\/strong> gew\u00e4hrleistet. Dies gew\u00e4hrleistet optimale Langlebigkeit und erm\u00f6glicht die Verwendung in feuchten, chemischen, maritimen, Umgebungen, usw. Der Anschlagwirbel ist um 180\u00b0 schwenkbar und um 360\u00b0 drehbar. Er ist f\u00fcr jede Art von Hebevorgang (gerader Zug, mit Hebewinkel, Kippen, Drehen) geeignet.<\/p>\n<p>Der SS.FE.DSR ist mit einem Schraubenkopfschutz versehen und f\u00fcr Hebewinkel von 0\u00b0 bis 90\u00b0 zugelassen. Er ist f\u00fcr einen Temperaturbereich zwischen -20\u00b0c und +200\u00b0c geeignet und mit verschiedenen Kennzeichnungen versehen, darunter die CE-Kennzeichnung, die Tragf\u00e4higkeit und das Anzugsdrehmoment. Er wurde unter Einhaltung der REACH-Verordnung hergestellt und ist auch mit Au\u00dfengewinde und in Stahl erh\u00e4ltlich.<\/p>\n<p>&nbsp;<\/p>\n<ul class=\"technical_datasheet\">\n<li class=\"technical_datasheet__item\">Sicherheitsfaktor 4:1 et 5:1<\/li>\n<li class=\"technical_datasheet__item\">Drehbar unter Last<\/li>\n<li class=\"technical_datasheet__item\">360\u00b0 drehbar &#8211; 180\u00b0 schwenkbar<\/li>\n<li class=\"technical_datasheet__item\">Edelstahl 316L<\/li>\n<li class=\"technical_datasheet__item\">Entspricht der Maschinenrichtlinie2006\/42\/CE<\/li>\n<li class=\"technical_datasheet__item\">Hergestellt nachEN 1677-1<\/li>\n<li class=\"technical_datasheet__item\">Individueller R\u00fcckverfolgbarkeitscode<\/li>\n<\/ul>\n","protected":false},"excerpt":{"rendered":"<p>Der SS.FE.DSR ist ein <strong>dreh- und schwenkbarer Anschlagwirbel aus Edelstahl mit Innengewinde<\/strong>. Er ist zum Heben und Drehen von Lasten geeignet. Seine Dreh- und Schwenkfunktion erm\u00f6glicht eine perfekte Ausrichtung in die Zugrichtung. ie besteht aus Edelstahl, welches <strong>optimale Korrosionsbest\u00e4ndigkeit<\/strong> gew\u00e4hrleistet. Dies gew\u00e4hrleistet optimale Langlebigkeit und erm\u00f6glicht die Verwendung in feuchten, chemischen, maritimen, Umgebungen, usw. Der Anschlagwirbel ist um 180\u00b0 schwenkbar und um 360\u00b0 drehbar. Er ist f\u00fcr jede Art von Hebevorgang (gerader Zug, mit Hebewinkel, Kippen, Drehen) geeignet.<\/p>\n<p>Der SS.FE.DSR ist mit einem Schraubenkopfschutz versehen und f\u00fcr Hebewinkel von 0\u00b0 bis 90\u00b0 zugelassen. Er ist f\u00fcr einen Temperaturbereich zwischen -20\u00b0c und +200\u00b0c geeignet und mit verschiedenen Kennzeichnungen versehen, darunter die CE-Kennzeichnung, die Tragf\u00e4higkeit und das Anzugsdrehmoment. Er wurde unter Einhaltung der REACH-Verordnung hergestellt und ist auch mit Au\u00dfengewinde und in Stahl erh\u00e4ltlich.<\/p>\n<p>&nbsp;<\/p>\n<ul class=\"technical_datasheet\">\n<li class=\"technical_datasheet__item\">Sicherheitsfaktor 4:1 et 5:1<\/li>\n<li class=\"technical_datasheet__item\">Drehbar unter Last<\/li>\n<li class=\"technical_datasheet__item\">360\u00b0 drehbar &#8211; 180\u00b0 schwenkbar<\/li>\n<li class=\"technical_datasheet__item\">Edelstahl 316L<\/li>\n<li class=\"technical_datasheet__item\">Entspricht der Maschinenrichtlinie2006\/42\/CE<\/li>\n<li class=\"technical_datasheet__item\">Hergestellt nachEN 1677-1<\/li>\n<li class=\"technical_datasheet__item\">Individueller R\u00fcckverfolgbarkeitscode<\/li>\n<\/ul>\n","protected":false},"featured_media":47271,"template":"","meta":{"_acf_changed":false,"inline_featured_image":false},"product_brand":[],"product_cat":[156,2300],"product_tag":[],"class_list":{"0":"post-47743","1":"product","2":"type-product","3":"status-publish","4":"has-post-thumbnail","6":"product_cat-general-de","7":"product_cat-heberinge","8":"yith_product_brand-codipro-de","10":"first","11":"onbackorder","12":"taxable","13":"shipping-taxable","14":"purchasable","15":"product-type-variable"},"acf":[],"yoast_head":"<!-- This site is optimized with the Yoast SEO plugin v27.5 - https:\/\/yoast.com\/product\/yoast-seo-wordpress\/ -->\n<title>Anschlagwirbel mit Dreh- und Schwenkfunktion aus Edelstahl mit Innengewinde - SS.FE.DSR - Ohis<\/title>\n<meta name=\"robots\" content=\"index, follow, max-snippet:-1, max-image-preview:large, max-video-preview:-1\" \/>\n<link rel=\"canonical\" href=\"https:\/\/www.ohis.be\/de\/produit\/anschlagwirbel-mit-dreh-und-schwenkfunktion-aus-edelstahl-mit-innengewinde-ss-fe-dsr\/\" \/>\n<meta property=\"og:locale\" content=\"de_DE\" \/>\n<meta property=\"og:type\" content=\"article\" \/>\n<meta property=\"og:title\" content=\"Anschlagwirbel mit Dreh- und Schwenkfunktion aus Edelstahl mit Innengewinde - SS.FE.DSR - Ohis\" \/>\n<meta property=\"og:description\" content=\"Der SS.FE.DSR ist ein dreh- und schwenkbarer Anschlagwirbel aus Edelstahl mit Innengewinde. Er ist zum Heben und Drehen von Lasten geeignet. Seine Dreh- und Schwenkfunktion erm\u00f6glicht eine perfekte Ausrichtung in die Zugrichtung. ie besteht aus Edelstahl, welches optimale Korrosionsbest\u00e4ndigkeit gew\u00e4hrleistet. Dies gew\u00e4hrleistet optimale Langlebigkeit und erm\u00f6glicht die Verwendung in feuchten, chemischen, maritimen, Umgebungen, usw. Der Anschlagwirbel ist um 180\u00b0 schwenkbar und um 360\u00b0 drehbar. Er ist f\u00fcr jede Art von Hebevorgang (gerader Zug, mit Hebewinkel, Kippen, Drehen) geeignet.  Der SS.FE.DSR ist mit einem Schraubenkopfschutz versehen und f\u00fcr Hebewinkel von 0\u00b0 bis 90\u00b0 zugelassen. Er ist f\u00fcr einen Temperaturbereich zwischen -20\u00b0c und +200\u00b0c geeignet und mit verschiedenen Kennzeichnungen versehen, darunter die CE-Kennzeichnung, die Tragf\u00e4higkeit und das Anzugsdrehmoment. Er wurde unter Einhaltung der REACH-Verordnung hergestellt und ist auch mit Au\u00dfengewinde und in Stahl erh\u00e4ltlich.  &nbsp;   Sicherheitsfaktor 4:1 et 5:1  Drehbar unter Last  360\u00b0 drehbar - 180\u00b0 schwenkbar  Edelstahl 316L  Entspricht der Maschinenrichtlinie2006\/42\/CE  Hergestellt nachEN 1677-1  Individueller R\u00fcckverfolgbarkeitscode\" \/>\n<meta property=\"og:url\" content=\"https:\/\/www.ohis.be\/de\/produit\/anschlagwirbel-mit-dreh-und-schwenkfunktion-aus-edelstahl-mit-innengewinde-ss-fe-dsr\/\" \/>\n<meta property=\"og:site_name\" content=\"Ohis\" \/>\n<meta property=\"og:image\" content=\"https:\/\/www.ohis.be\/wp-content\/uploads\/2024\/03\/q_anneau-double-inox-femelle.jpg\" \/>\n\t<meta property=\"og:image:width\" content=\"236\" \/>\n\t<meta property=\"og:image:height\" content=\"309\" \/>\n\t<meta property=\"og:image:type\" content=\"image\/jpeg\" \/>\n<meta name=\"twitter:card\" content=\"summary_large_image\" \/>\n<meta name=\"twitter:label1\" content=\"Gesch\u00e4tzte Lesezeit\" \/>\n\t<meta name=\"twitter:data1\" content=\"1\u00a0Minute\" \/>\n<script type=\"application\/ld+json\" class=\"yoast-schema-graph\">{\"@context\":\"https:\\\/\\\/schema.org\",\"@graph\":[{\"@type\":\"WebPage\",\"@id\":\"https:\\\/\\\/www.ohis.be\\\/de\\\/produit\\\/anschlagwirbel-mit-dreh-und-schwenkfunktion-aus-edelstahl-mit-innengewinde-ss-fe-dsr\\\/\",\"url\":\"https:\\\/\\\/www.ohis.be\\\/de\\\/produit\\\/anschlagwirbel-mit-dreh-und-schwenkfunktion-aus-edelstahl-mit-innengewinde-ss-fe-dsr\\\/\",\"name\":\"Anschlagwirbel mit Dreh- und Schwenkfunktion aus Edelstahl mit Innengewinde - SS.FE.DSR - Ohis\",\"isPartOf\":{\"@id\":\"https:\\\/\\\/www.ohis.be\\\/de\\\/#website\"},\"primaryImageOfPage\":{\"@id\":\"https:\\\/\\\/www.ohis.be\\\/de\\\/produit\\\/anschlagwirbel-mit-dreh-und-schwenkfunktion-aus-edelstahl-mit-innengewinde-ss-fe-dsr\\\/#primaryimage\"},\"image\":{\"@id\":\"https:\\\/\\\/www.ohis.be\\\/de\\\/produit\\\/anschlagwirbel-mit-dreh-und-schwenkfunktion-aus-edelstahl-mit-innengewinde-ss-fe-dsr\\\/#primaryimage\"},\"thumbnailUrl\":\"https:\\\/\\\/www.ohis.be\\\/wp-content\\\/uploads\\\/2024\\\/03\\\/q_anneau-double-inox-femelle.jpg\",\"datePublished\":\"2024-03-20T09:27:42+00:00\",\"breadcrumb\":{\"@id\":\"https:\\\/\\\/www.ohis.be\\\/de\\\/produit\\\/anschlagwirbel-mit-dreh-und-schwenkfunktion-aus-edelstahl-mit-innengewinde-ss-fe-dsr\\\/#breadcrumb\"},\"inLanguage\":\"de\",\"potentialAction\":[{\"@type\":\"ReadAction\",\"target\":[\"https:\\\/\\\/www.ohis.be\\\/de\\\/produit\\\/anschlagwirbel-mit-dreh-und-schwenkfunktion-aus-edelstahl-mit-innengewinde-ss-fe-dsr\\\/\"]}]},{\"@type\":\"ImageObject\",\"inLanguage\":\"de\",\"@id\":\"https:\\\/\\\/www.ohis.be\\\/de\\\/produit\\\/anschlagwirbel-mit-dreh-und-schwenkfunktion-aus-edelstahl-mit-innengewinde-ss-fe-dsr\\\/#primaryimage\",\"url\":\"https:\\\/\\\/www.ohis.be\\\/wp-content\\\/uploads\\\/2024\\\/03\\\/q_anneau-double-inox-femelle.jpg\",\"contentUrl\":\"https:\\\/\\\/www.ohis.be\\\/wp-content\\\/uploads\\\/2024\\\/03\\\/q_anneau-double-inox-femelle.jpg\",\"width\":236,\"height\":309,\"caption\":\"anneau-double-inox-femelle\"},{\"@type\":\"BreadcrumbList\",\"@id\":\"https:\\\/\\\/www.ohis.be\\\/de\\\/produit\\\/anschlagwirbel-mit-dreh-und-schwenkfunktion-aus-edelstahl-mit-innengewinde-ss-fe-dsr\\\/#breadcrumb\",\"itemListElement\":[{\"@type\":\"ListItem\",\"position\":1,\"name\":\"Accueil\",\"item\":\"https:\\\/\\\/www.ohis.be\\\/de\\\/\"},{\"@type\":\"ListItem\",\"position\":2,\"name\":\"Produkte\",\"item\":\"https:\\\/\\\/www.ohis.be\\\/de\\\/produkte\\\/\"},{\"@type\":\"ListItem\",\"position\":3,\"name\":\"Anschlagwirbel mit Dreh- und Schwenkfunktion aus Edelstahl mit Innengewinde &#8211; SS.FE.DSR\"}]},{\"@type\":\"WebSite\",\"@id\":\"https:\\\/\\\/www.ohis.be\\\/de\\\/#website\",\"url\":\"https:\\\/\\\/www.ohis.be\\\/de\\\/\",\"name\":\"Ohis\",\"description\":\"Outils de levage\",\"publisher\":{\"@id\":\"https:\\\/\\\/www.ohis.be\\\/de\\\/#organization\"},\"potentialAction\":[{\"@type\":\"SearchAction\",\"target\":{\"@type\":\"EntryPoint\",\"urlTemplate\":\"https:\\\/\\\/www.ohis.be\\\/de\\\/?s={search_term_string}\"},\"query-input\":{\"@type\":\"PropertyValueSpecification\",\"valueRequired\":true,\"valueName\":\"search_term_string\"}}],\"inLanguage\":\"de\"},{\"@type\":\"Organization\",\"@id\":\"https:\\\/\\\/www.ohis.be\\\/de\\\/#organization\",\"name\":\"Ohis\",\"url\":\"https:\\\/\\\/www.ohis.be\\\/de\\\/\",\"logo\":{\"@type\":\"ImageObject\",\"inLanguage\":\"de\",\"@id\":\"https:\\\/\\\/www.ohis.be\\\/de\\\/#\\\/schema\\\/logo\\\/image\\\/\",\"url\":\"https:\\\/\\\/www.ohis.be\\\/wp-content\\\/uploads\\\/2021\\\/02\\\/logo-ohis-wit.svg\",\"contentUrl\":\"https:\\\/\\\/www.ohis.be\\\/wp-content\\\/uploads\\\/2021\\\/02\\\/logo-ohis-wit.svg\",\"caption\":\"Ohis\"},\"image\":{\"@id\":\"https:\\\/\\\/www.ohis.be\\\/de\\\/#\\\/schema\\\/logo\\\/image\\\/\"}}]}<\/script>\n<!-- \/ Yoast SEO plugin. -->","yoast_head_json":{"title":"Anschlagwirbel mit Dreh- und Schwenkfunktion aus Edelstahl mit Innengewinde - SS.FE.DSR - Ohis","robots":{"index":"index","follow":"follow","max-snippet":"max-snippet:-1","max-image-preview":"max-image-preview:large","max-video-preview":"max-video-preview:-1"},"canonical":"https:\/\/www.ohis.be\/de\/produit\/anschlagwirbel-mit-dreh-und-schwenkfunktion-aus-edelstahl-mit-innengewinde-ss-fe-dsr\/","og_locale":"de_DE","og_type":"article","og_title":"Anschlagwirbel mit Dreh- und Schwenkfunktion aus Edelstahl mit Innengewinde - SS.FE.DSR - Ohis","og_description":"Der SS.FE.DSR ist ein dreh- und schwenkbarer Anschlagwirbel aus Edelstahl mit Innengewinde. Er ist zum Heben und Drehen von Lasten geeignet. Seine Dreh- und Schwenkfunktion erm\u00f6glicht eine perfekte Ausrichtung in die Zugrichtung. ie besteht aus Edelstahl, welches optimale Korrosionsbest\u00e4ndigkeit gew\u00e4hrleistet. Dies gew\u00e4hrleistet optimale Langlebigkeit und erm\u00f6glicht die Verwendung in feuchten, chemischen, maritimen, Umgebungen, usw. Der Anschlagwirbel ist um 180\u00b0 schwenkbar und um 360\u00b0 drehbar. Er ist f\u00fcr jede Art von Hebevorgang (gerader Zug, mit Hebewinkel, Kippen, Drehen) geeignet.  Der SS.FE.DSR ist mit einem Schraubenkopfschutz versehen und f\u00fcr Hebewinkel von 0\u00b0 bis 90\u00b0 zugelassen. Er ist f\u00fcr einen Temperaturbereich zwischen -20\u00b0c und +200\u00b0c geeignet und mit verschiedenen Kennzeichnungen versehen, darunter die CE-Kennzeichnung, die Tragf\u00e4higkeit und das Anzugsdrehmoment. Er wurde unter Einhaltung der REACH-Verordnung hergestellt und ist auch mit Au\u00dfengewinde und in Stahl erh\u00e4ltlich.  &nbsp;   Sicherheitsfaktor 4:1 et 5:1  Drehbar unter Last  360\u00b0 drehbar - 180\u00b0 schwenkbar  Edelstahl 316L  Entspricht der Maschinenrichtlinie2006\/42\/CE  Hergestellt nachEN 1677-1  Individueller R\u00fcckverfolgbarkeitscode","og_url":"https:\/\/www.ohis.be\/de\/produit\/anschlagwirbel-mit-dreh-und-schwenkfunktion-aus-edelstahl-mit-innengewinde-ss-fe-dsr\/","og_site_name":"Ohis","og_image":[{"width":236,"height":309,"url":"https:\/\/www.ohis.be\/wp-content\/uploads\/2024\/03\/q_anneau-double-inox-femelle.jpg","type":"image\/jpeg"}],"twitter_card":"summary_large_image","twitter_misc":{"Gesch\u00e4tzte Lesezeit":"1\u00a0Minute"},"schema":{"@context":"https:\/\/schema.org","@graph":[{"@type":"WebPage","@id":"https:\/\/www.ohis.be\/de\/produit\/anschlagwirbel-mit-dreh-und-schwenkfunktion-aus-edelstahl-mit-innengewinde-ss-fe-dsr\/","url":"https:\/\/www.ohis.be\/de\/produit\/anschlagwirbel-mit-dreh-und-schwenkfunktion-aus-edelstahl-mit-innengewinde-ss-fe-dsr\/","name":"Anschlagwirbel mit Dreh- und Schwenkfunktion aus Edelstahl mit Innengewinde - SS.FE.DSR - Ohis","isPartOf":{"@id":"https:\/\/www.ohis.be\/de\/#website"},"primaryImageOfPage":{"@id":"https:\/\/www.ohis.be\/de\/produit\/anschlagwirbel-mit-dreh-und-schwenkfunktion-aus-edelstahl-mit-innengewinde-ss-fe-dsr\/#primaryimage"},"image":{"@id":"https:\/\/www.ohis.be\/de\/produit\/anschlagwirbel-mit-dreh-und-schwenkfunktion-aus-edelstahl-mit-innengewinde-ss-fe-dsr\/#primaryimage"},"thumbnailUrl":"https:\/\/www.ohis.be\/wp-content\/uploads\/2024\/03\/q_anneau-double-inox-femelle.jpg","datePublished":"2024-03-20T09:27:42+00:00","breadcrumb":{"@id":"https:\/\/www.ohis.be\/de\/produit\/anschlagwirbel-mit-dreh-und-schwenkfunktion-aus-edelstahl-mit-innengewinde-ss-fe-dsr\/#breadcrumb"},"inLanguage":"de","potentialAction":[{"@type":"ReadAction","target":["https:\/\/www.ohis.be\/de\/produit\/anschlagwirbel-mit-dreh-und-schwenkfunktion-aus-edelstahl-mit-innengewinde-ss-fe-dsr\/"]}]},{"@type":"ImageObject","inLanguage":"de","@id":"https:\/\/www.ohis.be\/de\/produit\/anschlagwirbel-mit-dreh-und-schwenkfunktion-aus-edelstahl-mit-innengewinde-ss-fe-dsr\/#primaryimage","url":"https:\/\/www.ohis.be\/wp-content\/uploads\/2024\/03\/q_anneau-double-inox-femelle.jpg","contentUrl":"https:\/\/www.ohis.be\/wp-content\/uploads\/2024\/03\/q_anneau-double-inox-femelle.jpg","width":236,"height":309,"caption":"anneau-double-inox-femelle"},{"@type":"BreadcrumbList","@id":"https:\/\/www.ohis.be\/de\/produit\/anschlagwirbel-mit-dreh-und-schwenkfunktion-aus-edelstahl-mit-innengewinde-ss-fe-dsr\/#breadcrumb","itemListElement":[{"@type":"ListItem","position":1,"name":"Accueil","item":"https:\/\/www.ohis.be\/de\/"},{"@type":"ListItem","position":2,"name":"Produkte","item":"https:\/\/www.ohis.be\/de\/produkte\/"},{"@type":"ListItem","position":3,"name":"Anschlagwirbel mit Dreh- und Schwenkfunktion aus Edelstahl mit Innengewinde &#8211; SS.FE.DSR"}]},{"@type":"WebSite","@id":"https:\/\/www.ohis.be\/de\/#website","url":"https:\/\/www.ohis.be\/de\/","name":"Ohis","description":"Outils de levage","publisher":{"@id":"https:\/\/www.ohis.be\/de\/#organization"},"potentialAction":[{"@type":"SearchAction","target":{"@type":"EntryPoint","urlTemplate":"https:\/\/www.ohis.be\/de\/?s={search_term_string}"},"query-input":{"@type":"PropertyValueSpecification","valueRequired":true,"valueName":"search_term_string"}}],"inLanguage":"de"},{"@type":"Organization","@id":"https:\/\/www.ohis.be\/de\/#organization","name":"Ohis","url":"https:\/\/www.ohis.be\/de\/","logo":{"@type":"ImageObject","inLanguage":"de","@id":"https:\/\/www.ohis.be\/de\/#\/schema\/logo\/image\/","url":"https:\/\/www.ohis.be\/wp-content\/uploads\/2021\/02\/logo-ohis-wit.svg","contentUrl":"https:\/\/www.ohis.be\/wp-content\/uploads\/2021\/02\/logo-ohis-wit.svg","caption":"Ohis"},"image":{"@id":"https:\/\/www.ohis.be\/de\/#\/schema\/logo\/image\/"}}]}},"_links":{"self":[{"href":"https:\/\/www.ohis.be\/de\/wp-json\/wp\/v2\/product\/47743","targetHints":{"allow":["GET"]}}],"collection":[{"href":"https:\/\/www.ohis.be\/de\/wp-json\/wp\/v2\/product"}],"about":[{"href":"https:\/\/www.ohis.be\/de\/wp-json\/wp\/v2\/types\/product"}],"wp:featuredmedia":[{"embeddable":true,"href":"https:\/\/www.ohis.be\/de\/wp-json\/wp\/v2\/media\/47271"}],"wp:attachment":[{"href":"https:\/\/www.ohis.be\/de\/wp-json\/wp\/v2\/media?parent=47743"}],"wp:term":[{"taxonomy":"product_brand","embeddable":true,"href":"https:\/\/www.ohis.be\/de\/wp-json\/wp\/v2\/product_brand?post=47743"},{"taxonomy":"product_cat","embeddable":true,"href":"https:\/\/www.ohis.be\/de\/wp-json\/wp\/v2\/product_cat?post=47743"},{"taxonomy":"product_tag","embeddable":true,"href":"https:\/\/www.ohis.be\/de\/wp-json\/wp\/v2\/product_tag?post=47743"}],"curies":[{"name":"wp","href":"https:\/\/api.w.org\/{rel}","templated":true}]}}