{"id":47108,"date":"2024-03-12T15:44:17","date_gmt":"2024-03-12T14:44:17","guid":{"rendered":"https:\/\/www.ohis.be\/produit\/s-hacken-mit-schmiedefalle\/"},"modified":"2024-03-12T15:44:17","modified_gmt":"2024-03-12T14:44:17","slug":"s-hacken-mit-schmiedefalle","status":"publish","type":"product","link":"https:\/\/www.ohis.be\/de\/produit\/s-hacken-mit-schmiedefalle\/","title":{"rendered":"S-Hacken mit Schmiedefalle"},"content":{"rendered":"<p>Der S-Haken mit Schmiedefalle besteht aus geh\u00e4rtetem Stahl der G\u00fcteklasse 8 und bietet einen Sicherheitsfaktor von 4. Die Schmiedefalle verhindert das unbeabsichtigte Aush\u00e4ngen der Last oder der Anschlagmittel. Die S-Haken verf\u00fcgen \u00fcber zwei Schmiedefallen und k\u00f6nnen als Alternative zu Sch\u00e4keln genutzt werden.<\/p>\n<p>Diese Haken sind in 16 verschiedenen Modellen mit einer WLL von 0,05 bis 12,5 Tonnen erh\u00e4ltlich. Die Haken mit Schmiedefalle eignen sich vor allem zum Bef\u00f6rdern von Teilen in Lackier- bzw. Strahlkabinen oder als Anschlagmittelzubeh\u00f6r f\u00fcr Anschlagketten, Anschlagseile oder diverse andere Teile.<\/p>\n<p>Der Haken ist einzeln verpackt und wird innerhalb kurzer Zeit mit einer CE-Erkl\u00e4rung fristgerecht geliefert. Er verf\u00fcgt \u00fcber eine gut sichtbare Kennzeichnung, die die R\u00fcckverfolgbarkeit der WLL erm\u00f6glicht.<\/p>\n<p>&nbsp;<\/p>\n<p>&nbsp;<\/p>\n<p>&#8211; Leicht zu handhaben, stabil und verschlei\u00dffest.<br \/>\n&#8211; Ideal f\u00fcr die Bereiche Industrielackierung oder Industriemontage<\/p>\n","protected":false},"excerpt":{"rendered":"<p>Der S-Haken mit Schmiedefalle besteht aus geh\u00e4rtetem Stahl der G\u00fcteklasse 8 und bietet einen Sicherheitsfaktor von 4. Die Schmiedefalle verhindert das unbeabsichtigte Aush\u00e4ngen der Last oder der Anschlagmittel. Die S-Haken verf\u00fcgen \u00fcber zwei Schmiedefallen und k\u00f6nnen als Alternative zu Sch\u00e4keln genutzt werden.<\/p>\n<p>Diese Haken sind in 16 verschiedenen Modellen mit einer WLL von 0,05 bis 12,5 Tonnen erh\u00e4ltlich. Die Haken mit Schmiedefalle eignen sich vor allem zum Bef\u00f6rdern von Teilen in Lackier- bzw. Strahlkabinen oder als Anschlagmittelzubeh\u00f6r f\u00fcr Anschlagketten, Anschlagseile oder diverse andere Teile.<\/p>\n<p>Der Haken ist einzeln verpackt und wird innerhalb kurzer Zeit mit einer CE-Erkl\u00e4rung fristgerecht geliefert. Er verf\u00fcgt \u00fcber eine gut sichtbare Kennzeichnung, die die R\u00fcckverfolgbarkeit der WLL erm\u00f6glicht.<\/p>\n<p>&nbsp;<\/p>\n<p>&nbsp;<\/p>\n<p>&#8211; Leicht zu handhaben, stabil und verschlei\u00dffest.<br \/>\n&#8211; Ideal f\u00fcr die Bereiche Industrielackierung oder Industriemontage<\/p>\n","protected":false},"featured_media":46724,"template":"","meta":{"_acf_changed":false,"inline_featured_image":false},"product_brand":[],"product_cat":[156,464],"product_tag":[],"class_list":{"0":"post-47108","1":"product","2":"type-product","3":"status-publish","4":"has-post-thumbnail","6":"product_cat-general-de","7":"product_cat-hebehaken","8":"yith_product_brand-codipro-de","10":"first","11":"onbackorder","12":"taxable","13":"shipping-taxable","14":"purchasable","15":"product-type-variable"},"acf":[],"yoast_head":"<!-- This site is optimized with the Yoast SEO plugin v27.4 - https:\/\/yoast.com\/product\/yoast-seo-wordpress\/ -->\n<title>S-Hacken mit Schmiedefalle - Ohis<\/title>\n<meta name=\"robots\" content=\"index, follow, max-snippet:-1, max-image-preview:large, max-video-preview:-1\" \/>\n<link rel=\"canonical\" href=\"https:\/\/www.ohis.be\/de\/produit\/s-hacken-mit-schmiedefalle\/\" \/>\n<meta property=\"og:locale\" content=\"de_DE\" \/>\n<meta property=\"og:type\" content=\"article\" \/>\n<meta property=\"og:title\" content=\"S-Hacken mit Schmiedefalle - Ohis\" \/>\n<meta property=\"og:description\" content=\"Der S-Haken mit Schmiedefalle besteht aus geh\u00e4rtetem Stahl der G\u00fcteklasse 8 und bietet einen Sicherheitsfaktor von 4. Die Schmiedefalle verhindert das unbeabsichtigte Aush\u00e4ngen der Last oder der Anschlagmittel. Die S-Haken verf\u00fcgen \u00fcber zwei Schmiedefallen und k\u00f6nnen als Alternative zu Sch\u00e4keln genutzt werden.  Diese Haken sind in 16 verschiedenen Modellen mit einer WLL von 0,05 bis 12,5 Tonnen erh\u00e4ltlich. Die Haken mit Schmiedefalle eignen sich vor allem zum Bef\u00f6rdern von Teilen in Lackier- bzw. Strahlkabinen oder als Anschlagmittelzubeh\u00f6r f\u00fcr Anschlagketten, Anschlagseile oder diverse andere Teile.  Der Haken ist einzeln verpackt und wird innerhalb kurzer Zeit mit einer CE-Erkl\u00e4rung fristgerecht geliefert. Er verf\u00fcgt \u00fcber eine gut sichtbare Kennzeichnung, die die R\u00fcckverfolgbarkeit der WLL erm\u00f6glicht.  &nbsp;  &nbsp;  - Leicht zu handhaben, stabil und verschlei\u00dffest. - Ideal f\u00fcr die Bereiche Industrielackierung oder Industriemontage\" \/>\n<meta property=\"og:url\" content=\"https:\/\/www.ohis.be\/de\/produit\/s-hacken-mit-schmiedefalle\/\" \/>\n<meta property=\"og:site_name\" content=\"Ohis\" \/>\n<meta property=\"og:image\" content=\"https:\/\/www.ohis.be\/wp-content\/uploads\/2024\/03\/g_Crochet-en-S-avec-linguet.jpg\" \/>\n\t<meta property=\"og:image:width\" content=\"462\" \/>\n\t<meta property=\"og:image:height\" content=\"462\" \/>\n\t<meta property=\"og:image:type\" content=\"image\/jpeg\" \/>\n<meta name=\"twitter:card\" content=\"summary_large_image\" \/>\n<meta name=\"twitter:label1\" content=\"Gesch\u00e4tzte Lesezeit\" \/>\n\t<meta name=\"twitter:data1\" content=\"1\u00a0Minute\" \/>\n<script type=\"application\/ld+json\" class=\"yoast-schema-graph\">{\"@context\":\"https:\\\/\\\/schema.org\",\"@graph\":[{\"@type\":\"WebPage\",\"@id\":\"https:\\\/\\\/www.ohis.be\\\/de\\\/produit\\\/s-hacken-mit-schmiedefalle\\\/\",\"url\":\"https:\\\/\\\/www.ohis.be\\\/de\\\/produit\\\/s-hacken-mit-schmiedefalle\\\/\",\"name\":\"S-Hacken mit Schmiedefalle - Ohis\",\"isPartOf\":{\"@id\":\"https:\\\/\\\/www.ohis.be\\\/#website\"},\"primaryImageOfPage\":{\"@id\":\"https:\\\/\\\/www.ohis.be\\\/de\\\/produit\\\/s-hacken-mit-schmiedefalle\\\/#primaryimage\"},\"image\":{\"@id\":\"https:\\\/\\\/www.ohis.be\\\/de\\\/produit\\\/s-hacken-mit-schmiedefalle\\\/#primaryimage\"},\"thumbnailUrl\":\"https:\\\/\\\/www.ohis.be\\\/wp-content\\\/uploads\\\/2024\\\/03\\\/g_Crochet-en-S-avec-linguet.jpg\",\"datePublished\":\"2024-03-12T14:44:17+00:00\",\"breadcrumb\":{\"@id\":\"https:\\\/\\\/www.ohis.be\\\/de\\\/produit\\\/s-hacken-mit-schmiedefalle\\\/#breadcrumb\"},\"inLanguage\":\"de\",\"potentialAction\":[{\"@type\":\"ReadAction\",\"target\":[\"https:\\\/\\\/www.ohis.be\\\/de\\\/produit\\\/s-hacken-mit-schmiedefalle\\\/\"]}]},{\"@type\":\"ImageObject\",\"inLanguage\":\"de\",\"@id\":\"https:\\\/\\\/www.ohis.be\\\/de\\\/produit\\\/s-hacken-mit-schmiedefalle\\\/#primaryimage\",\"url\":\"https:\\\/\\\/www.ohis.be\\\/wp-content\\\/uploads\\\/2024\\\/03\\\/g_Crochet-en-S-avec-linguet.jpg\",\"contentUrl\":\"https:\\\/\\\/www.ohis.be\\\/wp-content\\\/uploads\\\/2024\\\/03\\\/g_Crochet-en-S-avec-linguet.jpg\",\"width\":462,\"height\":462,\"caption\":\"Crochet-en-S-avec-linguet\"},{\"@type\":\"BreadcrumbList\",\"@id\":\"https:\\\/\\\/www.ohis.be\\\/de\\\/produit\\\/s-hacken-mit-schmiedefalle\\\/#breadcrumb\",\"itemListElement\":[{\"@type\":\"ListItem\",\"position\":1,\"name\":\"Accueil\",\"item\":\"https:\\\/\\\/www.ohis.be\\\/de\\\/\"},{\"@type\":\"ListItem\",\"position\":2,\"name\":\"Produkte\",\"item\":\"https:\\\/\\\/www.ohis.be\\\/de\\\/produkte\\\/\"},{\"@type\":\"ListItem\",\"position\":3,\"name\":\"S-Hacken mit Schmiedefalle\"}]},{\"@type\":\"WebSite\",\"@id\":\"https:\\\/\\\/www.ohis.be\\\/#website\",\"url\":\"https:\\\/\\\/www.ohis.be\\\/\",\"name\":\"Ohis\",\"description\":\"Outils de levage\",\"publisher\":{\"@id\":\"https:\\\/\\\/www.ohis.be\\\/#organization\"},\"potentialAction\":[{\"@type\":\"SearchAction\",\"target\":{\"@type\":\"EntryPoint\",\"urlTemplate\":\"https:\\\/\\\/www.ohis.be\\\/?s={search_term_string}\"},\"query-input\":{\"@type\":\"PropertyValueSpecification\",\"valueRequired\":true,\"valueName\":\"search_term_string\"}}],\"inLanguage\":\"de\"},{\"@type\":\"Organization\",\"@id\":\"https:\\\/\\\/www.ohis.be\\\/#organization\",\"name\":\"Ohis\",\"url\":\"https:\\\/\\\/www.ohis.be\\\/\",\"logo\":{\"@type\":\"ImageObject\",\"inLanguage\":\"de\",\"@id\":\"https:\\\/\\\/www.ohis.be\\\/#\\\/schema\\\/logo\\\/image\\\/\",\"url\":\"https:\\\/\\\/www.ohis.be\\\/wp-content\\\/uploads\\\/2021\\\/02\\\/logo-ohis-wit.svg\",\"contentUrl\":\"https:\\\/\\\/www.ohis.be\\\/wp-content\\\/uploads\\\/2021\\\/02\\\/logo-ohis-wit.svg\",\"caption\":\"Ohis\"},\"image\":{\"@id\":\"https:\\\/\\\/www.ohis.be\\\/#\\\/schema\\\/logo\\\/image\\\/\"}}]}<\/script>\n<!-- \/ Yoast SEO plugin. -->","yoast_head_json":{"title":"S-Hacken mit Schmiedefalle - Ohis","robots":{"index":"index","follow":"follow","max-snippet":"max-snippet:-1","max-image-preview":"max-image-preview:large","max-video-preview":"max-video-preview:-1"},"canonical":"https:\/\/www.ohis.be\/de\/produit\/s-hacken-mit-schmiedefalle\/","og_locale":"de_DE","og_type":"article","og_title":"S-Hacken mit Schmiedefalle - Ohis","og_description":"Der S-Haken mit Schmiedefalle besteht aus geh\u00e4rtetem Stahl der G\u00fcteklasse 8 und bietet einen Sicherheitsfaktor von 4. Die Schmiedefalle verhindert das unbeabsichtigte Aush\u00e4ngen der Last oder der Anschlagmittel. Die S-Haken verf\u00fcgen \u00fcber zwei Schmiedefallen und k\u00f6nnen als Alternative zu Sch\u00e4keln genutzt werden.  Diese Haken sind in 16 verschiedenen Modellen mit einer WLL von 0,05 bis 12,5 Tonnen erh\u00e4ltlich. Die Haken mit Schmiedefalle eignen sich vor allem zum Bef\u00f6rdern von Teilen in Lackier- bzw. Strahlkabinen oder als Anschlagmittelzubeh\u00f6r f\u00fcr Anschlagketten, Anschlagseile oder diverse andere Teile.  Der Haken ist einzeln verpackt und wird innerhalb kurzer Zeit mit einer CE-Erkl\u00e4rung fristgerecht geliefert. Er verf\u00fcgt \u00fcber eine gut sichtbare Kennzeichnung, die die R\u00fcckverfolgbarkeit der WLL erm\u00f6glicht.  &nbsp;  &nbsp;  - Leicht zu handhaben, stabil und verschlei\u00dffest. - Ideal f\u00fcr die Bereiche Industrielackierung oder Industriemontage","og_url":"https:\/\/www.ohis.be\/de\/produit\/s-hacken-mit-schmiedefalle\/","og_site_name":"Ohis","og_image":[{"width":462,"height":462,"url":"https:\/\/www.ohis.be\/wp-content\/uploads\/2024\/03\/g_Crochet-en-S-avec-linguet.jpg","type":"image\/jpeg"}],"twitter_card":"summary_large_image","twitter_misc":{"Gesch\u00e4tzte Lesezeit":"1\u00a0Minute"},"schema":{"@context":"https:\/\/schema.org","@graph":[{"@type":"WebPage","@id":"https:\/\/www.ohis.be\/de\/produit\/s-hacken-mit-schmiedefalle\/","url":"https:\/\/www.ohis.be\/de\/produit\/s-hacken-mit-schmiedefalle\/","name":"S-Hacken mit Schmiedefalle - Ohis","isPartOf":{"@id":"https:\/\/www.ohis.be\/#website"},"primaryImageOfPage":{"@id":"https:\/\/www.ohis.be\/de\/produit\/s-hacken-mit-schmiedefalle\/#primaryimage"},"image":{"@id":"https:\/\/www.ohis.be\/de\/produit\/s-hacken-mit-schmiedefalle\/#primaryimage"},"thumbnailUrl":"https:\/\/www.ohis.be\/wp-content\/uploads\/2024\/03\/g_Crochet-en-S-avec-linguet.jpg","datePublished":"2024-03-12T14:44:17+00:00","breadcrumb":{"@id":"https:\/\/www.ohis.be\/de\/produit\/s-hacken-mit-schmiedefalle\/#breadcrumb"},"inLanguage":"de","potentialAction":[{"@type":"ReadAction","target":["https:\/\/www.ohis.be\/de\/produit\/s-hacken-mit-schmiedefalle\/"]}]},{"@type":"ImageObject","inLanguage":"de","@id":"https:\/\/www.ohis.be\/de\/produit\/s-hacken-mit-schmiedefalle\/#primaryimage","url":"https:\/\/www.ohis.be\/wp-content\/uploads\/2024\/03\/g_Crochet-en-S-avec-linguet.jpg","contentUrl":"https:\/\/www.ohis.be\/wp-content\/uploads\/2024\/03\/g_Crochet-en-S-avec-linguet.jpg","width":462,"height":462,"caption":"Crochet-en-S-avec-linguet"},{"@type":"BreadcrumbList","@id":"https:\/\/www.ohis.be\/de\/produit\/s-hacken-mit-schmiedefalle\/#breadcrumb","itemListElement":[{"@type":"ListItem","position":1,"name":"Accueil","item":"https:\/\/www.ohis.be\/de\/"},{"@type":"ListItem","position":2,"name":"Produkte","item":"https:\/\/www.ohis.be\/de\/produkte\/"},{"@type":"ListItem","position":3,"name":"S-Hacken mit Schmiedefalle"}]},{"@type":"WebSite","@id":"https:\/\/www.ohis.be\/#website","url":"https:\/\/www.ohis.be\/","name":"Ohis","description":"Outils de levage","publisher":{"@id":"https:\/\/www.ohis.be\/#organization"},"potentialAction":[{"@type":"SearchAction","target":{"@type":"EntryPoint","urlTemplate":"https:\/\/www.ohis.be\/?s={search_term_string}"},"query-input":{"@type":"PropertyValueSpecification","valueRequired":true,"valueName":"search_term_string"}}],"inLanguage":"de"},{"@type":"Organization","@id":"https:\/\/www.ohis.be\/#organization","name":"Ohis","url":"https:\/\/www.ohis.be\/","logo":{"@type":"ImageObject","inLanguage":"de","@id":"https:\/\/www.ohis.be\/#\/schema\/logo\/image\/","url":"https:\/\/www.ohis.be\/wp-content\/uploads\/2021\/02\/logo-ohis-wit.svg","contentUrl":"https:\/\/www.ohis.be\/wp-content\/uploads\/2021\/02\/logo-ohis-wit.svg","caption":"Ohis"},"image":{"@id":"https:\/\/www.ohis.be\/#\/schema\/logo\/image\/"}}]}},"_links":{"self":[{"href":"https:\/\/www.ohis.be\/de\/wp-json\/wp\/v2\/product\/47108","targetHints":{"allow":["GET"]}}],"collection":[{"href":"https:\/\/www.ohis.be\/de\/wp-json\/wp\/v2\/product"}],"about":[{"href":"https:\/\/www.ohis.be\/de\/wp-json\/wp\/v2\/types\/product"}],"wp:featuredmedia":[{"embeddable":true,"href":"https:\/\/www.ohis.be\/de\/wp-json\/wp\/v2\/media\/46724"}],"wp:attachment":[{"href":"https:\/\/www.ohis.be\/de\/wp-json\/wp\/v2\/media?parent=47108"}],"wp:term":[{"taxonomy":"product_brand","embeddable":true,"href":"https:\/\/www.ohis.be\/de\/wp-json\/wp\/v2\/product_brand?post=47108"},{"taxonomy":"product_cat","embeddable":true,"href":"https:\/\/www.ohis.be\/de\/wp-json\/wp\/v2\/product_cat?post=47108"},{"taxonomy":"product_tag","embeddable":true,"href":"https:\/\/www.ohis.be\/de\/wp-json\/wp\/v2\/product_tag?post=47108"}],"curies":[{"name":"wp","href":"https:\/\/api.w.org\/{rel}","templated":true}]}}