{"id":46915,"date":"2024-02-29T16:17:29","date_gmt":"2024-02-29T15:17:29","guid":{"rendered":"https:\/\/www.ohis.be\/produit\/j-hacken-mit-schmiedefalle-grosse-laenge\/"},"modified":"2024-02-29T16:17:29","modified_gmt":"2024-02-29T15:17:29","slug":"j-hacken-mit-schmiedefalle-grosse-laenge","status":"publish","type":"product","link":"https:\/\/www.ohis.be\/de\/produit\/j-hacken-mit-schmiedefalle-grosse-laenge\/","title":{"rendered":"J-Hacken mit Schmiedefalle &#8211; Gro\u00dfe L\u00e4nge"},"content":{"rendered":"<ul>\n<li>Einfache Handhabung, stabil und verschlei\u00dffest<\/li>\n<li>Ideal f\u00fcr die Lackierkabinen oder die Industriemontage<br \/>\ngeeignet<\/li>\n<\/ul>\n<table>\n<tbody>\n<tr>\n<td width=\"100\">WLL<\/p>\n<p>kg<\/td>\n<td width=\"80\">A<\/p>\n<p>mm<\/td>\n<td width=\"80\">B<\/p>\n<p>mm<\/td>\n<td width=\"80\">C<\/p>\n<p>mm<\/td>\n<td width=\"80\">D<\/p>\n<p>mm<\/td>\n<td width=\"80\">E<\/p>\n<p>mm<\/td>\n<td width=\"100\">Mass<\/p>\n<p>kg<\/td>\n<td width=\"100\">REF<\/td>\n<\/tr>\n<tr>\n<td width=\"100\">50<\/td>\n<td width=\"80\">6<\/td>\n<td width=\"80\">115<\/td>\n<td width=\"80\">23<\/td>\n<td width=\"80\">15<\/td>\n<td width=\"80\">28<\/td>\n<td width=\"100\">0,05<\/td>\n<td width=\"100\">1258A<\/td>\n<\/tr>\n<tr>\n<td width=\"100\">100<\/td>\n<td width=\"80\">8<\/td>\n<td width=\"80\">115<\/td>\n<td width=\"80\">23<\/td>\n<td width=\"80\">15<\/td>\n<td width=\"80\">28<\/td>\n<td width=\"100\">0,08<\/td>\n<td width=\"100\">1258B<\/td>\n<\/tr>\n<tr>\n<td width=\"100\">150<\/td>\n<td width=\"80\">10<\/td>\n<td width=\"80\">115<\/td>\n<td width=\"80\">19<\/td>\n<td width=\"80\">20<\/td>\n<td width=\"80\">28<\/td>\n<td width=\"100\">0,09<\/td>\n<td width=\"100\">1258C<\/td>\n<\/tr>\n<tr>\n<td width=\"100\">250<\/td>\n<td width=\"80\">12<\/td>\n<td width=\"80\">153<\/td>\n<td width=\"80\">31<\/td>\n<td width=\"80\">23<\/td>\n<td width=\"80\">38<\/td>\n<td width=\"100\">0,18<\/td>\n<td width=\"100\">1258D<\/td>\n<\/tr>\n<tr>\n<td width=\"100\">350<\/td>\n<td width=\"80\">14<\/td>\n<td width=\"80\">190<\/td>\n<td width=\"80\">42<\/td>\n<td width=\"80\">27<\/td>\n<td width=\"80\">50<\/td>\n<td width=\"100\">0,45<\/td>\n<td width=\"100\">1258E<\/td>\n<\/tr>\n<tr>\n<td width=\"100\">500<\/td>\n<td width=\"80\">16<\/td>\n<td width=\"80\">230<\/td>\n<td width=\"80\">55<\/td>\n<td width=\"80\">40<\/td>\n<td width=\"80\">63<\/td>\n<td width=\"100\">0,7<\/td>\n<td width=\"100\">1258F<\/td>\n<\/tr>\n<tr>\n<td width=\"100\">750<\/td>\n<td width=\"80\">20<\/td>\n<td width=\"80\">267<\/td>\n<td width=\"80\">68<\/td>\n<td width=\"80\">47<\/td>\n<td width=\"80\">76<\/td>\n<td width=\"100\">1,3<\/td>\n<td width=\"100\">1258G<\/td>\n<\/tr>\n<tr>\n<td width=\"100\">1 000<\/td>\n<td width=\"80\">22<\/td>\n<td width=\"80\">305<\/td>\n<td width=\"80\">81<\/td>\n<td width=\"80\">62<\/td>\n<td width=\"80\">88<\/td>\n<td width=\"100\">1,8<\/td>\n<td width=\"100\">1258H<\/td>\n<\/tr>\n<tr>\n<td width=\"100\">1 300<\/td>\n<td width=\"80\">26<\/td>\n<td width=\"80\">331<\/td>\n<td width=\"80\">91<\/td>\n<td width=\"80\">68<\/td>\n<td width=\"80\">100<\/td>\n<td width=\"100\">2,8<\/td>\n<td width=\"100\">1258J<\/td>\n<\/tr>\n<tr>\n<td width=\"100\">1 500<\/td>\n<td width=\"80\">28<\/td>\n<td width=\"80\">380<\/td>\n<td width=\"80\">105<\/td>\n<td width=\"80\">88<\/td>\n<td width=\"80\">115<\/td>\n<td width=\"100\">3,7<\/td>\n<td width=\"100\">1258K<\/td>\n<\/tr>\n<tr>\n<td width=\"100\">2 000<\/td>\n<td width=\"80\">32<\/td>\n<td width=\"80\">407<\/td>\n<td width=\"80\">117<\/td>\n<td width=\"80\">92<\/td>\n<td width=\"80\">127<\/td>\n<td width=\"100\">5,5<\/td>\n<td width=\"100\">1258L<\/td>\n<\/tr>\n<tr>\n<td width=\"100\">2 400<\/td>\n<td width=\"80\">36<\/td>\n<td width=\"80\">430<\/td>\n<td width=\"80\">130<\/td>\n<td width=\"80\">105<\/td>\n<td width=\"80\">140<\/td>\n<td width=\"100\">7<\/td>\n<td width=\"100\">1258M<\/td>\n<\/tr>\n<tr>\n<td width=\"100\">2 800<\/td>\n<td width=\"80\">38<\/td>\n<td width=\"80\">460<\/td>\n<td width=\"80\">140<\/td>\n<td width=\"80\">115<\/td>\n<td width=\"80\">150<\/td>\n<td width=\"100\">8,7<\/td>\n<td width=\"100\">1258N<\/td>\n<\/tr>\n<tr>\n<td width=\"100\">3 200<\/td>\n<td width=\"80\">40<\/td>\n<td width=\"80\">500<\/td>\n<td width=\"80\">149<\/td>\n<td width=\"80\">113<\/td>\n<td width=\"80\">160<\/td>\n<td width=\"100\">10<\/td>\n<td width=\"100\">1258O<\/td>\n<\/tr>\n<\/tbody>\n<\/table>\n","protected":false},"excerpt":{"rendered":"<ul>\n<li>Einfache Handhabung, stabil und verschlei\u00dffest<\/li>\n<li>Ideal f\u00fcr die Lackierkabinen oder die Industriemontage<br \/>\ngeeignet<\/li>\n<\/ul>\n<table>\n<tbody>\n<tr>\n<td width=\"100\">WLL<\/p>\n<p>kg<\/td>\n<td width=\"80\">A<\/p>\n<p>mm<\/td>\n<td width=\"80\">B<\/p>\n<p>mm<\/td>\n<td width=\"80\">C<\/p>\n<p>mm<\/td>\n<td width=\"80\">D<\/p>\n<p>mm<\/td>\n<td width=\"80\">E<\/p>\n<p>mm<\/td>\n<td width=\"100\">Mass<\/p>\n<p>kg<\/td>\n<td width=\"100\">REF<\/td>\n<\/tr>\n<tr>\n<td width=\"100\">50<\/td>\n<td width=\"80\">6<\/td>\n<td width=\"80\">115<\/td>\n<td width=\"80\">23<\/td>\n<td width=\"80\">15<\/td>\n<td width=\"80\">28<\/td>\n<td width=\"100\">0,05<\/td>\n<td width=\"100\">1258A<\/td>\n<\/tr>\n<tr>\n<td width=\"100\">100<\/td>\n<td width=\"80\">8<\/td>\n<td width=\"80\">115<\/td>\n<td width=\"80\">23<\/td>\n<td width=\"80\">15<\/td>\n<td width=\"80\">28<\/td>\n<td width=\"100\">0,08<\/td>\n<td width=\"100\">1258B<\/td>\n<\/tr>\n<tr>\n<td width=\"100\">150<\/td>\n<td width=\"80\">10<\/td>\n<td width=\"80\">115<\/td>\n<td width=\"80\">19<\/td>\n<td width=\"80\">20<\/td>\n<td width=\"80\">28<\/td>\n<td width=\"100\">0,09<\/td>\n<td width=\"100\">1258C<\/td>\n<\/tr>\n<tr>\n<td width=\"100\">250<\/td>\n<td width=\"80\">12<\/td>\n<td width=\"80\">153<\/td>\n<td width=\"80\">31<\/td>\n<td width=\"80\">23<\/td>\n<td width=\"80\">38<\/td>\n<td width=\"100\">0,18<\/td>\n<td width=\"100\">1258D<\/td>\n<\/tr>\n<tr>\n<td width=\"100\">350<\/td>\n<td width=\"80\">14<\/td>\n<td width=\"80\">190<\/td>\n<td width=\"80\">42<\/td>\n<td width=\"80\">27<\/td>\n<td width=\"80\">50<\/td>\n<td width=\"100\">0,45<\/td>\n<td width=\"100\">1258E<\/td>\n<\/tr>\n<tr>\n<td width=\"100\">500<\/td>\n<td width=\"80\">16<\/td>\n<td width=\"80\">230<\/td>\n<td width=\"80\">55<\/td>\n<td width=\"80\">40<\/td>\n<td width=\"80\">63<\/td>\n<td width=\"100\">0,7<\/td>\n<td width=\"100\">1258F<\/td>\n<\/tr>\n<tr>\n<td width=\"100\">750<\/td>\n<td width=\"80\">20<\/td>\n<td width=\"80\">267<\/td>\n<td width=\"80\">68<\/td>\n<td width=\"80\">47<\/td>\n<td width=\"80\">76<\/td>\n<td width=\"100\">1,3<\/td>\n<td width=\"100\">1258G<\/td>\n<\/tr>\n<tr>\n<td width=\"100\">1 000<\/td>\n<td width=\"80\">22<\/td>\n<td width=\"80\">305<\/td>\n<td width=\"80\">81<\/td>\n<td width=\"80\">62<\/td>\n<td width=\"80\">88<\/td>\n<td width=\"100\">1,8<\/td>\n<td width=\"100\">1258H<\/td>\n<\/tr>\n<tr>\n<td width=\"100\">1 300<\/td>\n<td width=\"80\">26<\/td>\n<td width=\"80\">331<\/td>\n<td width=\"80\">91<\/td>\n<td width=\"80\">68<\/td>\n<td width=\"80\">100<\/td>\n<td width=\"100\">2,8<\/td>\n<td width=\"100\">1258J<\/td>\n<\/tr>\n<tr>\n<td width=\"100\">1 500<\/td>\n<td width=\"80\">28<\/td>\n<td width=\"80\">380<\/td>\n<td width=\"80\">105<\/td>\n<td width=\"80\">88<\/td>\n<td width=\"80\">115<\/td>\n<td width=\"100\">3,7<\/td>\n<td width=\"100\">1258K<\/td>\n<\/tr>\n<tr>\n<td width=\"100\">2 000<\/td>\n<td width=\"80\">32<\/td>\n<td width=\"80\">407<\/td>\n<td width=\"80\">117<\/td>\n<td width=\"80\">92<\/td>\n<td width=\"80\">127<\/td>\n<td width=\"100\">5,5<\/td>\n<td width=\"100\">1258L<\/td>\n<\/tr>\n<tr>\n<td width=\"100\">2 400<\/td>\n<td width=\"80\">36<\/td>\n<td width=\"80\">430<\/td>\n<td width=\"80\">130<\/td>\n<td width=\"80\">105<\/td>\n<td width=\"80\">140<\/td>\n<td width=\"100\">7<\/td>\n<td width=\"100\">1258M<\/td>\n<\/tr>\n<tr>\n<td width=\"100\">2 800<\/td>\n<td width=\"80\">38<\/td>\n<td width=\"80\">460<\/td>\n<td width=\"80\">140<\/td>\n<td width=\"80\">115<\/td>\n<td width=\"80\">150<\/td>\n<td width=\"100\">8,7<\/td>\n<td width=\"100\">1258N<\/td>\n<\/tr>\n<tr>\n<td width=\"100\">3 200<\/td>\n<td width=\"80\">40<\/td>\n<td width=\"80\">500<\/td>\n<td width=\"80\">149<\/td>\n<td width=\"80\">113<\/td>\n<td width=\"80\">160<\/td>\n<td width=\"100\">10<\/td>\n<td width=\"100\">1258O<\/td>\n<\/tr>\n<\/tbody>\n<\/table>\n","protected":false},"featured_media":45766,"template":"","meta":{"_acf_changed":false,"inline_featured_image":false},"product_brand":[],"product_cat":[464],"product_tag":[],"class_list":{"0":"post-46915","1":"product","2":"type-product","3":"status-publish","4":"has-post-thumbnail","6":"product_cat-hebehaken","8":"first","9":"onbackorder","10":"taxable","11":"shipping-taxable","12":"purchasable","13":"product-type-variable"},"acf":[],"yoast_head":"<!-- This site is optimized with the Yoast SEO plugin v27.4 - https:\/\/yoast.com\/product\/yoast-seo-wordpress\/ -->\n<title>J-Hacken mit Schmiedefalle - Gro\u00dfe L\u00e4nge - Ohis<\/title>\n<meta name=\"robots\" content=\"index, follow, max-snippet:-1, max-image-preview:large, max-video-preview:-1\" \/>\n<link rel=\"canonical\" href=\"https:\/\/www.ohis.be\/de\/produit\/j-hacken-mit-schmiedefalle-grosse-laenge\/\" \/>\n<meta property=\"og:locale\" content=\"de_DE\" \/>\n<meta property=\"og:type\" content=\"article\" \/>\n<meta property=\"og:title\" content=\"J-Hacken mit Schmiedefalle - Gro\u00dfe L\u00e4nge - Ohis\" \/>\n<meta property=\"og:description\" content=\"Einfache Handhabung, stabil und verschlei\u00dffest  Ideal f\u00fcr die Lackierkabinen oder die Industriemontage geeignet     WLL  kg A  mm B  mm C  mm D  mm E  mm Mass  kg REF   50 6 115 23 15 28 0,05 1258A   100 8 115 23 15 28 0,08 1258B   150 10 115 19 20 28 0,09 1258C   250 12 153 31 23 38 0,18 1258D   350 14 190 42 27 50 0,45 1258E   500 16 230 55 40 63 0,7 1258F   750 20 267 68 47 76 1,3 1258G   1 000 22 305 81 62 88 1,8 1258H   1 300 26 331 91 68 100 2,8 1258J   1 500 28 380 105 88 115 3,7 1258K   2 000 32 407 117 92 127 5,5 1258L   2 400 36 430 130 105 140 7 1258M   2 800 38 460 140 115 150 8,7 1258N   3 200 40 500 149 113 160 10 1258O\" \/>\n<meta property=\"og:url\" content=\"https:\/\/www.ohis.be\/de\/produit\/j-hacken-mit-schmiedefalle-grosse-laenge\/\" \/>\n<meta property=\"og:site_name\" content=\"Ohis\" \/>\n<meta property=\"og:image\" content=\"https:\/\/www.ohis.be\/wp-content\/uploads\/2024\/02\/g_J_hook_with_latch.png\" \/>\n\t<meta property=\"og:image:width\" content=\"432\" \/>\n\t<meta property=\"og:image:height\" content=\"414\" \/>\n\t<meta property=\"og:image:type\" content=\"image\/png\" \/>\n<meta name=\"twitter:card\" content=\"summary_large_image\" \/>\n<script type=\"application\/ld+json\" class=\"yoast-schema-graph\">{\"@context\":\"https:\\\/\\\/schema.org\",\"@graph\":[{\"@type\":\"WebPage\",\"@id\":\"https:\\\/\\\/www.ohis.be\\\/de\\\/produit\\\/j-hacken-mit-schmiedefalle-grosse-laenge\\\/\",\"url\":\"https:\\\/\\\/www.ohis.be\\\/de\\\/produit\\\/j-hacken-mit-schmiedefalle-grosse-laenge\\\/\",\"name\":\"J-Hacken mit Schmiedefalle - Gro\u00dfe L\u00e4nge - Ohis\",\"isPartOf\":{\"@id\":\"https:\\\/\\\/www.ohis.be\\\/#website\"},\"primaryImageOfPage\":{\"@id\":\"https:\\\/\\\/www.ohis.be\\\/de\\\/produit\\\/j-hacken-mit-schmiedefalle-grosse-laenge\\\/#primaryimage\"},\"image\":{\"@id\":\"https:\\\/\\\/www.ohis.be\\\/de\\\/produit\\\/j-hacken-mit-schmiedefalle-grosse-laenge\\\/#primaryimage\"},\"thumbnailUrl\":\"https:\\\/\\\/www.ohis.be\\\/wp-content\\\/uploads\\\/2024\\\/02\\\/g_J_hook_with_latch.png\",\"datePublished\":\"2024-02-29T15:17:29+00:00\",\"breadcrumb\":{\"@id\":\"https:\\\/\\\/www.ohis.be\\\/de\\\/produit\\\/j-hacken-mit-schmiedefalle-grosse-laenge\\\/#breadcrumb\"},\"inLanguage\":\"de\",\"potentialAction\":[{\"@type\":\"ReadAction\",\"target\":[\"https:\\\/\\\/www.ohis.be\\\/de\\\/produit\\\/j-hacken-mit-schmiedefalle-grosse-laenge\\\/\"]}]},{\"@type\":\"ImageObject\",\"inLanguage\":\"de\",\"@id\":\"https:\\\/\\\/www.ohis.be\\\/de\\\/produit\\\/j-hacken-mit-schmiedefalle-grosse-laenge\\\/#primaryimage\",\"url\":\"https:\\\/\\\/www.ohis.be\\\/wp-content\\\/uploads\\\/2024\\\/02\\\/g_J_hook_with_latch.png\",\"contentUrl\":\"https:\\\/\\\/www.ohis.be\\\/wp-content\\\/uploads\\\/2024\\\/02\\\/g_J_hook_with_latch.png\",\"width\":432,\"height\":414,\"caption\":\"J-Hacken mit Schmiedefalle\"},{\"@type\":\"BreadcrumbList\",\"@id\":\"https:\\\/\\\/www.ohis.be\\\/de\\\/produit\\\/j-hacken-mit-schmiedefalle-grosse-laenge\\\/#breadcrumb\",\"itemListElement\":[{\"@type\":\"ListItem\",\"position\":1,\"name\":\"Accueil\",\"item\":\"https:\\\/\\\/www.ohis.be\\\/de\\\/\"},{\"@type\":\"ListItem\",\"position\":2,\"name\":\"Produkte\",\"item\":\"https:\\\/\\\/www.ohis.be\\\/de\\\/produkte\\\/\"},{\"@type\":\"ListItem\",\"position\":3,\"name\":\"J-Hacken mit Schmiedefalle &#8211; Gro\u00dfe L\u00e4nge\"}]},{\"@type\":\"WebSite\",\"@id\":\"https:\\\/\\\/www.ohis.be\\\/#website\",\"url\":\"https:\\\/\\\/www.ohis.be\\\/\",\"name\":\"Ohis\",\"description\":\"Outils de levage\",\"publisher\":{\"@id\":\"https:\\\/\\\/www.ohis.be\\\/#organization\"},\"potentialAction\":[{\"@type\":\"SearchAction\",\"target\":{\"@type\":\"EntryPoint\",\"urlTemplate\":\"https:\\\/\\\/www.ohis.be\\\/?s={search_term_string}\"},\"query-input\":{\"@type\":\"PropertyValueSpecification\",\"valueRequired\":true,\"valueName\":\"search_term_string\"}}],\"inLanguage\":\"de\"},{\"@type\":\"Organization\",\"@id\":\"https:\\\/\\\/www.ohis.be\\\/#organization\",\"name\":\"Ohis\",\"url\":\"https:\\\/\\\/www.ohis.be\\\/\",\"logo\":{\"@type\":\"ImageObject\",\"inLanguage\":\"de\",\"@id\":\"https:\\\/\\\/www.ohis.be\\\/#\\\/schema\\\/logo\\\/image\\\/\",\"url\":\"https:\\\/\\\/www.ohis.be\\\/wp-content\\\/uploads\\\/2021\\\/02\\\/logo-ohis-wit.svg\",\"contentUrl\":\"https:\\\/\\\/www.ohis.be\\\/wp-content\\\/uploads\\\/2021\\\/02\\\/logo-ohis-wit.svg\",\"caption\":\"Ohis\"},\"image\":{\"@id\":\"https:\\\/\\\/www.ohis.be\\\/#\\\/schema\\\/logo\\\/image\\\/\"}}]}<\/script>\n<!-- \/ Yoast SEO plugin. -->","yoast_head_json":{"title":"J-Hacken mit Schmiedefalle - Gro\u00dfe L\u00e4nge - Ohis","robots":{"index":"index","follow":"follow","max-snippet":"max-snippet:-1","max-image-preview":"max-image-preview:large","max-video-preview":"max-video-preview:-1"},"canonical":"https:\/\/www.ohis.be\/de\/produit\/j-hacken-mit-schmiedefalle-grosse-laenge\/","og_locale":"de_DE","og_type":"article","og_title":"J-Hacken mit Schmiedefalle - Gro\u00dfe L\u00e4nge - Ohis","og_description":"Einfache Handhabung, stabil und verschlei\u00dffest  Ideal f\u00fcr die Lackierkabinen oder die Industriemontage geeignet     WLL  kg A  mm B  mm C  mm D  mm E  mm Mass  kg REF   50 6 115 23 15 28 0,05 1258A   100 8 115 23 15 28 0,08 1258B   150 10 115 19 20 28 0,09 1258C   250 12 153 31 23 38 0,18 1258D   350 14 190 42 27 50 0,45 1258E   500 16 230 55 40 63 0,7 1258F   750 20 267 68 47 76 1,3 1258G   1 000 22 305 81 62 88 1,8 1258H   1 300 26 331 91 68 100 2,8 1258J   1 500 28 380 105 88 115 3,7 1258K   2 000 32 407 117 92 127 5,5 1258L   2 400 36 430 130 105 140 7 1258M   2 800 38 460 140 115 150 8,7 1258N   3 200 40 500 149 113 160 10 1258O","og_url":"https:\/\/www.ohis.be\/de\/produit\/j-hacken-mit-schmiedefalle-grosse-laenge\/","og_site_name":"Ohis","og_image":[{"width":432,"height":414,"url":"https:\/\/www.ohis.be\/wp-content\/uploads\/2024\/02\/g_J_hook_with_latch.png","type":"image\/png"}],"twitter_card":"summary_large_image","schema":{"@context":"https:\/\/schema.org","@graph":[{"@type":"WebPage","@id":"https:\/\/www.ohis.be\/de\/produit\/j-hacken-mit-schmiedefalle-grosse-laenge\/","url":"https:\/\/www.ohis.be\/de\/produit\/j-hacken-mit-schmiedefalle-grosse-laenge\/","name":"J-Hacken mit Schmiedefalle - Gro\u00dfe L\u00e4nge - Ohis","isPartOf":{"@id":"https:\/\/www.ohis.be\/#website"},"primaryImageOfPage":{"@id":"https:\/\/www.ohis.be\/de\/produit\/j-hacken-mit-schmiedefalle-grosse-laenge\/#primaryimage"},"image":{"@id":"https:\/\/www.ohis.be\/de\/produit\/j-hacken-mit-schmiedefalle-grosse-laenge\/#primaryimage"},"thumbnailUrl":"https:\/\/www.ohis.be\/wp-content\/uploads\/2024\/02\/g_J_hook_with_latch.png","datePublished":"2024-02-29T15:17:29+00:00","breadcrumb":{"@id":"https:\/\/www.ohis.be\/de\/produit\/j-hacken-mit-schmiedefalle-grosse-laenge\/#breadcrumb"},"inLanguage":"de","potentialAction":[{"@type":"ReadAction","target":["https:\/\/www.ohis.be\/de\/produit\/j-hacken-mit-schmiedefalle-grosse-laenge\/"]}]},{"@type":"ImageObject","inLanguage":"de","@id":"https:\/\/www.ohis.be\/de\/produit\/j-hacken-mit-schmiedefalle-grosse-laenge\/#primaryimage","url":"https:\/\/www.ohis.be\/wp-content\/uploads\/2024\/02\/g_J_hook_with_latch.png","contentUrl":"https:\/\/www.ohis.be\/wp-content\/uploads\/2024\/02\/g_J_hook_with_latch.png","width":432,"height":414,"caption":"J-Hacken mit Schmiedefalle"},{"@type":"BreadcrumbList","@id":"https:\/\/www.ohis.be\/de\/produit\/j-hacken-mit-schmiedefalle-grosse-laenge\/#breadcrumb","itemListElement":[{"@type":"ListItem","position":1,"name":"Accueil","item":"https:\/\/www.ohis.be\/de\/"},{"@type":"ListItem","position":2,"name":"Produkte","item":"https:\/\/www.ohis.be\/de\/produkte\/"},{"@type":"ListItem","position":3,"name":"J-Hacken mit Schmiedefalle &#8211; Gro\u00dfe L\u00e4nge"}]},{"@type":"WebSite","@id":"https:\/\/www.ohis.be\/#website","url":"https:\/\/www.ohis.be\/","name":"Ohis","description":"Outils de levage","publisher":{"@id":"https:\/\/www.ohis.be\/#organization"},"potentialAction":[{"@type":"SearchAction","target":{"@type":"EntryPoint","urlTemplate":"https:\/\/www.ohis.be\/?s={search_term_string}"},"query-input":{"@type":"PropertyValueSpecification","valueRequired":true,"valueName":"search_term_string"}}],"inLanguage":"de"},{"@type":"Organization","@id":"https:\/\/www.ohis.be\/#organization","name":"Ohis","url":"https:\/\/www.ohis.be\/","logo":{"@type":"ImageObject","inLanguage":"de","@id":"https:\/\/www.ohis.be\/#\/schema\/logo\/image\/","url":"https:\/\/www.ohis.be\/wp-content\/uploads\/2021\/02\/logo-ohis-wit.svg","contentUrl":"https:\/\/www.ohis.be\/wp-content\/uploads\/2021\/02\/logo-ohis-wit.svg","caption":"Ohis"},"image":{"@id":"https:\/\/www.ohis.be\/#\/schema\/logo\/image\/"}}]}},"_links":{"self":[{"href":"https:\/\/www.ohis.be\/de\/wp-json\/wp\/v2\/product\/46915","targetHints":{"allow":["GET"]}}],"collection":[{"href":"https:\/\/www.ohis.be\/de\/wp-json\/wp\/v2\/product"}],"about":[{"href":"https:\/\/www.ohis.be\/de\/wp-json\/wp\/v2\/types\/product"}],"wp:featuredmedia":[{"embeddable":true,"href":"https:\/\/www.ohis.be\/de\/wp-json\/wp\/v2\/media\/45766"}],"wp:attachment":[{"href":"https:\/\/www.ohis.be\/de\/wp-json\/wp\/v2\/media?parent=46915"}],"wp:term":[{"taxonomy":"product_brand","embeddable":true,"href":"https:\/\/www.ohis.be\/de\/wp-json\/wp\/v2\/product_brand?post=46915"},{"taxonomy":"product_cat","embeddable":true,"href":"https:\/\/www.ohis.be\/de\/wp-json\/wp\/v2\/product_cat?post=46915"},{"taxonomy":"product_tag","embeddable":true,"href":"https:\/\/www.ohis.be\/de\/wp-json\/wp\/v2\/product_tag?post=46915"}],"curies":[{"name":"wp","href":"https:\/\/api.w.org\/{rel}","templated":true}]}}